{"id":39244,"date":"2022-11-22T11:45:22","date_gmt":"2022-11-22T11:45:22","guid":{"rendered":"https:\/\/jackpotlotteryonline.com\/?page_id=39244"},"modified":"2023-01-03T08:55:07","modified_gmt":"2023-01-03T08:55:07","slug":"la-primitiva-2","status":"publish","type":"page","link":"https:\/\/jackpotlotteryonline.com\/pt-pt\/como-jogar\/la-primitiva-2\/","title":{"rendered":"jogar La Primitiva online"},"content":{"rendered":"<p>A lotaria espanhola \u00e9 uma das lotarias mais populares da Europa e atrai f\u00e3s da lotaria em todo o pa\u00eds. La Primitiva \u00e9 tamb\u00e9m uma das lotarias mais antigas do mundo. Foi criada em 1763 e h\u00e1 quase 260 anos que tem feito os adeptos da lotaria no pa\u00eds felizes. Antes, limitava-se apenas aos apostadores que viviam dentro dessa localiza\u00e7\u00e3o geogr\u00e1fica mas gra\u00e7as \u00e0 Internet, os apostadores de todo o mundo podem agora entrar nesta lotaria. Os jogos de loto dependem muito da sorte e este n\u00e3o \u00e9 excep\u00e7\u00e3o. Como tal, h\u00e1 tantas entradas em cada sorteio, com os apostadores a tentarem uma oportunidade de ganhar em grande.<\/p>\n<p>Se quiser obter <a href=\"https:\/\/jackpotlotteryonline.com\/pt-pt\/comprar-tickets\/la-primitiva\">bilhetes para as principais lotarias internacionais<\/a>, incluindo La Primitiva, visite agora jackptlotteryonline.com para come\u00e7ar.<\/p>\n<h2>Como jogar La Primitiva<\/h2>\n<p><img loading=\"lazy\" decoding=\"async\" class=\"alignright size-medium wp-image-28103\" src=\"https:\/\/jackpotlotteryonline.com\/wp-content\/uploads\/2022\/11\/1_lotto_jackpot_online-257x300.jpg\" alt=\"Reproduzir La Primitiva\" width=\"257\" height=\"300\" srcset=\"https:\/\/jackpotlotteryonline.com\/wp-content\/uploads\/2022\/11\/1_lotto_jackpot_online-257x300.jpg 257w, https:\/\/jackpotlotteryonline.com\/wp-content\/uploads\/2022\/11\/1_lotto_jackpot_online.jpg 321w\" sizes=\"auto, (max-width: 257px) 100vw, 257px\" \/><\/p>\n<p>Por muito divertido que a lotaria espanhola seja jogar, pode ser um pouco confuso para aqueles que s\u00e3o novos na lotaria. Parece haver um pouco mais de n\u00fameros do que alguns apostadores podem estar habituados e h\u00e1 outros conceitos que podem ser dif\u00edceis de compreender. Mas, uma vez que se consegue como jogar La Primitiva, torna-se realmente simples.<\/p>\n<p>A primeira coisa a compreender sobre como jogar esta lotaria \u00e9 o <strong>Reintegro<\/strong> e o <strong>Complementario<\/strong>. A Reintegro e o Complementario s\u00e3o essenciais para determinar o vencedor do jackpot. Se planeia ganhar o jackpot, ent\u00e3o \u00e9 essencial saber do que se trata e como funcionam.<\/p>\n<p>Basicamente, o Reintegro (reembolso traduzido em ingl\u00eas) \u00e9 um dos n\u00fameros b\u00f3nus utilizados na selec\u00e7\u00e3o dos vencedores do pr\u00e9mio. O Complementario (traduzido como Complementario em ingl\u00eas) \u00e9 o segundo n\u00famero de b\u00f3nus.<\/p>\n<p><strong>Para jogar La Primitiva, um jogador teria de escolher cinco n\u00fameros principais de 1 a 49 e o Reintegro de 0 a 9<\/strong>. Qualquer pessoa com um bilhete que corresponda aos n\u00fameros sorteados, ganha o jackpot.<\/p>\n<h2>Mas h\u00e1 mais no Reintegro<\/h2>\n<p>A Reintegro \u00e9 utilizada para seleccionar o vencedor do jackpot. Assim, para ganhar o jackpot \u00e9 necess\u00e1rio fazer corresponder os cinco n\u00fameros principais e o n\u00famero Reintegro.<\/p>\n<p>Al\u00e9m disso, o Reintegro \u00e9 utilizado para determinar outra categoria de pr\u00e9mios. Os apostadores que s\u00f3 coincidem com o n\u00famero Reintegro ganham de volta o pre\u00e7o do seu bilhete. \u00c9 por isso que se chama &#8220;o reembolso&#8221;.<\/p>\n<section class=\"layout\" style=\"border: solid 1px; width: 100%;\">\n<div class=\"img-div\" style=\"margin-top: 5px;\"><img decoding=\"async\" class=\"wp-image-17212 alignleft\" style=\"height: 45px; margin: 8px 8px 0px;\" src=\"https:\/\/jackpotlotteryonline.com\/wp-content\/uploads\/2022\/11\/read1.jpg\" alt=\"ler\" width=\"\" height=\"\" \/><\/div>\n<div style=\"padding-left: 5px;\">\n<div style=\"font-size: 1.1em;\">\n<p><strong>Qual \u00e9 o segredo do sucesso da lotaria?<\/strong><\/p>\n<p style=\"font-size: 0.85em; margin-top: -1.5em;\">Como jogar na lotaria com sucesso\u00a0 <a href=\"https:\/\/jackpotlotteryonline.com\/pt-pt\/o-que-e-o-segundo-sucesso-de-bilheteira\">leia mais<\/a><\/p>\n<\/div>\n<\/div>\n<\/section>\n<h2>E quanto ao Complementario?<\/h2>\n<p>O outro n\u00famero de b\u00f3nus n\u00e3o \u00e9 relevante para ganhar o jackpot, mas \u00e9 utilizado para determinar a categoria do pr\u00e9mio da Divis\u00e3o 2. Assim, um apostador que igualar os cinco n\u00fameros principais e o n\u00famero do Complementario ganhar\u00e1 um pr\u00e9mio.<\/p>\n<h2>Compreender como funciona o Joker<\/h2>\n<p>O Joker \u00e9 outro mist\u00e9rio se estiver a comprar bilhetes La Primitiva pela primeira vez porque parece criar uma categoria completamente diferente de pr\u00e9mios. Na verdade, cria uma categoria diferente de pr\u00e9mios.\u00a0 No entanto, \u00e9 opcional, e ao comprar o seu bilhete de lotaria, pode optar por incluir um Joker por um custo adicional.<\/p>\n<p>Onde o Joker \u00e9 mais como uma rifa do que uma lotaria, porque os apostadores n\u00e3o podem escolher os seus n\u00fameros. Sete n\u00fameros aleat\u00f3rios s\u00e3o anexados ao seu bilhete de lotaria se optar pelo Joker. Isso n\u00e3o anula o seu bilhete de lotaria, \u00e9 apenas uma inclus\u00e3o. O Joker d\u00e1 aos apostadores a possibilidade de ganhar at\u00e9 1 milh\u00e3o de euros. Tem sete categorias de pr\u00e9mios. Encontre-as abaixo:<\/p>\n<p>1\u00ba Pr\u00e9mio &#8211; 1.000.000 de euros<\/p>\n<p>2\u00ba Pr\u00e9mio &#8211; 10.000 euros<\/p>\n<p>3\u00ba Pr\u00e9mio &#8211; 1.000 euros<\/p>\n<p>4\u00ba Pr\u00e9mio &#8211; 300 euros<\/p>\n<p>5\u00ba Pr\u00e9mio &#8211; 50 euros<\/p>\n<p>6\u00ba Pr\u00e9mio &#8211; 5 euros<\/p>\n<p>7\u00ba Pr\u00e9mio &#8211; 5 euros<\/p>\n<h2>Ganhar o Joker<\/h2>\n<p>Se ganhar tanto a lotaria como o Joker, ter\u00e1 de escolher um, pois os apostadores n\u00e3o podem reclamar ambos os pr\u00e9mios num \u00fanico sorteio para um \u00fanico bilhete. No entanto, ser\u00e1 pago um pr\u00e9mio mais elevado.<\/p>\n<h2>Passos para jogar na lotaria online<\/h2>\n<p><img loading=\"lazy\" decoding=\"async\" class=\"alignright size-medium wp-image-33512\" src=\"https:\/\/jackpotlotteryonline.com\/wp-content\/uploads\/2022\/11\/2_ticket_la_primitiva2-210x300.jpg\" alt=\"Bilhete online La Primitiva\" width=\"210\" height=\"300\" srcset=\"https:\/\/jackpotlotteryonline.com\/wp-content\/uploads\/2022\/11\/2_ticket_la_primitiva2-210x300.jpg 210w, https:\/\/jackpotlotteryonline.com\/wp-content\/uploads\/2022\/11\/2_ticket_la_primitiva2.jpg 250w\" sizes=\"auto, (max-width: 210px) 100vw, 210px\" \/><\/p>\n<p>Adquirir bilhetes para a lotaria online \u00e9 um dos prazeres simples da vida, principalmente devido \u00e0 comodidade e \u00e0 utilidade de tudo. Pode obter o seu bilhete com apenas alguns golpes ou torneiras. Aqui est\u00e1 um guia passo-a-passo para o fazer neste site.<\/p>\n<p><strong>Passo 1:<\/strong> Visite o site que escolheu e procure a lotaria que deseja jogar. Damos aos f\u00e3s da lotaria acesso a uma grande variedade de lotarias internacionais, incluindo La Primitiva.<\/p>\n<p><strong>Etapa 2:<\/strong> Escolha os cinco n\u00fameros principais e os dois n\u00fameros b\u00f3nus. Se n\u00e3o tiver a certeza sobre os n\u00fameros que pretende utilizar, pode utilizar o gerador de n\u00fameros aleat\u00f3rios no site. Tamb\u00e9m pode escolher mais do que uma linha de n\u00fameros para aumentar as suas probabilidades de ganhar.<\/p>\n<p><strong>Passo 3:<\/strong> I<a href=\"https:\/\/jackpotlotteryonline.com\/pt-pt\/numeros-vencedores\/la-primitiva\">ntroduza os sorteios<\/a>. Note que se estiver a participar num \u00fanico sorteio, s\u00f3 o poder\u00e1 fazer na segunda-feira. Os outros sorteios s\u00e3o semanais e pode participar em todos eles, se quiser.<\/p>\n<p><strong>Etapa 4:<\/strong> Inscreva-se e pague. Quando chegar \u00e0 p\u00e1gina de pagamento, ser-lhe-\u00e1 pedido que se inscreva. Isto \u00e9 para que possa aceder facilmente ao seu bilhete a partir da sua conta e tamb\u00e9m para que possamos alert\u00e1-lo se ganhar algum pr\u00e9mio. S\u00f3 precisar\u00e1 de se inscrever uma \u00fanica vez e nas vezes seguintes, basta iniciar sess\u00e3o na sua conta.<\/p>\n<p>Isto \u00e9 tudo o que \u00e9 preciso para ter acesso \u00e0s principais lotarias internacionais a partir do conforto do seu computador, ou dispositivo m\u00f3vel!<\/p>\n<h2>Resultados do sorteio La Primitiva<\/h2>\n<p>Os dias de sorteio est\u00e3o cheios de excita\u00e7\u00e3o e muitos apostadores da lotaria esperam ansiosamente por eles. \u00c9 quando aqueles que entraram no sorteio conseguem saber se ganharam o jackpot. H\u00e1 outros pr\u00e9mios que os apostadores podem ganhar al\u00e9m do jackpot, e todos eles s\u00e3o revelados no dia do sorteio.<\/p>\n<p>A lotaria espanhola realiza tr\u00eas sorteios semanais na segunda, quinta, e s\u00e1bado. Isto significa que os apostadores t\u00eam tr\u00eas oportunidades todas as semanas para ganhar na lotaria. Se jogar La Primitive atrav\u00e9s da Internet, pode participar no pr\u00f3ximo sorteio ou participar automaticamente em todos os sorteios. Lembre-se que quanto mais sorteios participar, maiores ser\u00e3o as suas hip\u00f3teses de ganhar na lotaria.<\/p>\n<p>Quando os sorteios s\u00e3o anunciados, os apostadores podem ouvir os resultados do sorteio ao vivo. No entanto, se n\u00e3o tiver tempo para o fazer, pode voltar aqui para obter os resultados dos sorteios. N\u00e3o publicamos apenas os n\u00fameros que correspondem a todos os n\u00fameros sorteados, mas tamb\u00e9m publicamos os resultados para os outros n\u00edveis.<\/p>\n<h2>Sobre os pr\u00e9mios La Primitiva: o que se pode ganhar?<\/h2>\n<p>Para al\u00e9m do pr\u00e9mio principal, La Primitiva tem 5 outros n\u00edveis de pr\u00e9mios. Se estiver a incluir o jackpot, isso faz com que sejam 6 n\u00edveis no total. H\u00e1 mesmo um pr\u00e9mio para igualar apenas o n\u00famero Reintegro. Estes pr\u00e9mios podem n\u00e3o ser em milh\u00f5es, mas ascendem a v\u00e1rios milhares de euros. Portanto, vale definitivamente a pena verific\u00e1-los.<\/p>\n<p>\u00c9 importante compreender que n\u00e3o existe um pr\u00e9mio espec\u00edfico para os outros n\u00edveis, pois depende do n\u00famero de apostadores para esse sorteio. O jackpot \u00e9 o \u00fanico n\u00edvel de pr\u00e9mio que \u00e9 garantido. 40% do montante do jackpot \u00e9 atribu\u00eddo para os outros n\u00edveis de pr\u00e9mios e distribu\u00eddo aos vencedores nessas categorias.<\/p>\n<p>Mas, tamb\u00e9m se pode optar por jogar o Joker, o que aumenta substancialmente o potencial ganho. O Joker tem tamb\u00e9m sete outras categorias de pr\u00e9mios, separadas das categorias principais, dando aos apostadores La Primitiva ainda mais hip\u00f3teses de ganhar.<\/p>\n<h2>Categorias de Pr\u00e9mios<\/h2>\n<p>Jackpot &#8211; Combine 6 n\u00fameros principais + Reintegro<\/p>\n<p>Divis\u00e3o 1 &#8211; Combinar 6 n\u00fameros principais<\/p>\n<p>Divis\u00e3o 2 &#8211; Combine 5 n\u00fameros principais + N\u00famero de cortesia<\/p>\n<p>Divis\u00e3o 3 &#8211; Combinar 5 n\u00fameros principais<\/p>\n<p>Divis\u00e3o 4 &#8211; Combine 4 n\u00fameros principais<\/p>\n<p>Divis\u00e3o 5 &#8211; Combinar 3 n\u00fameros principais<\/p>\n<p>Reintegro &#8211; Combine apenas o n\u00famero Reintegro<\/p>\n<h2>Como retirar os seus ganhos<\/h2>\n<p>Os apostadores perguntam frequentemente como podem ter acesso aos seus ganhos se jogam na Internet. A resposta a isso depende realmente do site de lotaria que se utiliza. Alguns sites de lotaria n\u00e3o s\u00e3o muito bons a pagar aos vencedores, mas descobrir\u00e1 que esta \u00e9 a excep\u00e7\u00e3o, e n\u00e3o a regra. No entanto, \u00e9 sempre uma boa ideia permanecer seguro e ficar com um vendedor de lotaria de confian\u00e7a.<\/p>\n<p>Se jogar na lotaria connosco, ent\u00e3o poder\u00e1 facilmente retirar os seus ganhos. Concebemos o nosso sistema para proporcionar a m\u00e1xima facilidade de utiliza\u00e7\u00e3o e stress zero. Com m\u00faltiplas op\u00e7\u00f5es de levantamento, fornecemos um m\u00e9todo seguro para que possa ter acesso aos seus ganhos.<\/p>\n<p>Se o seu pr\u00e9mio for superior a um determinado montante (como se ganhar o jackpot), ter\u00e1 de se identificar perante a empresa lot\u00e9rica. Mas n\u00e3o se preocupe, fornecer-lhe-emos um formul\u00e1rio para preencher e uma vez que o tenha feito, processaremos as reclama\u00e7\u00f5es por si.<\/p>\n<h2>Jogue connosco para ter uma oportunidade de ganhar em grande<\/h2>\n<p>Onde os seus bilhetes s\u00e3o muito importantes e no nosso site, fizemos o nosso melhor para criar um lugar seguro para apostadores em todo o mundo. Com uma grande variedade de lotarias internacionais, pode escolher entre qualquer jogo, incluindo La Primitiva. Os pr\u00e9mios do jackpot s\u00e3o grandes, mas lembre-se que a maioria dos jogos de lotaria t\u00eam v\u00e1rios n\u00edveis de pr\u00e9mios, com algumas quantias muito generosas.<\/p>\n<p>Se estiver pronto para uma oportunidade de ganhar em grande com La Primitiva, visite-nos agora e obtenha os seus bilhetes. Com tr\u00eas sorteios semanais, a lotaria espanhola d\u00e1 aos apostadores v\u00e1rias hip\u00f3teses de ganhar o jackpot todas as semanas. No jackpotlotteryonline.com h\u00e1 sempre um sorteio em que pode participar e nunca se sabe se hoje \u00e9 o dia em que vai ganhar em grande.<\/p>\n","protected":false},"excerpt":{"rendered":"<p>A lotaria espanhola \u00e9 uma das lotarias mais populares da Europa e atrai f\u00e3s da lotaria em todo o pa\u00eds. La Primitiva \u00e9 tamb\u00e9m uma das lotarias mais antigas do mundo. Foi criada em 1763 e h\u00e1 quase 260 anos que tem feito os adeptos da lotaria no pa\u00eds felizes. Antes, limitava-se apenas aos apostadores [&hellip;]<\/p>\n","protected":false},"author":1,"featured_media":0,"parent":35712,"menu_order":7,"comment_status":"closed","ping_status":"closed","template":"la-primitiva.php","meta":{"_et_pb_use_builder":"","_et_pb_old_content":"","_et_gb_content_width":"","exclude_from_search":false,"footnotes":""},"class_list":["post-39244","page","type-page","status-publish","hentry"],"yoast_head":"<!-- This site is optimized with the Yoast SEO plugin v23.3 - https:\/\/yoast.com\/wordpress\/plugins\/seo\/ -->\n<title>Jogue na lotaria online La Primitiva espanhola de qualquer pa\u00eds<\/title>\n<meta name=\"description\" content=\"Como jogar La Primitiva e ganhar em grande em qualquer parte do mundo. Saiba os passos para jogar na lotaria online e os pr\u00e9mios a serem ganhos.\" \/>\n<meta name=\"robots\" content=\"index, follow, max-snippet:-1, max-image-preview:large, max-video-preview:-1\" \/>\n<link rel=\"canonical\" href=\"https:\/\/jackpotlotteryonline.com\/pt-pt\/como-jogar\/la-primitiva-2\/\" \/>\n<meta property=\"og:locale\" content=\"pt_PT\" \/>\n<meta property=\"og:type\" content=\"article\" \/>\n<meta property=\"og:title\" content=\"Jogue na lotaria online La Primitiva espanhola de qualquer pa\u00eds\" \/>\n<meta property=\"og:description\" content=\"Como jogar La Primitiva e ganhar em grande em qualquer parte do mundo. Saiba os passos para jogar na lotaria online e os pr\u00e9mios a serem ganhos.\" \/>\n<meta property=\"og:url\" content=\"https:\/\/jackpotlotteryonline.com\/pt-pt\/como-jogar\/la-primitiva-2\/\" \/>\n<meta property=\"og:site_name\" content=\"Lotto Online - Crack The International Lottery Jackpots\" \/>\n<meta property=\"article:modified_time\" content=\"2023-01-03T08:55:07+00:00\" \/>\n<meta property=\"og:image\" content=\"https:\/\/jackpotlotteryonline.com\/wp-content\/uploads\/2022\/11\/1_lotto_jackpot_online-257x300.jpg\" \/>\n<meta name=\"twitter:card\" content=\"summary_large_image\" \/>\n<meta name=\"twitter:label1\" content=\"Tempo estimado de leitura\" \/>\n\t<meta name=\"twitter:data1\" content=\"8 minutos\" \/>\n<!-- \/ Yoast SEO plugin. -->","yoast_head_json":{"title":"Jogue na lotaria online La Primitiva espanhola de qualquer pa\u00eds","description":"Como jogar La Primitiva e ganhar em grande em qualquer parte do mundo. Saiba os passos para jogar na lotaria online e os pr\u00e9mios a serem ganhos.","robots":{"index":"index","follow":"follow","max-snippet":"max-snippet:-1","max-image-preview":"max-image-preview:large","max-video-preview":"max-video-preview:-1"},"canonical":"https:\/\/jackpotlotteryonline.com\/pt-pt\/como-jogar\/la-primitiva-2\/","og_locale":"pt_PT","og_type":"article","og_title":"Jogue na lotaria online La Primitiva espanhola de qualquer pa\u00eds","og_description":"Como jogar La Primitiva e ganhar em grande em qualquer parte do mundo. Saiba os passos para jogar na lotaria online e os pr\u00e9mios a serem ganhos.","og_url":"https:\/\/jackpotlotteryonline.com\/pt-pt\/como-jogar\/la-primitiva-2\/","og_site_name":"Lotto Online - Crack The International Lottery Jackpots","article_modified_time":"2023-01-03T08:55:07+00:00","og_image":[{"url":"https:\/\/jackpotlotteryonline.com\/wp-content\/uploads\/2022\/11\/1_lotto_jackpot_online-257x300.jpg"}],"twitter_card":"summary_large_image","twitter_misc":{"Tempo estimado de leitura":"8 minutos"},"schema":{"@context":"https:\/\/schema.org","@graph":[{"@type":"WebPage","@id":"https:\/\/jackpotlotteryonline.com\/pt-pt\/como-jogar\/la-primitiva-2\/","url":"https:\/\/jackpotlotteryonline.com\/pt-pt\/como-jogar\/la-primitiva-2\/","name":"Jogue na lotaria online La Primitiva espanhola de qualquer pa\u00eds","isPartOf":{"@id":"https:\/\/jackpotlotteryonline.com\/#website"},"primaryImageOfPage":{"@id":"https:\/\/jackpotlotteryonline.com\/pt-pt\/como-jogar\/la-primitiva-2\/#primaryimage"},"image":{"@id":"https:\/\/jackpotlotteryonline.com\/pt-pt\/como-jogar\/la-primitiva-2\/#primaryimage"},"thumbnailUrl":"https:\/\/jackpotlotteryonline.com\/wp-content\/uploads\/2022\/11\/1_lotto_jackpot_online-257x300.jpg","datePublished":"2022-11-22T11:45:22+00:00","dateModified":"2023-01-03T08:55:07+00:00","description":"Como jogar La Primitiva e ganhar em grande em qualquer parte do mundo. Saiba os passos para jogar na lotaria online e os pr\u00e9mios a serem ganhos.","breadcrumb":{"@id":"https:\/\/jackpotlotteryonline.com\/pt-pt\/como-jogar\/la-primitiva-2\/#breadcrumb"},"inLanguage":"pt-PT","potentialAction":[{"@type":"ReadAction","target":["https:\/\/jackpotlotteryonline.com\/pt-pt\/como-jogar\/la-primitiva-2\/"]}]},{"@type":"ImageObject","inLanguage":"pt-PT","@id":"https:\/\/jackpotlotteryonline.com\/pt-pt\/como-jogar\/la-primitiva-2\/#primaryimage","url":"https:\/\/jackpotlotteryonline.com\/wp-content\/uploads\/2022\/11\/1_lotto_jackpot_online-257x300.jpg","contentUrl":"https:\/\/jackpotlotteryonline.com\/wp-content\/uploads\/2022\/11\/1_lotto_jackpot_online-257x300.jpg"},{"@type":"BreadcrumbList","@id":"https:\/\/jackpotlotteryonline.com\/pt-pt\/como-jogar\/la-primitiva-2\/#breadcrumb","itemListElement":[{"@type":"ListItem","position":1,"name":"Home","item":"https:\/\/jackpotlotteryonline.com\/pt-pt\/"},{"@type":"ListItem","position":2,"name":"Como jogar","item":"https:\/\/jackpotlotteryonline.com\/play-online\/"},{"@type":"ListItem","position":3,"name":"jogar La Primitiva online"}]},{"@type":"WebSite","@id":"https:\/\/jackpotlotteryonline.com\/#website","url":"https:\/\/jackpotlotteryonline.com\/","name":"Lotto Online - Crack The International Lottery Jackpots","description":"","potentialAction":[{"@type":"SearchAction","target":{"@type":"EntryPoint","urlTemplate":"https:\/\/jackpotlotteryonline.com\/?s={search_term_string}"},"query-input":"required name=search_term_string"}],"inLanguage":"pt-PT"}]}},"_links":{"self":[{"href":"https:\/\/jackpotlotteryonline.com\/pt-pt\/wp-json\/wp\/v2\/pages\/39244","targetHints":{"allow":["GET"]}}],"collection":[{"href":"https:\/\/jackpotlotteryonline.com\/pt-pt\/wp-json\/wp\/v2\/pages"}],"about":[{"href":"https:\/\/jackpotlotteryonline.com\/pt-pt\/wp-json\/wp\/v2\/types\/page"}],"author":[{"embeddable":true,"href":"https:\/\/jackpotlotteryonline.com\/pt-pt\/wp-json\/wp\/v2\/users\/1"}],"replies":[{"embeddable":true,"href":"https:\/\/jackpotlotteryonline.com\/pt-pt\/wp-json\/wp\/v2\/comments?post=39244"}],"version-history":[{"count":0,"href":"https:\/\/jackpotlotteryonline.com\/pt-pt\/wp-json\/wp\/v2\/pages\/39244\/revisions"}],"up":[{"embeddable":true,"href":"https:\/\/jackpotlotteryonline.com\/pt-pt\/wp-json\/wp\/v2\/pages\/35712"}],"wp:attachment":[{"href":"https:\/\/jackpotlotteryonline.com\/pt-pt\/wp-json\/wp\/v2\/media?parent=39244"}],"curies":[{"name":"wp","href":"https:\/\/api.w.org\/{rel}","templated":true}]}}