{"id":39325,"date":"2022-11-23T11:08:17","date_gmt":"2022-11-23T11:08:17","guid":{"rendered":"https:\/\/jackpotlotteryonline.com\/?page_id=39325"},"modified":"2024-07-07T09:57:56","modified_gmt":"2024-07-07T09:57:56","slug":"lotto-america","status":"publish","type":"page","link":"https:\/\/jackpotlotteryonline.com\/pt-pt\/como-jogar\/lotto-america\/","title":{"rendered":"Jogar Lotto America online"},"content":{"rendered":"<p>Quer aprender como apostar na Lotto America de qualquer parte do mundo? Os EUA t\u00eam algumas das maiores lotarias do mundo, como a Lotto America. Curiosamente, esta \u00e9 tamb\u00e9m uma lotaria que \u00e9 frequentemente ignorada em favor dos seus primos muito maiores, Powerball e Mega Millions. Contudo, h\u00e1 alguns apostadores experientes que sabem qu\u00e3o incr\u00edvel \u00e9 o jackpot mais as probabilidades de ganhar o jackpot s\u00e3o muito mais baixas do que a Powerball dos EUA, por exemplo. Portanto, se estiver \u00e0 procura de uma lotaria americana que lhe d\u00ea uma maior probabilidade de ganhar o jackpot do que outras lotarias, ent\u00e3o deve consultar a Lotto America.<\/p>\n<p>\u00c9 verdade que a Lotto Am\u00e9rica \u00e9 uma lotaria americana e, portanto, os bilhetes s\u00e3o vendidos nos EUA. Contudo, os apostadores podem comprar os seus bilhetes nesta lotaria usando um site como o jackpotlotteryonline.com. Partilharemos alguns detalhes sobre isso e tamb\u00e9m faremos o nosso melhor para responder a perguntas frequentes que t\u00eam sido feitas sobre a Lotto Am\u00e9rica.<\/p>\n<p>Continue a ler para aprender sobre a Lotto Am\u00e9rica e como navegar no seu caminho atrav\u00e9s do processo de compra de bilhetes e recolha dos seus ganhos.<\/p>\n<section class=\"layout\" style=\"border: solid 1px; width: 100%;\">\n<div class=\"img-div\" style=\"margin-top: 5px;\"><img decoding=\"async\" class=\"wp-image-17212 alignleft\" style=\"height: 45px; margin: 8px 8px 0px;\" src=\"http:\/\/jackpotlotteryonline.com\/wp-content\/uploads\/2022\/11\/read1.jpg\" alt=\"Leia \" width=\"\" height=\"\" \/><\/div>\n<div style=\"padding-left: 5px;\">\n<div style=\"font-size: 1.1em;\">\n<p><strong>Escolha os n\u00fameros vencedores da lotaria manualmente ou utilizando um RNG<\/strong><\/p>\n<p style=\"font-size: 0.85em; margin-top: -1.5em;\">Como gerar n\u00fameros vencedores da lotaria?\u00a0<a href=\"https:\/\/jackpotlotteryonline.com\/pt-pt\/como-gerar-numeros-vencedores-da-lotaria\"> leia mais<\/a><\/p>\n<\/div>\n<\/div>\n<\/section>\n<h2>Um pouco sobre a Lotto Am\u00e9rica<\/h2>\n<p><img loading=\"lazy\" decoding=\"async\" class=\"alignright size-full wp-image-29534\" src=\"http:\/\/jackpotlotteryonline.com\/wp-content\/uploads\/2022\/11\/1_results_lottery_online5.jpg\" alt=\"jogar lotaria on-line na Am\u00e9rica \" width=\"300\" height=\"200\" \/><\/p>\n<p>Em compara\u00e7\u00e3o com outras lotarias de todo o mundo, a Lotto America \u00e9 relativamente nova. Foi criada em 2017 e s\u00f3 funciona h\u00e1 5 anos e foi criada para substituir a Hot Lotto, que foi assolada por uma s\u00e9rie de esc\u00e2ndalos. N\u00e3o vamos aborrec\u00ea-lo com os detalhes, basta saber que nos seus 5 anos de funcionamento, a Lotto America tem estado livre de esc\u00e2ndalos.<\/p>\n<p>A Lotto America \u00e9 uma lotaria multiestados, o que significa que \u00e9 oferecida por v\u00e1rios estados da Am\u00e9rica. Os residentes desses estados podem facilmente comprar bilhetes para a Lotto America entrando em qualquer vendedor de lotaria em todo o estado. Mas, o que acontece quando se vive fora dos EUA?<\/p>\n<p>Para aqueles apostadores que vivem fora dos EUA e querem participar na Lotto Am\u00e9rica, existe uma solu\u00e7\u00e3o simples. A Internet tornou poss\u00edvel aos jogadores de todo o mundo participar em lotarias internacionais de topo ao fazer as suas apostas atrav\u00e9s de um vendedor de lotarias online. Abaixo, iremos partilhar dicas sobre como jogar na Lotto Am\u00e9rica online.<\/p>\n<h2>Jogar na Lotto Am\u00e9rica online<\/h2>\n<p>O primeiro passo para jogar na Lotto America on-line \u00e9 identificar um website que lhe permitir\u00e1 <a href=\"https:\/\/jackpotlotteryonline.com\/pt-pt\/comprar-tickets\/lotto-america\">comprar os bilhetes<\/a>. Isto parece um pouco \u00f3bvio, mas num minuto ver\u00e1 que n\u00e3o \u00e9 t\u00e3o simples como parece.<\/p>\n<p>A verdade \u00e9 que existem v\u00e1rios sites que afirmam oferecer aos jogadores uma oportunidade de entrar na Lotto Am\u00e9rica. Mas apenas oferecem oportunidades de apostar no resultado da lotaria. Se comprar bilhetes nesse site, n\u00e3o entrou realmente na Lotto Am\u00e9rica e mesmo que iguale todos os n\u00fameros sorteados, n\u00e3o ganhar\u00e1 o jackpot. Portanto, escolher o site que utiliza \u00e9 muito importante.<\/p>\n<p><strong>Depois de se ter decidido por um site, siga os passos abaixo:<\/strong><\/p>\n<ol>\n<li>Visite o site que deseja utilizar e clique em Lotto Am\u00e9rica<\/li>\n<li>Escolha 5 n\u00fameros de um intervalo de 1 a 52 (se n\u00e3o tiver a certeza dos n\u00fameros a utilizar, tente o gerador autom\u00e1tico de n\u00fameros)<\/li>\n<li>A seguir, escolha um n\u00famero de b\u00f3nus (a Bola Estrela) de 1 a 10<\/li>\n<li>Comprar linhas de n\u00famero adicionais para uma maior probabilidade de ganhar<\/li>\n<li><a href=\"https:\/\/jackpotlotteryonline.com\/pt-pt\/numeros-vencedores\/lotto-america\">Entrar nos sorteios<\/a> (pode entrar em mais do que um sorteio)<\/li>\n<li>Registe-se e pague pelas suas inscri\u00e7\u00f5es.<\/li>\n<\/ol>\n<h2>De que se trata o servi\u00e7o de assinatura?<\/h2>\n<p>Se estiver a utilizar um site como o nosso, existe aquilo a que chamamos um servi\u00e7o de assinatura para permitir a realiza\u00e7\u00e3o de apostas sem descontinuidades e sem stress. Embora seja perfeitamente correcto ser um jogador ocasional (se \u00e9 isso que prefere), a maioria dos apostadores joga frequentemente. A melhor maneira de ganhar na Lotto America \u00e9 apostar regularmente e \u00e9 disso que se trata neste servi\u00e7o.<\/p>\n<p>Pode configur\u00e1-lo de modo a ser automaticamente inscrito para futuros sorteios. O Lotto Am\u00e9rica tem 3 dias de sorteio por semana: Segundas, quartas e s\u00e1bados. Sejamos honestos, pode tornar-se um pouco cansativo tentar lembrar-se de comprar os bilhetes para cada sorteio, mas \u00e9 por isso que estamos aqui.<\/p>\n<p>Uma vez estabelecido o servi\u00e7o de assinatura, pode relaxar e saber que n\u00e3o ter\u00e1 de perder nenhum sorteio para a Lotto America.<\/p>\n<h2>Sobre os nossos servi\u00e7os de concierge<\/h2>\n<p>Mencion\u00e1mos os perigos da utiliza\u00e7\u00e3o de qualquer site na Internet para jogar na Lotto America. Mas como sabe que est\u00e1 a entrar na Lotto America quando joga no nosso site? Bem, \u00e9 simples. Oferecemos um servi\u00e7o que o ajuda a comprar o seu bilhete no pa\u00eds onde a lotaria \u00e9 jogada. Tamb\u00e9m facilitamos as suas reclama\u00e7\u00f5es quando ganha. Basicamente, pode pensar em n\u00f3s como um servi\u00e7o de concierge para os jogadores da lotaria.<\/p>\n<p>Quando se joga na Lotto America no nosso site, \u00e9 isto que acontece. Assim que escolher os seus n\u00fameros e fizer o pagamento, o nosso agente nos EUA comprar\u00e1 um bilhete f\u00edsico utilizando os seus n\u00fameros. Isto ser\u00e1 para o sorteio que tiver escolhido, claro. Esse bilhete \u00e9 ent\u00e3o digitalizado e carregado para a sua conta.<\/p>\n<p>Esta \u00e9 uma forma perfeitamente legal de jogar Lotto Am\u00e9rica a partir de qualquer parte do mundo. Al\u00e9m disso, assegura-lhe a sua participa\u00e7\u00e3o efectiva na lotaria da sua escolha.<\/p>\n<h2>Verifica\u00e7\u00e3o dos desenhos<\/h2>\n<p><img loading=\"lazy\" decoding=\"async\" class=\"alignright size-full wp-image-30506\" src=\"http:\/\/jackpotlotteryonline.com\/wp-content\/uploads\/2022\/11\/3_screen_buy_lotto_tickets_online.jpg\" alt=\"Desenhos do Lotto America\" width=\"300\" height=\"217\" \/><\/p>\n<p>O Lotto Am\u00e9rica tem tr\u00eas dias de sorteio por semana, segunda, quarta e s\u00e1bado. Durante os sorteios, o bilhete vencedor \u00e9 anunciado. Para ganhar o jackpot, o seu bilhete ter\u00e1 de corresponder aos seis n\u00fameros sorteados. Os pr\u00e9mios do jackpot da Lotto America come\u00e7am em $2 milh\u00f5es e podem rolar se n\u00e3o houver vencedor ap\u00f3s um sorteio.<\/p>\n<p>Porque rola ap\u00f3s cada sorteio (se n\u00e3o houver vencedor), pode chegar aos 18 milh\u00f5es de d\u00f3lares. Isso \u00e9 uma boa soma para ganhar, certo?<\/p>\n<p>Depois de cada sorteio, pode verificar no nosso site para saber se ganhou um pr\u00e9mio. A Lotto America tem 9 categorias de pr\u00e9mios diferentes e, se ganhar algum pr\u00e9mio, enviar-lhe-emos um e-mail de alerta.<\/p>\n<h2>Como reclamar os seus ganhos<\/h2>\n<p>Uma quest\u00e3o que ouvimos frequentemente dos apostadores \u00e9 como aceder aos seus ganhos quando entram na Lotto Am\u00e9rica online. Se comprar bilhetes para a Lotto Am\u00e9rica atrav\u00e9s do nosso site, oferecemos um m\u00e9todo simples e sem complica\u00e7\u00f5es para reclamar os seus ganhos. As vit\u00f3rias de 2500 euros ser\u00e3o creditadas na sua conta e depois poder\u00e1 retir\u00e1-las sem custos adicionais.<\/p>\n<p>Se ganhar uma soma mais significativa, o procedimento \u00e9 ligeiramente diferente. Fornecer-lhe-emos um formul\u00e1rio de reclama\u00e7\u00e3o para preencher e, assim que o fizer, processaremos a reclama\u00e7\u00e3o por si. A raz\u00e3o para tal \u00e9 que ter\u00e1 de se identificar. Al\u00e9m disso, algumas empresas lot\u00e9ricas poder\u00e3o precisar que compare\u00e7a pessoalmente para recolher somas maiores. Se isso acontecer, inform\u00e1-lo-emos imediatamente.<\/p>\n<h2>Compre bilhetes na Lotto America connosco<\/h2>\n<p>Pass\u00e1mos anos a aproveitar a tecnologia moderna e a vasta experi\u00eancia de minera\u00e7\u00e3o para proporcionar um lugar onde os apostadores podem comprar bilhetes em seguran\u00e7a. Pode facilmente comprar bilhetes para a Lotto America ou qualquer uma das lotarias internacionais que temos no nosso site.<\/p>\n<p>Porque n\u00e3o comprar-nos hoje o seu bilhete entrando na Lotto Am\u00e9rica? N\u00f3s tratamos dos detalhes para que possa fazer aquilo que mais gosta. Visite jackpotlotteryonline.com para mais informa\u00e7\u00f5es.<\/p>\n","protected":false},"excerpt":{"rendered":"<p>Quer aprender como apostar na Lotto America de qualquer parte do mundo? Os EUA t\u00eam algumas das maiores lotarias do mundo, como a Lotto America. Curiosamente, esta \u00e9 tamb\u00e9m uma lotaria que \u00e9 frequentemente ignorada em favor dos seus primos muito maiores, Powerball e Mega Millions. Contudo, h\u00e1 alguns apostadores experientes que sabem qu\u00e3o incr\u00edvel [&hellip;]<\/p>\n","protected":false},"author":1,"featured_media":0,"parent":35712,"menu_order":13,"comment_status":"closed","ping_status":"closed","template":"lotto-america.php","meta":{"_et_pb_use_builder":"","_et_pb_old_content":"","_et_gb_content_width":"","exclude_from_search":false,"footnotes":""},"class_list":["post-39325","page","type-page","status-publish","hentry"],"yoast_head":"<!-- This site is optimized with the Yoast SEO plugin v23.3 - https:\/\/yoast.com\/wordpress\/plugins\/seo\/ -->\n<title>Jogar Lotto America online<\/title>\n<meta name=\"robots\" content=\"index, follow, max-snippet:-1, max-image-preview:large, max-video-preview:-1\" \/>\n<link rel=\"canonical\" href=\"https:\/\/jackpotlotteryonline.com\/pt-pt\/como-jogar\/lotto-america\/\" \/>\n<meta property=\"og:locale\" content=\"pt_PT\" \/>\n<meta property=\"og:type\" content=\"article\" \/>\n<meta property=\"og:title\" content=\"Jogar Lotto America online\" \/>\n<meta property=\"og:description\" content=\"Quer aprender como apostar na Lotto America de qualquer parte do mundo? Os EUA t\u00eam algumas das maiores lotarias do mundo, como a Lotto America. Curiosamente, esta \u00e9 tamb\u00e9m uma lotaria que \u00e9 frequentemente ignorada em favor dos seus primos muito maiores, Powerball e Mega Millions. Contudo, h\u00e1 alguns apostadores experientes que sabem qu\u00e3o incr\u00edvel [&hellip;]\" \/>\n<meta property=\"og:url\" content=\"https:\/\/jackpotlotteryonline.com\/pt-pt\/como-jogar\/lotto-america\/\" \/>\n<meta property=\"og:site_name\" content=\"Lotto Online - Crack The International Lottery Jackpots\" \/>\n<meta property=\"article:modified_time\" content=\"2024-07-07T09:57:56+00:00\" \/>\n<meta property=\"og:image\" content=\"http:\/\/jackpotlotteryonline.com\/wp-content\/uploads\/2022\/11\/read1.jpg\" \/>\n<meta name=\"twitter:card\" content=\"summary_large_image\" \/>\n<meta name=\"twitter:label1\" content=\"Tempo estimado de leitura\" \/>\n\t<meta name=\"twitter:data1\" content=\"6 minutos\" \/>\n<!-- \/ Yoast SEO plugin. -->","yoast_head_json":{"title":"Jogar Lotto America online","robots":{"index":"index","follow":"follow","max-snippet":"max-snippet:-1","max-image-preview":"max-image-preview:large","max-video-preview":"max-video-preview:-1"},"canonical":"https:\/\/jackpotlotteryonline.com\/pt-pt\/como-jogar\/lotto-america\/","og_locale":"pt_PT","og_type":"article","og_title":"Jogar Lotto America online","og_description":"Quer aprender como apostar na Lotto America de qualquer parte do mundo? Os EUA t\u00eam algumas das maiores lotarias do mundo, como a Lotto America. Curiosamente, esta \u00e9 tamb\u00e9m uma lotaria que \u00e9 frequentemente ignorada em favor dos seus primos muito maiores, Powerball e Mega Millions. Contudo, h\u00e1 alguns apostadores experientes que sabem qu\u00e3o incr\u00edvel [&hellip;]","og_url":"https:\/\/jackpotlotteryonline.com\/pt-pt\/como-jogar\/lotto-america\/","og_site_name":"Lotto Online - Crack The International Lottery Jackpots","article_modified_time":"2024-07-07T09:57:56+00:00","og_image":[{"url":"http:\/\/jackpotlotteryonline.com\/wp-content\/uploads\/2022\/11\/read1.jpg"}],"twitter_card":"summary_large_image","twitter_misc":{"Tempo estimado de leitura":"6 minutos"},"schema":{"@context":"https:\/\/schema.org","@graph":[{"@type":"WebPage","@id":"https:\/\/jackpotlotteryonline.com\/pt-pt\/como-jogar\/lotto-america\/","url":"https:\/\/jackpotlotteryonline.com\/pt-pt\/como-jogar\/lotto-america\/","name":"Jogar Lotto America online","isPartOf":{"@id":"https:\/\/jackpotlotteryonline.com\/#website"},"primaryImageOfPage":{"@id":"https:\/\/jackpotlotteryonline.com\/pt-pt\/como-jogar\/lotto-america\/#primaryimage"},"image":{"@id":"https:\/\/jackpotlotteryonline.com\/pt-pt\/como-jogar\/lotto-america\/#primaryimage"},"thumbnailUrl":"http:\/\/jackpotlotteryonline.com\/wp-content\/uploads\/2022\/11\/read1.jpg","datePublished":"2022-11-23T11:08:17+00:00","dateModified":"2024-07-07T09:57:56+00:00","breadcrumb":{"@id":"https:\/\/jackpotlotteryonline.com\/pt-pt\/como-jogar\/lotto-america\/#breadcrumb"},"inLanguage":"pt-PT","potentialAction":[{"@type":"ReadAction","target":["https:\/\/jackpotlotteryonline.com\/pt-pt\/como-jogar\/lotto-america\/"]}]},{"@type":"ImageObject","inLanguage":"pt-PT","@id":"https:\/\/jackpotlotteryonline.com\/pt-pt\/como-jogar\/lotto-america\/#primaryimage","url":"http:\/\/jackpotlotteryonline.com\/wp-content\/uploads\/2022\/11\/read1.jpg","contentUrl":"http:\/\/jackpotlotteryonline.com\/wp-content\/uploads\/2022\/11\/read1.jpg"},{"@type":"BreadcrumbList","@id":"https:\/\/jackpotlotteryonline.com\/pt-pt\/como-jogar\/lotto-america\/#breadcrumb","itemListElement":[{"@type":"ListItem","position":1,"name":"Home","item":"https:\/\/jackpotlotteryonline.com\/pt-pt\/"},{"@type":"ListItem","position":2,"name":"Como jogar","item":"https:\/\/jackpotlotteryonline.com\/play-online\/"},{"@type":"ListItem","position":3,"name":"Jogar Lotto America online"}]},{"@type":"WebSite","@id":"https:\/\/jackpotlotteryonline.com\/#website","url":"https:\/\/jackpotlotteryonline.com\/","name":"Lotto Online - Crack The International Lottery Jackpots","description":"","potentialAction":[{"@type":"SearchAction","target":{"@type":"EntryPoint","urlTemplate":"https:\/\/jackpotlotteryonline.com\/?s={search_term_string}"},"query-input":"required name=search_term_string"}],"inLanguage":"pt-PT"}]}},"_links":{"self":[{"href":"https:\/\/jackpotlotteryonline.com\/pt-pt\/wp-json\/wp\/v2\/pages\/39325","targetHints":{"allow":["GET"]}}],"collection":[{"href":"https:\/\/jackpotlotteryonline.com\/pt-pt\/wp-json\/wp\/v2\/pages"}],"about":[{"href":"https:\/\/jackpotlotteryonline.com\/pt-pt\/wp-json\/wp\/v2\/types\/page"}],"author":[{"embeddable":true,"href":"https:\/\/jackpotlotteryonline.com\/pt-pt\/wp-json\/wp\/v2\/users\/1"}],"replies":[{"embeddable":true,"href":"https:\/\/jackpotlotteryonline.com\/pt-pt\/wp-json\/wp\/v2\/comments?post=39325"}],"version-history":[{"count":0,"href":"https:\/\/jackpotlotteryonline.com\/pt-pt\/wp-json\/wp\/v2\/pages\/39325\/revisions"}],"up":[{"embeddable":true,"href":"https:\/\/jackpotlotteryonline.com\/pt-pt\/wp-json\/wp\/v2\/pages\/35712"}],"wp:attachment":[{"href":"https:\/\/jackpotlotteryonline.com\/pt-pt\/wp-json\/wp\/v2\/media?parent=39325"}],"curies":[{"name":"wp","href":"https:\/\/api.w.org\/{rel}","templated":true}]}}