{"id":39495,"date":"2022-11-24T11:53:45","date_gmt":"2022-11-24T11:53:45","guid":{"rendered":"https:\/\/jackpotlotteryonline.com\/?page_id=39495"},"modified":"2023-01-03T17:45:11","modified_gmt":"2023-01-03T17:45:11","slug":"mega-sena-2","status":"publish","type":"page","link":"https:\/\/jackpotlotteryonline.com\/pt-pt\/como-jogar\/mega-sena-2\/","title":{"rendered":"Jogar na lotaria Mega-Sena online"},"content":{"rendered":"<p>Quer comprar bilhetes para a lotaria da Mega-Sena em qualquer parte do mundo? A Mega-Sena \u00e9 a maior lotaria do Brasil e est\u00e1 a decorrer desde 1996. Milh\u00f5es de f\u00e3s da lotaria no Brasil apressam-se a comprar bilhetes para a Mega-Sena antes de cada sorteio e agora, os jogadores de todo o mundo podem tamb\u00e9m participar na oportunidade de ganhar milh\u00f5es de Reais.<\/p>\n<p>Talvez uma raz\u00e3o pela qual a Mega-Sena \u00e9 t\u00e3o popular seja o facto de ser operada por um banco, que \u00e9 o maior banco de propriedade do governo no Brasil. Deve haver algo de reconfortante e fi\u00e1vel na compra de bilhetes para uma lotaria de propriedade de um banco.<\/p>\n<p>Para aqueles que vivem fora do Brasil, entrar na lotaria Mega-Sena j\u00e1 n\u00e3o \u00e9 um desejo inalcan\u00e7\u00e1vel. N\u00e3o importa onde vive, pode ter acesso \u00e0 Mega-Sena, desde que esteja acima da idade legal, \u00e9 claro. Se quiser saber como pode ter acesso aos bilhetes da lotaria brasileira, continue a ler.<\/p>\n<p>A Mega-Sena n\u00e3o \u00e9 a \u00fanica lotaria que pode jogar a partir de qualquer lugar. Visite-nos em jackpotlotteryonline.com para saber mais sobre as principais lotarias internacionais a que pode ter acesso.<\/p>\n<h2>Como jogar a Mega-Sena online<\/h2>\n<p>Quer esteja no Brasil ou num continente distante, pode jogar Mega-Sena. A forma de o fazer \u00e9 <a href=\"https:\/\/jackpotlotteryonline.com\/pt-pt\/comprar-tickets\/mega-sena\">comprar bilhetes online<\/a> atrav\u00e9s de n\u00f3s. Damos aos utilizadores acesso a lotarias de todo o mundo, incluindo a Mega-Sena. Se estiver a utilizar o nosso site para jogar Mega-Sena, proporcionamos um processo simples para uma experi\u00eancia sem stress.<\/p>\n<p>O primeiro passo \u00e9 visitar o nosso site, depois clicar no link para a lotaria Mega-Sena. A seguir, precisa de escolher 6 n\u00fameros de um intervalo de 1 a 60. Pode escolher at\u00e9 6 conjuntos de n\u00fameros para cada sorteio, para aumentar as suas hip\u00f3teses de ganhar o jackpot. Depois de ter escolhido os seus n\u00fameros, escolha os dias do sorteio e complete o processo.<\/p>\n<p>Ao jogar online, \u00e9 essencial utilizar um servi\u00e7o que lhe dar\u00e1 acesso \u00e0 Mega-Sena. Veja, muitos sites prometem isso, mas quando ler as letras mi\u00fadas, ver\u00e1 que s\u00f3 o deixam apostar no resultado do sorteio. Se comprar bilhetes para a Mega-Sena no nosso site, assegurar-nos-emos de que ser\u00e1 inscrito na Mega-Sena e se o seu bilhete corresponder aos n\u00fameros sorteados, ent\u00e3o ganhar\u00e1.<\/p>\n<h2>Como ganhar a Mega-Sena<\/h2>\n<p><img loading=\"lazy\" decoding=\"async\" class=\"size-medium wp-image-28319 alignright\" src=\"https:\/\/jackpotlotteryonline.com\/wp-content\/uploads\/2022\/11\/1_mega_lottery_jackpot-300x207.jpg\" alt=\"ganhar a lotaria Mega-Sena\" width=\"300\" height=\"207\" srcset=\"https:\/\/jackpotlotteryonline.com\/wp-content\/uploads\/2022\/11\/1_mega_lottery_jackpot-300x207.jpg 300w, https:\/\/jackpotlotteryonline.com\/wp-content\/uploads\/2022\/11\/1_mega_lottery_jackpot.jpg 320w\" sizes=\"auto, (max-width: 300px) 100vw, 300px\" \/><\/p>\n<p>Queda de dinheiro. Notas verdes voadoras isoladas em confetes de dinheiro branco, dinheiro plano, conceito vencedor da lotaria. Faixa de ilustra\u00e7\u00e3o vectorial que ganha dinheiro de fundo<\/p>\n<p><a href=\"https:\/\/jackpotlotteryonline.com\/pt-pt\/numeros-vencedores\/mega-sena\">Ganhar a Mega-Sena significa<\/a> que os n\u00fameros sorteados ser\u00e3o os mesmos. Basicamente, h\u00e1 6 n\u00fameros que s\u00e3o sorteados aleatoriamente de um poss\u00edvel 60 n\u00fameros. Qualquer bilhete que corresponda aos 6 n\u00fameros sorteados, ganha o jackpot.<\/p>\n<p>Os sorteios da Mega-Sena realizam-se duas vezes por semana, \u00e0s quartas e s\u00e1bados. Pode escolher qual o sorteio a participar ao comprar os seus bilhetes para a Mega-Sena. Pode tamb\u00e9m participar em v\u00e1rios sorteios. \u00c9 isso que os melhores jogadores fazem para garantir que t\u00eam o maior n\u00famero poss\u00edvel de hip\u00f3teses de ganhar o jackpot.<\/p>\n<p>Outra vantagem de utilizar o nosso site \u00e9 que pode facilmente configurar um servi\u00e7o de subscri\u00e7\u00e3o autom\u00e1tica para comprar bilhetes da Mega-Sena. Isto significa que n\u00e3o tem de participar manualmente em cada sorteio. \u00c9 f\u00e1cil esquecer coisas como esta e pensar em como se sentiria terr\u00edvel se o sorteio em que n\u00e3o entrasse fosse aquele em que poderia ter ganho. Configure-o de modo a que seja automaticamente inscrito em cada sorteio.<\/p>\n<h2>Jackpot da Mega-Sena<\/h2>\n<p>O pr\u00e9mio principal come\u00e7a nos R$3 milh\u00f5es e se n\u00e3o houver vencedor depois de um sorteio, ele cresce mais. E, pode crescer bastante. As probabilidades de ganhar o jackpot s\u00e3o de 1 em 50 milh\u00f5es, o que \u00e9 realmente bom quando comparado com outras lotarias internacionais de topo.<\/p>\n<p>O maior jackpot que algu\u00e9m ganhou da Mega-Sena foi de cerca de 53 milh\u00f5es de euros. Trata-se de um montante que muda a vida por qualquer padr\u00e3o. E o maior jackpot de sempre da Mega-Sena foi de 73 milh\u00f5es de euros.<\/p>\n<p>Apesar de o jackpot da Mega-Sena n\u00e3o atingir os milhares de milh\u00f5es de d\u00f3lares, n\u00e3o h\u00e1 d\u00favida de que um jogador pode ganhar muito com esta lotaria. Se tem estado sentado na cerca sobre esta lotaria, agora \u00e9 altura de saltar para baixo e comprar um bilhete.<\/p>\n<h2>Pr\u00e9mios que pode ganhar<\/h2>\n<p>Temos falado extensivamente sobre o jackpot da Mega-Sena, que \u00e9 o pr\u00e9mio m\u00e1ximo que qualquer jogador pode ganhar ao participar neste jogo de loto. No entanto, o jackpot n\u00e3o \u00e9 o \u00fanico pr\u00e9mio que os f\u00e3s da Mega-Sena podem ganhar.<\/p>\n<p>A Mega-Sena tem um total de 3 n\u00edveis de pr\u00e9mios, incluindo o jackpot. \u00c9 um pouco dif\u00edcil dizer exactamente qual ser\u00e1 o montante dos pr\u00e9mios em percentagem do prize pool atribu\u00eddo a cada escal\u00e3o. Informe-se sobre os n\u00edveis de pr\u00e9mios a seguir.<\/p>\n<p>Jackpot &#8211; Sena: Combine 6 n\u00fameros &#8211; 35% do prize pool<\/p>\n<p>Tier 2 &#8211; Quina: Partida 5 n\u00fameros &#8211; 19% do prize pool<\/p>\n<p>Tier 3 &#8211; Quadra: Combine 4 n\u00fameros &#8211; 19% do prize pool<\/p>\n<h2>Mega da virada<\/h2>\n<p>O que \u00e9 a mega da virada? Se alguma vez se tivesse debru\u00e7ado sobre o jogo da Mega-Sena, ter-se-ia deparado com a mega da virada. Trata-se de outro jogo ou de uma categoria de pr\u00e9mios? Bem, n\u00e3o \u00e9 nenhuma das duas. Em vez disso, faz parte da lotaria da Mega-Sena, mas \u00e9 um sorteio especial que se realiza todos os anos na v\u00e9spera de Ano Novo.<\/p>\n<p>A mega da virada \u00e9 aquela que atrai apostadores experientes em todo o lado, devido ao tamanho do jackpot normalmente. O jackpot de 2022 \u00e9 de 450 milh\u00f5es de reais e \u00e9 considerado o maior pr\u00e9mio da hist\u00f3ria da Mega-Sena! Os entusiastas da lotaria pouco admirados est\u00e3o apressados a comprar entradas para este sorteio.<\/p>\n<p>Pode participar na mega da virada aqui mesmo no nosso site. N\u00e3o \u00e9 preciso passar por an\u00e9is e la\u00e7os s\u00f3 para entrar na mega da virada. Vamos contar-lhe um segredo: a mega da virada \u00e9 na verdade Mega-Sena, mas \u00e9 o \u00faltimo sorteio do ano. \u00c9 isso mesmo. Portanto, entre no sorteio da Mega-Sena de 31 de Dezembro para ter uma oportunidade de ganhar em grande.<\/p>\n<h2>A verdade sobre jogar na lotaria da Mega-Sena online<\/h2>\n<p><img loading=\"lazy\" decoding=\"async\" class=\"alignright size-medium wp-image-32000\" src=\"https:\/\/jackpotlotteryonline.com\/wp-content\/uploads\/2022\/11\/1_mega_lotto_ticket-213x300.jpg\" alt=\"Bilhete online da lotaria Mega-Sena\" width=\"213\" height=\"300\" srcset=\"https:\/\/jackpotlotteryonline.com\/wp-content\/uploads\/2022\/11\/1_mega_lotto_ticket-213x300.jpg 213w, https:\/\/jackpotlotteryonline.com\/wp-content\/uploads\/2022\/11\/1_mega_lotto_ticket.jpg 320w\" sizes=\"auto, (max-width: 213px) 100vw, 213px\" \/><\/p>\n<p>Muito bem, gostar\u00edamos de dedicar alguns minutos a dar-lhe algumas dicas sobre como jogar Mega-Sena na Internet. Antes de comprar um bilhete para a Mega-Sena, tem de ter a certeza de que est\u00e1 a participar na lotaria. A melhor maneira \u00e9 descobrir se o site actua como um agente. Isto significa que eles t\u00eam agentes no Brasil que ir\u00e3o comprar bilhetes f\u00edsicos para a Mega-Sena.<\/p>\n<p>Outra coisa a notar sobre este jogo \u00e9 que se trata de um jogo de n\u00fameros. Basicamente, tudo tem a ver com o qu\u00e3o sortudo \u00e9. Contudo, h\u00e1 algumas formas de ajudar a sorte e aumentar as suas hip\u00f3teses de ganhar. Uma maneira \u00e9 comprar v\u00e1rias entradas.<\/p>\n<p>A Mega-Sena tem realmente boas probabilidades para os apostadores, pelo que quanto mais bilhetes comprar, maiores ser\u00e3o as suas probabilidades de ganhar na lotaria. O mesmo se aplica \u00e0 participa\u00e7\u00e3o em sorteios m\u00faltiplos. \u00c9 sempre um bom plano de jogo participar em v\u00e1rios sorteios.<\/p>\n<h2>Porque deve jogar na lotaria connosco<\/h2>\n<p>H\u00e1 v\u00e1rios s\u00edtios de lotaria por a\u00ed que lhe oferecem a oportunidade de jogar na lotaria Mega-Sena. Porqu\u00ea escolher-nos em vez disso?<\/p>\n<ul>\n<li>Somos um site de concierge com agentes de lotaria de todo o mundo. Quando nos compra um bilhete da Mega-Sena, os nossos agentes no Brasil comprar\u00e3o um bilhete com os n\u00fameros que escolher. Isto assegura a sua participa\u00e7\u00e3o no sorteio da Mega-Sena.<\/li>\n<li>Pode retirar os seus ganhos (at\u00e9 um certo montante) do nosso site. Independentemente do montante ganho, n\u00e3o cobramos qualquer comiss\u00e3o.<\/li>\n<li>Quando compra bilhetes no nosso site, n\u00e3o tem de se preocupar em perder os sorteios. Publicamos os resultados dos sorteios no nosso site e, se ganhar algum pr\u00e9mio, enviar-lhe-emos um e-mail.<\/li>\n<li>Aqui est\u00e1 a salvo. Fazemos a milha extra para proteger o seu bilhete, para que nunca tenha de se preocupar em perder um bilhete.<\/li>\n<\/ul>\n<p>Basicamente, comprar-nos os seus bilhetes de lotaria significa que est\u00e1 a garantir a sua paz de esp\u00edrito. N\u00e3o queremos que se preocupe com os detalhes, por isso deixe-nos tratar disso enquanto se concentra no que \u00e9 importante.<\/p>\n<section class=\"layout\" style=\"border: solid 1px; width: 100%;\">\n<div class=\"img-div\" style=\"margin-top: 5px;\"><img decoding=\"async\" class=\"wp-image-17212 alignleft\" style=\"height: 45px; margin: 8px 8px 0px;\" src=\"https:\/\/jackpotlotteryonline.com\/wp-content\/uploads\/2022\/11\/read1.jpg\" alt=\"Leia \" width=\"\" height=\"\" \/><\/div>\n<div style=\"padding-left: 5px;\">\n<div style=\"font-size: 1.1em;\">\n<p><strong>Impostos sobre os ganhos da lotaria<\/strong><\/p>\n<p style=\"font-size: 0.85em; margin-top: -1.5em;\">Tenho de pagar impostos sobre os ganhos da lotaria?\u00a0 <a href=\"https:\/\/jackpotlotteryonline.com\/pt-pt\/tenho-de-pagar-impostos-sobre-os-ganhos-das-lotarias\">leia mais<\/a><\/p>\n<\/div>\n<\/div>\n<\/section>\n<h2>Registe-se connosco para jogar na Mega-Sena online<\/h2>\n<p>Est\u00e1 pronto para entrar no jogo de loto da Mega-Sena? N\u00e3o procure mais, registe-se simplesmente connosco para poder avan\u00e7ar. Uma vez registado, ter\u00e1 acesso a lotarias internacionais de topo, incluindo a Mega-Sena. A melhor parte \u00e9 que os seus ganhos s\u00e3o seguros quando joga connosco; pode retirar o que ganhou.<\/p>\n<p>Temos todo o prazer em fornecer v\u00e1rias escolhas aos nossos clientes. Porqu\u00ea limitar-se a apenas uma lotaria quando pode jogar mais de duas d\u00fazias de jogos diferentes? Encontrar\u00e1 jogos de topo como o Powerball dos EUA, La Primitiva e Eurojackpot no nosso site. Cada jogo no nosso site \u00e9 f\u00e1cil de entrar.<\/p>\n<p>Est\u00e1 na hora de parar de se sentar na veda\u00e7\u00e3o. Se est\u00e1 a falar a s\u00e9rio sobre ganhar em grande, inscreva-se hoje para entrar na Mega-Sena. O pr\u00f3ximo sorteio poder\u00e1 ser o golpe de sorte pelo qual tem estado \u00e0 espera. Dirija-se agora ao nosso site e escolha entre uma grande variedade de lotarias. N\u00e3o se esque\u00e7a de planear com anteced\u00eancia para a mega da virada.<\/p>\n","protected":false},"excerpt":{"rendered":"<p>Quer comprar bilhetes para a lotaria da Mega-Sena em qualquer parte do mundo? A Mega-Sena \u00e9 a maior lotaria do Brasil e est\u00e1 a decorrer desde 1996. Milh\u00f5es de f\u00e3s da lotaria no Brasil apressam-se a comprar bilhetes para a Mega-Sena antes de cada sorteio e agora, os jogadores de todo o mundo podem tamb\u00e9m [&hellip;]<\/p>\n","protected":false},"author":1,"featured_media":0,"parent":35712,"menu_order":15,"comment_status":"closed","ping_status":"closed","template":"megasena.php","meta":{"_et_pb_use_builder":"","_et_pb_old_content":"","_et_gb_content_width":"","exclude_from_search":false,"footnotes":""},"class_list":["post-39495","page","type-page","status-publish","hentry"],"yoast_head":"<!-- This site is optimized with the Yoast SEO plugin v23.3 - https:\/\/yoast.com\/wordpress\/plugins\/seo\/ -->\n<title>Comprar bilhetes para a Mega-Sena Online<\/title>\n<meta name=\"description\" content=\"Pode comprar bilhetes para a lotaria Mega-Sena online. Saiba como jogar e descontar os seus ganhos aqui mesmo.\" \/>\n<meta name=\"robots\" content=\"index, follow, max-snippet:-1, max-image-preview:large, max-video-preview:-1\" \/>\n<link rel=\"canonical\" href=\"https:\/\/jackpotlotteryonline.com\/pt-pt\/como-jogar\/mega-sena-2\/\" \/>\n<meta property=\"og:locale\" content=\"pt_PT\" \/>\n<meta property=\"og:type\" content=\"article\" \/>\n<meta property=\"og:title\" content=\"Comprar bilhetes para a Mega-Sena Online\" \/>\n<meta property=\"og:description\" content=\"Pode comprar bilhetes para a lotaria Mega-Sena online. Saiba como jogar e descontar os seus ganhos aqui mesmo.\" \/>\n<meta property=\"og:url\" content=\"https:\/\/jackpotlotteryonline.com\/pt-pt\/como-jogar\/mega-sena-2\/\" \/>\n<meta property=\"og:site_name\" content=\"Lotto Online - Crack The International Lottery Jackpots\" \/>\n<meta property=\"article:modified_time\" content=\"2023-01-03T17:45:11+00:00\" \/>\n<meta property=\"og:image\" content=\"https:\/\/jackpotlotteryonline.com\/wp-content\/uploads\/2022\/11\/1_mega_lottery_jackpot-300x207.jpg\" \/>\n<meta name=\"twitter:card\" content=\"summary_large_image\" \/>\n<meta name=\"twitter:label1\" content=\"Tempo estimado de leitura\" \/>\n\t<meta name=\"twitter:data1\" content=\"8 minutos\" \/>\n<!-- \/ Yoast SEO plugin. -->","yoast_head_json":{"title":"Comprar bilhetes para a Mega-Sena Online","description":"Pode comprar bilhetes para a lotaria Mega-Sena online. Saiba como jogar e descontar os seus ganhos aqui mesmo.","robots":{"index":"index","follow":"follow","max-snippet":"max-snippet:-1","max-image-preview":"max-image-preview:large","max-video-preview":"max-video-preview:-1"},"canonical":"https:\/\/jackpotlotteryonline.com\/pt-pt\/como-jogar\/mega-sena-2\/","og_locale":"pt_PT","og_type":"article","og_title":"Comprar bilhetes para a Mega-Sena Online","og_description":"Pode comprar bilhetes para a lotaria Mega-Sena online. Saiba como jogar e descontar os seus ganhos aqui mesmo.","og_url":"https:\/\/jackpotlotteryonline.com\/pt-pt\/como-jogar\/mega-sena-2\/","og_site_name":"Lotto Online - Crack The International Lottery Jackpots","article_modified_time":"2023-01-03T17:45:11+00:00","og_image":[{"url":"https:\/\/jackpotlotteryonline.com\/wp-content\/uploads\/2022\/11\/1_mega_lottery_jackpot-300x207.jpg"}],"twitter_card":"summary_large_image","twitter_misc":{"Tempo estimado de leitura":"8 minutos"},"schema":{"@context":"https:\/\/schema.org","@graph":[{"@type":"WebPage","@id":"https:\/\/jackpotlotteryonline.com\/pt-pt\/como-jogar\/mega-sena-2\/","url":"https:\/\/jackpotlotteryonline.com\/pt-pt\/como-jogar\/mega-sena-2\/","name":"Comprar bilhetes para a Mega-Sena Online","isPartOf":{"@id":"https:\/\/jackpotlotteryonline.com\/#website"},"primaryImageOfPage":{"@id":"https:\/\/jackpotlotteryonline.com\/pt-pt\/como-jogar\/mega-sena-2\/#primaryimage"},"image":{"@id":"https:\/\/jackpotlotteryonline.com\/pt-pt\/como-jogar\/mega-sena-2\/#primaryimage"},"thumbnailUrl":"https:\/\/jackpotlotteryonline.com\/wp-content\/uploads\/2022\/11\/1_mega_lottery_jackpot-300x207.jpg","datePublished":"2022-11-24T11:53:45+00:00","dateModified":"2023-01-03T17:45:11+00:00","description":"Pode comprar bilhetes para a lotaria Mega-Sena online. Saiba como jogar e descontar os seus ganhos aqui mesmo.","breadcrumb":{"@id":"https:\/\/jackpotlotteryonline.com\/pt-pt\/como-jogar\/mega-sena-2\/#breadcrumb"},"inLanguage":"pt-PT","potentialAction":[{"@type":"ReadAction","target":["https:\/\/jackpotlotteryonline.com\/pt-pt\/como-jogar\/mega-sena-2\/"]}]},{"@type":"ImageObject","inLanguage":"pt-PT","@id":"https:\/\/jackpotlotteryonline.com\/pt-pt\/como-jogar\/mega-sena-2\/#primaryimage","url":"https:\/\/jackpotlotteryonline.com\/wp-content\/uploads\/2022\/11\/1_mega_lottery_jackpot-300x207.jpg","contentUrl":"https:\/\/jackpotlotteryonline.com\/wp-content\/uploads\/2022\/11\/1_mega_lottery_jackpot-300x207.jpg"},{"@type":"BreadcrumbList","@id":"https:\/\/jackpotlotteryonline.com\/pt-pt\/como-jogar\/mega-sena-2\/#breadcrumb","itemListElement":[{"@type":"ListItem","position":1,"name":"Home","item":"https:\/\/jackpotlotteryonline.com\/pt-pt\/"},{"@type":"ListItem","position":2,"name":"Como jogar","item":"https:\/\/jackpotlotteryonline.com\/play-online\/"},{"@type":"ListItem","position":3,"name":"Jogar na lotaria Mega-Sena online"}]},{"@type":"WebSite","@id":"https:\/\/jackpotlotteryonline.com\/#website","url":"https:\/\/jackpotlotteryonline.com\/","name":"Lotto Online - Crack The International Lottery Jackpots","description":"","potentialAction":[{"@type":"SearchAction","target":{"@type":"EntryPoint","urlTemplate":"https:\/\/jackpotlotteryonline.com\/?s={search_term_string}"},"query-input":"required name=search_term_string"}],"inLanguage":"pt-PT"}]}},"_links":{"self":[{"href":"https:\/\/jackpotlotteryonline.com\/pt-pt\/wp-json\/wp\/v2\/pages\/39495","targetHints":{"allow":["GET"]}}],"collection":[{"href":"https:\/\/jackpotlotteryonline.com\/pt-pt\/wp-json\/wp\/v2\/pages"}],"about":[{"href":"https:\/\/jackpotlotteryonline.com\/pt-pt\/wp-json\/wp\/v2\/types\/page"}],"author":[{"embeddable":true,"href":"https:\/\/jackpotlotteryonline.com\/pt-pt\/wp-json\/wp\/v2\/users\/1"}],"replies":[{"embeddable":true,"href":"https:\/\/jackpotlotteryonline.com\/pt-pt\/wp-json\/wp\/v2\/comments?post=39495"}],"version-history":[{"count":0,"href":"https:\/\/jackpotlotteryonline.com\/pt-pt\/wp-json\/wp\/v2\/pages\/39495\/revisions"}],"up":[{"embeddable":true,"href":"https:\/\/jackpotlotteryonline.com\/pt-pt\/wp-json\/wp\/v2\/pages\/35712"}],"wp:attachment":[{"href":"https:\/\/jackpotlotteryonline.com\/pt-pt\/wp-json\/wp\/v2\/media?parent=39495"}],"curies":[{"name":"wp","href":"https:\/\/api.w.org\/{rel}","templated":true}]}}