{"id":39555,"date":"2022-11-28T07:30:49","date_gmt":"2022-11-28T07:30:49","guid":{"rendered":"https:\/\/jackpotlotteryonline.com\/?page_id=39555"},"modified":"2023-01-03T18:05:28","modified_gmt":"2023-01-03T18:05:28","slug":"powerball-australia","status":"publish","type":"page","link":"https:\/\/jackpotlotteryonline.com\/pt-pt\/como-jogar\/powerball-australia\/","title":{"rendered":"jogar Powerball Australia online"},"content":{"rendered":"<p>H\u00e1 uma raz\u00e3o pela qual os entusiastas da lotaria em todo o mundo se apressam a jogar a Powerball australiana. 2022 tem sido o ano dos mega jackpots e temos visto v\u00e1rios jogadores ganharem milh\u00f5es de d\u00f3lares em lotarias internacionais. Em tudo isto, a Powerball AU n\u00e3o tem sido uma excep\u00e7\u00e3o, uma vez que o maior jackpot de sempre de A$160 milh\u00f5es foi em Outubro de 2022. Com v\u00e1rios grandes jackpots ganhos por portadores de um \u00fanico bilhete, deve considerar jogar esta Powerball.<\/p>\n<p>Curiosamente, esta Powerball j\u00e1 existe h\u00e1 algum tempo. O primeiro sorteio foi realizado a 23 de Maio de 1996, fazendo com que ela tivesse 25 anos. \u00c9 verdade que, quando comparada com lotarias como a espanhola La Primitiva, a Oz Powerball \u00e9 praticamente uma crian\u00e7a. (La Primitiva foi estabelecida em 1763 e pode participar nessa lotaria no jackpotlotteryonline.com).<\/p>\n<p>Durante os \u00faltimos 25 anos, a Oz Powerball tem mantido uma reputa\u00e7\u00e3o de pagamentos generosos e de f\u00e3s fervorosos. Anteriormente, s\u00f3 podia ser acedida por jogadores que viviam no continente. Agora, os apostadores de todo o mundo podem jogar Powerball AU online a partir do conforto dos seus computadores ou dispositivos m\u00f3veis. Continue a ler para saber como pode jogar esta lotaria online.<\/p>\n<h2>Como jogar na Powerball Australia<\/h2>\n<p><img loading=\"lazy\" decoding=\"async\" class=\"alignright size-full wp-image-26402\" src=\"https:\/\/jackpotlotteryonline.com\/wp-content\/uploads\/2022\/11\/1_buy_online_ticket_powerball.jpg\" alt=\"jogar Powerball Australia online\" width=\"300\" height=\"194\" \/><\/p>\n<p>Uma das coisas espantosas desta lotaria \u00e9 que ela tem grandes probabilidades. As probabilidades de ganhar o jackpot s\u00e3o de 1 em cerca de 76 milh\u00f5es. No entanto, existem v\u00e1rias outras divis\u00f5es e estas t\u00eam probabilidades fant\u00e1sticas.<\/p>\n<p>Para jogar esta Powerball, seria necess\u00e1rio escolher 7 n\u00fameros de 1 a 35 e um n\u00famero Powerball de 1 a 20. Isto \u00e9 um total de 8 n\u00fameros para cada linha. Note que tamb\u00e9m pode introduzir v\u00e1rias linhas para aumentar as suas probabilidades de ganhar na lotaria. Quanto mais linhas entrar, maiores ser\u00e3o as suas probabilidades de ganhar.<\/p>\n<p>Depois de ter escolhido os seus n\u00fameros, o pr\u00f3ximo passo \u00e9 entrar nos sorteios. Esta lotaria tem apenas um dia de sorteio e isso \u00e9 todas as quintas-feiras \u00e0 noite. Como pode imaginar, as quintas-feiras \u00e0 noite est\u00e3o cheias de entusiasmo para os apostadores dentro do continente. Tamb\u00e9m pode participar na excita\u00e7\u00e3o jogando Powerball.<\/p>\n<h2>Porqu\u00ea a Powerball Austr\u00e1lia?<\/h2>\n<p>Esta \u00e9 uma pergunta muito boa. Gra\u00e7as \u00e0 Internet, os entusiastas da lotaria em todo o mundo t\u00eam uma grande variedade de lotarias em que podem participar. Por que raz\u00e3o consideraria jogar a Oz Powerball? Basicamente, com esta lotaria, tem uma oportunidade de ganhar milh\u00f5es sem enfrentar probabilidades incrivelmente altas.<\/p>\n<p>O problema com muitas das outras lotarias mais populares noutras partes do mundo s\u00e3o as probabilidades elevadas. Tomemos o Powerball dos EUA, por exemplo, as probabilidades de ganhar essa lotaria s\u00e3o de 1 em mais de 200 milh\u00f5es. Quando comparada com a probabilidade de 1 em 76 milh\u00f5es de Oz Powerball, \u00e9 f\u00e1cil ver porque \u00e9 que muitos apostadores est\u00e3o a gravitar em direc\u00e7\u00e3o a esta.<\/p>\n<section class=\"layout\" style=\"border: solid 1px; width: 100%;\">\n<div class=\"img-div\" style=\"margin-top: 5px;\"><img decoding=\"async\" class=\"wp-image-17212 alignleft\" style=\"height: 45px; margin: 8px 8px 0px;\" src=\"https:\/\/jackpotlotteryonline.com\/wp-content\/uploads\/2022\/11\/read1.jpg\" alt=\"Leia \" width=\"\" height=\"\" \/><\/div>\n<div style=\"padding-left: 5px;\">\n<div style=\"font-size: 1.1em;\">\n<p><strong>Os esquemas de lotaria de que deve estar ciente<\/strong><\/p>\n<p style=\"font-size: 0.85em; margin-top: -1.5em;\">N\u00e3o caia nessas armadilhas da lotaria\u00a0 <a href=\"https:\/\/jackpotlotteryonline.com\/pt-pt\/cuidado-com-as-fraudes-da-lotaria-online\">leia mais<\/a><\/p>\n<\/div>\n<\/div>\n<\/section>\n<h2>Powerball Austr\u00e1lia vs Powerball EUA: o que \u00e9 diferente?<\/h2>\n<p>Mas, existe alguma diferen\u00e7a entre a Oz e a Powerball dos EUA? Bem, a primeira e mais \u00f3bvia diferen\u00e7a \u00e9 o tamanho dos jackpots. Existem muito poucos jackpots no mundo que se comparam em tamanho com a Powerball dos EUA. Atingiu recentemente a marca dos 2 bili\u00f5es de d\u00f3lares. Se jogar a Oz Powerball, n\u00e3o conseguir\u00e1 nada que se aproxime disso.<\/p>\n<p>Mais uma vez, a vers\u00e3o americana \u00e9 de um intervalo de 1 a 69. Isto significa que 5 bolas s\u00e3o tiradas de um barril com 69 bolas. A vers\u00e3o OZ tem 7 n\u00fameros sorteados a partir de um barril com apenas 35 bolas. Al\u00e9m disso, a Powerball nos EUA \u00e9 tirada de um barril com 26 bolas, enquanto na Austr\u00e1lia, s\u00e3o 20 bolas.<\/p>\n<p>Se quiser uma lotaria onde possa ganhar milh\u00f5es sem lidar com probabilidades elevadas, ent\u00e3o deve jogar a Powerball australiana.<\/p>\n<h2>Jogar online<\/h2>\n<p>Assim, agora que sabe que pode jogar a Oz Powerball a partir de qualquer lugar, eis como fazer isso.<\/p>\n<ul>\n<li>O primeiro passo \u00e9 visitar um vendedor de lotarias como o jackpotlotteryonline.com e ir para a p\u00e1gina da Australian Powerball.<\/li>\n<li>A seguir, escolha os seus n\u00fameros (pode usar o gerador autom\u00e1tico de n\u00fameros para seleccionar n\u00fameros aleatoriamente).<\/li>\n<li><a href=\"https:\/\/jackpotlotteryonline.com\/pt-pt\/numeros-vencedores\/powerball-australia\">Introduza o sorteio<\/a> e complete o processo<\/li>\n<li>Ganhar o jackpot<\/li>\n<\/ul>\n<p>O sorteio tem lugar uma vez por semana, \u00e0s quintas-feiras. Assim, quando se entra no sorteio, o passo seguinte \u00e9 esperar pelos resultados. Qualquer bilhete que corresponda aos 8 n\u00fameros sorteados, ganha o jackpot.<\/p>\n<p>Existem outros pr\u00e9mios para a correspond\u00eancia de n\u00fameros diferentes, incluindo um pr\u00e9mio para a correspond\u00eancia de apenas 2 n\u00fameros e o n\u00famero de b\u00f3nus.<\/p>\n<h2>Pr\u00e9mios que pode ganhar<\/h2>\n<p><img loading=\"lazy\" decoding=\"async\" class=\"alignright size-medium wp-image-19277\" src=\"https:\/\/jackpotlotteryonline.com\/wp-content\/uploads\/2022\/10\/2_ticket_powerball_au2-163x300.jpg\" alt=\"Digitaliza\u00e7\u00e3o de bilhetes de lotaria\" width=\"163\" height=\"300\" srcset=\"https:\/\/jackpotlotteryonline.com\/wp-content\/uploads\/2022\/10\/2_ticket_powerball_au2-163x300.jpg 163w, https:\/\/jackpotlotteryonline.com\/wp-content\/uploads\/2022\/10\/2_ticket_powerball_au2.jpg 250w\" sizes=\"auto, (max-width: 163px) 100vw, 163px\" \/><\/p>\n<p>Quando se joga na lotaria, h\u00e1 9 divis\u00f5es de pr\u00e9mios no total.<\/p>\n<p>Divis\u00e3o 1: 7 n\u00fameros + n\u00famero de b\u00f3nus &#8211; jackpot (m\u00e9dia AU$8 milh\u00f5es)<\/p>\n<p>Divis\u00e3o 2: apenas 7 n\u00fameros<\/p>\n<p>Divis\u00e3o 3: 6 n\u00fameros + n\u00famero de b\u00f3nus<\/p>\n<p>Divis\u00e3o 4: 6 n\u00fameros apenas<\/p>\n<p>Divis\u00e3o 5: 5 n\u00fameros + n\u00famero de b\u00f3nus<\/p>\n<p>Divis\u00e3o 6: 5 n\u00fameros apenas<\/p>\n<p>Divis\u00e3o 7: 4 n\u00fameros + n\u00famero de b\u00f3nus<\/p>\n<p>Divis\u00e3o 8: 3 n\u00fameros + n\u00famero de b\u00f3nus<\/p>\n<p>Divis\u00e3o 9: 2 n\u00fameros + n\u00famero de b\u00f3nus<\/p>\n<p>Os pr\u00e9mios atribu\u00eddos a cada divis\u00e3o s\u00e3o uma percentagem do conjunto de pr\u00e9mios. Portanto, quanto maior for o pr\u00e9mio, mais dinheiro vai para cada divis\u00e3o. Os pr\u00e9mios da Divis\u00e3o 2 chegaram a atingir AU$800.000.<\/p>\n<h2>Compre online os seus bilhetes de lotaria<\/h2>\n<p>Se \u00e9 um f\u00e3 da lotaria, pode agora jogar na lotaria online atrav\u00e9s do nosso site. Tornamos o processo f\u00e1cil para os nossos clientes, fornecendo tudo o que precisa num \u00fanico local. Assim, pode comprar os seus bilhetes, verificar os resultados e, se ganhar, retirar os seus ganhos directamente do nosso site.<\/p>\n<p>Temos v\u00e1rias op\u00e7\u00f5es que pode utilizar para <a href=\"https:\/\/jackpotlotteryonline.com\/pt-pt\/comprar-tickets\/powerball-australia\">pagar os seus bilhetes de lotaria<\/a>. Tamb\u00e9m pode definir a sua conta para que seja automaticamente inscrito para v\u00e1rios sorteios com anteced\u00eancia. Os nossos clientes desfrutam do luxo de n\u00e3o terem de verificar os resultados dos sorteios, pois avis\u00e1-lo-emos se ganhar alguma coisa.<\/p>\n<p>Finalmente, quando compra um bilhete de lotaria connosco, tem a certeza de que est\u00e1 a jogar na lotaria da sua escolha. Isto porque temos agentes em diferentes pa\u00edses que ir\u00e3o comprar o bilhete f\u00edsico com os seus n\u00fameros correspondentes. Desta forma, n\u00e3o tem de estar fisicamente num pa\u00eds para poder jogar na lotaria. V\u00e1 em frente e jogue Powerball Australia agora.<\/p>\n","protected":false},"excerpt":{"rendered":"<p>H\u00e1 uma raz\u00e3o pela qual os entusiastas da lotaria em todo o mundo se apressam a jogar a Powerball australiana. 2022 tem sido o ano dos mega jackpots e temos visto v\u00e1rios jogadores ganharem milh\u00f5es de d\u00f3lares em lotarias internacionais. Em tudo isto, a Powerball AU n\u00e3o tem sido uma excep\u00e7\u00e3o, uma vez que o [&hellip;]<\/p>\n","protected":false},"author":1,"featured_media":0,"parent":35712,"menu_order":17,"comment_status":"closed","ping_status":"closed","template":"powerball-au.php","meta":{"_et_pb_use_builder":"","_et_pb_old_content":"","_et_gb_content_width":"","exclude_from_search":false,"footnotes":""},"class_list":["post-39555","page","type-page","status-publish","hentry"],"yoast_head":"<!-- This site is optimized with the Yoast SEO plugin v23.3 - https:\/\/yoast.com\/wordpress\/plugins\/seo\/ -->\n<title>Jogar Powerball Australia a partir de fora da Austr\u00e1lia<\/title>\n<meta name=\"description\" content=\"N\u00e3o \u00e9 necess\u00e1rio viver na Austr\u00e1lia para jogar Powerball Australia. Saiba como jogar online.\" \/>\n<meta name=\"robots\" content=\"index, follow, max-snippet:-1, max-image-preview:large, max-video-preview:-1\" \/>\n<link rel=\"canonical\" href=\"https:\/\/jackpotlotteryonline.com\/pt-pt\/como-jogar\/powerball-australia\/\" \/>\n<meta property=\"og:locale\" content=\"pt_PT\" \/>\n<meta property=\"og:type\" content=\"article\" \/>\n<meta property=\"og:title\" content=\"Jogar Powerball Australia a partir de fora da Austr\u00e1lia\" \/>\n<meta property=\"og:description\" content=\"N\u00e3o \u00e9 necess\u00e1rio viver na Austr\u00e1lia para jogar Powerball Australia. Saiba como jogar online.\" \/>\n<meta property=\"og:url\" content=\"https:\/\/jackpotlotteryonline.com\/pt-pt\/como-jogar\/powerball-australia\/\" \/>\n<meta property=\"og:site_name\" content=\"Lotto Online - Crack The International Lottery Jackpots\" \/>\n<meta property=\"article:modified_time\" content=\"2023-01-03T18:05:28+00:00\" \/>\n<meta property=\"og:image\" content=\"https:\/\/jackpotlotteryonline.com\/wp-content\/uploads\/2022\/11\/1_buy_online_ticket_powerball.jpg\" \/>\n<meta name=\"twitter:card\" content=\"summary_large_image\" \/>\n<meta name=\"twitter:label1\" content=\"Tempo estimado de leitura\" \/>\n\t<meta name=\"twitter:data1\" content=\"6 minutos\" \/>\n<!-- \/ Yoast SEO plugin. -->","yoast_head_json":{"title":"Jogar Powerball Australia a partir de fora da Austr\u00e1lia","description":"N\u00e3o \u00e9 necess\u00e1rio viver na Austr\u00e1lia para jogar Powerball Australia. Saiba como jogar online.","robots":{"index":"index","follow":"follow","max-snippet":"max-snippet:-1","max-image-preview":"max-image-preview:large","max-video-preview":"max-video-preview:-1"},"canonical":"https:\/\/jackpotlotteryonline.com\/pt-pt\/como-jogar\/powerball-australia\/","og_locale":"pt_PT","og_type":"article","og_title":"Jogar Powerball Australia a partir de fora da Austr\u00e1lia","og_description":"N\u00e3o \u00e9 necess\u00e1rio viver na Austr\u00e1lia para jogar Powerball Australia. Saiba como jogar online.","og_url":"https:\/\/jackpotlotteryonline.com\/pt-pt\/como-jogar\/powerball-australia\/","og_site_name":"Lotto Online - Crack The International Lottery Jackpots","article_modified_time":"2023-01-03T18:05:28+00:00","og_image":[{"url":"https:\/\/jackpotlotteryonline.com\/wp-content\/uploads\/2022\/11\/1_buy_online_ticket_powerball.jpg"}],"twitter_card":"summary_large_image","twitter_misc":{"Tempo estimado de leitura":"6 minutos"},"schema":{"@context":"https:\/\/schema.org","@graph":[{"@type":"WebPage","@id":"https:\/\/jackpotlotteryonline.com\/pt-pt\/como-jogar\/powerball-australia\/","url":"https:\/\/jackpotlotteryonline.com\/pt-pt\/como-jogar\/powerball-australia\/","name":"Jogar Powerball Australia a partir de fora da Austr\u00e1lia","isPartOf":{"@id":"https:\/\/jackpotlotteryonline.com\/#website"},"primaryImageOfPage":{"@id":"https:\/\/jackpotlotteryonline.com\/pt-pt\/como-jogar\/powerball-australia\/#primaryimage"},"image":{"@id":"https:\/\/jackpotlotteryonline.com\/pt-pt\/como-jogar\/powerball-australia\/#primaryimage"},"thumbnailUrl":"https:\/\/jackpotlotteryonline.com\/wp-content\/uploads\/2022\/11\/1_buy_online_ticket_powerball.jpg","datePublished":"2022-11-28T07:30:49+00:00","dateModified":"2023-01-03T18:05:28+00:00","description":"N\u00e3o \u00e9 necess\u00e1rio viver na Austr\u00e1lia para jogar Powerball Australia. Saiba como jogar online.","breadcrumb":{"@id":"https:\/\/jackpotlotteryonline.com\/pt-pt\/como-jogar\/powerball-australia\/#breadcrumb"},"inLanguage":"pt-PT","potentialAction":[{"@type":"ReadAction","target":["https:\/\/jackpotlotteryonline.com\/pt-pt\/como-jogar\/powerball-australia\/"]}]},{"@type":"ImageObject","inLanguage":"pt-PT","@id":"https:\/\/jackpotlotteryonline.com\/pt-pt\/como-jogar\/powerball-australia\/#primaryimage","url":"https:\/\/jackpotlotteryonline.com\/wp-content\/uploads\/2022\/11\/1_buy_online_ticket_powerball.jpg","contentUrl":"https:\/\/jackpotlotteryonline.com\/wp-content\/uploads\/2022\/11\/1_buy_online_ticket_powerball.jpg"},{"@type":"BreadcrumbList","@id":"https:\/\/jackpotlotteryonline.com\/pt-pt\/como-jogar\/powerball-australia\/#breadcrumb","itemListElement":[{"@type":"ListItem","position":1,"name":"Home","item":"https:\/\/jackpotlotteryonline.com\/pt-pt\/"},{"@type":"ListItem","position":2,"name":"Como jogar","item":"https:\/\/jackpotlotteryonline.com\/play-online\/"},{"@type":"ListItem","position":3,"name":"jogar Powerball Australia online"}]},{"@type":"WebSite","@id":"https:\/\/jackpotlotteryonline.com\/#website","url":"https:\/\/jackpotlotteryonline.com\/","name":"Lotto Online - Crack The International Lottery Jackpots","description":"","potentialAction":[{"@type":"SearchAction","target":{"@type":"EntryPoint","urlTemplate":"https:\/\/jackpotlotteryonline.com\/?s={search_term_string}"},"query-input":"required name=search_term_string"}],"inLanguage":"pt-PT"}]}},"_links":{"self":[{"href":"https:\/\/jackpotlotteryonline.com\/pt-pt\/wp-json\/wp\/v2\/pages\/39555","targetHints":{"allow":["GET"]}}],"collection":[{"href":"https:\/\/jackpotlotteryonline.com\/pt-pt\/wp-json\/wp\/v2\/pages"}],"about":[{"href":"https:\/\/jackpotlotteryonline.com\/pt-pt\/wp-json\/wp\/v2\/types\/page"}],"author":[{"embeddable":true,"href":"https:\/\/jackpotlotteryonline.com\/pt-pt\/wp-json\/wp\/v2\/users\/1"}],"replies":[{"embeddable":true,"href":"https:\/\/jackpotlotteryonline.com\/pt-pt\/wp-json\/wp\/v2\/comments?post=39555"}],"version-history":[{"count":0,"href":"https:\/\/jackpotlotteryonline.com\/pt-pt\/wp-json\/wp\/v2\/pages\/39555\/revisions"}],"up":[{"embeddable":true,"href":"https:\/\/jackpotlotteryonline.com\/pt-pt\/wp-json\/wp\/v2\/pages\/35712"}],"wp:attachment":[{"href":"https:\/\/jackpotlotteryonline.com\/pt-pt\/wp-json\/wp\/v2\/media?parent=39555"}],"curies":[{"name":"wp","href":"https:\/\/api.w.org\/{rel}","templated":true}]}}