{"id":39610,"date":"2022-11-28T09:33:46","date_gmt":"2022-11-28T09:33:46","guid":{"rendered":"https:\/\/jackpotlotteryonline.com\/?page_id=39610"},"modified":"2023-01-03T18:53:23","modified_gmt":"2023-01-03T18:53:23","slug":"saturday-lotto","status":"publish","type":"page","link":"https:\/\/jackpotlotteryonline.com\/pt-pt\/como-jogar\/saturday-lotto\/","title":{"rendered":"jogar o Saturday Lotto online"},"content":{"rendered":"<p>O Saturday Lotto \u00e9 uma das lotarias populares da Austr\u00e1lia e os jogadores de todo o pa\u00eds esperam ansiosamente por ele. Uma das raz\u00f5es \u00e9 que tem uma hist\u00f3ria de muitos milion\u00e1rios. O jackpot pode chegar aos AU$ 10 milh\u00f5es, o que \u00e9 um pr\u00e9mio incr\u00edvel quando se pensa no assunto. At\u00e9 agora, teria de ser um residente da Austr\u00e1lia antes de poder jogar nesta lotaria pela simples raz\u00e3o de que os bilhetes s\u00f3 estavam dispon\u00edveis no pa\u00eds. Com a Internet, tudo isso mudou, j\u00e1 que os jogadores de todo o mundo podem agora jogar na lotaria a partir de qualquer lugar.<\/p>\n<p>Portanto, se quiser jogar na lotaria de s\u00e1bado, basta visitar o jackpotlotteryonline.com para c<a href=\"https:\/\/jackpotlotteryonline.com\/pt-pt\/comprar-tickets\/saturday-lotto\">omprar o seu bilhete de lotaria<\/a>. Curiosamente, tamb\u00e9m pode obter bilhetes para todas as lotarias internacionais de topo de l\u00e1.<\/p>\n<h2>A Origem da Lotaria de S\u00e1bado<\/h2>\n<p><img loading=\"lazy\" decoding=\"async\" class=\"alignright size-medium wp-image-28103\" src=\"http:\/\/jackpotlotteryonline.com\/wp-content\/uploads\/2022\/11\/1_lotto_jackpot_online-257x300.jpg\" alt=\"jackpot da lotaria de s\u00e1bado\" width=\"257\" height=\"300\" srcset=\"https:\/\/jackpotlotteryonline.com\/wp-content\/uploads\/2022\/11\/1_lotto_jackpot_online-257x300.jpg 257w, https:\/\/jackpotlotteryonline.com\/wp-content\/uploads\/2022\/11\/1_lotto_jackpot_online.jpg 321w\" sizes=\"auto, (max-width: 257px) 100vw, 257px\" \/><\/p>\n<p>O primeiro sorteio teve lugar a 24 de Junho de 1972 e foi o primeiro sorteio do seu tipo na Austr\u00e1lia. \u00c9 tamb\u00e9m o loto mais antigo da Austr\u00e1lia. \u00c9 conhecida por nomes diferentes de jogadores em diferentes partes da Austr\u00e1lia: Tattslotto, Gold lotto, X lotto ou simplesmente lotto.<\/p>\n<p>O montante m\u00ednimo garantido do jackpot quando se joga \u00e9 de AU$ 5 milh\u00f5es e passa para a semana seguinte se n\u00e3o houver vencedor. O incr\u00edvel nesta lotaria \u00e9 que os jogadores t\u00eam uma probabilidade realmente boa de ganhar o jackpot. As probabilidades s\u00e3o t\u00e3o baixas que o pr\u00e9mio do jackpot raramente rola porque normalmente h\u00e1 sempre um vencedor.<\/p>\n<p>A lotaria de s\u00e1bado tamb\u00e9m realiza um mega sorteio uma vez por ano, que tem lugar depois do Natal. O jackpot para os mega sorteios \u00e9 bastante grande e foi aumentado para AU$ 30 milh\u00f5es. O mega sorteio produz normalmente m\u00faltiplos vencedores.<\/p>\n<h2>Como jogar o S\u00e1bado Lotto online<\/h2>\n<p>Para jogar o Lotto de S\u00e1bado, basta visitar o jackpotlotteryonline.com e ir para a p\u00e1gina do Lotto. Escolha seis n\u00fameros entre 1 e 45. Pode sempre escolher os seus n\u00fameros manualmente ou utilizar o nosso sistema autom\u00e1tico para gerar n\u00fameros aleat\u00f3rios.<\/p>\n<p><a href=\"https:\/\/jackpotlotteryonline.com\/pt-pt\/numeros-vencedores\/saturday-lotto\">A seguir, introduza os sorteios<\/a>. Na verdade, h\u00e1 apenas um sorteio por semana e \u00e9 no s\u00e1bado. Da\u00ed o nome: Saturday Lotto. Mas, pode optar por participar em at\u00e9 10 sorteios consecutivos. Se escolher esta op\u00e7\u00e3o, ser\u00e1 automaticamente inscrito em cada sorteio durante as pr\u00f3ximas 10 semanas.<\/p>\n<p>Depois de ter feito tudo isso, o pr\u00f3ximo passo \u00e9 processar o seu pagamento. Pedir-lhe-emos que se registe connosco para que possamos manter o seu bilhete seguro quando jogar. Tamb\u00e9m o informaremos se ganhar alguma coisa e depois poder\u00e1 levantar os seus ganhos da nossa plataforma.<\/p>\n<section class=\"layout\" style=\"border: solid 1px; width: 100%;\">\n<div class=\"img-div\" style=\"margin-top: 5px;\"><img decoding=\"async\" class=\"wp-image-17212 alignleft\" style=\"height: 45px; margin: 8px 8px 0px;\" src=\"http:\/\/jackpotlotteryonline.com\/wp-content\/uploads\/2022\/11\/read1.jpg\" alt=\"ler\" width=\"\" height=\"\" \/><\/div>\n<div style=\"padding-left: 5px;\">\n<div style=\"font-size: 1.1em;\">\n<p><strong>Alguns truques e dicas para escolher os seus n\u00fameros<\/strong><\/p>\n<p style=\"font-size: 0.85em; margin-top: -1.5em;\">Aumente as suas hip\u00f3teses de ganhar &#8211; use alguma estrat\u00e9gia para escolher os seus n\u00fameros\u00a0 <a href=\"https:\/\/jackpotlotteryonline.com\/pt-pt\/a-few-tricks-and-tips-for-choosing-your-numbers\"> leia mais<\/a><\/p>\n<\/div>\n<\/div>\n<\/section>\n<h2>Vantagens<\/h2>\n<p>Pode ser dif\u00edcil para aqueles que est\u00e3o habituados a comprar bilhetes de lotaria f\u00edsica e a fanfarra que vem de ganhar, ver as vantagens de jogar na Internet. Mas vamos partilhar algumas aqui.<\/p>\n<p>Jogar na Lotaria de S\u00e1bado online \u00e9 conveniente. N\u00e3o tem de sair de onde quer que v\u00e1, pois pode jogar facilmente no seu computador ou dispositivo m\u00f3vel. Al\u00e9m disso, significa que agora tem acesso a uma maior variedade de lotarias de todo o mundo.<\/p>\n<p>Comprar bilhetes n\u00e3o \u00e9 a \u00fanica vantagem quando se joga na lotaria. Talvez a principal vantagem seja que pode facilmente retirar os seus ganhos. \u00c9 simples e muitas vezes n\u00e3o tem de passar por qualquer procedimento complexo para obter os seus ganhos.<\/p>\n<h2>Ganhar a lotaria de s\u00e1bado<\/h2>\n<p>Para ganhar a lotaria, \u00e9 necess\u00e1rio igualar os seis n\u00fameros sorteados. Qualquer bilhete que corresponda a todos os seis n\u00fameros sorteados ganha o jackpot. H\u00e1 outros pr\u00e9mios que pode ganhar e mencion\u00e1-los-emos mais tarde. Mas note que pode ganhar um pr\u00e9mio ao igualar 3 n\u00fameros sorteados.<\/p>\n<p>Se ganhar a lotaria, pode retirar os seus pr\u00e9mios da nossa plataforma directamente para a sua conta.<\/p>\n<p>Por favor note que quando o seu pr\u00e9mio for superior a #2500, ter\u00e1 de reclamar o pr\u00e9mio directamente \u00e0 empresa lot\u00e9rica. Mas n\u00e3o se preocupe, n\u00f3s ajud\u00e1-lo-emos com isso, dando-lhe um formul\u00e1rio de reclama\u00e7\u00e3o a preencher.<\/p>\n<h2>N\u00fameros suplementares<\/h2>\n<p><img loading=\"lazy\" decoding=\"async\" class=\"alignright size-medium wp-image-29183\" src=\"http:\/\/jackpotlotteryonline.com\/wp-content\/uploads\/2022\/11\/1_play_lotto-online-300x199.jpg\" alt=\"jogar na lotaria de s\u00e1bado online\" width=\"300\" height=\"199\" srcset=\"https:\/\/jackpotlotteryonline.com\/wp-content\/uploads\/2022\/11\/1_play_lotto-online-300x199.jpg 300w, https:\/\/jackpotlotteryonline.com\/wp-content\/uploads\/2022\/11\/1_play_lotto-online.jpg 350w\" sizes=\"auto, (max-width: 300px) 100vw, 300px\" \/><\/p>\n<p>Se verificar as divis\u00f5es de pr\u00e9mios, poder\u00e1 reparar que algumas divis\u00f5es fazem uso de n\u00fameros suplementares. Estes n\u00e3o s\u00e3o n\u00fameros que se escolhem e n\u00e3o t\u00eam nada a ver com ganhar o jackpot. S\u00e3o simplesmente n\u00fameros gerados aleatoriamente que s\u00e3o escolhidos durante cada sorteio e que s\u00e3o utilizados para determinar as divis\u00f5es 2 e 5.<\/p>\n<h2>Pr\u00e9mios<\/h2>\n<p>Esta Lotaria tem seis divis\u00f5es de pr\u00e9mios diferentes e apenas combinando 3 n\u00fameros principais, pode ganhar um pr\u00e9mio. Claro que, quanto mais n\u00fameros conseguir igualar, mais elevado se torna o pr\u00e9mio. O pr\u00e9mio da Divis\u00e3o 1 \u00e9 o jackpot e seria necess\u00e1rio igualar todos os 6 n\u00fameros para ser eleg\u00edvel para esse pr\u00e9mio.<\/p>\n<p>Muitas vezes, os jogadores concentram-se no pr\u00e9mio da Divis\u00e3o 1, ou seja, o jackpot, com exclus\u00e3o das outras divis\u00f5es de pr\u00e9mios. Mas, tamb\u00e9m \u00e9 poss\u00edvel ganhar uma boa quantia destas outras divis\u00f5es. Abaixo, partilhamos as divis\u00f5es de pr\u00e9mios para a Lotaria de S\u00e1bado e as probabilidades de ganhar cada divis\u00e3o.<\/p>\n<p>Divis\u00e3o 1: 6 n\u00fameros principais &#8211; jackpot (1 em 8.145.060)<\/p>\n<p>Divis\u00e3o 2: 5 n\u00fameros principais + 1 ou 2 n\u00fameros suplementares (1 em 678,755)<\/p>\n<p>Divis\u00e3o 3: 5 n\u00fameros principais (1 em 36.689)<\/p>\n<p>Divis\u00e3o 4: 4 n\u00fameros principais (1 em 733)<\/p>\n<p>Divis\u00e3o 5: 3 n\u00fameros principais + 1 ou 2 n\u00fameros suplementares (1 em 297)<\/p>\n<p>Divis\u00e3o 6: 3 n\u00fameros principais (1 em 53)<\/p>\n<h2>Registe-se agora para jogar na lotaria de s\u00e1bado<\/h2>\n<p>Se estiver pronto para jogar na lotaria, pode comprar os seus bilhetes de lotaria aqui mesmo no nosso site. Assim que entrar no sorteio, ter\u00e1 a oportunidade de ganhar milh\u00f5es.<\/p>\n<p>Enquanto estiver aqui, pode tamb\u00e9m verificar outras lotarias. Temos uma vasta colec\u00e7\u00e3o de lotarias internacionais de topo e damos aos nossos clientes acesso a essas lotarias. Pode comprar os seus bilhetes para as lotarias dos EUA, Europa e Austr\u00e1lia, n\u00e3o importa onde vive.<\/p>\n<p>Como o site n\u00famero um do concierge da lotaria, simplific\u00e1mos o processo para proporcionar uma experi\u00eancia incr\u00edvel aos nossos clientes. Inscreva-se hoje connosco para poder jogar na lotaria.<\/p>\n","protected":false},"excerpt":{"rendered":"<p>O Saturday Lotto \u00e9 uma das lotarias populares da Austr\u00e1lia e os jogadores de todo o pa\u00eds esperam ansiosamente por ele. Uma das raz\u00f5es \u00e9 que tem uma hist\u00f3ria de muitos milion\u00e1rios. O jackpot pode chegar aos AU$ 10 milh\u00f5es, o que \u00e9 um pr\u00e9mio incr\u00edvel quando se pensa no assunto. At\u00e9 agora, teria de [&hellip;]<\/p>\n","protected":false},"author":1,"featured_media":0,"parent":35712,"menu_order":18,"comment_status":"closed","ping_status":"closed","template":"saturday-lotto.php","meta":{"_et_pb_use_builder":"","_et_pb_old_content":"","_et_gb_content_width":"","exclude_from_search":false,"footnotes":""},"class_list":["post-39610","page","type-page","status-publish","hentry"],"yoast_head":"<!-- This site is optimized with the Yoast SEO plugin v23.3 - https:\/\/yoast.com\/wordpress\/plugins\/seo\/ -->\n<title>Jogue na Lotaria de S\u00e1bado online<\/title>\n<meta name=\"description\" content=\"Desfrute da oportunidade de ganhar em grande com a Lotaria de S\u00e1bado, jogando online a partir de onde quer que esteja. Descubra como.\" \/>\n<meta name=\"robots\" content=\"index, follow, max-snippet:-1, max-image-preview:large, max-video-preview:-1\" \/>\n<link rel=\"canonical\" href=\"https:\/\/jackpotlotteryonline.com\/pt-pt\/como-jogar\/saturday-lotto\/\" \/>\n<meta property=\"og:locale\" content=\"pt_PT\" \/>\n<meta property=\"og:type\" content=\"article\" \/>\n<meta property=\"og:title\" content=\"Jogue na Lotaria de S\u00e1bado online\" \/>\n<meta property=\"og:description\" content=\"Desfrute da oportunidade de ganhar em grande com a Lotaria de S\u00e1bado, jogando online a partir de onde quer que esteja. Descubra como.\" \/>\n<meta property=\"og:url\" content=\"https:\/\/jackpotlotteryonline.com\/pt-pt\/como-jogar\/saturday-lotto\/\" \/>\n<meta property=\"og:site_name\" content=\"Lotto Online - Crack The International Lottery Jackpots\" \/>\n<meta property=\"article:modified_time\" content=\"2023-01-03T18:53:23+00:00\" \/>\n<meta property=\"og:image\" content=\"http:\/\/jackpotlotteryonline.com\/wp-content\/uploads\/2022\/11\/1_lotto_jackpot_online-257x300.jpg\" \/>\n<meta name=\"twitter:card\" content=\"summary_large_image\" \/>\n<meta name=\"twitter:label1\" content=\"Tempo estimado de leitura\" \/>\n\t<meta name=\"twitter:data1\" content=\"6 minutos\" \/>\n<!-- \/ Yoast SEO plugin. -->","yoast_head_json":{"title":"Jogue na Lotaria de S\u00e1bado online","description":"Desfrute da oportunidade de ganhar em grande com a Lotaria de S\u00e1bado, jogando online a partir de onde quer que esteja. Descubra como.","robots":{"index":"index","follow":"follow","max-snippet":"max-snippet:-1","max-image-preview":"max-image-preview:large","max-video-preview":"max-video-preview:-1"},"canonical":"https:\/\/jackpotlotteryonline.com\/pt-pt\/como-jogar\/saturday-lotto\/","og_locale":"pt_PT","og_type":"article","og_title":"Jogue na Lotaria de S\u00e1bado online","og_description":"Desfrute da oportunidade de ganhar em grande com a Lotaria de S\u00e1bado, jogando online a partir de onde quer que esteja. Descubra como.","og_url":"https:\/\/jackpotlotteryonline.com\/pt-pt\/como-jogar\/saturday-lotto\/","og_site_name":"Lotto Online - Crack The International Lottery Jackpots","article_modified_time":"2023-01-03T18:53:23+00:00","og_image":[{"url":"http:\/\/jackpotlotteryonline.com\/wp-content\/uploads\/2022\/11\/1_lotto_jackpot_online-257x300.jpg"}],"twitter_card":"summary_large_image","twitter_misc":{"Tempo estimado de leitura":"6 minutos"},"schema":{"@context":"https:\/\/schema.org","@graph":[{"@type":"WebPage","@id":"https:\/\/jackpotlotteryonline.com\/pt-pt\/como-jogar\/saturday-lotto\/","url":"https:\/\/jackpotlotteryonline.com\/pt-pt\/como-jogar\/saturday-lotto\/","name":"Jogue na Lotaria de S\u00e1bado online","isPartOf":{"@id":"https:\/\/jackpotlotteryonline.com\/#website"},"primaryImageOfPage":{"@id":"https:\/\/jackpotlotteryonline.com\/pt-pt\/como-jogar\/saturday-lotto\/#primaryimage"},"image":{"@id":"https:\/\/jackpotlotteryonline.com\/pt-pt\/como-jogar\/saturday-lotto\/#primaryimage"},"thumbnailUrl":"http:\/\/jackpotlotteryonline.com\/wp-content\/uploads\/2022\/11\/1_lotto_jackpot_online-257x300.jpg","datePublished":"2022-11-28T09:33:46+00:00","dateModified":"2023-01-03T18:53:23+00:00","description":"Desfrute da oportunidade de ganhar em grande com a Lotaria de S\u00e1bado, jogando online a partir de onde quer que esteja. Descubra como.","breadcrumb":{"@id":"https:\/\/jackpotlotteryonline.com\/pt-pt\/como-jogar\/saturday-lotto\/#breadcrumb"},"inLanguage":"pt-PT","potentialAction":[{"@type":"ReadAction","target":["https:\/\/jackpotlotteryonline.com\/pt-pt\/como-jogar\/saturday-lotto\/"]}]},{"@type":"ImageObject","inLanguage":"pt-PT","@id":"https:\/\/jackpotlotteryonline.com\/pt-pt\/como-jogar\/saturday-lotto\/#primaryimage","url":"http:\/\/jackpotlotteryonline.com\/wp-content\/uploads\/2022\/11\/1_lotto_jackpot_online-257x300.jpg","contentUrl":"http:\/\/jackpotlotteryonline.com\/wp-content\/uploads\/2022\/11\/1_lotto_jackpot_online-257x300.jpg"},{"@type":"BreadcrumbList","@id":"https:\/\/jackpotlotteryonline.com\/pt-pt\/como-jogar\/saturday-lotto\/#breadcrumb","itemListElement":[{"@type":"ListItem","position":1,"name":"Home","item":"https:\/\/jackpotlotteryonline.com\/pt-pt\/"},{"@type":"ListItem","position":2,"name":"Como jogar","item":"https:\/\/jackpotlotteryonline.com\/play-online\/"},{"@type":"ListItem","position":3,"name":"jogar o Saturday Lotto online"}]},{"@type":"WebSite","@id":"https:\/\/jackpotlotteryonline.com\/#website","url":"https:\/\/jackpotlotteryonline.com\/","name":"Lotto Online - Crack The International Lottery Jackpots","description":"","potentialAction":[{"@type":"SearchAction","target":{"@type":"EntryPoint","urlTemplate":"https:\/\/jackpotlotteryonline.com\/?s={search_term_string}"},"query-input":"required name=search_term_string"}],"inLanguage":"pt-PT"}]}},"_links":{"self":[{"href":"https:\/\/jackpotlotteryonline.com\/pt-pt\/wp-json\/wp\/v2\/pages\/39610","targetHints":{"allow":["GET"]}}],"collection":[{"href":"https:\/\/jackpotlotteryonline.com\/pt-pt\/wp-json\/wp\/v2\/pages"}],"about":[{"href":"https:\/\/jackpotlotteryonline.com\/pt-pt\/wp-json\/wp\/v2\/types\/page"}],"author":[{"embeddable":true,"href":"https:\/\/jackpotlotteryonline.com\/pt-pt\/wp-json\/wp\/v2\/users\/1"}],"replies":[{"embeddable":true,"href":"https:\/\/jackpotlotteryonline.com\/pt-pt\/wp-json\/wp\/v2\/comments?post=39610"}],"version-history":[{"count":0,"href":"https:\/\/jackpotlotteryonline.com\/pt-pt\/wp-json\/wp\/v2\/pages\/39610\/revisions"}],"up":[{"embeddable":true,"href":"https:\/\/jackpotlotteryonline.com\/pt-pt\/wp-json\/wp\/v2\/pages\/35712"}],"wp:attachment":[{"href":"https:\/\/jackpotlotteryonline.com\/pt-pt\/wp-json\/wp\/v2\/media?parent=39610"}],"curies":[{"name":"wp","href":"https:\/\/api.w.org\/{rel}","templated":true}]}}