{"id":39662,"date":"2022-11-28T12:36:57","date_gmt":"2022-11-28T12:36:57","guid":{"rendered":"https:\/\/jackpotlotteryonline.com\/?page_id=39662"},"modified":"2022-12-31T13:17:20","modified_gmt":"2022-12-31T13:17:20","slug":"saturday-lotto-2","status":"publish","type":"page","link":"https:\/\/jackpotlotteryonline.com\/pt-pt\/como-jogar\/saturday-lotto-2\/","title":{"rendered":"play Set For Life online"},"content":{"rendered":"<p>Muitos mais apostadores em todo o mundo est\u00e3o a come\u00e7ar a aperceber-se da beleza de serem postos para o resto das suas vidas. E \u00e9 isso que o UK Set for Life oferece aos jogadores: a oportunidade de ganhar \u00a310,000 todos os meses durante 30 anos. Chama-se lotaria da anuidade porque o vencedor n\u00e3o recebe uma quantia fixa. \u00c0 primeira vista, pode n\u00e3o parecer t\u00e3o apelativo como ganhar milhares de milh\u00f5es de euros. No entanto, h\u00e1 alguns jogadores que n\u00e3o se sentem \u00e0 vontade para manusear tanto dinheiro de uma s\u00f3 vez. Al\u00e9m disso, lemos sobre vencedores da lotaria que ficaram falidos ap\u00f3s alguns anos. Com esta lotaria do Reino Unido, n\u00e3o h\u00e1 qualquer hip\u00f3tese de isso acontecer, uma vez que o vencedor recebe 10.000 libras sem falhar todos os meses.<\/p>\n<p>Se est\u00e1 a pensar como pode jogar esta anuidade brit\u00e2nica de fora do Reino Unido, est\u00e1 com sorte. Aqui, partilharemos como jogar na lotaria e dicas para jogar de fora do Reino Unido.<\/p>\n<h2>Pode jogar no Set For Life a partir de fora do Reino Unido?<\/h2>\n<p><img loading=\"lazy\" decoding=\"async\" class=\"alignright size-medium wp-image-27941\" src=\"http:\/\/jackpotlotteryonline.com\/wp-content\/uploads\/2022\/11\/1_lottery_winner_ticket-200x300.jpg\" alt=\"ganhar em grande com Set for life\" width=\"200\" height=\"300\" srcset=\"https:\/\/jackpotlotteryonline.com\/wp-content\/uploads\/2022\/11\/1_lottery_winner_ticket-200x300.jpg 200w, https:\/\/jackpotlotteryonline.com\/wp-content\/uploads\/2022\/11\/1_lottery_winner_ticket.jpg 320w\" sizes=\"auto, (max-width: 200px) 100vw, 200px\" \/><\/p>\n<p>Set For Life pode ser essencialmente uma lotaria do Reino Unido, mas o desejo de ganhar em grande todos os meses \u00e9 partilhado por apostadores de todo o mundo. Sejamos honestos, quem n\u00e3o gostaria de pensar em ganhar \u00a310,000 todos os meses durante 30 anos? Normalmente, o Set For Life \u00e9 jogado apenas no Reino Unido, porque \u00e9 a\u00ed que os bilhetes s\u00e3o vendidos. No entanto, os jogadores podem agora comprar bilhetes de qualquer lugar.<\/p>\n<p>A Internet tornou muitas coisas poss\u00edveis, particularmente o acesso \u00e0 informa\u00e7\u00e3o. Agora, os apostadores de todo o mundo podem comprar bilhetes para as principais lotarias internacionais, incluindo o Set For Life. Assim, se for um jogador fora do Reino Unido, pode facilmente <a href=\"https:\/\/jackpotlotteryonline.com\/pt-pt\/comprar-tickets\/set-for-life\">comprar bilhetes para a lotaria da anuidade brit\u00e2nica<\/a>, visitando o jackpotlotteryonline.com.<\/p>\n<p>Se quiser ter a ideia de ser apostado para o resto da sua vida, ent\u00e3o apresse-se agora e obtenha um bilhete antes do pr\u00f3ximo sorteio.<\/p>\n<h2>Como jogar<\/h2>\n<p>Para jogar na lotaria do Reino Unido, os jogadores precisam de escolher 5 n\u00fameros de uma gama de 1 a 47 e 1 n\u00famero Life Ball de 1 a 10. A seguir,<a href=\"https:\/\/jackpotlotteryonline.com\/pt-pt\/numeros-vencedores\/set-for-life\"> escolhe os dias de sorteio<\/a> em que quer participar e o n\u00famero de semanas em que gostaria de jogar.<\/p>\n<p>Quando utiliza o nosso site, pode utilizar o nosso gerador de n\u00fameros para seleccionar aleatoriamente os seus n\u00fameros. Al\u00e9m disso, pode defini-lo de modo a ser automaticamente inscrito em cada sorteio com v\u00e1rias semanas de anteced\u00eancia. Desta forma, n\u00e3o precisa de se preocupar em faltar a um sorteio. Al\u00e9m disso, publicamos os resultados em bruto aqui mesmo no nosso site.<\/p>\n<p>Os sorteios do Set For Life t\u00eam lugar todas as segundas e quintas-feiras \u00e0 noite. Jogar na lotaria connosco significa que n\u00e3o tem de perder um sorteio porque n\u00e3o comprou o seu bilhete antes de este fechar.<\/p>\n<h2>Dicas para jogar online<\/h2>\n<p>Antes de comprar o seu bilhete de lotaria na Internet, \u00e9 importante saber algumas coisas. Estas s\u00e3o algumas dicas que o ajudar\u00e3o a ter uma experi\u00eancia de jogo mais agrad\u00e1vel.<\/p>\n<ul>\n<li>Utilize sempre um site de concierge para comprar os seus bilhetes de lotaria<\/li>\n<li>Certifique-se de que pode retirar os seus ganhos sem aborrecimentos do site<\/li>\n<li>Compre v\u00e1rios bilhetes e participe em v\u00e1rios sorteios para aumentar as suas probabilidades de ganhar<\/li>\n<li>Utilize um site que o avisar\u00e1 (atrav\u00e9s de e-mail) assim que ganhar um pr\u00e9mio<\/li>\n<\/ul>\n<h2>Categorias de pr\u00e9mios Set For Life<\/h2>\n<div id=\"attachment_27779\" style=\"width: 222px\" class=\"wp-caption alignright\"><img loading=\"lazy\" decoding=\"async\" aria-describedby=\"caption-attachment-27779\" class=\"size-full wp-image-27779\" src=\"http:\/\/jackpotlotteryonline.com\/wp-content\/uploads\/2022\/11\/1_lottery_ticket.jpg\" alt=\"como jogar Set for life\" width=\"212\" height=\"142\" \/><p id=\"caption-attachment-27779\" class=\"wp-caption-text\">Preenchimento do bilhete de lotaria com l\u00e1pis sobre mesa de madeira, fecho. Espa\u00e7o para texto<\/p><\/div>\n<p>O pr\u00e9mio m\u00e1ximo para esta lotaria do Reino Unido \u00e9 de \u00a310.000 todos os meses durante os pr\u00f3ximos 30 anos. \u00c9 como receber 10 mil libras por m\u00eas para ter umas f\u00e9rias de 30 anos. Este pr\u00e9mio \u00e9 um pr\u00e9mio que entusiasma muitos jogadores. No entanto, ainda mais excitante \u00e9 o facto de esta lotaria tamb\u00e9m ter outros n\u00edveis de pr\u00e9mios excitantes. Aqui est\u00e3o as categorias de pr\u00e9mios.<\/p>\n<p>Categoria 1: Combine 5 n\u00fameros + o Baile da Vida &#8211; \u00a310,000 todos os meses durante 30 anos<\/p>\n<p>Categoria 2: Combine apenas 5 n\u00fameros &#8211; \u00a310,000 todos os meses durante 1 ano<\/p>\n<p>Categoria 3: Combine 4 n\u00fameros + a bola LIfe &#8211; \u00a3250<\/p>\n<p>Categoria 4: Combinar apenas 4 n\u00fameros &#8211; \u00a350<\/p>\n<p>Categoria 5: Combine 3 n\u00fameros + o Baile da Vida &#8211; \u00a330<\/p>\n<p>Categoria 6: Combine apenas 3 n\u00fameros &#8211; \u00a320<\/p>\n<p>Categoria 7: Combine 2 n\u00fameros + o Baile da Vida &#8211; \u00a310<\/p>\n<p>Apenas n\u00fameros da categoria 8 &#8211; \u00a35<\/p>\n<section class=\"layout\" style=\"border: solid 1px; width: 100%;\">\n<div class=\"img-div\" style=\"margin-top: 5px;\"><img decoding=\"async\" class=\"wp-image-17212 alignleft\" style=\"height: 45px; margin: 8px 8px 0px;\" src=\"http:\/\/jackpotlotteryonline.com\/wp-content\/uploads\/2022\/11\/read1.jpg\" alt=\"Leia \" width=\"\" height=\"\" \/><\/div>\n<div style=\"padding-left: 5px;\">\n<div style=\"font-size: 1.1em;\">\n<p><strong>Alguns vencedores da lotaria devolveram \u00e0 comunidade<\/strong><\/p>\n<p style=\"font-size: 0.85em; margin-top: -1.5em;\">Algumas hist\u00f3rias interessantes e emocionantes sobre os vencedores da lotaria que retribuem\u00a0<a href=\"https:\/\/jackpotlotteryonline.com\/pt-pt\/historias-sobre-lotaria-vencedores-giving-back\"> leia mais<\/a><\/p>\n<\/div>\n<\/div>\n<\/section>\n<h2>Jogue hoje aqui na lotaria da anuidade do Reino Unido<\/h2>\n<p>Somos um site de lotaria concierge que torna poss\u00edvel aos jogadores de todo o mundo o acesso \u00e0s lotarias internacionais de topo. Quando nos compra os seus bilhetes de lotaria, desfruta do prazer de jogar na lotaria sem qualquer dos inc\u00f3modos.<\/p>\n<p>Se ganhar qualquer pr\u00e9mio, pode facilmente retirar os seus ganhos aqui mesmo do nosso site. Tornamo-lo assim t\u00e3o simples. E se o seu pr\u00e9mio for superior a um determinado montante, ajud\u00e1-lo-emos com um formul\u00e1rio de reclama\u00e7\u00e3o para que possa levantar o seu pr\u00e9mio.<\/p>\n<p>Tudo o que fazemos tem como objectivo proporcionar aos nossos clientes uma experi\u00eancia de lotaria sem descontinuidades. Por isso, v\u00e1 em frente e participe hoje no UK Set for Life lottery.<\/p>\n","protected":false},"excerpt":{"rendered":"<p>Muitos mais apostadores em todo o mundo est\u00e3o a come\u00e7ar a aperceber-se da beleza de serem postos para o resto das suas vidas. E \u00e9 isso que o UK Set for Life oferece aos jogadores: a oportunidade de ganhar \u00a310,000 todos os meses durante 30 anos. Chama-se lotaria da anuidade porque o vencedor n\u00e3o recebe [&hellip;]<\/p>\n","protected":false},"author":1,"featured_media":0,"parent":35712,"menu_order":11,"comment_status":"closed","ping_status":"closed","template":"set-for-life.php","meta":{"_et_pb_use_builder":"","_et_pb_old_content":"","_et_gb_content_width":"","exclude_from_search":false,"footnotes":""},"class_list":["post-39662","page","type-page","status-publish","hentry"],"yoast_head":"<!-- This site is optimized with the Yoast SEO plugin v23.3 - https:\/\/yoast.com\/wordpress\/plugins\/seo\/ -->\n<title>Conjunto de jogos para toda a vida a partir de fora do Reino Unido<\/title>\n<meta name=\"description\" content=\"Jogue na lotaria da anuidade do Reino Unido online e ganhe a oportunidade de ser definido para o resto da sua vida.\" \/>\n<meta name=\"robots\" content=\"index, follow, max-snippet:-1, max-image-preview:large, max-video-preview:-1\" \/>\n<link rel=\"canonical\" href=\"https:\/\/jackpotlotteryonline.com\/pt-pt\/como-jogar\/saturday-lotto-2\/\" \/>\n<meta property=\"og:locale\" content=\"pt_PT\" \/>\n<meta property=\"og:type\" content=\"article\" \/>\n<meta property=\"og:title\" content=\"Conjunto de jogos para toda a vida a partir de fora do Reino Unido\" \/>\n<meta property=\"og:description\" content=\"Jogue na lotaria da anuidade do Reino Unido online e ganhe a oportunidade de ser definido para o resto da sua vida.\" \/>\n<meta property=\"og:url\" content=\"https:\/\/jackpotlotteryonline.com\/pt-pt\/como-jogar\/saturday-lotto-2\/\" \/>\n<meta property=\"og:site_name\" content=\"Lotto Online - Crack The International Lottery Jackpots\" \/>\n<meta property=\"article:modified_time\" content=\"2022-12-31T13:17:20+00:00\" \/>\n<meta property=\"og:image\" content=\"http:\/\/jackpotlotteryonline.com\/wp-content\/uploads\/2022\/11\/1_lottery_winner_ticket-200x300.jpg\" \/>\n<meta name=\"twitter:card\" content=\"summary_large_image\" \/>\n<meta name=\"twitter:label1\" content=\"Tempo estimado de leitura\" \/>\n\t<meta name=\"twitter:data1\" content=\"5 minutos\" \/>\n<!-- \/ Yoast SEO plugin. -->","yoast_head_json":{"title":"Conjunto de jogos para toda a vida a partir de fora do Reino Unido","description":"Jogue na lotaria da anuidade do Reino Unido online e ganhe a oportunidade de ser definido para o resto da sua vida.","robots":{"index":"index","follow":"follow","max-snippet":"max-snippet:-1","max-image-preview":"max-image-preview:large","max-video-preview":"max-video-preview:-1"},"canonical":"https:\/\/jackpotlotteryonline.com\/pt-pt\/como-jogar\/saturday-lotto-2\/","og_locale":"pt_PT","og_type":"article","og_title":"Conjunto de jogos para toda a vida a partir de fora do Reino Unido","og_description":"Jogue na lotaria da anuidade do Reino Unido online e ganhe a oportunidade de ser definido para o resto da sua vida.","og_url":"https:\/\/jackpotlotteryonline.com\/pt-pt\/como-jogar\/saturday-lotto-2\/","og_site_name":"Lotto Online - Crack The International Lottery Jackpots","article_modified_time":"2022-12-31T13:17:20+00:00","og_image":[{"url":"http:\/\/jackpotlotteryonline.com\/wp-content\/uploads\/2022\/11\/1_lottery_winner_ticket-200x300.jpg"}],"twitter_card":"summary_large_image","twitter_misc":{"Tempo estimado de leitura":"5 minutos"},"schema":{"@context":"https:\/\/schema.org","@graph":[{"@type":"WebPage","@id":"https:\/\/jackpotlotteryonline.com\/pt-pt\/como-jogar\/saturday-lotto-2\/","url":"https:\/\/jackpotlotteryonline.com\/pt-pt\/como-jogar\/saturday-lotto-2\/","name":"Conjunto de jogos para toda a vida a partir de fora do Reino Unido","isPartOf":{"@id":"https:\/\/jackpotlotteryonline.com\/#website"},"primaryImageOfPage":{"@id":"https:\/\/jackpotlotteryonline.com\/pt-pt\/como-jogar\/saturday-lotto-2\/#primaryimage"},"image":{"@id":"https:\/\/jackpotlotteryonline.com\/pt-pt\/como-jogar\/saturday-lotto-2\/#primaryimage"},"thumbnailUrl":"http:\/\/jackpotlotteryonline.com\/wp-content\/uploads\/2022\/11\/1_lottery_winner_ticket-200x300.jpg","datePublished":"2022-11-28T12:36:57+00:00","dateModified":"2022-12-31T13:17:20+00:00","description":"Jogue na lotaria da anuidade do Reino Unido online e ganhe a oportunidade de ser definido para o resto da sua vida.","breadcrumb":{"@id":"https:\/\/jackpotlotteryonline.com\/pt-pt\/como-jogar\/saturday-lotto-2\/#breadcrumb"},"inLanguage":"pt-PT","potentialAction":[{"@type":"ReadAction","target":["https:\/\/jackpotlotteryonline.com\/pt-pt\/como-jogar\/saturday-lotto-2\/"]}]},{"@type":"ImageObject","inLanguage":"pt-PT","@id":"https:\/\/jackpotlotteryonline.com\/pt-pt\/como-jogar\/saturday-lotto-2\/#primaryimage","url":"http:\/\/jackpotlotteryonline.com\/wp-content\/uploads\/2022\/11\/1_lottery_winner_ticket-200x300.jpg","contentUrl":"http:\/\/jackpotlotteryonline.com\/wp-content\/uploads\/2022\/11\/1_lottery_winner_ticket-200x300.jpg"},{"@type":"BreadcrumbList","@id":"https:\/\/jackpotlotteryonline.com\/pt-pt\/como-jogar\/saturday-lotto-2\/#breadcrumb","itemListElement":[{"@type":"ListItem","position":1,"name":"Home","item":"https:\/\/jackpotlotteryonline.com\/pt-pt\/"},{"@type":"ListItem","position":2,"name":"Como jogar","item":"https:\/\/jackpotlotteryonline.com\/play-online\/"},{"@type":"ListItem","position":3,"name":"play Set For Life online"}]},{"@type":"WebSite","@id":"https:\/\/jackpotlotteryonline.com\/#website","url":"https:\/\/jackpotlotteryonline.com\/","name":"Lotto Online - Crack The International Lottery Jackpots","description":"","potentialAction":[{"@type":"SearchAction","target":{"@type":"EntryPoint","urlTemplate":"https:\/\/jackpotlotteryonline.com\/?s={search_term_string}"},"query-input":"required name=search_term_string"}],"inLanguage":"pt-PT"}]}},"_links":{"self":[{"href":"https:\/\/jackpotlotteryonline.com\/pt-pt\/wp-json\/wp\/v2\/pages\/39662","targetHints":{"allow":["GET"]}}],"collection":[{"href":"https:\/\/jackpotlotteryonline.com\/pt-pt\/wp-json\/wp\/v2\/pages"}],"about":[{"href":"https:\/\/jackpotlotteryonline.com\/pt-pt\/wp-json\/wp\/v2\/types\/page"}],"author":[{"embeddable":true,"href":"https:\/\/jackpotlotteryonline.com\/pt-pt\/wp-json\/wp\/v2\/users\/1"}],"replies":[{"embeddable":true,"href":"https:\/\/jackpotlotteryonline.com\/pt-pt\/wp-json\/wp\/v2\/comments?post=39662"}],"version-history":[{"count":0,"href":"https:\/\/jackpotlotteryonline.com\/pt-pt\/wp-json\/wp\/v2\/pages\/39662\/revisions"}],"up":[{"embeddable":true,"href":"https:\/\/jackpotlotteryonline.com\/pt-pt\/wp-json\/wp\/v2\/pages\/35712"}],"wp:attachment":[{"href":"https:\/\/jackpotlotteryonline.com\/pt-pt\/wp-json\/wp\/v2\/media?parent=39662"}],"curies":[{"name":"wp","href":"https:\/\/api.w.org\/{rel}","templated":true}]}}