{"id":39720,"date":"2022-11-29T08:14:18","date_gmt":"2022-11-29T08:14:18","guid":{"rendered":"https:\/\/jackpotlotteryonline.com\/?page_id=39720"},"modified":"2023-01-03T10:25:19","modified_gmt":"2023-01-03T10:25:19","slug":"new-york-lottery-2","status":"publish","type":"page","link":"https:\/\/jackpotlotteryonline.com\/pt-pt\/como-jogar\/new-york-lottery-2\/","title":{"rendered":"Jogar loto de Nova Iorque online"},"content":{"rendered":"<p>A hist\u00f3ria da lotaria de Nova Iorque est\u00e1 impregnada de boas ac\u00e7\u00f5es e de positividade geral. Como uma lotaria que foi criada como forma de ajudar na educa\u00e7\u00e3o no estado, \u00e9 uma boa op\u00e7\u00e3o para apostadores que gostam de um pouco de altru\u00edsmo com a sua divers\u00e3o. Basicamente, se quiser uma lotaria que lhe permita sentir que est\u00e1 a contribuir com algo de bom para o mundo, ent\u00e3o deve considerar a lotaria de Nova Iorque.<\/p>\n<p>Mas a quest\u00e3o para a maioria dos jogadores \u00e9 como participar nesta lotaria de uma parte diferente do mundo. Como provavelmente j\u00e1 adivinhou pelo nome, a lotaria de Nova Iorque \u00e9 a lotaria estatal do estado de Nova Iorque nos EUA. Portanto, est\u00e1 aberta aos entusiastas da lotaria que vivem nesse estado e os bilhetes de lotaria podem ser facilmente acedidos pelos vendedores do estado. Se se vive fora do estado &#8211; ou mesmo num continente completamente diferente &#8211; \u00e9 uma hist\u00f3ria completamente diferente.<\/p>\n<p>Mas nunca tema, mostrar-lhe-emos a melhor forma de comprar bilhetes de lotaria de qualquer parte do mundo. Se estiver com pressa de participar no pr\u00f3ximo sorteio, porque n\u00e3o visitar o jackpotlotteryonline.com para come\u00e7ar?<\/p>\n<h2>Dicas para jogar na lotaria de Nova Iorque<\/h2>\n<p>Agora, a raz\u00e3o de estarmos aqui; como jogar o loto de Nova Iorque a partir de qualquer lugar. Antes de entrarmos nos pormenores, \u00e9 provavelmente uma boa ideia partilhar algumas dicas para jogar na lotaria. Embora estejamos aqui a falar de uma lotaria espec\u00edfica, estas dicas tamb\u00e9m se aplicam a outras lotarias internacionais de topo, nas quais tamb\u00e9m se pode entrar aqui, a prop\u00f3sito.<\/p>\n<p><strong>Dito isto, aqui est\u00e3o as nossas dicas para jogar na lotaria de Nova Iorque:<\/strong><\/p>\n<ul>\n<li>Escolha cuidadosamente os seus n\u00fameros. \u00c9 verdade que n\u00e3o existe uma forma real de prever que n\u00fameros ir\u00e3o ganhar a lotaria, no entanto, h\u00e1 algo a dizer sobre a escolha de n\u00fameros que significam algo para si.<\/li>\n<li>Esteja atento ao n\u00famero de b\u00f3nus. E, isto \u00e9 algo que muitos jogadores n\u00e3o percebem realmente; o facto de o jackpot n\u00e3o ser tudo o que se pode ganhar. O n\u00famero de b\u00f3nus \u00e9 o que determina o pr\u00e9mio de segundo n\u00edvel, que \u00e9 tamb\u00e9m uma soma saud\u00e1vel com que se pode ir para casa.<\/li>\n<li>N\u00e3o perca os sorteios. Se est\u00e1 nisto para ganhar, ent\u00e3o deve concentrar-se em participar nos sorteios. A lotaria de Nova Iorque tem dois sorteios por semana, na quarta-feira e no s\u00e1bado. Fa\u00e7a um esfor\u00e7o para participar nos dois sorteios. Pode tamb\u00e9m participar nos sorteios com v\u00e1rias semanas de anteced\u00eancia (mostrar-lhe-emos como, mais tarde).<\/li>\n<\/ul>\n<h2>Offline vs Online<\/h2>\n<p><img loading=\"lazy\" decoding=\"async\" class=\"alignright size-full wp-image-31505\" src=\"http:\/\/jackpotlotteryonline.com\/wp-content\/uploads\/2022\/11\/lotto2-300x84-1.png\" alt=\"jogar lotaria de Nova Iorque online\" width=\"300\" height=\"84\" \/>Qual \u00e9 a diferen\u00e7a entre jogar na lotaria online e offline e existem algumas vantagens? Sim, ouvimos muito estas perguntas e elas s\u00e3o perguntas v\u00e1lidas. Se vive em NYC, por exemplo, \u00e9 natural que se pergunte se existe alguma vantagem em participar na lotaria online. Bem, podemos dar-lhe uma: conveni\u00eancia.<\/p>\n<p>Tentar descobrir que vendedor vende que bilhete de lotaria pode ser stressante, particularmente quando se tem apenas alguns minutos de sobra antes da venda dos bilhetes fechar. Al\u00e9m disso, pode querer participar em m\u00faltiplas lotarias e isso s\u00f3 se torna confuso se tiver de se deslocar de um vendedor para outro.<\/p>\n<p>Jogar na lotaria online oferece aos apostadores uma conveni\u00eancia que nem sequer era imaginada antes. Logo a partir do conforto do seu computador ou dispositivo m\u00f3vel, pode comprar bilhetes de lotaria, verificar resultados de sorteios e retirar quaisquer ganhos. Assim que tentar jogar na lotaria online, n\u00e3o haver\u00e1 volta atr\u00e1s, podemos garantir isso.<\/p>\n<h2>Como jogar online<\/h2>\n<p>Quer seja um apostador experiente ou um novato, entrar na lotaria online \u00e9 r\u00e1pido, simples e totalmente directo. Se estiver a jogar na lotaria de Nova Iorque, aqui est\u00e3o os passos abaixo:<\/p>\n<ul>\n<li>Clique na lotaria que deseja jogar.<\/li>\n<li>Escolha 6 n\u00fameros de uma gama de 1 a 59. Existe um 7\u00ba n\u00famero, mas este \u00e9 sorteado aleatoriamente pela empresa lot\u00e9rica e n\u00e3o faz parte do seu bilhete.<\/li>\n<li><a href=\"https:\/\/jackpotlotteryonline.com\/pt-pt\/numeros-vencedores\/new-york-lottery\">Introduza os sorteios<\/a> que se realizam \u00e0s quartas e s\u00e1bados de cada semana. Pode participar apenas num sorteio ou em ambos.<\/li>\n<li>Finalize o seu pagamento. A maioria dos sites de lotaria ir\u00e1 solicitar que se registe para completar o seu pagamento. Isto \u00e9 para que possa aceder facilmente ao seu bilhete depois de o ter comprado.<\/li>\n<\/ul>\n<p>Jogar na lotaria on-line \u00e9 realmente assim t\u00e3o simples. Considerando que n\u00e3o h\u00e1 outra forma de obter bilhetes para a lotaria de Nova Iorque de fora do estado de Nova Iorque nos EUA, este \u00e9 tamb\u00e9m um m\u00e9todo fant\u00e1stico quando se vive noutra parte do mundo.<\/p>\n<section class=\"layout\" style=\"border: solid 1px; width: 100%;\">\n<div class=\"img-div\" style=\"margin-top: 5px;\"><img decoding=\"async\" class=\"wp-image-17212 alignleft\" style=\"height: 45px; margin: 8px 8px 0px;\" src=\"http:\/\/jackpotlotteryonline.com\/wp-content\/uploads\/2022\/11\/read1.jpg\" alt=\"Leia \" width=\"\" height=\"\" \/><\/div>\n<div style=\"padding-left: 5px;\">\n<div style=\"font-size: 1.1em;\">\n<p><strong>Como \u00e9 que sou pago se ganhar a lotaria online?<\/strong><\/p>\n<p style=\"font-size: 0.85em; margin-top: -1.5em;\">\u00c9 assim que recebe o seu dinheiro se ganhar a lotaria online\u00a0<a href=\"https:\/\/jackpotlotteryonline.com\/pt-pt\/como-e-que-sou-pago-se-ganhar-a-lotaria-online\"> leia mais<\/a><\/p>\n<\/div>\n<\/div>\n<\/section>\n<h2>Como escolher os n\u00fameros vencedores<\/h2>\n<p>O tema da escolha dos n\u00fameros vencedores \u00e9 complexo, embora se o analisarmos de perto, n\u00e3o o deva ser. \u00c9 demasiado complicado para aqueles que querem dar-lhe as chamadas f\u00f3rmulas matem\u00e1ticas para ganhar a lotaria. A s\u00e9rio, n\u00e3o confiem em nenhum dos chamados m\u00e9todos cient\u00edficos.<\/p>\n<p>A lotaria \u00e9 um jogo de azar e a lotaria de Nova Iorque n\u00e3o \u00e9 uma excep\u00e7\u00e3o. Os n\u00fameros s\u00e3o gerados aleatoriamente e a sorte tem muito a ver com quem ganha a lotaria.<\/p>\n<p>Com isso em mente, \u00e9 sempre uma boa ideia capitalizar um pouco o factor sorte, escolhendo os seus n\u00fameros da sorte. Assim, pode escolher anivers\u00e1rios, anivers\u00e1rios, n\u00fameros que tiveram sorte para si durante toda a sua vida, etc. Ou, pode simplesmente utilizar a ferramenta do gerador autom\u00e1tico no nosso site para escolher n\u00fameros aleatoriamente. No final do dia, tudo se resume \u00e0 sorte.<\/p>\n<h2>Onde comprar bilhetes para a lotaria de Nova Iorque<\/h2>\n<p><img loading=\"lazy\" decoding=\"async\" class=\"alignright size-medium wp-image-28913\" src=\"http:\/\/jackpotlotteryonline.com\/wp-content\/uploads\/2022\/11\/1_pick_lottery_numbers-300x200.jpg\" alt=\"comprar bilhetes para a lotaria de Nova Iorque\" width=\"300\" height=\"200\" srcset=\"https:\/\/jackpotlotteryonline.com\/wp-content\/uploads\/2022\/11\/1_pick_lottery_numbers-300x200.jpg 300w, https:\/\/jackpotlotteryonline.com\/wp-content\/uploads\/2022\/11\/1_pick_lottery_numbers.jpg 320w\" sizes=\"auto, (max-width: 300px) 100vw, 300px\" \/><\/p>\n<p>Se estiver pronto para entrar na lotaria de Nova Iorque, o pr\u00f3ximo passo \u00e9 <a href=\"https:\/\/jackpotlotteryonline.com\/pt-pt\/comprar-tickets\/new-york-lottery\">comprar os seus bilhetes<\/a>. Pode faz\u00ea-lo online a partir de um site de venda de lotaria como o jackpotlotteryonline.com. \u00c9 importante ter cuidado com os sites de lotaria que n\u00e3o lhe dizem exactamente como ir\u00e3o obter os seus bilhetes. Tais sites podem apenas permitir-lhe apostar no resultado da lotaria sem realmente participar na mesma.<\/p>\n<p>Quando nos comprar os seus bilhetes de lotaria, os nossos agentes em Nova Iorque comprar\u00e3o bilhetes com os n\u00fameros correspondentes. \u00c9 quase como ter o seu agente de lotaria pessoal em diferentes partes do mundo.<\/p>\n<h2>N\u00edveis de pr\u00e9mios para a lotaria de Nova Iorque<\/h2>\n<p>A lotaria de Nova Iorque tem v\u00e1rios n\u00edveis de pr\u00e9mios. Embora a maioria dos apostadores visem o jackpot, e voc\u00ea tamb\u00e9m deveria, \u00e9 um facto da vida que nem todos podem ganhar o jackpot. No entanto, existem v\u00e1rias outras categorias de pr\u00e9mios que os apostadores podem ganhar.<\/p>\n<p>Assim, o pr\u00e9mio do jackpot come\u00e7a em $2 milh\u00f5es, mas n\u00e3o se deixe enganar por esse montante. Quando n\u00e3o h\u00e1 vencedor depois de um sorteio, o pr\u00e9mio rola e apenas come\u00e7a a crescer e a crescer. O maior pr\u00e9mio de sempre para esta lotaria foi um espantoso jackpot de 176 milh\u00f5es de d\u00f3lares. Sim, totalmente transformador.<\/p>\n<p>Tier 1 (jackpot) &#8211; iguala todos os 6 n\u00fameros sorteados<\/p>\n<p>Tier 2 &#8211; corresponder 5 n\u00fameros + n\u00famero de b\u00f3nus<\/p>\n<p>Tier 3 &#8211; corresponder 5 n\u00fameros<\/p>\n<p>Tier 4 &#8211; corresponder 4 n\u00fameros<\/p>\n<p>Tier 5 &#8211; corresponder 3 n\u00fameros<\/p>\n<h2>Vencer e Descontar<\/h2>\n<p>Ganhar a lotaria de Nova Iorque significa ter um bilhete que corresponda aos n\u00fameros sorteados. Quem corresponder aos n\u00fameros sorteados, ganha a lotaria. Para saber se ganhou a lotaria, teria de verificar os resultados do sorteio. Se estiver registado connosco, enviar-lhe-emos um e-mail se ganhar um pr\u00e9mio.<\/p>\n<p>Se nos comprar os seus bilhetes de lotaria, poder\u00e1 facilmente retirar os seus ganhos da nossa plataforma para a sua conta. Se ganhar 2500 euros ou menos, ent\u00e3o pode levantar o seu dinheiro com um simples clique. Se for mais do que isso, enviar-lhe-emos um formul\u00e1rio de reclama\u00e7\u00f5es para preencher e depois ajudar a processar os seus ganhos.<\/p>\n<p>Procure bilhetes para a lotaria de Nova Iorque agora no jackpotlotteryonline.com.<\/p>\n","protected":false},"excerpt":{"rendered":"<p>A hist\u00f3ria da lotaria de Nova Iorque est\u00e1 impregnada de boas ac\u00e7\u00f5es e de positividade geral. Como uma lotaria que foi criada como forma de ajudar na educa\u00e7\u00e3o no estado, \u00e9 uma boa op\u00e7\u00e3o para apostadores que gostam de um pouco de altru\u00edsmo com a sua divers\u00e3o. Basicamente, se quiser uma lotaria que lhe permita [&hellip;]<\/p>\n","protected":false},"author":1,"featured_media":0,"parent":35712,"menu_order":14,"comment_status":"closed","ping_status":"closed","template":"newyork.php","meta":{"_et_pb_use_builder":"","_et_pb_old_content":"","_et_gb_content_width":"","exclude_from_search":false,"footnotes":""},"class_list":["post-39720","page","type-page","status-publish","hentry"],"yoast_head":"<!-- This site is optimized with the Yoast SEO plugin v23.3 - https:\/\/yoast.com\/wordpress\/plugins\/seo\/ -->\n<title>Como jogar o loto de Nova Iorque a partir de qualquer lugar<\/title>\n<meta name=\"description\" content=\"N\u00e3o importa onde se encontre, pode entrar na lotaria de Nova Iorque online. Saiba mais sobre como jogar e ganhar aqui.\" \/>\n<meta name=\"robots\" content=\"index, follow, max-snippet:-1, max-image-preview:large, max-video-preview:-1\" \/>\n<link rel=\"canonical\" href=\"https:\/\/jackpotlotteryonline.com\/pt-pt\/como-jogar\/new-york-lottery-2\/\" \/>\n<meta property=\"og:locale\" content=\"pt_PT\" \/>\n<meta property=\"og:type\" content=\"article\" \/>\n<meta property=\"og:title\" content=\"Como jogar o loto de Nova Iorque a partir de qualquer lugar\" \/>\n<meta property=\"og:description\" content=\"N\u00e3o importa onde se encontre, pode entrar na lotaria de Nova Iorque online. Saiba mais sobre como jogar e ganhar aqui.\" \/>\n<meta property=\"og:url\" content=\"https:\/\/jackpotlotteryonline.com\/pt-pt\/como-jogar\/new-york-lottery-2\/\" \/>\n<meta property=\"og:site_name\" content=\"Lotto Online - Crack The International Lottery Jackpots\" \/>\n<meta property=\"article:modified_time\" content=\"2023-01-03T10:25:19+00:00\" \/>\n<meta property=\"og:image\" content=\"http:\/\/jackpotlotteryonline.com\/wp-content\/uploads\/2022\/11\/lotto2-300x84-1.png\" \/>\n<meta name=\"twitter:card\" content=\"summary_large_image\" \/>\n<meta name=\"twitter:label1\" content=\"Tempo estimado de leitura\" \/>\n\t<meta name=\"twitter:data1\" content=\"7 minutos\" \/>\n<!-- \/ Yoast SEO plugin. -->","yoast_head_json":{"title":"Como jogar o loto de Nova Iorque a partir de qualquer lugar","description":"N\u00e3o importa onde se encontre, pode entrar na lotaria de Nova Iorque online. Saiba mais sobre como jogar e ganhar aqui.","robots":{"index":"index","follow":"follow","max-snippet":"max-snippet:-1","max-image-preview":"max-image-preview:large","max-video-preview":"max-video-preview:-1"},"canonical":"https:\/\/jackpotlotteryonline.com\/pt-pt\/como-jogar\/new-york-lottery-2\/","og_locale":"pt_PT","og_type":"article","og_title":"Como jogar o loto de Nova Iorque a partir de qualquer lugar","og_description":"N\u00e3o importa onde se encontre, pode entrar na lotaria de Nova Iorque online. Saiba mais sobre como jogar e ganhar aqui.","og_url":"https:\/\/jackpotlotteryonline.com\/pt-pt\/como-jogar\/new-york-lottery-2\/","og_site_name":"Lotto Online - Crack The International Lottery Jackpots","article_modified_time":"2023-01-03T10:25:19+00:00","og_image":[{"url":"http:\/\/jackpotlotteryonline.com\/wp-content\/uploads\/2022\/11\/lotto2-300x84-1.png"}],"twitter_card":"summary_large_image","twitter_misc":{"Tempo estimado de leitura":"7 minutos"},"schema":{"@context":"https:\/\/schema.org","@graph":[{"@type":"WebPage","@id":"https:\/\/jackpotlotteryonline.com\/pt-pt\/como-jogar\/new-york-lottery-2\/","url":"https:\/\/jackpotlotteryonline.com\/pt-pt\/como-jogar\/new-york-lottery-2\/","name":"Como jogar o loto de Nova Iorque a partir de qualquer lugar","isPartOf":{"@id":"https:\/\/jackpotlotteryonline.com\/#website"},"primaryImageOfPage":{"@id":"https:\/\/jackpotlotteryonline.com\/pt-pt\/como-jogar\/new-york-lottery-2\/#primaryimage"},"image":{"@id":"https:\/\/jackpotlotteryonline.com\/pt-pt\/como-jogar\/new-york-lottery-2\/#primaryimage"},"thumbnailUrl":"http:\/\/jackpotlotteryonline.com\/wp-content\/uploads\/2022\/11\/lotto2-300x84-1.png","datePublished":"2022-11-29T08:14:18+00:00","dateModified":"2023-01-03T10:25:19+00:00","description":"N\u00e3o importa onde se encontre, pode entrar na lotaria de Nova Iorque online. Saiba mais sobre como jogar e ganhar aqui.","breadcrumb":{"@id":"https:\/\/jackpotlotteryonline.com\/pt-pt\/como-jogar\/new-york-lottery-2\/#breadcrumb"},"inLanguage":"pt-PT","potentialAction":[{"@type":"ReadAction","target":["https:\/\/jackpotlotteryonline.com\/pt-pt\/como-jogar\/new-york-lottery-2\/"]}]},{"@type":"ImageObject","inLanguage":"pt-PT","@id":"https:\/\/jackpotlotteryonline.com\/pt-pt\/como-jogar\/new-york-lottery-2\/#primaryimage","url":"http:\/\/jackpotlotteryonline.com\/wp-content\/uploads\/2022\/11\/lotto2-300x84-1.png","contentUrl":"http:\/\/jackpotlotteryonline.com\/wp-content\/uploads\/2022\/11\/lotto2-300x84-1.png"},{"@type":"BreadcrumbList","@id":"https:\/\/jackpotlotteryonline.com\/pt-pt\/como-jogar\/new-york-lottery-2\/#breadcrumb","itemListElement":[{"@type":"ListItem","position":1,"name":"Home","item":"https:\/\/jackpotlotteryonline.com\/pt-pt\/"},{"@type":"ListItem","position":2,"name":"Como jogar","item":"https:\/\/jackpotlotteryonline.com\/play-online\/"},{"@type":"ListItem","position":3,"name":"Jogar loto de Nova Iorque online"}]},{"@type":"WebSite","@id":"https:\/\/jackpotlotteryonline.com\/#website","url":"https:\/\/jackpotlotteryonline.com\/","name":"Lotto Online - Crack The International Lottery Jackpots","description":"","potentialAction":[{"@type":"SearchAction","target":{"@type":"EntryPoint","urlTemplate":"https:\/\/jackpotlotteryonline.com\/?s={search_term_string}"},"query-input":"required name=search_term_string"}],"inLanguage":"pt-PT"}]}},"_links":{"self":[{"href":"https:\/\/jackpotlotteryonline.com\/pt-pt\/wp-json\/wp\/v2\/pages\/39720","targetHints":{"allow":["GET"]}}],"collection":[{"href":"https:\/\/jackpotlotteryonline.com\/pt-pt\/wp-json\/wp\/v2\/pages"}],"about":[{"href":"https:\/\/jackpotlotteryonline.com\/pt-pt\/wp-json\/wp\/v2\/types\/page"}],"author":[{"embeddable":true,"href":"https:\/\/jackpotlotteryonline.com\/pt-pt\/wp-json\/wp\/v2\/users\/1"}],"replies":[{"embeddable":true,"href":"https:\/\/jackpotlotteryonline.com\/pt-pt\/wp-json\/wp\/v2\/comments?post=39720"}],"version-history":[{"count":0,"href":"https:\/\/jackpotlotteryonline.com\/pt-pt\/wp-json\/wp\/v2\/pages\/39720\/revisions"}],"up":[{"embeddable":true,"href":"https:\/\/jackpotlotteryonline.com\/pt-pt\/wp-json\/wp\/v2\/pages\/35712"}],"wp:attachment":[{"href":"https:\/\/jackpotlotteryonline.com\/pt-pt\/wp-json\/wp\/v2\/media?parent=39720"}],"curies":[{"name":"wp","href":"https:\/\/api.w.org\/{rel}","templated":true}]}}