{"id":40324,"date":"2022-12-02T10:46:56","date_gmt":"2022-12-02T10:46:56","guid":{"rendered":"https:\/\/jackpotlotteryonline.com\/?page_id=40324"},"modified":"2022-12-19T15:04:44","modified_gmt":"2022-12-19T15:04:44","slug":"mega-millions","status":"publish","type":"page","link":"https:\/\/jackpotlotteryonline.com\/pt-pt\/comprar-tickets\/mega-millions\/","title":{"rendered":"Bilhetes Mega Milh\u00f5es"},"content":{"rendered":"<h2>Como se pode comprar um bilhete Mega Millions online?<\/h2>\n<p>Se estiver a ler isto, est\u00e1 provavelmente interessado em comprar um bilhete Mega Millions. A Mega Millions \u00e9 uma das muitas lotarias que oferecem grandes jackpots aos seus vencedores. Pode estar agora a perguntar-se: &#8220;Como posso comprar o bilhete Mega Millions online?&#8221;.<\/p>\n<p>Bem, n\u00f3s temos tudo controlado. Aqui est\u00e1 um guia que o ajudar\u00e1 a comprar um bilhete da Mega Millions online.<\/p>\n<h2>Porqu\u00ea comprar bilhetes para a Mega Millions online?<\/h2>\n<p><img loading=\"lazy\" decoding=\"async\" class=\"alignright size-full wp-image-31073\" src=\"http:\/\/jackpotlotteryonline.com\/wp-content\/uploads\/2022\/11\/logo_Mega_Millions_233x110.png\" alt=\"comprar on-line mega milh\u00f5es de bilhetes\" width=\"232\" height=\"110\" \/>A Mega Million \u00e9 uma lotaria baseada nos EUA com grandes jackpots que mudam a vida e que frequentemente atingem centenas de milh\u00f5es de libras. Ganhar este jackpot pode mudar a sua vida de um dia para o outro, mas apenas se tiver a sorte de ter todos os n\u00fameros ganhadores correspondidos correctamente.<\/p>\n<p>Se est\u00e1 a planear <a href=\"https:\/\/jackpotlotteryonline.com\/pt-pt\/como-jogar\/mega-millions\">jogar esta lotaria online<\/a>, isso significa que iremos comprar os bilhetes em seu nome atrav\u00e9s dos nossos agentes locais de venda a retalho. Somos um prestador de servi\u00e7os de concierge de confian\u00e7a que fornece estes servi\u00e7os aos nossos clientes em todo o mundo. Garantimos aos nossos clientes o melhor dos nossos servi\u00e7os, ent\u00e3o porque n\u00e3o comprar connosco?<\/p>\n<p>Uma vez que a Mega Millions \u00e9 um enorme jackpot e muitas pessoas participam nele, as probabilidades de ganhar s\u00e3o bastante elevadas, e a maioria das pessoas procura m\u00e9todos que possam utilizar para melhorar as suas probabilidades de ganhar neste jackpot.<\/p>\n<p>Uma forma de melhorar as suas hip\u00f3teses \u00e9 comprar online o seu bilhete Mega Millions. Pode fazer isto no nosso website apenas encomendando um bilhete de qualquer parte do mundo, e um scan do bilhete Mega Millions estar\u00e1 dispon\u00edvel na sua conta. Quando compra o seu bilhete Mega Millions online, n\u00e3o tem de se preocupar em perder ou ter o seu bilhete roubado porque os detalhes do seu bilhete ser\u00e3o guardados em seguran\u00e7a.<\/p>\n<p>Al\u00e9m disso, comprar um bilhete Mega Millions online \u00e9 mais conveniente do que ir \u00e0 loja f\u00edsica, pois pode fazer a sua encomenda a partir do conforto da sua casa, a partir de qualquer parte do mundo. Participar\u00e1 nesta lotaria Mega Millions tal como um residente dos EUA, enquanto espera pelos sorteios.<\/p>\n<h2>O processo de compra de bilhetes da Mega Millions online<\/h2>\n<p>Antes de comprar o seu bilhete Mega Millions connosco, deve saber que actuaremos como intermedi\u00e1rio entre si e a lotaria, permitindo-lhe jogar e comprar bilhetes online sem nunca ter de visitar uma loja f\u00edsica de lotaria.<\/p>\n<p>Est\u00e1 agora pronto para comprar o seu bilhete da Mega Millions on-line? Se estiver, abaixo est\u00e3o alguns passos a seguir para que a compra do seu bilhete seja bem sucedida.<\/p>\n<p><strong>1. Crie uma conta.<\/strong><br \/>\n<img loading=\"lazy\" decoding=\"async\" class=\"alignright size-full wp-image-34025\" src=\"http:\/\/jackpotlotteryonline.com\/wp-content\/uploads\/2022\/11\/2_ticket_mega_millions3-1.jpg\" alt=\"comprar on-line mega milh\u00f5es de bilhetes\" width=\"180\" height=\"193\" \/>Se for novo, ser\u00e1 encaminhado para a p\u00e1gina de inscri\u00e7\u00e3o, onde fornecer\u00e1 os detalhes necess\u00e1rios. Depois de ter criado a conta do seu jogador com sucesso, dirija-se \u00e0 p\u00e1gina da lotaria Mega Millions e fa\u00e7a o seguinte:<\/p>\n<p>Seleccione os n\u00fameros com os quais quer jogar. Pode faz\u00ea-lo manualmente ou utilizar o nosso gerador de n\u00fameros aleat\u00f3rios para seleccionar os seus n\u00fameros de forma aleat\u00f3ria.<\/p>\n<p>Depois seleccione o n\u00famero de sorteios em que gostaria de participar. Pode seleccionar um \u00fanico sorteio ou comprar bilhetes com v\u00e1rios sorteios. A participa\u00e7\u00e3o em sorteios m\u00faltiplos aumenta as suas hip\u00f3teses de ganhar o jackpot Mega Millions.<\/p>\n<p><strong>2. Clique no bot\u00e3o &#8220;Continuar&#8221; e v\u00e1 para a p\u00e1gina de checkout.<\/strong><\/p>\n<p><strong>3. Formas de pagamento<\/strong><\/p>\n<p>V\u00e1 para a p\u00e1gina de pagamento e pague os seus bilhetes. Um scan do seu bilhete Mega Millions ser\u00e1 carregado para a sua conta ap\u00f3s algum tempo.<\/p>\n<p><strong>4. <\/strong>Tudo o que tem de fazer agora \u00e9 esperar <a href=\"https:\/\/jackpotlotteryonline.com\/pt-pt\/numeros-vencedores\/mega-millions\">pelos sorteios<\/a> que se realizam todas as ter\u00e7as e sextas-feiras \u00e0s 23:00 horas.<\/p>\n<h2>O que acontece depois de eu ter ganho o jackpot Mega Millions?<\/h2>\n<p>Se acertar todos os n\u00fameros, poder\u00e1 estar a pensar no que fazer a seguir ou como ir\u00e1 receber o seu pr\u00e9mio. Receber\u00e1 todos os seus ganhos, e n\u00e3o ter\u00e1 de viajar para os EUA para reclamar a sua recompensa Mega Millions. Saiba apenas que a digitaliza\u00e7\u00e3o do seu bilhete servir\u00e1 como prova de participa\u00e7\u00e3o, por isso mantenha-o seguro; vai precisar dele.<\/p>\n<section class=\"layout\" style=\"border: solid 1px; width: 100%;\">\n<div class=\"img-div\" style=\"margin-top: 5px;\"><img decoding=\"async\" class=\"wp-image-17212 alignleft\" style=\"height: 45px; margin: 8px 8px 0px;\" src=\"http:\/\/jackpotlotteryonline.com\/wp-content\/uploads\/2022\/11\/read1.jpg\" alt=\"recompensando o vencedor\" width=\"\" height=\"\" \/><\/div>\n<div style=\"padding-left: 5px;\">\n<div style=\"font-size: 1.1em;\">\n<p><strong>Como \u00e9 que sou pago se ganhar a lotaria online?<\/strong><\/p>\n<p style=\"font-size: 0.85em; margin-top: -1.5em;\">\u00c9 assim que recebe o seu dinheiro se ganhar a lotaria online \u00a0<a href=\"https:\/\/jackpotlotteryonline.com\/pt-pt\/como-e-que-sou-pago-se-ganhar-a-lotaria-online\">leia mais<\/a><\/p>\n<\/div>\n<\/div>\n<\/section>\n<h2>Dicas para o ajudar a sair com um jackpot Mega Millions<\/h2>\n<p><img loading=\"lazy\" decoding=\"async\" class=\"size-medium wp-image-29858 alignright\" src=\"http:\/\/jackpotlotteryonline.com\/wp-content\/uploads\/2022\/11\/1_win_euromillions_lottery-300x164.jpg\" alt=\"comprar on-line mega milh\u00f5es de bilhetes\" width=\"300\" height=\"164\" srcset=\"https:\/\/jackpotlotteryonline.com\/wp-content\/uploads\/2022\/11\/1_win_euromillions_lottery-300x164.jpg 300w, https:\/\/jackpotlotteryonline.com\/wp-content\/uploads\/2022\/11\/1_win_euromillions_lottery.jpg 350w\" sizes=\"auto, (max-width: 300px) 100vw, 300px\" \/>Se est\u00e1 a planear jogar na lotaria Mega Millions e ganhar o jackpot, h\u00e1 algumas coisas que deve considerar para aumentar as suas hip\u00f3teses de ganhar.<\/p>\n<p>Em primeiro lugar, como titular, escolha cuidadosamente os seus n\u00fameros. N\u00e3o seleccione n\u00fameros que sejam demasiado comuns; em vez disso, considere utilizar os seus n\u00fameros da sorte ou escolher os n\u00fameros aleatoriamente. Certifique-se de que est\u00e3o espalhados uniformemente para evitar seleccionar os mesmos n\u00fameros que os outros jogadores.<\/p>\n<p>Em segundo lugar, compare os \u00faltimos n\u00fameros vencedores e estude os padr\u00f5es de n\u00fameros. Elimine os n\u00fameros que foram sorteados recentemente dos n\u00fameros que seleccionou.<\/p>\n<p>Al\u00e9m disso, estudar o padr\u00e3o dos n\u00fameros vencedores mais comuns e rotul\u00e1-los como os que t\u00eam a maior frequ\u00eancia de ganhar. Depois de os observar, distribuir alguns deles de acordo com a sua escolha de n\u00fameros.<\/p>\n<p>Finalmente, tem a op\u00e7\u00e3o de jogar na lotaria Mega Millions num sindicato. Isto \u00e9 como comprar bilhetes como um grupo, e todos os pr\u00e9mios ser\u00e3o divididos igualmente entre todos os jogadores que participaram. Este \u00e9 um grande m\u00e9todo para melhorar as suas hip\u00f3teses de ganhar o jackpot.<\/p>\n<p>Se jogar na Mega Millions enquanto considera as dicas acima referidas, quem sabe? Poder\u00e1 ser o pr\u00f3ximo vencedor a ganhar o jackpot. Tente a sua sorte hoje mesmo!<\/p>\n<h2>Conclus\u00e3o<\/h2>\n<p>Se n\u00e3o \u00e9 residente dos EUA e espera receber o jackpot Mega Millions, ent\u00e3o a sua melhor op\u00e7\u00e3o \u00e9 comprar online o bilhete Mega Millions. Pode participar nesta lotaria a partir de qualquer pa\u00eds do mundo. Ent\u00e3o, de que est\u00e1 \u00e0 espera? Compre hoje os seus bilhetes e tenha a oportunidade de ser um sortudo ganhador do jackpot.<\/p>\n<p>Para mais informa\u00e7\u00f5es sobre esta lotaria, visite a nossa p\u00e1gina FAQ ou envie a sua pergunta, e a nossa equipa de apoio ao cliente responder\u00e1 com a informa\u00e7\u00e3o apropriada. Entretanto, pode tamb\u00e9m estar a explorar outras lotarias dispon\u00edveis no nosso website, e se estiver interessado, basta carregar no bot\u00e3o jogar e ganhar tamb\u00e9m noutras lotarias.<\/p>\n","protected":false},"excerpt":{"rendered":"<p>Como se pode comprar um bilhete Mega Millions online? Se estiver a ler isto, est\u00e1 provavelmente interessado em comprar um bilhete Mega Millions. A Mega Millions \u00e9 uma das muitas lotarias que oferecem grandes jackpots aos seus vencedores. Pode estar agora a perguntar-se: &#8220;Como posso comprar o bilhete Mega Millions online?&#8221;. Bem, n\u00f3s temos tudo [&hellip;]<\/p>\n","protected":false},"author":1,"featured_media":0,"parent":35772,"menu_order":1,"comment_status":"closed","ping_status":"closed","template":"megamillion.php","meta":{"_et_pb_use_builder":"","_et_pb_old_content":"","_et_gb_content_width":"","exclude_from_search":false,"footnotes":""},"class_list":["post-40324","page","type-page","status-publish","hentry"],"yoast_head":"<!-- This site is optimized with the Yoast SEO plugin v23.3 - https:\/\/yoast.com\/wordpress\/plugins\/seo\/ -->\n<title>Comprar bilhetes para Mega Millions online | Bilhetes para Mega Millions de fora dos EUA<\/title>\n<meta name=\"description\" content=\"Se vive fora dos EUA, ainda pode comprar bilhetes para o Mega Millions online, aqui mesmo. Compramos bilhetes Mega Millions reais para si e digitalizamo-los\" \/>\n<meta name=\"robots\" content=\"index, follow, max-snippet:-1, max-image-preview:large, max-video-preview:-1\" \/>\n<link rel=\"canonical\" href=\"https:\/\/jackpotlotteryonline.com\/pt-pt\/comprar-tickets\/mega-millions\/\" \/>\n<meta property=\"og:locale\" content=\"pt_PT\" \/>\n<meta property=\"og:type\" content=\"article\" \/>\n<meta property=\"og:title\" content=\"Comprar bilhetes para Mega Millions online | Bilhetes para Mega Millions de fora dos EUA\" \/>\n<meta property=\"og:description\" content=\"Se vive fora dos EUA, ainda pode comprar bilhetes para o Mega Millions online, aqui mesmo. Compramos bilhetes Mega Millions reais para si e digitalizamo-los\" \/>\n<meta property=\"og:url\" content=\"https:\/\/jackpotlotteryonline.com\/pt-pt\/comprar-tickets\/mega-millions\/\" \/>\n<meta property=\"og:site_name\" content=\"Lotto Online - Crack The International Lottery Jackpots\" \/>\n<meta property=\"article:modified_time\" content=\"2022-12-19T15:04:44+00:00\" \/>\n<meta property=\"og:image\" content=\"http:\/\/jackpotlotteryonline.com\/wp-content\/uploads\/2022\/11\/logo_Mega_Millions_233x110.png\" \/>\n<meta name=\"twitter:card\" content=\"summary_large_image\" \/>\n<meta name=\"twitter:label1\" content=\"Tempo estimado de leitura\" \/>\n\t<meta name=\"twitter:data1\" content=\"6 minutos\" \/>\n<!-- \/ Yoast SEO plugin. -->","yoast_head_json":{"title":"Comprar bilhetes para Mega Millions online | Bilhetes para Mega Millions de fora dos EUA","description":"Se vive fora dos EUA, ainda pode comprar bilhetes para o Mega Millions online, aqui mesmo. Compramos bilhetes Mega Millions reais para si e digitalizamo-los","robots":{"index":"index","follow":"follow","max-snippet":"max-snippet:-1","max-image-preview":"max-image-preview:large","max-video-preview":"max-video-preview:-1"},"canonical":"https:\/\/jackpotlotteryonline.com\/pt-pt\/comprar-tickets\/mega-millions\/","og_locale":"pt_PT","og_type":"article","og_title":"Comprar bilhetes para Mega Millions online | Bilhetes para Mega Millions de fora dos EUA","og_description":"Se vive fora dos EUA, ainda pode comprar bilhetes para o Mega Millions online, aqui mesmo. Compramos bilhetes Mega Millions reais para si e digitalizamo-los","og_url":"https:\/\/jackpotlotteryonline.com\/pt-pt\/comprar-tickets\/mega-millions\/","og_site_name":"Lotto Online - Crack The International Lottery Jackpots","article_modified_time":"2022-12-19T15:04:44+00:00","og_image":[{"url":"http:\/\/jackpotlotteryonline.com\/wp-content\/uploads\/2022\/11\/logo_Mega_Millions_233x110.png"}],"twitter_card":"summary_large_image","twitter_misc":{"Tempo estimado de leitura":"6 minutos"},"schema":{"@context":"https:\/\/schema.org","@graph":[{"@type":"WebPage","@id":"https:\/\/jackpotlotteryonline.com\/pt-pt\/comprar-tickets\/mega-millions\/","url":"https:\/\/jackpotlotteryonline.com\/pt-pt\/comprar-tickets\/mega-millions\/","name":"Comprar bilhetes para Mega Millions online | Bilhetes para Mega Millions de fora dos EUA","isPartOf":{"@id":"https:\/\/jackpotlotteryonline.com\/#website"},"primaryImageOfPage":{"@id":"https:\/\/jackpotlotteryonline.com\/pt-pt\/comprar-tickets\/mega-millions\/#primaryimage"},"image":{"@id":"https:\/\/jackpotlotteryonline.com\/pt-pt\/comprar-tickets\/mega-millions\/#primaryimage"},"thumbnailUrl":"http:\/\/jackpotlotteryonline.com\/wp-content\/uploads\/2022\/11\/logo_Mega_Millions_233x110.png","datePublished":"2022-12-02T10:46:56+00:00","dateModified":"2022-12-19T15:04:44+00:00","description":"Se vive fora dos EUA, ainda pode comprar bilhetes para o Mega Millions online, aqui mesmo. Compramos bilhetes Mega Millions reais para si e digitalizamo-los","breadcrumb":{"@id":"https:\/\/jackpotlotteryonline.com\/pt-pt\/comprar-tickets\/mega-millions\/#breadcrumb"},"inLanguage":"pt-PT","potentialAction":[{"@type":"ReadAction","target":["https:\/\/jackpotlotteryonline.com\/pt-pt\/comprar-tickets\/mega-millions\/"]}]},{"@type":"ImageObject","inLanguage":"pt-PT","@id":"https:\/\/jackpotlotteryonline.com\/pt-pt\/comprar-tickets\/mega-millions\/#primaryimage","url":"http:\/\/jackpotlotteryonline.com\/wp-content\/uploads\/2022\/11\/logo_Mega_Millions_233x110.png","contentUrl":"http:\/\/jackpotlotteryonline.com\/wp-content\/uploads\/2022\/11\/logo_Mega_Millions_233x110.png"},{"@type":"BreadcrumbList","@id":"https:\/\/jackpotlotteryonline.com\/pt-pt\/comprar-tickets\/mega-millions\/#breadcrumb","itemListElement":[{"@type":"ListItem","position":1,"name":"Home","item":"https:\/\/jackpotlotteryonline.com\/pt-pt\/"},{"@type":"ListItem","position":2,"name":"Como comprar bilhetes de lotaria on-line","item":"https:\/\/jackpotlotteryonline.com\/pt-pt\/comprar-tickets\/"},{"@type":"ListItem","position":3,"name":"Bilhetes Mega Milh\u00f5es"}]},{"@type":"WebSite","@id":"https:\/\/jackpotlotteryonline.com\/#website","url":"https:\/\/jackpotlotteryonline.com\/","name":"Lotto Online - Crack The International Lottery Jackpots","description":"","potentialAction":[{"@type":"SearchAction","target":{"@type":"EntryPoint","urlTemplate":"https:\/\/jackpotlotteryonline.com\/?s={search_term_string}"},"query-input":"required name=search_term_string"}],"inLanguage":"pt-PT"}]}},"_links":{"self":[{"href":"https:\/\/jackpotlotteryonline.com\/pt-pt\/wp-json\/wp\/v2\/pages\/40324","targetHints":{"allow":["GET"]}}],"collection":[{"href":"https:\/\/jackpotlotteryonline.com\/pt-pt\/wp-json\/wp\/v2\/pages"}],"about":[{"href":"https:\/\/jackpotlotteryonline.com\/pt-pt\/wp-json\/wp\/v2\/types\/page"}],"author":[{"embeddable":true,"href":"https:\/\/jackpotlotteryonline.com\/pt-pt\/wp-json\/wp\/v2\/users\/1"}],"replies":[{"embeddable":true,"href":"https:\/\/jackpotlotteryonline.com\/pt-pt\/wp-json\/wp\/v2\/comments?post=40324"}],"version-history":[{"count":0,"href":"https:\/\/jackpotlotteryonline.com\/pt-pt\/wp-json\/wp\/v2\/pages\/40324\/revisions"}],"up":[{"embeddable":true,"href":"https:\/\/jackpotlotteryonline.com\/pt-pt\/wp-json\/wp\/v2\/pages\/35772"}],"wp:attachment":[{"href":"https:\/\/jackpotlotteryonline.com\/pt-pt\/wp-json\/wp\/v2\/media?parent=40324"}],"curies":[{"name":"wp","href":"https:\/\/api.w.org\/{rel}","templated":true}]}}