{"id":40376,"date":"2022-12-02T14:21:17","date_gmt":"2022-12-02T14:21:17","guid":{"rendered":"https:\/\/jackpotlotteryonline.com\/?page_id=40376"},"modified":"2023-01-01T14:33:36","modified_gmt":"2023-01-01T14:33:36","slug":"oz-lotto","status":"publish","type":"page","link":"https:\/\/jackpotlotteryonline.com\/pt-pt\/como-jogar\/oz-lotto\/","title":{"rendered":"Jogar Oz Lotto online"},"content":{"rendered":"<h2>Sobre a Oz Lotto<\/h2>\n<p>Oz Lottery \u00e9 uma lotaria australiana que foi introduzida em 1994 e gerida por um grupo chamado Tatts group. A Oz Lotto tem crescido em popularidade tanto na Austr\u00e1lia como na Nova Zel\u00e2ndia, fazendo dela o maior jogo de lotaria da Austr\u00e1lia. <a href=\"https:\/\/jackpotlotteryonline.com\/pt-pt\/numeros-vencedores\/oz-lotto\">Os sorteios da Oz Lotto<\/a> s\u00e3o realizados todas as quartas e sextas-feiras.<\/p>\n<p>Abaixo encontra-se um guia para o ajudar a jogar Oz Lotto online a partir de qualquer parte do mundo.<\/p>\n<h2>Como apostar na Oz Lotto online<\/h2>\n<p><img loading=\"lazy\" decoding=\"async\" class=\"alignright size-full wp-image-29777\" src=\"https:\/\/jackpotlotteryonline.com\/wp-content\/uploads\/2022\/11\/1_ticket_online_buying.jpg\" alt=\"jogar oz lotto online\" width=\"300\" height=\"203\" \/>Se procura uma lotaria excitante e emocionante para participar, precisa de verificar a Oz Lotto australiana. Oferecemos aos jogadores a oportunidade de jogar em lotarias internacionais online, oferecendo servi\u00e7os de concierge. Tudo o que precisa para jogar na Oz Lotto online \u00e9 um computador e uma liga\u00e7\u00e3o \u00e0 Internet.<\/p>\n<p>Para jogar a Oz Lotto online, basta escolher sete n\u00fameros principais de uma gama de 1 a 47. Outros tr\u00eas n\u00fameros, conhecidos como n\u00fameros suplementares, s\u00e3o escolhidos durante o sorteio. Pode escolher os seus n\u00fameros usando o nosso gerador de n\u00fameros aleat\u00f3rios ou seleccion\u00e1-los manualmente. Em seguida, seleccione o n\u00famero de sorteios que gostaria de introduzir. Proceda ao checkout e <a href=\"https:\/\/jackpotlotteryonline.com\/pt-pt\/comprar-tickets\/oz-lotto\">pague os seus bilhetes<\/a>, depois aguarde pelo sorteio.<\/p>\n<h2>O que s\u00e3o n\u00fameros suplementares, e como s\u00e3o utilizados?<\/h2>\n<p>Os n\u00fameros suplementares s\u00e3o considerados &#8220;bolas de b\u00f3nus&#8221; durante os sorteios da Oz Lotto. Durante o sorteio, dez n\u00fameros vencedores s\u00e3o seleccionados aleatoriamente, e os primeiros sete s\u00e3o rotulados como os n\u00fameros principais para o vencedor do jackpot. Os n\u00edveis 2, 4, e 7 s\u00e3o determinados pelos restantes tr\u00eas &#8220;n\u00fameros suplementares&#8221;.<\/p>\n<h2>N\u00edveis de pr\u00e9mios da Oz Lotto<\/h2>\n<p>A Oz Lotto Australiana tem um total de sete n\u00edveis de pr\u00e9mios. S\u00e3o os seguintes:<\/p>\n<ul>\n<li>N\u00edvel 1: Jackpot: sete n\u00fameros combinados<\/li>\n<li>N\u00edvel 2: Combinados Seis n\u00fameros + n\u00famero suplementar<\/li>\n<li>N\u00edvel 3: Seis N\u00fameros Combinados<\/li>\n<li>N\u00edvel 4: Cinco n\u00fameros combinados + n\u00famero suplementar<\/li>\n<li>N\u00edvel 5: N\u00fameros Matched-Five<\/li>\n<li>N\u00edvel 6: Quatro N\u00fameros Combinados<\/li>\n<li>N\u00edvel 7: Combinados Tr\u00eas n\u00fameros + n\u00famero suplementar<\/li>\n<\/ul>\n<h2>Tenho de estar na Austr\u00e1lia para jogar Oz Lotto?<\/h2>\n<p>N\u00e3o, n\u00e3o tem de ser um residente australiano para participar nesta lotaria. S\u00f3 tem de visitar o jackpotlotteryonline.com para realizar o seu sonho de jogar em lotarias internacionais. Prestamos servi\u00e7os de lotaria aos nossos clientes, de tal forma que compramos bilhetes f\u00edsicos atrav\u00e9s dos nossos agentes de lotaria de confian\u00e7a. O bilhete f\u00edsico ser\u00e1 guardado em seguran\u00e7a, enquanto que um scan do mesmo ser\u00e1 carregado na conta do jogador. Tudo isto ser\u00e1 feito por si, e o que resta \u00e9 esperar pelo dia do sorteio.<\/p>\n<p>Portanto, n\u00e3o tem de se preocupar em n\u00e3o poder participar na Oz Lotto. Jogar\u00e1 nesta lotaria tal como um residente da Austr\u00e1lia. Jogar na Oz Lotto \u00e9 t\u00e3o simples como isso. Tente a sua sorte hoje!<\/p>\n<h2>Ganhar a Oz Lotto<\/h2>\n<p>Para ganhar o jackpot Oz Lotto, um jogador deve igualar sete n\u00fameros de um total de 47. Este jackpot come\u00e7a em 10 milh\u00f5es de d\u00f3lares e cresce frequentemente at\u00e9 ser ganho. Para al\u00e9m do pr\u00e9mio principal do jackpot, oito divis\u00f5es de pr\u00e9mios mais pequenas s\u00e3o ganhas por jogadores que acertam quatro ou cinco n\u00fameros para aquele sorteio.<\/p>\n<section class=\"layout\" style=\"border: solid 1px; width: 100%;\">\n<div class=\"img-div\" style=\"margin-top: 5px;\"><img decoding=\"async\" class=\"wp-image-17212 alignleft\" style=\"height: 45px; margin: 8px 8px 0px;\" src=\"https:\/\/jackpotlotteryonline.com\/wp-content\/uploads\/2022\/11\/read1.jpg\" alt=\"Leia \" width=\"\" height=\"\" \/><\/div>\n<div style=\"padding-left: 5px;\">\n<div style=\"font-size: 1.1em;\">\n<p><strong>Jackpots da lotaria hist\u00f3ricos e recordistas<\/strong><\/p>\n<p style=\"font-size: 0.85em; margin-top: -1.5em;\">Os maiores jackpots de loto da hist\u00f3ria v\u00e3o fazer girar a sua cabe\u00e7a<a href=\"https:\/\/jackpotlotteryonline.com\/pt-pt\/maiores-jackpots-de-loto-da-historia\"> leia mais<\/a><\/p>\n<\/div>\n<\/div>\n<\/section>\n<h2>Quais s\u00e3o as hip\u00f3teses de ganhar o Oz Lotto australiano?<\/h2>\n<p><img loading=\"lazy\" decoding=\"async\" class=\"alignright wp-image-28697 size-medium\" src=\"https:\/\/jackpotlotteryonline.com\/wp-content\/uploads\/2022\/11\/1_online_lotto_winners-300x200.jpg\" alt=\"jogar oz lotto online\" width=\"300\" height=\"200\" srcset=\"https:\/\/jackpotlotteryonline.com\/wp-content\/uploads\/2022\/11\/1_online_lotto_winners-300x200.jpg 300w, https:\/\/jackpotlotteryonline.com\/wp-content\/uploads\/2022\/11\/1_online_lotto_winners.jpg 320w\" sizes=\"auto, (max-width: 300px) 100vw, 300px\" \/>A Oz Lotto ganhou popularidade e tornou muitos jogadores vencedores, o que, ao mesmo tempo, tornou as hip\u00f3teses de ganhar em qualquer um dos n\u00edveis de pr\u00e9mios bastante elevadas.<\/p>\n<p>As probabilidades de acertar sete n\u00fameros e ganhar o jackpot s\u00e3o de 1 em 62.891.499, o que \u00e9 quase imposs\u00edvel. Mas o que \u00e9 bom nas lotarias \u00e9 que o jogo tem tudo a ver com sorte, nunca se sabe se se vai ser um vencedor, e \u00e9 isso que torna a participa\u00e7\u00e3o em lotarias emocionante.<\/p>\n<p>A probabilidade global de ganhar qualquer um dos sete pr\u00e9mios \u00e9 de 1 em 51.<\/p>\n<p>Para mais informa\u00e7\u00f5es sobre a Oz Lotto, sinta-se \u00e0 vontade para visitar a nossa p\u00e1gina FAQ ou visite o site oficial da lotaria.<\/p>\n<p>Registe uma conta hoje e tenha a oportunidade de participar nesta lotaria de qualquer parte do mundo.<\/p>\n","protected":false},"excerpt":{"rendered":"<p>Sobre a Oz Lotto Oz Lottery \u00e9 uma lotaria australiana que foi introduzida em 1994 e gerida por um grupo chamado Tatts group. A Oz Lotto tem crescido em popularidade tanto na Austr\u00e1lia como na Nova Zel\u00e2ndia, fazendo dela o maior jogo de lotaria da Austr\u00e1lia. Os sorteios da Oz Lotto s\u00e3o realizados todas as [&hellip;]<\/p>\n","protected":false},"author":1,"featured_media":0,"parent":35712,"menu_order":16,"comment_status":"closed","ping_status":"closed","template":"","meta":{"_et_pb_use_builder":"","_et_pb_old_content":"","_et_gb_content_width":"","exclude_from_search":false,"footnotes":""},"class_list":["post-40376","page","type-page","status-publish","hentry"],"yoast_head":"<!-- This site is optimized with the Yoast SEO plugin v23.3 - https:\/\/yoast.com\/wordpress\/plugins\/seo\/ -->\n<title>Jogue Oz Lotto online a partir de fora da Austr\u00e1lia<\/title>\n<meta name=\"description\" content=\"Agora pode jogar Oz Lotto online, n\u00e3o apenas se estiver na Austr\u00e1lia - pode jogar na lotaria Oz a partir de qualquer parte do mundo\" \/>\n<meta name=\"robots\" content=\"index, follow, max-snippet:-1, max-image-preview:large, max-video-preview:-1\" \/>\n<link rel=\"canonical\" href=\"https:\/\/jackpotlotteryonline.com\/pt-pt\/como-jogar\/oz-lotto\/\" \/>\n<meta property=\"og:locale\" content=\"pt_PT\" \/>\n<meta property=\"og:type\" content=\"article\" \/>\n<meta property=\"og:title\" content=\"Jogue Oz Lotto online a partir de fora da Austr\u00e1lia\" \/>\n<meta property=\"og:description\" content=\"Agora pode jogar Oz Lotto online, n\u00e3o apenas se estiver na Austr\u00e1lia - pode jogar na lotaria Oz a partir de qualquer parte do mundo\" \/>\n<meta property=\"og:url\" content=\"https:\/\/jackpotlotteryonline.com\/pt-pt\/como-jogar\/oz-lotto\/\" \/>\n<meta property=\"og:site_name\" content=\"Lotto Online - Crack The International Lottery Jackpots\" \/>\n<meta property=\"article:modified_time\" content=\"2023-01-01T14:33:36+00:00\" \/>\n<meta property=\"og:image\" content=\"https:\/\/jackpotlotteryonline.com\/wp-content\/uploads\/2022\/11\/1_ticket_online_buying.jpg\" \/>\n<meta name=\"twitter:card\" content=\"summary_large_image\" \/>\n<meta name=\"twitter:label1\" content=\"Tempo estimado de leitura\" \/>\n\t<meta name=\"twitter:data1\" content=\"4 minutos\" \/>\n<!-- \/ Yoast SEO plugin. -->","yoast_head_json":{"title":"Jogue Oz Lotto online a partir de fora da Austr\u00e1lia","description":"Agora pode jogar Oz Lotto online, n\u00e3o apenas se estiver na Austr\u00e1lia - pode jogar na lotaria Oz a partir de qualquer parte do mundo","robots":{"index":"index","follow":"follow","max-snippet":"max-snippet:-1","max-image-preview":"max-image-preview:large","max-video-preview":"max-video-preview:-1"},"canonical":"https:\/\/jackpotlotteryonline.com\/pt-pt\/como-jogar\/oz-lotto\/","og_locale":"pt_PT","og_type":"article","og_title":"Jogue Oz Lotto online a partir de fora da Austr\u00e1lia","og_description":"Agora pode jogar Oz Lotto online, n\u00e3o apenas se estiver na Austr\u00e1lia - pode jogar na lotaria Oz a partir de qualquer parte do mundo","og_url":"https:\/\/jackpotlotteryonline.com\/pt-pt\/como-jogar\/oz-lotto\/","og_site_name":"Lotto Online - Crack The International Lottery Jackpots","article_modified_time":"2023-01-01T14:33:36+00:00","og_image":[{"url":"https:\/\/jackpotlotteryonline.com\/wp-content\/uploads\/2022\/11\/1_ticket_online_buying.jpg"}],"twitter_card":"summary_large_image","twitter_misc":{"Tempo estimado de leitura":"4 minutos"},"schema":{"@context":"https:\/\/schema.org","@graph":[{"@type":"WebPage","@id":"https:\/\/jackpotlotteryonline.com\/pt-pt\/como-jogar\/oz-lotto\/","url":"https:\/\/jackpotlotteryonline.com\/pt-pt\/como-jogar\/oz-lotto\/","name":"Jogue Oz Lotto online a partir de fora da Austr\u00e1lia","isPartOf":{"@id":"https:\/\/jackpotlotteryonline.com\/#website"},"primaryImageOfPage":{"@id":"https:\/\/jackpotlotteryonline.com\/pt-pt\/como-jogar\/oz-lotto\/#primaryimage"},"image":{"@id":"https:\/\/jackpotlotteryonline.com\/pt-pt\/como-jogar\/oz-lotto\/#primaryimage"},"thumbnailUrl":"https:\/\/jackpotlotteryonline.com\/wp-content\/uploads\/2022\/11\/1_ticket_online_buying.jpg","datePublished":"2022-12-02T14:21:17+00:00","dateModified":"2023-01-01T14:33:36+00:00","description":"Agora pode jogar Oz Lotto online, n\u00e3o apenas se estiver na Austr\u00e1lia - pode jogar na lotaria Oz a partir de qualquer parte do mundo","breadcrumb":{"@id":"https:\/\/jackpotlotteryonline.com\/pt-pt\/como-jogar\/oz-lotto\/#breadcrumb"},"inLanguage":"pt-PT","potentialAction":[{"@type":"ReadAction","target":["https:\/\/jackpotlotteryonline.com\/pt-pt\/como-jogar\/oz-lotto\/"]}]},{"@type":"ImageObject","inLanguage":"pt-PT","@id":"https:\/\/jackpotlotteryonline.com\/pt-pt\/como-jogar\/oz-lotto\/#primaryimage","url":"https:\/\/jackpotlotteryonline.com\/wp-content\/uploads\/2022\/11\/1_ticket_online_buying.jpg","contentUrl":"https:\/\/jackpotlotteryonline.com\/wp-content\/uploads\/2022\/11\/1_ticket_online_buying.jpg"},{"@type":"BreadcrumbList","@id":"https:\/\/jackpotlotteryonline.com\/pt-pt\/como-jogar\/oz-lotto\/#breadcrumb","itemListElement":[{"@type":"ListItem","position":1,"name":"Home","item":"https:\/\/jackpotlotteryonline.com\/pt-pt\/"},{"@type":"ListItem","position":2,"name":"Como jogar","item":"https:\/\/jackpotlotteryonline.com\/play-online\/"},{"@type":"ListItem","position":3,"name":"Jogar Oz Lotto online"}]},{"@type":"WebSite","@id":"https:\/\/jackpotlotteryonline.com\/#website","url":"https:\/\/jackpotlotteryonline.com\/","name":"Lotto Online - Crack The International Lottery Jackpots","description":"","potentialAction":[{"@type":"SearchAction","target":{"@type":"EntryPoint","urlTemplate":"https:\/\/jackpotlotteryonline.com\/?s={search_term_string}"},"query-input":"required name=search_term_string"}],"inLanguage":"pt-PT"}]}},"_links":{"self":[{"href":"https:\/\/jackpotlotteryonline.com\/pt-pt\/wp-json\/wp\/v2\/pages\/40376","targetHints":{"allow":["GET"]}}],"collection":[{"href":"https:\/\/jackpotlotteryonline.com\/pt-pt\/wp-json\/wp\/v2\/pages"}],"about":[{"href":"https:\/\/jackpotlotteryonline.com\/pt-pt\/wp-json\/wp\/v2\/types\/page"}],"author":[{"embeddable":true,"href":"https:\/\/jackpotlotteryonline.com\/pt-pt\/wp-json\/wp\/v2\/users\/1"}],"replies":[{"embeddable":true,"href":"https:\/\/jackpotlotteryonline.com\/pt-pt\/wp-json\/wp\/v2\/comments?post=40376"}],"version-history":[{"count":0,"href":"https:\/\/jackpotlotteryonline.com\/pt-pt\/wp-json\/wp\/v2\/pages\/40376\/revisions"}],"up":[{"embeddable":true,"href":"https:\/\/jackpotlotteryonline.com\/pt-pt\/wp-json\/wp\/v2\/pages\/35712"}],"wp:attachment":[{"href":"https:\/\/jackpotlotteryonline.com\/pt-pt\/wp-json\/wp\/v2\/media?parent=40376"}],"curies":[{"name":"wp","href":"https:\/\/api.w.org\/{rel}","templated":true}]}}