{"id":40500,"date":"2022-12-05T08:50:13","date_gmt":"2022-12-05T08:50:13","guid":{"rendered":"https:\/\/jackpotlotteryonline.com\/?page_id=40500"},"modified":"2022-12-26T14:21:32","modified_gmt":"2022-12-26T14:21:32","slug":"powerball","status":"publish","type":"page","link":"https:\/\/jackpotlotteryonline.com\/pt-pt\/numeros-vencedores\/powerball\/","title":{"rendered":"Resultados do sorteio Powerball"},"content":{"rendered":"<p>Powerball \u00e9 uma lotaria americana que tem um dos maiores jackpots de todos os tempos. Ganhar a Powerball dos EUA \u00e9 o sonho final de quase todos os apostadores. Devido aos seus incrivelmente grandes jackpots, que por vezes chegam a atingir mil milh\u00f5es de d\u00f3lares, os jogadores de todo o mundo compram bilhetes para a Powerball online. Cada jogador alimenta fortes esperan\u00e7as de ganhar a lotaria. No entanto, comprar um bilhete de lotaria \u00e9 uma coisa, e verificar os n\u00fameros vencedores \u00e9 outra. Para saber se tem o bilhete vencedor da lotaria Powerball, \u00e9 essencial verificar os resultados do sorteio.<\/p>\n<p>Nesta p\u00e1gina, iremos partilhar consigo como verificar os resultados vencedores online. Al\u00e9m disso, mostrar-lhe-emos como ter acesso aos seus ganhos, mesmo sendo um jogador online.<\/p>\n<p>Lembre-se de que pode <a href=\"https:\/\/jackpotlotteryonline.com\/pt-pt\/comprar-tickets\/powerball\">comprar bilhetes vencedores para a Powerball<\/a> no jackpotlotteryonline.com e verificar os n\u00fameros vencedores ao mesmo tempo.<\/p>\n<h2>Porque \u00e9 que a Powerball \u00e9 t\u00e3o popular<\/h2>\n<p><img loading=\"lazy\" decoding=\"async\" class=\"alignright size-full wp-image-29588\" src=\"http:\/\/jackpotlotteryonline.com\/wp-content\/uploads\/2022\/11\/1_results_powerball.jpg\" alt=\"comprar facilmente bilhetes Powerball\" width=\"300\" height=\"224\" \/>H\u00e1 v\u00e1rias raz\u00f5es pelas quais os jogadores se juntam ao Powerball. Trata-se de uma lotaria multiestados dos EUA, o que significa que os bilhetes s\u00e3o vendidos em v\u00e1rios estados americanos. Assim, aqueles que vivem nesses estados podem facilmente comprar bilhetes para a Powerball. Mas n\u00e3o s\u00e3o apenas os entusiastas da lotaria dos EUA que est\u00e3o a comprar bilhetes com a esperan\u00e7a de ganhar esta lotaria. Os apostadores de todo o mundo est\u00e3o ansiosamente a tentar comprar bilhetes Powerball vencedores tamb\u00e9m.<\/p>\n<p>Em Outubro de 2022, o jackpot Powerball atingiu um recorde de $1 Bn e foi ganho por um \u00fanico titular de bilhetes. S\u00f3 a ideia de ganhar um bili\u00e3o de d\u00f3lares \u00e9 suficiente para deixar os jogadores em todo o lado entusiasmados. Al\u00e9m disso, embora as probabilidades de ganhar a Powerball sejam bastante elevadas, os jogadores ganham frequentemente o jackpot.<\/p>\n<p>Mais uma vez, a Powerball tem v\u00e1rias categorias com pr\u00e9mios sumarentos. Por isso, mesmo que falhe o primeiro pr\u00e9mio, ainda pode ir para casa com uma grande vit\u00f3ria.<\/p>\n<h2>Jogar e ganhar o Powerball online<\/h2>\n<p>A parte divertida <a href=\"https:\/\/jackpotlotteryonline.com\/pt-pt\/como-jogar\/powerball\">de jogar Powerball online<\/a> \u00e9 que se tem acesso r\u00e1pido a esta lotaria dos EUA a partir de qualquer lugar. Se comprar o seu bilhete vencedor no jackpotlotteryonline.com, pode facilmente escolher os seus n\u00fameros vencedores. Basta escolher 5 n\u00fameros de 1 a 69 e 1 n\u00famero adicional de 1 a 26.<\/p>\n<p>Depois de ter escolhido os seus n\u00fameros vencedores, o passo seguinte \u00e9 participar nos sorteios. A Powerball tem tr\u00eas sorteios semanais, \u00e0s ter\u00e7as, quintas e domingos. Facilitamos-lhe a entrada num \u00fanico sorteio ou em v\u00e1rios sorteios, dependendo da sua prefer\u00eancia. Al\u00e9m disso, pode participar nos sorteios com v\u00e1rias semanas de anteced\u00eancia.<\/p>\n<p>Depois de processar o seu pagamento, o passo seguinte \u00e9 aguardar pelos sorteios. \u00c9 nessa altura que os n\u00fameros vencedores ser\u00e3o anunciados e poder\u00e1 saber se ganhou a lotaria.<\/p>\n<section class=\"layout\" style=\"border: solid 1px; width: 100%;\">\n<div class=\"img-div\" style=\"margin-top: 5px;\"><img decoding=\"async\" class=\"wp-image-17212 alignleft\" style=\"height: 45px; margin: 8px 8px 0px;\" src=\"http:\/\/jackpotlotteryonline.com\/wp-content\/uploads\/2022\/11\/read1.jpg\" alt=\"ler\" width=\"\" height=\"\" \/><\/div>\n<div style=\"padding-left: 5px;\">\n<div style=\"font-size: 1.1em;\">\n<p><strong>Jackpots da lotaria hist\u00f3ricos e recordistas<\/strong><\/p>\n<p style=\"font-size: 0.85em; margin-top: -1.5em;\">Os maiores jackpots de loto da hist\u00f3ria v\u00e3o fazer girar a sua cabe\u00e7a\u00a0<a href=\"https:\/\/jackpotlotteryonline.com\/pt-pt\/maiores-jackpots-de-loto-da-historia\"> leia mais<\/a><\/p>\n<\/div>\n<\/div>\n<\/section>\n<h2>Verificar os n\u00fameros vencedores<\/h2>\n<p><img loading=\"lazy\" decoding=\"async\" class=\"alignright size-full wp-image-30371\" src=\"http:\/\/jackpotlotteryonline.com\/wp-content\/uploads\/2022\/11\/1_winning_numbers_powerball.jpg\" alt=\"jogar Powerball online\" width=\"300\" height=\"129\" \/>Porque est\u00e1 a jogar Powerball online, n\u00e3o pode entrar num vendedor de lotarias para verificar se tem o bilhete vencedor. Por isso, a melhor maneira de o fazer \u00e9 verificar online. Se jogar connosco, pode voltar a esta p\u00e1gina ap\u00f3s cada sorteio para ver os n\u00fameros vencedores.<\/p>\n<p>Mas, mesmo que n\u00e3o volte a verificar, pode saber se ganhou algum pr\u00e9mio. Isto \u00e9 porque tem de estar registado connosco para comprar o seu bilhete Powerball. A raz\u00e3o para tal \u00e9 para que o possamos informar assim que tiver um bilhete vencedor. Se tiver um bilhete vencedor, enviar-lhe-emos um e-mail para o informar. Na verdade, \u00e9 muito simples.<\/p>\n<h2>Levantar o seu pr\u00e9mio<\/h2>\n<p>Levantar os seus ganhos \u00e9 outro aspecto que pode ser motivo de preocupa\u00e7\u00e3o para os jogadores online. Porque se estiver a jogar Powerball online, quer ter a certeza de que pode aceder aos seus ganhos. Se estiver a jogar Powerball connosco, ent\u00e3o levantar o seu pr\u00e9mio \u00e9 uma quest\u00e3o simples. Concebemos o nosso sistema de modo a que possa levantar os seus ganhos na sua conta.<\/p>\n<p>Isto est\u00e1 dispon\u00edvel para ganhos inferiores a 2.500 euros. Se ganhar mais do que esse montante, ajud\u00e1-lo-emos a preencher um formul\u00e1rio de reclama\u00e7\u00e3o. Ter\u00e1 de o fazer para reclamar os seus ganhos directamente da empresa lot\u00e9rica.<\/p>\n<h2>Ganhar a lotaria Powerball<\/h2>\n<p>Ganhar a lotaria Powerball significa que tem um bilhete que coincide com os resultados sorteados. Para lhe mostrar como a Powerball \u00e9 incr\u00edvel, vamos mostrar-lhe o que pode ganhar nos outros pr\u00e9mios.<\/p>\n<p>Divis\u00e3o 1: Jogo 5 + Powerball &#8211; Jackpot<\/p>\n<p>Divis\u00e3o 2: Combine 5 s\u00f3 &#8211; $1 milh\u00e3o<\/p>\n<p>Divis\u00e3o 3: Jogo 4 + Powerball &#8211; $50.000<\/p>\n<p>Divis\u00e3o 4: Combine 4 sozinho &#8211; $100<\/p>\n<p>Divis\u00e3o 5: Jogo 3 + Powerball &#8211; $100<\/p>\n<p>Divis\u00e3o 6: Jogo 3 sozinho &#8211; $7<\/p>\n<p>Divis\u00e3o 7: Jogo 2 + Powerball &#8211; $7<\/p>\n<p>Divis\u00e3o 8: Jogo 1 + Powerball &#8211; $4<\/p>\n<p>Divis\u00e3o 9: Combinar Powerball sozinho &#8211; $4<\/p>\n<p>Com 9 divis\u00f5es, ganhar a lotaria \u00e9 uma possibilidade emocionante para os jogadores. Significa tamb\u00e9m que as hip\u00f3teses de ganhar um pr\u00e9mio s\u00e3o bastante elevadas. Al\u00e9m disso, mesmo que ganhe a segunda divis\u00e3o, tem boas hip\u00f3teses de ir para casa com uma grande vit\u00f3ria.<\/p>\n<h2>Verifique aqui os resultados vencedores<\/h2>\n<p>Da pr\u00f3xima vez que quiser jogar na lotaria, n\u00e3o se preocupe com onde verificar os resultados vencedores. No jackpotlotteryonline.com facilitamos-lhe a escolha dos seus n\u00fameros vencedores e tamb\u00e9m a verifica\u00e7\u00e3o dos resultados vencedores. Compre-nos o seu bilhete e alert\u00e1-lo-emos assim que tiver um bilhete premiado.<\/p>\n<p>Lembre-se de que tamb\u00e9m pode retirar os seus ganhos do nosso site directamente para a sua conta. Isto aliviar\u00e1 grandemente qualquer stress que teria tido ao jogar na lotaria. Na verdade, o nosso trabalho \u00e9 proporcionar aos nossos clientes uma experi\u00eancia sem problemas e sem complica\u00e7\u00f5es. Desta forma, pode concentrar-se em ganhar a lotaria sem qualquer cuidado no mundo.<\/p>\n","protected":false},"excerpt":{"rendered":"<p>Powerball \u00e9 uma lotaria americana que tem um dos maiores jackpots de todos os tempos. Ganhar a Powerball dos EUA \u00e9 o sonho final de quase todos os apostadores. Devido aos seus incrivelmente grandes jackpots, que por vezes chegam a atingir mil milh\u00f5es de d\u00f3lares, os jogadores de todo o mundo compram bilhetes para a [&hellip;]<\/p>\n","protected":false},"author":1,"featured_media":0,"parent":35846,"menu_order":1,"comment_status":"closed","ping_status":"closed","template":"powerball-usa-results.php","meta":{"_et_pb_use_builder":"","_et_pb_old_content":"","_et_gb_content_width":"","exclude_from_search":false,"footnotes":""},"class_list":["post-40500","page","type-page","status-publish","hentry"],"yoast_head":"<!-- This site is optimized with the Yoast SEO plugin v23.3 - https:\/\/yoast.com\/wordpress\/plugins\/seo\/ -->\n<title>N\u00fameros vencedores do Powerball e resultados do sorteio<\/title>\n<meta name=\"description\" content=\"Todos os resultados dos \u00faltimos sorteios e n\u00fameros vencedores para a Powerball USA, mais um arquivo de resultados, tudo num \u00fanico website\" \/>\n<meta name=\"robots\" content=\"index, follow, max-snippet:-1, max-image-preview:large, max-video-preview:-1\" \/>\n<link rel=\"canonical\" href=\"https:\/\/jackpotlotteryonline.com\/pt-pt\/numeros-vencedores\/powerball\/\" \/>\n<meta property=\"og:locale\" content=\"pt_PT\" \/>\n<meta property=\"og:type\" content=\"article\" \/>\n<meta property=\"og:title\" content=\"N\u00fameros vencedores do Powerball e resultados do sorteio\" \/>\n<meta property=\"og:description\" content=\"Todos os resultados dos \u00faltimos sorteios e n\u00fameros vencedores para a Powerball USA, mais um arquivo de resultados, tudo num \u00fanico website\" \/>\n<meta property=\"og:url\" content=\"https:\/\/jackpotlotteryonline.com\/pt-pt\/numeros-vencedores\/powerball\/\" \/>\n<meta property=\"og:site_name\" content=\"Lotto Online - Crack The International Lottery Jackpots\" \/>\n<meta property=\"article:modified_time\" content=\"2022-12-26T14:21:32+00:00\" \/>\n<meta property=\"og:image\" content=\"http:\/\/jackpotlotteryonline.com\/wp-content\/uploads\/2022\/11\/1_results_powerball.jpg\" \/>\n<meta name=\"twitter:card\" content=\"summary_large_image\" \/>\n<meta name=\"twitter:label1\" content=\"Tempo estimado de leitura\" \/>\n\t<meta name=\"twitter:data1\" content=\"5 minutos\" \/>\n<!-- \/ Yoast SEO plugin. -->","yoast_head_json":{"title":"N\u00fameros vencedores do Powerball e resultados do sorteio","description":"Todos os resultados dos \u00faltimos sorteios e n\u00fameros vencedores para a Powerball USA, mais um arquivo de resultados, tudo num \u00fanico website","robots":{"index":"index","follow":"follow","max-snippet":"max-snippet:-1","max-image-preview":"max-image-preview:large","max-video-preview":"max-video-preview:-1"},"canonical":"https:\/\/jackpotlotteryonline.com\/pt-pt\/numeros-vencedores\/powerball\/","og_locale":"pt_PT","og_type":"article","og_title":"N\u00fameros vencedores do Powerball e resultados do sorteio","og_description":"Todos os resultados dos \u00faltimos sorteios e n\u00fameros vencedores para a Powerball USA, mais um arquivo de resultados, tudo num \u00fanico website","og_url":"https:\/\/jackpotlotteryonline.com\/pt-pt\/numeros-vencedores\/powerball\/","og_site_name":"Lotto Online - Crack The International Lottery Jackpots","article_modified_time":"2022-12-26T14:21:32+00:00","og_image":[{"url":"http:\/\/jackpotlotteryonline.com\/wp-content\/uploads\/2022\/11\/1_results_powerball.jpg"}],"twitter_card":"summary_large_image","twitter_misc":{"Tempo estimado de leitura":"5 minutos"},"schema":{"@context":"https:\/\/schema.org","@graph":[{"@type":"WebPage","@id":"https:\/\/jackpotlotteryonline.com\/pt-pt\/numeros-vencedores\/powerball\/","url":"https:\/\/jackpotlotteryonline.com\/pt-pt\/numeros-vencedores\/powerball\/","name":"N\u00fameros vencedores do Powerball e resultados do sorteio","isPartOf":{"@id":"https:\/\/jackpotlotteryonline.com\/#website"},"primaryImageOfPage":{"@id":"https:\/\/jackpotlotteryonline.com\/pt-pt\/numeros-vencedores\/powerball\/#primaryimage"},"image":{"@id":"https:\/\/jackpotlotteryonline.com\/pt-pt\/numeros-vencedores\/powerball\/#primaryimage"},"thumbnailUrl":"http:\/\/jackpotlotteryonline.com\/wp-content\/uploads\/2022\/11\/1_results_powerball.jpg","datePublished":"2022-12-05T08:50:13+00:00","dateModified":"2022-12-26T14:21:32+00:00","description":"Todos os resultados dos \u00faltimos sorteios e n\u00fameros vencedores para a Powerball USA, mais um arquivo de resultados, tudo num \u00fanico website","breadcrumb":{"@id":"https:\/\/jackpotlotteryonline.com\/pt-pt\/numeros-vencedores\/powerball\/#breadcrumb"},"inLanguage":"pt-PT","potentialAction":[{"@type":"ReadAction","target":["https:\/\/jackpotlotteryonline.com\/pt-pt\/numeros-vencedores\/powerball\/"]}]},{"@type":"ImageObject","inLanguage":"pt-PT","@id":"https:\/\/jackpotlotteryonline.com\/pt-pt\/numeros-vencedores\/powerball\/#primaryimage","url":"http:\/\/jackpotlotteryonline.com\/wp-content\/uploads\/2022\/11\/1_results_powerball.jpg","contentUrl":"http:\/\/jackpotlotteryonline.com\/wp-content\/uploads\/2022\/11\/1_results_powerball.jpg"},{"@type":"BreadcrumbList","@id":"https:\/\/jackpotlotteryonline.com\/pt-pt\/numeros-vencedores\/powerball\/#breadcrumb","itemListElement":[{"@type":"ListItem","position":1,"name":"Home","item":"https:\/\/jackpotlotteryonline.com\/pt-pt\/"},{"@type":"ListItem","position":2,"name":"Resultados da lotaria","item":"https:\/\/jackpotlotteryonline.com\/winning-numbers\/"},{"@type":"ListItem","position":3,"name":"Resultados do sorteio Powerball"}]},{"@type":"WebSite","@id":"https:\/\/jackpotlotteryonline.com\/#website","url":"https:\/\/jackpotlotteryonline.com\/","name":"Lotto Online - Crack The International Lottery Jackpots","description":"","potentialAction":[{"@type":"SearchAction","target":{"@type":"EntryPoint","urlTemplate":"https:\/\/jackpotlotteryonline.com\/?s={search_term_string}"},"query-input":"required name=search_term_string"}],"inLanguage":"pt-PT"}]}},"_links":{"self":[{"href":"https:\/\/jackpotlotteryonline.com\/pt-pt\/wp-json\/wp\/v2\/pages\/40500","targetHints":{"allow":["GET"]}}],"collection":[{"href":"https:\/\/jackpotlotteryonline.com\/pt-pt\/wp-json\/wp\/v2\/pages"}],"about":[{"href":"https:\/\/jackpotlotteryonline.com\/pt-pt\/wp-json\/wp\/v2\/types\/page"}],"author":[{"embeddable":true,"href":"https:\/\/jackpotlotteryonline.com\/pt-pt\/wp-json\/wp\/v2\/users\/1"}],"replies":[{"embeddable":true,"href":"https:\/\/jackpotlotteryonline.com\/pt-pt\/wp-json\/wp\/v2\/comments?post=40500"}],"version-history":[{"count":0,"href":"https:\/\/jackpotlotteryonline.com\/pt-pt\/wp-json\/wp\/v2\/pages\/40500\/revisions"}],"up":[{"embeddable":true,"href":"https:\/\/jackpotlotteryonline.com\/pt-pt\/wp-json\/wp\/v2\/pages\/35846"}],"wp:attachment":[{"href":"https:\/\/jackpotlotteryonline.com\/pt-pt\/wp-json\/wp\/v2\/media?parent=40500"}],"curies":[{"name":"wp","href":"https:\/\/api.w.org\/{rel}","templated":true}]}}