{"id":40552,"date":"2022-12-05T11:09:35","date_gmt":"2022-12-05T11:09:35","guid":{"rendered":"https:\/\/jackpotlotteryonline.com\/?page_id=40552"},"modified":"2022-12-26T20:34:28","modified_gmt":"2022-12-26T20:34:28","slug":"mega-millions","status":"publish","type":"page","link":"https:\/\/jackpotlotteryonline.com\/pt-pt\/numeros-vencedores\/mega-millions\/","title":{"rendered":"Mega Milh\u00f5es de resultados de sorteio"},"content":{"rendered":"<p>A Mega Millions \u00e9 conhecida pelos seus mega jackpots e apostadores em todo o lado adoram a ideia de ganhar esta lotaria. Ganhar a lotaria Mega Millions \u00e9 o sonho americano e milh\u00f5es de jogadores lutam por ele. Felizmente, jogadores de todo o mundo t\u00eam agora uma oportunidade de ganhar a Mega Millions atrav\u00e9s da compra de bilhetes online. Caso se estivesse a perguntar como o fazer, ent\u00e3o temos uma surpresa para si.<\/p>\n<p>Se \u00e9 um jogador pela primeira vez (ou um regular) pode <a href=\"https:\/\/jackpotlotteryonline.com\/pt-pt\/comprar-tickets\/mega-millions\">comprar bilhetes para o Mega Million aqui mesmo no nosso site<\/a>. N\u00e3o s\u00f3 isso, mas aqui no jackpotlotteryonline.com, tamb\u00e9m lhe damos uma oportunidade de ganhar v\u00e1rias lotarias internacionais de topo. Portanto, se quiser tentar ganhar lotarias da Austr\u00e1lia, Europa ou Am\u00e9rica, ent\u00e3o mantenha-se connosco.<\/p>\n<section class=\"layout\" style=\"border: solid 1px; width: 100%;\">\n<div class=\"img-div\" style=\"margin-top: 5px;\"><img decoding=\"async\" class=\"wp-image-17212 alignleft\" style=\"height: 45px; margin: 8px 8px 0px;\" src=\"http:\/\/jackpotlotteryonline.com\/wp-content\/uploads\/2022\/11\/read1.jpg\" alt=\"ler\" width=\"\" height=\"\" \/><\/div>\n<div style=\"padding-left: 5px;\">\n<div style=\"font-size: 1.1em;\">\n<p><strong>Lotarias Europeias<\/strong><\/p>\n<p style=\"font-size: 0.85em; margin-top: -1.5em;\">Que lotarias europeias s\u00e3o as melhores?\u00a0 <a href=\"https:\/\/jackpotlotteryonline.com\/pt-pt\/quais-as-lotarias-europeias-que-sao-as-melhores\">leia mais<\/a><\/p>\n<\/div>\n<\/div>\n<\/section>\n<p>Ah, e tamb\u00e9m lhe diremos como pode ter acesso ao seu Mega Millions ganha. N\u00e3o vale a pena <a href=\"https:\/\/jackpotlotteryonline.com\/pt-pt\/como-jogar\/mega-millions\">jogar Mega Millions<\/a>, ganhar e n\u00e3o poder ter acesso ao seu pr\u00e9mio. Por isso relaxe e continue a ler para saber tudo o que precisa de saber sobre os n\u00fameros vencedores do Mega Millions.<\/p>\n<h2>Como escolher os n\u00fameros vencedores Mega Millions<\/h2>\n<p><img loading=\"lazy\" decoding=\"async\" class=\"alignright size-full wp-image-31073\" src=\"http:\/\/jackpotlotteryonline.com\/wp-content\/uploads\/2022\/11\/logo_Mega_Millions_233x110.png\" alt=\"comprar on-line mega milh\u00f5es de bilhetes\" width=\"232\" height=\"110\" \/>Todos os que compram um bilhete de lotaria esperam que, de alguma forma, recebam o bilhete vencedor. \u00c9 o instinto humano natural. Sabemos que as probabilidades podem ser elevadas, mas algu\u00e9m tem de obter o bilhete vencedor. E, pode muito bem ser voc\u00ea, certo? Mas, como \u00e9 que se faz isso? Bem, h\u00e1 alguns truques que os jogadores usam para escolher os n\u00fameros vencedores.<\/p>\n<p>Seremos adiantados e informaremos que n\u00e3o h\u00e1 forma garantida de pontuar o bilhete vencedor. \u00c9 um jogo de azar e cada jogador s\u00f3 tem de tentar a sua sorte. Dito isto, h\u00e1 formas de se ajudar a sentir-se sortudo. Para isso, os n\u00fameros vencedores que escolher s\u00e3o muito importantes.<\/p>\n<p>Basicamente, \u00e9 poss\u00edvel escolher os n\u00fameros vencedores escolhendo datas de sorte. Algumas pessoas consideram as datas em que nasceram como sendo de sorte. Diz-se que algumas pessoas nasceram sob uma estrela da sorte. Se se sentir como uma dessas pessoas, ent\u00e3o poder\u00e1 querer usar a totalidade ou parte da data de nascimento para o seu bilhete de lotaria. N\u00e3o se sinta t\u00e3o sortudo, ent\u00e3o use o gerador autom\u00e1tico para escolher n\u00fameros vencedores aleat\u00f3rios.<\/p>\n<h2>Ganhar o Mega Milh\u00f5es online<\/h2>\n<p>As regras do jogo s\u00e3o as mesmas quer se esteja a jogar online ou offline. Trabalharemos consigo ao longo do processo de escolha dos n\u00fameros vencedores online. Assim que o conseguir, n\u00e3o vai querer jogar na lotaria de qualquer outra forma. H\u00e1 algo de incr\u00edvel em n\u00e3o ter de ir a lado nenhum para comprar o seu bilhete de lotaria. Basta usar o seu computador ou dispositivo m\u00f3vel.<\/p>\n<p>Em primeiro lugar, as regras. Para Mega Millions, precisa de escolher 5 n\u00fameros entre 1 e 70 e uma Mega Ball de 1 a 25. Uma vez escolhida a combina\u00e7\u00e3o vencedora, pode participar nos sorteios. Os dias de sorteio s\u00e3o ter\u00e7a-feira e sexta-feira de cada semana. Tem a op\u00e7\u00e3o de participar num \u00fanico sorteio ou em ambos.<\/p>\n<p>Tamb\u00e9m se pode participar nos sorteios com v\u00e1rias semanas de anteced\u00eancia. Se igualar a combina\u00e7\u00e3o vencedora, ganha em grande. Antes de pagar pelas suas participa\u00e7\u00f5es, pedimos-lhe que se registe. Isto para lhe facilitar o acesso e reclamar os seus ganhos. Mas, explicaremos que mais tarde, basta continuar a ler.<\/p>\n<h2>Verificar os n\u00fameros vencedores<\/h2>\n<p>O jackpot do Mega Milh\u00f5es come\u00e7a em 40 milh\u00f5es de d\u00f3lares. Este \u00e9 o m\u00ednimo garantido e o pr\u00e9mio do jackpot n\u00e3o vai abaixo deste. Se nenhum n\u00famero vencedor aparecer ap\u00f3s os sorteios, o jackpot passa para o sorteio seguinte. Continua a rolar at\u00e9 ser encontrado um bilhete vencedor.<\/p>\n<p>Para verificar os resultados vencedores da lotaria Mega Millions, basta voltar a esta p\u00e1gina ap\u00f3s cada sorteio. \u00c9 t\u00e3o simples quanto isso. Publicamos os resultados vencedores de cada sorteio nesta p\u00e1gina e isto inclui tamb\u00e9m as outras categorias de pr\u00e9mios. Sim, ganhar o jackpot n\u00e3o \u00e9 tudo o que se pode ganhar quando se joga na Mega Millions.<\/p>\n<p>Se ganhar qualquer pr\u00e9mio, inform\u00e1-lo-emos imediatamente via e-mail para que possa reclamar os seus ganhos.<\/p>\n<h2>Categorias de pr\u00e9mios Mega Millions<\/h2>\n<p>Muito bem, sabemos que est\u00e1 provavelmente curioso em ganhar outros pr\u00e9mios quando joga nesta lotaria. Todos esperamos ganhar a lotaria, mas quando se aponta para as estrelas, por vezes bate-se o c\u00e9u. E estes pr\u00e9mios s\u00e3o bastante espectaculares. Portanto, aqui est\u00e1 a reparti\u00e7\u00e3o dos pr\u00e9mios.<\/p>\n<p>Divis\u00e3o 1: 5 + Mega Bola &#8211; Jackpot<\/p>\n<p>Divis\u00e3o 2: 5 &#8211; $1,000,000<\/p>\n<p>Divis\u00e3o 3: 4 + Mega Ball &#8211; $10,000<\/p>\n<p>Divis\u00e3o 4: 4 &#8211; $500<\/p>\n<p>Divis\u00e3o 5: 3 + Mega Ball &#8211; $200<\/p>\n<p>Divis\u00e3o 6 : 3 &#8211; $10<\/p>\n<p>Divis\u00e3o 7: 2 + Mega Ball &#8211; $10<\/p>\n<p>Divis\u00e3o 8: 1 + Mega Ball &#8211; $4<\/p>\n<p>Divis\u00e3o 8: Mega Ball apenas &#8211; $2<\/p>\n<p>Ganhar o pr\u00e9mio de segundo n\u00edvel seria tamb\u00e9m bastante not\u00e1vel, certo? Acontece que n\u00f3s tamb\u00e9m pensamos assim.<\/p>\n<h2>Como reclamar o seu pr\u00e9mio<\/h2>\n<p><img loading=\"lazy\" decoding=\"async\" class=\"alignright size-full wp-image-19115\" src=\"http:\/\/jackpotlotteryonline.com\/wp-content\/uploads\/2022\/10\/2_ticket_mega_millions3.jpg\" alt=\"digitaliza\u00e7\u00e3o de mega milh\u00f5es de bilhetes\" width=\"180\" height=\"193\" \/>\u00c9 tudo bem e bom jogar na lotaria online, mas como reclamar os seus ganhos? Bem, tamb\u00e9m temos tudo isso coberto. Se comprou o seu bilhete de lotaria no jackpotlotteryonline.com ent\u00e3o pode facilmente ter acesso aos seus pr\u00e9mios. Uma vez que tenha feito o login na sua conta, basta levantar dinheiro da nossa plataforma para o seu banco.<\/p>\n<p>Este processo sem complica\u00e7\u00f5es \u00e9 a principal raz\u00e3o pela qual pedimos aos nossos clientes para se registarem. Torna muito mais f\u00e1cil levantar os seus ganhos, n\u00e3o importa onde vive.<\/p>\n<p>Note que isto \u00e9 normalmente para ganhos que s\u00e3o inferiores a 2.500 euros. Se os seus ganhos forem superiores a 2.500 euros, poder\u00e1 ter de contactar directamente a empresa lot\u00e9rica para reclamar o seu ganho. Mas, isso n\u00e3o \u00e9 um problema, uma vez que o ajudaremos a preencher um formul\u00e1rio de reclama\u00e7\u00e3o.<\/p>\n<h2>Porque deve jogar na lotaria no jackpotlotteryonline.com<\/h2>\n<p>Tudo o que fazemos no jackpotlotteryonline.com est\u00e1 focado em dar-lhe uma experi\u00eancia fant\u00e1stica quando joga Mega Millions. H\u00e1 tantas coisas na vida que s\u00e3o dif\u00edceis, mas ganhar a lotaria n\u00e3o deve ser uma dessas coisas. Por isso, tratamos de todos esses pequenos detalhes desagrad\u00e1veis para que se possa concentrar em ter toda a divers\u00e3o que deseja.<\/p>\n<p>Mais do que isso, somos um site de concierge. O que significa que damos aos nossos clientes uma oportunidade de ganhar na lotaria. N\u00e3o se aposta no resultado de Mega Millions como \u00e9 com tantos sites de lotaria. Na verdade, damos aos nossos clientes acesso a lotarias internacionais vencedoras como a Mega Millions. Quando compra bilhetes no nosso site, se tiver o bilhete vencedor, ganha a lotaria.<\/p>\n<p>Facilitamos aos nossos clientes a verifica\u00e7\u00e3o dos n\u00fameros vencedores da Mega Millions, bem como o hist\u00f3rico do sorteio. Verificar o hist\u00f3rico do sorteio ajuda os jogadores a criar a sua estrat\u00e9gia de jogo vencedora. Finalmente, ter acesso aos seus ganhos \u00e9 t\u00e3o simples como um clique. Aproveite hoje a lotaria Mega Millions registando-se connosco.<\/p>\n","protected":false},"excerpt":{"rendered":"<p>A Mega Millions \u00e9 conhecida pelos seus mega jackpots e apostadores em todo o lado adoram a ideia de ganhar esta lotaria. Ganhar a lotaria Mega Millions \u00e9 o sonho americano e milh\u00f5es de jogadores lutam por ele. Felizmente, jogadores de todo o mundo t\u00eam agora uma oportunidade de ganhar a Mega Millions atrav\u00e9s da [&hellip;]<\/p>\n","protected":false},"author":1,"featured_media":0,"parent":35846,"menu_order":2,"comment_status":"closed","ping_status":"closed","template":"megamillion-results.php","meta":{"_et_pb_use_builder":"","_et_pb_old_content":"","_et_gb_content_width":"","exclude_from_search":false,"footnotes":""},"class_list":["post-40552","page","type-page","status-publish","hentry"],"yoast_head":"<!-- This site is optimized with the Yoast SEO plugin v23.3 - https:\/\/yoast.com\/wordpress\/plugins\/seo\/ -->\n<title>Mega Milh\u00f5es de n\u00fameros vencedores e resultados do sorteio<\/title>\n<meta name=\"description\" content=\"Encontre os resultados e o n\u00famero vencedor do sorteio Mega Millions desta semana e dos anteriores aqui no nosso site\" \/>\n<meta name=\"robots\" content=\"index, follow, max-snippet:-1, max-image-preview:large, max-video-preview:-1\" \/>\n<link rel=\"canonical\" href=\"https:\/\/jackpotlotteryonline.com\/pt-pt\/numeros-vencedores\/mega-millions\/\" \/>\n<meta property=\"og:locale\" content=\"pt_PT\" \/>\n<meta property=\"og:type\" content=\"article\" \/>\n<meta property=\"og:title\" content=\"Mega Milh\u00f5es de n\u00fameros vencedores e resultados do sorteio\" \/>\n<meta property=\"og:description\" content=\"Encontre os resultados e o n\u00famero vencedor do sorteio Mega Millions desta semana e dos anteriores aqui no nosso site\" \/>\n<meta property=\"og:url\" content=\"https:\/\/jackpotlotteryonline.com\/pt-pt\/numeros-vencedores\/mega-millions\/\" \/>\n<meta property=\"og:site_name\" content=\"Lotto Online - Crack The International Lottery Jackpots\" \/>\n<meta property=\"article:modified_time\" content=\"2022-12-26T20:34:28+00:00\" \/>\n<meta property=\"og:image\" content=\"http:\/\/jackpotlotteryonline.com\/wp-content\/uploads\/2022\/11\/read1.jpg\" \/>\n<meta name=\"twitter:card\" content=\"summary_large_image\" \/>\n<meta name=\"twitter:label1\" content=\"Tempo estimado de leitura\" \/>\n\t<meta name=\"twitter:data1\" content=\"6 minutos\" \/>\n<!-- \/ Yoast SEO plugin. -->","yoast_head_json":{"title":"Mega Milh\u00f5es de n\u00fameros vencedores e resultados do sorteio","description":"Encontre os resultados e o n\u00famero vencedor do sorteio Mega Millions desta semana e dos anteriores aqui no nosso site","robots":{"index":"index","follow":"follow","max-snippet":"max-snippet:-1","max-image-preview":"max-image-preview:large","max-video-preview":"max-video-preview:-1"},"canonical":"https:\/\/jackpotlotteryonline.com\/pt-pt\/numeros-vencedores\/mega-millions\/","og_locale":"pt_PT","og_type":"article","og_title":"Mega Milh\u00f5es de n\u00fameros vencedores e resultados do sorteio","og_description":"Encontre os resultados e o n\u00famero vencedor do sorteio Mega Millions desta semana e dos anteriores aqui no nosso site","og_url":"https:\/\/jackpotlotteryonline.com\/pt-pt\/numeros-vencedores\/mega-millions\/","og_site_name":"Lotto Online - Crack The International Lottery Jackpots","article_modified_time":"2022-12-26T20:34:28+00:00","og_image":[{"url":"http:\/\/jackpotlotteryonline.com\/wp-content\/uploads\/2022\/11\/read1.jpg"}],"twitter_card":"summary_large_image","twitter_misc":{"Tempo estimado de leitura":"6 minutos"},"schema":{"@context":"https:\/\/schema.org","@graph":[{"@type":"WebPage","@id":"https:\/\/jackpotlotteryonline.com\/pt-pt\/numeros-vencedores\/mega-millions\/","url":"https:\/\/jackpotlotteryonline.com\/pt-pt\/numeros-vencedores\/mega-millions\/","name":"Mega Milh\u00f5es de n\u00fameros vencedores e resultados do sorteio","isPartOf":{"@id":"https:\/\/jackpotlotteryonline.com\/#website"},"primaryImageOfPage":{"@id":"https:\/\/jackpotlotteryonline.com\/pt-pt\/numeros-vencedores\/mega-millions\/#primaryimage"},"image":{"@id":"https:\/\/jackpotlotteryonline.com\/pt-pt\/numeros-vencedores\/mega-millions\/#primaryimage"},"thumbnailUrl":"http:\/\/jackpotlotteryonline.com\/wp-content\/uploads\/2022\/11\/read1.jpg","datePublished":"2022-12-05T11:09:35+00:00","dateModified":"2022-12-26T20:34:28+00:00","description":"Encontre os resultados e o n\u00famero vencedor do sorteio Mega Millions desta semana e dos anteriores aqui no nosso site","breadcrumb":{"@id":"https:\/\/jackpotlotteryonline.com\/pt-pt\/numeros-vencedores\/mega-millions\/#breadcrumb"},"inLanguage":"pt-PT","potentialAction":[{"@type":"ReadAction","target":["https:\/\/jackpotlotteryonline.com\/pt-pt\/numeros-vencedores\/mega-millions\/"]}]},{"@type":"ImageObject","inLanguage":"pt-PT","@id":"https:\/\/jackpotlotteryonline.com\/pt-pt\/numeros-vencedores\/mega-millions\/#primaryimage","url":"http:\/\/jackpotlotteryonline.com\/wp-content\/uploads\/2022\/11\/read1.jpg","contentUrl":"http:\/\/jackpotlotteryonline.com\/wp-content\/uploads\/2022\/11\/read1.jpg"},{"@type":"BreadcrumbList","@id":"https:\/\/jackpotlotteryonline.com\/pt-pt\/numeros-vencedores\/mega-millions\/#breadcrumb","itemListElement":[{"@type":"ListItem","position":1,"name":"Home","item":"https:\/\/jackpotlotteryonline.com\/pt-pt\/"},{"@type":"ListItem","position":2,"name":"Resultados da lotaria","item":"https:\/\/jackpotlotteryonline.com\/winning-numbers\/"},{"@type":"ListItem","position":3,"name":"Mega Milh\u00f5es de resultados de sorteio"}]},{"@type":"WebSite","@id":"https:\/\/jackpotlotteryonline.com\/#website","url":"https:\/\/jackpotlotteryonline.com\/","name":"Lotto Online - Crack The International Lottery Jackpots","description":"","potentialAction":[{"@type":"SearchAction","target":{"@type":"EntryPoint","urlTemplate":"https:\/\/jackpotlotteryonline.com\/?s={search_term_string}"},"query-input":"required name=search_term_string"}],"inLanguage":"pt-PT"}]}},"_links":{"self":[{"href":"https:\/\/jackpotlotteryonline.com\/pt-pt\/wp-json\/wp\/v2\/pages\/40552","targetHints":{"allow":["GET"]}}],"collection":[{"href":"https:\/\/jackpotlotteryonline.com\/pt-pt\/wp-json\/wp\/v2\/pages"}],"about":[{"href":"https:\/\/jackpotlotteryonline.com\/pt-pt\/wp-json\/wp\/v2\/types\/page"}],"author":[{"embeddable":true,"href":"https:\/\/jackpotlotteryonline.com\/pt-pt\/wp-json\/wp\/v2\/users\/1"}],"replies":[{"embeddable":true,"href":"https:\/\/jackpotlotteryonline.com\/pt-pt\/wp-json\/wp\/v2\/comments?post=40552"}],"version-history":[{"count":0,"href":"https:\/\/jackpotlotteryonline.com\/pt-pt\/wp-json\/wp\/v2\/pages\/40552\/revisions"}],"up":[{"embeddable":true,"href":"https:\/\/jackpotlotteryonline.com\/pt-pt\/wp-json\/wp\/v2\/pages\/35846"}],"wp:attachment":[{"href":"https:\/\/jackpotlotteryonline.com\/pt-pt\/wp-json\/wp\/v2\/media?parent=40552"}],"curies":[{"name":"wp","href":"https:\/\/api.w.org\/{rel}","templated":true}]}}