{"id":40607,"date":"2022-12-05T13:33:45","date_gmt":"2022-12-05T13:33:45","guid":{"rendered":"https:\/\/jackpotlotteryonline.com\/?page_id=40607"},"modified":"2022-12-27T08:42:07","modified_gmt":"2022-12-27T08:42:07","slug":"euromillions","status":"publish","type":"page","link":"https:\/\/jackpotlotteryonline.com\/pt-pt\/numeros-vencedores\/euromillions\/","title":{"rendered":"Resultados do sorteio do Euromilh\u00f5es"},"content":{"rendered":"<p>Os apostadores que compram bilhetes de lotaria preocupam-se frequentemente em perder os seus pr\u00e9mios de lotaria. Isto \u00e9 porque as pessoas se descuidam e os bilhetes desaparecem; sem o seu bilhete de lotaria n\u00e3o pode reclamar o seu pr\u00e9mio. Mas quando joga na lotaria on-line, nunca tem de se preocupar com os bilhetes em falta, porque tudo \u00e9 digital. No entanto, a verifica\u00e7\u00e3o dos n\u00fameros vencedores pode ainda ser um problema se n\u00e3o souber o que fazer. E, \u00e9 por isso que estamos aqui.<\/p>\n<p>No jackpotlotteryonline.com damos aos jogadores acesso \u00e0s principais lotarias internacionais online. Tamb\u00e9m facilitamos a compra de bilhetes de lotaria e verificamos os n\u00fameros vencedores do Euromilh\u00f5es a partir de onde quer que se encontre.<\/p>\n<h2>Como ganhar o jackpot?<\/h2>\n<p><img loading=\"lazy\" decoding=\"async\" class=\"alignright size-full wp-image-31019\" src=\"https:\/\/jackpotlotteryonline.com\/wp-content\/uploads\/2022\/11\/euromillions.png\" alt=\"ganhar Euromilh\u00f5es\" width=\"200\" height=\"212\" \/>Esta \u00e9 uma quest\u00e3o essencial, pois todos os que jogam na lotaria gostariam de saber o que \u00e9 preciso para ganhar. A resposta simples \u00e9 que para ganhar a lotaria, um jogador s\u00f3 tem de igualar os n\u00fameros sorteados. \u00c9 claro que todos sabemos que n\u00e3o \u00e9 assim t\u00e3o simples. A lotaria depende muito da sorte.<\/p>\n<p>Para Euromilh\u00f5es, um jogador precisa de escolher 5 d\u00edgitos de 1 a 70 e 2 Lucky Stars. Quem igualar todos os 7 d\u00edgitos sorteados, ganha a lotaria.<\/p>\n<p>Pode verificar aqui as combina\u00e7\u00f5es passadas para descobrir quais os d\u00edgitos que ocorrem com maior ou menor frequ\u00eancia. Isto pode ajud\u00e1-lo a planear a sua estrat\u00e9gia vencedora para a lotaria europeia.<\/p>\n<h2>Como verificar o vencedor<\/h2>\n<p>H\u00e1 v\u00e1rias maneiras de verificar online o vencedor da lotaria. No entanto, o problema de verificar qualquer site aleat\u00f3rio \u00e9 que poder\u00e1 n\u00e3o obter informa\u00e7\u00f5es precisas. Al\u00e9m disso, se verificar os sites de not\u00edcias, poder\u00e1 apenas descobrir a combina\u00e7\u00e3o que ganhou o jackpot.<\/p>\n<p>A lotaria europeia tem v\u00e1rias categorias de pr\u00e9mios e mesmo que n\u00e3o ganhasse o pr\u00e9mio m\u00e1ximo, ainda assim poderia ir para casa com uma boa quantia. Por isso, \u00e9 importante verificar o seu bilhete em rela\u00e7\u00e3o \u00e0s outras divis\u00f5es de pr\u00e9mios.<\/p>\n<p>Se <a href=\"https:\/\/jackpotlotteryonline.com\/pt-pt\/comprar-tickets\/euromillions\">comprar o seu bilhete de lotaria<\/a> no jackpotlotteryonline.com, enviar-lhe-emos um e-mail assim que ganhar um pr\u00e9mio. Assim, n\u00e3o tem de se preocupar em perder os seus pr\u00e9mios.<\/p>\n<h2>Aceder ao seu pr\u00e9mio<\/h2>\n<p>Porque est\u00e1 a <a href=\"https:\/\/jackpotlotteryonline.com\/pt-pt\/como-jogar\/euromillions\">jogar na lotaria online<\/a>, \u00e9 natural que se pergunte o que acontece quando se ganha um pr\u00e9mio. Se estiver a jogar connosco, ent\u00e3o o acesso ao seu pr\u00e9mio \u00e9 t\u00e3o simples como comprar o seu bilhete. Com isso, queremos dizer que pode facilmente retirar os seus ganhos do nosso site. Sem aborrecimentos e sem complica\u00e7\u00f5es.<\/p>\n<p>Se ganhar o jackpot ou uma quantia superior a 2500 euros, ent\u00e3o poder\u00e1 ter de preencher um formul\u00e1rio de reclama\u00e7\u00e3o. Mas n\u00e3o se preocupe, n\u00e3o \u00e9 um processo complexo e n\u00f3s gui\u00e1-lo-emos atrav\u00e9s dele.<\/p>\n<section class=\"layout\" style=\"border: solid 1px; width: 100%;\">\n<div class=\"img-div\" style=\"margin-top: 5px;\"><img decoding=\"async\" class=\"wp-image-17212 alignleft\" style=\"height: 45px; margin: 8px 8px 0px;\" src=\"https:\/\/jackpotlotteryonline.com\/wp-content\/uploads\/2022\/11\/read1.jpg\" alt=\"ler\" width=\"\" height=\"\" \/><\/div>\n<div style=\"padding-left: 5px;\">\n<div style=\"font-size: 1.1em;\">\n<p><strong>Como \u00e9 que sou pago se ganhar a lotaria online?<\/strong><\/p>\n<p style=\"font-size: 0.85em; margin-top: -1.5em;\">\u00c9 assim que recebe o seu dinheiro se ganhar a lotaria online\u00a0<a href=\"https:\/\/jackpotlotteryonline.com\/pt-pt\/como-e-que-sou-pago-se-ganhar-a-lotaria-online\"> leia mais<\/a><\/p>\n<\/div>\n<\/div>\n<\/section>\n<h2>Verifique hoje os seus n\u00fameros vencedores do Euromilh\u00f5es<\/h2>\n<p>Temos trabalhado arduamente para criar um ambiente online seguro para os nossos jogadores. Fornecemos tudo o que \u00e9 necess\u00e1rio para poder jogar convenientemente na lotaria. Connosco, tem acesso a lotarias internacionais de topo e pode participar em m\u00faltiplos sorteios com anteced\u00eancia. Al\u00e9m disso, pode facilmente verificar os sorteios aqui mesmo e retirar os seus ganhos.<\/p>\n","protected":false},"excerpt":{"rendered":"<p>Os apostadores que compram bilhetes de lotaria preocupam-se frequentemente em perder os seus pr\u00e9mios de lotaria. Isto \u00e9 porque as pessoas se descuidam e os bilhetes desaparecem; sem o seu bilhete de lotaria n\u00e3o pode reclamar o seu pr\u00e9mio. Mas quando joga na lotaria on-line, nunca tem de se preocupar com os bilhetes em falta, [&hellip;]<\/p>\n","protected":false},"author":1,"featured_media":0,"parent":35846,"menu_order":3,"comment_status":"closed","ping_status":"closed","template":"euromillions-results.php","meta":{"_et_pb_use_builder":"","_et_pb_old_content":"","_et_gb_content_width":"","exclude_from_search":false,"footnotes":""},"class_list":["post-40607","page","type-page","status-publish","hentry"],"yoast_head":"<!-- This site is optimized with the Yoast SEO plugin v23.3 - https:\/\/yoast.com\/wordpress\/plugins\/seo\/ -->\n<title>Euromilh\u00f5es de n\u00fameros vencedores e resultados do sorteio<\/title>\n<meta name=\"description\" content=\"Resultados do sorteio do Euromilh\u00f5es - n\u00fameros vencedores para o \u00faltimo sorteio, bem como um arquivo de resultados passados\" \/>\n<meta name=\"robots\" content=\"index, follow, max-snippet:-1, max-image-preview:large, max-video-preview:-1\" \/>\n<link rel=\"canonical\" href=\"https:\/\/jackpotlotteryonline.com\/pt-pt\/numeros-vencedores\/euromillions\/\" \/>\n<meta property=\"og:locale\" content=\"pt_PT\" \/>\n<meta property=\"og:type\" content=\"article\" \/>\n<meta property=\"og:title\" content=\"Euromilh\u00f5es de n\u00fameros vencedores e resultados do sorteio\" \/>\n<meta property=\"og:description\" content=\"Resultados do sorteio do Euromilh\u00f5es - n\u00fameros vencedores para o \u00faltimo sorteio, bem como um arquivo de resultados passados\" \/>\n<meta property=\"og:url\" content=\"https:\/\/jackpotlotteryonline.com\/pt-pt\/numeros-vencedores\/euromillions\/\" \/>\n<meta property=\"og:site_name\" content=\"Lotto Online - Crack The International Lottery Jackpots\" \/>\n<meta property=\"article:modified_time\" content=\"2022-12-27T08:42:07+00:00\" \/>\n<meta property=\"og:image\" content=\"https:\/\/jackpotlotteryonline.com\/wp-content\/uploads\/2022\/11\/euromillions.png\" \/>\n<meta name=\"twitter:card\" content=\"summary_large_image\" \/>\n<meta name=\"twitter:label1\" content=\"Tempo estimado de leitura\" \/>\n\t<meta name=\"twitter:data1\" content=\"3 minutos\" \/>\n<!-- \/ Yoast SEO plugin. -->","yoast_head_json":{"title":"Euromilh\u00f5es de n\u00fameros vencedores e resultados do sorteio","description":"Resultados do sorteio do Euromilh\u00f5es - n\u00fameros vencedores para o \u00faltimo sorteio, bem como um arquivo de resultados passados","robots":{"index":"index","follow":"follow","max-snippet":"max-snippet:-1","max-image-preview":"max-image-preview:large","max-video-preview":"max-video-preview:-1"},"canonical":"https:\/\/jackpotlotteryonline.com\/pt-pt\/numeros-vencedores\/euromillions\/","og_locale":"pt_PT","og_type":"article","og_title":"Euromilh\u00f5es de n\u00fameros vencedores e resultados do sorteio","og_description":"Resultados do sorteio do Euromilh\u00f5es - n\u00fameros vencedores para o \u00faltimo sorteio, bem como um arquivo de resultados passados","og_url":"https:\/\/jackpotlotteryonline.com\/pt-pt\/numeros-vencedores\/euromillions\/","og_site_name":"Lotto Online - Crack The International Lottery Jackpots","article_modified_time":"2022-12-27T08:42:07+00:00","og_image":[{"url":"https:\/\/jackpotlotteryonline.com\/wp-content\/uploads\/2022\/11\/euromillions.png"}],"twitter_card":"summary_large_image","twitter_misc":{"Tempo estimado de leitura":"3 minutos"},"schema":{"@context":"https:\/\/schema.org","@graph":[{"@type":"WebPage","@id":"https:\/\/jackpotlotteryonline.com\/pt-pt\/numeros-vencedores\/euromillions\/","url":"https:\/\/jackpotlotteryonline.com\/pt-pt\/numeros-vencedores\/euromillions\/","name":"Euromilh\u00f5es de n\u00fameros vencedores e resultados do sorteio","isPartOf":{"@id":"https:\/\/jackpotlotteryonline.com\/#website"},"primaryImageOfPage":{"@id":"https:\/\/jackpotlotteryonline.com\/pt-pt\/numeros-vencedores\/euromillions\/#primaryimage"},"image":{"@id":"https:\/\/jackpotlotteryonline.com\/pt-pt\/numeros-vencedores\/euromillions\/#primaryimage"},"thumbnailUrl":"https:\/\/jackpotlotteryonline.com\/wp-content\/uploads\/2022\/11\/euromillions.png","datePublished":"2022-12-05T13:33:45+00:00","dateModified":"2022-12-27T08:42:07+00:00","description":"Resultados do sorteio do Euromilh\u00f5es - n\u00fameros vencedores para o \u00faltimo sorteio, bem como um arquivo de resultados passados","breadcrumb":{"@id":"https:\/\/jackpotlotteryonline.com\/pt-pt\/numeros-vencedores\/euromillions\/#breadcrumb"},"inLanguage":"pt-PT","potentialAction":[{"@type":"ReadAction","target":["https:\/\/jackpotlotteryonline.com\/pt-pt\/numeros-vencedores\/euromillions\/"]}]},{"@type":"ImageObject","inLanguage":"pt-PT","@id":"https:\/\/jackpotlotteryonline.com\/pt-pt\/numeros-vencedores\/euromillions\/#primaryimage","url":"https:\/\/jackpotlotteryonline.com\/wp-content\/uploads\/2022\/11\/euromillions.png","contentUrl":"https:\/\/jackpotlotteryonline.com\/wp-content\/uploads\/2022\/11\/euromillions.png"},{"@type":"BreadcrumbList","@id":"https:\/\/jackpotlotteryonline.com\/pt-pt\/numeros-vencedores\/euromillions\/#breadcrumb","itemListElement":[{"@type":"ListItem","position":1,"name":"Home","item":"https:\/\/jackpotlotteryonline.com\/pt-pt\/"},{"@type":"ListItem","position":2,"name":"Resultados da lotaria","item":"https:\/\/jackpotlotteryonline.com\/winning-numbers\/"},{"@type":"ListItem","position":3,"name":"Resultados do sorteio do Euromilh\u00f5es"}]},{"@type":"WebSite","@id":"https:\/\/jackpotlotteryonline.com\/#website","url":"https:\/\/jackpotlotteryonline.com\/","name":"Lotto Online - Crack The International Lottery Jackpots","description":"","potentialAction":[{"@type":"SearchAction","target":{"@type":"EntryPoint","urlTemplate":"https:\/\/jackpotlotteryonline.com\/?s={search_term_string}"},"query-input":"required name=search_term_string"}],"inLanguage":"pt-PT"}]}},"_links":{"self":[{"href":"https:\/\/jackpotlotteryonline.com\/pt-pt\/wp-json\/wp\/v2\/pages\/40607","targetHints":{"allow":["GET"]}}],"collection":[{"href":"https:\/\/jackpotlotteryonline.com\/pt-pt\/wp-json\/wp\/v2\/pages"}],"about":[{"href":"https:\/\/jackpotlotteryonline.com\/pt-pt\/wp-json\/wp\/v2\/types\/page"}],"author":[{"embeddable":true,"href":"https:\/\/jackpotlotteryonline.com\/pt-pt\/wp-json\/wp\/v2\/users\/1"}],"replies":[{"embeddable":true,"href":"https:\/\/jackpotlotteryonline.com\/pt-pt\/wp-json\/wp\/v2\/comments?post=40607"}],"version-history":[{"count":0,"href":"https:\/\/jackpotlotteryonline.com\/pt-pt\/wp-json\/wp\/v2\/pages\/40607\/revisions"}],"up":[{"embeddable":true,"href":"https:\/\/jackpotlotteryonline.com\/pt-pt\/wp-json\/wp\/v2\/pages\/35846"}],"wp:attachment":[{"href":"https:\/\/jackpotlotteryonline.com\/pt-pt\/wp-json\/wp\/v2\/media?parent=40607"}],"curies":[{"name":"wp","href":"https:\/\/api.w.org\/{rel}","templated":true}]}}