{"id":40678,"date":"2022-12-06T07:22:19","date_gmt":"2022-12-06T07:22:19","guid":{"rendered":"https:\/\/jackpotlotteryonline.com\/?page_id=40678"},"modified":"2022-12-28T08:44:45","modified_gmt":"2022-12-28T08:44:45","slug":"eurojackpot","status":"publish","type":"page","link":"https:\/\/jackpotlotteryonline.com\/pt-pt\/numeros-vencedores\/eurojackpot\/","title":{"rendered":"Resultados do sorteio do Eurojackpot"},"content":{"rendered":"<p>Como se verifica os n\u00fameros vencedores da lotaria do Eurojackpot? Como uma das lotarias mais populares na Europa, os apostadores de toda a parte est\u00e3o ansiosos por uma oportunidade de ganhar em grande. Se vive fora da Europa, tamb\u00e9m pode comprar bilhetes para a lotaria e verificar online os resultados do sorteio.<\/p>\n<p>Quando visita o jackpotlotteryonline.com, tem acesso \u00e0s principais lotarias internacionais do mundo. Fornecemos uma forma simples e conveniente de jogar na lotaria e verificar os sorteios num \u00fanico local.<\/p>\n<h2>O que \u00e9 a combina\u00e7\u00e3o vencedora?<\/h2>\n<p><img loading=\"lazy\" decoding=\"async\" class=\"size-full wp-image-28751 alignright\" src=\"https:\/\/jackpotlotteryonline.com\/wp-content\/uploads\/2022\/11\/1_online_ticket_eurojackpot.jpg\" alt=\"Combina\u00e7\u00f5es vencedoras do Eurojackpot\" width=\"300\" height=\"210\" \/>A maioria das pessoas <a href=\"https:\/\/jackpotlotteryonline.com\/pt-pt\/como-jogar\/eurojackpot\">joga na lotaria<\/a> por uma oportunidade de ganhar grandes e os apostadores gostam especialmente do Eurojackpot por uma s\u00e9rie de raz\u00f5es. Uma delas \u00e9 a grande possibilidade de ganhar. Esta lotaria tem produzido muitos milion\u00e1rios desde que foi lan\u00e7ada.<\/p>\n<p>Basicamente, o vencedor \u00e9 o bilhete que corresponde aos n\u00fameros sorteados. Se estiver a jogar online, ter\u00e1 de escolher 5 d\u00edgitos entre 1 e 50 e 2 outros de 1 a 12. Quem corresponder aos sete d\u00edgitos sorteados, ganha o jackpot.<\/p>\n<p>Ao escolher os seus n\u00fameros, pode escolher os que s\u00e3o especiais para si ou os aleat\u00f3rios. Alguns jogadores preferem utilizar o nosso gerador autom\u00e1tico para escolher aleatoriamente. O importante \u00e9 obter o seu bilhete antes dos sorteios.<\/p>\n<h2>Como verificar os resultados dos sorteios<\/h2>\n<p>Esta lotaria europeia tem dois dias de sorteio, na ter\u00e7a e sexta-feira de cada semana. Os resultados dos sorteios s\u00e3o frequentemente anunciados num espect\u00e1culo ao vivo. no entanto, esperar para ver os sorteios ao vivo pode tornar-se um pouco embara\u00e7oso. Especialmente se colidir com uma fun\u00e7\u00e3o importante ou com o seu trabalho, por exemplo. \u00c9 por isso que jogar na lotaria connosco \u00e9 uma op\u00e7\u00e3o fant\u00e1stica.<\/p>\n<p>Quando joga connosco, s\u00f3 precisa de verificar novamente para saber os resultados do sorteio. Isto \u00e9 porque publicamos os resultados do sorteio aqui mesmo no nosso site.<\/p>\n<p>Al\u00e9m disso, se ganhar um pr\u00e9mio, inform\u00e1-lo-emos assim que ganhar por e-mail. E assim que entrar na sua conta na nossa plataforma, receber\u00e1 um alerta. Jogar na lotaria \u00e9 ainda mais f\u00e1cil e mais conveniente quando nos compra os seus bilhetes de lotaria.<\/p>\n<h2>O que fazer quando ganha<\/h2>\n<p>Adoramos quando os nossos clientes ganham a lotaria porque \u00e9 por isso que estamos aqui em primeiro lugar. Para dar aos jogadores em todo o lado acesso \u00e0s principais lotarias internacionais a partir da comodidade dos seus computadores ou dispositivos m\u00f3veis.<\/p>\n<p>Assim, se ganhar um pr\u00e9mio, n\u00e3o s\u00f3 o alertaremos, como tamb\u00e9m poder\u00e1 facilmente retirar os seus ganhos da nossa plataforma. \u00c9 isso mesmo. N\u00e3o precisa de ir a lado nenhum para ter acesso ao seu pr\u00e9mio da lotaria, basta retirar directamente para a sua conta.<\/p>\n<p>Devemos mencionar, no entanto, que quando o pr\u00e9mio estiver acima de um determinado montante, poder\u00e1 ter de preencher um formul\u00e1rio de reclama\u00e7\u00e3o. Isto \u00e9 para o ajudar a obter o seu pr\u00e9mio da empresa lot\u00e9rica. Mas estamos aqui para o ajudar e tornar o processo t\u00e3o f\u00e1cil e directo quanto poss\u00edvel.<\/p>\n<section class=\"layout\" style=\"border: solid 1px; width: 100%;\">\n<div class=\"img-div\" style=\"margin-top: 5px;\"><img decoding=\"async\" class=\"wp-image-17212 alignleft\" style=\"height: 45px; margin: 8px 8px 0px;\" src=\"https:\/\/jackpotlotteryonline.com\/wp-content\/uploads\/2022\/11\/read1.jpg\" alt=\"ler\" width=\"\" height=\"\" \/><\/div>\n<div style=\"padding-left: 5px;\">\n<div style=\"font-size: 1.1em;\">\n<p><strong>Como \u00e9 que sou pago se ganhar a lotaria online?<\/strong><\/p>\n<p style=\"font-size: 0.85em; margin-top: -1.5em;\">\u00c9 assim que recebe o seu dinheiro se ganhar a lotaria online\u00a0<a href=\"https:\/\/jackpotlotteryonline.com\/pt-pt\/como-e-que-sou-pago-se-ganhar-a-lotaria-online\"> leia mais<\/a><\/p>\n<\/div>\n<\/div>\n<\/section>\n<h2>Verifique aqui os seus n\u00fameros vencedores do Eurojackpot<\/h2>\n<p><a href=\"https:\/\/jackpotlotteryonline.com\/pt-pt\/comprar-tickets\/eurojackpot\">Compre os seus bilhetes de lotaria<\/a>, participe nos sorteios e verifique os resultados do sorteio, tudo a partir de um \u00fanico local. Visite hoje mesmo o jackpotlotteryonline.com.<\/p>\n","protected":false},"excerpt":{"rendered":"<p>Como se verifica os n\u00fameros vencedores da lotaria do Eurojackpot? Como uma das lotarias mais populares na Europa, os apostadores de toda a parte est\u00e3o ansiosos por uma oportunidade de ganhar em grande. Se vive fora da Europa, tamb\u00e9m pode comprar bilhetes para a lotaria e verificar online os resultados do sorteio. Quando visita o [&hellip;]<\/p>\n","protected":false},"author":1,"featured_media":0,"parent":35846,"menu_order":4,"comment_status":"closed","ping_status":"closed","template":"eurojackpot-results.php","meta":{"_et_pb_use_builder":"","_et_pb_old_content":"","_et_gb_content_width":"","exclude_from_search":false,"footnotes":""},"class_list":["post-40678","page","type-page","status-publish","hentry"],"yoast_head":"<!-- This site is optimized with the Yoast SEO plugin v23.3 - https:\/\/yoast.com\/wordpress\/plugins\/seo\/ -->\n<title>N\u00fameros vencedores do Eurojackpot e resultados do sorteio<\/title>\n<meta name=\"description\" content=\"N\u00e3o quer saber os n\u00fameros vencedores do Eurojackpot? Verifique aqui todos os resultados dos sorteios para o Eurojackpot e muitas outras lotarias!\" \/>\n<meta name=\"robots\" content=\"index, follow, max-snippet:-1, max-image-preview:large, max-video-preview:-1\" \/>\n<link rel=\"canonical\" href=\"https:\/\/jackpotlotteryonline.com\/pt-pt\/numeros-vencedores\/eurojackpot\/\" \/>\n<meta property=\"og:locale\" content=\"pt_PT\" \/>\n<meta property=\"og:type\" content=\"article\" \/>\n<meta property=\"og:title\" content=\"N\u00fameros vencedores do Eurojackpot e resultados do sorteio\" \/>\n<meta property=\"og:description\" content=\"N\u00e3o quer saber os n\u00fameros vencedores do Eurojackpot? Verifique aqui todos os resultados dos sorteios para o Eurojackpot e muitas outras lotarias!\" \/>\n<meta property=\"og:url\" content=\"https:\/\/jackpotlotteryonline.com\/pt-pt\/numeros-vencedores\/eurojackpot\/\" \/>\n<meta property=\"og:site_name\" content=\"Lotto Online - Crack The International Lottery Jackpots\" \/>\n<meta property=\"article:modified_time\" content=\"2022-12-28T08:44:45+00:00\" \/>\n<meta property=\"og:image\" content=\"https:\/\/jackpotlotteryonline.com\/wp-content\/uploads\/2022\/11\/1_online_ticket_eurojackpot.jpg\" \/>\n<meta name=\"twitter:card\" content=\"summary_large_image\" \/>\n<meta name=\"twitter:label1\" content=\"Tempo estimado de leitura\" \/>\n\t<meta name=\"twitter:data1\" content=\"3 minutos\" \/>\n<!-- \/ Yoast SEO plugin. -->","yoast_head_json":{"title":"N\u00fameros vencedores do Eurojackpot e resultados do sorteio","description":"N\u00e3o quer saber os n\u00fameros vencedores do Eurojackpot? Verifique aqui todos os resultados dos sorteios para o Eurojackpot e muitas outras lotarias!","robots":{"index":"index","follow":"follow","max-snippet":"max-snippet:-1","max-image-preview":"max-image-preview:large","max-video-preview":"max-video-preview:-1"},"canonical":"https:\/\/jackpotlotteryonline.com\/pt-pt\/numeros-vencedores\/eurojackpot\/","og_locale":"pt_PT","og_type":"article","og_title":"N\u00fameros vencedores do Eurojackpot e resultados do sorteio","og_description":"N\u00e3o quer saber os n\u00fameros vencedores do Eurojackpot? Verifique aqui todos os resultados dos sorteios para o Eurojackpot e muitas outras lotarias!","og_url":"https:\/\/jackpotlotteryonline.com\/pt-pt\/numeros-vencedores\/eurojackpot\/","og_site_name":"Lotto Online - Crack The International Lottery Jackpots","article_modified_time":"2022-12-28T08:44:45+00:00","og_image":[{"url":"https:\/\/jackpotlotteryonline.com\/wp-content\/uploads\/2022\/11\/1_online_ticket_eurojackpot.jpg"}],"twitter_card":"summary_large_image","twitter_misc":{"Tempo estimado de leitura":"3 minutos"},"schema":{"@context":"https:\/\/schema.org","@graph":[{"@type":"WebPage","@id":"https:\/\/jackpotlotteryonline.com\/pt-pt\/numeros-vencedores\/eurojackpot\/","url":"https:\/\/jackpotlotteryonline.com\/pt-pt\/numeros-vencedores\/eurojackpot\/","name":"N\u00fameros vencedores do Eurojackpot e resultados do sorteio","isPartOf":{"@id":"https:\/\/jackpotlotteryonline.com\/#website"},"primaryImageOfPage":{"@id":"https:\/\/jackpotlotteryonline.com\/pt-pt\/numeros-vencedores\/eurojackpot\/#primaryimage"},"image":{"@id":"https:\/\/jackpotlotteryonline.com\/pt-pt\/numeros-vencedores\/eurojackpot\/#primaryimage"},"thumbnailUrl":"https:\/\/jackpotlotteryonline.com\/wp-content\/uploads\/2022\/11\/1_online_ticket_eurojackpot.jpg","datePublished":"2022-12-06T07:22:19+00:00","dateModified":"2022-12-28T08:44:45+00:00","description":"N\u00e3o quer saber os n\u00fameros vencedores do Eurojackpot? Verifique aqui todos os resultados dos sorteios para o Eurojackpot e muitas outras lotarias!","breadcrumb":{"@id":"https:\/\/jackpotlotteryonline.com\/pt-pt\/numeros-vencedores\/eurojackpot\/#breadcrumb"},"inLanguage":"pt-PT","potentialAction":[{"@type":"ReadAction","target":["https:\/\/jackpotlotteryonline.com\/pt-pt\/numeros-vencedores\/eurojackpot\/"]}]},{"@type":"ImageObject","inLanguage":"pt-PT","@id":"https:\/\/jackpotlotteryonline.com\/pt-pt\/numeros-vencedores\/eurojackpot\/#primaryimage","url":"https:\/\/jackpotlotteryonline.com\/wp-content\/uploads\/2022\/11\/1_online_ticket_eurojackpot.jpg","contentUrl":"https:\/\/jackpotlotteryonline.com\/wp-content\/uploads\/2022\/11\/1_online_ticket_eurojackpot.jpg"},{"@type":"BreadcrumbList","@id":"https:\/\/jackpotlotteryonline.com\/pt-pt\/numeros-vencedores\/eurojackpot\/#breadcrumb","itemListElement":[{"@type":"ListItem","position":1,"name":"Home","item":"https:\/\/jackpotlotteryonline.com\/pt-pt\/"},{"@type":"ListItem","position":2,"name":"Resultados da lotaria","item":"https:\/\/jackpotlotteryonline.com\/winning-numbers\/"},{"@type":"ListItem","position":3,"name":"Resultados do sorteio do Eurojackpot"}]},{"@type":"WebSite","@id":"https:\/\/jackpotlotteryonline.com\/#website","url":"https:\/\/jackpotlotteryonline.com\/","name":"Lotto Online - Crack The International Lottery Jackpots","description":"","potentialAction":[{"@type":"SearchAction","target":{"@type":"EntryPoint","urlTemplate":"https:\/\/jackpotlotteryonline.com\/?s={search_term_string}"},"query-input":"required name=search_term_string"}],"inLanguage":"pt-PT"}]}},"_links":{"self":[{"href":"https:\/\/jackpotlotteryonline.com\/pt-pt\/wp-json\/wp\/v2\/pages\/40678","targetHints":{"allow":["GET"]}}],"collection":[{"href":"https:\/\/jackpotlotteryonline.com\/pt-pt\/wp-json\/wp\/v2\/pages"}],"about":[{"href":"https:\/\/jackpotlotteryonline.com\/pt-pt\/wp-json\/wp\/v2\/types\/page"}],"author":[{"embeddable":true,"href":"https:\/\/jackpotlotteryonline.com\/pt-pt\/wp-json\/wp\/v2\/users\/1"}],"replies":[{"embeddable":true,"href":"https:\/\/jackpotlotteryonline.com\/pt-pt\/wp-json\/wp\/v2\/comments?post=40678"}],"version-history":[{"count":0,"href":"https:\/\/jackpotlotteryonline.com\/pt-pt\/wp-json\/wp\/v2\/pages\/40678\/revisions"}],"up":[{"embeddable":true,"href":"https:\/\/jackpotlotteryonline.com\/pt-pt\/wp-json\/wp\/v2\/pages\/35846"}],"wp:attachment":[{"href":"https:\/\/jackpotlotteryonline.com\/pt-pt\/wp-json\/wp\/v2\/media?parent=40678"}],"curies":[{"name":"wp","href":"https:\/\/api.w.org\/{rel}","templated":true}]}}