{"id":40730,"date":"2022-12-06T08:42:57","date_gmt":"2022-12-06T08:42:57","guid":{"rendered":"https:\/\/jackpotlotteryonline.com\/?page_id=40730"},"modified":"2022-12-27T10:12:50","modified_gmt":"2022-12-27T10:12:50","slug":"superenalotto","status":"publish","type":"page","link":"https:\/\/jackpotlotteryonline.com\/pt-pt\/numeros-vencedores\/superenalotto\/","title":{"rendered":"Resultados do sorteio da Superenalotto"},"content":{"rendered":"<p>A Superenalotto \u00e9 a lotaria nacional de It\u00e1lia e \u00e9 uma lotaria popular entre os apostadores do pa\u00eds. Se estiver a jogar de fora de It\u00e1lia, \u00e9 uma boa ideia descobrir como verificar os n\u00fameros vencedores. Continue a ler para saber mais.<\/p>\n<h2>Passos para jogar online a Superenalotto<\/h2>\n<p><a href=\"https:\/\/jackpotlotteryonline.com\/pt-pt\/como-jogar\/superenalotto\">Jogar online Superenalotto<\/a> \u00e9 como jogar offline, mas com maior comodidade e facilidade. Uma vez na p\u00e1gina da Superenalotto no jackpotlotteryoneline.com, \u00e9 poss\u00edvel escolher 6 n\u00fameros de 1 a 90. A seguir, escolha o n\u00famero de sorteios que deseja participar, e pode participar com at\u00e9 5 semanas de anteced\u00eancia. Quanto mais sorteios participar, maiores ser\u00e3o as suas hip\u00f3teses de ganhar.<\/p>\n<p>A Superenalotto realiza tr\u00eas sorteios semanais \u00e0s ter\u00e7as, quintas e s\u00e1bados. Assim, pode participar em um ou em todos os sorteios. Pode escolher um n\u00famero SuperStar para melhorar as suas probabilidades de ganhar na lotaria. H\u00e1 tamb\u00e9m o &#8220;N\u00famero Jolly&#8221; que \u00e9 de 1 a 90 e \u00e9 utilizado para determinar o vencedor do segundo escal\u00e3o.<\/p>\n<h2>Como verificar os seus n\u00fameros vencedores<\/h2>\n<p><img loading=\"lazy\" decoding=\"async\" class=\"alignright size-full wp-image-31316\" src=\"https:\/\/jackpotlotteryonline.com\/wp-content\/uploads\/2022\/11\/logo_superenalotto.png\" alt=\"Resultados do sorteio da Superenalotto\" width=\"200\" height=\"212\" \/>H\u00e1 diferentes maneiras de verificar os n\u00fameros vencedores quando joga Superenalotto. Enquanto pode ver os sorteios ao vivo na televis\u00e3o, isto s\u00f3 \u00e9 poss\u00edvel se viver em It\u00e1lia e falar italiano. Felizmente, tamb\u00e9m pode verificar online os n\u00fameros vencedores ap\u00f3s os sorteios. A maioria dos sites de not\u00edcias publicar\u00e1 os resultados dos sorteios.<\/p>\n<p>No entanto, h\u00e1 alguns problemas com isso. Antes de mais, pode facilmente esquecer-se de verificar os resultados dos sorteios. H\u00e1 hist\u00f3rias de pr\u00e9mios do jackpot que ficaram por reclamar, provavelmente porque os vencedores se esqueceram de verificar os seus bilhetes. Al\u00e9m disso, muitos s\u00edtios publicam apenas os n\u00fameros vencedores do primeiro escal\u00e3o. A maioria das lotarias tem v\u00e1rios n\u00edveis de pr\u00e9mios.<\/p>\n<p>Se jogar a Superenalotto connosco, n\u00e3o tem de se preocupar em perder qualquer pr\u00e9mio. N\u00e3o s\u00f3 o informaremos assim que ganhar um pr\u00e9mio, como receber\u00e1 uma notifica\u00e7\u00e3o assim que entrar no site. Al\u00e9m disso, publicamos os resultados da lotaria imediatamente ap\u00f3s os sorteios aqui mesmo no nosso site. Portanto, volte depois dos sorteios para ver se tem os n\u00fameros vencedores da Superenalotto.<\/p>\n<h2>N\u00edveis de pr\u00e9mios da Superenalotto<\/h2>\n<p>J\u00e1 mencion\u00e1mos que a lotaria Superenalotto tem um pr\u00e9mio jackpot de 2 milh\u00f5es de euros. Mas, sabia que n\u00e3o existe um limite m\u00e1ximo para o montante do jackpot? Isso significa que se n\u00e3o houver vencedor ap\u00f3s um sorteio, o pr\u00e9mio continua a rolar at\u00e9 haver um vencedor. O jackpot rolou tantas vezes em 2019 que chegou a um montante recorde de 209,1 milh\u00f5es de euros.<\/p>\n<p>Para al\u00e9m do jackpot, que \u00e9 o pr\u00e9mio para o primeiro n\u00edvel, existem outros pr\u00e9mios que um jogador pode ganhar. Os pr\u00e9mios s\u00e3o determinados pelo conjunto de pr\u00e9mios, pelo que n\u00e3o h\u00e1 um montante definido. No entanto, partilharemos o montante m\u00e9dio por sorteio.<\/p>\n<p>Jogo 6 &#8211; 92.056.091,66 euros<\/p>\n<p>Jogo 5 + n\u00famero Jolly &#8211; 594.951,95 euros<\/p>\n<p>Partida 5 &#8211; 49.736,38 euros<\/p>\n<p>Partida 4 n\u00fameros &#8211; EUR354,83<\/p>\n<p>Partida 3 n\u00fameros &#8211; 27,15 euros<\/p>\n<p>Partida 2 n\u00fameros &#8211; EUR5,48<\/p>\n<section class=\"layout\" style=\"border: solid 1px; width: 100%;\">\n<div class=\"img-div\" style=\"margin-top: 5px;\"><img decoding=\"async\" class=\"wp-image-17212 alignleft\" style=\"height: 45px; margin: 8px 8px 0px;\" src=\"https:\/\/jackpotlotteryonline.com\/wp-content\/uploads\/2022\/11\/read1.jpg\" alt=\"ler\" width=\"\" height=\"\" \/><\/div>\n<div style=\"padding-left: 5px;\">\n<div style=\"font-size: 1.1em;\">\n<p><strong>As lotarias que t\u00eam as melhores probabilidades de ganhar em grande<\/strong><\/p>\n<p style=\"font-size: 0.85em; margin-top: -1.5em;\">Qual a lotaria que tem melhores hip\u00f3teses de ganhar?\u00a0<a href=\"https:\/\/jackpotlotteryonline.com\/pt-pt\/qual-a-lotaria-que-tem-as-melhores-hipoteses-de-ganhar\"> leia mais<\/a><\/p>\n<\/div>\n<\/div>\n<\/section>\n<h2>Reclamar os seus ganhos da Superenalotto<\/h2>\n<p>Uma vez que est\u00e1 a jogar Superenalotto online, \u00e9 natural que se pergunte o que acontece quando se ganha um pr\u00e9mio. Aqui, partilharemos consigo como pode reclamar os seus pr\u00e9mios da Superenalotto, mesmo que viva fora de It\u00e1lia.<\/p>\n<p>Quando jogar Superenalotto connosco, reivindicar os seus ganhos \u00e9 t\u00e3o simples como entrar na sua conta aqui. Para ganhar menos de 2500 euros, pode levantar directamente da nossa plataforma para a sua conta. \u00c9 realmente simples e sem complica\u00e7\u00f5es, para que se possa concentrar numa experi\u00eancia de lotaria maravilhosa.<\/p>\n<p>Para quantias mais elevadas, poder\u00e1 ter de contactar a empresa lot\u00e9rica e preencher um formul\u00e1rio de reclama\u00e7\u00e3o. Mas, estaremos aqui para o guiar ao longo do processo. Por isso, <a href=\"https:\/\/jackpotlotteryonline.com\/pt-pt\/comprar-tickets\/superenalotto\">compre hoje o seu bilhete da Superenalotto<\/a> e escolha os seus n\u00fameros vencedores.<\/p>\n","protected":false},"excerpt":{"rendered":"<p>A Superenalotto \u00e9 a lotaria nacional de It\u00e1lia e \u00e9 uma lotaria popular entre os apostadores do pa\u00eds. Se estiver a jogar de fora de It\u00e1lia, \u00e9 uma boa ideia descobrir como verificar os n\u00fameros vencedores. Continue a ler para saber mais. Passos para jogar online a Superenalotto Jogar online Superenalotto \u00e9 como jogar offline, [&hellip;]<\/p>\n","protected":false},"author":1,"featured_media":0,"parent":35846,"menu_order":5,"comment_status":"closed","ping_status":"closed","template":"superenalotto-results.php","meta":{"_et_pb_use_builder":"","_et_pb_old_content":"","_et_gb_content_width":"","exclude_from_search":false,"footnotes":""},"class_list":["post-40730","page","type-page","status-publish","hentry"],"yoast_head":"<!-- This site is optimized with the Yoast SEO plugin v23.3 - https:\/\/yoast.com\/wordpress\/plugins\/seo\/ -->\n<title>N\u00fameros vencedores da Superenalotto e resultados do sorteio<\/title>\n<meta name=\"description\" content=\"Obtenha os resultados do sorteio e os n\u00fameros vencedores da Superenalotto de It\u00e1lia, com actualiza\u00e7\u00f5es di\u00e1rias aqui no nosso site de lotaria\" \/>\n<meta name=\"robots\" content=\"index, follow, max-snippet:-1, max-image-preview:large, max-video-preview:-1\" \/>\n<link rel=\"canonical\" href=\"https:\/\/jackpotlotteryonline.com\/pt-pt\/numeros-vencedores\/superenalotto\/\" \/>\n<meta property=\"og:locale\" content=\"pt_PT\" \/>\n<meta property=\"og:type\" content=\"article\" \/>\n<meta property=\"og:title\" content=\"N\u00fameros vencedores da Superenalotto e resultados do sorteio\" \/>\n<meta property=\"og:description\" content=\"Obtenha os resultados do sorteio e os n\u00fameros vencedores da Superenalotto de It\u00e1lia, com actualiza\u00e7\u00f5es di\u00e1rias aqui no nosso site de lotaria\" \/>\n<meta property=\"og:url\" content=\"https:\/\/jackpotlotteryonline.com\/pt-pt\/numeros-vencedores\/superenalotto\/\" \/>\n<meta property=\"og:site_name\" content=\"Lotto Online - Crack The International Lottery Jackpots\" \/>\n<meta property=\"article:modified_time\" content=\"2022-12-27T10:12:50+00:00\" \/>\n<meta property=\"og:image\" content=\"https:\/\/jackpotlotteryonline.com\/wp-content\/uploads\/2022\/11\/logo_superenalotto.png\" \/>\n<meta name=\"twitter:card\" content=\"summary_large_image\" \/>\n<meta name=\"twitter:label1\" content=\"Tempo estimado de leitura\" \/>\n\t<meta name=\"twitter:data1\" content=\"3 minutos\" \/>\n<!-- \/ Yoast SEO plugin. -->","yoast_head_json":{"title":"N\u00fameros vencedores da Superenalotto e resultados do sorteio","description":"Obtenha os resultados do sorteio e os n\u00fameros vencedores da Superenalotto de It\u00e1lia, com actualiza\u00e7\u00f5es di\u00e1rias aqui no nosso site de lotaria","robots":{"index":"index","follow":"follow","max-snippet":"max-snippet:-1","max-image-preview":"max-image-preview:large","max-video-preview":"max-video-preview:-1"},"canonical":"https:\/\/jackpotlotteryonline.com\/pt-pt\/numeros-vencedores\/superenalotto\/","og_locale":"pt_PT","og_type":"article","og_title":"N\u00fameros vencedores da Superenalotto e resultados do sorteio","og_description":"Obtenha os resultados do sorteio e os n\u00fameros vencedores da Superenalotto de It\u00e1lia, com actualiza\u00e7\u00f5es di\u00e1rias aqui no nosso site de lotaria","og_url":"https:\/\/jackpotlotteryonline.com\/pt-pt\/numeros-vencedores\/superenalotto\/","og_site_name":"Lotto Online - Crack The International Lottery Jackpots","article_modified_time":"2022-12-27T10:12:50+00:00","og_image":[{"url":"https:\/\/jackpotlotteryonline.com\/wp-content\/uploads\/2022\/11\/logo_superenalotto.png"}],"twitter_card":"summary_large_image","twitter_misc":{"Tempo estimado de leitura":"3 minutos"},"schema":{"@context":"https:\/\/schema.org","@graph":[{"@type":"WebPage","@id":"https:\/\/jackpotlotteryonline.com\/pt-pt\/numeros-vencedores\/superenalotto\/","url":"https:\/\/jackpotlotteryonline.com\/pt-pt\/numeros-vencedores\/superenalotto\/","name":"N\u00fameros vencedores da Superenalotto e resultados do sorteio","isPartOf":{"@id":"https:\/\/jackpotlotteryonline.com\/#website"},"primaryImageOfPage":{"@id":"https:\/\/jackpotlotteryonline.com\/pt-pt\/numeros-vencedores\/superenalotto\/#primaryimage"},"image":{"@id":"https:\/\/jackpotlotteryonline.com\/pt-pt\/numeros-vencedores\/superenalotto\/#primaryimage"},"thumbnailUrl":"https:\/\/jackpotlotteryonline.com\/wp-content\/uploads\/2022\/11\/logo_superenalotto.png","datePublished":"2022-12-06T08:42:57+00:00","dateModified":"2022-12-27T10:12:50+00:00","description":"Obtenha os resultados do sorteio e os n\u00fameros vencedores da Superenalotto de It\u00e1lia, com actualiza\u00e7\u00f5es di\u00e1rias aqui no nosso site de lotaria","breadcrumb":{"@id":"https:\/\/jackpotlotteryonline.com\/pt-pt\/numeros-vencedores\/superenalotto\/#breadcrumb"},"inLanguage":"pt-PT","potentialAction":[{"@type":"ReadAction","target":["https:\/\/jackpotlotteryonline.com\/pt-pt\/numeros-vencedores\/superenalotto\/"]}]},{"@type":"ImageObject","inLanguage":"pt-PT","@id":"https:\/\/jackpotlotteryonline.com\/pt-pt\/numeros-vencedores\/superenalotto\/#primaryimage","url":"https:\/\/jackpotlotteryonline.com\/wp-content\/uploads\/2022\/11\/logo_superenalotto.png","contentUrl":"https:\/\/jackpotlotteryonline.com\/wp-content\/uploads\/2022\/11\/logo_superenalotto.png"},{"@type":"BreadcrumbList","@id":"https:\/\/jackpotlotteryonline.com\/pt-pt\/numeros-vencedores\/superenalotto\/#breadcrumb","itemListElement":[{"@type":"ListItem","position":1,"name":"Home","item":"https:\/\/jackpotlotteryonline.com\/pt-pt\/"},{"@type":"ListItem","position":2,"name":"Resultados da lotaria","item":"https:\/\/jackpotlotteryonline.com\/winning-numbers\/"},{"@type":"ListItem","position":3,"name":"Resultados do sorteio da Superenalotto"}]},{"@type":"WebSite","@id":"https:\/\/jackpotlotteryonline.com\/#website","url":"https:\/\/jackpotlotteryonline.com\/","name":"Lotto Online - Crack The International Lottery Jackpots","description":"","potentialAction":[{"@type":"SearchAction","target":{"@type":"EntryPoint","urlTemplate":"https:\/\/jackpotlotteryonline.com\/?s={search_term_string}"},"query-input":"required name=search_term_string"}],"inLanguage":"pt-PT"}]}},"_links":{"self":[{"href":"https:\/\/jackpotlotteryonline.com\/pt-pt\/wp-json\/wp\/v2\/pages\/40730","targetHints":{"allow":["GET"]}}],"collection":[{"href":"https:\/\/jackpotlotteryonline.com\/pt-pt\/wp-json\/wp\/v2\/pages"}],"about":[{"href":"https:\/\/jackpotlotteryonline.com\/pt-pt\/wp-json\/wp\/v2\/types\/page"}],"author":[{"embeddable":true,"href":"https:\/\/jackpotlotteryonline.com\/pt-pt\/wp-json\/wp\/v2\/users\/1"}],"replies":[{"embeddable":true,"href":"https:\/\/jackpotlotteryonline.com\/pt-pt\/wp-json\/wp\/v2\/comments?post=40730"}],"version-history":[{"count":0,"href":"https:\/\/jackpotlotteryonline.com\/pt-pt\/wp-json\/wp\/v2\/pages\/40730\/revisions"}],"up":[{"embeddable":true,"href":"https:\/\/jackpotlotteryonline.com\/pt-pt\/wp-json\/wp\/v2\/pages\/35846"}],"wp:attachment":[{"href":"https:\/\/jackpotlotteryonline.com\/pt-pt\/wp-json\/wp\/v2\/media?parent=40730"}],"curies":[{"name":"wp","href":"https:\/\/api.w.org\/{rel}","templated":true}]}}