{"id":40783,"date":"2022-12-06T10:25:17","date_gmt":"2022-12-06T10:25:17","guid":{"rendered":"https:\/\/jackpotlotteryonline.com\/?page_id=40783"},"modified":"2022-12-28T14:27:45","modified_gmt":"2022-12-28T14:27:45","slug":"la-primitiva","status":"publish","type":"page","link":"https:\/\/jackpotlotteryonline.com\/pt-pt\/numeros-vencedores\/la-primitiva\/","title":{"rendered":"Resultados do sorteio La Primitiva"},"content":{"rendered":"<h2>Como escolher os n\u00fameros vencedores da La Primitiva<\/h2>\n<p>Em primeiro lugar, se quiser jogar La Primitiva, tem de escolher 6 n\u00fameros de um intervalo de 1 a 49. Al\u00e9m disso, ter\u00e1 de escolher 1 n\u00famero de 0 a 9. A este n\u00famero extra chama-se o n\u00famero Reintegro. Existe tamb\u00e9m o n\u00famero Complemantario, que \u00e9 utilizado para determinar alguns dos n\u00edveis de pr\u00e9mios.<\/p>\n<p>H\u00e1 v\u00e1rios m\u00e9todos que os jogadores utilizam para escolher os seus n\u00fameros La Primitiva. Alguns preferem escolher n\u00fameros que tenham significados especiais para eles. Como os seus anivers\u00e1rios ou anivers\u00e1rios. Outros apenas escolhem n\u00fameros aleat\u00f3rios e esperam que a sorte esteja do seu lado. Uma vez que a La Primitiva, como qualquer lotaria, \u00e9 um jogo de sorte, ningu\u00e9m os pode censurar.<\/p>\n<section class=\"layout\" style=\"border: solid 1px; width: 100%;\">\n<div class=\"img-div\" style=\"margin-top: 5px;\"><img decoding=\"async\" class=\"wp-image-17212 alignleft\" style=\"height: 45px; margin: 8px 8px 0px;\" src=\"http:\/\/jackpotlotteryonline.com\/wp-content\/uploads\/2022\/11\/read1.jpg\" alt=\"ler\" width=\"\" height=\"\" \/><\/div>\n<div style=\"padding-left: 5px;\">\n<div style=\"font-size: 1.1em;\">\n<p><strong>Dicas de lotaria<\/strong><\/p>\n<p style=\"font-size: 0.85em; margin-top: -1.5em;\">Dicas que o ajudam a ganhar na lotaria\u00a0<a href=\"https:\/\/jackpotlotteryonline.com\/pt-pt\/dicas-que-o-ajudam-a-ganhar-na-lotaria\"> leia mais<\/a><\/p>\n<\/div>\n<\/div>\n<\/section>\n<h2>Ganhar a La Primitiva<\/h2>\n<p>La Primitiva realiza tr\u00eas sorteios por semana, na segunda, quinta e s\u00e1bado. Uma vez escolhidos os seus n\u00fameros, o passo seguinte \u00e9 entrar nos sorteios da sua escolha. Ap\u00f3s os sorteios, o bilhete que corresponder aos resultados do sorteio ganha a lotaria.<\/p>\n<p>Portanto, ir para casa com um pr\u00e9mio tem muito a ver com os n\u00fameros que escolher.<\/p>\n<p>Para ganhar o jackpot La Primitiva, um jogador deve igualar todos os 7 n\u00fameros (os 6 principais e o n\u00famero Reintegro). O montante do jackpot come\u00e7a em 5 milh\u00f5es de euros. Quando h\u00e1 mais do que um vencedor, o montante \u00e9 partilhado entre os vencedores. Aqui est\u00e3o os pr\u00e9mios que os jogadores podem ganhar.<img loading=\"lazy\" decoding=\"async\" class=\"alignright size-full wp-image-27671\" src=\"http:\/\/jackpotlotteryonline.com\/wp-content\/uploads\/2022\/11\/1_lottery_online_winner3.jpg\" alt=\"Ganhar La Primitiva\" width=\"300\" height=\"300\" srcset=\"https:\/\/jackpotlotteryonline.com\/wp-content\/uploads\/2022\/11\/1_lottery_online_winner3.jpg 300w, https:\/\/jackpotlotteryonline.com\/wp-content\/uploads\/2022\/11\/1_lottery_online_winner3-100x100.jpg 100w, https:\/\/jackpotlotteryonline.com\/wp-content\/uploads\/2022\/11\/1_lottery_online_winner3-150x150.jpg 150w\" sizes=\"auto, (max-width: 300px) 100vw, 300px\" \/><br \/>\nJackpot &#8211; Partida 6 + Reintegro<\/p>\n<p>Divis\u00e3o 1 &#8211; Partida 6 apenas<\/p>\n<p>Divis\u00e3o 2 &#8211; Partida 5 + N\u00famero de cortesia<\/p>\n<p>Divis\u00e3o 3 &#8211; Partida 5 apenas<\/p>\n<p>Divis\u00e3o 4 &#8211; Partida 4 apenas<\/p>\n<p>Divis\u00e3o 5 &#8211; Partida 3 apenas<\/p>\n<p>Reintegro &#8211; Combine apenas o n\u00famero Reintegro<\/p>\n<h2>Jogar La Primitiva online com o jackpotlotteryonline.com<\/h2>\n<p>Quando <a href=\"https:\/\/jackpotlotteryonline.com\/pt-pt\/como-jogar\/la-primitiva-2\">joga na lotaria La Primitiva<\/a> connosco, n\u00e3o s\u00f3 tem acesso \u00e0 La Primitiva, mas tamb\u00e9m aos resultados do sorteio. Jogar online abre um mundo de oportunidades tanto para apostadores experientes como para novatos. Oferecemos uma forma conveniente de comprar os seus bilhetes de lotaria, verificar os seus resultados e aceder aos seus ganhos. Mas chegaremos a isso dentro de momentos.<\/p>\n<p>Pode <a href=\"https:\/\/jackpotlotteryonline.com\/pt-pt\/comprar-tickets\/la-primitiva\">comprar facilmente o seu bilhete de lotaria La Primitiva<\/a> indo \u00e0 p\u00e1gina da lotaria e escolhendo os seus d\u00edgitos vencedores. Se n\u00e3o tiver a certeza do que escolher, pode usar o nosso gerador autom\u00e1tico para escolher d\u00edgitos aleat\u00f3rios. A seguir, introduza os sorteios \u00e0 sua escolha e, se ainda n\u00e3o estiver registado connosco, inscreva-se para uma conta.<\/p>\n<p>O registo \u00e9 um passo essencial e necessitar\u00e1 de uma conta pelas seguintes raz\u00f5es:<\/p>\n<ul>\n<li>Para guardar o seu bilhete digital<\/li>\n<li>Para criar entradas de desenho autom\u00e1ticas<\/li>\n<li>Para receber notifica\u00e7\u00f5es quando se ganha pr\u00e9mios<\/li>\n<\/ul>\n<h2>Verifique os resultados da sua lotaria La Primitiva<\/h2>\n<p>Verificar os seus resultados La Primitiva nunca foi t\u00e3o f\u00e1cil quando joga online connosco. Ap\u00f3s cada sorteio, publicamos os resultados do sorteio aqui mesmo na nossa p\u00e1gina. Para al\u00e9m disso, notific\u00e1-lo-emos por e-mail assim que ganhar um pr\u00e9mio. Assim, nunca mais ter\u00e1 de falhar na recolha do seu pr\u00e9mio.<\/p>\n<h2>Reclamar os seus ganhos<\/h2>\n<p>Talvez a parte mais interessante de jogar La Primitiva online seja n\u00e3o ter de ir a Espanha para reclamar os seus ganhos. Para ganhos inferiores a 2.500 euros, pode simplesmente retirar-se da nossa plataforma para a sua conta.<\/p>\n<p>Jogue na lotaria connosco para verificar os seus n\u00fameros vencedores da La Primitiva online.<\/p>\n","protected":false},"excerpt":{"rendered":"<p>Como escolher os n\u00fameros vencedores da La Primitiva Em primeiro lugar, se quiser jogar La Primitiva, tem de escolher 6 n\u00fameros de um intervalo de 1 a 49. Al\u00e9m disso, ter\u00e1 de escolher 1 n\u00famero de 0 a 9. A este n\u00famero extra chama-se o n\u00famero Reintegro. Existe tamb\u00e9m o n\u00famero Complemantario, que \u00e9 utilizado [&hellip;]<\/p>\n","protected":false},"author":1,"featured_media":0,"parent":35846,"menu_order":7,"comment_status":"closed","ping_status":"closed","template":"la-primitiva-results.php","meta":{"_et_pb_use_builder":"","_et_pb_old_content":"","_et_gb_content_width":"","exclude_from_search":false,"footnotes":""},"class_list":["post-40783","page","type-page","status-publish","hentry"],"yoast_head":"<!-- This site is optimized with the Yoast SEO plugin v23.3 - https:\/\/yoast.com\/wordpress\/plugins\/seo\/ -->\n<title>La Primitiva n\u00fameros vencedores e resultados do sorteio<\/title>\n<meta name=\"description\" content=\"Lotaria La Primitiva de Espanha - todos os resultados do sorteio e n\u00fameros vencedores, mais um arquivo de resultados, tudo num \u00fanico website\" \/>\n<meta name=\"robots\" content=\"index, follow, max-snippet:-1, max-image-preview:large, max-video-preview:-1\" \/>\n<link rel=\"canonical\" href=\"https:\/\/jackpotlotteryonline.com\/pt-pt\/numeros-vencedores\/la-primitiva\/\" \/>\n<meta property=\"og:locale\" content=\"pt_PT\" \/>\n<meta property=\"og:type\" content=\"article\" \/>\n<meta property=\"og:title\" content=\"La Primitiva n\u00fameros vencedores e resultados do sorteio\" \/>\n<meta property=\"og:description\" content=\"Lotaria La Primitiva de Espanha - todos os resultados do sorteio e n\u00fameros vencedores, mais um arquivo de resultados, tudo num \u00fanico website\" \/>\n<meta property=\"og:url\" content=\"https:\/\/jackpotlotteryonline.com\/pt-pt\/numeros-vencedores\/la-primitiva\/\" \/>\n<meta property=\"og:site_name\" content=\"Lotto Online - Crack The International Lottery Jackpots\" \/>\n<meta property=\"article:modified_time\" content=\"2022-12-28T14:27:45+00:00\" \/>\n<meta property=\"og:image\" content=\"http:\/\/jackpotlotteryonline.com\/wp-content\/uploads\/2022\/11\/read1.jpg\" \/>\n<meta name=\"twitter:card\" content=\"summary_large_image\" \/>\n<meta name=\"twitter:label1\" content=\"Tempo estimado de leitura\" \/>\n\t<meta name=\"twitter:data1\" content=\"3 minutos\" \/>\n<!-- \/ Yoast SEO plugin. -->","yoast_head_json":{"title":"La Primitiva n\u00fameros vencedores e resultados do sorteio","description":"Lotaria La Primitiva de Espanha - todos os resultados do sorteio e n\u00fameros vencedores, mais um arquivo de resultados, tudo num \u00fanico website","robots":{"index":"index","follow":"follow","max-snippet":"max-snippet:-1","max-image-preview":"max-image-preview:large","max-video-preview":"max-video-preview:-1"},"canonical":"https:\/\/jackpotlotteryonline.com\/pt-pt\/numeros-vencedores\/la-primitiva\/","og_locale":"pt_PT","og_type":"article","og_title":"La Primitiva n\u00fameros vencedores e resultados do sorteio","og_description":"Lotaria La Primitiva de Espanha - todos os resultados do sorteio e n\u00fameros vencedores, mais um arquivo de resultados, tudo num \u00fanico website","og_url":"https:\/\/jackpotlotteryonline.com\/pt-pt\/numeros-vencedores\/la-primitiva\/","og_site_name":"Lotto Online - Crack The International Lottery Jackpots","article_modified_time":"2022-12-28T14:27:45+00:00","og_image":[{"url":"http:\/\/jackpotlotteryonline.com\/wp-content\/uploads\/2022\/11\/read1.jpg"}],"twitter_card":"summary_large_image","twitter_misc":{"Tempo estimado de leitura":"3 minutos"},"schema":{"@context":"https:\/\/schema.org","@graph":[{"@type":"WebPage","@id":"https:\/\/jackpotlotteryonline.com\/pt-pt\/numeros-vencedores\/la-primitiva\/","url":"https:\/\/jackpotlotteryonline.com\/pt-pt\/numeros-vencedores\/la-primitiva\/","name":"La Primitiva n\u00fameros vencedores e resultados do sorteio","isPartOf":{"@id":"https:\/\/jackpotlotteryonline.com\/#website"},"primaryImageOfPage":{"@id":"https:\/\/jackpotlotteryonline.com\/pt-pt\/numeros-vencedores\/la-primitiva\/#primaryimage"},"image":{"@id":"https:\/\/jackpotlotteryonline.com\/pt-pt\/numeros-vencedores\/la-primitiva\/#primaryimage"},"thumbnailUrl":"http:\/\/jackpotlotteryonline.com\/wp-content\/uploads\/2022\/11\/read1.jpg","datePublished":"2022-12-06T10:25:17+00:00","dateModified":"2022-12-28T14:27:45+00:00","description":"Lotaria La Primitiva de Espanha - todos os resultados do sorteio e n\u00fameros vencedores, mais um arquivo de resultados, tudo num \u00fanico website","breadcrumb":{"@id":"https:\/\/jackpotlotteryonline.com\/pt-pt\/numeros-vencedores\/la-primitiva\/#breadcrumb"},"inLanguage":"pt-PT","potentialAction":[{"@type":"ReadAction","target":["https:\/\/jackpotlotteryonline.com\/pt-pt\/numeros-vencedores\/la-primitiva\/"]}]},{"@type":"ImageObject","inLanguage":"pt-PT","@id":"https:\/\/jackpotlotteryonline.com\/pt-pt\/numeros-vencedores\/la-primitiva\/#primaryimage","url":"http:\/\/jackpotlotteryonline.com\/wp-content\/uploads\/2022\/11\/read1.jpg","contentUrl":"http:\/\/jackpotlotteryonline.com\/wp-content\/uploads\/2022\/11\/read1.jpg"},{"@type":"BreadcrumbList","@id":"https:\/\/jackpotlotteryonline.com\/pt-pt\/numeros-vencedores\/la-primitiva\/#breadcrumb","itemListElement":[{"@type":"ListItem","position":1,"name":"Home","item":"https:\/\/jackpotlotteryonline.com\/pt-pt\/"},{"@type":"ListItem","position":2,"name":"Resultados da lotaria","item":"https:\/\/jackpotlotteryonline.com\/winning-numbers\/"},{"@type":"ListItem","position":3,"name":"Resultados do sorteio La Primitiva"}]},{"@type":"WebSite","@id":"https:\/\/jackpotlotteryonline.com\/#website","url":"https:\/\/jackpotlotteryonline.com\/","name":"Lotto Online - Crack The International Lottery Jackpots","description":"","potentialAction":[{"@type":"SearchAction","target":{"@type":"EntryPoint","urlTemplate":"https:\/\/jackpotlotteryonline.com\/?s={search_term_string}"},"query-input":"required name=search_term_string"}],"inLanguage":"pt-PT"}]}},"_links":{"self":[{"href":"https:\/\/jackpotlotteryonline.com\/pt-pt\/wp-json\/wp\/v2\/pages\/40783","targetHints":{"allow":["GET"]}}],"collection":[{"href":"https:\/\/jackpotlotteryonline.com\/pt-pt\/wp-json\/wp\/v2\/pages"}],"about":[{"href":"https:\/\/jackpotlotteryonline.com\/pt-pt\/wp-json\/wp\/v2\/types\/page"}],"author":[{"embeddable":true,"href":"https:\/\/jackpotlotteryonline.com\/pt-pt\/wp-json\/wp\/v2\/users\/1"}],"replies":[{"embeddable":true,"href":"https:\/\/jackpotlotteryonline.com\/pt-pt\/wp-json\/wp\/v2\/comments?post=40783"}],"version-history":[{"count":0,"href":"https:\/\/jackpotlotteryonline.com\/pt-pt\/wp-json\/wp\/v2\/pages\/40783\/revisions"}],"up":[{"embeddable":true,"href":"https:\/\/jackpotlotteryonline.com\/pt-pt\/wp-json\/wp\/v2\/pages\/35846"}],"wp:attachment":[{"href":"https:\/\/jackpotlotteryonline.com\/pt-pt\/wp-json\/wp\/v2\/media?parent=40783"}],"curies":[{"name":"wp","href":"https:\/\/api.w.org\/{rel}","templated":true}]}}