{"id":40836,"date":"2022-12-06T13:07:43","date_gmt":"2022-12-06T13:07:43","guid":{"rendered":"https:\/\/jackpotlotteryonline.com\/?page_id=40836"},"modified":"2022-12-28T12:41:24","modified_gmt":"2022-12-28T12:41:24","slug":"el-gordo-draw-results","status":"publish","type":"page","link":"https:\/\/jackpotlotteryonline.com\/pt-pt\/numeros-vencedores\/el-gordo-draw-results\/","title":{"rendered":"Resultados do sorteio do El Gordo"},"content":{"rendered":"<p>Os entusiastas da lotaria ficam entusiasmados quando ouvem falar de El Gordo, n\u00e3o s\u00f3 porque \u00e9 uma das maiores lotarias europeias. El Gordo \u00e9 a m\u00e3e de todas as lotarias pelo simples facto de os sorteios se realizarem uma vez por ano. Na verdade, isto faz parte da lotaria espanhola, e todos os anos, realiza um sorteio especial de Natal. \u00c9 um evento repleto de entusiasmo e repleto de tradi\u00e7\u00e3o. Re\u00fane fam\u00edlias, bairros e comunidades inteiras para celebrar a \u00e9poca festiva. Para os apostadores em Espanha, a \u00e9poca natal\u00edcia \u00e9 o momento de olhar para os n\u00fameros vencedores de El Gordo.<\/p>\n<p>Tipicamente, El Gordo \u00e9 uma lotaria que tem lugar em Espanha. O que significa que se n\u00e3o vivesse naquele pa\u00eds, teria dificuldade em comprar bilhetes para El Gordo. Isso mudou porque agora pode consultar os n\u00fameros vencedores de El Gordo na Internet.<\/p>\n<h2>Jogar El Gordo<\/h2>\n<p><img loading=\"lazy\" decoding=\"async\" class=\"alignright size-full wp-image-17870\" src=\"http:\/\/jackpotlotteryonline.com\/wp-content\/uploads\/2022\/10\/lotto_euros.jpg\" alt=\"Tocar El Gordo\" width=\"225\" height=\"134\" \/>El Gordo significa &#8220;o grande&#8221; e \u00e9 o maior jackpot do mundo. O que h\u00e1 de especial nesta lotaria \u00e9 que o jackpot \u00e9 agora ganho por apenas uma pessoa. Isto porque os bilhetes est\u00e3o divididos em tantas frac\u00e7\u00f5es. Na verdade, esta \u00e9 a parte de jogar El Gordo que pode ser um pouco confusa. Cada bilhete de El Gordo \u00e9 dividido em 10 sec\u00e7\u00f5es e cada uma dessas sec\u00e7\u00f5es \u00e9 ainda mais dividida.<\/p>\n<p>O bilhete mais barato de El Gordo que se pode comprar \u00e9 1\/100 de um bilhete completo.<\/p>\n<p>Para saber mais sobre como <a href=\"https:\/\/jackpotlotteryonline.com\/pt-pt\/como-jogar\/el-gordo\">jogar El Gordo,<\/a> visite jackpotlotteryonline.com e <a href=\"https:\/\/jackpotlotteryonline.com\/pt-pt\/comprar-tickets\/el-gordo\">compre j\u00e1 os seus bilhetes<\/a>. Jogar El Gordo \u00e9 muito divertido, particularmente quando se joga online.<\/p>\n<h2>Jogar online<\/h2>\n<p>Se estiver pronto para entrar na lotaria El Gordo, visite o nosso site e escolha os seus d\u00edgitos vencedores. S\u00f3 precisa de escolher 6 de 1 a 49. Claro, pode deixar o nosso seleccionador autom\u00e1tico fazer isso por si, se n\u00e3o tiver nada espec\u00edfico que queira jogar. Em seguida, entre nos sorteios e aguarde pelos resultados vencedores de El Gordo.<\/p>\n<h2>Como ganhar o El Gordo<\/h2>\n<p>Ganhar El Gordo significa simplesmente que tem a combina\u00e7\u00e3o vencedora. Portanto, se os seus d\u00edgitos corresponderem ao que \u00e9 sorteado, ent\u00e3o \u00e9 o vencedor da lotaria El Gordo.<\/p>\n<p>Existem v\u00e1rias estrat\u00e9gias que os jogadores utilizam para escolher as combina\u00e7\u00f5es vencedoras para El Gordo. Uma delas \u00e9 escolher os d\u00edgitos que consideram ser de sorte. Para alguns, s\u00e3o os seus anivers\u00e1rios ou os anivers\u00e1rios dos seus entes queridos. Pode ser qualquer n\u00famero que seja especial para si. Outros jogadores preferem confiar inteiramente em n\u00fameros gerados aleatoriamente. O que quer que escolham, \u00e9 convosco.<\/p>\n<p>Outra forma de escolher uma combina\u00e7\u00e3o vencedora para El Gordo \u00e9 olhar para os resultados do passado. Isto ajud\u00e1-lo-\u00e1 particularmente se for um jogador frequente. Para muitos apostadores, a compra de bilhetes m\u00faltiplos \u00e9 sempre um bom plano de jogo. Poder\u00e1 sempre formar um grupo de amigos ou familiares e comprar bilhetes para El Gordo.<\/p>\n<h2>Como verificar os n\u00fameros vencedores<\/h2>\n<p><img loading=\"lazy\" decoding=\"async\" class=\"alignright size-full wp-image-30668\" src=\"http:\/\/jackpotlotteryonline.com\/wp-content\/uploads\/2022\/11\/3_screen_lottery_results_online.jpg\" alt=\"Vencer El Gordo\" width=\"130\" height=\"120\" \/>Uma vez adquirido o seu bilhete El Gordo, o passo seguinte \u00e9 esperar pelos sorteios de El Gordo. Ap\u00f3s os sorteios, \u00e9 importante verificar as combina\u00e7\u00f5es vencedoras. H\u00e1 v\u00e1rias hist\u00f3rias sobre jackpots que ficaram por reclamar porque os vencedores nunca verificaram os seus bilhetes de lotaria. Se jogar connosco, nunca ter\u00e1 de se preocupar com o que lhe est\u00e1 a acontecer.<\/p>\n<p>Ap\u00f3s cada sorteio, publicamos os resultados vencedores aqui mesmo na p\u00e1gina de El Gordo. Um dos erros que os novos jogadores da lotaria cometem \u00e9 n\u00e3o verificarem se ganharam outros pr\u00e9mios.<\/p>\n<p>A lotaria El Gordo tem 17 n\u00edveis de pr\u00e9mios diferentes e um jogador pode ganhar qualquer um deles. Se jogar connosco, informaremos se \u00e9 o vencedor de qualquer pr\u00e9mio. Fazemos isso por e-mail e receber\u00e1 uma notifica\u00e7\u00e3o assim que entrar na plataforma.<\/p>\n<h2>O que acontece se ganhar?<\/h2>\n<p>Ganhar El Gordo \u00e9 uma experi\u00eancia maravilhosa, porque sente que fez parte de algo grandioso. \u00c9 como se fizesse parte da hist\u00f3ria em constru\u00e7\u00e3o. \u00c9 uma sensa\u00e7\u00e3o ainda maior se comprou bilhetes para El Gordo com os seus colegas de trabalho, companheiros ou fam\u00edlia. Ent\u00e3o todos podem ir celebrar juntos a vossa vit\u00f3ria.<\/p>\n<p>Dito isto, retirar os vossos ganhos de El Gordo \u00e9 muito f\u00e1cil se jogarem no nosso site. \u00c9 apenas uma quest\u00e3o de levantar os seus ganhos na sua conta online. Se ganhar mais do que um determinado montante, poder\u00e1 ter de preencher um formul\u00e1rio de reclama\u00e7\u00e3o para receber os seus ganhos da empresa lot\u00e9rica. Mas \u00e9 por isso que estamos aqui, para facilitar as coisas para si.<\/p>\n<section class=\"layout\" style=\"border: solid 1px; width: 100%;\">\n<div class=\"img-div\" style=\"margin-top: 5px;\"><img decoding=\"async\" class=\"wp-image-17212 alignleft\" style=\"height: 45px; margin: 8px 8px 0px;\" src=\"http:\/\/jackpotlotteryonline.com\/wp-content\/uploads\/2022\/11\/read1.jpg\" alt=\"ler\" width=\"\" height=\"\" \/><\/div>\n<div style=\"padding-left: 5px;\">\n<div style=\"font-size: 1.1em;\">\n<p><strong>Impostos sobre os ganhos da lotaria<\/strong><\/p>\n<p style=\"font-size: 0.85em; margin-top: -1.5em;\">Tenho de pagar impostos sobre os ganhos da lotaria? <a href=\"https:\/\/jackpotlotteryonline.com\/pt-pt\/tenho-de-pagar-impostos-sobre-os-ganhos-das-lotarias\">\u00a0 leia mais<\/a><\/p>\n<\/div>\n<\/div>\n<\/section>\n<h1>Porque deve jogar El Gordo online connosco<\/h1>\n<p>H\u00e1 tantas raz\u00f5es pelas quais os nossos clientes adoram jogar na lotaria connosco.<\/p>\n<ul>\n<li>Comprar o seu bilhete de lotaria El Gordo \u00e9 t\u00e3o f\u00e1cil como algumas torneiras do seu dispositivo m\u00f3vel. Sem stress e totalmente conveniente.<\/li>\n<li>Pode verificar as suas combina\u00e7\u00f5es vencedoras de El Gordo aqui mesmo, sem ir a outro lugar.<\/li>\n<li>Iremos alert\u00e1-lo assim que ganhar um pr\u00e9mio, independentemente da quantidade.<\/li>\n<li>Se ganhar qualquer pr\u00e9mio, poder\u00e1 retir\u00e1-lo da nossa plataforma para a sua conta.<\/li>\n<\/ul>\n<p>Tornamos literalmente mais f\u00e1cil para os nossos clientes divertirem-se e divertirem-se a jogar na lotaria. A verdade \u00e9 que h\u00e1 tantas outras coisas na vida que s\u00e3o dif\u00edceis, ganhar a lotaria n\u00e3o tem de ser uma s\u00f3.<\/p>\n<h2>Verifique os seus n\u00fameros vencedores<\/h2>\n<p>Antes de comprar o seu bilhete, precisa de saber que damos aos nossos clientes acesso ao verdadeiro neg\u00f3cio. Quando joga connosco, n\u00e3o est\u00e1 apenas a apostar no resultado da lotaria. Asseguramo-nos de que entrou na lotaria. Fazemo-lo atrav\u00e9s de um sistema de concierge onde o nosso agente em Espanha compra os n\u00fameros correspondentes ao seu.<\/p>\n<p>Quando tem n\u00fameros vencedores de El Gordo, isso significa que ganhou a lotaria. Na verdade, \u00e9 muito simples. Trabalhamos arduamente para garantir que n\u00e3o tem de se preocupar com os detalhes. Portanto, tratamos das pequenas coisas para que se possa concentrar no que \u00e9 mais importante para si.<\/p>\n<p>Visite-nos hoje e verifique os n\u00fameros vencedores para as lotarias internacionais de topo aqui mesmo. Ou compre bilhetes para El Gordo e devolva-os para os n\u00fameros vencedores.<\/p>\n","protected":false},"excerpt":{"rendered":"<p>Os entusiastas da lotaria ficam entusiasmados quando ouvem falar de El Gordo, n\u00e3o s\u00f3 porque \u00e9 uma das maiores lotarias europeias. El Gordo \u00e9 a m\u00e3e de todas as lotarias pelo simples facto de os sorteios se realizarem uma vez por ano. Na verdade, isto faz parte da lotaria espanhola, e todos os anos, realiza [&hellip;]<\/p>\n","protected":false},"author":1,"featured_media":0,"parent":35846,"menu_order":6,"comment_status":"closed","ping_status":"closed","template":"el-gordo-results.php","meta":{"_et_pb_use_builder":"","_et_pb_old_content":"","_et_gb_content_width":"","exclude_from_search":false,"footnotes":""},"class_list":["post-40836","page","type-page","status-publish","hentry"],"yoast_head":"<!-- This site is optimized with the Yoast SEO plugin v23.3 - https:\/\/yoast.com\/wordpress\/plugins\/seo\/ -->\n<title>El Gordo n\u00fameros vencedores e resultados do sorteio<\/title>\n<meta name=\"description\" content=\"Resultados, n\u00fameros vencedores do sorteio de El Gordo - esta semana, bem como os resultados da semana passada\" \/>\n<meta name=\"robots\" content=\"index, follow, max-snippet:-1, max-image-preview:large, max-video-preview:-1\" \/>\n<link rel=\"canonical\" href=\"https:\/\/jackpotlotteryonline.com\/pt-pt\/numeros-vencedores\/el-gordo-draw-results\/\" \/>\n<meta property=\"og:locale\" content=\"pt_PT\" \/>\n<meta property=\"og:type\" content=\"article\" \/>\n<meta property=\"og:title\" content=\"El Gordo n\u00fameros vencedores e resultados do sorteio\" \/>\n<meta property=\"og:description\" content=\"Resultados, n\u00fameros vencedores do sorteio de El Gordo - esta semana, bem como os resultados da semana passada\" \/>\n<meta property=\"og:url\" content=\"https:\/\/jackpotlotteryonline.com\/pt-pt\/numeros-vencedores\/el-gordo-draw-results\/\" \/>\n<meta property=\"og:site_name\" content=\"Lotto Online - Crack The International Lottery Jackpots\" \/>\n<meta property=\"article:modified_time\" content=\"2022-12-28T12:41:24+00:00\" \/>\n<meta property=\"og:image\" content=\"http:\/\/jackpotlotteryonline.com\/wp-content\/uploads\/2022\/10\/lotto_euros.jpg\" \/>\n<meta name=\"twitter:card\" content=\"summary_large_image\" \/>\n<meta name=\"twitter:label1\" content=\"Tempo estimado de leitura\" \/>\n\t<meta name=\"twitter:data1\" content=\"6 minutos\" \/>\n<!-- \/ Yoast SEO plugin. -->","yoast_head_json":{"title":"El Gordo n\u00fameros vencedores e resultados do sorteio","description":"Resultados, n\u00fameros vencedores do sorteio de El Gordo - esta semana, bem como os resultados da semana passada","robots":{"index":"index","follow":"follow","max-snippet":"max-snippet:-1","max-image-preview":"max-image-preview:large","max-video-preview":"max-video-preview:-1"},"canonical":"https:\/\/jackpotlotteryonline.com\/pt-pt\/numeros-vencedores\/el-gordo-draw-results\/","og_locale":"pt_PT","og_type":"article","og_title":"El Gordo n\u00fameros vencedores e resultados do sorteio","og_description":"Resultados, n\u00fameros vencedores do sorteio de El Gordo - esta semana, bem como os resultados da semana passada","og_url":"https:\/\/jackpotlotteryonline.com\/pt-pt\/numeros-vencedores\/el-gordo-draw-results\/","og_site_name":"Lotto Online - Crack The International Lottery Jackpots","article_modified_time":"2022-12-28T12:41:24+00:00","og_image":[{"url":"http:\/\/jackpotlotteryonline.com\/wp-content\/uploads\/2022\/10\/lotto_euros.jpg"}],"twitter_card":"summary_large_image","twitter_misc":{"Tempo estimado de leitura":"6 minutos"},"schema":{"@context":"https:\/\/schema.org","@graph":[{"@type":"WebPage","@id":"https:\/\/jackpotlotteryonline.com\/pt-pt\/numeros-vencedores\/el-gordo-draw-results\/","url":"https:\/\/jackpotlotteryonline.com\/pt-pt\/numeros-vencedores\/el-gordo-draw-results\/","name":"El Gordo n\u00fameros vencedores e resultados do sorteio","isPartOf":{"@id":"https:\/\/jackpotlotteryonline.com\/#website"},"primaryImageOfPage":{"@id":"https:\/\/jackpotlotteryonline.com\/pt-pt\/numeros-vencedores\/el-gordo-draw-results\/#primaryimage"},"image":{"@id":"https:\/\/jackpotlotteryonline.com\/pt-pt\/numeros-vencedores\/el-gordo-draw-results\/#primaryimage"},"thumbnailUrl":"http:\/\/jackpotlotteryonline.com\/wp-content\/uploads\/2022\/10\/lotto_euros.jpg","datePublished":"2022-12-06T13:07:43+00:00","dateModified":"2022-12-28T12:41:24+00:00","description":"Resultados, n\u00fameros vencedores do sorteio de El Gordo - esta semana, bem como os resultados da semana passada","breadcrumb":{"@id":"https:\/\/jackpotlotteryonline.com\/pt-pt\/numeros-vencedores\/el-gordo-draw-results\/#breadcrumb"},"inLanguage":"pt-PT","potentialAction":[{"@type":"ReadAction","target":["https:\/\/jackpotlotteryonline.com\/pt-pt\/numeros-vencedores\/el-gordo-draw-results\/"]}]},{"@type":"ImageObject","inLanguage":"pt-PT","@id":"https:\/\/jackpotlotteryonline.com\/pt-pt\/numeros-vencedores\/el-gordo-draw-results\/#primaryimage","url":"http:\/\/jackpotlotteryonline.com\/wp-content\/uploads\/2022\/10\/lotto_euros.jpg","contentUrl":"http:\/\/jackpotlotteryonline.com\/wp-content\/uploads\/2022\/10\/lotto_euros.jpg"},{"@type":"BreadcrumbList","@id":"https:\/\/jackpotlotteryonline.com\/pt-pt\/numeros-vencedores\/el-gordo-draw-results\/#breadcrumb","itemListElement":[{"@type":"ListItem","position":1,"name":"Home","item":"https:\/\/jackpotlotteryonline.com\/pt-pt\/"},{"@type":"ListItem","position":2,"name":"Resultados da lotaria","item":"https:\/\/jackpotlotteryonline.com\/winning-numbers\/"},{"@type":"ListItem","position":3,"name":"Resultados do sorteio do El Gordo"}]},{"@type":"WebSite","@id":"https:\/\/jackpotlotteryonline.com\/#website","url":"https:\/\/jackpotlotteryonline.com\/","name":"Lotto Online - Crack The International Lottery Jackpots","description":"","potentialAction":[{"@type":"SearchAction","target":{"@type":"EntryPoint","urlTemplate":"https:\/\/jackpotlotteryonline.com\/?s={search_term_string}"},"query-input":"required name=search_term_string"}],"inLanguage":"pt-PT"}]}},"_links":{"self":[{"href":"https:\/\/jackpotlotteryonline.com\/pt-pt\/wp-json\/wp\/v2\/pages\/40836","targetHints":{"allow":["GET"]}}],"collection":[{"href":"https:\/\/jackpotlotteryonline.com\/pt-pt\/wp-json\/wp\/v2\/pages"}],"about":[{"href":"https:\/\/jackpotlotteryonline.com\/pt-pt\/wp-json\/wp\/v2\/types\/page"}],"author":[{"embeddable":true,"href":"https:\/\/jackpotlotteryonline.com\/pt-pt\/wp-json\/wp\/v2\/users\/1"}],"replies":[{"embeddable":true,"href":"https:\/\/jackpotlotteryonline.com\/pt-pt\/wp-json\/wp\/v2\/comments?post=40836"}],"version-history":[{"count":0,"href":"https:\/\/jackpotlotteryonline.com\/pt-pt\/wp-json\/wp\/v2\/pages\/40836\/revisions"}],"up":[{"embeddable":true,"href":"https:\/\/jackpotlotteryonline.com\/pt-pt\/wp-json\/wp\/v2\/pages\/35846"}],"wp:attachment":[{"href":"https:\/\/jackpotlotteryonline.com\/pt-pt\/wp-json\/wp\/v2\/media?parent=40836"}],"curies":[{"name":"wp","href":"https:\/\/api.w.org\/{rel}","templated":true}]}}