{"id":40894,"date":"2022-12-07T08:41:31","date_gmt":"2022-12-07T08:41:31","guid":{"rendered":"https:\/\/jackpotlotteryonline.com\/?page_id=40894"},"modified":"2022-12-28T18:32:31","modified_gmt":"2022-12-28T18:32:31","slug":"german-lotto","status":"publish","type":"page","link":"https:\/\/jackpotlotteryonline.com\/pt-pt\/numeros-vencedores\/german-lotto\/","title":{"rendered":"Resultados do sorteio do loto alem\u00e3o"},"content":{"rendered":"<p>Resultados do sorteio da Lotaria Alem\u00e3 Se j\u00e1 <a href=\"https:\/\/jackpotlotteryonline.com\/pt-pt\/como-jogar\/german-lotto\">jogou na Lotaria Alem\u00e3<\/a> ou quer tentar, ent\u00e3o \u00e9 essencial verificar os n\u00fameros vencedores. Ganhar a lotaria \u00e9 uma experi\u00eancia que muda a vida.<\/p>\n<p>Conhecida como 6 aus 49 ou 6 de 49, \u00e9 uma das lotarias mais populares na Europa. Com probabilidades incr\u00edveis e pr\u00e9mios de jackpot que mudam a vida, esta lotaria alem\u00e3 tem nove n\u00edveis de pr\u00e9mios diferentes.<\/p>\n<p>\u00c9 f\u00e1cil de jogar e pode agora participar na lotaria alem\u00e3 a partir de qualquer parte do mundo. Pode tamb\u00e9m verificar os n\u00fameros vencedores quando jogar no jackpotlottoonline.com<\/p>\n<h2>Como jogar o loto alem\u00e3o<\/h2>\n<p><img loading=\"lazy\" decoding=\"async\" class=\"alignright size-medium wp-image-29156\" src=\"https:\/\/jackpotlotteryonline.com\/wp-content\/uploads\/2022\/11\/1_play_lotto_to_win-300x214.jpg\" alt=\"entrar na lotaria alem\u00e3 para ganhar pr\u00e9mios\" width=\"300\" height=\"214\" srcset=\"https:\/\/jackpotlotteryonline.com\/wp-content\/uploads\/2022\/11\/1_play_lotto_to_win-300x214.jpg 300w, https:\/\/jackpotlotteryonline.com\/wp-content\/uploads\/2022\/11\/1_play_lotto_to_win.jpg 320w\" sizes=\"auto, (max-width: 300px) 100vw, 300px\" \/>Basicamente, os jogadores apenas t\u00eam de escolher 6 n\u00fameros de um intervalo de 1 a 49 e quem igualar os resultados do sorteio ganha o jackpot. H\u00e1 tamb\u00e9m um d\u00edgito de b\u00f3nus chamado Super N\u00famero. Este \u00e9 escolhido aleatoriamente e \u00e9 utilizado para determinar os vencedores de tr\u00eas n\u00edveis, incluindo o jackpot.<\/p>\n<p>O montante do jackpot \u00e9 de um milh\u00e3o de euros garantido, no entanto, se n\u00e3o houver vencedor ap\u00f3s os sorteios, ele rola. O jackpot do loto alem\u00e3o pode chegar aos 14.000.000 euros, o que nos parece bastante espectacular.<\/p>\n<h2>Jogar no jackpot dalottoonline.com<\/h2>\n<p>Quando <a href=\"https:\/\/jackpotlotteryonline.com\/pt-pt\/comprar-tickets\/lotto-germany\">nos compra um bilhete<\/a>, est\u00e1 de facto a entrar na lotaria. N\u00e3o operamos como alguns sites de lotaria online que apenas d\u00e3o aos jogadores a oportunidade de apostar no resultado. Se apostar no resultado, mesmo que obtenha os n\u00fameros vencedores, n\u00e3o ganha a lotaria.<\/p>\n<p>Somos um site de concierge que d\u00e1 aos nossos clientes a oportunidade de participar em lotarias de todo o mundo. Quando compra um bilhete de lotaria alem\u00e3o online, os nossos agentes no pa\u00eds compram um bilhete f\u00edsico. O bilhete f\u00edsico da lotaria alem\u00e3 ter\u00e1 os mesmos n\u00fameros que os escolhidos por si. Em seguida, iremos digitaliz\u00e1-lo para a sua conta.<\/p>\n<p><strong>Para jogar a lotaria connosco:<\/strong><\/p>\n<ul>\n<li>Escolha 6 n\u00fameros de 49. Pode tamb\u00e9m utilizar o nosso gerador autom\u00e1tico para escolher n\u00fameros aleat\u00f3rios da lotaria<\/li>\n<li>Introduzir os sorteios. Pode participar em sorteios simples ou m\u00faltiplos.<\/li>\n<li>Escolha com quantas semanas de anteced\u00eancia quer jogar (ou s\u00f3 pode jogar uma vez).<\/li>\n<li>Registe-se para processar o seu pagamento (isto \u00e9 para que possamos alert\u00e1-lo assim que ganhar o sorteio).<\/li>\n<\/ul>\n<h2>Ganhar o loto alem\u00e3o (reparti\u00e7\u00e3o dos pr\u00e9mios)<\/h2>\n<p><img loading=\"lazy\" decoding=\"async\" class=\"alignright size-medium wp-image-28616\" src=\"https:\/\/jackpotlotteryonline.com\/wp-content\/uploads\/2022\/11\/1_online_lotto-300x128.jpg\" alt=\"Tocar o loto alem\u00e3o\" width=\"300\" height=\"128\" srcset=\"https:\/\/jackpotlotteryonline.com\/wp-content\/uploads\/2022\/11\/1_online_lotto-300x128.jpg 300w, https:\/\/jackpotlotteryonline.com\/wp-content\/uploads\/2022\/11\/1_online_lotto.jpg 320w\" sizes=\"auto, (max-width: 300px) 100vw, 300px\" \/>J\u00e1 mencion\u00e1mos que esta lotaria europeia tem 9 n\u00edveis de pr\u00e9mios diferentes. S\u00e3o muitos pr\u00e9mios que um jogador pode ganhar, o que explica porque \u00e9 que esta lotaria \u00e9 t\u00e3o popular no continente. As probabilidades de ganhar o jackpot s\u00e3o de 1 em 139.838.160.<\/p>\n<p>Partilharemos a reparti\u00e7\u00e3o de pr\u00e9mios para os diferentes n\u00edveis de pr\u00e9mios, bem como as probabilidades para cada n\u00edvel. Al\u00e9m disso, incluiremos o pr\u00e9mio estimado para cada sec\u00e7\u00e3o. Os pr\u00e9mios s\u00e3o determinados pelo conjunto geral da lotaria, mas com base nos ganhos passados, \u00e9 poss\u00edvel obter um valor aproximado.<\/p>\n<p>N\u00edvel 1: 6 + Super N\u00famero &#8211; 12.585.434,40 euros (jackpot) &#8211; 1:139.838.160<\/p>\n<p>N\u00edvel 2: 6 n\u00fameros apenas &#8211; 1.003.509,30 euros &#8211; 1: 15.537.573<\/p>\n<p>Tier 3: 5 + Super N\u00famero &#8211; 12.135,40 euros &#8211; 1:524.008<\/p>\n<p>N\u00edvel 4: 5 n\u00fameros apenas &#8211; 4.019,20 euros &#8211; 1:60.223<\/p>\n<p>N\u00edvel 5: 4 + Super N\u00famero &#8211; 191,10 euros &#8211; 1:10,324<\/p>\n<p>N\u00edvel 6: apenas 4 n\u00fameros &#8211; 50,30 euros &#8211; 1:1,147<\/p>\n<p>Tier 7: 3 + Super N\u00famero &#8211; 21,20 &#8211; 1:567 euros<\/p>\n<p>N\u00edvel 8: apenas 3 n\u00fameros &#8211; 11,10 &#8211; 1:63 euros<\/p>\n<p>N\u00edvel 9: 2 + Super n\u00famero &#8211; 6 euros &#8211; 1:76<\/p>\n<section class=\"layout\" style=\"border: solid 1px; width: 100%;\">\n<div class=\"img-div\" style=\"margin-top: 5px;\"><img decoding=\"async\" class=\"wp-image-17212 alignleft\" style=\"height: 45px; margin: 8px 8px 0px;\" src=\"https:\/\/jackpotlotteryonline.com\/wp-content\/uploads\/2022\/11\/read1.jpg\" alt=\"ler\" width=\"\" height=\"\" \/><\/div>\n<div style=\"padding-left: 5px;\">\n<div style=\"font-size: 1.1em;\">\n<p><strong>A sua lotaria nacional na compara\u00e7\u00e3o internacional<\/strong><\/p>\n<p style=\"font-size: 0.85em; margin-top: -1.5em;\">A sua lotaria local pode ser a sua pior op\u00e7\u00e3o &#8211; porque \u00e9 que faz mais sentido pagar mais, mas ir para jackpots maiores\u00a0<a href=\"https:\/\/jackpotlotteryonline.com\/pt-pt\/a-sua-comparacao-nacional-lottera-nacional-comparacao-internacional\"> leia mais<\/a><\/p>\n<\/div>\n<\/div>\n<\/section>\n<h2>Verifique os seus n\u00fameros vencedores online<\/h2>\n<p>Tal como jogar na lotaria alem\u00e3 \u00e9 incrivelmente simples, tamb\u00e9m simplific\u00e1mos o processo de verifica\u00e7\u00e3o dos resultados. Se jogar esta lotaria, ent\u00e3o pode facilmente verificar os seus n\u00fameros vencedores online. Verifique de novo ap\u00f3s cada sorteio para ver se ganhou um pr\u00e9mio. \u00c0 medida que publicamos os resultados do sorteio aqui mesmo.<\/p>\n<p>Mas, mesmo que se esque\u00e7a de verificar ap\u00f3s os sorteios, avis\u00e1-lo-emos se ganhar algum pr\u00e9mio. N\u00e3o s\u00f3 o avisaremos atrav\u00e9s da sua conta, como tamb\u00e9m lhe enviaremos um e-mail.<\/p>\n<h2>Como reclamar o seu pr\u00e9mio<\/h2>\n<p>Os sorteios do loto alem\u00e3o t\u00eam lugar uma vez por semana \u00e0s quartas-feiras. Ap\u00f3s os sorteios, os n\u00fameros vencedores ser\u00e3o anunciados. Ganhar a lotaria significa apenas que tem um bilhete que corresponde aos resultados do sorteio.<\/p>\n<p>Se ganhar um pr\u00e9mio, pode facilmente reclamar o seu pr\u00e9mio retirando-o da nossa plataforma para a sua conta. \u00c9 isso mesmo. Qualquer pr\u00e9mio inferior a 2.500 euros pode ser levantado directamente para a sua conta.<\/p>\n<p>Para quantias superiores a 2.500 euros, poder\u00e1 ter de preencher um formul\u00e1rio de reclama\u00e7\u00e3o da empresa de lotaria. Mas iremos gui\u00e1-lo ao longo do processo. Portanto, se ainda n\u00e3o comprou o seu bilhete de lotaria alem\u00e3o, v\u00e1 em frente e fa\u00e7a isso agora. E lembre-se de verificar os n\u00fameros vencedores.<\/p>\n","protected":false},"excerpt":{"rendered":"<p>Resultados do sorteio da Lotaria Alem\u00e3 Se j\u00e1 jogou na Lotaria Alem\u00e3 ou quer tentar, ent\u00e3o \u00e9 essencial verificar os n\u00fameros vencedores. Ganhar a lotaria \u00e9 uma experi\u00eancia que muda a vida. Conhecida como 6 aus 49 ou 6 de 49, \u00e9 uma das lotarias mais populares na Europa. Com probabilidades incr\u00edveis e pr\u00e9mios de [&hellip;]<\/p>\n","protected":false},"author":1,"featured_media":0,"parent":35846,"menu_order":8,"comment_status":"closed","ping_status":"closed","template":"lotto-german-results.php","meta":{"_et_pb_use_builder":"","_et_pb_old_content":"","_et_gb_content_width":"","exclude_from_search":false,"footnotes":""},"class_list":["post-40894","page","type-page","status-publish","hentry"],"yoast_head":"<!-- This site is optimized with the Yoast SEO plugin v23.3 - https:\/\/yoast.com\/wordpress\/plugins\/seo\/ -->\n<title>N\u00fameros vencedores da Lotaria Alem\u00e3 e resultados do sorteio<\/title>\n<meta name=\"description\" content=\"Listando aqui todos os n\u00fameros vencedores do presente e do passado, sorteie os resultados para a lotaria da Alemanha\" \/>\n<meta name=\"robots\" content=\"index, follow, max-snippet:-1, max-image-preview:large, max-video-preview:-1\" \/>\n<link rel=\"canonical\" href=\"https:\/\/jackpotlotteryonline.com\/pt-pt\/numeros-vencedores\/german-lotto\/\" \/>\n<meta property=\"og:locale\" content=\"pt_PT\" \/>\n<meta property=\"og:type\" content=\"article\" \/>\n<meta property=\"og:title\" content=\"N\u00fameros vencedores da Lotaria Alem\u00e3 e resultados do sorteio\" \/>\n<meta property=\"og:description\" content=\"Listando aqui todos os n\u00fameros vencedores do presente e do passado, sorteie os resultados para a lotaria da Alemanha\" \/>\n<meta property=\"og:url\" content=\"https:\/\/jackpotlotteryonline.com\/pt-pt\/numeros-vencedores\/german-lotto\/\" \/>\n<meta property=\"og:site_name\" content=\"Lotto Online - Crack The International Lottery Jackpots\" \/>\n<meta property=\"article:modified_time\" content=\"2022-12-28T18:32:31+00:00\" \/>\n<meta property=\"og:image\" content=\"https:\/\/jackpotlotteryonline.com\/wp-content\/uploads\/2022\/11\/1_play_lotto_to_win-300x214.jpg\" \/>\n<meta name=\"twitter:card\" content=\"summary_large_image\" \/>\n<meta name=\"twitter:label1\" content=\"Tempo estimado de leitura\" \/>\n\t<meta name=\"twitter:data1\" content=\"5 minutos\" \/>\n<!-- \/ Yoast SEO plugin. -->","yoast_head_json":{"title":"N\u00fameros vencedores da Lotaria Alem\u00e3 e resultados do sorteio","description":"Listando aqui todos os n\u00fameros vencedores do presente e do passado, sorteie os resultados para a lotaria da Alemanha","robots":{"index":"index","follow":"follow","max-snippet":"max-snippet:-1","max-image-preview":"max-image-preview:large","max-video-preview":"max-video-preview:-1"},"canonical":"https:\/\/jackpotlotteryonline.com\/pt-pt\/numeros-vencedores\/german-lotto\/","og_locale":"pt_PT","og_type":"article","og_title":"N\u00fameros vencedores da Lotaria Alem\u00e3 e resultados do sorteio","og_description":"Listando aqui todos os n\u00fameros vencedores do presente e do passado, sorteie os resultados para a lotaria da Alemanha","og_url":"https:\/\/jackpotlotteryonline.com\/pt-pt\/numeros-vencedores\/german-lotto\/","og_site_name":"Lotto Online - Crack The International Lottery Jackpots","article_modified_time":"2022-12-28T18:32:31+00:00","og_image":[{"url":"https:\/\/jackpotlotteryonline.com\/wp-content\/uploads\/2022\/11\/1_play_lotto_to_win-300x214.jpg"}],"twitter_card":"summary_large_image","twitter_misc":{"Tempo estimado de leitura":"5 minutos"},"schema":{"@context":"https:\/\/schema.org","@graph":[{"@type":"WebPage","@id":"https:\/\/jackpotlotteryonline.com\/pt-pt\/numeros-vencedores\/german-lotto\/","url":"https:\/\/jackpotlotteryonline.com\/pt-pt\/numeros-vencedores\/german-lotto\/","name":"N\u00fameros vencedores da Lotaria Alem\u00e3 e resultados do sorteio","isPartOf":{"@id":"https:\/\/jackpotlotteryonline.com\/#website"},"primaryImageOfPage":{"@id":"https:\/\/jackpotlotteryonline.com\/pt-pt\/numeros-vencedores\/german-lotto\/#primaryimage"},"image":{"@id":"https:\/\/jackpotlotteryonline.com\/pt-pt\/numeros-vencedores\/german-lotto\/#primaryimage"},"thumbnailUrl":"https:\/\/jackpotlotteryonline.com\/wp-content\/uploads\/2022\/11\/1_play_lotto_to_win-300x214.jpg","datePublished":"2022-12-07T08:41:31+00:00","dateModified":"2022-12-28T18:32:31+00:00","description":"Listando aqui todos os n\u00fameros vencedores do presente e do passado, sorteie os resultados para a lotaria da Alemanha","breadcrumb":{"@id":"https:\/\/jackpotlotteryonline.com\/pt-pt\/numeros-vencedores\/german-lotto\/#breadcrumb"},"inLanguage":"pt-PT","potentialAction":[{"@type":"ReadAction","target":["https:\/\/jackpotlotteryonline.com\/pt-pt\/numeros-vencedores\/german-lotto\/"]}]},{"@type":"ImageObject","inLanguage":"pt-PT","@id":"https:\/\/jackpotlotteryonline.com\/pt-pt\/numeros-vencedores\/german-lotto\/#primaryimage","url":"https:\/\/jackpotlotteryonline.com\/wp-content\/uploads\/2022\/11\/1_play_lotto_to_win-300x214.jpg","contentUrl":"https:\/\/jackpotlotteryonline.com\/wp-content\/uploads\/2022\/11\/1_play_lotto_to_win-300x214.jpg"},{"@type":"BreadcrumbList","@id":"https:\/\/jackpotlotteryonline.com\/pt-pt\/numeros-vencedores\/german-lotto\/#breadcrumb","itemListElement":[{"@type":"ListItem","position":1,"name":"Home","item":"https:\/\/jackpotlotteryonline.com\/pt-pt\/"},{"@type":"ListItem","position":2,"name":"Resultados da lotaria","item":"https:\/\/jackpotlotteryonline.com\/winning-numbers\/"},{"@type":"ListItem","position":3,"name":"Resultados do sorteio do loto alem\u00e3o"}]},{"@type":"WebSite","@id":"https:\/\/jackpotlotteryonline.com\/#website","url":"https:\/\/jackpotlotteryonline.com\/","name":"Lotto Online - Crack The International Lottery Jackpots","description":"","potentialAction":[{"@type":"SearchAction","target":{"@type":"EntryPoint","urlTemplate":"https:\/\/jackpotlotteryonline.com\/?s={search_term_string}"},"query-input":"required name=search_term_string"}],"inLanguage":"pt-PT"}]}},"_links":{"self":[{"href":"https:\/\/jackpotlotteryonline.com\/pt-pt\/wp-json\/wp\/v2\/pages\/40894","targetHints":{"allow":["GET"]}}],"collection":[{"href":"https:\/\/jackpotlotteryonline.com\/pt-pt\/wp-json\/wp\/v2\/pages"}],"about":[{"href":"https:\/\/jackpotlotteryonline.com\/pt-pt\/wp-json\/wp\/v2\/types\/page"}],"author":[{"embeddable":true,"href":"https:\/\/jackpotlotteryonline.com\/pt-pt\/wp-json\/wp\/v2\/users\/1"}],"replies":[{"embeddable":true,"href":"https:\/\/jackpotlotteryonline.com\/pt-pt\/wp-json\/wp\/v2\/comments?post=40894"}],"version-history":[{"count":0,"href":"https:\/\/jackpotlotteryonline.com\/pt-pt\/wp-json\/wp\/v2\/pages\/40894\/revisions"}],"up":[{"embeddable":true,"href":"https:\/\/jackpotlotteryonline.com\/pt-pt\/wp-json\/wp\/v2\/pages\/35846"}],"wp:attachment":[{"href":"https:\/\/jackpotlotteryonline.com\/pt-pt\/wp-json\/wp\/v2\/media?parent=40894"}],"curies":[{"name":"wp","href":"https:\/\/api.w.org\/{rel}","templated":true}]}}