{"id":40949,"date":"2022-12-07T10:43:52","date_gmt":"2022-12-07T10:43:52","guid":{"rendered":"https:\/\/jackpotlotteryonline.com\/?page_id=40949"},"modified":"2022-12-28T21:17:53","modified_gmt":"2022-12-28T21:17:53","slug":"france-lotto-2","status":"publish","type":"page","link":"https:\/\/jackpotlotteryonline.com\/pt-pt\/numeros-vencedores\/france-lotto-2\/","title":{"rendered":"Resultados do sorteio do France Lotto"},"content":{"rendered":"<p>A France Lotto \u00e9 uma lotaria europeia que produz vencedores tr\u00eas vezes por semana. Foi lan\u00e7ada em 1976 e tem os seus dias de sorteio \u00e0s segundas, quartas e s\u00e1bados. Os n\u00fameros vencedores do France Lotto s\u00e3o anunciados nesses dias. Os vencedores de todo o mundo podem participar na Lotto de Fran\u00e7a comprando os seus bilhetes online.<\/p>\n<h2>Porque deve verificar os n\u00fameros vencedores<\/h2>\n<p>Geralmente, a empresa France Lotto n\u00e3o conhece as identidades de todos aqueles que trouxeram bilhetes. Portanto, n\u00e3o t\u00eam forma de contactar os bilhetes vencedores da lotaria. \u00c9 por isso que precisa de verificar constantemente o seu bilhete em rela\u00e7\u00e3o aos n\u00fameros sorteados para saber se ganhou.<\/p>\n<p>Al\u00e9m disso, a France Lotto tem 10 divis\u00f5es de pr\u00e9mios. \u00c9 poss\u00edvel que um jogador possa n\u00e3o ter ganho o jackpot, mas pode ter ganho outros pr\u00e9mios.<\/p>\n<h2>Formas de verificar os resultados vencedores da France Lotto<\/h2>\n<p><img loading=\"lazy\" decoding=\"async\" class=\"alignright wp-image-31748\" src=\"http:\/\/jackpotlotteryonline.com\/wp-content\/uploads\/2022\/11\/rf_results_page-300x225.jpg\" alt=\"Resultados vencedores do France Lotto\" width=\"244\" height=\"183\" srcset=\"https:\/\/jackpotlotteryonline.com\/wp-content\/uploads\/2022\/11\/rf_results_page-300x225.jpg 300w, https:\/\/jackpotlotteryonline.com\/wp-content\/uploads\/2022\/11\/rf_results_page-600x449.jpg 600w, https:\/\/jackpotlotteryonline.com\/wp-content\/uploads\/2022\/11\/rf_results_page-768x575.jpg 768w, https:\/\/jackpotlotteryonline.com\/wp-content\/uploads\/2022\/11\/rf_results_page.jpg 801w\" sizes=\"auto, (max-width: 244px) 100vw, 244px\" \/>H\u00e1 v\u00e1rias maneiras de verificar os resultados do sorteio para a lotaria francesa. Isto \u00e9 essencial para descobrir o bilhete premiado para o jackpot. Lembre-se de que o vencedor \u00e9 aquele que corresponder aos n\u00fameros sorteados. Se comprar bilhetes para a lotaria francesa, pode verificar os resultados do sorteio de qualquer uma das seguintes formas:<\/p>\n<h3>Ver o sorteio ao vivo na TV<\/h3>\n<p>Isto \u00e9 realmente bastante excitante porque os n\u00fameros s\u00e3o chamados e pode descobrir imediatamente se ganhou. O problema com isto \u00e9 que tem de estar a viver em Fran\u00e7a para ver os sorteios da lotaria francesa ao vivo.<\/p>\n<section class=\"layout\" style=\"border: solid 1px; width: 100%;\">\n<div class=\"img-div\" style=\"margin-top: 5px;\"><img decoding=\"async\" class=\"wp-image-17212 alignleft\" style=\"height: 45px; margin: 8px 8px 0px;\" src=\"http:\/\/jackpotlotteryonline.com\/wp-content\/uploads\/2022\/11\/read1.jpg\" alt=\"ler\" width=\"\" height=\"\" \/><\/div>\n<div style=\"padding-left: 5px;\">\n<div style=\"font-size: 1.1em;\">\n<p><strong>N\u00e3o perca os sorteios dos maiores jackpots de lotaria do mundo<\/strong><\/p>\n<p style=\"font-size: 0.85em; margin-top: -1.5em;\">Uma lista dos tempos de sorteio para as lotarias internacionais\u00a0<a href=\"https:\/\/jackpotlotteryonline.com\/pt-pt\/quando-sao-os-sorteios-para-as-lotarias-internacionais\"> leia mais<\/a><\/p>\n<\/div>\n<\/div>\n<\/section>\n<h3>Visite os sites de not\u00edcias<\/h3>\n<p>Outra forma de verificar os resultados do sorteio \u00e9 verificar os sites de not\u00edcias. V\u00e1rios sites de not\u00edcias publicam as combina\u00e7\u00f5es vencedoras nas suas p\u00e1ginas. Isto \u00e9 particularmente verdade para os s\u00edtios de not\u00edcias europeus. Se ganhar o jackpot, ent\u00e3o esta \u00e9 uma \u00f3ptima op\u00e7\u00e3o. Contudo, existem v\u00e1rias outras divis\u00f5es de pr\u00e9mios que um jogador pode ganhar. Infelizmente, estes s\u00edtios normalmente n\u00e3o publicam as combina\u00e7\u00f5es vencedoras para essas divis\u00f5es. Assim, se ganhar um pr\u00e9mio de segundo n\u00edvel, por exemplo, pode perder o pr\u00e9mio.<\/p>\n<h3>Verificar jackpotlotteryonline.com<\/h3>\n<p>Quando se regista connosco, pode facilmente verificar os n\u00fameros vencedores do France Lotto. Ap\u00f3s cada sorteio, publicamos os resultados aqui mesmo na nossa p\u00e1gina. Al\u00e9m disso, se ganhar algum pr\u00e9mio, notific\u00e1-lo-emos imediatamente, independentemente da divis\u00e3o de pr\u00e9mios que ganhou. Al\u00e9m disso, tamb\u00e9m pode retirar os seus ganhos da lotaria directamente do nosso site para a sua conta.<\/p>\n<h2>Vantagens de jogar online<\/h2>\n<p>Ser capaz de verificar convenientemente os resultados do sorteio \u00e9 apenas um dos benef\u00edcios de<a href=\"https:\/\/jackpotlotteryonline.com\/pt-pt\/como-jogar\/france-lotto\"> jogar o loto online<\/a>. Mas temos de concordar que se trata de um enorme benef\u00edcio. Aqui est\u00e3o alguns benef\u00edcios em poucas palavras:<\/p>\n<ul>\n<li>Acesso a lotarias internacionais de topo a partir de qualquer lugar<\/li>\n<li>A conveni\u00eancia de jogar a partir do seu computador ou dispositivo m\u00f3vel<\/li>\n<li>Agendar facilmente v\u00e1rios sorteios com anteced\u00eancia<\/li>\n<li>Verificar convenientemente os resultados do sorteio<\/li>\n<li>Levantar os seus ganhos directamente para a sua conta<\/li>\n<\/ul>\n<h2>Combina\u00e7\u00f5es vencedoras do France Lotto<\/h2>\n<p>Escolher a combina\u00e7\u00e3o certa para o seu bilhete de lotaria em Fran\u00e7a pode ser bastante complicado. Muitos jogadores t\u00eam diferentes dicas que usam para aumentar as suas hip\u00f3teses de ganhar na lotaria. O que lhe podemos dizer \u00e9 que n\u00e3o existe um m\u00e9todo garantido de ganhar na lotaria. \u00c9 uma quest\u00e3o de sorte. No entanto, podemos partilhar algumas estrat\u00e9gias que os jogadores utilizam para escolher os seus d\u00edgitos vencedores.<\/p>\n<p>Alguns jogadores gostam de passar por combina\u00e7\u00f5es vencedoras passadas para encontrar n\u00fameros que ocorrem regularmente ou raramente. Eles s\u00e3o capazes de identificar um padr\u00e3o e utiliz\u00e1-lo para criar uma estrat\u00e9gia para jogar na lotaria. Se funciona ou n\u00e3o, \u00e9 dif\u00edcil dizer.<\/p>\n<p>Outros jogadores optam por jogar frequentemente comprando v\u00e1rios bilhetes e participando em v\u00e1rios sorteios. A l\u00f3gica por detr\u00e1s disto \u00e9 que quanto mais vezes jogar na lotaria, maiores s\u00e3o as suas hip\u00f3teses de ganhar. Curiosamente, a maioria dos vencedores jogou durante anos antes de ganhar na lotaria. No entanto, h\u00e1 aqueles que ganharam na primeira vez que jogaram.<\/p>\n<h2>Conclus\u00e3o<\/h2>\n<p>Em conclus\u00e3o, a lotaria francesa \u00e9 um jogo de azar. Pode <a href=\"https:\/\/jackpotlotteryonline.com\/pt-pt\/comprar-tickets\/lotto-france\">comprar os seus bilhetes para a lotaria francesa<\/a> e verificar as combina\u00e7\u00f5es vencedoras aqui mesmo no jackpotlotteryonline.com<\/p>\n","protected":false},"excerpt":{"rendered":"<p>A France Lotto \u00e9 uma lotaria europeia que produz vencedores tr\u00eas vezes por semana. Foi lan\u00e7ada em 1976 e tem os seus dias de sorteio \u00e0s segundas, quartas e s\u00e1bados. Os n\u00fameros vencedores do France Lotto s\u00e3o anunciados nesses dias. Os vencedores de todo o mundo podem participar na Lotto de Fran\u00e7a comprando os seus [&hellip;]<\/p>\n","protected":false},"author":1,"featured_media":0,"parent":35846,"menu_order":9,"comment_status":"closed","ping_status":"closed","template":"lotto-fr-results.php","meta":{"_et_pb_use_builder":"","_et_pb_old_content":"","_et_gb_content_width":"","exclude_from_search":false,"footnotes":""},"class_list":["post-40949","page","type-page","status-publish","hentry"],"yoast_head":"<!-- This site is optimized with the Yoast SEO plugin v23.3 - https:\/\/yoast.com\/wordpress\/plugins\/seo\/ -->\n<title>N\u00fameros vencedores e resultados do sorteio do France Lotto<\/title>\n<meta name=\"description\" content=\"Quer saber os n\u00fameros vencedores e os resultados do sorteio para a lotaria francesa? Consulte a nossa p\u00e1gina de resultados da Lotto France e o nosso arquivo\" \/>\n<meta name=\"robots\" content=\"index, follow, max-snippet:-1, max-image-preview:large, max-video-preview:-1\" \/>\n<link rel=\"canonical\" href=\"https:\/\/jackpotlotteryonline.com\/pt-pt\/numeros-vencedores\/france-lotto-2\/\" \/>\n<meta property=\"og:locale\" content=\"pt_PT\" \/>\n<meta property=\"og:type\" content=\"article\" \/>\n<meta property=\"og:title\" content=\"N\u00fameros vencedores e resultados do sorteio do France Lotto\" \/>\n<meta property=\"og:description\" content=\"Quer saber os n\u00fameros vencedores e os resultados do sorteio para a lotaria francesa? Consulte a nossa p\u00e1gina de resultados da Lotto France e o nosso arquivo\" \/>\n<meta property=\"og:url\" content=\"https:\/\/jackpotlotteryonline.com\/pt-pt\/numeros-vencedores\/france-lotto-2\/\" \/>\n<meta property=\"og:site_name\" content=\"Lotto Online - Crack The International Lottery Jackpots\" \/>\n<meta property=\"article:modified_time\" content=\"2022-12-28T21:17:53+00:00\" \/>\n<meta property=\"og:image\" content=\"http:\/\/jackpotlotteryonline.com\/wp-content\/uploads\/2022\/11\/rf_results_page-300x225.jpg\" \/>\n<meta name=\"twitter:card\" content=\"summary_large_image\" \/>\n<meta name=\"twitter:label1\" content=\"Tempo estimado de leitura\" \/>\n\t<meta name=\"twitter:data1\" content=\"4 minutos\" \/>\n<!-- \/ Yoast SEO plugin. -->","yoast_head_json":{"title":"N\u00fameros vencedores e resultados do sorteio do France Lotto","description":"Quer saber os n\u00fameros vencedores e os resultados do sorteio para a lotaria francesa? Consulte a nossa p\u00e1gina de resultados da Lotto France e o nosso arquivo","robots":{"index":"index","follow":"follow","max-snippet":"max-snippet:-1","max-image-preview":"max-image-preview:large","max-video-preview":"max-video-preview:-1"},"canonical":"https:\/\/jackpotlotteryonline.com\/pt-pt\/numeros-vencedores\/france-lotto-2\/","og_locale":"pt_PT","og_type":"article","og_title":"N\u00fameros vencedores e resultados do sorteio do France Lotto","og_description":"Quer saber os n\u00fameros vencedores e os resultados do sorteio para a lotaria francesa? Consulte a nossa p\u00e1gina de resultados da Lotto France e o nosso arquivo","og_url":"https:\/\/jackpotlotteryonline.com\/pt-pt\/numeros-vencedores\/france-lotto-2\/","og_site_name":"Lotto Online - Crack The International Lottery Jackpots","article_modified_time":"2022-12-28T21:17:53+00:00","og_image":[{"url":"http:\/\/jackpotlotteryonline.com\/wp-content\/uploads\/2022\/11\/rf_results_page-300x225.jpg"}],"twitter_card":"summary_large_image","twitter_misc":{"Tempo estimado de leitura":"4 minutos"},"schema":{"@context":"https:\/\/schema.org","@graph":[{"@type":"WebPage","@id":"https:\/\/jackpotlotteryonline.com\/pt-pt\/numeros-vencedores\/france-lotto-2\/","url":"https:\/\/jackpotlotteryonline.com\/pt-pt\/numeros-vencedores\/france-lotto-2\/","name":"N\u00fameros vencedores e resultados do sorteio do France Lotto","isPartOf":{"@id":"https:\/\/jackpotlotteryonline.com\/#website"},"primaryImageOfPage":{"@id":"https:\/\/jackpotlotteryonline.com\/pt-pt\/numeros-vencedores\/france-lotto-2\/#primaryimage"},"image":{"@id":"https:\/\/jackpotlotteryonline.com\/pt-pt\/numeros-vencedores\/france-lotto-2\/#primaryimage"},"thumbnailUrl":"http:\/\/jackpotlotteryonline.com\/wp-content\/uploads\/2022\/11\/rf_results_page-300x225.jpg","datePublished":"2022-12-07T10:43:52+00:00","dateModified":"2022-12-28T21:17:53+00:00","description":"Quer saber os n\u00fameros vencedores e os resultados do sorteio para a lotaria francesa? Consulte a nossa p\u00e1gina de resultados da Lotto France e o nosso arquivo","breadcrumb":{"@id":"https:\/\/jackpotlotteryonline.com\/pt-pt\/numeros-vencedores\/france-lotto-2\/#breadcrumb"},"inLanguage":"pt-PT","potentialAction":[{"@type":"ReadAction","target":["https:\/\/jackpotlotteryonline.com\/pt-pt\/numeros-vencedores\/france-lotto-2\/"]}]},{"@type":"ImageObject","inLanguage":"pt-PT","@id":"https:\/\/jackpotlotteryonline.com\/pt-pt\/numeros-vencedores\/france-lotto-2\/#primaryimage","url":"http:\/\/jackpotlotteryonline.com\/wp-content\/uploads\/2022\/11\/rf_results_page-300x225.jpg","contentUrl":"http:\/\/jackpotlotteryonline.com\/wp-content\/uploads\/2022\/11\/rf_results_page-300x225.jpg"},{"@type":"BreadcrumbList","@id":"https:\/\/jackpotlotteryonline.com\/pt-pt\/numeros-vencedores\/france-lotto-2\/#breadcrumb","itemListElement":[{"@type":"ListItem","position":1,"name":"Home","item":"https:\/\/jackpotlotteryonline.com\/pt-pt\/"},{"@type":"ListItem","position":2,"name":"Resultados da lotaria","item":"https:\/\/jackpotlotteryonline.com\/winning-numbers\/"},{"@type":"ListItem","position":3,"name":"Resultados do sorteio do France Lotto"}]},{"@type":"WebSite","@id":"https:\/\/jackpotlotteryonline.com\/#website","url":"https:\/\/jackpotlotteryonline.com\/","name":"Lotto Online - Crack The International Lottery Jackpots","description":"","potentialAction":[{"@type":"SearchAction","target":{"@type":"EntryPoint","urlTemplate":"https:\/\/jackpotlotteryonline.com\/?s={search_term_string}"},"query-input":"required name=search_term_string"}],"inLanguage":"pt-PT"}]}},"_links":{"self":[{"href":"https:\/\/jackpotlotteryonline.com\/pt-pt\/wp-json\/wp\/v2\/pages\/40949","targetHints":{"allow":["GET"]}}],"collection":[{"href":"https:\/\/jackpotlotteryonline.com\/pt-pt\/wp-json\/wp\/v2\/pages"}],"about":[{"href":"https:\/\/jackpotlotteryonline.com\/pt-pt\/wp-json\/wp\/v2\/types\/page"}],"author":[{"embeddable":true,"href":"https:\/\/jackpotlotteryonline.com\/pt-pt\/wp-json\/wp\/v2\/users\/1"}],"replies":[{"embeddable":true,"href":"https:\/\/jackpotlotteryonline.com\/pt-pt\/wp-json\/wp\/v2\/comments?post=40949"}],"version-history":[{"count":0,"href":"https:\/\/jackpotlotteryonline.com\/pt-pt\/wp-json\/wp\/v2\/pages\/40949\/revisions"}],"up":[{"embeddable":true,"href":"https:\/\/jackpotlotteryonline.com\/pt-pt\/wp-json\/wp\/v2\/pages\/35846"}],"wp:attachment":[{"href":"https:\/\/jackpotlotteryonline.com\/pt-pt\/wp-json\/wp\/v2\/media?parent=40949"}],"curies":[{"name":"wp","href":"https:\/\/api.w.org\/{rel}","templated":true}]}}