{"id":41004,"date":"2022-12-07T12:38:53","date_gmt":"2022-12-07T12:38:53","guid":{"rendered":"https:\/\/jackpotlotteryonline.com\/?page_id=41004"},"modified":"2023-01-03T09:23:06","modified_gmt":"2023-01-03T09:23:06","slug":"uk-lottery","status":"publish","type":"page","link":"https:\/\/jackpotlotteryonline.com\/pt-pt\/como-jogar\/uk-lottery\/","title":{"rendered":"Jogue na Lotaria do Reino Unido a partir de qualquer lugar"},"content":{"rendered":"<p>A lotaria do Reino Unido \u00e9 um jogo de lotaria que \u00e9 jogado no Reino Unido. Este pa\u00eds \u00e9 o lar de muitos jogos de lotaria, incluindo o jogo Set for Life, que \u00e9 uma anuidade. Mas, n\u00e3o estamos aqui para falar sobre o Set for Life. Este \u00e9 um jogo que os jogadores jogam por divers\u00e3o e agora podem jogar este jogo online. Embora seja conhecido por fazer milion\u00e1rios de vez em quando, os pagamentos n\u00e3o s\u00e3o muito generosos. Principalmente porque os pagamentos dependem do jogo da lotaria.<\/p>\n<p>Pode jogar este e outras lotarias internacionais de topo online no nosso site. Basta visitar o jackpotlotteryonline.com e registar-se connosco para ter uma oportunidade de ganhar em grande.<\/p>\n<h2>Como jogar na lotaria do Reino Unido<\/h2>\n<p><img loading=\"lazy\" decoding=\"async\" class=\"alignright size-full wp-image-31370\" src=\"https:\/\/jackpotlotteryonline.com\/wp-content\/uploads\/2022\/11\/lotteryticket.jpg\" alt=\"Jogue na lotaria do Reino Unido\" width=\"212\" height=\"142\" \/>Este jogo \u00e9 muito semelhante a outros jogos de lotaria. As regras do jogo prev\u00eaem que um jogador deve escolher 6 n\u00fameros de um pool de 1 a 49. H\u00e1 tamb\u00e9m um n\u00famero de b\u00f3nus que \u00e9 escolhido durante os sorteios. Este \u00e9 utilizado para determinar os vencedores para as outras categorias de pr\u00e9mios. O n\u00famero de b\u00f3nus \u00e9 escolhido aleatoriamente durante os sorteios e n\u00e3o pelos jogadores.<\/p>\n<p>Para ser honesto, n\u00e3o somos f\u00e3s da lotaria do Reino Unido devido aos baixos pagamentos. Mesmo que os n\u00fameros sorteados sejam iguais, n\u00e3o podemos garantir o que se levar\u00e1 para casa.<\/p>\n<p>Porque n\u00e3o visitar o nosso site para jogar outros jogos de lotaria como o US Powerball e o Mega Millions. Com estas lotarias, o jackpot m\u00ednimo \u00e9 de 40 milh\u00f5es de d\u00f3lares. Existem tamb\u00e9m outras lotarias europeias que pode jogar, tais como a Euromilh\u00f5es e o Eurojackpot. O nosso sonho para os nossos clientes \u00e9 que eles ganhem em grande.<\/p>\n<h2>Como participar na lotaria do Reino Unido online<\/h2>\n<p>Jogar online \u00e9 um pouco diferente de usar um fornecedor f\u00edsico. A diferen\u00e7a n\u00e3o \u00e9 uma coisa m\u00e1. Na verdade, torna o jogo da lotaria super conveniente. Siga estes passos para jogar na lotaria do Reino Unido no nosso site.<\/p>\n<ol>\n<li>Visite a p\u00e1gina da lotaria do Reino Unido<\/li>\n<li>Escolha 6 n\u00fameros de um intervalo de 1 a 49(se n\u00e3o tiver a certeza dos n\u00fameros a utilizar, tente o gerador autom\u00e1tico de n\u00fameros)<\/li>\n<li><a href=\"https:\/\/jackpotlotteryonline.com\/pt-pt\/comprar-tickets\/uk-lottery\">Comprar linhas de n\u00famero<\/a> adicionais para uma maior probabilidade de ganhar<\/li>\n<li>Entrar nos sorteios (pode entrar em mais do que um sorteio)<\/li>\n<li>Registe-se e pague pelas suas inscri\u00e7\u00f5es.<\/li>\n<\/ol>\n<section class=\"layout\" style=\"border: solid 1px; width: 100%;\">\n<div class=\"img-div\" style=\"margin-top: 5px;\"><img decoding=\"async\" class=\"wp-image-17212 alignleft\" style=\"height: 45px; margin: 8px 8px 0px;\" src=\"https:\/\/jackpotlotteryonline.com\/wp-content\/uploads\/2022\/11\/read1.jpg\" alt=\"ler\" width=\"\" height=\"\" \/><\/div>\n<div style=\"padding-left: 5px;\">\n<div style=\"font-size: 1.1em;\">\n<p><strong>Dicas de lotaria<\/strong><\/p>\n<p style=\"font-size: 0.85em; margin-top: -1.5em;\">Dicas que o ajudam a ganhar na lotaria\u00a0 <a href=\"https:\/\/jackpotlotteryonline.com\/pt-pt\/dicas-que-o-ajudam-a-ganhar-na-lotaria\"> leia mais<\/a><\/p>\n<\/div>\n<\/div>\n<\/section>\n<h2>Verificar os sorteios da lotaria<\/h2>\n<p><a href=\"https:\/\/jackpotlotteryonline.com\/pt-pt\/numeros-vencedores\/uk-lottery\">A lotaria brit\u00e2nica tem dois dias de sorteio por semana<\/a>, quarta-feira e s\u00e1bado. Pode participar em v\u00e1rios sorteios para aumentar as suas hip\u00f3teses de ganhar na lotaria do Reino Unido. Al\u00e9m disso, pode facilmente participar nos sorteios com v\u00e1rias semanas de anteced\u00eancia, utilizando o nosso servi\u00e7o de assinatura.<\/p>\n<p>O bilhete vencedor \u00e9 anunciado durante os sorteios. Para ganhar o jackpot, basta acertar os 6 n\u00fameros sorteados. Os pr\u00e9mios do jackpot da lotaria do Reino Unido come\u00e7am em \u00a32 milh\u00f5es e podem rolar se n\u00e3o houver vencedor ap\u00f3s um sorteio. Porque rola ap\u00f3s cada sorteio (se n\u00e3o houver vencedor), pode receber um pouco mais do que a marca de 2 milh\u00f5es de libras esterlinas.<\/p>\n<p>Ap\u00f3s cada sorteio, pode verificar no nosso site para saber se ganhou um pr\u00e9mio. A lotaria brit\u00e2nica tem 6 categorias de pr\u00e9mios diferentes e, se ganhar algum pr\u00e9mio, enviar-lhe-emos um e-mail de alerta.<\/p>\n<h2>O que \u00e9 o servi\u00e7o de assinatura?<\/h2>\n<p><img loading=\"lazy\" decoding=\"async\" class=\"alignright wp-image-28427\" src=\"https:\/\/jackpotlotteryonline.com\/wp-content\/uploads\/2022\/11\/1_mega_win-300x279.jpg\" alt=\"ganhar a lotaria do Reino Unido\" width=\"237\" height=\"220\" srcset=\"https:\/\/jackpotlotteryonline.com\/wp-content\/uploads\/2022\/11\/1_mega_win-300x279.jpg 300w, https:\/\/jackpotlotteryonline.com\/wp-content\/uploads\/2022\/11\/1_mega_win.jpg 320w\" sizes=\"auto, (max-width: 237px) 100vw, 237px\" \/>Se estiver a utilizar um site como o nosso, existe o que chamamos um servi\u00e7o de assinatura para permitir que os jogadores joguem sem problemas e sem stress. Embora seja perfeitamente correcto ser um jogador ocasional (se \u00e9 isso que prefere), a maioria dos jogadores joga frequentemente. A melhor maneira de jogar e ganhar na lotaria do Reino Unido \u00e9 jogar regularmente e \u00e9 disso que se trata este servi\u00e7o.<\/p>\n<p>Pode configur\u00e1-lo de modo a ser automaticamente inscrito para futuros sorteios. A lotaria do Reino Unido tem 2 sorteios semanais: Quartas-feiras e s\u00e1bados. Sejamos honestos, pode tornar-se um pouco cansativo tentar lembrar-se de jogar e de participar em cada sorteio, mas \u00e9 por isso que estamos aqui.<\/p>\n<p>Uma vez estabelecido o servi\u00e7o de assinatura, pode relaxar e saber que n\u00e3o ter\u00e1 de perder nenhum sorteio para a lotaria do Reino Unido.<\/p>\n<h2>Pr\u00e9mios<\/h2>\n<p>Mencion\u00e1mos que os pr\u00e9mios para esta lotaria dependem do fundo da lotaria. Portanto, s\u00f3 podemos partilhar os pr\u00e9mios de um determinado sorteio. Note-se que se houver m\u00faltiplos vencedores, o pr\u00e9mio ser\u00e1 dividido entre eles.<\/p>\n<p>Divis\u00e3o 1: Jogo 6 &#8211; \u00a32,000,000 (jackpot)<\/p>\n<p>Divis\u00e3o 2: Jogo 5 + B\u00f3nus &#8211; \u00a31,000,000<\/p>\n<p>Divis\u00e3o 3: Jogo 5 &#8211; \u00a31,750<\/p>\n<p>Divis\u00e3o 4: Jogo 4 &#8211; \u00a3140<\/p>\n<p>Divis\u00e3o 5: Jogo 3 &#8211; \u00a330<\/p>\n<p>Divis\u00e3o 6: Partida 2 &#8211; Partida de lotaria gratuita para o mergulho da sorte<\/p>\n<p>Compreenda que mesmo que ganhe estes pr\u00e9mios, o montante mostrado n\u00e3o \u00e9 o que ir\u00e1 receber como pagamento. Isto porque aproximadamente 45% dos fundos da lotaria v\u00e3o para o dinheiro do pr\u00e9mio. Portanto, pode ser menos ou mais, dependendo do que est\u00e1 no fundo.<\/p>\n<h2>Como reclamar o seu pr\u00e9mio<\/h2>\n<p>Se estiver registado connosco, reclamar a sua vit\u00f3ria \u00e9 f\u00e1cil e directo. Se a sua vit\u00f3ria for igual ou inferior a 2500 euros, pode aceder a ela aqui mesmo no nosso site. Isto porque a empresa lot\u00e9rica ir\u00e1 pag\u00e1-lo directamente ao nosso site e poder\u00e1 ent\u00e3o retir\u00e1-lo para a sua conta.<\/p>\n<p>Se for superior a 2500 euros, ter\u00e1 de reclamar o seu pr\u00e9mio directamente \u00e0 empresa de lotaria. Ajud\u00e1-lo-emos com isso, fornecendo-lhe um formul\u00e1rio de reclama\u00e7\u00e3o para preencher, para que n\u00e3o tenha de se preocupar.<\/p>\n<p><strong>A empresa de lotaria tem alguns regulamentos quando se trata de reivindicar os seus ganhos.<\/strong><\/p>\n<ul>\n<li>Deve ter mais de 18 anos para poder jogar na lotaria<\/li>\n<li>As vit\u00f3rias t\u00eam de ser reclamadas no prazo de 180 dias ap\u00f3s o sorteio. A \u00fanica excep\u00e7\u00e3o \u00e9 se o procedimento tiver sido iniciado no prazo de 7 dias.<\/li>\n<li>Os jogos ganhos instant\u00e2neos devem ser reclamados no prazo de 180 dias quando comprou o jogo ganho instant\u00e2neo.<\/li>\n<li>Os jogos de raspadinha tamb\u00e9m devem ser reclamados no prazo de 180 dias a partir da data de compra da raspadinha<\/li>\n<\/ul>\n<h2>Sobre os nossos servi\u00e7os de concierge<\/h2>\n<p>Queremos tirar um momento para explicar o que fazemos e porque gerimos um servi\u00e7o de concierge. Existem v\u00e1rios sites de lotaria online que afirmam dar aos jogadores inscri\u00e7\u00f5es em lotarias de todo o mundo. Mas, o que eles realmente fazem \u00e9 deix\u00e1-lo apostar no resultado. N\u00f3s n\u00e3o fazemos isso. Damos aos jogadores a oportunidade de jogar nas lotarias internacionais de topo.<\/p>\n<p>Quando se joga na lotaria do Reino Unido no nosso site, \u00e9 isto que acontece. Assim que escolher os seus n\u00fameros e fizer o pagamento, o nosso agente nos EUA comprar\u00e1 um bilhete f\u00edsico utilizando os seus n\u00fameros. Isto ser\u00e1 para o sorteio que tiver escolhido, claro. Esse bilhete \u00e9 ent\u00e3o digitalizado e carregado na sua conta.<\/p>\n<p>Esta \u00e9 uma forma perfeitamente legal de jogar online na lotaria do Reino Unido a partir de qualquer parte do mundo. Al\u00e9m disso, assegura-lhe que ser\u00e1 verdadeiramente inscrito na lotaria da sua escolha. Para al\u00e9m disso, publicamos os resultados do sorteio aqui mesmo no nosso site e informamo-lo se ganhar. Somos um servi\u00e7o de concierge porque tratamos de todos os pequenos detalhes desagrad\u00e1veis para que possa desfrutar da sua experi\u00eancia na lotaria.<\/p>\n<h2>Registe-se connosco para jogar nas principais lotarias internacionais online<\/h2>\n<p>O Reino Unido tem muitas lotarias que se podem jogar online. Se quiser experimentar a lotaria, ent\u00e3o pode faz\u00ea-lo. Mas se precisar de uma escolha mais ampla, porque n\u00e3o experimentar a lotaria Set for Life, que \u00e9 uma anuidade? Ou pode jogar na lotaria do Eurojackpot e no Euromilh\u00f5es. Pode encontrar tudo isto online aqui mesmo no nosso site. Por isso, registe-se agora para ter a sua oportunidade de ganhar em grande.<\/p>\n","protected":false},"excerpt":{"rendered":"<p>A lotaria do Reino Unido \u00e9 um jogo de lotaria que \u00e9 jogado no Reino Unido. Este pa\u00eds \u00e9 o lar de muitos jogos de lotaria, incluindo o jogo Set for Life, que \u00e9 uma anuidade. Mas, n\u00e3o estamos aqui para falar sobre o Set for Life. Este \u00e9 um jogo que os jogadores jogam [&hellip;]<\/p>\n","protected":false},"author":1,"featured_media":0,"parent":35712,"menu_order":10,"comment_status":"closed","ping_status":"closed","template":"lotto-uk.php","meta":{"_et_pb_use_builder":"","_et_pb_old_content":"","_et_gb_content_width":"","exclude_from_search":false,"footnotes":""},"class_list":["post-41004","page","type-page","status-publish","hentry"],"yoast_head":"<!-- This site is optimized with the Yoast SEO plugin v23.3 - https:\/\/yoast.com\/wordpress\/plugins\/seo\/ -->\n<title>Jogue na Lotaria do Reino Unido on-line, mesmo que n\u00e3o viva no Reino Unido<\/title>\n<meta name=\"description\" content=\"Quer jogar na lotaria do Reino Unido, mas est\u00e1 fora do Reino Unido? N\u00e3o h\u00e1 problema, pode utilizar o nosso servi\u00e7o online para jogar nesta lotaria a partir de qualquer lugar\" \/>\n<meta name=\"robots\" content=\"index, follow, max-snippet:-1, max-image-preview:large, max-video-preview:-1\" \/>\n<link rel=\"canonical\" href=\"https:\/\/jackpotlotteryonline.com\/pt-pt\/como-jogar\/uk-lottery\/\" \/>\n<meta property=\"og:locale\" content=\"pt_PT\" \/>\n<meta property=\"og:type\" content=\"article\" \/>\n<meta property=\"og:title\" content=\"Jogue na Lotaria do Reino Unido on-line, mesmo que n\u00e3o viva no Reino Unido\" \/>\n<meta property=\"og:description\" content=\"Quer jogar na lotaria do Reino Unido, mas est\u00e1 fora do Reino Unido? N\u00e3o h\u00e1 problema, pode utilizar o nosso servi\u00e7o online para jogar nesta lotaria a partir de qualquer lugar\" \/>\n<meta property=\"og:url\" content=\"https:\/\/jackpotlotteryonline.com\/pt-pt\/como-jogar\/uk-lottery\/\" \/>\n<meta property=\"og:site_name\" content=\"Lotto Online - Crack The International Lottery Jackpots\" \/>\n<meta property=\"article:modified_time\" content=\"2023-01-03T09:23:06+00:00\" \/>\n<meta property=\"og:image\" content=\"https:\/\/jackpotlotteryonline.com\/wp-content\/uploads\/2022\/11\/lotteryticket.jpg\" \/>\n<meta name=\"twitter:card\" content=\"summary_large_image\" \/>\n<meta name=\"twitter:label1\" content=\"Tempo estimado de leitura\" \/>\n\t<meta name=\"twitter:data1\" content=\"7 minutos\" \/>\n<!-- \/ Yoast SEO plugin. -->","yoast_head_json":{"title":"Jogue na Lotaria do Reino Unido on-line, mesmo que n\u00e3o viva no Reino Unido","description":"Quer jogar na lotaria do Reino Unido, mas est\u00e1 fora do Reino Unido? N\u00e3o h\u00e1 problema, pode utilizar o nosso servi\u00e7o online para jogar nesta lotaria a partir de qualquer lugar","robots":{"index":"index","follow":"follow","max-snippet":"max-snippet:-1","max-image-preview":"max-image-preview:large","max-video-preview":"max-video-preview:-1"},"canonical":"https:\/\/jackpotlotteryonline.com\/pt-pt\/como-jogar\/uk-lottery\/","og_locale":"pt_PT","og_type":"article","og_title":"Jogue na Lotaria do Reino Unido on-line, mesmo que n\u00e3o viva no Reino Unido","og_description":"Quer jogar na lotaria do Reino Unido, mas est\u00e1 fora do Reino Unido? N\u00e3o h\u00e1 problema, pode utilizar o nosso servi\u00e7o online para jogar nesta lotaria a partir de qualquer lugar","og_url":"https:\/\/jackpotlotteryonline.com\/pt-pt\/como-jogar\/uk-lottery\/","og_site_name":"Lotto Online - Crack The International Lottery Jackpots","article_modified_time":"2023-01-03T09:23:06+00:00","og_image":[{"url":"https:\/\/jackpotlotteryonline.com\/wp-content\/uploads\/2022\/11\/lotteryticket.jpg"}],"twitter_card":"summary_large_image","twitter_misc":{"Tempo estimado de leitura":"7 minutos"},"schema":{"@context":"https:\/\/schema.org","@graph":[{"@type":"WebPage","@id":"https:\/\/jackpotlotteryonline.com\/pt-pt\/como-jogar\/uk-lottery\/","url":"https:\/\/jackpotlotteryonline.com\/pt-pt\/como-jogar\/uk-lottery\/","name":"Jogue na Lotaria do Reino Unido on-line, mesmo que n\u00e3o viva no Reino Unido","isPartOf":{"@id":"https:\/\/jackpotlotteryonline.com\/#website"},"primaryImageOfPage":{"@id":"https:\/\/jackpotlotteryonline.com\/pt-pt\/como-jogar\/uk-lottery\/#primaryimage"},"image":{"@id":"https:\/\/jackpotlotteryonline.com\/pt-pt\/como-jogar\/uk-lottery\/#primaryimage"},"thumbnailUrl":"https:\/\/jackpotlotteryonline.com\/wp-content\/uploads\/2022\/11\/lotteryticket.jpg","datePublished":"2022-12-07T12:38:53+00:00","dateModified":"2023-01-03T09:23:06+00:00","description":"Quer jogar na lotaria do Reino Unido, mas est\u00e1 fora do Reino Unido? N\u00e3o h\u00e1 problema, pode utilizar o nosso servi\u00e7o online para jogar nesta lotaria a partir de qualquer lugar","breadcrumb":{"@id":"https:\/\/jackpotlotteryonline.com\/pt-pt\/como-jogar\/uk-lottery\/#breadcrumb"},"inLanguage":"pt-PT","potentialAction":[{"@type":"ReadAction","target":["https:\/\/jackpotlotteryonline.com\/pt-pt\/como-jogar\/uk-lottery\/"]}]},{"@type":"ImageObject","inLanguage":"pt-PT","@id":"https:\/\/jackpotlotteryonline.com\/pt-pt\/como-jogar\/uk-lottery\/#primaryimage","url":"https:\/\/jackpotlotteryonline.com\/wp-content\/uploads\/2022\/11\/lotteryticket.jpg","contentUrl":"https:\/\/jackpotlotteryonline.com\/wp-content\/uploads\/2022\/11\/lotteryticket.jpg"},{"@type":"BreadcrumbList","@id":"https:\/\/jackpotlotteryonline.com\/pt-pt\/como-jogar\/uk-lottery\/#breadcrumb","itemListElement":[{"@type":"ListItem","position":1,"name":"Home","item":"https:\/\/jackpotlotteryonline.com\/pt-pt\/"},{"@type":"ListItem","position":2,"name":"Como jogar","item":"https:\/\/jackpotlotteryonline.com\/play-online\/"},{"@type":"ListItem","position":3,"name":"Jogue na Lotaria do Reino Unido a partir de qualquer lugar"}]},{"@type":"WebSite","@id":"https:\/\/jackpotlotteryonline.com\/#website","url":"https:\/\/jackpotlotteryonline.com\/","name":"Lotto Online - Crack The International Lottery Jackpots","description":"","potentialAction":[{"@type":"SearchAction","target":{"@type":"EntryPoint","urlTemplate":"https:\/\/jackpotlotteryonline.com\/?s={search_term_string}"},"query-input":"required name=search_term_string"}],"inLanguage":"pt-PT"}]}},"_links":{"self":[{"href":"https:\/\/jackpotlotteryonline.com\/pt-pt\/wp-json\/wp\/v2\/pages\/41004","targetHints":{"allow":["GET"]}}],"collection":[{"href":"https:\/\/jackpotlotteryonline.com\/pt-pt\/wp-json\/wp\/v2\/pages"}],"about":[{"href":"https:\/\/jackpotlotteryonline.com\/pt-pt\/wp-json\/wp\/v2\/types\/page"}],"author":[{"embeddable":true,"href":"https:\/\/jackpotlotteryonline.com\/pt-pt\/wp-json\/wp\/v2\/users\/1"}],"replies":[{"embeddable":true,"href":"https:\/\/jackpotlotteryonline.com\/pt-pt\/wp-json\/wp\/v2\/comments?post=41004"}],"version-history":[{"count":0,"href":"https:\/\/jackpotlotteryonline.com\/pt-pt\/wp-json\/wp\/v2\/pages\/41004\/revisions"}],"up":[{"embeddable":true,"href":"https:\/\/jackpotlotteryonline.com\/pt-pt\/wp-json\/wp\/v2\/pages\/35712"}],"wp:attachment":[{"href":"https:\/\/jackpotlotteryonline.com\/pt-pt\/wp-json\/wp\/v2\/media?parent=41004"}],"curies":[{"name":"wp","href":"https:\/\/api.w.org\/{rel}","templated":true}]}}