{"id":41057,"date":"2022-12-08T07:23:53","date_gmt":"2022-12-08T07:23:53","guid":{"rendered":"https:\/\/jackpotlotteryonline.com\/?page_id=41057"},"modified":"2022-12-31T14:10:57","modified_gmt":"2022-12-31T14:10:57","slug":"thunderball","status":"publish","type":"page","link":"https:\/\/jackpotlotteryonline.com\/pt-pt\/como-jogar\/thunderball\/","title":{"rendered":"Thunderball online &#8211; jogar esta lotaria do Reino Unido a partir de qualquer lugar"},"content":{"rendered":"<p>O Thunderball do Reino Unido j\u00e1 existe h\u00e1 bastante tempo. N\u00e3o t\u00e3o antiga como algumas outras lotarias europeias (como La Primitiva), pois realizou o seu primeiro sorteio em 1999. Contudo, nessa \u00e9poca, o Thunderball mudou e continua a mudar muitas vidas. O jackpot de quinhentas mil libras n\u00e3o parece ser muito, mas \u00e9 uma quantia que muda vidas. E, os apostadores no Reino Unido concordam que v\u00e1rios jogadores compram bilhetes para os sorteios Thunderball.<\/p>\n<p>Se \u00e9 um jogador fora do Reino Unido, ent\u00e3o tamb\u00e9m pode jogar Thunderball entrando online. Pode <a href=\"https:\/\/jackpotlotteryonline.com\/pt-pt\/comprar-tickets\/thunderball\">comprar bilhetes<\/a>, verificar os <a href=\"https:\/\/jackpotlotteryonline.com\/pt-pt\/numeros-vencedores\/thunderball\">resultados dos sorteios<\/a> e retirar os seus ganhos do conforto do seu computador ou dispositivo m\u00f3vel. Continue a ler para saber como jogar Thunderball online.<\/p>\n<h2>Os vencedores do Thunderball<\/h2>\n<p><img loading=\"lazy\" decoding=\"async\" class=\"alignright size-full wp-image-31370\" src=\"http:\/\/jackpotlotteryonline.com\/wp-content\/uploads\/2022\/11\/lotteryticket.jpg\" alt=\"jogar Thunderball online.\" width=\"212\" height=\"142\" \/>Se h\u00e1 uma lotaria que se revelou vencedora nas \u00faltimas d\u00e9cadas, \u00e9 a Thunderball. Esta lotaria brit\u00e2nica ganhou a reputa\u00e7\u00e3o de mudar vidas porque produziu muitos vencedores. H\u00e1 a hist\u00f3ria da fam\u00edlia Knowles que tinha jogado durante anos e continuou mesmo depois de a sua m\u00e3e ter falecido. A vit\u00f3ria foi muito especial para eles.<\/p>\n<p>Karen e David Ainger s\u00e3o um casal que ganhou o jackpot Thunderball, que mudou a vida. A vit\u00f3ria foi bastante bem-vinda, uma vez que eles disseram que iria para a sua reforma. Outro casal que ganhou a Thunderball foi Alf e Rita Boorman. A vit\u00f3ria deles foi bastante interessante porque, 30 anos antes disso, o pai de Alf tamb\u00e9m tinha ganho. Fala-se de uma vit\u00f3ria geracional.<\/p>\n<h2>Como jogar o Thunderball online<\/h2>\n<p>Jogar Thunderball \u00e9 divertido e se for um apostador experiente, ent\u00e3o \u00e9 prov\u00e1vel que j\u00e1 saiba o que fazer. Os jogadores t\u00eam de escolher 5 n\u00fameros de um intervalo de 1 a 39 e um n\u00famero especial de 1 a 14. O n\u00famero especial \u00e9 chamado de &#8220;Thunderball&#8221;.<\/p>\n<p>Se estiver a jogar Thunderball online, pode usar o gerador de n\u00fameros para escolher n\u00fameros aleat\u00f3rios. Isto \u00e9 como o &#8220;molho da sorte&#8221; para aqueles que est\u00e3o habituados a bilhetes f\u00edsicos. Pode escolher v\u00e1rias linhas e v\u00e1rios bilhetes para aumentar as suas hip\u00f3teses de ganhar o Thunderball. O passo seguinte \u00e9 entrar no sorteio e esta \u00e9 a melhor parte.<\/p>\n<p>O Thunderball tem quatro sorteios todas as semanas. Isto significa que tem quatro vezes mais probabilidades de ganhar o jackpot com o Thunderball. Pode participar num \u00fanico sorteio, mas \u00e9 provavelmente melhor participar em v\u00e1rios sorteios para que tenha uma probabilidade muito maior de ganhar. Quando jogar connosco, pedimos-lhe que se registe. Isto para que possamos alert\u00e1-lo quando ganhar um pr\u00e9mio.<\/p>\n<section class=\"layout\" style=\"border: solid 1px; width: 100%;\">\n<div class=\"img-div\" style=\"margin-top: 5px;\"><img decoding=\"async\" class=\"wp-image-17212 alignleft\" style=\"height: 45px; margin: 8px 8px 0px;\" src=\"http:\/\/jackpotlotteryonline.com\/wp-content\/uploads\/2022\/11\/read1.jpg\" alt=\"Leia \" width=\"\" height=\"\" \/><\/div>\n<div style=\"padding-left: 5px;\">\n<div style=\"font-size: 1.1em;\">\n<p><strong>\u00c9 legal jogar lotarias de outros pa\u00edses online?<\/strong><\/p>\n<p style=\"font-size: 0.85em; margin-top: -1.5em;\">\u00c9 legal obter um bilhete de lotaria online, e serei realmente pago? <a href=\"https:\/\/jackpotlotteryonline.com\/pt-pt\/e-legal-jogar-lotarias-de-outros-paises-online\">leia mais<\/a><\/p>\n<\/div>\n<\/div>\n<\/section>\n<h2>O que fazer quando ganhar<\/h2>\n<p>Se ganhar um pr\u00e9mio, ent\u00e3o enviar-lhe-emos um e-mail para o informar. Haver\u00e1 tamb\u00e9m um alerta na nossa plataforma para que possa receber a notifica\u00e7\u00e3o da pr\u00f3xima vez que entrar no sistema. Mas, tamb\u00e9m vai al\u00e9m disso.<\/p>\n<p>Se o seu pr\u00e9mio for inferior a 2500 euros, ent\u00e3o poder\u00e1 facilmente retir\u00e1-lo directamente da nossa plataforma. N\u00e3o h\u00e1 necessidade de qualquer protocolo ou procedimento desnecess\u00e1rio; basta levantar o seu dinheiro. Para quantias superiores a 2500 euros, poder\u00e1 ter de preencher um formul\u00e1rio de reclama\u00e7\u00e3o para o reclamar \u00e0 empresa lot\u00e9rica. Mas n\u00e3o se preocupe, estamos aqui para ajudar tamb\u00e9m com isso.<\/p>\n<h2>Pr\u00e9mios que pode ganhar<\/h2>\n<p>Dito isto, o que se pode ganhar exactamente quando se joga na lotaria Thunderball? Este Thunderball do Reino Unido tem v\u00e1rias categorias de pr\u00e9mios e h\u00e1 at\u00e9 um pr\u00e9mio apenas por igualar o Thunderball. Portanto, as hip\u00f3teses de ganhar algo s\u00e3o bastante elevadas. Aqui est\u00e1 a reparti\u00e7\u00e3o das categorias de pr\u00e9mios para o Thunderball do Reino Unido, bem como as probabilidades de ganhar.<\/p>\n<p>Categoria 1: Jogo 5 + Thunderball &#8211; 1 em 8,060,598 &#8211; \u00a3500,000<\/p>\n<p>Categoria 2: Combine apenas 5 &#8211; 1 em 620.046 &#8211; \u00a35000<\/p>\n<p>Categoria 3: Jogo 4 + Thunderball &#8211; 1 em 47,416 &#8211; \u00a3250<\/p>\n<p>Categoria 4: Combinar apenas 4 &#8211; 1 em 3,648 &#8211; \u00a3100<\/p>\n<p>Categoria 5: Jogo 3 + Thunderball &#8211; 1 em 1,437 &#8211; \u00a320<\/p>\n<p>Categoria 6: Jogo apenas 3 &#8211; 1 em 111 &#8211; \u00a310<\/p>\n<p>Categoria 7: Jogo 2 + Thunderball &#8211; 1 em 135 &#8211; \u00a310<\/p>\n<p>Categoria 8: Jogo 1 + Thunderball &#8211; 1 em 35 &#8211; \u00a35<\/p>\n<p>Categoria 9: Jogo Thunderball &#8211; 1 em 29 &#8211; \u00a33<\/p>\n<p>Com Thunderball, h\u00e1 algo para todos e n\u00e3o importa se vive no Reino Unido ou n\u00e3o. Agora pode jogar nesta lotaria do Reino Unido para ter uma oportunidade de ganhar e quando jogar connosco, pode facilmente retirar os seus ganhos.<\/p>\n<h2>Vantagens de um site de concierge<\/h2>\n<p><img loading=\"lazy\" decoding=\"async\" class=\"alignright size-full wp-image-28940\" src=\"http:\/\/jackpotlotteryonline.com\/wp-content\/uploads\/2022\/11\/1_pick_winning_numbers_lottery.jpg\" alt=\"comprar o seu bilhete de lotaria Thunderball\" width=\"300\" height=\"200\" \/>O espantoso de um site de concierge \u00e9 que nunca ter\u00e1 de se perguntar se realmente entrou na lotaria. Isto \u00e9 um problema real porque muitos s\u00edtios por a\u00ed n\u00e3o d\u00e3o realmente aos seus clientes acesso \u00e0 lotaria. O que eles fazem \u00e9 deixar os utilizadores apostar no resultado da lotaria, o que n\u00e3o \u00e9 de todo a mesma coisa.<\/p>\n<p>Com o Jackpotlotteryonline.com, damos aos nossos utilizadores acesso \u00e0s lotarias internacionais de topo em todo o mundo. Isto porque gerimos um site de concierge onde temos agentes em diferentes partes do mundo. Quando nos compra bilhetes de lotaria, o nosso agente nesse pa\u00eds compra um bilhete f\u00edsico com os n\u00fameros correspondentes. O bilhete \u00e9 ent\u00e3o digitalizado e enviado para si.<\/p>\n<p>Quando nos compra o seu bilhete de lotaria Thunderball, tem a certeza de que se igualar os n\u00fameros sorteados, ganhar\u00e1 a lotaria. \u00c9 t\u00e3o simples quanto isso, mas \u00e9 a \u00fanica coisa que d\u00e1 aos nossos clientes a paz de esp\u00edrito para jogar na lotaria online.<\/p>\n<h2>Jogue o Thunderball do Reino Unido online<\/h2>\n<p>Se tem comich\u00e3o para jogar na lotaria Thunderball e vive fora do Reino Unido, est\u00e1 com sorte. Quando visita o Jackpotlotteryonline.com, tem acesso \u00e0s principais lotarias internacionais, incluindo a Thunderball. Somos um site de concierge, por isso, quando joga connosco, est\u00e1 a ter o verdadeiro neg\u00f3cio.<\/p>\n<p>Est\u00e1 na hora de tentar ganhar um pr\u00e9mio que muda a sua vida com o Thunderball. Jogue Thunderball online hoje para ter a oportunidade de ganhar a lotaria.<\/p>\n","protected":false},"excerpt":{"rendered":"<p>O Thunderball do Reino Unido j\u00e1 existe h\u00e1 bastante tempo. N\u00e3o t\u00e3o antiga como algumas outras lotarias europeias (como La Primitiva), pois realizou o seu primeiro sorteio em 1999. Contudo, nessa \u00e9poca, o Thunderball mudou e continua a mudar muitas vidas. O jackpot de quinhentas mil libras n\u00e3o parece ser muito, mas \u00e9 uma quantia [&hellip;]<\/p>\n","protected":false},"author":1,"featured_media":0,"parent":35712,"menu_order":12,"comment_status":"closed","ping_status":"closed","template":"thunderball.php","meta":{"_et_pb_use_builder":"","_et_pb_old_content":"","_et_gb_content_width":"","exclude_from_search":false,"footnotes":""},"class_list":["post-41057","page","type-page","status-publish","hentry"],"yoast_head":"<!-- This site is optimized with the Yoast SEO plugin v23.3 - https:\/\/yoast.com\/wordpress\/plugins\/seo\/ -->\n<title>Jogue a lotaria Thunderball do Reino Unido online, mesmo de fora do Reino Unido<\/title>\n<meta name=\"description\" content=\"Os f\u00e3s da lotaria de fora do Reino Unido podem agora jogar Thunderball online - adquira os seus bilhetes online atrav\u00e9s do nosso servi\u00e7o de mensageiro.\" \/>\n<meta name=\"robots\" content=\"index, follow, max-snippet:-1, max-image-preview:large, max-video-preview:-1\" \/>\n<link rel=\"canonical\" href=\"https:\/\/jackpotlotteryonline.com\/pt-pt\/como-jogar\/thunderball\/\" \/>\n<meta property=\"og:locale\" content=\"pt_PT\" \/>\n<meta property=\"og:type\" content=\"article\" \/>\n<meta property=\"og:title\" content=\"Jogue a lotaria Thunderball do Reino Unido online, mesmo de fora do Reino Unido\" \/>\n<meta property=\"og:description\" content=\"Os f\u00e3s da lotaria de fora do Reino Unido podem agora jogar Thunderball online - adquira os seus bilhetes online atrav\u00e9s do nosso servi\u00e7o de mensageiro.\" \/>\n<meta property=\"og:url\" content=\"https:\/\/jackpotlotteryonline.com\/pt-pt\/como-jogar\/thunderball\/\" \/>\n<meta property=\"og:site_name\" content=\"Lotto Online - Crack The International Lottery Jackpots\" \/>\n<meta property=\"article:modified_time\" content=\"2022-12-31T14:10:57+00:00\" \/>\n<meta property=\"og:image\" content=\"http:\/\/jackpotlotteryonline.com\/wp-content\/uploads\/2022\/11\/lotteryticket.jpg\" \/>\n<meta name=\"twitter:card\" content=\"summary_large_image\" \/>\n<meta name=\"twitter:label1\" content=\"Tempo estimado de leitura\" \/>\n\t<meta name=\"twitter:data1\" content=\"5 minutos\" \/>\n<!-- \/ Yoast SEO plugin. -->","yoast_head_json":{"title":"Jogue a lotaria Thunderball do Reino Unido online, mesmo de fora do Reino Unido","description":"Os f\u00e3s da lotaria de fora do Reino Unido podem agora jogar Thunderball online - adquira os seus bilhetes online atrav\u00e9s do nosso servi\u00e7o de mensageiro.","robots":{"index":"index","follow":"follow","max-snippet":"max-snippet:-1","max-image-preview":"max-image-preview:large","max-video-preview":"max-video-preview:-1"},"canonical":"https:\/\/jackpotlotteryonline.com\/pt-pt\/como-jogar\/thunderball\/","og_locale":"pt_PT","og_type":"article","og_title":"Jogue a lotaria Thunderball do Reino Unido online, mesmo de fora do Reino Unido","og_description":"Os f\u00e3s da lotaria de fora do Reino Unido podem agora jogar Thunderball online - adquira os seus bilhetes online atrav\u00e9s do nosso servi\u00e7o de mensageiro.","og_url":"https:\/\/jackpotlotteryonline.com\/pt-pt\/como-jogar\/thunderball\/","og_site_name":"Lotto Online - Crack The International Lottery Jackpots","article_modified_time":"2022-12-31T14:10:57+00:00","og_image":[{"url":"http:\/\/jackpotlotteryonline.com\/wp-content\/uploads\/2022\/11\/lotteryticket.jpg"}],"twitter_card":"summary_large_image","twitter_misc":{"Tempo estimado de leitura":"5 minutos"},"schema":{"@context":"https:\/\/schema.org","@graph":[{"@type":"WebPage","@id":"https:\/\/jackpotlotteryonline.com\/pt-pt\/como-jogar\/thunderball\/","url":"https:\/\/jackpotlotteryonline.com\/pt-pt\/como-jogar\/thunderball\/","name":"Jogue a lotaria Thunderball do Reino Unido online, mesmo de fora do Reino Unido","isPartOf":{"@id":"https:\/\/jackpotlotteryonline.com\/#website"},"primaryImageOfPage":{"@id":"https:\/\/jackpotlotteryonline.com\/pt-pt\/como-jogar\/thunderball\/#primaryimage"},"image":{"@id":"https:\/\/jackpotlotteryonline.com\/pt-pt\/como-jogar\/thunderball\/#primaryimage"},"thumbnailUrl":"http:\/\/jackpotlotteryonline.com\/wp-content\/uploads\/2022\/11\/lotteryticket.jpg","datePublished":"2022-12-08T07:23:53+00:00","dateModified":"2022-12-31T14:10:57+00:00","description":"Os f\u00e3s da lotaria de fora do Reino Unido podem agora jogar Thunderball online - adquira os seus bilhetes online atrav\u00e9s do nosso servi\u00e7o de mensageiro.","breadcrumb":{"@id":"https:\/\/jackpotlotteryonline.com\/pt-pt\/como-jogar\/thunderball\/#breadcrumb"},"inLanguage":"pt-PT","potentialAction":[{"@type":"ReadAction","target":["https:\/\/jackpotlotteryonline.com\/pt-pt\/como-jogar\/thunderball\/"]}]},{"@type":"ImageObject","inLanguage":"pt-PT","@id":"https:\/\/jackpotlotteryonline.com\/pt-pt\/como-jogar\/thunderball\/#primaryimage","url":"http:\/\/jackpotlotteryonline.com\/wp-content\/uploads\/2022\/11\/lotteryticket.jpg","contentUrl":"http:\/\/jackpotlotteryonline.com\/wp-content\/uploads\/2022\/11\/lotteryticket.jpg"},{"@type":"BreadcrumbList","@id":"https:\/\/jackpotlotteryonline.com\/pt-pt\/como-jogar\/thunderball\/#breadcrumb","itemListElement":[{"@type":"ListItem","position":1,"name":"Home","item":"https:\/\/jackpotlotteryonline.com\/pt-pt\/"},{"@type":"ListItem","position":2,"name":"Como jogar","item":"https:\/\/jackpotlotteryonline.com\/play-online\/"},{"@type":"ListItem","position":3,"name":"Thunderball online &#8211; jogar esta lotaria do Reino Unido a partir de qualquer lugar"}]},{"@type":"WebSite","@id":"https:\/\/jackpotlotteryonline.com\/#website","url":"https:\/\/jackpotlotteryonline.com\/","name":"Lotto Online - Crack The International Lottery Jackpots","description":"","potentialAction":[{"@type":"SearchAction","target":{"@type":"EntryPoint","urlTemplate":"https:\/\/jackpotlotteryonline.com\/?s={search_term_string}"},"query-input":"required name=search_term_string"}],"inLanguage":"pt-PT"}]}},"_links":{"self":[{"href":"https:\/\/jackpotlotteryonline.com\/pt-pt\/wp-json\/wp\/v2\/pages\/41057","targetHints":{"allow":["GET"]}}],"collection":[{"href":"https:\/\/jackpotlotteryonline.com\/pt-pt\/wp-json\/wp\/v2\/pages"}],"about":[{"href":"https:\/\/jackpotlotteryonline.com\/pt-pt\/wp-json\/wp\/v2\/types\/page"}],"author":[{"embeddable":true,"href":"https:\/\/jackpotlotteryonline.com\/pt-pt\/wp-json\/wp\/v2\/users\/1"}],"replies":[{"embeddable":true,"href":"https:\/\/jackpotlotteryonline.com\/pt-pt\/wp-json\/wp\/v2\/comments?post=41057"}],"version-history":[{"count":0,"href":"https:\/\/jackpotlotteryonline.com\/pt-pt\/wp-json\/wp\/v2\/pages\/41057\/revisions"}],"up":[{"embeddable":true,"href":"https:\/\/jackpotlotteryonline.com\/pt-pt\/wp-json\/wp\/v2\/pages\/35712"}],"wp:attachment":[{"href":"https:\/\/jackpotlotteryonline.com\/pt-pt\/wp-json\/wp\/v2\/media?parent=41057"}],"curies":[{"name":"wp","href":"https:\/\/api.w.org\/{rel}","templated":true}]}}