{"id":41109,"date":"2022-12-08T09:20:58","date_gmt":"2022-12-08T09:20:58","guid":{"rendered":"https:\/\/jackpotlotteryonline.com\/?page_id=41109"},"modified":"2022-12-29T09:18:06","modified_gmt":"2022-12-29T09:18:06","slug":"uk-lottery","status":"publish","type":"page","link":"https:\/\/jackpotlotteryonline.com\/pt-pt\/numeros-vencedores\/uk-lottery\/","title":{"rendered":"Resultados do sorteio da lotaria do Reino Unido"},"content":{"rendered":"<p>A lotaria do Reino Unido \u00e9 um jogo interessante na medida em que pode tornar os jogadores milion\u00e1rios. Embora seja popular entre os apostadores no Reino Unido, n\u00e3o \u00e9 muito conhecida dos apostadores internacionais. Portanto, se quiser experimentar uma lotaria internacional, porque n\u00e3o experimentar esta? Embora os pr\u00e9mios n\u00e3o sejam garantidos, \u00e9 f\u00e1cil escolher um n\u00famero vencedor.<\/p>\n<p>No entanto, h\u00e1 uma coisa de que deve estar ciente. Se ganhar esta lotaria, n\u00e3o podemos realmente dizer com quanto ir\u00e1 para casa. Isto \u00e9 porque o pr\u00e9mio do jackpot \u00e9 52% do fundo da lotaria. Se n\u00e3o houver muitos bilhetes que tenham sido vendidos, ent\u00e3o n\u00e3o ir\u00e1 para casa com muito. N\u00e3o, n\u00e3o tem nada a ver connosco e \u00e9 uma regra da empresa de lotaria.<\/p>\n<p>Pode consultar o nosso site no jackpotlottery.com para participar nesta lotaria ou escolher de entre uma variedade de outras lotarias. H\u00e1 lotarias internacionais de topo que pode jogar no nosso site e elas permitem-lhe manter os seus ganhos. Ou, em vez disso, pode experimentar esta. Depende totalmente de si.<\/p>\n<section class=\"layout\" style=\"border: solid 1px; width: 100%;\">\n<div class=\"img-div\" style=\"margin-top: 5px;\"><img decoding=\"async\" class=\"wp-image-17212 alignleft\" style=\"height: 45px; margin: 8px 8px 0px;\" src=\"http:\/\/jackpotlotteryonline.com\/wp-content\/uploads\/2022\/11\/read1.jpg\" alt=\"ler\" width=\"\" height=\"\" \/><\/div>\n<div style=\"padding-left: 5px;\">\n<div style=\"font-size: 1.1em;\">\n<p><strong>Qual \u00e9 a melhor lotaria internacional?<\/strong><\/p>\n<p style=\"font-size: 0.85em; margin-top: -1.5em;\">Qual das lotarias internacionais tem as melhores probabilidades de ganhar &#8230;<a href=\"https:\/\/jackpotlotteryonline.com\/pt-pt\/qual-e-a-melhor-lotaria-internacional\">\u00a0leia mais<\/a><\/p>\n<\/div>\n<\/div>\n<\/section>\n<h2>Como jogar na lotaria do Reino Unido<\/h2>\n<p><img loading=\"lazy\" decoding=\"async\" class=\"alignright size-full wp-image-27482\" src=\"http:\/\/jackpotlotteryonline.com\/wp-content\/uploads\/2022\/11\/1_lottery_jackpot3.jpg\" alt=\"jogar na lotaria do Reino Unido\" width=\"245\" height=\"123\" \/>Tal como outros jogos de loto, \u00e9 preciso escolher 6 n\u00fameros de um pool de 1 a 49. Durante os sorteios, um n\u00famero de b\u00f3nus \u00e9 tamb\u00e9m escolhido aleatoriamente e este \u00e9 utilizado para determinar o pr\u00e9mio. N\u00e3o estamos particularmente interessados em recomendar esta lotaria. Mesmo que os n\u00fameros sorteados sejam iguais, n\u00e3o podemos garantir o que levar\u00e1 para casa.<\/p>\n<p>Se visitar o nosso site, poder\u00e1 participar noutros jogos como o US Powerball e o Mega Millions. Com estas lotarias, o jackpot m\u00ednimo \u00e9 de 40 milh\u00f5es de d\u00f3lares. Existem tamb\u00e9m outras lotarias europeias que pode jogar, tais como Euromilh\u00f5es e Eurojackpot.<\/p>\n<p>A ess\u00eancia de jogar estes jogos \u00e9 ganhar em grande e esse \u00e9 o nosso sonho para os nossos clientes.<\/p>\n<h2>Os sorteios<\/h2>\n<p>A lotaria do Reino Unido realiza dois sorteios todas as semanas, na quarta-feira e no s\u00e1bado. Assim, quando se compra um bilhete de lotaria, pode-se optar por participar num \u00fanico sorteio ou em v\u00e1rios sorteios. A participa\u00e7\u00e3o em v\u00e1rios sorteios \u00e9 uma \u00f3ptima forma de aumentar as suas hip\u00f3teses de ganhar um pr\u00e9mio.<\/p>\n<h2>Ganhar a lotaria do Reino Unido<\/h2>\n<p>Para ganhar este jogo de loto, os jogadores teriam de igualar pelo menos tr\u00eas n\u00fameros principais com os resultados sorteados. O jackpot \u00e9 geralmente de cerca de \u00a33.000.000, embora possa ser mais ou menos. Para ganhar o jackpot, \u00e9 necess\u00e1rio igualar todos os seis n\u00fameros sorteados.<\/p>\n<p>Existem outras divis\u00f5es de pr\u00e9mios para este jogo de loto e iremos mencion\u00e1-los dentro de momentos.<\/p>\n<p>Lembre-se que a lotaria \u00e9 um jogo de azar e que n\u00e3o h\u00e1 maneira definitiva de ganhar. A melhor estrat\u00e9gia at\u00e9 agora \u00e9 comprar v\u00e1rios bilhetes e participar em v\u00e1rios sorteios. Esta \u00e9 uma forma de aumentar as suas hip\u00f3teses de ganhar um pr\u00e9mio. Aplica-se a qualquer jogo de loto que escolher jogar.<\/p>\n<h2>Divis\u00f5es de pr\u00e9mios<\/h2>\n<p>O que estamos a partilhar \u00e9 uma amostra da reparti\u00e7\u00e3o dos pr\u00e9mios para um determinado sorteio da lotaria do Reino Unido. Note-se que os outros pr\u00e9mios s\u00e3o uma percentagem do fundo do pr\u00e9mio. O que isso significa \u00e9 que se houver m\u00faltiplos vencedores, o pr\u00e9mio ser\u00e1 dividido entre eles.<\/p>\n<p>Divis\u00e3o 1: Jogo 6 &#8211; \u00a32,000,000 (jackpot)<\/p>\n<p>Divis\u00e3o 2: Jogo 5 + B\u00f3nus &#8211; \u00a31,000,000<\/p>\n<p>Divis\u00e3o 3: Jogo 5 &#8211; \u00a31,750<\/p>\n<p>Divis\u00e3o 4: Jogo 4 &#8211; \u00a3140<\/p>\n<p>Divis\u00e3o 5: Jogo 3 &#8211; \u00a330<\/p>\n<p>Divis\u00e3o 6: Partida 2 &#8211; Partida de lotaria gratuita para o mergulho da sorte<\/p>\n<p>Compreenda que mesmo que ganhe estes pr\u00e9mios, o montante mostrado n\u00e3o \u00e9 o que ir\u00e1 receber como pagamento. Isto porque aproximadamente 45% dos fundos do loto v\u00e3o para o dinheiro do pr\u00e9mio. Portanto, pode ser menos ou mais dependendo do que est\u00e1 no fundo.<\/p>\n<h2>Reclamar os seus ganhos<\/h2>\n<p>A empresa de lotaria tem alguns regulamentos quando se trata de reclamar os seus ganhos.<\/p>\n<ul>\n<li>Deve ter mais de 18 anos para entrar na lotaria.<\/li>\n<li>As vit\u00f3rias t\u00eam de ser reclamadas no prazo de 180 dias ap\u00f3s o sorteio. A \u00fanica excep\u00e7\u00e3o \u00e9 se o procedimento tiver sido iniciado no prazo de 7 dias.<\/li>\n<li>Os jogos ganhos instant\u00e2neos devem ser reclamados no prazo de 180 dias quando comprou o jogo ganho instant\u00e2neo.<\/li>\n<li>Os jogos de raspadinha tamb\u00e9m devem ser reclamados no prazo de 180 dias a partir da data de compra da raspadinha<\/li>\n<\/ul>\n<p>Se <a href=\"https:\/\/jackpotlotteryonline.com\/pt-pt\/como-jogar\/uk-lottery\">jogar na lotaria do nosso site<\/a>, facilitamos-lhe a reclama\u00e7\u00e3o dos seus ganhos. Para ganhos iguais ou inferiores a 2500 euros, pode aceder a eles aqui mesmo no nosso site. Isto porque a empresa lot\u00e9rica ir\u00e1 pag\u00e1-los directamente ao nosso site e poder\u00e1 ent\u00e3o retir\u00e1-los para a sua conta. Se for superior a 2.500 euros, ter\u00e1 de reclamar os seus ganhos directamente \u00e0 empresa de lotaria. Ajud\u00e1-lo-emos com isso, fornecendo-lhe um formul\u00e1rio de reclama\u00e7\u00e3o para preencher, para que n\u00e3o tenha de se preocupar.<\/p>\n<h2>Como verificar os seus n\u00fameros vencedores<\/h2>\n<p><img loading=\"lazy\" decoding=\"async\" class=\"alignright size-medium wp-image-27563\" src=\"http:\/\/jackpotlotteryonline.com\/wp-content\/uploads\/2022\/11\/1_lottery_numbers_draw_results-300x201.jpg\" alt=\"ganhar a lotaria do Reino Unido\" width=\"300\" height=\"201\" srcset=\"https:\/\/jackpotlotteryonline.com\/wp-content\/uploads\/2022\/11\/1_lottery_numbers_draw_results-300x201.jpg 300w, https:\/\/jackpotlotteryonline.com\/wp-content\/uploads\/2022\/11\/1_lottery_numbers_draw_results.jpg 320w\" sizes=\"auto, (max-width: 300px) 100vw, 300px\" \/>Para saber se ganhou ou n\u00e3o um pr\u00e9mio, \u00e9 preciso, antes de mais, verificar os n\u00fameros sorteados. H\u00e1 v\u00e1rias maneiras de o fazer se estiver a jogar online. Mas de longe a mais eficiente \u00e9 voltar aqui para verificar os resultados do sorteio. Publicamos os n\u00fameros sorteados ap\u00f3s cada sorteio.<\/p>\n<p>Al\u00e9m disso, se se registou connosco, ent\u00e3o enviar-lhe-emos um e-mail para o informar se ganhou um pr\u00e9mio. Esta \u00e9 na verdade uma das principais vantagens de jogar o loto connosco. Para al\u00e9m do facto de poder ter acesso a toneladas de lotarias internacionais. Quando joga connosco, n\u00e3o precisa de se preocupar em perder o seu pr\u00e9mio. Se tiver ganho um pr\u00e9mio, avis\u00e1-lo-emos. Al\u00e9m disso, se for inferior a 2500 euros, estar\u00e1 bem colocado na sua conta da pr\u00f3xima vez que entrar no sistema.<\/p>\n<h2>Vantagens de jogar na lotaria connosco<\/h2>\n<ul>\n<li>Ter\u00e1 acesso a lotarias internacionais de topo a partir de um local conveniente<\/li>\n<li>Somos um site de concierge. Isso significa que n\u00e3o se est\u00e1 a apostar no resultado da lotaria. Est\u00e1 de facto a comprar uma aposta na lotaria de onde quer que esteja<\/li>\n<li>Pode participar nos sorteios com v\u00e1rias semanas de anteced\u00eancia, utilizando o nosso servi\u00e7o de assinatura<\/li>\n<li>Pode descobrir os resultados do sorteio aqui mesmo no nosso site<\/li>\n<li>Alert\u00e1-lo-emos se ganhar algum pr\u00e9mio<\/li>\n<li>Retire facilmente os seus ganhos do nosso site para o seu banco<\/li>\n<\/ul>\n<p>H\u00e1 tantos benef\u00edcios quando se joga na lotaria a partir do nosso site. Concentramo-nos em fornecer o servi\u00e7o mais conveniente e sem falhas aos nossos clientes para que possam desfrutar dos jogos de loto.<\/p>\n<h2>Verifique aqui os seus n\u00fameros vencedores da lotaria<\/h2>\n<p>Mencion\u00e1mos que damos acesso a v\u00e1rias lotarias internacionais. N\u00e3o s\u00f3 pode<a href=\"https:\/\/jackpotlotteryonline.com\/pt-pt\/comprar-tickets\/uk-lottery\"> comprar os seus bilhetes em qualquer lugar,<\/a> como tamb\u00e9m pode verificar os n\u00fameros sorteados. N\u00e3o importa o jogo de lotaria que escolher jogar, publicaremos os resultados aqui mesmo no nosso site.<\/p>\n<p>Melhor de tudo, se ganhar algum pr\u00e9mio, n\u00e3o tem de se preocupar com o que vai acontecer com os seus ganhos. N\u00e3o aceitamos qualquer percentagem dos seus ganhos; o que quer que ganhe \u00e9 todo seu. E, pode facilmente retir\u00e1-lo da nossa plataforma.<\/p>\n<p>Na verdade, jogar nas lotarias nunca foi t\u00e3o simples e sem complica\u00e7\u00f5es. Porque n\u00e3o se regista hoje connosco para experimentar o prazer de jogos de loto convenientes e sem stress?<\/p>\n","protected":false},"excerpt":{"rendered":"<p>A lotaria do Reino Unido \u00e9 um jogo interessante na medida em que pode tornar os jogadores milion\u00e1rios. Embora seja popular entre os apostadores no Reino Unido, n\u00e3o \u00e9 muito conhecida dos apostadores internacionais. Portanto, se quiser experimentar uma lotaria internacional, porque n\u00e3o experimentar esta? Embora os pr\u00e9mios n\u00e3o sejam garantidos, \u00e9 f\u00e1cil escolher um [&hellip;]<\/p>\n","protected":false},"author":1,"featured_media":0,"parent":35846,"menu_order":10,"comment_status":"closed","ping_status":"closed","template":"lotto-uk-results.php","meta":{"_et_pb_use_builder":"","_et_pb_old_content":"","_et_gb_content_width":"","exclude_from_search":false,"footnotes":""},"class_list":["post-41109","page","type-page","status-publish","hentry"],"yoast_head":"<!-- This site is optimized with the Yoast SEO plugin v23.3 - https:\/\/yoast.com\/wordpress\/plugins\/seo\/ -->\n<title>N\u00fameros vencedores da lotaria do Reino Unido e resultados do sorteio<\/title>\n<meta name=\"description\" content=\"Logo ap\u00f3s o sorteio, encontrar\u00e1 aqui todos os resultados e n\u00fameros vencedores da lotaria do Reino Unido\" \/>\n<meta name=\"robots\" content=\"index, follow, max-snippet:-1, max-image-preview:large, max-video-preview:-1\" \/>\n<link rel=\"canonical\" href=\"https:\/\/jackpotlotteryonline.com\/pt-pt\/numeros-vencedores\/uk-lottery\/\" \/>\n<meta property=\"og:locale\" content=\"pt_PT\" \/>\n<meta property=\"og:type\" content=\"article\" \/>\n<meta property=\"og:title\" content=\"N\u00fameros vencedores da lotaria do Reino Unido e resultados do sorteio\" \/>\n<meta property=\"og:description\" content=\"Logo ap\u00f3s o sorteio, encontrar\u00e1 aqui todos os resultados e n\u00fameros vencedores da lotaria do Reino Unido\" \/>\n<meta property=\"og:url\" content=\"https:\/\/jackpotlotteryonline.com\/pt-pt\/numeros-vencedores\/uk-lottery\/\" \/>\n<meta property=\"og:site_name\" content=\"Lotto Online - Crack The International Lottery Jackpots\" \/>\n<meta property=\"article:modified_time\" content=\"2022-12-29T09:18:06+00:00\" \/>\n<meta property=\"og:image\" content=\"http:\/\/jackpotlotteryonline.com\/wp-content\/uploads\/2022\/11\/read1.jpg\" \/>\n<meta name=\"twitter:card\" content=\"summary_large_image\" \/>\n<meta name=\"twitter:label1\" content=\"Tempo estimado de leitura\" \/>\n\t<meta name=\"twitter:data1\" content=\"6 minutos\" \/>\n<!-- \/ Yoast SEO plugin. -->","yoast_head_json":{"title":"N\u00fameros vencedores da lotaria do Reino Unido e resultados do sorteio","description":"Logo ap\u00f3s o sorteio, encontrar\u00e1 aqui todos os resultados e n\u00fameros vencedores da lotaria do Reino Unido","robots":{"index":"index","follow":"follow","max-snippet":"max-snippet:-1","max-image-preview":"max-image-preview:large","max-video-preview":"max-video-preview:-1"},"canonical":"https:\/\/jackpotlotteryonline.com\/pt-pt\/numeros-vencedores\/uk-lottery\/","og_locale":"pt_PT","og_type":"article","og_title":"N\u00fameros vencedores da lotaria do Reino Unido e resultados do sorteio","og_description":"Logo ap\u00f3s o sorteio, encontrar\u00e1 aqui todos os resultados e n\u00fameros vencedores da lotaria do Reino Unido","og_url":"https:\/\/jackpotlotteryonline.com\/pt-pt\/numeros-vencedores\/uk-lottery\/","og_site_name":"Lotto Online - Crack The International Lottery Jackpots","article_modified_time":"2022-12-29T09:18:06+00:00","og_image":[{"url":"http:\/\/jackpotlotteryonline.com\/wp-content\/uploads\/2022\/11\/read1.jpg"}],"twitter_card":"summary_large_image","twitter_misc":{"Tempo estimado de leitura":"6 minutos"},"schema":{"@context":"https:\/\/schema.org","@graph":[{"@type":"WebPage","@id":"https:\/\/jackpotlotteryonline.com\/pt-pt\/numeros-vencedores\/uk-lottery\/","url":"https:\/\/jackpotlotteryonline.com\/pt-pt\/numeros-vencedores\/uk-lottery\/","name":"N\u00fameros vencedores da lotaria do Reino Unido e resultados do sorteio","isPartOf":{"@id":"https:\/\/jackpotlotteryonline.com\/#website"},"primaryImageOfPage":{"@id":"https:\/\/jackpotlotteryonline.com\/pt-pt\/numeros-vencedores\/uk-lottery\/#primaryimage"},"image":{"@id":"https:\/\/jackpotlotteryonline.com\/pt-pt\/numeros-vencedores\/uk-lottery\/#primaryimage"},"thumbnailUrl":"http:\/\/jackpotlotteryonline.com\/wp-content\/uploads\/2022\/11\/read1.jpg","datePublished":"2022-12-08T09:20:58+00:00","dateModified":"2022-12-29T09:18:06+00:00","description":"Logo ap\u00f3s o sorteio, encontrar\u00e1 aqui todos os resultados e n\u00fameros vencedores da lotaria do Reino Unido","breadcrumb":{"@id":"https:\/\/jackpotlotteryonline.com\/pt-pt\/numeros-vencedores\/uk-lottery\/#breadcrumb"},"inLanguage":"pt-PT","potentialAction":[{"@type":"ReadAction","target":["https:\/\/jackpotlotteryonline.com\/pt-pt\/numeros-vencedores\/uk-lottery\/"]}]},{"@type":"ImageObject","inLanguage":"pt-PT","@id":"https:\/\/jackpotlotteryonline.com\/pt-pt\/numeros-vencedores\/uk-lottery\/#primaryimage","url":"http:\/\/jackpotlotteryonline.com\/wp-content\/uploads\/2022\/11\/read1.jpg","contentUrl":"http:\/\/jackpotlotteryonline.com\/wp-content\/uploads\/2022\/11\/read1.jpg"},{"@type":"BreadcrumbList","@id":"https:\/\/jackpotlotteryonline.com\/pt-pt\/numeros-vencedores\/uk-lottery\/#breadcrumb","itemListElement":[{"@type":"ListItem","position":1,"name":"Home","item":"https:\/\/jackpotlotteryonline.com\/pt-pt\/"},{"@type":"ListItem","position":2,"name":"Resultados da lotaria","item":"https:\/\/jackpotlotteryonline.com\/winning-numbers\/"},{"@type":"ListItem","position":3,"name":"Resultados do sorteio da lotaria do Reino Unido"}]},{"@type":"WebSite","@id":"https:\/\/jackpotlotteryonline.com\/#website","url":"https:\/\/jackpotlotteryonline.com\/","name":"Lotto Online - Crack The International Lottery Jackpots","description":"","potentialAction":[{"@type":"SearchAction","target":{"@type":"EntryPoint","urlTemplate":"https:\/\/jackpotlotteryonline.com\/?s={search_term_string}"},"query-input":"required name=search_term_string"}],"inLanguage":"pt-PT"}]}},"_links":{"self":[{"href":"https:\/\/jackpotlotteryonline.com\/pt-pt\/wp-json\/wp\/v2\/pages\/41109","targetHints":{"allow":["GET"]}}],"collection":[{"href":"https:\/\/jackpotlotteryonline.com\/pt-pt\/wp-json\/wp\/v2\/pages"}],"about":[{"href":"https:\/\/jackpotlotteryonline.com\/pt-pt\/wp-json\/wp\/v2\/types\/page"}],"author":[{"embeddable":true,"href":"https:\/\/jackpotlotteryonline.com\/pt-pt\/wp-json\/wp\/v2\/users\/1"}],"replies":[{"embeddable":true,"href":"https:\/\/jackpotlotteryonline.com\/pt-pt\/wp-json\/wp\/v2\/comments?post=41109"}],"version-history":[{"count":0,"href":"https:\/\/jackpotlotteryonline.com\/pt-pt\/wp-json\/wp\/v2\/pages\/41109\/revisions"}],"up":[{"embeddable":true,"href":"https:\/\/jackpotlotteryonline.com\/pt-pt\/wp-json\/wp\/v2\/pages\/35846"}],"wp:attachment":[{"href":"https:\/\/jackpotlotteryonline.com\/pt-pt\/wp-json\/wp\/v2\/media?parent=41109"}],"curies":[{"name":"wp","href":"https:\/\/api.w.org\/{rel}","templated":true}]}}