{"id":41161,"date":"2022-12-08T11:24:13","date_gmt":"2022-12-08T11:24:13","guid":{"rendered":"https:\/\/jackpotlotteryonline.com\/?page_id=41161"},"modified":"2022-12-29T11:41:41","modified_gmt":"2022-12-29T11:41:41","slug":"set-for-life","status":"publish","type":"page","link":"https:\/\/jackpotlotteryonline.com\/pt-pt\/numeros-vencedores\/set-for-life\/","title":{"rendered":"Set for Life draw resultados"},"content":{"rendered":"<p>O Set for Life lottery \u00e9 a lotaria da anuidade do Reino Unido que d\u00e1 aos jogadores a oportunidade de ganharem um pr\u00e9mio que muda a sua vida. Mudan\u00e7a de vida na medida em que os n\u00fameros vencedores recebem \u00a310.000 todos os meses durante 30 anos. Isto \u00e9 quase como ganhar o jackpot todos os meses para o resto da sua vida.<\/p>\n<p>Jogadores de todo o mundo podem agora <a href=\"https:\/\/jackpotlotteryonline.com\/pt-pt\/comprar-tickets\/set-for-life\">participar na lotaria da anuidade do Reino Unido atrav\u00e9s da compra de bilhetes online<\/a>. Al\u00e9m disso, podem verificar os n\u00fameros vencedores online e obter acesso aos seus ganhos tamb\u00e9m.<\/p>\n<p>Quando <a href=\"https:\/\/jackpotlotteryonline.com\/pt-pt\/como-jogar\/saturday-lotto-2\">joga na lotaria com o jackpotlotteryonline.com<\/a>, tem praticamente um balc\u00e3o \u00fanico para todas as suas necessidades de lotaria. Pode concentrar-se em ganhar a lotaria, comprando bilhetes para as principais lotarias internacionais online.<\/p>\n<section class=\"layout\" style=\"border: solid 1px; width: 100%;\">\n<div class=\"img-div\" style=\"margin-top: 5px;\"><img decoding=\"async\" class=\"wp-image-17212 alignleft\" style=\"height: 45px; margin: 8px 8px 0px;\" src=\"http:\/\/jackpotlotteryonline.com\/wp-content\/uploads\/2022\/11\/read1.jpg\" alt=\"ler\" width=\"\" height=\"\" \/><\/div>\n<div style=\"padding-left: 5px;\">\n<div style=\"font-size: 1.1em;\">\n<p><strong>\u00c9 legal jogar lotarias de outros pa\u00edses online?<\/strong><\/p>\n<p style=\"font-size: 0.85em; margin-top: -1.5em;\">\u00c9 legal obter um bilhete de lotaria online, e serei realmente pago?\u00a0<a href=\"https:\/\/jackpotlotteryonline.com\/pt-pt\/e-legal-jogar-lotarias-de-outros-paises-online\"> leia mais<\/a><\/p>\n<\/div>\n<\/div>\n<\/section>\n<h2>Porqu\u00ea jogar online?<\/h2>\n<p>Em primeiro lugar, se n\u00e3o vive no Reino Unido, vai ser bastante dif\u00edcil para si comprar um bilhete para esta lotaria. Basicamente, a \u00fanica forma de poder jogar no Set for Life fora do Reino Unido \u00e9 jogar online. Em segundo lugar, quando vir como \u00e9 conveniente jogar online, n\u00e3o vai querer jogar na lotaria de qualquer outra forma.<\/p>\n<p><strong>Em resumo, aqui est\u00e3o algumas das principais vantagens de jogar na lotaria online:<\/strong><img loading=\"lazy\" decoding=\"async\" class=\"alignright size-medium wp-image-27941\" src=\"http:\/\/jackpotlotteryonline.com\/wp-content\/uploads\/2022\/11\/1_lottery_winner_ticket-200x300.jpg\" alt=\"conjunto de jogos para toda a vida\" width=\"200\" height=\"300\" srcset=\"https:\/\/jackpotlotteryonline.com\/wp-content\/uploads\/2022\/11\/1_lottery_winner_ticket-200x300.jpg 200w, https:\/\/jackpotlotteryonline.com\/wp-content\/uploads\/2022\/11\/1_lottery_winner_ticket.jpg 320w\" sizes=\"auto, (max-width: 200px) 100vw, 200px\" \/><\/p>\n<ul>\n<li>Tem acesso imediato para jogar os seus n\u00fameros vencedores em cada sorteio<\/li>\n<li>Pode definir as suas inscri\u00e7\u00f5es com semanas de anteced\u00eancia<\/li>\n<li>Verificar facilmente os n\u00fameros vencedores<\/li>\n<li>Aceda aos seus ganhos sem stress<\/li>\n<\/ul>\n<p>H\u00e1 tantas vantagens quando se joga na lotaria online. E quando joga connosco no jackpotlotteryonline.com, experimenta a facilidade e comodidade de ter a lotaria na ponta dos seus dedos. Como site de concierge, gerimos os detalhes para si enquanto se concentra na escolha dos seus n\u00fameros vencedores com facilidade. \u00c9 uma vit\u00f3ria para todos.<\/p>\n<h2>O que s\u00e3o os n\u00fameros vencedores do Set for Life?<\/h2>\n<p>A \u00fanica forma de saber se tem os n\u00fameros vencedores \u00e9 saber como jogar nesta lotaria do Reino Unido. Para jogar, precisa de escolher 5 n\u00fameros de uma gama de 1 a 47 e 1 n\u00famero da Bola Viva de 1 a 10. Uma vez escolhidos os n\u00fameros, o passo seguinte \u00e9 entrar nos sorteios da sua escolha.<\/p>\n<p>O Set for Life tem dois dias de sorteio por semana, \u00e0s segundas e quintas-feiras. Isso significa duas hip\u00f3teses de ganhar a lotaria. Pode participar em ambos os sorteios, claro, uma vez que esta \u00e9 uma forma de aumentar as suas hip\u00f3teses de ganhar a lotaria.<\/p>\n<p>Ap\u00f3s os sorteios, \u00e9 necess\u00e1rio verificar os resultados para ver se tem a combina\u00e7\u00e3o vencedora. Quem tiver os n\u00fameros vencedores, ganha a lotaria.<\/p>\n<h2>Tr\u00eas formas de verificar os resultados do sorteio<\/h2>\n<p>H\u00e1 tr\u00eas formas de verificar a combina\u00e7\u00e3o vencedora para esta lotaria do Reino Unido. Se vive no Reino Unido, pode facilmente ver os sorteios ao vivo na televis\u00e3o. No entanto, se estiver a trabalhar nessa altura, ou se tiver outra fun\u00e7\u00e3o, ent\u00e3o isso n\u00e3o funcionar\u00e1 para si.<\/p>\n<p>Outra alternativa \u00e9 verificar online os resultados do sorteio. V\u00e1rios websites publicam os resultados, particularmente a combina\u00e7\u00e3o vencedora para o jackpot. Naturalmente, uma vez que existem outras categorias de pr\u00e9mios para a lotaria, poder\u00e1 estar interessado em outras combina\u00e7\u00f5es vencedoras para al\u00e9m do jackpot.<\/p>\n<p>A melhor forma de verificar os resultados do sorteio \u00e9 voltar a esta p\u00e1gina ap\u00f3s cada sorteio. Publicamos os resultados do sorteio aqui mesmo e dedicamos o tempo necess\u00e1rio para mostrar as combina\u00e7\u00f5es vencedoras em todos os n\u00edveis de pr\u00e9mios. Al\u00e9m disso, se nos comprou o seu bilhete, enviar-lhe-emos um e-mail se tiver um bilhete vencedor.<\/p>\n<h2>Categorias de pr\u00e9mios para a vida<\/h2>\n<p>O pr\u00e9mio m\u00e1ximo para esta lotaria do Reino Unido \u00e9 de \u00a310.000 todos os meses durante os pr\u00f3ximos 30 anos. Imagine ganhar um tal montante todos os meses durante 30 anos. Com tal pr\u00e9mio, \u00e9 f\u00e1cil perceber porque \u00e9 que os apostadores de todo o mundo est\u00e3o ansiosos por obter a combina\u00e7\u00e3o vencedora para esta lotaria.<\/p>\n<p>Para al\u00e9m de ganhar o primeiro pr\u00e9mio, existem outros pr\u00e9mios emocionantes que os jogadores podem ganhar com esta lotaria. Aqui est\u00e3o as categorias de pr\u00e9mios.<\/p>\n<p>Categoria 1: Jogo 5 + o Baile da Vida &#8211; \u00a310.000 todos os meses durante 30 anos<\/p>\n<p>Categoria 2: Combine 5 apenas &#8211; \u00a310,000 todos os meses durante 1 ano<\/p>\n<p>Categoria 3: Jogo 4 + a bola LIfe &#8211; \u00a3250<\/p>\n<p>Categoria 4: S\u00f3 Combinar 4 &#8211; \u00a350<\/p>\n<p>Categoria 5: Jogo 3 + o Baile da Vida &#8211; \u00a330<\/p>\n<p>Categoria 6: Jogo apenas 3 &#8211; \u00a320<\/p>\n<p>Categoria 7: Jogo 2 + o Baile da Vida &#8211; \u00a310<\/p>\n<p>Categoria 8 S\u00f3 correspond\u00eancia 2 &#8211; \u00a35<\/p>\n<h2>Retirar os seus ganhos<\/h2>\n<p>Mencion\u00e1mos que o notificaremos via e-mail e atrav\u00e9s da sua conta se tiver um bilhete vencedor. Mas, como \u00e9 que retira os seus ganhos quando vive fora do Reino Unido? Esta \u00e9 uma quest\u00e3o com a qual muitos apostadores se preocupam. Bem, estamos aqui para descansar o seu cora\u00e7\u00e3o sobre os seus ganhos.<\/p>\n<p>Quando se regista connosco e nos compra os seus bilhetes de lotaria, n\u00f3s simplificamos o processo para si. Como site de concierge, cri\u00e1mos um processo cont\u00ednuo atrav\u00e9s do qual pode facilmente retirar os seus ganhos. Com pr\u00e9mios inferiores a 2.500 Euros, tudo o que precisa de fazer \u00e9 levantar do nosso site para a sua conta.<\/p>\n<p>Se tiver ganho um pr\u00e9mio superior a esse montante, forneceremos um formul\u00e1rio de reclama\u00e7\u00e3o para si. Desta forma, poder\u00e1 reclamar os seus ganhos directamente da empresa lot\u00e9rica. Portanto, v\u00e1 em frente e compre hoje um bilhete de lotaria para ter a oportunidade de ter a combina\u00e7\u00e3o vencedora.<\/p>\n","protected":false},"excerpt":{"rendered":"<p>O Set for Life lottery \u00e9 a lotaria da anuidade do Reino Unido que d\u00e1 aos jogadores a oportunidade de ganharem um pr\u00e9mio que muda a sua vida. Mudan\u00e7a de vida na medida em que os n\u00fameros vencedores recebem \u00a310.000 todos os meses durante 30 anos. Isto \u00e9 quase como ganhar o jackpot todos os [&hellip;]<\/p>\n","protected":false},"author":1,"featured_media":0,"parent":35846,"menu_order":11,"comment_status":"closed","ping_status":"closed","template":"set-for-life-results.php","meta":{"_et_pb_use_builder":"","_et_pb_old_content":"","_et_gb_content_width":"","exclude_from_search":false,"footnotes":""},"class_list":["post-41161","page","type-page","status-publish","hentry"],"yoast_head":"<!-- This site is optimized with the Yoast SEO plugin v23.3 - https:\/\/yoast.com\/wordpress\/plugins\/seo\/ -->\n<title>Conjunto para n\u00fameros vencedores da vida e resultado do sorteio<\/title>\n<meta name=\"description\" content=\"Os resultados dos sorteios da lotaria Set For Life, bem como os n\u00fameros vencedores aqui no Jackpotlotteryonline.com\" \/>\n<meta name=\"robots\" content=\"index, follow, max-snippet:-1, max-image-preview:large, max-video-preview:-1\" \/>\n<link rel=\"canonical\" href=\"https:\/\/jackpotlotteryonline.com\/pt-pt\/numeros-vencedores\/set-for-life\/\" \/>\n<meta property=\"og:locale\" content=\"pt_PT\" \/>\n<meta property=\"og:type\" content=\"article\" \/>\n<meta property=\"og:title\" content=\"Conjunto para n\u00fameros vencedores da vida e resultado do sorteio\" \/>\n<meta property=\"og:description\" content=\"Os resultados dos sorteios da lotaria Set For Life, bem como os n\u00fameros vencedores aqui no Jackpotlotteryonline.com\" \/>\n<meta property=\"og:url\" content=\"https:\/\/jackpotlotteryonline.com\/pt-pt\/numeros-vencedores\/set-for-life\/\" \/>\n<meta property=\"og:site_name\" content=\"Lotto Online - Crack The International Lottery Jackpots\" \/>\n<meta property=\"article:modified_time\" content=\"2022-12-29T11:41:41+00:00\" \/>\n<meta property=\"og:image\" content=\"http:\/\/jackpotlotteryonline.com\/wp-content\/uploads\/2022\/11\/read1.jpg\" \/>\n<meta name=\"twitter:card\" content=\"summary_large_image\" \/>\n<meta name=\"twitter:label1\" content=\"Tempo estimado de leitura\" \/>\n\t<meta name=\"twitter:data1\" content=\"5 minutos\" \/>\n<!-- \/ Yoast SEO plugin. -->","yoast_head_json":{"title":"Conjunto para n\u00fameros vencedores da vida e resultado do sorteio","description":"Os resultados dos sorteios da lotaria Set For Life, bem como os n\u00fameros vencedores aqui no Jackpotlotteryonline.com","robots":{"index":"index","follow":"follow","max-snippet":"max-snippet:-1","max-image-preview":"max-image-preview:large","max-video-preview":"max-video-preview:-1"},"canonical":"https:\/\/jackpotlotteryonline.com\/pt-pt\/numeros-vencedores\/set-for-life\/","og_locale":"pt_PT","og_type":"article","og_title":"Conjunto para n\u00fameros vencedores da vida e resultado do sorteio","og_description":"Os resultados dos sorteios da lotaria Set For Life, bem como os n\u00fameros vencedores aqui no Jackpotlotteryonline.com","og_url":"https:\/\/jackpotlotteryonline.com\/pt-pt\/numeros-vencedores\/set-for-life\/","og_site_name":"Lotto Online - Crack The International Lottery Jackpots","article_modified_time":"2022-12-29T11:41:41+00:00","og_image":[{"url":"http:\/\/jackpotlotteryonline.com\/wp-content\/uploads\/2022\/11\/read1.jpg"}],"twitter_card":"summary_large_image","twitter_misc":{"Tempo estimado de leitura":"5 minutos"},"schema":{"@context":"https:\/\/schema.org","@graph":[{"@type":"WebPage","@id":"https:\/\/jackpotlotteryonline.com\/pt-pt\/numeros-vencedores\/set-for-life\/","url":"https:\/\/jackpotlotteryonline.com\/pt-pt\/numeros-vencedores\/set-for-life\/","name":"Conjunto para n\u00fameros vencedores da vida e resultado do sorteio","isPartOf":{"@id":"https:\/\/jackpotlotteryonline.com\/#website"},"primaryImageOfPage":{"@id":"https:\/\/jackpotlotteryonline.com\/pt-pt\/numeros-vencedores\/set-for-life\/#primaryimage"},"image":{"@id":"https:\/\/jackpotlotteryonline.com\/pt-pt\/numeros-vencedores\/set-for-life\/#primaryimage"},"thumbnailUrl":"http:\/\/jackpotlotteryonline.com\/wp-content\/uploads\/2022\/11\/read1.jpg","datePublished":"2022-12-08T11:24:13+00:00","dateModified":"2022-12-29T11:41:41+00:00","description":"Os resultados dos sorteios da lotaria Set For Life, bem como os n\u00fameros vencedores aqui no Jackpotlotteryonline.com","breadcrumb":{"@id":"https:\/\/jackpotlotteryonline.com\/pt-pt\/numeros-vencedores\/set-for-life\/#breadcrumb"},"inLanguage":"pt-PT","potentialAction":[{"@type":"ReadAction","target":["https:\/\/jackpotlotteryonline.com\/pt-pt\/numeros-vencedores\/set-for-life\/"]}]},{"@type":"ImageObject","inLanguage":"pt-PT","@id":"https:\/\/jackpotlotteryonline.com\/pt-pt\/numeros-vencedores\/set-for-life\/#primaryimage","url":"http:\/\/jackpotlotteryonline.com\/wp-content\/uploads\/2022\/11\/read1.jpg","contentUrl":"http:\/\/jackpotlotteryonline.com\/wp-content\/uploads\/2022\/11\/read1.jpg"},{"@type":"BreadcrumbList","@id":"https:\/\/jackpotlotteryonline.com\/pt-pt\/numeros-vencedores\/set-for-life\/#breadcrumb","itemListElement":[{"@type":"ListItem","position":1,"name":"Home","item":"https:\/\/jackpotlotteryonline.com\/pt-pt\/"},{"@type":"ListItem","position":2,"name":"Resultados da lotaria","item":"https:\/\/jackpotlotteryonline.com\/winning-numbers\/"},{"@type":"ListItem","position":3,"name":"Set for Life draw resultados"}]},{"@type":"WebSite","@id":"https:\/\/jackpotlotteryonline.com\/#website","url":"https:\/\/jackpotlotteryonline.com\/","name":"Lotto Online - Crack The International Lottery Jackpots","description":"","potentialAction":[{"@type":"SearchAction","target":{"@type":"EntryPoint","urlTemplate":"https:\/\/jackpotlotteryonline.com\/?s={search_term_string}"},"query-input":"required name=search_term_string"}],"inLanguage":"pt-PT"}]}},"_links":{"self":[{"href":"https:\/\/jackpotlotteryonline.com\/pt-pt\/wp-json\/wp\/v2\/pages\/41161","targetHints":{"allow":["GET"]}}],"collection":[{"href":"https:\/\/jackpotlotteryonline.com\/pt-pt\/wp-json\/wp\/v2\/pages"}],"about":[{"href":"https:\/\/jackpotlotteryonline.com\/pt-pt\/wp-json\/wp\/v2\/types\/page"}],"author":[{"embeddable":true,"href":"https:\/\/jackpotlotteryonline.com\/pt-pt\/wp-json\/wp\/v2\/users\/1"}],"replies":[{"embeddable":true,"href":"https:\/\/jackpotlotteryonline.com\/pt-pt\/wp-json\/wp\/v2\/comments?post=41161"}],"version-history":[{"count":0,"href":"https:\/\/jackpotlotteryonline.com\/pt-pt\/wp-json\/wp\/v2\/pages\/41161\/revisions"}],"up":[{"embeddable":true,"href":"https:\/\/jackpotlotteryonline.com\/pt-pt\/wp-json\/wp\/v2\/pages\/35846"}],"wp:attachment":[{"href":"https:\/\/jackpotlotteryonline.com\/pt-pt\/wp-json\/wp\/v2\/media?parent=41161"}],"curies":[{"name":"wp","href":"https:\/\/api.w.org\/{rel}","templated":true}]}}