{"id":41219,"date":"2022-12-08T13:50:01","date_gmt":"2022-12-08T13:50:01","guid":{"rendered":"https:\/\/jackpotlotteryonline.com\/?page_id=41219"},"modified":"2022-12-29T21:47:36","modified_gmt":"2022-12-29T21:47:36","slug":"mega-sena","status":"publish","type":"page","link":"https:\/\/jackpotlotteryonline.com\/pt-pt\/numeros-vencedores\/mega-sena\/","title":{"rendered":"Resultados do sorteio da lotaria Mega-Sena"},"content":{"rendered":"<p>Os jogadores de todo o mundo podem agora comprar bilhetes para a lotaria Mega-Sena. N\u00e3o s\u00f3 isso, mas uma vez que jogue na lotaria, pode verificar online os n\u00fameros vencedores da Mega-Sena. Uma parte essencial de jogar na lotaria \u00e9 verificar os resultados do sorteio, para que n\u00e3o perca nenhum pr\u00e9mio. H\u00e1 v\u00e1rias maneiras de verificar os n\u00fameros vencedores da lotaria brasileira e chegaremos a isso dentro de momentos.<\/p>\n<p>Mas, se tiver pressa em conhecer os resultados do \u00faltimo sorteio, pode visitar o jackpotlotteryonline.com para ter acesso \u00e0s principais lotarias internacionais.<\/p>\n<section class=\"layout\" style=\"border: solid 1px; width: 100%;\">\n<div class=\"img-div\" style=\"margin-top: 5px;\"><img decoding=\"async\" class=\"wp-image-17212 alignleft\" style=\"height: 45px; margin: 8px 8px 0px;\" src=\"https:\/\/jackpotlotteryonline.com\/wp-content\/uploads\/2022\/11\/read1.jpg\" alt=\"ler\" width=\"\" height=\"\" \/><\/div>\n<div style=\"padding-left: 5px;\">\n<div style=\"font-size: 1.1em;\">\n<p><strong>Lotarias Europeias<\/strong><\/p>\n<p style=\"font-size: 0.85em; margin-top: -1.5em;\">Que lotarias europeias s\u00e3o as melhores? <a href=\"https:\/\/jackpotlotteryonline.com\/pt-pt\/quais-as-lotarias-europeias-que-sao-as-melhores\"> leia mais<\/a><\/p>\n<\/div>\n<\/div>\n<\/section>\n<h2>No\u00e7\u00f5es b\u00e1sicas da lotaria Mega-Sena<\/h2>\n<p>A Mega-Sena \u00e9 como qualquer outra lotaria na forma como \u00e9 jogada. \u00c9 simplesmente necess\u00e1rio escolher n\u00fameros de uma determinada gama. Para a lotaria brasileira, escolhe-se 6 de um intervalo de 1 a 60. E \u00e9 tudo. Sem n\u00fameros extra ou de b\u00f3nus, apenas os seis para esta lotaria.<\/p>\n<p>Depois de ter escolhido os d\u00edgitos que deseja, o passo seguinte \u00e9 entrar nos sorteios. A Mega-Sena tem dois sorteios semanais, \u00e0s quartas e quintas-feiras.<\/p>\n<h2>N\u00fameros vencedores da Mega-Sena<\/h2>\n<p><img loading=\"lazy\" decoding=\"async\" class=\"size-full wp-image-29102 alignright\" src=\"https:\/\/jackpotlotteryonline.com\/wp-content\/uploads\/2022\/11\/1_play_lottery_international.jpg\" alt=\"N\u00fameros vencedores da Mega-Sena\" width=\"205\" height=\"147\" \/>Como escolhem os vossos n\u00fameros vencedores da Mega-Sena? Jogadores diferentes t\u00eam formas diferentes de escolher o que funciona para eles. Pode escolher os seus n\u00fameros vencedores usando datas que lhe s\u00e3o especiais. Se tiver datas ou d\u00edgitos de sorte, estes podem ser \u00fateis para o ajudar a escolher um n\u00famero.<\/p>\n<p>Se n\u00e3o tiver nenhum n\u00famero especial em mente, n\u00e3o se preocupe com isso. Quando <a href=\"https:\/\/jackpotlotteryonline.com\/pt-pt\/como-jogar\/mega-sena-2\">jogar Mega-Sena connosco<\/a>, pode usar o nosso gerador autom\u00e1tico para escolher n\u00fameros aleat\u00f3rios. No final do dia, \u00e9 importante lembrar que a lotaria \u00e9 um jogo de azar. A \u00fanica forma real de aumentar as suas hip\u00f3teses de ganhar \u00e9 comprar v\u00e1rios bilhetes e participar em v\u00e1rios sorteios.<\/p>\n<p>Pode jogar na lotaria online visitando a nossa p\u00e1gina para a Mega-Sena. Facilitamos-lhe a participa\u00e7\u00e3o num \u00fanico sorteio ou em m\u00faltiplos sorteios. Pode tamb\u00e9m comprar v\u00e1rias linhas num bilhete, dando-lhe m\u00faltiplas participa\u00e7\u00f5es na lotaria.<\/p>\n<h2>Pr\u00e9mios da Mega-Sena<\/h2>\n<p>A lotaria Mega-Sena tem um jackpot inicial garantido de 3 milh\u00f5es de Real Brasileiros. Isto \u00e9 cerca de 549467,87 euros. Mas, se n\u00e3o houver vencedor ap\u00f3s um sorteio, o jackpot passa para o sorteio seguinte. Assim, a quantia do jackpot pode crescer bastante, tornando-o um doce neg\u00f3cio para apostadores em todo o lado.<\/p>\n<p>Al\u00e9m disso, as probabilidades de ganhar a Mega-Sena s\u00e3o de 1 em 50 milh\u00f5es. Quando se compara isso com outras lotarias internacionais de topo, \u00e9 evidente que a lotaria brasileira \u00e9 popular entre os apostadores.<\/p>\n<p>A lotaria brasileira \u00e9 tamb\u00e9m diferente de outras lotarias, na medida em que oferece apenas 3 categorias de pr\u00e9mios, o jackpot inclusive. Assim, ganhar a lotaria significa que pode estar a ganhar qualquer um dos seguintes pr\u00e9mios.<\/p>\n<p>Jackpot &#8211; Sena: Partida 6 &#8211; 35% do prize pool<\/p>\n<p>Tier 2 &#8211; Quina: Jogo 5 &#8211; 19% do prize pool<\/p>\n<p>Tier 3 &#8211; Quadra: Partida 4 &#8211; 19% do prize pool<\/p>\n<h2>Reclamar o seu pr\u00e9mio<\/h2>\n<p>O passo seguinte \u00e9 reclamar qualquer pr\u00e9mio que ganhe ao participar na lotaria. A forma como reclamar o seu pr\u00e9mio depende realmente do local onde comprou o seu bilhete. Ao jogar na lotaria on-line, \u00e9 importante comprar o seu bilhete num site que lhe d\u00ea a possibilidade de ganhar na lotaria. Alguns sites s\u00f3 lhe permitem apostar no resultado da lotaria.<\/p>\n<p>Quando <a href=\"https:\/\/jackpotlotteryonline.com\/pt-pt\/comprar-tickets\/mega-sena\">nos compra o seu bilhete de lotaria<\/a>, tem acesso \u00e0 lotaria. Isto porque o nosso agente no Brasil ir\u00e1 comprar bilhetes f\u00edsicos com os seus n\u00fameros correspondentes. Dando-lhe a oportunidade de ganhar a lotaria.<\/p>\n<p>Assim, se ganhar algum pr\u00e9mio, tudo o que tem de fazer \u00e9 retirar o seu pr\u00e9mio do nosso site para a sua conta. \u00c9 muito simples. Visite os nossos termos e condi\u00e7\u00f5es para saber como descontar nos seus n\u00fameros vencedores da Mega-Sena.<\/p>\n","protected":false},"excerpt":{"rendered":"<p>Os jogadores de todo o mundo podem agora comprar bilhetes para a lotaria Mega-Sena. N\u00e3o s\u00f3 isso, mas uma vez que jogue na lotaria, pode verificar online os n\u00fameros vencedores da Mega-Sena. Uma parte essencial de jogar na lotaria \u00e9 verificar os resultados do sorteio, para que n\u00e3o perca nenhum pr\u00e9mio. H\u00e1 v\u00e1rias maneiras de [&hellip;]<\/p>\n","protected":false},"author":1,"featured_media":0,"parent":35846,"menu_order":14,"comment_status":"closed","ping_status":"closed","template":"megasena-results.php","meta":{"_et_pb_use_builder":"","_et_pb_old_content":"","_et_gb_content_width":"","exclude_from_search":false,"footnotes":""},"class_list":["post-41219","page","type-page","status-publish","hentry"],"yoast_head":"<!-- This site is optimized with the Yoast SEO plugin v23.3 - https:\/\/yoast.com\/wordpress\/plugins\/seo\/ -->\n<title>Resultados do sorteio da lotaria Mega-Sena e n\u00fameros vencedores<\/title>\n<meta name=\"description\" content=\"Os resultados da Mega-Sena do Brasil s\u00e3o dif\u00edceis de encontrar - listamos os n\u00fameros vencedores de hoje e de ontem e sorteamos os resultados no nosso website\" \/>\n<meta name=\"robots\" content=\"index, follow, max-snippet:-1, max-image-preview:large, max-video-preview:-1\" \/>\n<link rel=\"canonical\" href=\"https:\/\/jackpotlotteryonline.com\/pt-pt\/numeros-vencedores\/mega-sena\/\" \/>\n<meta property=\"og:locale\" content=\"pt_PT\" \/>\n<meta property=\"og:type\" content=\"article\" \/>\n<meta property=\"og:title\" content=\"Resultados do sorteio da lotaria Mega-Sena e n\u00fameros vencedores\" \/>\n<meta property=\"og:description\" content=\"Os resultados da Mega-Sena do Brasil s\u00e3o dif\u00edceis de encontrar - listamos os n\u00fameros vencedores de hoje e de ontem e sorteamos os resultados no nosso website\" \/>\n<meta property=\"og:url\" content=\"https:\/\/jackpotlotteryonline.com\/pt-pt\/numeros-vencedores\/mega-sena\/\" \/>\n<meta property=\"og:site_name\" content=\"Lotto Online - Crack The International Lottery Jackpots\" \/>\n<meta property=\"article:modified_time\" content=\"2022-12-29T21:47:36+00:00\" \/>\n<meta property=\"og:image\" content=\"https:\/\/jackpotlotteryonline.com\/wp-content\/uploads\/2022\/11\/read1.jpg\" \/>\n<meta name=\"twitter:card\" content=\"summary_large_image\" \/>\n<meta name=\"twitter:label1\" content=\"Tempo estimado de leitura\" \/>\n\t<meta name=\"twitter:data1\" content=\"4 minutos\" \/>\n<!-- \/ Yoast SEO plugin. -->","yoast_head_json":{"title":"Resultados do sorteio da lotaria Mega-Sena e n\u00fameros vencedores","description":"Os resultados da Mega-Sena do Brasil s\u00e3o dif\u00edceis de encontrar - listamos os n\u00fameros vencedores de hoje e de ontem e sorteamos os resultados no nosso website","robots":{"index":"index","follow":"follow","max-snippet":"max-snippet:-1","max-image-preview":"max-image-preview:large","max-video-preview":"max-video-preview:-1"},"canonical":"https:\/\/jackpotlotteryonline.com\/pt-pt\/numeros-vencedores\/mega-sena\/","og_locale":"pt_PT","og_type":"article","og_title":"Resultados do sorteio da lotaria Mega-Sena e n\u00fameros vencedores","og_description":"Os resultados da Mega-Sena do Brasil s\u00e3o dif\u00edceis de encontrar - listamos os n\u00fameros vencedores de hoje e de ontem e sorteamos os resultados no nosso website","og_url":"https:\/\/jackpotlotteryonline.com\/pt-pt\/numeros-vencedores\/mega-sena\/","og_site_name":"Lotto Online - Crack The International Lottery Jackpots","article_modified_time":"2022-12-29T21:47:36+00:00","og_image":[{"url":"https:\/\/jackpotlotteryonline.com\/wp-content\/uploads\/2022\/11\/read1.jpg"}],"twitter_card":"summary_large_image","twitter_misc":{"Tempo estimado de leitura":"4 minutos"},"schema":{"@context":"https:\/\/schema.org","@graph":[{"@type":"WebPage","@id":"https:\/\/jackpotlotteryonline.com\/pt-pt\/numeros-vencedores\/mega-sena\/","url":"https:\/\/jackpotlotteryonline.com\/pt-pt\/numeros-vencedores\/mega-sena\/","name":"Resultados do sorteio da lotaria Mega-Sena e n\u00fameros vencedores","isPartOf":{"@id":"https:\/\/jackpotlotteryonline.com\/#website"},"primaryImageOfPage":{"@id":"https:\/\/jackpotlotteryonline.com\/pt-pt\/numeros-vencedores\/mega-sena\/#primaryimage"},"image":{"@id":"https:\/\/jackpotlotteryonline.com\/pt-pt\/numeros-vencedores\/mega-sena\/#primaryimage"},"thumbnailUrl":"https:\/\/jackpotlotteryonline.com\/wp-content\/uploads\/2022\/11\/read1.jpg","datePublished":"2022-12-08T13:50:01+00:00","dateModified":"2022-12-29T21:47:36+00:00","description":"Os resultados da Mega-Sena do Brasil s\u00e3o dif\u00edceis de encontrar - listamos os n\u00fameros vencedores de hoje e de ontem e sorteamos os resultados no nosso website","breadcrumb":{"@id":"https:\/\/jackpotlotteryonline.com\/pt-pt\/numeros-vencedores\/mega-sena\/#breadcrumb"},"inLanguage":"pt-PT","potentialAction":[{"@type":"ReadAction","target":["https:\/\/jackpotlotteryonline.com\/pt-pt\/numeros-vencedores\/mega-sena\/"]}]},{"@type":"ImageObject","inLanguage":"pt-PT","@id":"https:\/\/jackpotlotteryonline.com\/pt-pt\/numeros-vencedores\/mega-sena\/#primaryimage","url":"https:\/\/jackpotlotteryonline.com\/wp-content\/uploads\/2022\/11\/read1.jpg","contentUrl":"https:\/\/jackpotlotteryonline.com\/wp-content\/uploads\/2022\/11\/read1.jpg"},{"@type":"BreadcrumbList","@id":"https:\/\/jackpotlotteryonline.com\/pt-pt\/numeros-vencedores\/mega-sena\/#breadcrumb","itemListElement":[{"@type":"ListItem","position":1,"name":"Home","item":"https:\/\/jackpotlotteryonline.com\/pt-pt\/"},{"@type":"ListItem","position":2,"name":"Resultados da lotaria","item":"https:\/\/jackpotlotteryonline.com\/winning-numbers\/"},{"@type":"ListItem","position":3,"name":"Resultados do sorteio da lotaria Mega-Sena"}]},{"@type":"WebSite","@id":"https:\/\/jackpotlotteryonline.com\/#website","url":"https:\/\/jackpotlotteryonline.com\/","name":"Lotto Online - Crack The International Lottery Jackpots","description":"","potentialAction":[{"@type":"SearchAction","target":{"@type":"EntryPoint","urlTemplate":"https:\/\/jackpotlotteryonline.com\/?s={search_term_string}"},"query-input":"required name=search_term_string"}],"inLanguage":"pt-PT"}]}},"_links":{"self":[{"href":"https:\/\/jackpotlotteryonline.com\/pt-pt\/wp-json\/wp\/v2\/pages\/41219","targetHints":{"allow":["GET"]}}],"collection":[{"href":"https:\/\/jackpotlotteryonline.com\/pt-pt\/wp-json\/wp\/v2\/pages"}],"about":[{"href":"https:\/\/jackpotlotteryonline.com\/pt-pt\/wp-json\/wp\/v2\/types\/page"}],"author":[{"embeddable":true,"href":"https:\/\/jackpotlotteryonline.com\/pt-pt\/wp-json\/wp\/v2\/users\/1"}],"replies":[{"embeddable":true,"href":"https:\/\/jackpotlotteryonline.com\/pt-pt\/wp-json\/wp\/v2\/comments?post=41219"}],"version-history":[{"count":0,"href":"https:\/\/jackpotlotteryonline.com\/pt-pt\/wp-json\/wp\/v2\/pages\/41219\/revisions"}],"up":[{"embeddable":true,"href":"https:\/\/jackpotlotteryonline.com\/pt-pt\/wp-json\/wp\/v2\/pages\/35846"}],"wp:attachment":[{"href":"https:\/\/jackpotlotteryonline.com\/pt-pt\/wp-json\/wp\/v2\/media?parent=41219"}],"curies":[{"name":"wp","href":"https:\/\/api.w.org\/{rel}","templated":true}]}}