{"id":41271,"date":"2022-12-08T19:58:36","date_gmt":"2022-12-08T19:58:36","guid":{"rendered":"https:\/\/jackpotlotteryonline.com\/?page_id=41271"},"modified":"2022-12-30T15:24:26","modified_gmt":"2022-12-30T15:24:26","slug":"saturday-lotto","status":"publish","type":"page","link":"https:\/\/jackpotlotteryonline.com\/pt-pt\/numeros-vencedores\/saturday-lotto\/","title":{"rendered":"Resultados do sorteio do sorteio do S\u00e1bado"},"content":{"rendered":"<p>O Saturday Lotto tamb\u00e9m conhecido como o Tatts Lotto \u00e9 uma das lotarias mais bem sucedidas da Austr\u00e1lia. E agora que os jogadores de todo o mundo podem participar na lotaria, \u00e9 mais importante escolher os n\u00fameros vencedores. Ganhar esta lotaria australiana significa que se pode ir para casa com um m\u00ednimo de 5 milh\u00f5es de d\u00f3lares. Esta quantia rola se n\u00e3o houver bilhete vencedor ap\u00f3s um sorteio. Al\u00e9m disso, se participar no mega sorteio, que se realiza uma vez por ano no Natal, ent\u00e3o poder\u00e1 levantar 30 milh\u00f5es de d\u00f3lares!<\/p>\n<p>Se ainda n\u00e3o comprou o seu bilhete vencedor, dirija-se ao jackpotlotteryonline.com e <a href=\"https:\/\/jackpotlotteryonline.com\/pt-pt\/comprar-tickets\/saturday-lotto\">obtenha j\u00e1 o seu bilhete<\/a>. Volte ent\u00e3o para os n\u00fameros vencedores.<\/p>\n<h2>Ganhar o Lotto de S\u00e1bado<\/h2>\n<p><img loading=\"lazy\" decoding=\"async\" class=\"alignright size-medium wp-image-28157\" src=\"http:\/\/jackpotlotteryonline.com\/wp-content\/uploads\/2022\/11\/1_lotto_money_win-300x150.jpg\" alt=\"ganhar o Saturday Lotto\" width=\"300\" height=\"150\" srcset=\"https:\/\/jackpotlotteryonline.com\/wp-content\/uploads\/2022\/11\/1_lotto_money_win-300x150.jpg 300w, https:\/\/jackpotlotteryonline.com\/wp-content\/uploads\/2022\/11\/1_lotto_money_win.jpg 320w\" sizes=\"auto, (max-width: 300px) 100vw, 300px\" \/>A lotaria Tatts \u00e9 f\u00e1cil de jogar especialmente quando se est\u00e1 a jogar online. Basicamente, os jogadores precisam de escolher 6 n\u00fameros principais entre 1 e 45. Depois, 2 n\u00fameros suplementares de 1 a 6. Os n\u00fameros suplementares n\u00e3o t\u00eam realmente muito a ver com a determina\u00e7\u00e3o do jackpot. Ganhar o jackpot significa que s\u00f3 tem de corresponder aos oito n\u00fameros sorteados.<\/p>\n<p>Assim, ganhar a lotaria significa que o seu bilhete corresponde \u00e0s seis bolas que s\u00e3o escolhidas aleatoriamente do barril de 45 bolas. Depois, duas outras bolas s\u00e3o escolhidas de outro barril com seis bolas. Estas bolas suplementares s\u00e3o utilizadas para ganhar as outras categorias de pr\u00e9mios.<\/p>\n<p>Os sorteios s\u00e3o realizados uma vez por semana, no s\u00e1bado. Portanto, se quiser o bilhete vencedor, tem de comprar a sua entrada a tempo. Os sorteios fecham no s\u00e1bado pelas 19:25 AEST. Os jogadores que desejem participar no sorteio dessa semana precisam de comprar os seus bilhetes vencedores antes da hora de encerramento.<\/p>\n<h2>Jogar online<\/h2>\n<p>Vamos falar brevemente sobre ganhar a lotaria online. Quando visitar a p\u00e1gina da lotaria de s\u00e1bado no jackpotlotteryonline.com, ser-lhe-\u00e1 pedido que escolha os seus n\u00fameros vencedores. Se tiver algumas datas especiais que lhe tenham trazido sorte, ent\u00e3o poder\u00e1 us\u00e1-las.<\/p>\n<p>No entanto, para aqueles que n\u00e3o t\u00eam n\u00fameros particulares para escolher, nunca temam. Temos um seleccionador autom\u00e1tico de n\u00fameros que ir\u00e1 gerar n\u00fameros vencedores aleat\u00f3rios para si. Muitos dos vencedores da lotaria ganharam utilizando o seleccionador de n\u00fameros aleat\u00f3rios.<\/p>\n<p>Depois de ter escolhido os seus n\u00fameros vencedores, entrar\u00e1 ent\u00e3o no sorteio semanal. Antes de poder processar o pagamento, pedir-lhe-emos que se registe. Isto \u00e9 para manter o seu bilhete seguro e para o ajudar a levantar os seus ganhos. Chegaremos a esse ponto em breve.<\/p>\n<section class=\"layout\" style=\"border: solid 1px; width: 100%;\">\n<div class=\"img-div\" style=\"margin-top: 5px;\"><img decoding=\"async\" class=\"wp-image-17212 alignleft\" style=\"height: 45px; margin: 8px 8px 0px;\" src=\"http:\/\/jackpotlotteryonline.com\/wp-content\/uploads\/2022\/11\/read1.jpg\" alt=\"ler\" width=\"\" height=\"\" \/><\/div>\n<div style=\"padding-left: 5px;\">\n<div style=\"font-size: 1.1em;\">\n<p><strong>Veja os seus n\u00fameros da lotaria a serem sorteados ao vivo<\/strong><\/p>\n<p style=\"font-size: 0.85em; margin-top: -1.5em;\">Como assistir aos sorteios ao vivo das suas lotarias favoritas\u00a0<a href=\"https:\/\/jackpotlotteryonline.com\/pt-pt\/ver-os-seus-numeros-da-lotaria-a-serem-sorteados-ao-vivo\"> leia mais<\/a><\/p>\n<\/div>\n<\/div>\n<\/section>\n<h2>Divis\u00f5es de Pr\u00e9mios<\/h2>\n<p>Ganhar a lotaria Tatts n\u00e3o se trata apenas de ganhar o jackpot. Esta lotaria tem oito divis\u00f5es de pr\u00e9mios no total. Quando se compra um bilhete para a lotaria, tem-se a oportunidade de ganhar qualquer uma destas categorias de pr\u00e9mios. Os n\u00fameros vencedores para cada divis\u00e3o s\u00e3o indicados abaixo.<\/p>\n<p>Divis\u00e3o 1: Jogo 6 (Jackpot)<\/p>\n<p>Divis\u00e3o 2: Jogo 5 + 1 n\u00famero suplementar<\/p>\n<p>Divis\u00e3o 3: 5 de Mar\u00e7o<\/p>\n<p>Divis\u00e3o 4: Jogo 4<\/p>\n<p>Divis\u00e3o 5: Jogo 3 + 1 n\u00famero suplementar<\/p>\n<p>Divis\u00e3o 6: Jogo 3<\/p>\n<p>Provavelmente uma das raz\u00f5es pelas quais os australianos gostam tanto desta lotaria \u00e9 o qu\u00e3o f\u00e1cil \u00e9 ganhar. A probabilidade de ganhar \u00e9 fant\u00e1stica, e com um jackpot m\u00ednimo de AUD 5 milh\u00f5es, n\u00e3o \u00e9 de admirar. Se ainda n\u00e3o o fez, esta \u00e9 uma boa altura para pensar em comprar um bilhete vencedor.<\/p>\n<h2>N\u00fameros suplementares<\/h2>\n<p>Mencion\u00e1mos os n\u00fameros suplementares e j\u00e1 deve ter reparado que algumas divis\u00f5es os utilizam. Note-se que estes s\u00e3o gerados aleatoriamente durante os sorteios e utilizados para determinar as divis\u00f5es 2 e 5. Os jogadores n\u00e3o escolhem estes n\u00fameros e n\u00e3o t\u00eam qualquer controlo sobre eles. Portanto, n\u00e3o se sinta alarmado se n\u00e3o vir essa op\u00e7\u00e3o quando comprar os seus bilhetes.<\/p>\n<h2>Como verificar os resultados vencedores<\/h2>\n<p>Agora que adquiriu a sua inscri\u00e7\u00e3o, como verifica se tem o bilhete vencedor? A melhor maneira de o fazer \u00e9 regressar aqui mesmo. Ap\u00f3s os sorteios, publicamos os resultados vencedores da lotaria de s\u00e1bado nesta p\u00e1gina.<\/p>\n<p>N\u00e3o publicamos apenas os n\u00fameros dos jackpots. Tamb\u00e9m publicamos os n\u00fameros vencedores para todas as outras divis\u00f5es. Assim, \u00e9 poss\u00edvel saber rapidamente o qu\u00e3o perto se chegou de ganhar o sorteio.<\/p>\n<p>Se se registou connosco, ent\u00e3o \u00e9 ainda mais f\u00e1cil. N\u00e3o tem de ir a lado nenhum para descobrir se ganhou o loto. N\u00e3o, porque enviar-lhe-emos uma notifica\u00e7\u00e3o assim que ganhar um pr\u00e9mio. \u00c9 isso mesmo. Receber\u00e1 um e-mail a avis\u00e1-lo de que tem os n\u00fameros vencedores do loto. Fazemos o nosso melhor para que seja f\u00e1cil e sem stress jogar na lotaria a partir de qualquer lugar.<\/p>\n<h2>Levantar os seus ganhos<\/h2>\n<p><img loading=\"lazy\" decoding=\"async\" class=\"alignright size-medium wp-image-34997\" src=\"http:\/\/jackpotlotteryonline.com\/wp-content\/uploads\/2022\/11\/2_ticket_saturday_lotto_au-1-166x300.jpg\" alt=\"Recibo online do Saturday Lotto\" width=\"166\" height=\"300\" srcset=\"https:\/\/jackpotlotteryonline.com\/wp-content\/uploads\/2022\/11\/2_ticket_saturday_lotto_au-1-166x300.jpg 166w, https:\/\/jackpotlotteryonline.com\/wp-content\/uploads\/2022\/11\/2_ticket_saturday_lotto_au-1.jpg 250w\" sizes=\"auto, (max-width: 166px) 100vw, 166px\" \/>Se ganhou a lotaria, o passo seguinte seria ter acesso aos seus ganhos. N\u00e3o vale a pena ganhar o loto na Austr\u00e1lia se n\u00e3o conseguir ter acesso aos seus ganhos. E, \u00e9 aqui que as coisas se tornam realmente interessantes.<\/p>\n<p>Se ganhou um pr\u00e9mio de lotaria que \u00e9 inferior a 2.500 euros, ent\u00e3o obter o seu pr\u00e9mio \u00e9 incrivelmente f\u00e1cil. Basta retirar os seus ganhos da nossa plataforma directamente para o seu banco. Temos v\u00e1rios m\u00e9todos que pode utilizar para levantar os seus ganhos de forma conveniente.<\/p>\n<p>Se o seu pr\u00e9mio for superior \u00e0 marca dos 2.500 euros, ent\u00e3o poder\u00e1 ter de contactar a empresa lot\u00e9rica para fazer uma reclama\u00e7\u00e3o. Dar-lhe-emos o apoio necess\u00e1rio para tal, enviando-lhe um formul\u00e1rio de reclama\u00e7\u00e3o para preencher. \u00c9 um processo simples e praticamente sem complica\u00e7\u00f5es.<\/p>\n<h2>Conclus\u00e3o<\/h2>\n<p>A vantagem de nos comprar os seus bilhetes de lotaria \u00e9 que sabe que comprou uma entrada na lotaria. Connosco, n\u00e3o aposta no resultado. Com efeito, compra um bilhete de lotaria. Portanto, se ganhar, receber\u00e1 os seus ganhos.<\/p>\n<p>Facilitamos aos jogadores jogar nas lotarias internacionais de topo. Pode comprar os seus bilhetes, verificar a sua combina\u00e7\u00e3o vencedora e retirar facilmente os seus ganhos. Trat\u00e1mos dos detalhes para que possa relaxar e divertir-se. Quando <a href=\"http:\/\/jackpotlotteryonline.com\/pt-pt\/como-jogar\/saturday-lotto\">joga na lotaria com Jackpotlotteryonline.com<\/a>, o que recebe \u00e9 uma situa\u00e7\u00e3o de ganho. Registe-se connosco hoje.<\/p>\n","protected":false},"excerpt":{"rendered":"<p>O Saturday Lotto tamb\u00e9m conhecido como o Tatts Lotto \u00e9 uma das lotarias mais bem sucedidas da Austr\u00e1lia. E agora que os jogadores de todo o mundo podem participar na lotaria, \u00e9 mais importante escolher os n\u00fameros vencedores. Ganhar esta lotaria australiana significa que se pode ir para casa com um m\u00ednimo de 5 milh\u00f5es [&hellip;]<\/p>\n","protected":false},"author":1,"featured_media":0,"parent":35846,"menu_order":18,"comment_status":"closed","ping_status":"closed","template":"saturday-lotto-results.php","meta":{"_et_pb_use_builder":"","_et_pb_old_content":"","_et_gb_content_width":"","exclude_from_search":false,"footnotes":""},"class_list":["post-41271","page","type-page","status-publish","hentry"],"yoast_head":"<!-- This site is optimized with the Yoast SEO plugin v23.3 - https:\/\/yoast.com\/wordpress\/plugins\/seo\/ -->\n<title>N\u00fameros vencedores da lotaria de s\u00e1bado e resultados do sorteio<\/title>\n<meta name=\"description\" content=\"Compare o seu bilhete de lotaria com os resultados do \u00faltimo sorteio da lotaria de s\u00e1bado - veja os n\u00fameros vencedores aqui!\" \/>\n<meta name=\"robots\" content=\"index, follow, max-snippet:-1, max-image-preview:large, max-video-preview:-1\" \/>\n<link rel=\"canonical\" href=\"https:\/\/jackpotlotteryonline.com\/pt-pt\/numeros-vencedores\/saturday-lotto\/\" \/>\n<meta property=\"og:locale\" content=\"pt_PT\" \/>\n<meta property=\"og:type\" content=\"article\" \/>\n<meta property=\"og:title\" content=\"N\u00fameros vencedores da lotaria de s\u00e1bado e resultados do sorteio\" \/>\n<meta property=\"og:description\" content=\"Compare o seu bilhete de lotaria com os resultados do \u00faltimo sorteio da lotaria de s\u00e1bado - veja os n\u00fameros vencedores aqui!\" \/>\n<meta property=\"og:url\" content=\"https:\/\/jackpotlotteryonline.com\/pt-pt\/numeros-vencedores\/saturday-lotto\/\" \/>\n<meta property=\"og:site_name\" content=\"Lotto Online - Crack The International Lottery Jackpots\" \/>\n<meta property=\"article:modified_time\" content=\"2022-12-30T15:24:26+00:00\" \/>\n<meta property=\"og:image\" content=\"http:\/\/jackpotlotteryonline.com\/wp-content\/uploads\/2022\/11\/1_lotto_money_win-300x150.jpg\" \/>\n<meta name=\"twitter:card\" content=\"summary_large_image\" \/>\n<meta name=\"twitter:label1\" content=\"Tempo estimado de leitura\" \/>\n\t<meta name=\"twitter:data1\" content=\"5 minutos\" \/>\n<!-- \/ Yoast SEO plugin. -->","yoast_head_json":{"title":"N\u00fameros vencedores da lotaria de s\u00e1bado e resultados do sorteio","description":"Compare o seu bilhete de lotaria com os resultados do \u00faltimo sorteio da lotaria de s\u00e1bado - veja os n\u00fameros vencedores aqui!","robots":{"index":"index","follow":"follow","max-snippet":"max-snippet:-1","max-image-preview":"max-image-preview:large","max-video-preview":"max-video-preview:-1"},"canonical":"https:\/\/jackpotlotteryonline.com\/pt-pt\/numeros-vencedores\/saturday-lotto\/","og_locale":"pt_PT","og_type":"article","og_title":"N\u00fameros vencedores da lotaria de s\u00e1bado e resultados do sorteio","og_description":"Compare o seu bilhete de lotaria com os resultados do \u00faltimo sorteio da lotaria de s\u00e1bado - veja os n\u00fameros vencedores aqui!","og_url":"https:\/\/jackpotlotteryonline.com\/pt-pt\/numeros-vencedores\/saturday-lotto\/","og_site_name":"Lotto Online - Crack The International Lottery Jackpots","article_modified_time":"2022-12-30T15:24:26+00:00","og_image":[{"url":"http:\/\/jackpotlotteryonline.com\/wp-content\/uploads\/2022\/11\/1_lotto_money_win-300x150.jpg"}],"twitter_card":"summary_large_image","twitter_misc":{"Tempo estimado de leitura":"5 minutos"},"schema":{"@context":"https:\/\/schema.org","@graph":[{"@type":"WebPage","@id":"https:\/\/jackpotlotteryonline.com\/pt-pt\/numeros-vencedores\/saturday-lotto\/","url":"https:\/\/jackpotlotteryonline.com\/pt-pt\/numeros-vencedores\/saturday-lotto\/","name":"N\u00fameros vencedores da lotaria de s\u00e1bado e resultados do sorteio","isPartOf":{"@id":"https:\/\/jackpotlotteryonline.com\/#website"},"primaryImageOfPage":{"@id":"https:\/\/jackpotlotteryonline.com\/pt-pt\/numeros-vencedores\/saturday-lotto\/#primaryimage"},"image":{"@id":"https:\/\/jackpotlotteryonline.com\/pt-pt\/numeros-vencedores\/saturday-lotto\/#primaryimage"},"thumbnailUrl":"http:\/\/jackpotlotteryonline.com\/wp-content\/uploads\/2022\/11\/1_lotto_money_win-300x150.jpg","datePublished":"2022-12-08T19:58:36+00:00","dateModified":"2022-12-30T15:24:26+00:00","description":"Compare o seu bilhete de lotaria com os resultados do \u00faltimo sorteio da lotaria de s\u00e1bado - veja os n\u00fameros vencedores aqui!","breadcrumb":{"@id":"https:\/\/jackpotlotteryonline.com\/pt-pt\/numeros-vencedores\/saturday-lotto\/#breadcrumb"},"inLanguage":"pt-PT","potentialAction":[{"@type":"ReadAction","target":["https:\/\/jackpotlotteryonline.com\/pt-pt\/numeros-vencedores\/saturday-lotto\/"]}]},{"@type":"ImageObject","inLanguage":"pt-PT","@id":"https:\/\/jackpotlotteryonline.com\/pt-pt\/numeros-vencedores\/saturday-lotto\/#primaryimage","url":"http:\/\/jackpotlotteryonline.com\/wp-content\/uploads\/2022\/11\/1_lotto_money_win-300x150.jpg","contentUrl":"http:\/\/jackpotlotteryonline.com\/wp-content\/uploads\/2022\/11\/1_lotto_money_win-300x150.jpg"},{"@type":"BreadcrumbList","@id":"https:\/\/jackpotlotteryonline.com\/pt-pt\/numeros-vencedores\/saturday-lotto\/#breadcrumb","itemListElement":[{"@type":"ListItem","position":1,"name":"Home","item":"https:\/\/jackpotlotteryonline.com\/pt-pt\/"},{"@type":"ListItem","position":2,"name":"Resultados da lotaria","item":"https:\/\/jackpotlotteryonline.com\/winning-numbers\/"},{"@type":"ListItem","position":3,"name":"Resultados do sorteio do sorteio do S\u00e1bado"}]},{"@type":"WebSite","@id":"https:\/\/jackpotlotteryonline.com\/#website","url":"https:\/\/jackpotlotteryonline.com\/","name":"Lotto Online - Crack The International Lottery Jackpots","description":"","potentialAction":[{"@type":"SearchAction","target":{"@type":"EntryPoint","urlTemplate":"https:\/\/jackpotlotteryonline.com\/?s={search_term_string}"},"query-input":"required name=search_term_string"}],"inLanguage":"pt-PT"}]}},"_links":{"self":[{"href":"https:\/\/jackpotlotteryonline.com\/pt-pt\/wp-json\/wp\/v2\/pages\/41271","targetHints":{"allow":["GET"]}}],"collection":[{"href":"https:\/\/jackpotlotteryonline.com\/pt-pt\/wp-json\/wp\/v2\/pages"}],"about":[{"href":"https:\/\/jackpotlotteryonline.com\/pt-pt\/wp-json\/wp\/v2\/types\/page"}],"author":[{"embeddable":true,"href":"https:\/\/jackpotlotteryonline.com\/pt-pt\/wp-json\/wp\/v2\/users\/1"}],"replies":[{"embeddable":true,"href":"https:\/\/jackpotlotteryonline.com\/pt-pt\/wp-json\/wp\/v2\/comments?post=41271"}],"version-history":[{"count":0,"href":"https:\/\/jackpotlotteryonline.com\/pt-pt\/wp-json\/wp\/v2\/pages\/41271\/revisions"}],"up":[{"embeddable":true,"href":"https:\/\/jackpotlotteryonline.com\/pt-pt\/wp-json\/wp\/v2\/pages\/35846"}],"wp:attachment":[{"href":"https:\/\/jackpotlotteryonline.com\/pt-pt\/wp-json\/wp\/v2\/media?parent=41271"}],"curies":[{"name":"wp","href":"https:\/\/api.w.org\/{rel}","templated":true}]}}