{"id":41325,"date":"2022-12-09T06:49:24","date_gmt":"2022-12-09T06:49:24","guid":{"rendered":"https:\/\/jackpotlotteryonline.com\/?page_id=41325"},"modified":"2022-12-29T13:55:31","modified_gmt":"2022-12-29T13:55:31","slug":"thunderball","status":"publish","type":"page","link":"https:\/\/jackpotlotteryonline.com\/pt-pt\/numeros-vencedores\/thunderball\/","title":{"rendered":"Resultados do sorteio do Thunderball Lottery"},"content":{"rendered":"<p>Thunderball \u00e9 uma das lotarias mais populares do Reino Unido. Por apenas uma pequena quantia, os apostadores podem ganhar meio milh\u00e3o de libras, o que \u00e9 fant\u00e1stico. H\u00e1 muitas lotarias por a\u00ed, mas h\u00e1 apenas algo no Thunderball que atrai jogadores. Pode ser as probabilidades incrivelmente favor\u00e1veis ou o facto de produzir muitos vencedores. Seja qual for a raz\u00e3o, os jogadores de todo o mundo tamb\u00e9m est\u00e3o a comprar bilhetes de lotaria Thunderball online.<\/p>\n<p>Se estiver<a href=\"https:\/\/jackpotlotteryonline.com\/pt-pt\/como-jogar\/thunderball\"> a jogar a lotaria online<\/a>, \u00e9 essencial verificar os n\u00fameros vencedores. Isto \u00e9 para que saiba se tem um bilhete que corresponde aos n\u00fameros sorteados. Se estiver a pensar como verificar os resultados do sorteio, ent\u00e3o est\u00e1 no s\u00edtio certo. Partilharemos tamb\u00e9m a melhor forma de verificar os resultados do sorteio.<\/p>\n<p>Se <a href=\"https:\/\/jackpotlotteryonline.com\/pt-pt\/comprar-tickets\/thunderball\">comprar os seus bilhetes no jackpotlotteryonline.com<\/a>, continue a ler para saber como reclamar os seus ganhos.<\/p>\n<h2>Escolhendo os seus n\u00fameros vencedores Thunderball<\/h2>\n<p><img loading=\"lazy\" decoding=\"async\" class=\"alignright size-medium wp-image-29480\" src=\"https:\/\/jackpotlotteryonline.com\/wp-content\/uploads\/2022\/11\/1_rain_lottery_money_win-282x300.jpg\" alt=\"N\u00fameros vencedores do Thunderball\" width=\"282\" height=\"300\" srcset=\"https:\/\/jackpotlotteryonline.com\/wp-content\/uploads\/2022\/11\/1_rain_lottery_money_win-282x300.jpg 282w, https:\/\/jackpotlotteryonline.com\/wp-content\/uploads\/2022\/11\/1_rain_lottery_money_win.jpg 300w\" sizes=\"auto, (max-width: 282px) 100vw, 282px\" \/>H\u00e1 duas formas principais que os jogadores utilizam para escolher os n\u00fameros que querem jogar. Para a maioria das lotarias, \u00e9 necess\u00e1rio escolher de um determinado intervalo. Assim, alguns jogadores gostam de escolher datas que lhes s\u00e3o especiais; como anivers\u00e1rios ou anivers\u00e1rios. Estas s\u00e3o chamadas datas de sorte.<\/p>\n<p>Em algumas partes do mundo, algumas pessoas t\u00eam n\u00fameros que consideram sortudos. Por exemplo, alguns podem ver o n\u00famero 7 como um n\u00famero de sorte, enquanto outros v\u00eaem o n\u00famero 13 como um n\u00famero de azar. Depende realmente do que se considera ser sorte. Este \u00e9 um m\u00e9todo que \u00e9 preferido por muitos jogadores em todo o mundo e que poderia funcionar tamb\u00e9m para si.<\/p>\n<p>A segunda maneira \u00e9 utilizar o nosso gerador autom\u00e1tico para seleccionar os seus n\u00fameros de forma aleat\u00f3ria. Isto funciona para algumas pessoas simplesmente porque a lotaria \u00e9 um jogo de sorte. Embora possa fazer coisas para se sentir sortudo, n\u00e3o h\u00e1 maneira de garantir uma vit\u00f3ria.<\/p>\n<h2>Como jogar Thunderball online<\/h2>\n<p>O Thunderball do Reino Unido \u00e9 um jogo excitante de jogar. O processo \u00e9 igual a qualquer outro jogo de loto. Basicamente, \u00e9 preciso escolher 5 n\u00fameros de um intervalo de 1 a 39 e um n\u00famero especial de 1 a 14. O n\u00famero especial chama-se &#8220;Thunderball&#8221; e \u00e9 utilizado para determinar seis categorias de pr\u00e9mios, incluindo o jackpot.<\/p>\n<p>Jogar online n\u00e3o \u00e9 t\u00e3o diferente, apenas que se pode usar o gerador de n\u00fameros para escolher n\u00fameros aleat\u00f3rios. Isto \u00e9 como o &#8220;molho da sorte&#8221; para aqueles que est\u00e3o habituados a bilhetes f\u00edsicos. Pode escolher v\u00e1rias linhas e v\u00e1rios bilhetes para aumentar as suas hip\u00f3teses de ganhar a Thunderball.<\/p>\n<p>O passo seguinte \u00e9 entrar no sorteio e esta \u00e9 a melhor parte. Note-se que \u00e9 perfeitamente correcto participar em v\u00e1rios sorteios. E se nos comprar o seu bilhete, pode tamb\u00e9m participar no sorteio com v\u00e1rias semanas de anteced\u00eancia. Isto d\u00e1-lhe uma vantagem quando se trata de jogar este jogo de azar.<\/p>\n<section class=\"layout\" style=\"border: solid 1px; width: 100%;\">\n<div class=\"img-div\" style=\"margin-top: 5px;\"><img decoding=\"async\" class=\"wp-image-17212 alignleft\" style=\"height: 45px; margin: 8px 8px 0px;\" src=\"https:\/\/jackpotlotteryonline.com\/wp-content\/uploads\/2022\/11\/read1.jpg\" alt=\"ler\" width=\"\" height=\"\" \/><\/div>\n<div style=\"padding-left: 5px;\">\n<div style=\"font-size: 1.1em;\">\n<p><strong>As lotarias que t\u00eam as melhores probabilidades de ganhar em grande<\/strong><\/p>\n<p style=\"font-size: 0.85em; margin-top: -1.5em;\">Qual a lotaria que tem melhores hip\u00f3teses de ganhar?\u00a0<a href=\"https:\/\/jackpotlotteryonline.com\/pt-pt\/qual-a-lotaria-que-tem-as-melhores-hipoteses-de-ganhar\"> leia mais<\/a><\/p>\n<\/div>\n<\/div>\n<\/section>\n<h2>Dias de sorteio de Thunderball<\/h2>\n<p>Os dias de sorteio s\u00e3o quatro vezes por semana, \u00e0s ter\u00e7as, quartas, sextas e s\u00e1bados. Esta lotaria do Reino Unido tem quatro sorteios todas as semanas. O que isto significa para os jogadores \u00e9 que \u00e9 quatro vezes mais prov\u00e1vel ganhar o jackpot com o Thunderball.<\/p>\n<p>Pode participar num \u00fanico sorteio, mas \u00e9 provavelmente melhor participar em v\u00e1rios sorteios, para que tenha uma probabilidade muito maior de ganhar. Lembre-se que com mais entradas tem uma maior probabilidade de ganhar.<\/p>\n<h2>Como verificar os resultados do sorteio com o Thunderball<\/h2>\n<p>Agora a melhor parte, que \u00e9 a verifica\u00e7\u00e3o dos resultados do sorteio. A \u00fanica forma de saber se tem a combina\u00e7\u00e3o certa \u00e9 verificar os resultados do sorteio. A maior parte das lotarias realizam desenhos ao vivo e o Thunderball n\u00e3o \u00e9 excep\u00e7\u00e3o. Assim, pode assistir ao sorteio ao vivo online. \u00c9 importante notar que os sorteios ao vivo t\u00eam lugar num determinado momento e se perder o seu pr\u00e9mio se ganhar.<\/p>\n<p>Naturalmente, poder\u00e1 sempre explorar a Internet para saber se \u00e9 o vencedor. Infelizmente, embora possa obter a combina\u00e7\u00e3o para o jackpot, n\u00e3o \u00e9 t\u00e3o f\u00e1cil para as outras categorias de pr\u00e9mios. O pr\u00e9mio de segundo n\u00edvel para o Thunderball \u00e9 de 5.000 libras esterlinas e n\u00e3o vai querer perder isso.<\/p>\n<p>A melhor op\u00e7\u00e3o \u00e9 verificar novamente nesta p\u00e1gina ap\u00f3s cada sorteio. Publicamos os resultados dos \u00faltimos sorteios em todas as categorias. Al\u00e9m disso, se nos comprou o seu bilhete, notific\u00e1-lo-emos se ganhar algum pr\u00e9mio.<\/p>\n<h2>Pr\u00e9mios que pode ganhar<\/h2>\n<p>Dito isto, quais s\u00e3o os diferentes pr\u00e9mios entre as v\u00e1rias categorias? O Thunderball do Reino Unido tem v\u00e1rias categorias de pr\u00e9mios com um pr\u00e9mio apenas por igualar o Thunderball. H\u00e1 uma grande probabilidade de um jogador poder ganhar um pr\u00e9mio.<\/p>\n<p>Aqui est\u00e1 a reparti\u00e7\u00e3o das categorias de pr\u00e9mios para o Thunderball do Reino Unido, bem como as probabilidades de ganhar.<\/p>\n<p>Categoria 1: Jogo 5 + Thunderball &#8211; 1 em 8.060.598 &#8211; \u00a3500.000<\/p>\n<p>Categoria 2: Combine apenas 5 &#8211; 1 em 620,046 &#8211; \u00a35000<\/p>\n<p>Categoria 3: Jogo 4 + Thunderball &#8211; 1 em 47,416 &#8211; \u00a3250<\/p>\n<p>Categoria 4: Combinar apenas 4 &#8211; 1 em 3,648 &#8211; \u00a3100<\/p>\n<p>Categoria 5: Jogo 3 + Thunderball &#8211; 1 em 1,437 &#8211; \u00a320<\/p>\n<p>Categoria 6: Jogo apenas 3 &#8211; 1 em 111 &#8211; \u00a310<\/p>\n<p>Categoria 7: Jogo 2 + Thunderball &#8211; 1 em 135 &#8211; \u00a310<\/p>\n<p>Categoria 8: Jogo 1 + Thunderball &#8211; 1 em 35 &#8211; \u00a35<\/p>\n<p>Categoria 9: Jogo Thunderball &#8211; 1 em 29 &#8211; \u00a33<\/p>\n<p>Qualquer pessoa pode ganhar um pr\u00e9mio Thunderball, mesmo que viva fora do Reino Unido. Basta comprar o seu bilhete online para ter uma oportunidade de ganhar em grande.<\/p>\n<h2>Levantar as suas vit\u00f3rias<\/h2>\n<p><img loading=\"lazy\" decoding=\"async\" class=\"alignright size-full wp-image-28832\" src=\"https:\/\/jackpotlotteryonline.com\/wp-content\/uploads\/2022\/11\/1_online_win_lottery.jpg\" alt=\"reclamar o pr\u00e9mio Thunderball\" width=\"250\" height=\"167\" \/>Mencion\u00e1mos que o notificaremos via e-mail e atrav\u00e9s da sua conta se tiver um bilhete vencedor. Mas, como \u00e9 que retira os seus ganhos quando vive fora do Reino Unido? Esta \u00e9 uma quest\u00e3o com a qual muitos apostadores se preocupam. Bem, estamos aqui para descansar o seu cora\u00e7\u00e3o sobre os seus ganhos.<\/p>\n<p>Quando se regista connosco e nos compra os seus bilhetes de lotaria, simplificamos o processo para si. Como site de concierge, cri\u00e1mos um processo cont\u00ednuo atrav\u00e9s do qual pode facilmente retirar os seus ganhos. Com pr\u00e9mios inferiores a 2.500 Euros, tudo o que precisa de fazer \u00e9 levantar do nosso site para a sua conta.<\/p>\n<p>Se tiver ganho um pr\u00e9mio superior a esse montante, ter\u00e1 de reclamar o seu pr\u00e9mio directamente \u00e0 empresa lot\u00e9rica. Fornecer-lhe-emos um formul\u00e1rio de reclama\u00e7\u00e3o e gui\u00e1-lo-emos ao longo do processo. Assim, n\u00e3o h\u00e1 necessidade de temer, asseguramos que tudo \u00e9 f\u00e1cil e sem stress.<\/p>\n<h2>Coisas que deve saber antes de reclamar o seu pr\u00e9mio<\/h2>\n<p>Antes de reclamar o seu pr\u00e9mio, \u00e9 importante saber algumas coisas sobre como jogar na lotaria no Reino Unido. J\u00e1 sabemos que a lotaria est\u00e1 aberta a todos, independentemente da nacionalidade, no entanto, aqui est\u00e3o algumas coisas a notar:<\/p>\n<ul>\n<li>A lotaria est\u00e1 aberta a jogadores com mais de 16 anos de idade<\/li>\n<li>Os pr\u00e9mios s\u00e3o pagos de uma s\u00f3 vez<\/li>\n<li>Os ganhos da lotaria n\u00e3o est\u00e3o sujeitos a impostos no pa\u00eds. No entanto, se estiver a jogar fora do pa\u00eds, deve verificar as leis fiscais do seu pa\u00eds<\/li>\n<li>Tem 180 dias para reclamar qualquer vit\u00f3ria antes de voltar a entrar na piscina<\/li>\n<li>Se entrou na lotaria atrav\u00e9s de um vendedor f\u00edsico, poder\u00e1 ter de contactar os organizadores da lotaria para reclamar o seu pr\u00e9mio.<\/li>\n<\/ul>\n<h2>Vantagens de jogar na lotaria com Jackpotlotteryonline.com<\/h2>\n<ul>\n<li>O acesso \u00e0 lotaria \u00e9 r\u00e1pido e imediato. N\u00e3o precisa de viver no Reino Unido para jogar na lotaria.<\/li>\n<li>\u00c9 super conveniente, pois n\u00e3o precisa de deixar o conforto da sua casa. Verifique a sua combina\u00e7\u00e3o a partir do seu computador ou dispositivo m\u00f3vel.<\/li>\n<li>\u00c9 tamb\u00e9m mais seguro porque o seu bilhete \u00e9 armazenado digitalmente. Isso \u00e9 importante porque \u00e9 a \u00fanica forma de reclamar a sua vit\u00f3ria.<\/li>\n<li>N\u00e3o precisa de perder a sua vit\u00f3ria porque o alertaremos imediatamente se ganhar algum pr\u00e9mio.<\/li>\n<li>Pode facilmente retirar qualquer vit\u00f3ria online sem ir a lado nenhum<\/li>\n<\/ul>\n<p>Se ainda n\u00e3o comprou o seu bilhete Thunderball, este \u00e9 um \u00f3ptimo momento para o fazer, para que possa participar no pr\u00f3ximo sorteio.<\/p>\n<h2>O que \u00e9 um site de concierge?<\/h2>\n<p>Mencion\u00e1mos que somos um site de concierge e poder\u00e1 estar a perguntar-se do que se trata. Bem, um problema que os jogadores t\u00eam com a compra de bilhetes online \u00e9 que nunca sabem se entraram na lotaria. Muitos sites deixam os seus jogadores apostar no resultado da lotaria, o que \u00e9 algo totalmente diferente.<\/p>\n<p>No jackpotlotteryonline.com, damos aos nossos utilizadores acesso \u00e0s principais lotarias internacionais de todo o mundo. Isto porque gerimos um site de concierge onde temos agentes em diferentes partes do mundo. Quando nos compra bilhetes de lotaria, o nosso agente nesse pa\u00eds compra um bilhete f\u00edsico com os n\u00fameros correspondentes. O bilhete \u00e9 ent\u00e3o digitalizado e enviado para si.<\/p>\n<p>Quando nos compra o seu bilhete de lotaria Thunderball, tem a certeza de que se igualar os n\u00fameros sorteados, ganhar\u00e1 a lotaria. \u00c9 t\u00e3o simples quanto isso, mas \u00e9 a \u00fanica coisa que d\u00e1 aos nossos clientes a paz de esp\u00edrito para jogar na lotaria online.<\/p>\n<h2>Dicas para ganhar Thunderball<\/h2>\n<p>Embora o Thunderball seja um jogo de azar, h\u00e1 coisas que pode fazer para aumentar a sua probabilidade de ganhar. Iremos listar algumas delas abaixo:<\/p>\n<ul>\n<li>Escolha os seus d\u00edgitos da sorte. N\u00e3o pode ter demasiada sorte quando joga Thunderball<\/li>\n<li>Comprar mais bilhetes e participar em m\u00faltiplos sorteios. Isto porque quanto mais entradas tiver, maiores s\u00e3o as suas hip\u00f3teses de ganhar.<\/li>\n<li>Junte-se a um sindicato ou forme um sindicato. Este \u00e9 um grupo de pessoas que juntam os seus recursos para que possam comprar mais bilhetes.<\/li>\n<li>Tenha uma forte convic\u00e7\u00e3o de que ir\u00e1 ganhar. H\u00e1 algo em acreditar com todo o seu cora\u00e7\u00e3o que lhe atrai a sorte. V\u00e1rios vencedores da lotaria t\u00eam falado da sua cren\u00e7a de que ganhariam.<\/li>\n<\/ul>\n<h2>Verifique a sua combina\u00e7\u00e3o vencedora no jackpotlotteryonline.com<\/h2>\n<p>Facilitamos aos jogadores o acesso \u00e0s principais lotarias internacionais, fornecendo bilhetes online. Al\u00e9m disso, pode tamb\u00e9m verificar os resultados do sorteio e retirar os seus ganhos do nosso site. Jogar Thunderball nunca foi t\u00e3o relaxante ou sem stress. E temos trabalhado arduamente para garantir que continue a ser assim.<\/p>\n<p>Se quiser experimentar o Thunderball do Reino Unido, n\u00e3o hesite em comprar os seus bilhetes agora. Visite o nosso site ap\u00f3s cada sorteio para descobrir os resultados do sorteio e descontar facilmente as suas vit\u00f3rias.<\/p>\n","protected":false},"excerpt":{"rendered":"<p>Thunderball \u00e9 uma das lotarias mais populares do Reino Unido. Por apenas uma pequena quantia, os apostadores podem ganhar meio milh\u00e3o de libras, o que \u00e9 fant\u00e1stico. H\u00e1 muitas lotarias por a\u00ed, mas h\u00e1 apenas algo no Thunderball que atrai jogadores. Pode ser as probabilidades incrivelmente favor\u00e1veis ou o facto de produzir muitos vencedores. Seja [&hellip;]<\/p>\n","protected":false},"author":1,"featured_media":0,"parent":35846,"menu_order":12,"comment_status":"closed","ping_status":"closed","template":"thunderball-results.php","meta":{"_et_pb_use_builder":"","_et_pb_old_content":"","_et_gb_content_width":"","exclude_from_search":false,"footnotes":""},"class_list":["post-41325","page","type-page","status-publish","hentry"],"yoast_head":"<!-- This site is optimized with the Yoast SEO plugin v23.3 - https:\/\/yoast.com\/wordpress\/plugins\/seo\/ -->\n<title>N\u00fameros vencedores da Thunderball Lottery e resultados do sorteio<\/title>\n<meta name=\"description\" content=\"Verifique o seu bilhete face aos n\u00fameros vencedores e resultados do \u00faltimo sorteio Thunderball, ou encontre os resultados hist\u00f3ricos do sorteio\" \/>\n<meta name=\"robots\" content=\"index, follow, max-snippet:-1, max-image-preview:large, max-video-preview:-1\" \/>\n<link rel=\"canonical\" href=\"https:\/\/jackpotlotteryonline.com\/pt-pt\/numeros-vencedores\/thunderball\/\" \/>\n<meta property=\"og:locale\" content=\"pt_PT\" \/>\n<meta property=\"og:type\" content=\"article\" \/>\n<meta property=\"og:title\" content=\"N\u00fameros vencedores da Thunderball Lottery e resultados do sorteio\" \/>\n<meta property=\"og:description\" content=\"Verifique o seu bilhete face aos n\u00fameros vencedores e resultados do \u00faltimo sorteio Thunderball, ou encontre os resultados hist\u00f3ricos do sorteio\" \/>\n<meta property=\"og:url\" content=\"https:\/\/jackpotlotteryonline.com\/pt-pt\/numeros-vencedores\/thunderball\/\" \/>\n<meta property=\"og:site_name\" content=\"Lotto Online - Crack The International Lottery Jackpots\" \/>\n<meta property=\"article:modified_time\" content=\"2022-12-29T13:55:31+00:00\" \/>\n<meta property=\"og:image\" content=\"https:\/\/jackpotlotteryonline.com\/wp-content\/uploads\/2022\/11\/1_rain_lottery_money_win-282x300.jpg\" \/>\n<meta name=\"twitter:card\" content=\"summary_large_image\" \/>\n<meta name=\"twitter:label1\" content=\"Tempo estimado de leitura\" \/>\n\t<meta name=\"twitter:data1\" content=\"9 minutos\" \/>\n<!-- \/ Yoast SEO plugin. -->","yoast_head_json":{"title":"N\u00fameros vencedores da Thunderball Lottery e resultados do sorteio","description":"Verifique o seu bilhete face aos n\u00fameros vencedores e resultados do \u00faltimo sorteio Thunderball, ou encontre os resultados hist\u00f3ricos do sorteio","robots":{"index":"index","follow":"follow","max-snippet":"max-snippet:-1","max-image-preview":"max-image-preview:large","max-video-preview":"max-video-preview:-1"},"canonical":"https:\/\/jackpotlotteryonline.com\/pt-pt\/numeros-vencedores\/thunderball\/","og_locale":"pt_PT","og_type":"article","og_title":"N\u00fameros vencedores da Thunderball Lottery e resultados do sorteio","og_description":"Verifique o seu bilhete face aos n\u00fameros vencedores e resultados do \u00faltimo sorteio Thunderball, ou encontre os resultados hist\u00f3ricos do sorteio","og_url":"https:\/\/jackpotlotteryonline.com\/pt-pt\/numeros-vencedores\/thunderball\/","og_site_name":"Lotto Online - Crack The International Lottery Jackpots","article_modified_time":"2022-12-29T13:55:31+00:00","og_image":[{"url":"https:\/\/jackpotlotteryonline.com\/wp-content\/uploads\/2022\/11\/1_rain_lottery_money_win-282x300.jpg"}],"twitter_card":"summary_large_image","twitter_misc":{"Tempo estimado de leitura":"9 minutos"},"schema":{"@context":"https:\/\/schema.org","@graph":[{"@type":"WebPage","@id":"https:\/\/jackpotlotteryonline.com\/pt-pt\/numeros-vencedores\/thunderball\/","url":"https:\/\/jackpotlotteryonline.com\/pt-pt\/numeros-vencedores\/thunderball\/","name":"N\u00fameros vencedores da Thunderball Lottery e resultados do sorteio","isPartOf":{"@id":"https:\/\/jackpotlotteryonline.com\/#website"},"primaryImageOfPage":{"@id":"https:\/\/jackpotlotteryonline.com\/pt-pt\/numeros-vencedores\/thunderball\/#primaryimage"},"image":{"@id":"https:\/\/jackpotlotteryonline.com\/pt-pt\/numeros-vencedores\/thunderball\/#primaryimage"},"thumbnailUrl":"https:\/\/jackpotlotteryonline.com\/wp-content\/uploads\/2022\/11\/1_rain_lottery_money_win-282x300.jpg","datePublished":"2022-12-09T06:49:24+00:00","dateModified":"2022-12-29T13:55:31+00:00","description":"Verifique o seu bilhete face aos n\u00fameros vencedores e resultados do \u00faltimo sorteio Thunderball, ou encontre os resultados hist\u00f3ricos do sorteio","breadcrumb":{"@id":"https:\/\/jackpotlotteryonline.com\/pt-pt\/numeros-vencedores\/thunderball\/#breadcrumb"},"inLanguage":"pt-PT","potentialAction":[{"@type":"ReadAction","target":["https:\/\/jackpotlotteryonline.com\/pt-pt\/numeros-vencedores\/thunderball\/"]}]},{"@type":"ImageObject","inLanguage":"pt-PT","@id":"https:\/\/jackpotlotteryonline.com\/pt-pt\/numeros-vencedores\/thunderball\/#primaryimage","url":"https:\/\/jackpotlotteryonline.com\/wp-content\/uploads\/2022\/11\/1_rain_lottery_money_win-282x300.jpg","contentUrl":"https:\/\/jackpotlotteryonline.com\/wp-content\/uploads\/2022\/11\/1_rain_lottery_money_win-282x300.jpg"},{"@type":"BreadcrumbList","@id":"https:\/\/jackpotlotteryonline.com\/pt-pt\/numeros-vencedores\/thunderball\/#breadcrumb","itemListElement":[{"@type":"ListItem","position":1,"name":"Home","item":"https:\/\/jackpotlotteryonline.com\/pt-pt\/"},{"@type":"ListItem","position":2,"name":"Resultados da lotaria","item":"https:\/\/jackpotlotteryonline.com\/winning-numbers\/"},{"@type":"ListItem","position":3,"name":"Resultados do sorteio do Thunderball Lottery"}]},{"@type":"WebSite","@id":"https:\/\/jackpotlotteryonline.com\/#website","url":"https:\/\/jackpotlotteryonline.com\/","name":"Lotto Online - Crack The International Lottery Jackpots","description":"","potentialAction":[{"@type":"SearchAction","target":{"@type":"EntryPoint","urlTemplate":"https:\/\/jackpotlotteryonline.com\/?s={search_term_string}"},"query-input":"required name=search_term_string"}],"inLanguage":"pt-PT"}]}},"_links":{"self":[{"href":"https:\/\/jackpotlotteryonline.com\/pt-pt\/wp-json\/wp\/v2\/pages\/41325","targetHints":{"allow":["GET"]}}],"collection":[{"href":"https:\/\/jackpotlotteryonline.com\/pt-pt\/wp-json\/wp\/v2\/pages"}],"about":[{"href":"https:\/\/jackpotlotteryonline.com\/pt-pt\/wp-json\/wp\/v2\/types\/page"}],"author":[{"embeddable":true,"href":"https:\/\/jackpotlotteryonline.com\/pt-pt\/wp-json\/wp\/v2\/users\/1"}],"replies":[{"embeddable":true,"href":"https:\/\/jackpotlotteryonline.com\/pt-pt\/wp-json\/wp\/v2\/comments?post=41325"}],"version-history":[{"count":0,"href":"https:\/\/jackpotlotteryonline.com\/pt-pt\/wp-json\/wp\/v2\/pages\/41325\/revisions"}],"up":[{"embeddable":true,"href":"https:\/\/jackpotlotteryonline.com\/pt-pt\/wp-json\/wp\/v2\/pages\/35846"}],"wp:attachment":[{"href":"https:\/\/jackpotlotteryonline.com\/pt-pt\/wp-json\/wp\/v2\/media?parent=41325"}],"curies":[{"name":"wp","href":"https:\/\/api.w.org\/{rel}","templated":true}]}}