{"id":41379,"date":"2022-12-09T08:49:47","date_gmt":"2022-12-09T08:49:47","guid":{"rendered":"https:\/\/jackpotlotteryonline.com\/?page_id=41379"},"modified":"2022-12-30T10:11:20","modified_gmt":"2022-12-30T10:11:20","slug":"new-york-lottery","status":"publish","type":"page","link":"https:\/\/jackpotlotteryonline.com\/pt-pt\/numeros-vencedores\/new-york-lottery\/","title":{"rendered":"Resultados do sorteio da lotaria de Nova Iorque"},"content":{"rendered":"<p>A lotaria de Nova Iorque costumava ser uma dessas lotarias negligenciadas. Principalmente porque s\u00f3 se podia entrar na lotaria como residente de Nova Iorque. Tudo isso mudou agora, uma vez que jogadores de todo o mundo podem comprar bilhetes de lotaria. Agora, mais entusiastas da lotaria est\u00e3o a escolher n\u00fameros vencedores ao jogar online. Esta lotaria de Nova Iorque foi fundada para angariar fundos para a educa\u00e7\u00e3o, por isso tem as suas origens numa boa causa. Cada vez que se compra um bilhete, est\u00e1-se a dar para financiar a educa\u00e7\u00e3o.<\/p>\n<p>Pode escolher a sua combina\u00e7\u00e3o da lotaria de Nova Iorque quando <a href=\"https:\/\/jackpotlotteryonline.com\/pt-pt\/comprar-tickets\/new-york-lottery\">comprar o seu bilhete de lotaria no jackpotlotteryonline.com.<\/a><\/p>\n<h2>Como jogar a lotaria de Nova Iorque online<\/h2>\n<p><img loading=\"lazy\" decoding=\"async\" class=\"alignright size-full wp-image-29534\" src=\"http:\/\/jackpotlotteryonline.com\/wp-content\/uploads\/2022\/11\/1_results_lottery_online5.jpg\" alt=\"jogar a lotaria de Nova Iorque online\" width=\"300\" height=\"200\" \/>Jogar na lotaria \u00e9 divertido e emocionante. Mas essa experi\u00eancia aumenta quando se joga online. Jogar na lotaria online \u00e9 r\u00e1pido, simples e totalmente simples. Se estiver a jogar na lotaria de Nova Iorque, aqui est\u00e3o os passos abaixo:<\/p>\n<ul>\n<li>Visite o site da sua escolha (como o jackpotlotteryonline.com) e clique na lotaria que deseja jogar.<\/li>\n<li>Escolha 6 de uma gama de 1 a 59. Existe um 7\u00ba n\u00famero, mas este \u00e9 sorteado aleatoriamente pela empresa lot\u00e9rica e n\u00e3o faz parte do seu bilhete.<\/li>\n<li>Participe nos sorteios que se realizam \u00e0s quartas e s\u00e1bados de cada semana. Pode participar apenas num sorteio ou em ambos.<\/li>\n<li>Finalize o seu pagamento. A maioria dos sites de lotaria ir\u00e1 solicitar que se registe para completar o seu pagamento. Isto \u00e9 para que possa aceder facilmente ao seu bilhete depois de o ter comprado.<\/li>\n<\/ul>\n<p>Jogar na lotaria on-line \u00e9 realmente assim t\u00e3o simples. N\u00e3o h\u00e1 outra forma de obter bilhetes de fora de Nova Iorque. \u00c9 por isso que oferecemos a melhor op\u00e7\u00e3o para os jogadores que vivem noutra parte do mundo.<\/p>\n<h2>Como escolher os n\u00fameros vencedores<\/h2>\n<p>Ok, existe realmente uma estrat\u00e9gia vencedora para escolher combina\u00e7\u00f5es que s\u00e3o garantidas para ganhar a lotaria? N\u00e3o pensamos que haja pela simples raz\u00e3o de que a lotaria \u00e9 um jogo de azar. \u00c9 bastante dif\u00edcil dizer qual a combina\u00e7\u00e3o que o ajudar\u00e1 a ganhar a lotaria, particularmente porque os sorteios s\u00e3o aleat\u00f3rios.<\/p>\n<p>No entanto, pode aumentar a sua sorte escolhendo n\u00fameros vencedores que o fa\u00e7am sentir-se sortudo. Assim, pode escolher anivers\u00e1rios, anivers\u00e1rios, d\u00edgitos que lhe tenham dado sorte durante toda a sua vida, etc. Ou, pode simplesmente utilizar a ferramenta do gerador autom\u00e1tico no nosso site para escolher n\u00fameros aleat\u00f3rios.<\/p>\n<h2>Categorias de pr\u00e9mios da lotaria de Nova Iorque<\/h2>\n<p>Esta lotaria de Nova Iorque tem um jackpot m\u00ednimo de 2 milh\u00f5es de d\u00f3lares. Mas se ningu\u00e9m ganhar o jackpot ap\u00f3s os sorteios, este aumenta em 300.000 d\u00f3lares. Este pr\u00e9mio continua a aumentar at\u00e9 que apare\u00e7a um vencedor.<\/p>\n<p>H\u00e1 cinco categorias de pr\u00e9mios no total, incluindo o jackpot. E as probabilidades de ganhar um pr\u00e9mio no total s\u00e3o de 1 em 92,05. A distribui\u00e7\u00e3o dos pr\u00e9mios depende das vendas totais. Assim, para cada lotaria, 40% das vendas s\u00e3o atribu\u00eddas como pr\u00e9mio monet\u00e1rio. O jackpot \u00e9 uma percentagem deste e n\u00e3o \u00e9 uma quantia bloqueada. As categorias de pr\u00e9mios para a lotaria de Nova Iorque s\u00e3o descritas abaixo:<\/p>\n<p>Categoria 1: 6 n\u00fameros &#8211; jackpot (30%)<\/p>\n<p>Categoria 2: 5 + N\u00famero de b\u00f3nus &#8211; 2,9% das vendas<\/p>\n<p>Categoria 3: 5 n\u00fameros &#8211; 2,2% das vendas<\/p>\n<p>Categoria 4: 4 n\u00fameros &#8211; 2,5% das vendas<\/p>\n<p>Categoria 5: 3 n\u00fameros &#8211; 2,4% das vendas<\/p>\n<h2>Como verificar os n\u00fameros vencedores<\/h2>\n<p>Como \u00e9 que sabe se ganhou um pr\u00e9mio? Basicamente, se estiver a jogar na lotaria de Nova Iorque no jackpotlotteryonline.com, ent\u00e3o inform\u00e1-lo-emos se ganhou um pr\u00e9mio. Fazemos isso enviando uma mensagem para a sua conta e para o seu e-mail. N\u00e3o h\u00e1 realmente maneira de perder o seu pr\u00e9mio se estiver registado connosco.<\/p>\n<p>Mesmo que n\u00e3o ganhe um pr\u00e9mio, pode ainda assim verificar os n\u00fameros vencedores visitando esta p\u00e1gina. Afixamos os resultados do sorteio aqui mesmo ap\u00f3s cada sorteio. Portanto, verifique novamente e veja qual a combina\u00e7\u00e3o que ganhou o jackpot ou os pr\u00e9mios de outras categorias.<\/p>\n<h2>Como retirar o seu pr\u00e9mio<\/h2>\n<p><img loading=\"lazy\" decoding=\"async\" class=\"alignright size-medium wp-image-29183\" src=\"http:\/\/jackpotlotteryonline.com\/wp-content\/uploads\/2022\/11\/1_play_lotto-online-300x199.jpg\" alt=\"N\u00fameros vencedores da lotaria de Nova Iorque\" width=\"300\" height=\"199\" srcset=\"https:\/\/jackpotlotteryonline.com\/wp-content\/uploads\/2022\/11\/1_play_lotto-online-300x199.jpg 300w, https:\/\/jackpotlotteryonline.com\/wp-content\/uploads\/2022\/11\/1_play_lotto-online.jpg 350w\" sizes=\"auto, (max-width: 300px) 100vw, 300px\" \/>Se ganhou um pr\u00e9mio, pode facilmente ter acesso aos seus ganhos aqui mesmo no nosso site. Para pr\u00e9mios inferiores a 2.500 euros, pode retirar os seus ganhos directamente da nossa plataforma para o seu banco. \u00c9 apenas uma quest\u00e3o de alguns cliques e receber\u00e1 o seu pr\u00e9mio sem qualquer inc\u00f3modo.<\/p>\n<p>No entanto, se o seu pr\u00e9mio for superior a 2.500 euros, poder\u00e1 ter de contactar directamente a empresa lot\u00e9rica. Se for esse o caso, enviar-lhe-emos um formul\u00e1rio de reclama\u00e7\u00e3o para preencher e ajud\u00e1-lo a processar o seu pr\u00e9mio.<\/p>\n<h2>Dicas para jogar na lotaria de Nova Iorque<\/h2>\n<p>Se precisar de algumas dicas para jogar na lotaria, ent\u00e3o continue a ler. Estas dicas s\u00e3o \u00fateis quando se est\u00e1 a jogar em qualquer lotaria internacional de topo. Portanto, n\u00e3o se limitam apenas \u00e0 lotaria de Nova Iorque.<\/p>\n<ul>\n<li>Escolha os seus n\u00fameros vencedores com cuidado. Embora n\u00e3o possa prever o vencedor da lotaria, \u00e9 sempre uma boa ideia escolher uma combina\u00e7\u00e3o que tenha significado para si.<\/li>\n<li>Para esta lotaria de Nova Iorque, o n\u00famero de b\u00f3nus \u00e9 importante porque determina o pr\u00e9mio na segunda categoria. Portanto, n\u00e3o o ignore, pois pode ir para casa com um bonito pr\u00e9mio, mesmo que n\u00e3o ganhe o jackpot.<\/li>\n<li>Preste aten\u00e7\u00e3o aos dias de sorteio porque \u00e9 a\u00ed que conhecemos o n\u00famero que ganha. Al\u00e9m disso, se n\u00e3o participar num sorteio, ent\u00e3o n\u00e3o poder\u00e1 ganhar nenhum pr\u00e9mio durante esse sorteio. Portanto, os dias de sorteio s\u00e3o realmente importantes. Tamb\u00e9m pode participar nos sorteios com v\u00e1rias semanas de anteced\u00eancia (mostrar-lhe-emos como, mais tarde).<\/li>\n<\/ul>\n<section class=\"layout\" style=\"border: solid 1px; width: 100%;\">\n<div class=\"img-div\" style=\"margin-top: 5px;\"><img decoding=\"async\" class=\"wp-image-17212 alignleft\" style=\"height: 45px; margin: 8px 8px 0px;\" src=\"http:\/\/jackpotlotteryonline.com\/wp-content\/uploads\/2022\/11\/read1.jpg\" alt=\"ler\" width=\"\" height=\"\" \/><\/div>\n<div style=\"padding-left: 5px;\">\n<div style=\"font-size: 1.1em;\">\n<p><strong>Qual \u00e9 o segredo do sucesso da lotaria?<\/strong><\/p>\n<p style=\"font-size: 0.85em; margin-top: -1.5em;\">Como jogar na lotaria com sucesso\u00a0<a href=\"https:\/\/jackpotlotteryonline.com\/pt-pt\/o-que-e-o-segundo-sucesso-de-bilheteira\"> leia mais<\/a><\/p>\n<\/div>\n<\/div>\n<\/section>\n<h2>Verifique os resultados do sorteio no jackpotlotteryonline.com<\/h2>\n<p>Somos um site de concierge que se ocupa dos detalhes para que os nossos clientes possam desfrutar da experi\u00eancia de jogar na lotaria. Compreendemos que ningu\u00e9m quer preocupar-se com as pequenas coisas. Esse tempo poderia ser melhor gasto a aperfei\u00e7oar a sua estrat\u00e9gia de lotaria. E \u00e9 por isso que estamos aqui.<\/p>\n<p>Damos aos nossos clientes a oportunidade de participar em lotarias em todo o mundo. Tamb\u00e9m publicamos os resultados das lotarias aqui mesmo e fornecemos um sistema sem descontinuidades para que possa aceder aos seus ganhos.<\/p>\n<p><a href=\"https:\/\/jackpotlotteryonline.com\/pt-pt\/como-jogar\/new-york-lottery-2\">Jogar na lotaria de Nova Iorque connosco<\/a> \u00e9 um ganho para todos.<\/p>\n","protected":false},"excerpt":{"rendered":"<p>A lotaria de Nova Iorque costumava ser uma dessas lotarias negligenciadas. Principalmente porque s\u00f3 se podia entrar na lotaria como residente de Nova Iorque. Tudo isso mudou agora, uma vez que jogadores de todo o mundo podem comprar bilhetes de lotaria. Agora, mais entusiastas da lotaria est\u00e3o a escolher n\u00fameros vencedores ao jogar online. Esta [&hellip;]<\/p>\n","protected":false},"author":1,"featured_media":0,"parent":35846,"menu_order":15,"comment_status":"closed","ping_status":"closed","template":"newyork-results.php","meta":{"_et_pb_use_builder":"","_et_pb_old_content":"","_et_gb_content_width":"","exclude_from_search":false,"footnotes":""},"class_list":["post-41379","page","type-page","status-publish","hentry"],"yoast_head":"<!-- This site is optimized with the Yoast SEO plugin v23.3 - https:\/\/yoast.com\/wordpress\/plugins\/seo\/ -->\n<title>N\u00fameros vencedores da lotaria de Nova Iorque e resultados do sorteio<\/title>\n<meta name=\"description\" content=\"Os resultados do sorteio da New York Lottery - n\u00fameros vencedores, montantes ganhos para todos os sorteios passados e presentes\" \/>\n<meta name=\"robots\" content=\"index, follow, max-snippet:-1, max-image-preview:large, max-video-preview:-1\" \/>\n<link rel=\"canonical\" href=\"https:\/\/jackpotlotteryonline.com\/pt-pt\/numeros-vencedores\/new-york-lottery\/\" \/>\n<meta property=\"og:locale\" content=\"pt_PT\" \/>\n<meta property=\"og:type\" content=\"article\" \/>\n<meta property=\"og:title\" content=\"N\u00fameros vencedores da lotaria de Nova Iorque e resultados do sorteio\" \/>\n<meta property=\"og:description\" content=\"Os resultados do sorteio da New York Lottery - n\u00fameros vencedores, montantes ganhos para todos os sorteios passados e presentes\" \/>\n<meta property=\"og:url\" content=\"https:\/\/jackpotlotteryonline.com\/pt-pt\/numeros-vencedores\/new-york-lottery\/\" \/>\n<meta property=\"og:site_name\" content=\"Lotto Online - Crack The International Lottery Jackpots\" \/>\n<meta property=\"article:modified_time\" content=\"2022-12-30T10:11:20+00:00\" \/>\n<meta property=\"og:image\" content=\"http:\/\/jackpotlotteryonline.com\/wp-content\/uploads\/2022\/11\/1_results_lottery_online5.jpg\" \/>\n<meta name=\"twitter:card\" content=\"summary_large_image\" \/>\n<meta name=\"twitter:label1\" content=\"Tempo estimado de leitura\" \/>\n\t<meta name=\"twitter:data1\" content=\"5 minutos\" \/>\n<!-- \/ Yoast SEO plugin. -->","yoast_head_json":{"title":"N\u00fameros vencedores da lotaria de Nova Iorque e resultados do sorteio","description":"Os resultados do sorteio da New York Lottery - n\u00fameros vencedores, montantes ganhos para todos os sorteios passados e presentes","robots":{"index":"index","follow":"follow","max-snippet":"max-snippet:-1","max-image-preview":"max-image-preview:large","max-video-preview":"max-video-preview:-1"},"canonical":"https:\/\/jackpotlotteryonline.com\/pt-pt\/numeros-vencedores\/new-york-lottery\/","og_locale":"pt_PT","og_type":"article","og_title":"N\u00fameros vencedores da lotaria de Nova Iorque e resultados do sorteio","og_description":"Os resultados do sorteio da New York Lottery - n\u00fameros vencedores, montantes ganhos para todos os sorteios passados e presentes","og_url":"https:\/\/jackpotlotteryonline.com\/pt-pt\/numeros-vencedores\/new-york-lottery\/","og_site_name":"Lotto Online - Crack The International Lottery Jackpots","article_modified_time":"2022-12-30T10:11:20+00:00","og_image":[{"url":"http:\/\/jackpotlotteryonline.com\/wp-content\/uploads\/2022\/11\/1_results_lottery_online5.jpg"}],"twitter_card":"summary_large_image","twitter_misc":{"Tempo estimado de leitura":"5 minutos"},"schema":{"@context":"https:\/\/schema.org","@graph":[{"@type":"WebPage","@id":"https:\/\/jackpotlotteryonline.com\/pt-pt\/numeros-vencedores\/new-york-lottery\/","url":"https:\/\/jackpotlotteryonline.com\/pt-pt\/numeros-vencedores\/new-york-lottery\/","name":"N\u00fameros vencedores da lotaria de Nova Iorque e resultados do sorteio","isPartOf":{"@id":"https:\/\/jackpotlotteryonline.com\/#website"},"primaryImageOfPage":{"@id":"https:\/\/jackpotlotteryonline.com\/pt-pt\/numeros-vencedores\/new-york-lottery\/#primaryimage"},"image":{"@id":"https:\/\/jackpotlotteryonline.com\/pt-pt\/numeros-vencedores\/new-york-lottery\/#primaryimage"},"thumbnailUrl":"http:\/\/jackpotlotteryonline.com\/wp-content\/uploads\/2022\/11\/1_results_lottery_online5.jpg","datePublished":"2022-12-09T08:49:47+00:00","dateModified":"2022-12-30T10:11:20+00:00","description":"Os resultados do sorteio da New York Lottery - n\u00fameros vencedores, montantes ganhos para todos os sorteios passados e presentes","breadcrumb":{"@id":"https:\/\/jackpotlotteryonline.com\/pt-pt\/numeros-vencedores\/new-york-lottery\/#breadcrumb"},"inLanguage":"pt-PT","potentialAction":[{"@type":"ReadAction","target":["https:\/\/jackpotlotteryonline.com\/pt-pt\/numeros-vencedores\/new-york-lottery\/"]}]},{"@type":"ImageObject","inLanguage":"pt-PT","@id":"https:\/\/jackpotlotteryonline.com\/pt-pt\/numeros-vencedores\/new-york-lottery\/#primaryimage","url":"http:\/\/jackpotlotteryonline.com\/wp-content\/uploads\/2022\/11\/1_results_lottery_online5.jpg","contentUrl":"http:\/\/jackpotlotteryonline.com\/wp-content\/uploads\/2022\/11\/1_results_lottery_online5.jpg"},{"@type":"BreadcrumbList","@id":"https:\/\/jackpotlotteryonline.com\/pt-pt\/numeros-vencedores\/new-york-lottery\/#breadcrumb","itemListElement":[{"@type":"ListItem","position":1,"name":"Home","item":"https:\/\/jackpotlotteryonline.com\/pt-pt\/"},{"@type":"ListItem","position":2,"name":"Resultados da lotaria","item":"https:\/\/jackpotlotteryonline.com\/winning-numbers\/"},{"@type":"ListItem","position":3,"name":"Resultados do sorteio da lotaria de Nova Iorque"}]},{"@type":"WebSite","@id":"https:\/\/jackpotlotteryonline.com\/#website","url":"https:\/\/jackpotlotteryonline.com\/","name":"Lotto Online - Crack The International Lottery Jackpots","description":"","potentialAction":[{"@type":"SearchAction","target":{"@type":"EntryPoint","urlTemplate":"https:\/\/jackpotlotteryonline.com\/?s={search_term_string}"},"query-input":"required name=search_term_string"}],"inLanguage":"pt-PT"}]}},"_links":{"self":[{"href":"https:\/\/jackpotlotteryonline.com\/pt-pt\/wp-json\/wp\/v2\/pages\/41379","targetHints":{"allow":["GET"]}}],"collection":[{"href":"https:\/\/jackpotlotteryonline.com\/pt-pt\/wp-json\/wp\/v2\/pages"}],"about":[{"href":"https:\/\/jackpotlotteryonline.com\/pt-pt\/wp-json\/wp\/v2\/types\/page"}],"author":[{"embeddable":true,"href":"https:\/\/jackpotlotteryonline.com\/pt-pt\/wp-json\/wp\/v2\/users\/1"}],"replies":[{"embeddable":true,"href":"https:\/\/jackpotlotteryonline.com\/pt-pt\/wp-json\/wp\/v2\/comments?post=41379"}],"version-history":[{"count":0,"href":"https:\/\/jackpotlotteryonline.com\/pt-pt\/wp-json\/wp\/v2\/pages\/41379\/revisions"}],"up":[{"embeddable":true,"href":"https:\/\/jackpotlotteryonline.com\/pt-pt\/wp-json\/wp\/v2\/pages\/35846"}],"wp:attachment":[{"href":"https:\/\/jackpotlotteryonline.com\/pt-pt\/wp-json\/wp\/v2\/media?parent=41379"}],"curies":[{"name":"wp","href":"https:\/\/api.w.org\/{rel}","templated":true}]}}