{"id":41432,"date":"2022-12-09T10:37:38","date_gmt":"2022-12-09T10:37:38","guid":{"rendered":"https:\/\/jackpotlotteryonline.com\/?page_id=41432"},"modified":"2022-12-30T12:16:28","modified_gmt":"2022-12-30T12:16:28","slug":"oz-lotto","status":"publish","type":"page","link":"https:\/\/jackpotlotteryonline.com\/pt-pt\/numeros-vencedores\/oz-lotto\/","title":{"rendered":"Resultados do sorteio do Oz Lotto"},"content":{"rendered":"<h2>Informa\u00e7\u00e3o sobre os resultados do sorteio do Oz Lotto<\/h2>\n<p><img loading=\"lazy\" decoding=\"async\" class=\"alignright size-full wp-image-26942\" src=\"https:\/\/jackpotlotteryonline.com\/wp-content\/uploads\/2022\/11\/1_euromillions_results.jpg\" alt=\"resultados do sorteio do oz lotto\" width=\"300\" height=\"200\" \/>Est\u00e1 curioso sobre os resultados do sorteio do Oz Lotto ou o que acontece depois de algu\u00e9m ganhar? Bem, este artigo ir\u00e1 orient\u00e1-lo sobre como responder a essas perguntas.<\/p>\n<p>Esta Lotaria Australiana \u00e9 sorteada todas as ter\u00e7as e s\u00e1bados \u00e0s 19:30 AEST, por isso, depois de escolher os seus n\u00fameros, pode sentar-se e esperar pelo sorteio. Os sorteios s\u00e3o realizados em Sydney atrav\u00e9s de um gerador de n\u00fameros computorizado.<\/p>\n<p>O Oz Lotto \u00e9 um jogo bastante gratificante que tem sete divis\u00f5es de pr\u00e9mios onde, se a Divis\u00e3o 1 (o jackpot) n\u00e3o for ganha, outros pr\u00e9mios podem ser ganhos se um jogador igualar cinco ou quatro n\u00fameros. Al\u00e9m disso, dez pr\u00e9mios de 2 milh\u00f5es de d\u00f3lares cada s\u00e3o atribu\u00eddos quando nenhum jogador pode igualar os sete n\u00fameros sorteados.<\/p>\n<p>Al\u00e9m disso, os resultados do sorteio da lotaria s\u00e3o publicados uma semana ap\u00f3s o sorteio no website do Governo Vitoriano. O tempo do sorteio \u00e9 mantido privado, isto \u00e9 para proteger a privacidade dos participantes.<\/p>\n<h2>Como posso ganhar o Oz Lotto australiano?<\/h2>\n<p>Para ganhar qualquer pr\u00e9mio na Oz Lotto, deve saber o seguinte:<\/p>\n<ol>\n<li>Para<a href=\"https:\/\/jackpotlotteryonline.com\/pt-pt\/como-jogar\/oz-lotto\"> jogar na Oz Lotto<\/a>, um jogador tem de sortear dez n\u00fameros de um pool de 47.<\/li>\n<li>Os primeiros sete sorteados s\u00e3o considerados os n\u00fameros vencedores do pr\u00e9mio do jackpot.<\/li>\n<li>Os tr\u00eas restantes sorteados s\u00e3o os n\u00fameros suplementares que s\u00e3o utilizados para determinar pr\u00e9mios para as outras divis\u00f5es.<\/li>\n<li>Quanto mais n\u00fameros correspondentes um jogador tiver, maior \u00e9 o pr\u00e9mio.<\/li>\n<li>Participar no Oz Lotto \u00e9 um jogo de sorteios; ou se ganha ou se perde.<\/li>\n<\/ol>\n<h2>Como \u00e9 que posso verificar se ganhei num determinado sorteio?<\/h2>\n<p><img loading=\"lazy\" decoding=\"async\" class=\"alignright size-full wp-image-26159\" src=\"https:\/\/jackpotlotteryonline.com\/wp-content\/uploads\/2022\/11\/1_buy_lottery_online.jpg\" alt=\"resultados do sorteio do oz lotto\" width=\"212\" height=\"142\" \/>Se <a href=\"https:\/\/jackpotlotteryonline.com\/pt-pt\/comprar-tickets\/oz-lotto\">comprou um bilhete connosco<\/a>, por favor verifique os resultados do sorteio no nosso website. A forma mais f\u00e1cil de saber se ganhou \u00e9 entrando na conta do seu jogador no nosso website. Depois v\u00e1 a &#8220;meus bilhetes&#8221;, e ver\u00e1 o seu bilhete digitalizado com os n\u00fameros com que jogou. Ap\u00f3s o sorteio, todos os d\u00edgitos correspondentes ser\u00e3o real\u00e7ados.<\/p>\n<p>Outra forma de saber se ganhou \u00e9 verificando o seu e-mail. Imediatamente ap\u00f3s o sorteio, receber\u00e1 um e-mail notificando-o do mesmo. Utilize a informa\u00e7\u00e3o para saber se ganhou no sorteio.<\/p>\n<p>Pode tamb\u00e9m visitar o website oficial da Oz Lotto australiana para saber mais sobre os resultados passados e informa\u00e7\u00f5es gerais sobre a lotaria.<\/p>\n<h2>Formas de melhorar as minhas hip\u00f3teses de ganhar<\/h2>\n<p>Para aumentar as suas hip\u00f3teses de ganhar o jackpot, pode participar em v\u00e1rios sorteios atrav\u00e9s da compra de bilhetes para sorteios consecutivos. Isto permite jogar a mesma selec\u00e7\u00e3o durante um par de semanas. Bem, jogar desta forma ir\u00e1 aumentar o custo das suas encomendas, mas permitir-lhe-\u00e1 jogar em mais sorteios.<\/p>\n<section class=\"layout\" style=\"border: solid 1px; width: 100%;\">\n<div class=\"img-div\" style=\"margin-top: 5px;\"><img decoding=\"async\" class=\"wp-image-17212 alignleft\" style=\"height: 45px; margin: 8px 8px 0px;\" src=\"https:\/\/jackpotlotteryonline.com\/wp-content\/uploads\/2022\/11\/read1.jpg\" alt=\"ler\" width=\"\" height=\"\" \/><\/div>\n<div style=\"padding-left: 5px;\">\n<div style=\"font-size: 1.1em;\">\n<p><strong>Escolha os n\u00fameros vencedores da lotaria manualmente ou utilizando um RNG<\/strong><\/p>\n<p style=\"font-size: 0.85em; margin-top: -1.5em;\">Como gerar n\u00fameros vencedores da lotaria?\u00a0<a href=\"https:\/\/jackpotlotteryonline.com\/pt-pt\/como-gerar-numeros-vencedores-da-lotaria\"> leia mais<\/a><\/p>\n<\/div>\n<\/div>\n<\/section>\n<h2>Como posso receber o meu pr\u00e9mio?<\/h2>\n<p>No caso de ganhar qualquer pr\u00e9mio, tome nota do seguinte:<\/p>\n<ul>\n<li>Os pr\u00e9mios inferiores a 2500 euros ser\u00e3o automaticamente transferidos para a conta do seu jogador. Pode levantar ou continuar a comprar mais bilhetes com o dinheiro do pr\u00e9mio.<\/li>\n<li>Para os pr\u00e9mios superiores a 2500 euros, o pr\u00e9mio ser\u00e1 pago directamente pela comiss\u00e3o da lotaria, e poder\u00e1 receb\u00ea-lo atrav\u00e9s de transfer\u00eancia banc\u00e1ria ou cheque.<\/li>\n<\/ul>\n<p>Certifique-se de que n\u00e3o perde os sorteios. Para ter a certeza de n\u00e3o perder nenhuma informa\u00e7\u00e3o, os jogadores s\u00e3o aconselhados a utilizar a whitelist jackpotlotteryonline.com como um provedor de e-mail de confian\u00e7a.<\/p>\n<p><strong>Para encerrar as coisas&#8230;<\/strong><\/p>\n<p>Oz Lotto tem sido um dos jogos de lotaria mais populares na Austr\u00e1lia desde 1994. Muitas pessoas tornaram-se milion\u00e1rias de um dia para o outro como resultado disso. Ent\u00e3o o que \u00e9 que o faz n\u00e3o jogar? Participar nesta lotaria australiana e ter a oportunidade de ganhar um dos muitos pr\u00e9mios, se n\u00e3o o jackpot.<\/p>\n<p><strong>Registe-se hoje para ganhar!<\/strong><\/p>\n","protected":false},"excerpt":{"rendered":"<p>Informa\u00e7\u00e3o sobre os resultados do sorteio do Oz Lotto Est\u00e1 curioso sobre os resultados do sorteio do Oz Lotto ou o que acontece depois de algu\u00e9m ganhar? Bem, este artigo ir\u00e1 orient\u00e1-lo sobre como responder a essas perguntas. Esta Lotaria Australiana \u00e9 sorteada todas as ter\u00e7as e s\u00e1bados \u00e0s 19:30 AEST, por isso, depois de [&hellip;]<\/p>\n","protected":false},"author":1,"featured_media":0,"parent":35846,"menu_order":16,"comment_status":"closed","ping_status":"closed","template":"","meta":{"_et_pb_use_builder":"","_et_pb_old_content":"","_et_gb_content_width":"","exclude_from_search":false,"footnotes":""},"class_list":["post-41432","page","type-page","status-publish","hentry"],"yoast_head":"<!-- This site is optimized with the Yoast SEO plugin v23.3 - https:\/\/yoast.com\/wordpress\/plugins\/seo\/ -->\n<title>N\u00fameros vencedores da Oz Lotto e resultado do sorteio<\/title>\n<meta name=\"description\" content=\"Confira os n\u00fameros vencedores e os resultados passados da Oz Lotto da Austr\u00e1lia na nossa p\u00e1gina de resultados do sorteio. Certifique-se de n\u00e3o falhar!\" \/>\n<meta name=\"robots\" content=\"index, follow, max-snippet:-1, max-image-preview:large, max-video-preview:-1\" \/>\n<link rel=\"canonical\" href=\"https:\/\/jackpotlotteryonline.com\/pt-pt\/numeros-vencedores\/oz-lotto\/\" \/>\n<meta property=\"og:locale\" content=\"pt_PT\" \/>\n<meta property=\"og:type\" content=\"article\" \/>\n<meta property=\"og:title\" content=\"N\u00fameros vencedores da Oz Lotto e resultado do sorteio\" \/>\n<meta property=\"og:description\" content=\"Confira os n\u00fameros vencedores e os resultados passados da Oz Lotto da Austr\u00e1lia na nossa p\u00e1gina de resultados do sorteio. Certifique-se de n\u00e3o falhar!\" \/>\n<meta property=\"og:url\" content=\"https:\/\/jackpotlotteryonline.com\/pt-pt\/numeros-vencedores\/oz-lotto\/\" \/>\n<meta property=\"og:site_name\" content=\"Lotto Online - Crack The International Lottery Jackpots\" \/>\n<meta property=\"article:modified_time\" content=\"2022-12-30T12:16:28+00:00\" \/>\n<meta property=\"og:image\" content=\"https:\/\/jackpotlotteryonline.com\/wp-content\/uploads\/2022\/11\/1_euromillions_results.jpg\" \/>\n<meta name=\"twitter:card\" content=\"summary_large_image\" \/>\n<meta name=\"twitter:label1\" content=\"Tempo estimado de leitura\" \/>\n\t<meta name=\"twitter:data1\" content=\"4 minutos\" \/>\n<!-- \/ Yoast SEO plugin. -->","yoast_head_json":{"title":"N\u00fameros vencedores da Oz Lotto e resultado do sorteio","description":"Confira os n\u00fameros vencedores e os resultados passados da Oz Lotto da Austr\u00e1lia na nossa p\u00e1gina de resultados do sorteio. Certifique-se de n\u00e3o falhar!","robots":{"index":"index","follow":"follow","max-snippet":"max-snippet:-1","max-image-preview":"max-image-preview:large","max-video-preview":"max-video-preview:-1"},"canonical":"https:\/\/jackpotlotteryonline.com\/pt-pt\/numeros-vencedores\/oz-lotto\/","og_locale":"pt_PT","og_type":"article","og_title":"N\u00fameros vencedores da Oz Lotto e resultado do sorteio","og_description":"Confira os n\u00fameros vencedores e os resultados passados da Oz Lotto da Austr\u00e1lia na nossa p\u00e1gina de resultados do sorteio. Certifique-se de n\u00e3o falhar!","og_url":"https:\/\/jackpotlotteryonline.com\/pt-pt\/numeros-vencedores\/oz-lotto\/","og_site_name":"Lotto Online - Crack The International Lottery Jackpots","article_modified_time":"2022-12-30T12:16:28+00:00","og_image":[{"url":"https:\/\/jackpotlotteryonline.com\/wp-content\/uploads\/2022\/11\/1_euromillions_results.jpg"}],"twitter_card":"summary_large_image","twitter_misc":{"Tempo estimado de leitura":"4 minutos"},"schema":{"@context":"https:\/\/schema.org","@graph":[{"@type":"WebPage","@id":"https:\/\/jackpotlotteryonline.com\/pt-pt\/numeros-vencedores\/oz-lotto\/","url":"https:\/\/jackpotlotteryonline.com\/pt-pt\/numeros-vencedores\/oz-lotto\/","name":"N\u00fameros vencedores da Oz Lotto e resultado do sorteio","isPartOf":{"@id":"https:\/\/jackpotlotteryonline.com\/#website"},"primaryImageOfPage":{"@id":"https:\/\/jackpotlotteryonline.com\/pt-pt\/numeros-vencedores\/oz-lotto\/#primaryimage"},"image":{"@id":"https:\/\/jackpotlotteryonline.com\/pt-pt\/numeros-vencedores\/oz-lotto\/#primaryimage"},"thumbnailUrl":"https:\/\/jackpotlotteryonline.com\/wp-content\/uploads\/2022\/11\/1_euromillions_results.jpg","datePublished":"2022-12-09T10:37:38+00:00","dateModified":"2022-12-30T12:16:28+00:00","description":"Confira os n\u00fameros vencedores e os resultados passados da Oz Lotto da Austr\u00e1lia na nossa p\u00e1gina de resultados do sorteio. Certifique-se de n\u00e3o falhar!","breadcrumb":{"@id":"https:\/\/jackpotlotteryonline.com\/pt-pt\/numeros-vencedores\/oz-lotto\/#breadcrumb"},"inLanguage":"pt-PT","potentialAction":[{"@type":"ReadAction","target":["https:\/\/jackpotlotteryonline.com\/pt-pt\/numeros-vencedores\/oz-lotto\/"]}]},{"@type":"ImageObject","inLanguage":"pt-PT","@id":"https:\/\/jackpotlotteryonline.com\/pt-pt\/numeros-vencedores\/oz-lotto\/#primaryimage","url":"https:\/\/jackpotlotteryonline.com\/wp-content\/uploads\/2022\/11\/1_euromillions_results.jpg","contentUrl":"https:\/\/jackpotlotteryonline.com\/wp-content\/uploads\/2022\/11\/1_euromillions_results.jpg"},{"@type":"BreadcrumbList","@id":"https:\/\/jackpotlotteryonline.com\/pt-pt\/numeros-vencedores\/oz-lotto\/#breadcrumb","itemListElement":[{"@type":"ListItem","position":1,"name":"Home","item":"https:\/\/jackpotlotteryonline.com\/pt-pt\/"},{"@type":"ListItem","position":2,"name":"Resultados da lotaria","item":"https:\/\/jackpotlotteryonline.com\/winning-numbers\/"},{"@type":"ListItem","position":3,"name":"Resultados do sorteio do Oz Lotto"}]},{"@type":"WebSite","@id":"https:\/\/jackpotlotteryonline.com\/#website","url":"https:\/\/jackpotlotteryonline.com\/","name":"Lotto Online - Crack The International Lottery Jackpots","description":"","potentialAction":[{"@type":"SearchAction","target":{"@type":"EntryPoint","urlTemplate":"https:\/\/jackpotlotteryonline.com\/?s={search_term_string}"},"query-input":"required name=search_term_string"}],"inLanguage":"pt-PT"}]}},"_links":{"self":[{"href":"https:\/\/jackpotlotteryonline.com\/pt-pt\/wp-json\/wp\/v2\/pages\/41432","targetHints":{"allow":["GET"]}}],"collection":[{"href":"https:\/\/jackpotlotteryonline.com\/pt-pt\/wp-json\/wp\/v2\/pages"}],"about":[{"href":"https:\/\/jackpotlotteryonline.com\/pt-pt\/wp-json\/wp\/v2\/types\/page"}],"author":[{"embeddable":true,"href":"https:\/\/jackpotlotteryonline.com\/pt-pt\/wp-json\/wp\/v2\/users\/1"}],"replies":[{"embeddable":true,"href":"https:\/\/jackpotlotteryonline.com\/pt-pt\/wp-json\/wp\/v2\/comments?post=41432"}],"version-history":[{"count":0,"href":"https:\/\/jackpotlotteryonline.com\/pt-pt\/wp-json\/wp\/v2\/pages\/41432\/revisions"}],"up":[{"embeddable":true,"href":"https:\/\/jackpotlotteryonline.com\/pt-pt\/wp-json\/wp\/v2\/pages\/35846"}],"wp:attachment":[{"href":"https:\/\/jackpotlotteryonline.com\/pt-pt\/wp-json\/wp\/v2\/media?parent=41432"}],"curies":[{"name":"wp","href":"https:\/\/api.w.org\/{rel}","templated":true}]}}