{"id":41484,"date":"2022-12-09T12:47:03","date_gmt":"2022-12-09T12:47:03","guid":{"rendered":"https:\/\/jackpotlotteryonline.com\/?page_id=41484"},"modified":"2022-12-30T13:53:39","modified_gmt":"2022-12-30T13:53:39","slug":"powerball-australia","status":"publish","type":"page","link":"https:\/\/jackpotlotteryonline.com\/pt-pt\/numeros-vencedores\/powerball-australia\/","title":{"rendered":"Resultados do sorteio do Powerball Australia"},"content":{"rendered":"<p><a href=\"https:\/\/jackpotlotteryonline.com\/pt-pt\/como-jogar\/powerball-australia\">Jogar Powerball Australiano<\/a> \u00e9 f\u00e1cil quando compra os seus bilhetes online. Dessa forma pode ter acesso \u00e0 Powerball a partir de qualquer parte do mundo. Mas, comprar o bilhete \u00e9 apenas uma parte de jogar a Powerball. Tamb\u00e9m precisa de verificar os resultados do sorteio para os n\u00fameros vencedores. Dessa forma, poder\u00e1 saber se ganhou ou n\u00e3o na lotaria. Aqui fornecemos dicas e informa\u00e7\u00f5es sobre como pode verificar os resultados do sorteio e aceder aos seus ganhos.<\/p>\n<h2>Como verificar os n\u00fameros vencedores do Powerball Australia<\/h2>\n<p>Para jogar Powerball, \u00e9 necess\u00e1rio escolher 7 n\u00fameros de um intervalo de 1 a 35, mais um n\u00famero Powerball de 1 a 20. Durante os sorteios, 8 n\u00fameros s\u00e3o sorteados aleatoriamente. Quem quer que acerte os n\u00fameros sorteados, tem o bilhete Powerball vencedor.<\/p>\n<p>Talvez n\u00e3o consiga ver os sorteios da Powerball ao vivo na TV. Mas, pode consultar os sites de not\u00edcias online para ver os n\u00fameros vencedores da Powerball. No entanto, estes sites publicam, na sua maioria, apenas a combina\u00e7\u00e3o que ganha o jackpot. E a Powerball tem v\u00e1rios outros n\u00edveis de pr\u00e9mios.<\/p>\n<p>Assim, para conhecer os n\u00fameros vencedores da Powerball para todos os n\u00edveis de pr\u00e9mios, pode verificar aqui mesmo ap\u00f3s cada sorteio. Publicamos os n\u00fameros vencedores da Powerball no nosso site. Al\u00e9m disso, se nos comprou o seu bilhete Powerball, alertamo-lo se tiver algum dos n\u00fameros vencedores. Enviar-lhe-emos um e-mail e colocaremos uma notifica\u00e7\u00e3o na sua conta. Desta forma, n\u00e3o precisa de recear perder os seus ganhos.<\/p>\n<h2>Quais s\u00e3o as probabilidades de ganhar a Powerball?<\/h2>\n<p><img loading=\"lazy\" decoding=\"async\" class=\"alignright size-full wp-image-31181\" src=\"http:\/\/jackpotlotteryonline.com\/wp-content\/uploads\/2022\/11\/logo_powerball-300x50-1.jpg\" alt=\"ganhar Powerball\" width=\"300\" height=\"50\" \/>Ganhar a lotaria n\u00e3o \u00e9 uma coisa f\u00e1cil de fazer. A maioria das pessoas diria que as probabilidades s\u00e3o incrivelmente altas. No entanto, ouvimos falar de pessoas que ganharam quantias que mudam a sua vida. A Powerball Australia em particular tem uma longa lista de vencedores da lotaria e isto \u00e9 provavelmente por causa das probabilidades.<\/p>\n<p>As probabilidades de ganhar a lotaria Powerball s\u00e3o de 1 em 70 milh\u00f5es. Isto significa que, literalmente, qualquer pessoa pode ganhar a lotaria Powerball.<\/p>\n<p>Al\u00e9m disso, a Powerball tem um total de 9 categorias de pr\u00e9mios, aumentando ainda mais as probabilidades de ganhar esta lotaria.<\/p>\n<h2>Pr\u00e9mios da Powerball<\/h2>\n<p>O jackpot da Powerball \u00e9 normalmente uma m\u00e9dia de AU$ 8 milh\u00f5es. Mas, h\u00e1 v\u00e1rios outros pr\u00e9mios que pode ganhar se tiver os n\u00fameros vencedores da Powerball Australia.<\/p>\n<p>Aqui est\u00e3o as categorias de pr\u00e9mios e o pagamento num dos sorteios da Powerball. Note que o pagamento n\u00e3o ser\u00e1 o mesmo em todos os sorteios, uma vez que os pr\u00e9mios dependem da reserva da lotaria. Mas isto \u00e9 apenas para lhe dar uma ideia do que pode esperar quando receber os n\u00fameros vencedores da Powerball Australia.<\/p>\n<p>Divis\u00e3o 1: partida 7 + a Powerball &#8211; $8.000.000,00 (jackpot)<\/p>\n<p>Divis\u00e3o 2: igualar apenas 7 &#8211; $95.726,15<\/p>\n<p>Divis\u00e3o 3: partida 6 + a Powerball &#8211; $5.661,20<\/p>\n<p>Divis\u00e3o 4: partida 6 apenas &#8211; $501,70<\/p>\n<p>Divis\u00e3o 5: jogo 5 + a Powerball &#8211; $166,75<\/p>\n<p>Divis\u00e3o 6: jogo 5 apenas &#8211; $73,10<\/p>\n<p>Divis\u00e3o 7: partida 4 + a Powerball &#8211; $41,60<\/p>\n<p>Divis\u00e3o 8: partida 3 + a Powerball &#8211; $18.05<\/p>\n<p>Divis\u00e3o 9: partida 2 + a Powerball &#8211; $10.95<\/p>\n<h2>O que fazer se tiver os n\u00fameros vencedores<\/h2>\n<p>Se verificar os resultados do sorteio e verificar que tem os n\u00fameros vencedores da Powerball, o passo seguinte \u00e9 como aceder \u00e0 sua vit\u00f3ria. Vendo que est\u00e1 a jogar Powerball fora de Oz, provavelmente est\u00e1 \u00e0 procura de uma forma conveniente de descontar.<\/p>\n<p>Ao <a href=\"https:\/\/jackpotlotteryonline.com\/pt-pt\/comprar-tickets\/powerball-australia\">comprar-nos o seu bilhete da Powerball<\/a>, tamb\u00e9m pode ter acesso aos seus ganhos a partir de qualquer lugar. Para pr\u00e9mios abaixo de um determinado montante, tudo o que precisa de fazer \u00e9 retirar os seus ganhos da nossa plataforma. Pode retir\u00e1-lo directamente para a sua conta banc\u00e1ria.<\/p>\n<p>Quando os seus ganhos forem superiores ao montante indicado, forneceremos um formul\u00e1rio de reclama\u00e7\u00e3o para que possa preencher. Desta forma, poder\u00e1 reclamar os seus ganhos directamente da empresa de lotaria Powerball com zero complica\u00e7\u00f5es.<\/p>\n<section class=\"layout\" style=\"border: solid 1px; width: 100%;\">\n<div class=\"img-div\" style=\"margin-top: 5px;\"><img decoding=\"async\" class=\"wp-image-17212 alignleft\" style=\"height: 45px; margin: 8px 8px 0px;\" src=\"http:\/\/jackpotlotteryonline.com\/wp-content\/uploads\/2022\/11\/read1.jpg\" alt=\"ler\" width=\"\" height=\"\" \/><\/div>\n<div style=\"padding-left: 5px;\">\n<div style=\"font-size: 1.1em;\">\n<p><strong>Que carro compraria se ganhasse a lotaria?<\/strong><\/p>\n<p style=\"font-size: 0.85em; margin-top: -1.5em;\">Ganhe a lotaria e ganhe um carro novo\u00a0<a href=\"https:\/\/jackpotlotteryonline.com\/pt-pt\/que-carro-compraria-se-ganhasse-a-lotaria\"> leia mais<\/a><\/p>\n<\/div>\n<\/div>\n<\/section>\n<h2>Benef\u00edcios de jogar na Powerball com a Jackpotlotteryonline.com<\/h2>\n<ul>\n<li>O acesso \u00e0 lotaria \u00e9 r\u00e1pido e imediato. N\u00e3o precisa de viver na Austr\u00e1lia para jogar Powerball<\/li>\n<li>\u00c9 super conveniente, pois n\u00e3o precisa de deixar o conforto da sua casa. Verifique os seus n\u00fameros vencedores no seu computador ou dispositivo m\u00f3vel.<\/li>\n<li>\u00c9 tamb\u00e9m mais seguro porque o seu bilhete \u00e9 armazenado digitalmente. Isto \u00e9 importante porque \u00e9 a \u00fanica forma de reclamar a sua vit\u00f3ria.<\/li>\n<li>N\u00e3o precisa de perder a sua vit\u00f3ria porque o alertaremos imediatamente se ganhar algum pr\u00e9mio.<\/li>\n<li>Pode facilmente retirar qualquer vit\u00f3ria online sem ir a lado nenhum<\/li>\n<\/ul>\n<h2>Verifique os seus n\u00fameros vencedores connosco<\/h2>\n<p>Ao longo do tempo, temos dedicado muitos recursos e esfor\u00e7os para garantir que os nossos jogadores tenham a melhor experi\u00eancia. N\u00e3o s\u00f3 facilitamos a compra de bilhetes para as principais lotarias internacionais, como vamos v\u00e1rios passos em frente. Fazemo-lo fornecendo resultados de sorteio actualizados para que possa verificar facilmente os n\u00fameros vencedores.<\/p>\n<p>Finalmente, n\u00e3o tem de se preocupar com a forma de aceder aos seus ganhos se ganhar um pr\u00e9mio. Pensamos em tudo para que se possa concentrar no que \u00e9 importante. Registe-se connosco hoje.<\/p>\n","protected":false},"excerpt":{"rendered":"<p>Jogar Powerball Australiano \u00e9 f\u00e1cil quando compra os seus bilhetes online. Dessa forma pode ter acesso \u00e0 Powerball a partir de qualquer parte do mundo. Mas, comprar o bilhete \u00e9 apenas uma parte de jogar a Powerball. Tamb\u00e9m precisa de verificar os resultados do sorteio para os n\u00fameros vencedores. Dessa forma, poder\u00e1 saber se ganhou [&hellip;]<\/p>\n","protected":false},"author":1,"featured_media":0,"parent":35846,"menu_order":17,"comment_status":"closed","ping_status":"closed","template":"powerball-au-results.php","meta":{"_et_pb_use_builder":"","_et_pb_old_content":"","_et_gb_content_width":"","exclude_from_search":false,"footnotes":""},"class_list":["post-41484","page","type-page","status-publish","hentry"],"yoast_head":"<!-- This site is optimized with the Yoast SEO plugin v23.3 - https:\/\/yoast.com\/wordpress\/plugins\/seo\/ -->\n<title>Powerball Australia n\u00fameros vencedores e resultados do sorteio<\/title>\n<meta name=\"description\" content=\"\u00c0 procura dos n\u00fameros vencedores da Powerball Australia? Encontre os resultados dos sorteios das lotarias australianas neste site\" \/>\n<meta name=\"robots\" content=\"index, follow, max-snippet:-1, max-image-preview:large, max-video-preview:-1\" \/>\n<link rel=\"canonical\" href=\"https:\/\/jackpotlotteryonline.com\/pt-pt\/numeros-vencedores\/powerball-australia\/\" \/>\n<meta property=\"og:locale\" content=\"pt_PT\" \/>\n<meta property=\"og:type\" content=\"article\" \/>\n<meta property=\"og:title\" content=\"Powerball Australia n\u00fameros vencedores e resultados do sorteio\" \/>\n<meta property=\"og:description\" content=\"\u00c0 procura dos n\u00fameros vencedores da Powerball Australia? Encontre os resultados dos sorteios das lotarias australianas neste site\" \/>\n<meta property=\"og:url\" content=\"https:\/\/jackpotlotteryonline.com\/pt-pt\/numeros-vencedores\/powerball-australia\/\" \/>\n<meta property=\"og:site_name\" content=\"Lotto Online - Crack The International Lottery Jackpots\" \/>\n<meta property=\"article:modified_time\" content=\"2022-12-30T13:53:39+00:00\" \/>\n<meta property=\"og:image\" content=\"http:\/\/jackpotlotteryonline.com\/wp-content\/uploads\/2022\/11\/logo_powerball-300x50-1.jpg\" \/>\n<meta name=\"twitter:card\" content=\"summary_large_image\" \/>\n<meta name=\"twitter:label1\" content=\"Tempo estimado de leitura\" \/>\n\t<meta name=\"twitter:data1\" content=\"4 minutos\" \/>\n<!-- \/ Yoast SEO plugin. -->","yoast_head_json":{"title":"Powerball Australia n\u00fameros vencedores e resultados do sorteio","description":"\u00c0 procura dos n\u00fameros vencedores da Powerball Australia? Encontre os resultados dos sorteios das lotarias australianas neste site","robots":{"index":"index","follow":"follow","max-snippet":"max-snippet:-1","max-image-preview":"max-image-preview:large","max-video-preview":"max-video-preview:-1"},"canonical":"https:\/\/jackpotlotteryonline.com\/pt-pt\/numeros-vencedores\/powerball-australia\/","og_locale":"pt_PT","og_type":"article","og_title":"Powerball Australia n\u00fameros vencedores e resultados do sorteio","og_description":"\u00c0 procura dos n\u00fameros vencedores da Powerball Australia? Encontre os resultados dos sorteios das lotarias australianas neste site","og_url":"https:\/\/jackpotlotteryonline.com\/pt-pt\/numeros-vencedores\/powerball-australia\/","og_site_name":"Lotto Online - Crack The International Lottery Jackpots","article_modified_time":"2022-12-30T13:53:39+00:00","og_image":[{"url":"http:\/\/jackpotlotteryonline.com\/wp-content\/uploads\/2022\/11\/logo_powerball-300x50-1.jpg"}],"twitter_card":"summary_large_image","twitter_misc":{"Tempo estimado de leitura":"4 minutos"},"schema":{"@context":"https:\/\/schema.org","@graph":[{"@type":"WebPage","@id":"https:\/\/jackpotlotteryonline.com\/pt-pt\/numeros-vencedores\/powerball-australia\/","url":"https:\/\/jackpotlotteryonline.com\/pt-pt\/numeros-vencedores\/powerball-australia\/","name":"Powerball Australia n\u00fameros vencedores e resultados do sorteio","isPartOf":{"@id":"https:\/\/jackpotlotteryonline.com\/#website"},"primaryImageOfPage":{"@id":"https:\/\/jackpotlotteryonline.com\/pt-pt\/numeros-vencedores\/powerball-australia\/#primaryimage"},"image":{"@id":"https:\/\/jackpotlotteryonline.com\/pt-pt\/numeros-vencedores\/powerball-australia\/#primaryimage"},"thumbnailUrl":"http:\/\/jackpotlotteryonline.com\/wp-content\/uploads\/2022\/11\/logo_powerball-300x50-1.jpg","datePublished":"2022-12-09T12:47:03+00:00","dateModified":"2022-12-30T13:53:39+00:00","description":"\u00c0 procura dos n\u00fameros vencedores da Powerball Australia? Encontre os resultados dos sorteios das lotarias australianas neste site","breadcrumb":{"@id":"https:\/\/jackpotlotteryonline.com\/pt-pt\/numeros-vencedores\/powerball-australia\/#breadcrumb"},"inLanguage":"pt-PT","potentialAction":[{"@type":"ReadAction","target":["https:\/\/jackpotlotteryonline.com\/pt-pt\/numeros-vencedores\/powerball-australia\/"]}]},{"@type":"ImageObject","inLanguage":"pt-PT","@id":"https:\/\/jackpotlotteryonline.com\/pt-pt\/numeros-vencedores\/powerball-australia\/#primaryimage","url":"http:\/\/jackpotlotteryonline.com\/wp-content\/uploads\/2022\/11\/logo_powerball-300x50-1.jpg","contentUrl":"http:\/\/jackpotlotteryonline.com\/wp-content\/uploads\/2022\/11\/logo_powerball-300x50-1.jpg"},{"@type":"BreadcrumbList","@id":"https:\/\/jackpotlotteryonline.com\/pt-pt\/numeros-vencedores\/powerball-australia\/#breadcrumb","itemListElement":[{"@type":"ListItem","position":1,"name":"Home","item":"https:\/\/jackpotlotteryonline.com\/pt-pt\/"},{"@type":"ListItem","position":2,"name":"Resultados da lotaria","item":"https:\/\/jackpotlotteryonline.com\/winning-numbers\/"},{"@type":"ListItem","position":3,"name":"Resultados do sorteio do Powerball Australia"}]},{"@type":"WebSite","@id":"https:\/\/jackpotlotteryonline.com\/#website","url":"https:\/\/jackpotlotteryonline.com\/","name":"Lotto Online - Crack The International Lottery Jackpots","description":"","potentialAction":[{"@type":"SearchAction","target":{"@type":"EntryPoint","urlTemplate":"https:\/\/jackpotlotteryonline.com\/?s={search_term_string}"},"query-input":"required name=search_term_string"}],"inLanguage":"pt-PT"}]}},"_links":{"self":[{"href":"https:\/\/jackpotlotteryonline.com\/pt-pt\/wp-json\/wp\/v2\/pages\/41484","targetHints":{"allow":["GET"]}}],"collection":[{"href":"https:\/\/jackpotlotteryonline.com\/pt-pt\/wp-json\/wp\/v2\/pages"}],"about":[{"href":"https:\/\/jackpotlotteryonline.com\/pt-pt\/wp-json\/wp\/v2\/types\/page"}],"author":[{"embeddable":true,"href":"https:\/\/jackpotlotteryonline.com\/pt-pt\/wp-json\/wp\/v2\/users\/1"}],"replies":[{"embeddable":true,"href":"https:\/\/jackpotlotteryonline.com\/pt-pt\/wp-json\/wp\/v2\/comments?post=41484"}],"version-history":[{"count":0,"href":"https:\/\/jackpotlotteryonline.com\/pt-pt\/wp-json\/wp\/v2\/pages\/41484\/revisions"}],"up":[{"embeddable":true,"href":"https:\/\/jackpotlotteryonline.com\/pt-pt\/wp-json\/wp\/v2\/pages\/35846"}],"wp:attachment":[{"href":"https:\/\/jackpotlotteryonline.com\/pt-pt\/wp-json\/wp\/v2\/media?parent=41484"}],"curies":[{"name":"wp","href":"https:\/\/api.w.org\/{rel}","templated":true}]}}