{"id":41538,"date":"2022-12-09T14:44:18","date_gmt":"2022-12-09T14:44:18","guid":{"rendered":"https:\/\/jackpotlotteryonline.com\/?page_id=41538"},"modified":"2022-12-29T18:47:11","modified_gmt":"2022-12-29T18:47:11","slug":"lotto-america","status":"publish","type":"page","link":"https:\/\/jackpotlotteryonline.com\/pt-pt\/numeros-vencedores\/lotto-america\/","title":{"rendered":"Resultados do sorteio do Lotto America"},"content":{"rendered":"<p>Lotto America \u00e9 um jogo de lotaria nos EUA que produziu um lote de milion\u00e1rios. A probabilidade de ganhar a lotaria \u00e9 fant\u00e1stica, o que o torna um jogo atractivo para os f\u00e3s da lotaria. Agora, os jogadores de todo o mundo podem <a href=\"https:\/\/jackpotlotteryonline.com\/pt-pt\/comprar-tickets\/lotto-america\">comprar bilhetes para esta lotaria dos EUA online<\/a>. N\u00e3o s\u00f3 isso, mas tamb\u00e9m podem verificar os n\u00fameros vencedores para descobrir se ganharam a lotaria.<\/p>\n<p>Pode comprar bilhetes para as lotarias internacionais de topo no jackpotlotteryonline.com e verificar os n\u00fameros vencedores tamb\u00e9m aqui. E se estiver a pensar como aceder aos seus ganhos online, ent\u00e3o continue a ler. Partilharemos consigo todos os detalhes e rapidamente se tornar\u00e1 \u00f3bvio que jogar online \u00e9 o caminho a seguir.<\/p>\n<h2>Jogar Lotto Am\u00e9rica online<\/h2>\n<p><img loading=\"lazy\" decoding=\"async\" class=\"size-full wp-image-32081 alignright\" src=\"http:\/\/jackpotlotteryonline.com\/wp-content\/uploads\/2022\/11\/1_mega_lotto_win-213x300-1.jpg\" alt=\"Jogar Lotto America online\" width=\"213\" height=\"300\" \/>Mencion\u00e1mos que pode jogar esta lotaria online, e n\u00e3o importa onde vive. Normalmente, os <a href=\"https:\/\/jackpotlotteryonline.com\/pt-pt\/como-jogar\/lotto-america-2\">bilhetes s\u00e3o vendidos nos EUA<\/a>, mas tamb\u00e9m pode compr\u00e1-los aqui no jackpotlotteryonline.com.<\/p>\n<p>Existem outros sites que vendem bilhetes para a lotaria, mas apenas deixam os jogadores apostar no resultado da lotaria. Isto significa que a compra de um bilhete de lotaria nesse site n\u00e3o lhe d\u00e1 acesso \u00e0 lotaria. Portanto, mesmo que iguale todos os n\u00fameros sorteados, n\u00e3o ganhar\u00e1 o jackpot. Por isso, escolher o s\u00edtio que utiliza \u00e9 muito importante.<\/p>\n<h2>Passos para jogar na lotaria on-line<\/h2>\n<p>Uma vez decidido sobre um site, siga os passos abaixo:<\/p>\n<ol>\n<li>Visite o site que pretende utilizar e clique em Lotto America<\/li>\n<li>Escolha 5 n\u00fameros de um intervalo de 1 a 52 (se n\u00e3o tiver a certeza dos n\u00fameros a utilizar, tente o gerador autom\u00e1tico de n\u00fameros)<\/li>\n<li>A seguir, escolha um n\u00famero de b\u00f3nus (a Bola Estrela) de 1 a 10<\/li>\n<li>Comprar linhas de n\u00famero adicionais para uma maior probabilidade de ganhar<\/li>\n<li>Entrar nos sorteios (pode entrar em mais do que um sorteio)<\/li>\n<li>Registe-se e pague pelas suas inscri\u00e7\u00f5es.<\/li>\n<\/ol>\n<p>Pedimos-lhe que se registe por algumas raz\u00f5es. Em primeiro lugar, queremos garantir que o seu bilhete digital \u00e9 seguro. Em segundo lugar, utilizamos a sua conta para o contactar no caso de ganhar algum pr\u00e9mio. Falaremos mais sobre isso mais tarde.<\/p>\n<h2>Dias de sorteio e jackpot da Lotto America<\/h2>\n<p>Esta lotaria americana tem tr\u00eas sorteios semanais, segunda, quarta e s\u00e1bado. Durante os sorteios, o bilhete vencedor \u00e9 anunciado. Para ganhar o jackpot, o seu bilhete ter\u00e1 de corresponder aos seis n\u00fameros sorteados.<\/p>\n<p>Os pr\u00e9mios do jackpot da Lotto America come\u00e7am em 2 milh\u00f5es de d\u00f3lares e podem rolar se n\u00e3o houver vencedor ap\u00f3s um sorteio. Porque rola ap\u00f3s cada sorteio (se n\u00e3o houver vencedor), pode chegar aos 18 milh\u00f5es de d\u00f3lares. Isso \u00e9 uma boa soma para ganhar, certo?<\/p>\n<p>Na verdade, o jackpot recorde da Lotto America foi de 23 milh\u00f5es de d\u00f3lares e foi ganho por uma fam\u00edlia em 2018.<\/p>\n<section class=\"layout\" style=\"border: solid 1px; width: 100%;\">\n<div class=\"img-div\" style=\"margin-top: 5px;\"><img decoding=\"async\" class=\"wp-image-17212 alignleft\" style=\"height: 45px; margin: 8px 8px 0px;\" src=\"http:\/\/jackpotlotteryonline.com\/wp-content\/uploads\/2022\/11\/read1.jpg\" alt=\"leia mais\" width=\"\" height=\"\" \/><\/div>\n<div style=\"padding-left: 5px;\">\n<div style=\"font-size: 1.1em;\">\n<p><strong>Alguns vencedores da lotaria devolveram \u00e0 comunidade<\/strong><\/p>\n<p style=\"font-size: 0.85em; margin-top: -1.5em;\">Algumas hist\u00f3rias interessantes e emocionantes sobre os vencedores da lotaria que retribuem\u00a0 <a href=\"https:\/\/jackpotlotteryonline.com\/pt-pt\/historias-sobre-lotaria-vencedores-giving-back\">leia mais<\/a><\/p>\n<\/div>\n<\/div>\n<\/section>\n<h2>Categorias de Pr\u00e9mios<\/h2>\n<p>O jackpot \u00e9, evidentemente, o pr\u00e9mio m\u00e1ximo da lotaria. Mas esta lotaria tem 9 categorias de pr\u00e9mios diferentes, dando aos jogadores a oportunidade de ganharem pr\u00e9mios interessantes.<\/p>\n<p>Mesmo que n\u00e3o ganhe o jackpot, poder\u00e1 ir para casa com um grande pr\u00e9mio, fazendo corresponder os n\u00fameros vencedores de outras categorias. Aqui est\u00e1 a reparti\u00e7\u00e3o dos pr\u00e9mios juntamente com as probabilidades de ganhar cada categoria de pr\u00e9mio.<\/p>\n<p>Divis\u00e3o 1: 5 + Bola Estrela &#8211; 1 em 25.989.600 &#8211; Jackpot<\/p>\n<p>Divis\u00e3o 2: 5 &#8211; 1 em 2,887,733 &#8211; $20,000<\/p>\n<p>Divis\u00e3o 3: 4 + Bola Estrela &#8211; 1 em 110,594 &#8211; $1,000<\/p>\n<p>Divis\u00e3o 4: 4 &#8211; 1 em 12.288 &#8211; $100<\/p>\n<p>Divis\u00e3o 5: 3 + Bola Estrela &#8211; 1 em 2,404 &#8211; $20<\/p>\n<p>Divis\u00e3o 6: 3 &#8211; 1 em 267 &#8211; $5<\/p>\n<p>Divis\u00e3o 7: 2 + Bola Estrela &#8211; 1 em 160 &#8211; $5<\/p>\n<p>Divis\u00e3o 8: 1 + Bola Estrela &#8211; 1 em 29 &#8211; $2<\/p>\n<p>Divis\u00e3o 9: 0 + Bola Estrela &#8211; 1 em 17 &#8211; $2<\/p>\n<h2>Como verificar os n\u00fameros vencedores<\/h2>\n<p>Verificar se ganhou algum pr\u00e9mio \u00e9 t\u00e3o simples como regressar a esta p\u00e1gina ap\u00f3s os sorteios. Ap\u00f3s cada sorteio, publicamos os resultados do sorteio para cada categoria de pr\u00e9mios. Assim, pode verificar convenientemente a nossa p\u00e1gina sem stress.<\/p>\n<p>Al\u00e9m disso, se nos comprou o seu bilhete, ent\u00e3o tamb\u00e9m se teria registado connosco. Isso significa que, se ganhar um pr\u00e9mio, podemos alert\u00e1-lo atrav\u00e9s da sua conta e tamb\u00e9m por e-mail.<\/p>\n<p>Nunca ter\u00e1 de perder nenhum pr\u00e9mio quando nos comprar o seu bilhete de lotaria.<\/p>\n<h2>Levantar o seu pr\u00e9mio<\/h2>\n<p><img loading=\"lazy\" decoding=\"async\" class=\"alignright size-full wp-image-31532\" src=\"http:\/\/jackpotlotteryonline.com\/wp-content\/uploads\/2022\/11\/lottoballs.jpg\" alt=\"N\u00fameros vencedores do Lotto America\" width=\"245\" height=\"123\" \/>Uma quest\u00e3o que ouvimos frequentemente dos apostadores \u00e9 como aceder aos seus ganhos quando entram na Lotto Am\u00e9rica online. Se comprar bilhetes de lotaria atrav\u00e9s do nosso site, oferecemos um m\u00e9todo simples e sem complica\u00e7\u00f5es para reclamar os seus ganhos.<\/p>\n<p>Ganhos no valor de 2500 euros ser\u00e3o creditados na sua conta e depois poder\u00e1 retir\u00e1-los sem custos adicionais. Embora ganhos maiores exijam um procedimento ligeiramente diferente. Para ganhos maiores, ter\u00e1 de reclamar o pr\u00e9mio \u00e0 empresa lot\u00e9rica. No entanto, fornecer-lhe-emos um formul\u00e1rio de reclama\u00e7\u00e3o para preencher e, uma vez que o fa\u00e7a, processar a reclama\u00e7\u00e3o por si.<\/p>\n<p>A raz\u00e3o para tal \u00e9 que ter\u00e1 de se identificar. Al\u00e9m disso, algumas empresas de lotaria poder\u00e3o precisar que compare\u00e7a pessoalmente para recolher somas maiores. Se isso acontecer, inform\u00e1-lo-emos imediatamente.<\/p>\n<h2>Compre os seus bilhetes para a Lotto Am\u00e9rica no jackpotlotteryonline.com<\/h2>\n<p>H\u00e1 tantas raz\u00f5es pelas quais deve comprar-nos os seus bilhetes para a Lotto Am\u00e9rica. Antes de mais nada, somos um site de concierge. Isso significa que pode sentar-se e relaxar enquanto n\u00f3s tratamos dos detalhes mais delicados para si. Assim, ajudamo-lo a ter acesso a lotarias internacionais de topo como a Lotto America.<\/p>\n<p>Mas n\u00e3o ficamos por aqui. Tamb\u00e9m fornecemos um sistema para o ajudar a gerir os seus jogos de lotaria. Pode literalmente, introduzir m\u00faltiplas lotarias e desenhos directamente a partir do nosso site. N\u00e3o h\u00e1 necessidade de ir a outro lugar. Al\u00e9m disso, fornecemos-lhe uma forma conveniente de verificar os resultados da lotaria da Am\u00e9rica, tudo num s\u00f3 s\u00edtio.<\/p>\n<p>Finalmente, pode verificar facilmente os n\u00fameros vencedores e retirar os seus ganhos da nossa plataforma directamente para a sua conta. Estamos a trabalhar arduamente todos os dias para aperfei\u00e7oar um sistema perfeito para si. Deixe-nos tirar-lhe o stress para que se possa concentrar na divers\u00e3o. Registe-se hoje connosco para jogar na lotaria.<\/p>\n","protected":false},"excerpt":{"rendered":"<p>Lotto America \u00e9 um jogo de lotaria nos EUA que produziu um lote de milion\u00e1rios. A probabilidade de ganhar a lotaria \u00e9 fant\u00e1stica, o que o torna um jogo atractivo para os f\u00e3s da lotaria. Agora, os jogadores de todo o mundo podem comprar bilhetes para esta lotaria dos EUA online. N\u00e3o s\u00f3 isso, mas [&hellip;]<\/p>\n","protected":false},"author":1,"featured_media":0,"parent":35846,"menu_order":13,"comment_status":"closed","ping_status":"closed","template":"lotto-america-results.php","meta":{"_et_pb_use_builder":"","_et_pb_old_content":"","_et_gb_content_width":"","exclude_from_search":false,"footnotes":""},"class_list":["post-41538","page","type-page","status-publish","hentry"],"yoast_head":"<!-- This site is optimized with the Yoast SEO plugin v23.3 - https:\/\/yoast.com\/wordpress\/plugins\/seo\/ -->\n<title>N\u00fameros vencedores do Lotto America e resultados do sorteio<\/title>\n<meta name=\"description\" content=\"\u00c0 procura dos n\u00fameros vencedores do Lotto America? Os resultados dos sorteios de todas as grandes lotarias americanas podem ser encontrados no nosso website!\" \/>\n<meta name=\"robots\" content=\"index, follow, max-snippet:-1, max-image-preview:large, max-video-preview:-1\" \/>\n<link rel=\"canonical\" href=\"https:\/\/jackpotlotteryonline.com\/pt-pt\/numeros-vencedores\/lotto-america\/\" \/>\n<meta property=\"og:locale\" content=\"pt_PT\" \/>\n<meta property=\"og:type\" content=\"article\" \/>\n<meta property=\"og:title\" content=\"N\u00fameros vencedores do Lotto America e resultados do sorteio\" \/>\n<meta property=\"og:description\" content=\"\u00c0 procura dos n\u00fameros vencedores do Lotto America? Os resultados dos sorteios de todas as grandes lotarias americanas podem ser encontrados no nosso website!\" \/>\n<meta property=\"og:url\" content=\"https:\/\/jackpotlotteryonline.com\/pt-pt\/numeros-vencedores\/lotto-america\/\" \/>\n<meta property=\"og:site_name\" content=\"Lotto Online - Crack The International Lottery Jackpots\" \/>\n<meta property=\"article:modified_time\" content=\"2022-12-29T18:47:11+00:00\" \/>\n<meta property=\"og:image\" content=\"http:\/\/jackpotlotteryonline.com\/wp-content\/uploads\/2022\/11\/1_mega_lotto_win-213x300-1.jpg\" \/>\n<meta name=\"twitter:card\" content=\"summary_large_image\" \/>\n<meta name=\"twitter:label1\" content=\"Tempo estimado de leitura\" \/>\n\t<meta name=\"twitter:data1\" content=\"6 minutos\" \/>\n<!-- \/ Yoast SEO plugin. -->","yoast_head_json":{"title":"N\u00fameros vencedores do Lotto America e resultados do sorteio","description":"\u00c0 procura dos n\u00fameros vencedores do Lotto America? Os resultados dos sorteios de todas as grandes lotarias americanas podem ser encontrados no nosso website!","robots":{"index":"index","follow":"follow","max-snippet":"max-snippet:-1","max-image-preview":"max-image-preview:large","max-video-preview":"max-video-preview:-1"},"canonical":"https:\/\/jackpotlotteryonline.com\/pt-pt\/numeros-vencedores\/lotto-america\/","og_locale":"pt_PT","og_type":"article","og_title":"N\u00fameros vencedores do Lotto America e resultados do sorteio","og_description":"\u00c0 procura dos n\u00fameros vencedores do Lotto America? Os resultados dos sorteios de todas as grandes lotarias americanas podem ser encontrados no nosso website!","og_url":"https:\/\/jackpotlotteryonline.com\/pt-pt\/numeros-vencedores\/lotto-america\/","og_site_name":"Lotto Online - Crack The International Lottery Jackpots","article_modified_time":"2022-12-29T18:47:11+00:00","og_image":[{"url":"http:\/\/jackpotlotteryonline.com\/wp-content\/uploads\/2022\/11\/1_mega_lotto_win-213x300-1.jpg"}],"twitter_card":"summary_large_image","twitter_misc":{"Tempo estimado de leitura":"6 minutos"},"schema":{"@context":"https:\/\/schema.org","@graph":[{"@type":"WebPage","@id":"https:\/\/jackpotlotteryonline.com\/pt-pt\/numeros-vencedores\/lotto-america\/","url":"https:\/\/jackpotlotteryonline.com\/pt-pt\/numeros-vencedores\/lotto-america\/","name":"N\u00fameros vencedores do Lotto America e resultados do sorteio","isPartOf":{"@id":"https:\/\/jackpotlotteryonline.com\/#website"},"primaryImageOfPage":{"@id":"https:\/\/jackpotlotteryonline.com\/pt-pt\/numeros-vencedores\/lotto-america\/#primaryimage"},"image":{"@id":"https:\/\/jackpotlotteryonline.com\/pt-pt\/numeros-vencedores\/lotto-america\/#primaryimage"},"thumbnailUrl":"http:\/\/jackpotlotteryonline.com\/wp-content\/uploads\/2022\/11\/1_mega_lotto_win-213x300-1.jpg","datePublished":"2022-12-09T14:44:18+00:00","dateModified":"2022-12-29T18:47:11+00:00","description":"\u00c0 procura dos n\u00fameros vencedores do Lotto America? Os resultados dos sorteios de todas as grandes lotarias americanas podem ser encontrados no nosso website!","breadcrumb":{"@id":"https:\/\/jackpotlotteryonline.com\/pt-pt\/numeros-vencedores\/lotto-america\/#breadcrumb"},"inLanguage":"pt-PT","potentialAction":[{"@type":"ReadAction","target":["https:\/\/jackpotlotteryonline.com\/pt-pt\/numeros-vencedores\/lotto-america\/"]}]},{"@type":"ImageObject","inLanguage":"pt-PT","@id":"https:\/\/jackpotlotteryonline.com\/pt-pt\/numeros-vencedores\/lotto-america\/#primaryimage","url":"http:\/\/jackpotlotteryonline.com\/wp-content\/uploads\/2022\/11\/1_mega_lotto_win-213x300-1.jpg","contentUrl":"http:\/\/jackpotlotteryonline.com\/wp-content\/uploads\/2022\/11\/1_mega_lotto_win-213x300-1.jpg"},{"@type":"BreadcrumbList","@id":"https:\/\/jackpotlotteryonline.com\/pt-pt\/numeros-vencedores\/lotto-america\/#breadcrumb","itemListElement":[{"@type":"ListItem","position":1,"name":"Home","item":"https:\/\/jackpotlotteryonline.com\/pt-pt\/"},{"@type":"ListItem","position":2,"name":"Resultados da lotaria","item":"https:\/\/jackpotlotteryonline.com\/winning-numbers\/"},{"@type":"ListItem","position":3,"name":"Resultados do sorteio do Lotto America"}]},{"@type":"WebSite","@id":"https:\/\/jackpotlotteryonline.com\/#website","url":"https:\/\/jackpotlotteryonline.com\/","name":"Lotto Online - Crack The International Lottery Jackpots","description":"","potentialAction":[{"@type":"SearchAction","target":{"@type":"EntryPoint","urlTemplate":"https:\/\/jackpotlotteryonline.com\/?s={search_term_string}"},"query-input":"required name=search_term_string"}],"inLanguage":"pt-PT"}]}},"_links":{"self":[{"href":"https:\/\/jackpotlotteryonline.com\/pt-pt\/wp-json\/wp\/v2\/pages\/41538","targetHints":{"allow":["GET"]}}],"collection":[{"href":"https:\/\/jackpotlotteryonline.com\/pt-pt\/wp-json\/wp\/v2\/pages"}],"about":[{"href":"https:\/\/jackpotlotteryonline.com\/pt-pt\/wp-json\/wp\/v2\/types\/page"}],"author":[{"embeddable":true,"href":"https:\/\/jackpotlotteryonline.com\/pt-pt\/wp-json\/wp\/v2\/users\/1"}],"replies":[{"embeddable":true,"href":"https:\/\/jackpotlotteryonline.com\/pt-pt\/wp-json\/wp\/v2\/comments?post=41538"}],"version-history":[{"count":0,"href":"https:\/\/jackpotlotteryonline.com\/pt-pt\/wp-json\/wp\/v2\/pages\/41538\/revisions"}],"up":[{"embeddable":true,"href":"https:\/\/jackpotlotteryonline.com\/pt-pt\/wp-json\/wp\/v2\/pages\/35846"}],"wp:attachment":[{"href":"https:\/\/jackpotlotteryonline.com\/pt-pt\/wp-json\/wp\/v2\/media?parent=41538"}],"curies":[{"name":"wp","href":"https:\/\/api.w.org\/{rel}","templated":true}]}}