{"id":72965,"date":"2025-02-02T17:33:29","date_gmt":"2025-02-02T17:33:29","guid":{"rendered":"https:\/\/jackpotlotteryonline.com\/?page_id=72965"},"modified":"2025-02-02T17:33:29","modified_gmt":"2025-02-02T17:33:29","slug":"politica-de-privacidade","status":"publish","type":"page","link":"https:\/\/jackpotlotteryonline.com\/pt-pt\/politica-de-privacidade\/","title":{"rendered":"Pol\u00edtica de Privacidade"},"content":{"rendered":"<p>A Pol\u00edtica de Privacidade do Playlottoonline (doravante denominada &#8220;Pol\u00edtica&#8221;) aplica-se ao site Playlottoonline.net (doravante denominado &#8220;Site&#8221;). O Site \u00e9 gerido pela empresa LLL World Marketing Limited, localizada em Peiraios 30, primeiro andar, escrit\u00f3rio 1, 2023 Strovolos, Nic\u00f3sia \u2013 Chipre. Ao utilizar o Site, voc\u00ea concorda com esta Pol\u00edtica de Privacidade e os Termos de Uso associados.<\/p>\n<h3><strong>Quais dados coletamos?<\/strong><\/h3>\n<h4><strong>Dados fornecidos por voc\u00ea<\/strong><\/h4>\n<p>Durante o registro da conta, \u00e9 necess\u00e1rio fornecer um endere\u00e7o de e-mail, que \u00e9 usado para identificar sua conta de forma \u00fanica e, se necess\u00e1rio, para ativ\u00e1-la. O e-mail tamb\u00e9m \u00e9 utilizado para a recupera\u00e7\u00e3o de senha.<\/p>\n<p>O endere\u00e7o de e-mail e o n\u00famero de telefone podem ser usados para enviar notifica\u00e7\u00f5es relacionadas ao funcionamento do Site (por exemplo, avisos legais), informa\u00e7\u00f5es sobre atualiza\u00e7\u00f5es do Site, produtos e servi\u00e7os oferecidos, al\u00e9m de fins de marketing (incluindo servi\u00e7os de terceiros, doravante denominados &#8220;Notifica\u00e7\u00f5es&#8221;). Voc\u00ea pode cancelar o recebimento de Notifica\u00e7\u00f5es de marketing a qualquer momento, clicando no link de cancelamento de inscri\u00e7\u00e3o nos e-mails ou entrando em contato conosco por e-mail, telefone ou formul\u00e1rio de contato.<\/p>\n<p>Ap\u00f3s o registro, voc\u00ea pode completar seu perfil fornecendo nome, sobrenome, endere\u00e7o, data de nascimento, n\u00famero de telefone e fuso hor\u00e1rio. Esses dados s\u00e3o utilizados para processar pagamentos, dep\u00f3sitos e retiradas, personalizar o Site (incluindo Notifica\u00e7\u00f5es) e processar ganhos superiores a 2.500 USD, conforme descrito na se\u00e7\u00e3o 3.5 dos Termos de Uso.<\/p>\n<p>Tamb\u00e9m podemos armazenar informa\u00e7\u00f5es que voc\u00ea nos fornece voluntariamente por meio do formul\u00e1rio de contato, chamadas telef\u00f4nicas, e-mails, correio, Facebook, Twitter ou outros m\u00e9todos de contato. Isso pode incluir seu nome, endere\u00e7o de e-mail, n\u00famero de telefone e endere\u00e7o. O nome e o e-mail s\u00e3o obrigat\u00f3rios para responder ao formul\u00e1rio de contato.<\/p>\n<h4><strong>Dados coletados automaticamente<\/strong><\/h4>\n<p>Ao utilizar o Site, coletamos automaticamente certas informa\u00e7\u00f5es para garantir funcionalidades b\u00e1sicas, personalizar o Site (incluindo Notifica\u00e7\u00f5es), monitorar o tr\u00e1fego e garantir a seguran\u00e7a. Isso inclui:<\/p>\n<ul>\n<li>Endere\u00e7o IP;<\/li>\n<li>Cabe\u00e7alhos HTTP enviados pelo navegador (por exemplo, &#8220;User-Agent&#8221;, &#8220;Accept-Language&#8221;, &#8220;Referer&#8221;), que cont\u00eam informa\u00e7\u00f5es sobre o tipo e vers\u00e3o do navegador, idioma, tipo e vers\u00e3o do sistema operacional e URL da p\u00e1gina de refer\u00eancia;<\/li>\n<li>Hor\u00e1rio do sistema;<\/li>\n<li>Solicita\u00e7\u00f5es HTTP;<\/li>\n<li>Cookies armazenados no dom\u00ednio playlottoonline.org ou em seus subdom\u00ednios.<\/li>\n<\/ul>\n<p>Seu endere\u00e7o IP pode ser usado para determinar sua localiza\u00e7\u00e3o real, permitindo a melhoria da qualidade dos servi\u00e7os e a personaliza\u00e7\u00e3o do Site (incluindo Notifica\u00e7\u00f5es).<\/p>\n<p>O Site tamb\u00e9m utiliza o armazenamento em cache do navegador para reduzir o tempo de carregamento e facilitar o uso, armazenando dados entre sess\u00f5es, mesmo ap\u00f3s o navegador ser reiniciado.<\/p>\n<h4><strong>Servi\u00e7os de terceiros<\/strong><\/h4>\n<h5><strong>An\u00e1lises, publicidade e seguran\u00e7a<\/strong><\/h5>\n<p>Para garantir a seguran\u00e7a do Site e coletar e analisar dados sobre seu desempenho, utilizamos servi\u00e7os de terceiros, incluindo:<\/p>\n<ul>\n<li><strong>Google Analytics<\/strong> \u2013 para rastrear o tr\u00e1fego no Site e analisar seu desempenho;<\/li>\n<li><strong>Google reCAPTCHA<\/strong> \u2013 para aumentar a seguran\u00e7a e proteger contra ataques automatizados;<\/li>\n<li><strong>Facebook Pixel<\/strong> \u2013 para rastrear o tr\u00e1fego e otimizar campanhas publicit\u00e1rias.<\/li>\n<\/ul>\n<p>Esses servi\u00e7os coletam e utilizam dados de acordo com suas pr\u00f3prias pol\u00edticas de privacidade. Para saber mais sobre como o Google coleta e processa dados, visite a <strong>Pol\u00edtica de Privacidade do Google<\/strong>. Mais informa\u00e7\u00f5es sobre os dados coletados pelo Facebook podem ser encontradas na <strong>Pol\u00edtica de Privacidade do Facebook<\/strong>.<\/p>\n","protected":false},"excerpt":{"rendered":"<p>A Pol\u00edtica de Privacidade do Playlottoonline (doravante denominada &#8220;Pol\u00edtica&#8221;) aplica-se ao site Playlottoonline.net (doravante denominado &#8220;Site&#8221;). O Site \u00e9 gerido pela empresa LLL World Marketing Limited, localizada em Peiraios 30, primeiro andar, escrit\u00f3rio 1, 2023 Strovolos, Nic\u00f3sia \u2013 Chipre. Ao utilizar o Site, voc\u00ea concorda com esta Pol\u00edtica de Privacidade e os Termos de Uso [&hellip;]<\/p>\n","protected":false},"author":7,"featured_media":0,"parent":0,"menu_order":0,"comment_status":"closed","ping_status":"closed","template":"","meta":{"_et_pb_use_builder":"","_et_pb_old_content":"","_et_gb_content_width":"","exclude_from_search":false,"footnotes":""},"class_list":["post-72965","page","type-page","status-publish","hentry"],"yoast_head":"<!-- This site is optimized with the Yoast SEO plugin v23.3 - https:\/\/yoast.com\/wordpress\/plugins\/seo\/ -->\n<title>Pol\u00edtica de Privacidade - Lotto Online - Crack The International Lottery Jackpots<\/title>\n<meta name=\"robots\" content=\"index, follow, max-snippet:-1, max-image-preview:large, max-video-preview:-1\" \/>\n<link rel=\"canonical\" href=\"https:\/\/jackpotlotteryonline.com\/privacy-policy-2\/\" \/>\n<meta property=\"og:locale\" content=\"pt_PT\" \/>\n<meta property=\"og:type\" content=\"article\" \/>\n<meta property=\"og:title\" content=\"Pol\u00edtica de Privacidade - Lotto Online - Crack The International Lottery Jackpots\" \/>\n<meta property=\"og:description\" content=\"A Pol\u00edtica de Privacidade do Playlottoonline (doravante denominada &#8220;Pol\u00edtica&#8221;) aplica-se ao site Playlottoonline.net (doravante denominado &#8220;Site&#8221;). O Site \u00e9 gerido pela empresa LLL World Marketing Limited, localizada em Peiraios 30, primeiro andar, escrit\u00f3rio 1, 2023 Strovolos, Nic\u00f3sia \u2013 Chipre. Ao utilizar o Site, voc\u00ea concorda com esta Pol\u00edtica de Privacidade e os Termos de Uso [&hellip;]\" \/>\n<meta property=\"og:url\" content=\"https:\/\/jackpotlotteryonline.com\/privacy-policy-2\/\" \/>\n<meta property=\"og:site_name\" content=\"Lotto Online - Crack The International Lottery Jackpots\" \/>\n<meta name=\"twitter:card\" content=\"summary_large_image\" \/>\n<meta name=\"twitter:label1\" content=\"Tempo estimado de leitura\" \/>\n\t<meta name=\"twitter:data1\" content=\"3 minutos\" \/>\n<!-- \/ Yoast SEO plugin. -->","yoast_head_json":{"title":"Pol\u00edtica de Privacidade - Lotto Online - Crack The International Lottery Jackpots","robots":{"index":"index","follow":"follow","max-snippet":"max-snippet:-1","max-image-preview":"max-image-preview:large","max-video-preview":"max-video-preview:-1"},"canonical":"https:\/\/jackpotlotteryonline.com\/privacy-policy-2\/","og_locale":"pt_PT","og_type":"article","og_title":"Pol\u00edtica de Privacidade - Lotto Online - Crack The International Lottery Jackpots","og_description":"A Pol\u00edtica de Privacidade do Playlottoonline (doravante denominada &#8220;Pol\u00edtica&#8221;) aplica-se ao site Playlottoonline.net (doravante denominado &#8220;Site&#8221;). O Site \u00e9 gerido pela empresa LLL World Marketing Limited, localizada em Peiraios 30, primeiro andar, escrit\u00f3rio 1, 2023 Strovolos, Nic\u00f3sia \u2013 Chipre. Ao utilizar o Site, voc\u00ea concorda com esta Pol\u00edtica de Privacidade e os Termos de Uso [&hellip;]","og_url":"https:\/\/jackpotlotteryonline.com\/privacy-policy-2\/","og_site_name":"Lotto Online - Crack The International Lottery Jackpots","twitter_card":"summary_large_image","twitter_misc":{"Tempo estimado de leitura":"3 minutos"},"schema":{"@context":"https:\/\/schema.org","@graph":[{"@type":"WebPage","@id":"https:\/\/jackpotlotteryonline.com\/privacy-policy-2\/","url":"https:\/\/jackpotlotteryonline.com\/privacy-policy-2\/","name":"Pol\u00edtica de Privacidade - Lotto Online - Crack The International Lottery Jackpots","isPartOf":{"@id":"https:\/\/jackpotlotteryonline.com\/#website"},"datePublished":"2025-02-02T17:33:29+00:00","dateModified":"2025-02-02T17:33:29+00:00","breadcrumb":{"@id":"https:\/\/jackpotlotteryonline.com\/privacy-policy-2\/#breadcrumb"},"inLanguage":"pt-PT","potentialAction":[{"@type":"ReadAction","target":["https:\/\/jackpotlotteryonline.com\/privacy-policy-2\/"]}]},{"@type":"BreadcrumbList","@id":"https:\/\/jackpotlotteryonline.com\/privacy-policy-2\/#breadcrumb","itemListElement":[{"@type":"ListItem","position":1,"name":"Home","item":"https:\/\/jackpotlotteryonline.com\/pt-pt\/"},{"@type":"ListItem","position":2,"name":"Pol\u00edtica de Privacidade"}]},{"@type":"WebSite","@id":"https:\/\/jackpotlotteryonline.com\/#website","url":"https:\/\/jackpotlotteryonline.com\/","name":"Lotto Online - Crack The International Lottery Jackpots","description":"","potentialAction":[{"@type":"SearchAction","target":{"@type":"EntryPoint","urlTemplate":"https:\/\/jackpotlotteryonline.com\/?s={search_term_string}"},"query-input":"required name=search_term_string"}],"inLanguage":"pt-PT"}]}},"_links":{"self":[{"href":"https:\/\/jackpotlotteryonline.com\/pt-pt\/wp-json\/wp\/v2\/pages\/72965","targetHints":{"allow":["GET"]}}],"collection":[{"href":"https:\/\/jackpotlotteryonline.com\/pt-pt\/wp-json\/wp\/v2\/pages"}],"about":[{"href":"https:\/\/jackpotlotteryonline.com\/pt-pt\/wp-json\/wp\/v2\/types\/page"}],"author":[{"embeddable":true,"href":"https:\/\/jackpotlotteryonline.com\/pt-pt\/wp-json\/wp\/v2\/users\/7"}],"replies":[{"embeddable":true,"href":"https:\/\/jackpotlotteryonline.com\/pt-pt\/wp-json\/wp\/v2\/comments?post=72965"}],"version-history":[{"count":0,"href":"https:\/\/jackpotlotteryonline.com\/pt-pt\/wp-json\/wp\/v2\/pages\/72965\/revisions"}],"wp:attachment":[{"href":"https:\/\/jackpotlotteryonline.com\/pt-pt\/wp-json\/wp\/v2\/media?parent=72965"}],"curies":[{"name":"wp","href":"https:\/\/api.w.org\/{rel}","templated":true}]}}