{"id":73029,"date":"2025-02-02T18:33:42","date_gmt":"2025-02-02T18:33:42","guid":{"rendered":"https:\/\/jackpotlotteryonline.com\/?page_id=73029"},"modified":"2025-02-02T18:33:42","modified_gmt":"2025-02-02T18:33:42","slug":"termos-e-condicoes","status":"publish","type":"page","link":"https:\/\/jackpotlotteryonline.com\/pt-pt\/termos-e-condicoes\/","title":{"rendered":"Termos e condi\u00e7\u00f5es"},"content":{"rendered":"<p>Os Termos e Condi\u00e7\u00f5es da Jackpot Lottery Online (a seguir designados por Termos de Utiliza\u00e7\u00e3o) aplicam-se ao website jackpotlotteryonline.com (a seguir designado por Website) operado pela LLL World Marketing Limited, Peiraios 30, 1st floor, office 1, 2023 Strovolos, Nicosia &#8211; Cyprus.<\/p>\n<p>Ao exibir, navegar ou usar o site jackpotlotteryonline.com de qualquer forma, o Jogador est\u00e1 sujeito aos seguintes Termos de Uso, bem como \u00e0 nossa Pol\u00edtica de Privacidade. No caso de o Jogador n\u00e3o concordar com qualquer um deles, pedimos ao Jogador para parar de usar o jackpotlotteryonline.com.<\/p>\n<p>Para quaisquer quest\u00f5es relativas aos nossos Termos de Utiliza\u00e7\u00e3o ou \u00e0 nossa Pol\u00edtica de Privacidade, contacte-nos atrav\u00e9s do nosso formul\u00e1rio de contacto.<\/p>\n<p>Estes Termos de Utiliza\u00e7\u00e3o ser\u00e3o regidos pelas leis do Chipre.<\/p>\n<p>1. Defini\u00e7\u00f5es<br \/>\nLotaria &#8211; Um jogo de n\u00fameros no qual tem lugar um sorteio.<br \/>\nSorteio &#8211; Um sorteio de uma quantidade especificada de n\u00fameros de intervalos especificados de n\u00fameros padr\u00e3o ou n\u00fameros padr\u00e3o e de b\u00f3nus dentro de uma determinada Lotaria. Os sorteios ocorrem repetidamente nos dias e horas estabelecidos pelo Operador de uma determinada Loteria.<br \/>\nOperador &#8211; A entidade que organiza o Sorteio numa determinada Lotaria.<br \/>\nJogador &#8211; Uma pessoa que participa de uma das loterias oferecidas no jackpotlotteryonline.com.<br \/>\nBilhete &#8211; Um bilhete eletr\u00f3nico para um Sorteio que o Jogador seleciona para uma determinada Lotaria que cont\u00e9m uma ou mais Linhas.<br \/>\nLinha &#8211; Um conjunto \u00fanico de n\u00fameros que o Jogador selecionou para um sorteio de uma determinada Loteria. Dependendo da Lotaria, pode conter um montante diferente e\/ou outro conjunto (de um intervalo diferente) para n\u00fameros padr\u00e3o e de b\u00f3nus (se existirem).<br \/>\nGanhos &#8211; O montante ganho se uma linha criada por um Jogador corresponder a um conjunto predefinido de n\u00fameros sorteados num Sorteio para o qual o Bilhete que cont\u00e9m a linha foi comprado.<br \/>\nDep\u00f3sito &#8211; Fundos depositados na conta do jogador para serem usados posteriormente na compra de bilhetes.<br \/>\nConta &#8211; A conta de utilizador do jogador, que tem os fundos do jogador, os bilhetes comprados e os dados do jogador atribu\u00eddos a ela.<br \/>\n2. Informa\u00e7\u00f5es gerais<br \/>\n2.1 O site jackpotlotteryonline.com fornece acesso \u00e0s lotarias atrav\u00e9s de uma plataforma online.<br \/>\n2.2 Os jogadores devem ter pelo menos 18 anos de idade para usar o site.<br \/>\n2.3 \u00c9 da responsabilidade do jogador verificar se a participa\u00e7\u00e3o em lotarias online \u00e9 legal na sua jurisdi\u00e7\u00e3o.<br \/>\n2.4 A empresa LLL World Marketing Limited n\u00e3o \u00e9 um operador oficial de loteria. Os servi\u00e7os prestados est\u00e3o relacionados com o acesso a bilhetes de lotaria.<\/p>\n<p>3. Conta de utilizador<br \/>\n3.1 Os jogadores devem registar uma conta no jackpotlotteryonline.com para comprar bilhetes.<br \/>\n3.2 Os dados pessoais fornecidos durante o registo devem ser exactos. Qualquer informa\u00e7\u00e3o falsa ou enganosa pode levar \u00e0 suspens\u00e3o ou encerramento da conta.<br \/>\n3.3 Os jogadores s\u00e3o respons\u00e1veis por manter a confidencialidade das suas credenciais de login. A Empresa n\u00e3o ser\u00e1 respons\u00e1vel pelo acesso n\u00e3o autorizado devido a neglig\u00eancia.<\/p>\n<p>4. Dep\u00f3sitos e Pagamentos<br \/>\n4.1 Os dep\u00f3sitos podem ser feitos atrav\u00e9s dos m\u00e9todos de pagamento dispon\u00edveis em jackpotlotteryonline.com.<br \/>\n4.2 Os jogadores s\u00e3o respons\u00e1veis por garantir que t\u00eam fundos suficientes na sua conta para comprar bilhetes.<br \/>\n4.3 Todos os pagamentos s\u00e3o processados de forma segura. A Empresa reserva-se o direito de solicitar verifica\u00e7\u00e3o adicional, se necess\u00e1rio.<\/p>\n<p>5. Compra de bilhetes<br \/>\n5.1 Os jogadores podem comprar bilhetes para v\u00e1rias lotarias oferecidas no jackpotlotteryonline.com.<br \/>\n5.2 Os bilhetes s\u00f3 s\u00e3o considerados v\u00e1lidos ap\u00f3s a confirma\u00e7\u00e3o do pagamento.<\/p>\n<p>6. Pr\u00e9mios<br \/>\n6.1 Os ganhos s\u00e3o calculados com base na correspond\u00eancia entre os n\u00fameros selecionados pelo jogador e os n\u00fameros sorteados pelo operador oficial da lotaria.<br \/>\n6.2 A Empresa far\u00e1 todos os esfor\u00e7os para distribuir os pr\u00e9mios ao Jogador prontamente.<br \/>\n6.3 Grandes ganhos podem requerer verifica\u00e7\u00e3o adicional de identidade antes de serem liberados para o Jogador.<\/p>\n<p>7. Limita\u00e7\u00e3o de Responsabilidade<br \/>\n7.1 A Empresa n\u00e3o \u00e9 respons\u00e1vel por quaisquer erros t\u00e9cnicos ou interrup\u00e7\u00f5es que possam ocorrer durante a utiliza\u00e7\u00e3o do jackpotlotteryonline.com.<br \/>\n7.2 Em nenhuma circunst\u00e2ncia a Empresa ser\u00e1 responsabilizada por danos indirectos, incidentais ou consequenciais decorrentes do uso do site.<\/p>\n<p>8. Rescis\u00e3o<br \/>\n8.1 A Empresa reserva-se o direito de encerrar ou suspender a conta de qualquer jogador por viola\u00e7\u00f5es dos Termos de Uso.<br \/>\n8.2 Os jogadores podem solicitar o encerramento da conta a qualquer momento, contactando o suporte atrav\u00e9s do formul\u00e1rio de contacto.<\/p>\n<p>9. Lei Aplic\u00e1vel<br \/>\n9.1 Estes Termos de Utiliza\u00e7\u00e3o ser\u00e3o regidos e interpretados de acordo com as leis do Chipre.<\/p>\n<p>Ao utilizar o jackpotlotteryonline.com, o Jogador concorda em cumprir todos os Termos de Utiliza\u00e7\u00e3o acima mencionados.<\/p>\n","protected":false},"excerpt":{"rendered":"<p>Os Termos e Condi\u00e7\u00f5es da Jackpot Lottery Online (a seguir designados por Termos de Utiliza\u00e7\u00e3o) aplicam-se ao website jackpotlotteryonline.com (a seguir designado por Website) operado pela LLL World Marketing Limited, Peiraios 30, 1st floor, office 1, 2023 Strovolos, Nicosia &#8211; Cyprus. Ao exibir, navegar ou usar o site jackpotlotteryonline.com de qualquer forma, o Jogador est\u00e1 [&hellip;]<\/p>\n","protected":false},"author":7,"featured_media":0,"parent":0,"menu_order":0,"comment_status":"closed","ping_status":"closed","template":"","meta":{"_et_pb_use_builder":"","_et_pb_old_content":"","_et_gb_content_width":"","exclude_from_search":false,"footnotes":""},"class_list":["post-73029","page","type-page","status-publish","hentry"],"yoast_head":"<!-- This site is optimized with the Yoast SEO plugin v23.3 - https:\/\/yoast.com\/wordpress\/plugins\/seo\/ -->\n<title>Termos e condi\u00e7\u00f5es - Lotto Online - Crack The International Lottery Jackpots<\/title>\n<meta name=\"robots\" content=\"index, follow, max-snippet:-1, max-image-preview:large, max-video-preview:-1\" \/>\n<link rel=\"canonical\" href=\"https:\/\/jackpotlotteryonline.com\/pt-pt\/termos-e-condicoes\/\" \/>\n<meta property=\"og:locale\" content=\"pt_PT\" \/>\n<meta property=\"og:type\" content=\"article\" \/>\n<meta property=\"og:title\" content=\"Termos e condi\u00e7\u00f5es - Lotto Online - Crack The International Lottery Jackpots\" \/>\n<meta property=\"og:description\" content=\"Os Termos e Condi\u00e7\u00f5es da Jackpot Lottery Online (a seguir designados por Termos de Utiliza\u00e7\u00e3o) aplicam-se ao website jackpotlotteryonline.com (a seguir designado por Website) operado pela LLL World Marketing Limited, Peiraios 30, 1st floor, office 1, 2023 Strovolos, Nicosia &#8211; Cyprus. Ao exibir, navegar ou usar o site jackpotlotteryonline.com de qualquer forma, o Jogador est\u00e1 [&hellip;]\" \/>\n<meta property=\"og:url\" content=\"https:\/\/jackpotlotteryonline.com\/pt-pt\/termos-e-condicoes\/\" \/>\n<meta property=\"og:site_name\" content=\"Lotto Online - Crack The International Lottery Jackpots\" \/>\n<meta name=\"twitter:card\" content=\"summary_large_image\" \/>\n<meta name=\"twitter:label1\" content=\"Tempo estimado de leitura\" \/>\n\t<meta name=\"twitter:data1\" content=\"4 minutos\" \/>\n<!-- \/ Yoast SEO plugin. -->","yoast_head_json":{"title":"Termos e condi\u00e7\u00f5es - Lotto Online - Crack The International Lottery Jackpots","robots":{"index":"index","follow":"follow","max-snippet":"max-snippet:-1","max-image-preview":"max-image-preview:large","max-video-preview":"max-video-preview:-1"},"canonical":"https:\/\/jackpotlotteryonline.com\/pt-pt\/termos-e-condicoes\/","og_locale":"pt_PT","og_type":"article","og_title":"Termos e condi\u00e7\u00f5es - Lotto Online - Crack The International Lottery Jackpots","og_description":"Os Termos e Condi\u00e7\u00f5es da Jackpot Lottery Online (a seguir designados por Termos de Utiliza\u00e7\u00e3o) aplicam-se ao website jackpotlotteryonline.com (a seguir designado por Website) operado pela LLL World Marketing Limited, Peiraios 30, 1st floor, office 1, 2023 Strovolos, Nicosia &#8211; Cyprus. Ao exibir, navegar ou usar o site jackpotlotteryonline.com de qualquer forma, o Jogador est\u00e1 [&hellip;]","og_url":"https:\/\/jackpotlotteryonline.com\/pt-pt\/termos-e-condicoes\/","og_site_name":"Lotto Online - Crack The International Lottery Jackpots","twitter_card":"summary_large_image","twitter_misc":{"Tempo estimado de leitura":"4 minutos"},"schema":{"@context":"https:\/\/schema.org","@graph":[{"@type":"WebPage","@id":"https:\/\/jackpotlotteryonline.com\/pt-pt\/termos-e-condicoes\/","url":"https:\/\/jackpotlotteryonline.com\/pt-pt\/termos-e-condicoes\/","name":"Termos e condi\u00e7\u00f5es - Lotto Online - Crack The International Lottery Jackpots","isPartOf":{"@id":"https:\/\/jackpotlotteryonline.com\/#website"},"datePublished":"2025-02-02T18:33:42+00:00","dateModified":"2025-02-02T18:33:42+00:00","breadcrumb":{"@id":"https:\/\/jackpotlotteryonline.com\/pt-pt\/termos-e-condicoes\/#breadcrumb"},"inLanguage":"pt-PT","potentialAction":[{"@type":"ReadAction","target":["https:\/\/jackpotlotteryonline.com\/pt-pt\/termos-e-condicoes\/"]}]},{"@type":"BreadcrumbList","@id":"https:\/\/jackpotlotteryonline.com\/pt-pt\/termos-e-condicoes\/#breadcrumb","itemListElement":[{"@type":"ListItem","position":1,"name":"Home","item":"https:\/\/jackpotlotteryonline.com\/pt-pt\/"},{"@type":"ListItem","position":2,"name":"Termos e condi\u00e7\u00f5es"}]},{"@type":"WebSite","@id":"https:\/\/jackpotlotteryonline.com\/#website","url":"https:\/\/jackpotlotteryonline.com\/","name":"Lotto Online - Crack The International Lottery Jackpots","description":"","potentialAction":[{"@type":"SearchAction","target":{"@type":"EntryPoint","urlTemplate":"https:\/\/jackpotlotteryonline.com\/?s={search_term_string}"},"query-input":"required name=search_term_string"}],"inLanguage":"pt-PT"}]}},"_links":{"self":[{"href":"https:\/\/jackpotlotteryonline.com\/pt-pt\/wp-json\/wp\/v2\/pages\/73029","targetHints":{"allow":["GET"]}}],"collection":[{"href":"https:\/\/jackpotlotteryonline.com\/pt-pt\/wp-json\/wp\/v2\/pages"}],"about":[{"href":"https:\/\/jackpotlotteryonline.com\/pt-pt\/wp-json\/wp\/v2\/types\/page"}],"author":[{"embeddable":true,"href":"https:\/\/jackpotlotteryonline.com\/pt-pt\/wp-json\/wp\/v2\/users\/7"}],"replies":[{"embeddable":true,"href":"https:\/\/jackpotlotteryonline.com\/pt-pt\/wp-json\/wp\/v2\/comments?post=73029"}],"version-history":[{"count":0,"href":"https:\/\/jackpotlotteryonline.com\/pt-pt\/wp-json\/wp\/v2\/pages\/73029\/revisions"}],"wp:attachment":[{"href":"https:\/\/jackpotlotteryonline.com\/pt-pt\/wp-json\/wp\/v2\/media?parent=73029"}],"curies":[{"name":"wp","href":"https:\/\/api.w.org\/{rel}","templated":true}]}}