{"id":77628,"date":"2025-03-21T17:48:34","date_gmt":"2025-03-21T17:48:34","guid":{"rendered":"https:\/\/jackpotlotteryonline.com\/?page_id=77628"},"modified":"2025-03-21T17:48:34","modified_gmt":"2025-03-21T17:48:34","slug":"onde-pode-comprar-bilhetes-de-lotaria-de-nova-iorque-fora-dos-eua","status":"publish","type":"page","link":"https:\/\/jackpotlotteryonline.com\/pt-pt\/comprar-tickets\/onde-pode-comprar-bilhetes-de-lotaria-de-nova-iorque-fora-dos-eua\/","title":{"rendered":"Onde pode comprar bilhetes de lotaria de Nova Iorque fora dos EUA?"},"content":{"rendered":"<p>Estes jackpots de Nova Iorque s\u00e3o absolutamente enormes \u2013 s\u00e3o praticamente lend\u00e1rios. Pessoas de todo o mundo est\u00e3o a persegui-los! E as pessoas que n\u00e3o est\u00e3o nos EUA? Pode comprar bilhetes da lotaria de Nova Iorque fora dos EUA. Adivinha? O JackpotLottery permite-lhe ganhar bilhetes reais da lotaria de Nova Iorque online, de qualquer lugar do planeta!<\/p>\n<h2>Pode comprar bilhetes de lotaria de Nova Iorque fora dos EUA?<\/h2>\n<p>Totalmente! Portanto, mesmo que n\u00e3o esteja em Nova Iorque ou mesmo na Am\u00e9rica, ainda poder\u00e1 participar na Loteria de Nova Iorque. Com o JackpotLottery, os jogadores internacionais podem comprar bilhetes de lotaria em seguran\u00e7a em qualquer lugar. Isto nivela o campo de jogo, dando-lhe hip\u00f3teses id\u00eanticas de ganhar como se estivesse a comprar um bilhete pessoalmente. Basicamente, o JackpotLottery faz com que algu\u00e9m lhe compre o seu bilhete, como um comprador pessoal de lotaria. Receber\u00e1 uma c\u00f3pia digitalizada do seu bilhete oficial na sua conta, com prova clara da sua compra e maior seguran\u00e7a.<\/p>\n<h3>Como comprar bilhetes de lotaria de Nova Iorque online com JackpotLottery<img decoding=\"async\" class=\" wp-image-29318 alignright\" src=\"https:\/\/jackpotlotteryonline.com\/wp-content\/uploads\/2022\/11\/1_play_onlinelottery4-300x200.jpg\" alt=\"Pode comprar bilhetes de lotaria de Nova Iorque fora dos EUA\" width=\"262\" altura=\"174\" srcset=\"https:\/\/jackpotlotteryonline.com\/wp-content\/uploads\/2022\/11\/1_play_onlinelottery4-300x200.jpg 300w, https:\/\/jackpotlotteryonline.com\/wp-content\/uploads\/2022\/11\/1_play_onlinelottery4.jpg 320w\" sizes=\"(max-width: 300px) 100vw, 300px\" \/><\/h3>\n<p>Jogar na lotaria de Nova Iorque internacionalmente \u00e9 muito acess\u00edvel ao utilizar o Jackpotlottery. Estas instru\u00e7\u00f5es f\u00e1ceis ir\u00e3o gui\u00e1-lo:<\/p>\n<p>1.\u00ba Comece por se inscrever. Comece no JackpotLottery inserindo os seus dados e verificando a sua identidade agora. Desta forma, tudo fica seguro e n\u00e3o ter\u00e1 problemas em receber os seus ganhos.<br \/>\n2.Na sec\u00e7\u00e3o de lotarias, escolha Loteria de Nova Iorque. Se est\u00e1 atr\u00e1s de um grande jackpot, a Lotaria de Nova Iorque \u00e9 uma op\u00e7\u00e3o muito popular.<br \/>\n3.\u00ba Agora escolha os seus n\u00fameros. Tem a op\u00e7\u00e3o de selecionar manualmente seis n\u00fameros que variam de 1 a 59, ou pode utilizar a fun\u00e7\u00e3o Quick Pick para que o sistema os gere aleatoriamente para si.<br \/>\n4.\u00ba Proceda \u00e0 compra do bilhete. Escolha um dos nossos m\u00e9todos de pagamento dispon\u00edveis para comprar o seu bilhete com comodidade. Ap\u00f3s a confirma\u00e7\u00e3o da compra com sucesso, o JackpotLottery proceder\u00e1 \u00e0 aquisi\u00e7\u00e3o de um bilhete oficial em seu nome.<\/p>\n<p>5.\u00ba Conhe\u00e7a o resultado do sorteio.<br \/>\nSaiba imediatamente se tirou a sorte grande.<br \/>\n6. Garantia de pagamento verificada<br \/>\nOs pequenos ganhos v\u00e3o diretamente para a sua conta e, para os grandes, a JackpotLottery trata de tudo.<\/p>\n<p><strong>Jogue hoje na lotaria de Nova Iorque<\/strong><br \/>\nAgora que j\u00e1 sabe jogar no estrangeiro, v\u00e1 em frente e tente ganhar muito na lotaria de Nova Iorque. Entre em a\u00e7\u00e3o! Inscreva-se no JackpotLottery, pegue no seu bilhete e fa\u00e7a parte do emocionante sorteio da lotaria americana! Est\u00e1 a apenas um bilhete de realizar os seus sonhos de jackpot.<\/p>\n","protected":false},"excerpt":{"rendered":"<p>Estes jackpots de Nova Iorque s\u00e3o absolutamente enormes \u2013 s\u00e3o praticamente lend\u00e1rios. Pessoas de todo o mundo est\u00e3o a persegui-los! E as pessoas que n\u00e3o est\u00e3o nos EUA? Pode comprar bilhetes da lotaria de Nova Iorque fora dos EUA. Adivinha? O JackpotLottery permite-lhe ganhar bilhetes reais da lotaria de Nova Iorque online, de qualquer lugar [&hellip;]<\/p>\n","protected":false},"author":7,"featured_media":0,"parent":35772,"menu_order":0,"comment_status":"closed","ping_status":"closed","template":"","meta":{"_et_pb_use_builder":"","_et_pb_old_content":"","_et_gb_content_width":"","exclude_from_search":false,"footnotes":""},"class_list":["post-77628","page","type-page","status-publish","hentry"],"yoast_head":"<!-- This site is optimized with the Yoast SEO plugin v23.3 - https:\/\/yoast.com\/wordpress\/plugins\/seo\/ -->\n<title>Pode comprar bilhetes de lotaria de Nova Iorque fora dos EUA?<\/title>\n<meta name=\"description\" content=\"Quer saber se pode comprar bilhetes da lotaria de Nova Iorque fora dos EUA? Descubra as melhores formas de jogar online e de reclamar pr\u00e9mios internacionalmente!\" \/>\n<meta name=\"robots\" content=\"index, follow, max-snippet:-1, max-image-preview:large, max-video-preview:-1\" \/>\n<link rel=\"canonical\" href=\"https:\/\/jackpotlotteryonline.com\/where-can-you-buy-new-york-lottery-tickets-outside-the-usa\/\" \/>\n<meta property=\"og:locale\" content=\"pt_PT\" \/>\n<meta property=\"og:type\" content=\"article\" \/>\n<meta property=\"og:title\" content=\"Pode comprar bilhetes de lotaria de Nova Iorque fora dos EUA?\" \/>\n<meta property=\"og:description\" content=\"Quer saber se pode comprar bilhetes da lotaria de Nova Iorque fora dos EUA? Descubra as melhores formas de jogar online e de reclamar pr\u00e9mios internacionalmente!\" \/>\n<meta property=\"og:url\" content=\"https:\/\/jackpotlotteryonline.com\/where-can-you-buy-new-york-lottery-tickets-outside-the-usa\/\" \/>\n<meta property=\"og:site_name\" content=\"Lotto Online - Crack The International Lottery Jackpots\" \/>\n<meta property=\"og:image\" content=\"https:\/\/jackpotlotteryonline.com\/wp-content\/uploads\/2022\/11\/1_play_onlinelottery4-300x200.jpg\" \/>\n<meta name=\"twitter:card\" content=\"summary_large_image\" \/>\n<!-- \/ Yoast SEO plugin. -->","yoast_head_json":{"title":"Pode comprar bilhetes de lotaria de Nova Iorque fora dos EUA?","description":"Quer saber se pode comprar bilhetes da lotaria de Nova Iorque fora dos EUA? Descubra as melhores formas de jogar online e de reclamar pr\u00e9mios internacionalmente!","robots":{"index":"index","follow":"follow","max-snippet":"max-snippet:-1","max-image-preview":"max-image-preview:large","max-video-preview":"max-video-preview:-1"},"canonical":"https:\/\/jackpotlotteryonline.com\/where-can-you-buy-new-york-lottery-tickets-outside-the-usa\/","og_locale":"pt_PT","og_type":"article","og_title":"Pode comprar bilhetes de lotaria de Nova Iorque fora dos EUA?","og_description":"Quer saber se pode comprar bilhetes da lotaria de Nova Iorque fora dos EUA? Descubra as melhores formas de jogar online e de reclamar pr\u00e9mios internacionalmente!","og_url":"https:\/\/jackpotlotteryonline.com\/where-can-you-buy-new-york-lottery-tickets-outside-the-usa\/","og_site_name":"Lotto Online - Crack The International Lottery Jackpots","og_image":[{"url":"https:\/\/jackpotlotteryonline.com\/wp-content\/uploads\/2022\/11\/1_play_onlinelottery4-300x200.jpg"}],"twitter_card":"summary_large_image","schema":{"@context":"https:\/\/schema.org","@graph":[{"@type":"WebPage","@id":"https:\/\/jackpotlotteryonline.com\/where-can-you-buy-new-york-lottery-tickets-outside-the-usa\/","url":"https:\/\/jackpotlotteryonline.com\/where-can-you-buy-new-york-lottery-tickets-outside-the-usa\/","name":"Pode comprar bilhetes de lotaria de Nova Iorque fora dos EUA?","isPartOf":{"@id":"https:\/\/jackpotlotteryonline.com\/#website"},"primaryImageOfPage":{"@id":"https:\/\/jackpotlotteryonline.com\/where-can-you-buy-new-york-lottery-tickets-outside-the-usa\/#primaryimage"},"image":{"@id":"https:\/\/jackpotlotteryonline.com\/where-can-you-buy-new-york-lottery-tickets-outside-the-usa\/#primaryimage"},"thumbnailUrl":"https:\/\/jackpotlotteryonline.com\/wp-content\/uploads\/2022\/11\/1_play_onlinelottery4-300x200.jpg","datePublished":"2025-03-21T17:48:34+00:00","dateModified":"2025-03-21T17:48:34+00:00","description":"Quer saber se pode comprar bilhetes da lotaria de Nova Iorque fora dos EUA? Descubra as melhores formas de jogar online e de reclamar pr\u00e9mios internacionalmente!","breadcrumb":{"@id":"https:\/\/jackpotlotteryonline.com\/where-can-you-buy-new-york-lottery-tickets-outside-the-usa\/#breadcrumb"},"inLanguage":"pt-PT","potentialAction":[{"@type":"ReadAction","target":["https:\/\/jackpotlotteryonline.com\/where-can-you-buy-new-york-lottery-tickets-outside-the-usa\/"]}]},{"@type":"ImageObject","inLanguage":"pt-PT","@id":"https:\/\/jackpotlotteryonline.com\/where-can-you-buy-new-york-lottery-tickets-outside-the-usa\/#primaryimage","url":"https:\/\/jackpotlotteryonline.com\/wp-content\/uploads\/2022\/11\/1_play_onlinelottery4-300x200.jpg","contentUrl":"https:\/\/jackpotlotteryonline.com\/wp-content\/uploads\/2022\/11\/1_play_onlinelottery4-300x200.jpg"},{"@type":"BreadcrumbList","@id":"https:\/\/jackpotlotteryonline.com\/where-can-you-buy-new-york-lottery-tickets-outside-the-usa\/#breadcrumb","itemListElement":[{"@type":"ListItem","position":1,"name":"Home","item":"https:\/\/jackpotlotteryonline.com\/pt-pt\/"},{"@type":"ListItem","position":2,"name":"Onde pode comprar bilhetes de lotaria de Nova Iorque fora dos EUA?"}]},{"@type":"WebSite","@id":"https:\/\/jackpotlotteryonline.com\/#website","url":"https:\/\/jackpotlotteryonline.com\/","name":"Lotto Online - Crack The International Lottery Jackpots","description":"","potentialAction":[{"@type":"SearchAction","target":{"@type":"EntryPoint","urlTemplate":"https:\/\/jackpotlotteryonline.com\/?s={search_term_string}"},"query-input":"required name=search_term_string"}],"inLanguage":"pt-PT"}]}},"_links":{"self":[{"href":"https:\/\/jackpotlotteryonline.com\/pt-pt\/wp-json\/wp\/v2\/pages\/77628","targetHints":{"allow":["GET"]}}],"collection":[{"href":"https:\/\/jackpotlotteryonline.com\/pt-pt\/wp-json\/wp\/v2\/pages"}],"about":[{"href":"https:\/\/jackpotlotteryonline.com\/pt-pt\/wp-json\/wp\/v2\/types\/page"}],"author":[{"embeddable":true,"href":"https:\/\/jackpotlotteryonline.com\/pt-pt\/wp-json\/wp\/v2\/users\/7"}],"replies":[{"embeddable":true,"href":"https:\/\/jackpotlotteryonline.com\/pt-pt\/wp-json\/wp\/v2\/comments?post=77628"}],"version-history":[{"count":2,"href":"https:\/\/jackpotlotteryonline.com\/pt-pt\/wp-json\/wp\/v2\/pages\/77628\/revisions"}],"predecessor-version":[{"id":77630,"href":"https:\/\/jackpotlotteryonline.com\/pt-pt\/wp-json\/wp\/v2\/pages\/77628\/revisions\/77630"}],"up":[{"embeddable":true,"href":"https:\/\/jackpotlotteryonline.com\/pt-pt\/wp-json\/wp\/v2\/pages\/35772"}],"wp:attachment":[{"href":"https:\/\/jackpotlotteryonline.com\/pt-pt\/wp-json\/wp\/v2\/media?parent=77628"}],"curies":[{"name":"wp","href":"https:\/\/api.w.org\/{rel}","templated":true}]}}