{"id":77701,"date":"2025-03-22T07:57:25","date_gmt":"2025-03-22T07:57:25","guid":{"rendered":"https:\/\/jackpotlotteryonline.com\/?page_id=77701"},"modified":"2025-03-22T07:57:25","modified_gmt":"2025-03-22T07:57:25","slug":"descubra-os-resultados-de-hoje-da-lotaria-de-nova-iorque","status":"publish","type":"page","link":"https:\/\/jackpotlotteryonline.com\/pt-pt\/numeros-vencedores\/descubra-os-resultados-de-hoje-da-lotaria-de-nova-iorque\/","title":{"rendered":"Descubra os resultados de hoje da Lotaria de Nova Iorque"},"content":{"rendered":"<p>As pessoas est\u00e3o sempre entusiasmadas com a Lotaria de Nova Iorque, \u00e0 espera de ver o \u00faltimo sorteio. Se precisa dos n\u00fameros atuais da lotaria de Nova Iorque, est\u00e1 exatamente onde deveria estar. Verificar os n\u00fameros da Lotaria de Nova Iorque \u00e9 r\u00e1pido e f\u00e1cil, com apenas alguns cliques.<\/p>\n<h2>Onde posso ver os resultados da lotaria de Nova Iorque de hoje?<\/h2>\n<p>\u00c9 f\u00e1cil e conveniente verificar os resultados da Lotaria de Nova Iorque de hoje. \u00c9 aqui que pode procurar os n\u00fameros vencedores;<br \/>\nConfie no JackpotLottery para obter resultados de lotaria atualizados e a op\u00e7\u00e3o de comprar bilhetes diretamente online. Imediatamente ap\u00f3s o an\u00fancio dos resultados, estes ficam geralmente dispon\u00edveis nesta plataforma. Al\u00e9m disso, ser\u00e1 imediatamente notificado em caso de vit\u00f3ria, garantindo que n\u00e3o perder\u00e1 os seus ganhos.<\/p>\n<p><strong>Quando s\u00e3o os sorteios da lotaria de Nova Iorque?<img loading=\"lazy\" decoding=\"async\" width=\"300\" height=\"300\" class=\" wp-image-51568 alignright\" src=\"https:\/\/jackpotlotteryonline.com\/wp-content\/uploads\/2023\/09\/8.png\" alt=\"Onde posso ver os resultados da lotaria de Nova Iorque de hoje?\" largura=\"233\" altura=\"233\" srcset=\"https:\/\/jackpotlotteryonline.com\/wp-content\/uploads\/2023\/09\/8.png 300w, https:\/\/jackpotlotteryonline.com\/wp-content\/uploads\/2023\/09\/8-100x100.png 100w, https:\/\/jackpotlotteryonline.com\/wp-content\/uploads\/2023\/09\/8-150x150.png 150w\" sizes=\"auto, (max-width: 300px) 100vw, 300px\" \/><\/strong><\/p>\n<p>Pode assistir ao sorteio da Loteria de Nova Iorque todas as quartas-feiras e s\u00e1bados \u00e0s 23h21, hor\u00e1rio do leste. Ao utilizar esta plataforma estar\u00e1 sempre atualizado. A contagem decrescente para o sorteio \u00e9 sempre apresentada ao lado da lotaria.<\/p>\n<h3>Como verificar se ganhou a lotaria de Nova Iorque<\/h3>\n<ul>\n<li>Depois de obter os resultados de hoje da lotaria de Nova Iorque, estes passos ir\u00e3o gui\u00e1-lo na verifica\u00e7\u00e3o do seu bilhete.<\/li>\n<li>Compare os seus n\u00fameros: verifique se os n\u00fameros escolhidos s\u00e3o iguais aos n\u00fameros sorteados.<\/li>\n<li>Veja se tem extras: alguns jogos t\u00eam n\u00fameros de b\u00f3nus e multiplicadores.<\/li>\n<li>Para reclamar ganhos, siga o nosso procedimento de reclama\u00e7\u00e3o, que varia de acordo com o valor do pr\u00e9mio, podendo envolver reclama\u00e7\u00f5es online para montantes mais baixos ou verifica\u00e7\u00e3o pessoal para grandes jackpots.<\/li>\n<\/ul>\n<h2>Orienta\u00e7\u00f5es para os vencedores da lotaria de Nova Iorque<\/h2>\n<p>Se ganhar a lotaria, a sua vida est\u00e1 prestes a mudar, por isso precisa de fazer as coisas da maneira certa.<\/p>\n<ul>\n<li>Mantenha-se equilibrado e verifique: certifique-se de que o seu bilhete corresponde aos n\u00fameros oficiais antes de celebrar.<\/li>\n<li>Decida como pretende os seus ganhos: os jackpots s\u00e3o geralmente pagos como um pagamento \u00fanico ou atrav\u00e9s de uma s\u00e9rie de pagamentos anuais.<\/li>\n<li>Garanta seguran\u00e7a a longo prazo: procure aconselhamento junto de um consultor financeiro para gerir os seus ganhos na lotaria com sabedoria.<\/li>\n<li>Esteja ciente dos prazos de reclama\u00e7\u00e3o: certifique-se de que resgata o seu pr\u00e9mio dentro do prazo especificado, uma vez que cada jogo tem um limite.<\/li>\n<\/ul>\n<p><strong>Obtenha os \u00faltimos resultados da lotaria de Nova Iorque instantaneamente!<\/strong><\/p>\n<p>Agora que j\u00e1 sabe a resposta; Onde posso ver os resultados da Loteria de Nova Iorque de hoje, certifique-se de verificar os seus bilhetes com frequ\u00eancia. Manter-se informado sobre os \u00faltimos sorteios aumenta as suas hip\u00f3teses de sucesso, independentemente de estar a jogar casualmente ou para ganhar um jackpot. Receba todas as \u00faltimas atualiza\u00e7\u00f5es do JackpotLottery e aumente as suas hip\u00f3teses de ganhar! Desejamos-lhe tudo de melhor.<\/p>\n","protected":false},"excerpt":{"rendered":"<p>As pessoas est\u00e3o sempre entusiasmadas com a Lotaria de Nova Iorque, \u00e0 espera de ver o \u00faltimo sorteio. Se precisa dos n\u00fameros atuais da lotaria de Nova Iorque, est\u00e1 exatamente onde deveria estar. Verificar os n\u00fameros da Lotaria de Nova Iorque \u00e9 r\u00e1pido e f\u00e1cil, com apenas alguns cliques. Onde posso ver os resultados da [&hellip;]<\/p>\n","protected":false},"author":7,"featured_media":0,"parent":35846,"menu_order":0,"comment_status":"closed","ping_status":"closed","template":"","meta":{"_et_pb_use_builder":"","_et_pb_old_content":"","_et_gb_content_width":"","exclude_from_search":false,"footnotes":""},"class_list":["post-77701","page","type-page","status-publish","hentry"],"yoast_head":"<!-- This site is optimized with the Yoast SEO plugin v23.3 - https:\/\/yoast.com\/wordpress\/plugins\/seo\/ -->\n<title>Onde posso ver os resultados da lotaria de Nova Iorque de hoje<\/title>\n<meta name=\"description\" content=\"Onde posso ver os resultados da lotaria de Nova Iorque de hoje? Descubra onde verificar os \u00faltimos n\u00fameros vencedores instantaneamente e mantenha-se atualizado\" \/>\n<meta name=\"robots\" content=\"index, follow, max-snippet:-1, max-image-preview:large, max-video-preview:-1\" \/>\n<link rel=\"canonical\" href=\"https:\/\/jackpotlotteryonline.com\/find-out-todays-results-for-new-york-lottery-2\/\" \/>\n<meta property=\"og:locale\" content=\"pt_PT\" \/>\n<meta property=\"og:type\" content=\"article\" \/>\n<meta property=\"og:title\" content=\"Onde posso ver os resultados da lotaria de Nova Iorque de hoje\" \/>\n<meta property=\"og:description\" content=\"Onde posso ver os resultados da lotaria de Nova Iorque de hoje? Descubra onde verificar os \u00faltimos n\u00fameros vencedores instantaneamente e mantenha-se atualizado\" \/>\n<meta property=\"og:url\" content=\"https:\/\/jackpotlotteryonline.com\/find-out-todays-results-for-new-york-lottery-2\/\" \/>\n<meta property=\"og:site_name\" content=\"Lotto Online - Crack The International Lottery Jackpots\" \/>\n<meta property=\"og:image\" content=\"https:\/\/jackpotlotteryonline.com\/wp-content\/uploads\/2023\/09\/8.png\" \/>\n<meta name=\"twitter:card\" content=\"summary_large_image\" \/>\n<!-- \/ Yoast SEO plugin. -->","yoast_head_json":{"title":"Onde posso ver os resultados da lotaria de Nova Iorque de hoje","description":"Onde posso ver os resultados da lotaria de Nova Iorque de hoje? Descubra onde verificar os \u00faltimos n\u00fameros vencedores instantaneamente e mantenha-se atualizado","robots":{"index":"index","follow":"follow","max-snippet":"max-snippet:-1","max-image-preview":"max-image-preview:large","max-video-preview":"max-video-preview:-1"},"canonical":"https:\/\/jackpotlotteryonline.com\/find-out-todays-results-for-new-york-lottery-2\/","og_locale":"pt_PT","og_type":"article","og_title":"Onde posso ver os resultados da lotaria de Nova Iorque de hoje","og_description":"Onde posso ver os resultados da lotaria de Nova Iorque de hoje? Descubra onde verificar os \u00faltimos n\u00fameros vencedores instantaneamente e mantenha-se atualizado","og_url":"https:\/\/jackpotlotteryonline.com\/find-out-todays-results-for-new-york-lottery-2\/","og_site_name":"Lotto Online - Crack The International Lottery Jackpots","og_image":[{"url":"https:\/\/jackpotlotteryonline.com\/wp-content\/uploads\/2023\/09\/8.png"}],"twitter_card":"summary_large_image","schema":{"@context":"https:\/\/schema.org","@graph":[{"@type":"WebPage","@id":"https:\/\/jackpotlotteryonline.com\/find-out-todays-results-for-new-york-lottery-2\/","url":"https:\/\/jackpotlotteryonline.com\/find-out-todays-results-for-new-york-lottery-2\/","name":"Onde posso ver os resultados da lotaria de Nova Iorque de hoje","isPartOf":{"@id":"https:\/\/jackpotlotteryonline.com\/#website"},"primaryImageOfPage":{"@id":"https:\/\/jackpotlotteryonline.com\/find-out-todays-results-for-new-york-lottery-2\/#primaryimage"},"image":{"@id":"https:\/\/jackpotlotteryonline.com\/find-out-todays-results-for-new-york-lottery-2\/#primaryimage"},"thumbnailUrl":"https:\/\/jackpotlotteryonline.com\/wp-content\/uploads\/2023\/09\/8.png","datePublished":"2025-03-22T07:57:25+00:00","dateModified":"2025-03-22T07:57:25+00:00","description":"Onde posso ver os resultados da lotaria de Nova Iorque de hoje? Descubra onde verificar os \u00faltimos n\u00fameros vencedores instantaneamente e mantenha-se atualizado","breadcrumb":{"@id":"https:\/\/jackpotlotteryonline.com\/find-out-todays-results-for-new-york-lottery-2\/#breadcrumb"},"inLanguage":"pt-PT","potentialAction":[{"@type":"ReadAction","target":["https:\/\/jackpotlotteryonline.com\/find-out-todays-results-for-new-york-lottery-2\/"]}]},{"@type":"ImageObject","inLanguage":"pt-PT","@id":"https:\/\/jackpotlotteryonline.com\/find-out-todays-results-for-new-york-lottery-2\/#primaryimage","url":"https:\/\/jackpotlotteryonline.com\/wp-content\/uploads\/2023\/09\/8.png","contentUrl":"https:\/\/jackpotlotteryonline.com\/wp-content\/uploads\/2023\/09\/8.png"},{"@type":"BreadcrumbList","@id":"https:\/\/jackpotlotteryonline.com\/find-out-todays-results-for-new-york-lottery-2\/#breadcrumb","itemListElement":[{"@type":"ListItem","position":1,"name":"Home","item":"https:\/\/jackpotlotteryonline.com\/pt-pt\/"},{"@type":"ListItem","position":2,"name":"Descubra os resultados de hoje da Lotaria de Nova Iorque"}]},{"@type":"WebSite","@id":"https:\/\/jackpotlotteryonline.com\/#website","url":"https:\/\/jackpotlotteryonline.com\/","name":"Lotto Online - Crack The International Lottery Jackpots","description":"","potentialAction":[{"@type":"SearchAction","target":{"@type":"EntryPoint","urlTemplate":"https:\/\/jackpotlotteryonline.com\/?s={search_term_string}"},"query-input":"required name=search_term_string"}],"inLanguage":"pt-PT"}]}},"_links":{"self":[{"href":"https:\/\/jackpotlotteryonline.com\/pt-pt\/wp-json\/wp\/v2\/pages\/77701","targetHints":{"allow":["GET"]}}],"collection":[{"href":"https:\/\/jackpotlotteryonline.com\/pt-pt\/wp-json\/wp\/v2\/pages"}],"about":[{"href":"https:\/\/jackpotlotteryonline.com\/pt-pt\/wp-json\/wp\/v2\/types\/page"}],"author":[{"embeddable":true,"href":"https:\/\/jackpotlotteryonline.com\/pt-pt\/wp-json\/wp\/v2\/users\/7"}],"replies":[{"embeddable":true,"href":"https:\/\/jackpotlotteryonline.com\/pt-pt\/wp-json\/wp\/v2\/comments?post=77701"}],"version-history":[{"count":1,"href":"https:\/\/jackpotlotteryonline.com\/pt-pt\/wp-json\/wp\/v2\/pages\/77701\/revisions"}],"predecessor-version":[{"id":77702,"href":"https:\/\/jackpotlotteryonline.com\/pt-pt\/wp-json\/wp\/v2\/pages\/77701\/revisions\/77702"}],"up":[{"embeddable":true,"href":"https:\/\/jackpotlotteryonline.com\/pt-pt\/wp-json\/wp\/v2\/pages\/35846"}],"wp:attachment":[{"href":"https:\/\/jackpotlotteryonline.com\/pt-pt\/wp-json\/wp\/v2\/media?parent=77701"}],"curies":[{"name":"wp","href":"https:\/\/api.w.org\/{rel}","templated":true}]}}