{"id":77772,"date":"2025-03-22T09:00:19","date_gmt":"2025-03-22T09:00:19","guid":{"rendered":"https:\/\/jackpotlotteryonline.com\/?page_id=77772"},"modified":"2025-03-22T09:00:19","modified_gmt":"2025-03-22T09:00:19","slug":"descubra-como-jogar-na-lotaria-de-nova-iorque-fora-dos-eua","status":"publish","type":"page","link":"https:\/\/jackpotlotteryonline.com\/pt-pt\/descubra-como-jogar-na-lotaria-de-nova-iorque-fora-dos-eua\/","title":{"rendered":"Descubra como jogar na lotaria de Nova Iorque fora dos EUA"},"content":{"rendered":"<p>Ent\u00e3o, quer jogar na lotaria de Nova Iorque mesmo estando do outro lado do mundo? Estes jackpots de Nova Iorque s\u00e3o enormes. N\u00e3o s\u00e3o brincadeira. Pessoas de todo o mundo sonham em vencer. Ok, imaginem isto: a Lotaria de Nova Iorque, certo? Grandes pr\u00e9mios, vit\u00f3rias que mudam vidas. Mas n\u00e3o est\u00e1 propriamente na Times Square. N\u00e3o se preocupe! Gra\u00e7as ao Jackpotlotteryonline; onde pode comprar bilhetes da lotaria de Nova Iorque fora dos EUA, pode entrar no jogo onde quer que esteja.<\/p>\n<h2>Pode jogar na lotaria de Nova Iorque fora dos EUA? altura=&#8221;156&#8243; \/><\/h2>\n<p>Sim, e n\u00e3o precisa de estar em Nova Iorque, nem mesmo nos EUA. A nossa plataforma permite-lhe comprar bilhetes e divertir-se, como quem compra um bilhete na loja da esquina. Tem a mesma hip\u00f3tese de ganhar o jackpot.<\/p>\n<h3>Como jogar na lotaria de Nova Iorque fora dos Estados Unidos<\/h3>\n<p>\u00c9 super f\u00e1cil com o Jackpotlotteryonline:<\/p>\n<ul>\n<li>Crie uma conta: registe-se, insira as suas informa\u00e7\u00f5es e prove que \u00e9 voc\u00ea. Mantenha os seus bilhetes e dinheiro seguros.<\/li>\n<li>Comece por encontrar a sec\u00e7\u00e3o Lotaria e selecione o jogo New York Lotto.<\/li>\n<li>Escolha os seus n\u00fameros da sorte: escolha seis n\u00fameros (1-59) ou clique no bot\u00e3o &#8220;fun\u00e7\u00e3o de escolha r\u00e1pida&#8221;.<\/li>\n<li>Compre o seu bilhete: pague com o que correr bem e enviaremos uma digitaliza\u00e7\u00e3o do seu bilhete oficial.<\/li>\n<li>Aguarde o sorteio: Os sorteios s\u00e3o \u00e0s quartas e s\u00e1bados \u00e0 noite. Consulte os resultados nesta plataforma.<\/li>\n<\/ul>\n<h3>Porqu\u00ea jogar online?<\/h3>\n<ul>\n<li>F\u00e1cil: jogue no seu sof\u00e1, sem necessidade de viajar.<\/li>\n<li>Bilhetes r\u00e1pidos: compre r\u00e1pido, sem filas.<\/li>\n<li>Sem bilhetes perdidos: os seus bilhetes est\u00e3o dispon\u00edveis online, s\u00e3os e salvos.<\/li>\n<li>Ganhou!: Avisaremos imediatamente e os pequenos ganhos v\u00e3o diretamente para a sua conta.<br \/>\nDinheiro seguro: garantimos que recebe os seus ganhos, sem brincadeiras.<\/li>\n<\/ul>\n<p><strong>Receber o seu dinheiro quando ganha:<\/strong><\/p>\n<ul>\n<li>Pequenas vit\u00f3rias: colocaremos isto diretamente na sua conta.<\/li>\n<li>Grandes vit\u00f3rias: ajud\u00e1-lo-emos a consegui-lo, talvez at\u00e9 pessoalmente.<\/li>\n<li>Totalmente seguro: mantemos os seus ganhos bloqueados.<\/li>\n<\/ul>\n<p><strong>Pronto para tentar a sorte?<\/strong><br \/>\nJogar na Lotaria de Nova Iorque globalmente \u00e9 agora incrivelmente f\u00e1cil. Jackpotlotteryonline traz-lhe a emo\u00e7\u00e3o da Loteria de Nova Iorque, n\u00e3o importa onde esteja. Escolher os seus n\u00fameros \u00e9 muito f\u00e1cil, quer seja voc\u00ea mesmo ou utilizando o Quick Pick, e \u00e9 sempre seguro e f\u00e1cil. Agora que pode apostar nos bilhetes da Lotaria de Nova Iorque fora dos EUA, registe-se ou inicie sess\u00e3o na nossa plataforma se j\u00e1 tiver uma conta connosco e divirta-se. Quem sabe se pode ganhar muito! O seu sonho de ganhar um jackpot pode estar a apenas alguns cliques de dist\u00e2ncia.<\/p>\n","protected":false},"excerpt":{"rendered":"<p>Ent\u00e3o, quer jogar na lotaria de Nova Iorque mesmo estando do outro lado do mundo? Estes jackpots de Nova Iorque s\u00e3o enormes. N\u00e3o s\u00e3o brincadeira. Pessoas de todo o mundo sonham em vencer. Ok, imaginem isto: a Lotaria de Nova Iorque, certo? Grandes pr\u00e9mios, vit\u00f3rias que mudam vidas. Mas n\u00e3o est\u00e1 propriamente na Times Square. [&hellip;]<\/p>\n","protected":false},"author":7,"featured_media":0,"parent":0,"menu_order":0,"comment_status":"closed","ping_status":"closed","template":"","meta":{"_et_pb_use_builder":"","_et_pb_old_content":"","_et_gb_content_width":"","exclude_from_search":false,"footnotes":""},"class_list":["post-77772","page","type-page","status-publish","hentry"],"yoast_head":"<!-- This site is optimized with the Yoast SEO plugin v23.3 - https:\/\/yoast.com\/wordpress\/plugins\/seo\/ -->\n<title>Como jogar na lotaria de Nova Iorque fora dos Estados Unidos<\/title>\n<meta name=\"description\" content=\"Saiba como jogar na Lotaria de Nova Iorque fora dos EUA\" \/>\n<meta name=\"robots\" content=\"index, follow, max-snippet:-1, max-image-preview:large, max-video-preview:-1\" \/>\n<link rel=\"canonical\" href=\"https:\/\/jackpotlotteryonline.com\/find-out-how-to-play-the-new-york-lottery-from-outside-the-us\/\" \/>\n<meta property=\"og:locale\" content=\"pt_PT\" \/>\n<meta property=\"og:type\" content=\"article\" \/>\n<meta property=\"og:title\" content=\"Como jogar na lotaria de Nova Iorque fora dos Estados Unidos\" \/>\n<meta property=\"og:description\" content=\"Saiba como jogar na Lotaria de Nova Iorque fora dos EUA\" \/>\n<meta property=\"og:url\" content=\"https:\/\/jackpotlotteryonline.com\/find-out-how-to-play-the-new-york-lottery-from-outside-the-us\/\" \/>\n<meta property=\"og:site_name\" content=\"Lotto Online - Crack The International Lottery Jackpots\" \/>\n<meta name=\"twitter:card\" content=\"summary_large_image\" \/>\n<!-- \/ Yoast SEO plugin. -->","yoast_head_json":{"title":"Como jogar na lotaria de Nova Iorque fora dos Estados Unidos","description":"Saiba como jogar na Lotaria de Nova Iorque fora dos EUA","robots":{"index":"index","follow":"follow","max-snippet":"max-snippet:-1","max-image-preview":"max-image-preview:large","max-video-preview":"max-video-preview:-1"},"canonical":"https:\/\/jackpotlotteryonline.com\/find-out-how-to-play-the-new-york-lottery-from-outside-the-us\/","og_locale":"pt_PT","og_type":"article","og_title":"Como jogar na lotaria de Nova Iorque fora dos Estados Unidos","og_description":"Saiba como jogar na Lotaria de Nova Iorque fora dos EUA","og_url":"https:\/\/jackpotlotteryonline.com\/find-out-how-to-play-the-new-york-lottery-from-outside-the-us\/","og_site_name":"Lotto Online - Crack The International Lottery Jackpots","twitter_card":"summary_large_image","schema":{"@context":"https:\/\/schema.org","@graph":[{"@type":"WebPage","@id":"https:\/\/jackpotlotteryonline.com\/find-out-how-to-play-the-new-york-lottery-from-outside-the-us\/","url":"https:\/\/jackpotlotteryonline.com\/find-out-how-to-play-the-new-york-lottery-from-outside-the-us\/","name":"Como jogar na lotaria de Nova Iorque fora dos Estados Unidos","isPartOf":{"@id":"https:\/\/jackpotlotteryonline.com\/#website"},"datePublished":"2025-03-22T09:00:19+00:00","dateModified":"2025-03-22T09:00:19+00:00","description":"Saiba como jogar na Lotaria de Nova Iorque fora dos EUA","breadcrumb":{"@id":"https:\/\/jackpotlotteryonline.com\/find-out-how-to-play-the-new-york-lottery-from-outside-the-us\/#breadcrumb"},"inLanguage":"pt-PT","potentialAction":[{"@type":"ReadAction","target":["https:\/\/jackpotlotteryonline.com\/find-out-how-to-play-the-new-york-lottery-from-outside-the-us\/"]}]},{"@type":"BreadcrumbList","@id":"https:\/\/jackpotlotteryonline.com\/find-out-how-to-play-the-new-york-lottery-from-outside-the-us\/#breadcrumb","itemListElement":[{"@type":"ListItem","position":1,"name":"Home","item":"https:\/\/jackpotlotteryonline.com\/pt-pt\/"},{"@type":"ListItem","position":2,"name":"Descubra como jogar na lotaria de Nova Iorque fora dos EUA"}]},{"@type":"WebSite","@id":"https:\/\/jackpotlotteryonline.com\/#website","url":"https:\/\/jackpotlotteryonline.com\/","name":"Lotto Online - Crack The International Lottery Jackpots","description":"","potentialAction":[{"@type":"SearchAction","target":{"@type":"EntryPoint","urlTemplate":"https:\/\/jackpotlotteryonline.com\/?s={search_term_string}"},"query-input":"required name=search_term_string"}],"inLanguage":"pt-PT"}]}},"_links":{"self":[{"href":"https:\/\/jackpotlotteryonline.com\/pt-pt\/wp-json\/wp\/v2\/pages\/77772","targetHints":{"allow":["GET"]}}],"collection":[{"href":"https:\/\/jackpotlotteryonline.com\/pt-pt\/wp-json\/wp\/v2\/pages"}],"about":[{"href":"https:\/\/jackpotlotteryonline.com\/pt-pt\/wp-json\/wp\/v2\/types\/page"}],"author":[{"embeddable":true,"href":"https:\/\/jackpotlotteryonline.com\/pt-pt\/wp-json\/wp\/v2\/users\/7"}],"replies":[{"embeddable":true,"href":"https:\/\/jackpotlotteryonline.com\/pt-pt\/wp-json\/wp\/v2\/comments?post=77772"}],"version-history":[{"count":1,"href":"https:\/\/jackpotlotteryonline.com\/pt-pt\/wp-json\/wp\/v2\/pages\/77772\/revisions"}],"predecessor-version":[{"id":77773,"href":"https:\/\/jackpotlotteryonline.com\/pt-pt\/wp-json\/wp\/v2\/pages\/77772\/revisions\/77773"}],"wp:attachment":[{"href":"https:\/\/jackpotlotteryonline.com\/pt-pt\/wp-json\/wp\/v2\/media?parent=77772"}],"curies":[{"name":"wp","href":"https:\/\/api.w.org\/{rel}","templated":true}]}}