{"id":31974,"date":"2022-11-01T09:27:15","date_gmt":"2022-11-01T09:27:15","guid":{"rendered":"https:\/\/jackpotlotteryonline.com\/?page_id=31974"},"modified":"2023-01-06T11:50:56","modified_gmt":"2023-01-06T11:50:56","slug":"home","status":"publish","type":"page","link":"https:\/\/jackpotlotteryonline.com\/ro\/","title":{"rendered":"Home"},"content":{"rendered":"<h2>Joac\u0103 la loto online \u0219i \u00eembun\u0103t\u0103\u021be\u0219te-\u021bi \u0219ansele<\/h2>\n<p>V\u0103 prezent\u0103m modalit\u0103\u021bile prin care pute\u021bi <a href=\"https:\/\/jackpotlotteryonline.com\/ro\/cum-se-joaca\">juca u\u0219or la loto online<\/a> &#8211; pentru TOATE acele Jackpoturi uria\u0219e, pentru loteriile nu doar din \u021bara dumneavoastr\u0103, ci de peste tot din lume. Loteria dvs. na\u021bional\u0103 nu are loterii atractive? Nu mai este o problem\u0103, merge\u021bi doar pentru premiile cu adev\u0103rat mari. Nu v\u0103 irosi\u021bi banii pe premii mici &#8211; exist\u0103 loterii cu jackpoturi uria\u0219e.<\/p>\n<p><strong>Verifica\u021bi bannerele de pe site-ul nostru pentru a vedea cele mai mari jackpoturi la care pute\u021bi juca \u00een acest moment.<\/strong><br \/>\n<img loading=\"lazy\" decoding=\"async\" class=\"size-full wp-image-18302 alignright\" src=\"https:\/\/jackpotlotteryonline.com\/wp-content\/uploads\/2022\/10\/ticket_balls.jpg\" alt=\"juca loto online\" width=\"297\" height=\"101\" \/><\/p>\n<p>Toate aceste mari jackpoturi de loterie sunt acum u\u0219or de accesat, indiferent unde locui\u021bi. Pur \u0219i simplu face\u021bi clic pe unul dintre link-urile pentru a juca la loto online \u0219i \u00eenscrie\u021bi-v\u0103 la RedFoxLotto, unde pute\u021bi cump\u0103ra un bilet prin internet pentru fiecare dintre aceste jackpoturi uria\u0219e! RedFoxLotto v\u0103 permite s\u0103 cump\u0103ra\u021bi un bilet pentru oricare dintre cele mai mari jackpoturi din lume, indiferent unde locui\u021bi. Ei vor cump\u0103ra biletul \u00een mod fiabil pentru dumneavoastr\u0103 \u0219i se vor asigura c\u0103 v\u0103 ve\u021bi primi c\u00e2\u0219tigurile.<\/p>\n<h2>Ob\u021bine\u021bi acces la loteriile interna\u021bionale<\/h2>\n<p>Pe site-ul nostru, v\u0103 oferim informa\u021bii detaliate despre toate marile loterii cu jackpoturi din lume, cum s\u0103 juca\u021bi online, cum s\u0103 pl\u0103ti\u021bi, cum s\u0103 v\u0103 primi\u021bi c\u00e2\u0219tigurile \u0219i ce trebuie s\u0103 face\u021bi dac\u0103 sparge\u021bi Jackpotul. Doar cite\u0219te articolele despre cum s\u0103 participi \u0219i recenziile loteriei de pe acest site (verific\u0103 meniul de sus) \u0219i po\u021bi alege cu u\u0219urin\u021b\u0103 evenimentul potrivit pentru tine.<\/p>\n<h2>Este u\u0219or s\u0103 joci online<\/h2>\n<p>Fie c\u0103 dori\u021bi s\u0103 juca\u021bi la Jackpotul Powerball din SUA, la Jackpotul EuroMillions, la El Gordo din Spania, la SuperEnaLotto din Italia sau la orice alt\u0103 loterie, pute\u021bi <a href=\"https:\/\/jackpotlotteryonline.com\/ro\/cumpara-bilete\">cump\u0103ra toate biletele \u00eentr-un singur loc<\/a> &#8211; chiar aici, pe site-ul nostru<\/p>\n<p>Cu ajutorul nostru, nu mai sunte\u021bi limitat la loteria na\u021bional\u0103 &#8211; acum ave\u021bi posibilitatea de a juca la loto online pentru orice eveniment dori\u021bi, prin intermediul internetului. \u00cen acest fel, pute\u021bi alege jackpot-ul care este cel mai mare \u00een acest moment, m\u0103rindu-v\u0103 astfel \u0219ansele de a c\u00e2\u0219tiga mult. Sau, alege\u021bi loto care urmeaz\u0103 s\u0103 fie extras urm\u0103torul &#8211; \u00een acest fel nu trebuie s\u0103 a\u0219tepta\u021bi o ve\u0219nicie pentru a afla dac\u0103 a\u021bi c\u00e2\u0219tigat! Este c\u00e2t se poate de simplu, de la alegerea unui jackpot la loto p\u00e2n\u0103 la alegerea numerelor \u0219i plata.<\/p>\n<section class=\"layout\" style=\"border: solid 1px; width: 100%;\">\n<div class=\"img-div\" style=\"margin-top: 5px;\"><img decoding=\"async\" class=\"wp-image-17212 alignleft\" style=\"height: 45px; margin: 8px 8px 0px;\" src=\"https:\/\/jackpotlotteryonline.com\/wp-content\/uploads\/2022\/11\/read1.jpg\" alt=\"cite\u0219te\" width=\"\" height=\"\" \/><\/div>\n<div style=\"padding-left: 5px;\">\n<div style=\"font-size: 1.1em;\">\n<p><strong>Este legal s\u0103 joci la loterii din alte \u021b\u0103ri online?<\/strong><\/p>\n<p style=\"font-size: 0.85em; margin-top: -1.5em;\">Este legal s\u0103 cump\u0103r un bilet de loterie online \u0219i dac\u0103 voi fi pl\u0103tit?\u00a0<a href=\"https:\/\/jackpotlotteryonline.com\/ro\/este-legal-sa-joci-la-loterii-din-alte-tari-online\"> cite\u0219te mai mult<\/a><\/p>\n<\/div>\n<\/div>\n<\/section>\n<h2>Serviciul de bilete online<\/h2>\n<p><strong>Iat\u0103 cum func\u021bioneaz\u0103:<\/strong> Oferim un serviciu de curierat pentru biletele loto interna\u021bionale. Alege\u021bi loteria la care dori\u021bi s\u0103 juca\u021bi online, f\u0103c\u00e2nd clic pe unul dintre bannerele de mai sus. Apoi v\u0103 alege\u021bi numerele online. Dac\u0103 prefera\u021bi ca numerele de la loto s\u0103 fie alese de un generator de numere aleatorii, pute\u021bi face \u0219i acest lucru. Dup\u0103 ce v-a\u021bi decis asupra numerelor, v\u0103 \u00eenregistra\u021bi pentru un cont \u0219i alege\u021bi o metod\u0103 de plat\u0103 pentru biletul de loto. Sunt disponibile mai multe metode de plat\u0103 sigure.<\/p>\n<p>Agen\u021bii no\u0219tri cump\u0103r\u0103 apoi biletul pentru dvs. \u0219i v\u0103 trimit un e-mail de confirmare ca dovad\u0103 a achizi\u021biei. O copie scanat\u0103 a biletului loto va ap\u0103rea \u00een contul dvs. la scurt timp dup\u0103 cump\u0103rare.<\/p>\n<h2>Avantajele de a juca la loteriile interna\u021bionale online<\/h2>\n<ul>\n<li>Mai multe op\u021biuni &#8211; \u00een loc s\u0103 fi\u021bi obligat s\u0103 juca\u021bi la loteria local\u0103, indiferent c\u00e2t de mare este jackpotul curent, pute\u021bi alege dintre mai multe loterii<\/li>\n<li>Un raport calitate-pre\u021b mai bun &#8211; \u00een loc s\u0103 pl\u0103ti\u021bi, de exemplu, 2 euro pentru un bilet care poate c\u00e2\u0219tiga 1 milion de euro, pute\u021bi juca pentru un Mega-Jackpot de 100 de milioane de euro sau mult mai mult. Chiar dac\u0103 pl\u0103ti\u021bi un pre\u021b mai mare pe bilet pentru acea loterie mai mare, matematic, banii dvs. ar fi mai bine cheltui\u021bi juc\u00e2nd pentru recompensa mai mare.<\/li>\n<li>Comoditate &#8211; nu mai este nevoie s\u0103 ie\u0219i\u021bi din cas\u0103 pentru a ob\u021bine un bilet. V\u0103 pute\u021bi cump\u0103ra biletul de acas\u0103 sau pute\u021bi folosi telefonul mobil pentru a juca la loterie.<\/li>\n<li>Securitate &#8211; un bilet de loterie online nu poate fi pierdut, ca un bilet de loto fizic. Biletele de loterie sunt stocate \u00een siguran\u021b\u0103 \u00een contul dvs. online.<\/li>\n<\/ul>\n<h2>C\u00e2nd au loc extragerile pentru toate aceste loterii?<\/h2>\n<p>Consulta\u021bi imaginea de mai jos. Aceasta v\u0103 prezint\u0103 o imagine de ansamblu a zilelor s\u0103pt\u0103m\u00e2nii \u00een care au loc extragerile celor mai mari loterii.<br \/>\n<img loading=\"lazy\" decoding=\"async\" class=\"wp-image-17843 aligncenter\" src=\"https:\/\/jackpotlotteryonline.com\/wp-content\/uploads\/2022\/10\/Lotto-draw-calendar-UTC-300x50.jpg\" alt=\"orele de tragere la loterie\" width=\"684\" height=\"114\" srcset=\"https:\/\/jackpotlotteryonline.com\/wp-content\/uploads\/2022\/10\/Lotto-draw-calendar-UTC-300x50.jpg 300w, https:\/\/jackpotlotteryonline.com\/wp-content\/uploads\/2022\/10\/Lotto-draw-calendar-UTC-600x101.jpg 600w, https:\/\/jackpotlotteryonline.com\/wp-content\/uploads\/2022\/10\/Lotto-draw-calendar-UTC-1024x172.jpg 1024w, https:\/\/jackpotlotteryonline.com\/wp-content\/uploads\/2022\/10\/Lotto-draw-calendar-UTC-768x129.jpg 768w, https:\/\/jackpotlotteryonline.com\/wp-content\/uploads\/2022\/10\/Lotto-draw-calendar-UTC.jpg 1287w\" sizes=\"auto, (max-width: 684px) 100vw, 684px\" \/><\/p>\n<h2>Ce se \u00eent\u00e2mpl\u0103 dac\u0103 c\u00e2\u0219tiga\u021bi un premiu la loto?<\/h2>\n<p>Dac\u0103 c\u00e2\u0219tiga\u021bi, v\u0103 vom trimite o notificare prin e-mail despre c\u00e2\u0219tig. Nu pute\u021bi rata niciodat\u0103 un c\u00e2\u0219tig sau s\u0103 v\u0103 pierde\u021bi biletul. Noi vom procesa cererea dumneavoastr\u0103 de plat\u0103 prin transmiterea cererii de plat\u0103 c\u0103tre compania de loterie, care v\u0103 va emite un cec sau va transfera c\u00e2\u0219tigul \u00een contul dumneavoastr\u0103 bancar. Dac\u0103 c\u00e2\u0219tiga\u021bi un jackpot mare, este posibil ca \u00een unele cazuri s\u0103 vi se cear\u0103 s\u0103 v\u0103 prezenta\u021bi personal la sediul central al loteriei. Nu este o problem\u0103, nu-i a\u0219a?<\/p>\n<p>C\u00e2\u0219tigurile mai mici, de p\u00e2n\u0103 la 2.500 de euro, vor fi ad\u0103ugate imediat \u00een contul dvs. de juc\u0103tor, iar dvs. le pute\u021bi fie \u00eencasa, fie folosi fondurile pentru a cump\u0103ra mai multe bilete la loto.<\/p>\n<p><strong>Iat\u0103 cum func\u021bioneaz\u0103. Sunte\u021bi gata s\u0103 c\u00e2\u0219tiga\u021bi mult? Ia-\u021bi biletele ast\u0103zi!<\/strong><\/p>\n","protected":false},"excerpt":{"rendered":"<p>Joac\u0103 la loto online \u0219i \u00eembun\u0103t\u0103\u021be\u0219te-\u021bi \u0219ansele V\u0103 prezent\u0103m modalit\u0103\u021bile prin care pute\u021bi juca u\u0219or la loto online &#8211; pentru TOATE acele Jackpoturi uria\u0219e, pentru loteriile nu doar din \u021bara dumneavoastr\u0103, ci de peste tot din lume. Loteria dvs. na\u021bional\u0103 nu are loterii atractive? Nu mai este o problem\u0103, merge\u021bi doar pentru premiile cu adev\u0103rat [&hellip;]<\/p>\n","protected":false},"author":1,"featured_media":0,"parent":0,"menu_order":1,"comment_status":"closed","ping_status":"closed","template":"lotto.php","meta":{"_et_pb_use_builder":"","_et_pb_old_content":"","_et_gb_content_width":"","exclude_from_search":false,"footnotes":""},"class_list":["post-31974","page","type-page","status-publish","hentry"],"yoast_head":"<!-- This site is optimized with the Yoast SEO plugin v23.3 - https:\/\/yoast.com\/wordpress\/plugins\/seo\/ -->\n<title>Joac\u0103 la Loto Online - Sparge Jackpoturile Loteriei Interna\u021bionale!<\/title>\n<meta name=\"description\" content=\"Ia-\u021bi biletul pentru jackpoturile loteriei din \u00eentreaga lume - joac\u0103-le pe toate online \u0219i c\u00e2\u0219tig\u0103 Milioane de euro\" \/>\n<meta name=\"robots\" content=\"index, follow, max-snippet:-1, max-image-preview:large, max-video-preview:-1\" \/>\n<link rel=\"canonical\" href=\"https:\/\/jackpotlotteryonline.com\/ro\/\" \/>\n<meta property=\"og:locale\" content=\"ro_RO\" \/>\n<meta property=\"og:type\" content=\"article\" \/>\n<meta property=\"og:title\" content=\"Joac\u0103 la Loto Online - Sparge Jackpoturile Loteriei Interna\u021bionale!\" \/>\n<meta property=\"og:description\" content=\"Ia-\u021bi biletul pentru jackpoturile loteriei din \u00eentreaga lume - joac\u0103-le pe toate online \u0219i c\u00e2\u0219tig\u0103 Milioane de euro\" \/>\n<meta property=\"og:url\" content=\"https:\/\/jackpotlotteryonline.com\/ro\/\" \/>\n<meta property=\"og:site_name\" content=\"Lotto Online - Crack The International Lottery Jackpots\" \/>\n<meta property=\"article:modified_time\" content=\"2023-01-06T11:50:56+00:00\" \/>\n<meta property=\"og:image\" content=\"https:\/\/jackpotlotteryonline.com\/wp-content\/uploads\/2022\/10\/ticket_balls.jpg\" \/>\n<meta name=\"twitter:card\" content=\"summary_large_image\" \/>\n<meta name=\"twitter:label1\" content=\"Timp estimat pentru citire\" \/>\n\t<meta name=\"twitter:data1\" content=\"4 minute\" \/>\n<!-- \/ Yoast SEO plugin. -->","yoast_head_json":{"title":"Joac\u0103 la Loto Online - Sparge Jackpoturile Loteriei Interna\u021bionale!","description":"Ia-\u021bi biletul pentru jackpoturile loteriei din \u00eentreaga lume - joac\u0103-le pe toate online \u0219i c\u00e2\u0219tig\u0103 Milioane de euro","robots":{"index":"index","follow":"follow","max-snippet":"max-snippet:-1","max-image-preview":"max-image-preview:large","max-video-preview":"max-video-preview:-1"},"canonical":"https:\/\/jackpotlotteryonline.com\/ro\/","og_locale":"ro_RO","og_type":"article","og_title":"Joac\u0103 la Loto Online - Sparge Jackpoturile Loteriei Interna\u021bionale!","og_description":"Ia-\u021bi biletul pentru jackpoturile loteriei din \u00eentreaga lume - joac\u0103-le pe toate online \u0219i c\u00e2\u0219tig\u0103 Milioane de euro","og_url":"https:\/\/jackpotlotteryonline.com\/ro\/","og_site_name":"Lotto Online - Crack The International Lottery Jackpots","article_modified_time":"2023-01-06T11:50:56+00:00","og_image":[{"url":"https:\/\/jackpotlotteryonline.com\/wp-content\/uploads\/2022\/10\/ticket_balls.jpg"}],"twitter_card":"summary_large_image","twitter_misc":{"Timp estimat pentru citire":"4 minute"},"schema":{"@context":"https:\/\/schema.org","@graph":[{"@type":"WebPage","@id":"https:\/\/jackpotlotteryonline.com\/ro\/","url":"https:\/\/jackpotlotteryonline.com\/ro\/","name":"Joac\u0103 la Loto Online - Sparge Jackpoturile Loteriei Interna\u021bionale!","isPartOf":{"@id":"https:\/\/jackpotlotteryonline.com\/#website"},"primaryImageOfPage":{"@id":"https:\/\/jackpotlotteryonline.com\/ro\/#primaryimage"},"image":{"@id":"https:\/\/jackpotlotteryonline.com\/ro\/#primaryimage"},"thumbnailUrl":"https:\/\/jackpotlotteryonline.com\/wp-content\/uploads\/2022\/10\/ticket_balls.jpg","datePublished":"2022-11-01T09:27:15+00:00","dateModified":"2023-01-06T11:50:56+00:00","description":"Ia-\u021bi biletul pentru jackpoturile loteriei din \u00eentreaga lume - joac\u0103-le pe toate online \u0219i c\u00e2\u0219tig\u0103 Milioane de euro","breadcrumb":{"@id":"https:\/\/jackpotlotteryonline.com\/ro\/#breadcrumb"},"inLanguage":"ro-RO","potentialAction":[{"@type":"ReadAction","target":["https:\/\/jackpotlotteryonline.com\/ro\/"]}]},{"@type":"ImageObject","inLanguage":"ro-RO","@id":"https:\/\/jackpotlotteryonline.com\/ro\/#primaryimage","url":"https:\/\/jackpotlotteryonline.com\/wp-content\/uploads\/2022\/10\/ticket_balls.jpg","contentUrl":"https:\/\/jackpotlotteryonline.com\/wp-content\/uploads\/2022\/10\/ticket_balls.jpg"},{"@type":"BreadcrumbList","@id":"https:\/\/jackpotlotteryonline.com\/ro\/#breadcrumb","itemListElement":[{"@type":"ListItem","position":1,"name":"Home","item":"https:\/\/jackpotlotteryonline.com\/ro\/"},{"@type":"ListItem","position":2,"name":"Home"}]},{"@type":"WebSite","@id":"https:\/\/jackpotlotteryonline.com\/#website","url":"https:\/\/jackpotlotteryonline.com\/","name":"Lotto Online - Crack The International Lottery Jackpots","description":"","potentialAction":[{"@type":"SearchAction","target":{"@type":"EntryPoint","urlTemplate":"https:\/\/jackpotlotteryonline.com\/?s={search_term_string}"},"query-input":"required name=search_term_string"}],"inLanguage":"ro-RO"}]}},"_links":{"self":[{"href":"https:\/\/jackpotlotteryonline.com\/ro\/wp-json\/wp\/v2\/pages\/31974","targetHints":{"allow":["GET"]}}],"collection":[{"href":"https:\/\/jackpotlotteryonline.com\/ro\/wp-json\/wp\/v2\/pages"}],"about":[{"href":"https:\/\/jackpotlotteryonline.com\/ro\/wp-json\/wp\/v2\/types\/page"}],"author":[{"embeddable":true,"href":"https:\/\/jackpotlotteryonline.com\/ro\/wp-json\/wp\/v2\/users\/1"}],"replies":[{"embeddable":true,"href":"https:\/\/jackpotlotteryonline.com\/ro\/wp-json\/wp\/v2\/comments?post=31974"}],"version-history":[{"count":0,"href":"https:\/\/jackpotlotteryonline.com\/ro\/wp-json\/wp\/v2\/pages\/31974\/revisions"}],"wp:attachment":[{"href":"https:\/\/jackpotlotteryonline.com\/ro\/wp-json\/wp\/v2\/media?parent=31974"}],"curies":[{"name":"wp","href":"https:\/\/api.w.org\/{rel}","templated":true}]}}