{"id":35714,"date":"2022-11-01T10:56:03","date_gmt":"2022-11-01T10:56:03","guid":{"rendered":"https:\/\/jackpotlotteryonline.com\/?page_id=35714"},"modified":"2022-12-19T07:50:36","modified_gmt":"2022-12-19T07:50:36","slug":"cum-se-joaca","status":"publish","type":"page","link":"https:\/\/jackpotlotteryonline.com\/ro\/cum-se-joaca\/","title":{"rendered":"Cum se joac\u0103"},"content":{"rendered":"<h2>Evenimente \u0219i jocuri de loterie online<\/h2>\n<p>Vrei s\u0103 ai \u0219ansa de a deveni milionar? Dac\u0103 da, atunci al\u0103tura\u021bi-v\u0103 milioanelor de oameni din \u00eentreaga lume \u0219i \u00eencepe\u021bi s\u0103 juca\u021bi la loto online. Indiferent de locul \u00een care v\u0103 afla\u021bi, fie c\u0103 este vorba de Statele Unite, Marea Britanie, Australia sau Noua Zeeland\u0103, exist\u0103 multe tipuri diferite de jocuri loto interna\u021bionale care pot fi jucate online, din care pute\u021bi alege, toate av\u00e2nd jackpoturi mari pentru ca dumneavoastr\u0103 s\u0103 ave\u021bi \u0219ansa de a c\u00e2\u0219tiga.<br \/>\n<img loading=\"lazy\" decoding=\"async\" class=\"size-full wp-image-17816 alignright\" src=\"https:\/\/jackpotlotteryonline.com\/wp-content\/uploads\/2022\/10\/lotteryticket.jpg\" alt=\"juca la loterie online\" width=\"212\" height=\"142\" \/><\/p>\n<p>Pentru a \u00eencepe s\u0103 juca\u021bi la loto online este foarte simplu. Unul dintre primele lucruri pe care trebuie s\u0103 le face\u021bi este s\u0103 vizita\u021bi site-ul nostru \u0219i s\u0103 r\u0103sfoi\u021bi diferitele loterii disponibile. Pute\u021bi face acest lucru cu u\u0219urin\u021b\u0103, aleg\u00e2nd una sau mai multe dintre loteriile listate, dintre care unele dintre ele includ Loteria El Gordo, Loteria Na\u021bional\u0103 din Marea Britanie, Thunderball Lotto, Loteria New York \u0219i multe altele.<\/p>\n<p>\u00cen cadrul fiec\u0103rui tip de loterie ve\u021bi putea afla tot ceea ce trebuie s\u0103 \u0219ti\u021bi. Apoi pute\u021bi folosi serviciul nostru pentru a <a href=\"https:\/\/jackpotlotteryonline.com\/ro\/cumpara-bilete\">cump\u0103ra un bilet online.<\/a><\/p>\n<p>Din descrierea fiec\u0103rei loterii, ve\u021bi g\u0103si detalii cum ar fi valoarea actual\u0103 a jackpot-ului, la ce valoare \u00eencepe dup\u0103 ce este c\u00e2\u0219tigat, precum \u0219i c\u00e2te numere trebuie s\u0103 potrivi\u021bi pentru a c\u00e2\u0219tiga premiul jackpot \u0219i care sunt celelalte niveluri de premii. De asemenea, ve\u021bi putea afla informa\u021bii cum ar fi v\u00e2rsta necesar\u0103 pentru a putea juca jocuri de loterie online pentru fiecare tip de loterie, precum \u0219i zilele \u0219i orele \u00een care au loc extragerile.<\/p>\n<section class=\"layout\" style=\"border: solid 1px; width: 100%;\">\n<div class=\"img-div\" style=\"margin-top: 5px;\"><img decoding=\"async\" class=\"wp-image-17212 alignleft\" style=\"height: 45px; margin: 8px 8px 0px;\" src=\"https:\/\/jackpotlotteryonline.com\/wp-content\/uploads\/2022\/11\/read1.jpg\" alt=\"cum se joac\u0103\" width=\"\" height=\"\" \/><\/div>\n<div style=\"padding-left: 5px;\">\n<div style=\"font-size: 1.1em;\">\n<p><strong>C\u00e2teva trucuri \u0219i sfaturi pentru alegerea numerelor<\/strong><\/p>\n<p style=\"font-size: 0.85em; margin-top: -1.5em;\">Cre\u0219te\u021bi-v\u0103 \u0219ansele de c\u00e2\u0219tig &#8211; folosi\u021bi o anumit\u0103 strategie pentru a alege numerele dvs.<a href=\"https:\/\/jackpotlotteryonline.com\/ro\/cateva-trucuri-si-sfaturi-pentru-alegerea-numerelor\">Cite\u0219te mai mult<\/a><\/p>\n<\/div>\n<\/div>\n<\/section>\n<h2>Loteria interna\u021bional\u0103<\/h2>\n<p>Pentru a v\u0103 maximiza \u0219ansele de a c\u00e2\u0219tiga cel mai mare jackpot posibil, ve\u021bi g\u0103si care sunt jackpoturile actuale. Acest lucru \u00eenseamn\u0103 c\u0103 ve\u021bi alege strategic ce jocuri de loterie s\u0103 juca\u021bi online \u0219i ve\u021bi alege s\u0103 le juca\u021bi pe cele cu cele mai mari jackpoturi disponibile.<\/p>\n<p>De asemenea, ve\u021bi putea juca mai multe jocuri de loterie online. Acest lucru \u00eenseamn\u0103 c\u0103 nu trebuie doar s\u0103 plasa\u021bi un bilet la un singur tip de loterie, ci pute\u021bi juca diferite tipuri dac\u0103 dori\u021bi \u00een acela\u0219i timp. De exemplu, dac\u0103 dori\u021bi, pute\u021bi juca \u00een acela\u0219i timp la o loterie din SUA \u0219i la una din Marea Britanie, ceea ce v\u0103 va cre\u0219te foarte mult \u0219ansele de a c\u00e2\u0219tiga un premiu \u00een bani.<\/p>\n<p>Pe l\u00e2ng\u0103 faptul c\u0103 ve\u021bi putea juca jocuri de loterie interna\u021bional\u0103 online, indiferent de locul \u00een care v\u0103 afla\u021bi, ve\u021bi putea, de asemenea, s\u0103 verifica\u021bi \u0219i rezultatele jocurilor de loterie. Toate <a href=\"https:\/\/jackpotlotteryonline.com\/ro\/numere-castigatoare\">rezultatele pentru fiecare joc de loterie<\/a>, indiferent de care este acesta, vor avea rezultatele actualizate online \u00een timp real. Acest lucru \u00eenseamn\u0103 c\u0103 imediat ce extragerea loteriei pentru jocul pe care a\u021bi ales s\u0103 \u00eel juca\u021bi a fost efectuat\u0103, rezultatele vor fi disponibile pentru a le vedea foarte repede dup\u0103 aceea.<br \/>\n<img loading=\"lazy\" decoding=\"async\" class=\"alignright size-full wp-image-18329\" src=\"https:\/\/jackpotlotteryonline.com\/wp-content\/uploads\/2022\/10\/ticket_numbers_pick.jpg\" alt=\"bilet loto online\" width=\"212\" height=\"142\" \/><\/p>\n<p>De asemenea, ve\u021bi g\u0103si detalii despre cum anume se joac\u0103 fiecare joc de loterie online. De exemplu, nu pute\u021bi niciodat\u0103 s\u0103 alege\u021bi prea pu\u021bine sau prea multe numere &#8211; sistemul nostru de bilete v\u0103 va ar\u0103ta un mesaj ori de c\u00e2te ori face\u021bi o astfel de gre\u0219eal\u0103 \u0219i v\u0103 va ar\u0103ta cum s\u0103 o corecta\u021bi.<\/p>\n<p>Prin urmare, chiar dac\u0103 nu a\u021bi jucat niciodat\u0103 \u00een trecut la loteria unei anumite \u021b\u0103ri, ve\u021bi avea toate detaliile la \u00eendem\u00e2n\u0103 pentru a juca ca un profesionist!<\/p>\n","protected":false},"excerpt":{"rendered":"<p>Evenimente \u0219i jocuri de loterie online Vrei s\u0103 ai \u0219ansa de a deveni milionar? Dac\u0103 da, atunci al\u0103tura\u021bi-v\u0103 milioanelor de oameni din \u00eentreaga lume \u0219i \u00eencepe\u021bi s\u0103 juca\u021bi la loto online. Indiferent de locul \u00een care v\u0103 afla\u021bi, fie c\u0103 este vorba de Statele Unite, Marea Britanie, Australia sau Noua Zeeland\u0103, exist\u0103 multe tipuri diferite [&hellip;]<\/p>\n","protected":false},"author":1,"featured_media":0,"parent":0,"menu_order":2,"comment_status":"closed","ping_status":"closed","template":"Play-all.php","meta":{"_et_pb_use_builder":"","_et_pb_old_content":"","_et_gb_content_width":"","exclude_from_search":false,"footnotes":""},"class_list":["post-35714","page","type-page","status-publish","hentry"],"yoast_head":"<!-- This site is optimized with the Yoast SEO plugin v23.3 - https:\/\/yoast.com\/wordpress\/plugins\/seo\/ -->\n<title>Pot s\u0103 particip la evenimentele loteriei interna\u021bionale online?<\/title>\n<meta name=\"description\" content=\"Nu trebuie s\u0103 fi\u021bi rezident pentru a participa la jackpoturile loteriei din orice \u021bar\u0103\" \/>\n<meta name=\"robots\" content=\"index, follow, max-snippet:-1, max-image-preview:large, max-video-preview:-1\" \/>\n<link rel=\"canonical\" href=\"https:\/\/jackpotlotteryonline.com\/ro\/cum-se-joaca\/\" \/>\n<meta property=\"og:locale\" content=\"ro_RO\" \/>\n<meta property=\"og:type\" content=\"article\" \/>\n<meta property=\"og:title\" content=\"Pot s\u0103 particip la evenimentele loteriei interna\u021bionale online?\" \/>\n<meta property=\"og:description\" content=\"Nu trebuie s\u0103 fi\u021bi rezident pentru a participa la jackpoturile loteriei din orice \u021bar\u0103\" \/>\n<meta property=\"og:url\" content=\"https:\/\/jackpotlotteryonline.com\/ro\/cum-se-joaca\/\" \/>\n<meta property=\"og:site_name\" content=\"Lotto Online - Crack The International Lottery Jackpots\" \/>\n<meta property=\"article:modified_time\" content=\"2022-12-19T07:50:36+00:00\" \/>\n<meta property=\"og:image\" content=\"https:\/\/jackpotlotteryonline.com\/wp-content\/uploads\/2022\/10\/lotteryticket.jpg\" \/>\n<meta name=\"twitter:card\" content=\"summary_large_image\" \/>\n<meta name=\"twitter:label1\" content=\"Timp estimat pentru citire\" \/>\n\t<meta name=\"twitter:data1\" content=\"4 minute\" \/>\n<!-- \/ Yoast SEO plugin. -->","yoast_head_json":{"title":"Pot s\u0103 particip la evenimentele loteriei interna\u021bionale online?","description":"Nu trebuie s\u0103 fi\u021bi rezident pentru a participa la jackpoturile loteriei din orice \u021bar\u0103","robots":{"index":"index","follow":"follow","max-snippet":"max-snippet:-1","max-image-preview":"max-image-preview:large","max-video-preview":"max-video-preview:-1"},"canonical":"https:\/\/jackpotlotteryonline.com\/ro\/cum-se-joaca\/","og_locale":"ro_RO","og_type":"article","og_title":"Pot s\u0103 particip la evenimentele loteriei interna\u021bionale online?","og_description":"Nu trebuie s\u0103 fi\u021bi rezident pentru a participa la jackpoturile loteriei din orice \u021bar\u0103","og_url":"https:\/\/jackpotlotteryonline.com\/ro\/cum-se-joaca\/","og_site_name":"Lotto Online - Crack The International Lottery Jackpots","article_modified_time":"2022-12-19T07:50:36+00:00","og_image":[{"url":"https:\/\/jackpotlotteryonline.com\/wp-content\/uploads\/2022\/10\/lotteryticket.jpg"}],"twitter_card":"summary_large_image","twitter_misc":{"Timp estimat pentru citire":"4 minute"},"schema":{"@context":"https:\/\/schema.org","@graph":[{"@type":"WebPage","@id":"https:\/\/jackpotlotteryonline.com\/ro\/cum-se-joaca\/","url":"https:\/\/jackpotlotteryonline.com\/ro\/cum-se-joaca\/","name":"Pot s\u0103 particip la evenimentele loteriei interna\u021bionale online?","isPartOf":{"@id":"https:\/\/jackpotlotteryonline.com\/#website"},"primaryImageOfPage":{"@id":"https:\/\/jackpotlotteryonline.com\/ro\/cum-se-joaca\/#primaryimage"},"image":{"@id":"https:\/\/jackpotlotteryonline.com\/ro\/cum-se-joaca\/#primaryimage"},"thumbnailUrl":"https:\/\/jackpotlotteryonline.com\/wp-content\/uploads\/2022\/10\/lotteryticket.jpg","datePublished":"2022-11-01T10:56:03+00:00","dateModified":"2022-12-19T07:50:36+00:00","description":"Nu trebuie s\u0103 fi\u021bi rezident pentru a participa la jackpoturile loteriei din orice \u021bar\u0103","breadcrumb":{"@id":"https:\/\/jackpotlotteryonline.com\/ro\/cum-se-joaca\/#breadcrumb"},"inLanguage":"ro-RO","potentialAction":[{"@type":"ReadAction","target":["https:\/\/jackpotlotteryonline.com\/ro\/cum-se-joaca\/"]}]},{"@type":"ImageObject","inLanguage":"ro-RO","@id":"https:\/\/jackpotlotteryonline.com\/ro\/cum-se-joaca\/#primaryimage","url":"https:\/\/jackpotlotteryonline.com\/wp-content\/uploads\/2022\/10\/lotteryticket.jpg","contentUrl":"https:\/\/jackpotlotteryonline.com\/wp-content\/uploads\/2022\/10\/lotteryticket.jpg"},{"@type":"BreadcrumbList","@id":"https:\/\/jackpotlotteryonline.com\/ro\/cum-se-joaca\/#breadcrumb","itemListElement":[{"@type":"ListItem","position":1,"name":"Home","item":"https:\/\/jackpotlotteryonline.com\/ro\/"},{"@type":"ListItem","position":2,"name":"Cum se joac\u0103"}]},{"@type":"WebSite","@id":"https:\/\/jackpotlotteryonline.com\/#website","url":"https:\/\/jackpotlotteryonline.com\/","name":"Lotto Online - Crack The International Lottery Jackpots","description":"","potentialAction":[{"@type":"SearchAction","target":{"@type":"EntryPoint","urlTemplate":"https:\/\/jackpotlotteryonline.com\/?s={search_term_string}"},"query-input":"required name=search_term_string"}],"inLanguage":"ro-RO"}]}},"_links":{"self":[{"href":"https:\/\/jackpotlotteryonline.com\/ro\/wp-json\/wp\/v2\/pages\/35714","targetHints":{"allow":["GET"]}}],"collection":[{"href":"https:\/\/jackpotlotteryonline.com\/ro\/wp-json\/wp\/v2\/pages"}],"about":[{"href":"https:\/\/jackpotlotteryonline.com\/ro\/wp-json\/wp\/v2\/types\/page"}],"author":[{"embeddable":true,"href":"https:\/\/jackpotlotteryonline.com\/ro\/wp-json\/wp\/v2\/users\/1"}],"replies":[{"embeddable":true,"href":"https:\/\/jackpotlotteryonline.com\/ro\/wp-json\/wp\/v2\/comments?post=35714"}],"version-history":[{"count":0,"href":"https:\/\/jackpotlotteryonline.com\/ro\/wp-json\/wp\/v2\/pages\/35714\/revisions"}],"wp:attachment":[{"href":"https:\/\/jackpotlotteryonline.com\/ro\/wp-json\/wp\/v2\/media?parent=35714"}],"curies":[{"name":"wp","href":"https:\/\/api.w.org\/{rel}","templated":true}]}}