{"id":35774,"date":"2022-11-01T13:28:01","date_gmt":"2022-11-01T13:28:01","guid":{"rendered":"https:\/\/jackpotlotteryonline.com\/?page_id=35774"},"modified":"2022-12-19T11:15:59","modified_gmt":"2022-12-19T11:15:59","slug":"cumpara-bilete","status":"publish","type":"page","link":"https:\/\/jackpotlotteryonline.com\/ro\/cumpara-bilete\/","title":{"rendered":"Cum s\u0103 cump\u0103ra\u021bi bilete de loterie online"},"content":{"rendered":"<p>Cump\u0103rarea biletelor de loterie online a devenit extrem de popular\u0103 \u00een prezent. Fanii loto din \u00eentreaga lume folosesc serviciul nostru de bilete de loterie online. \u0218i exist\u0103 o mul\u021bime de motive bune pentru asta.<\/p>\n<p>Pentru unii juc\u0103tori de loto, este singura modalitate de a cump\u0103ra bilete de loterie, deoarece nu exist\u0103 o loterie disponibil\u0103 \u00een \u021bara lor de re\u0219edin\u021b\u0103. A\u0219a c\u0103 ei caut\u0103 modalit\u0103\u021bi de a avea o \u0219ans\u0103 de a c\u00e2\u0219tiga sume mari de bani, iar pentru asta, se uit\u0103 la loteriile din alte \u021b\u0103ri. Iar pe site-ul nostru, exist\u0103 multe jackpoturi de loterie din care pute\u021bi alege.<\/p>\n<p>Al\u021bi fani ai loteriei au loterii \u00een \u021b\u0103rile lor, dar aceste loterii pot s\u0103 nu fie la fel de atractive pentru ei. Adesea, acele loterii locale au premii maxime \u0219i jackpoturi mai mici, sau se joac\u0103 doar o dat\u0103 pe s\u0103pt\u0103m\u00e2n\u0103. A\u0219adar, juc\u0103torii vor c\u0103uta alte <a href=\"https:\/\/jackpotlotteryonline.com\/ro\/cum-se-joaca\">op\u021biuni mai profitabile.<\/a><\/p>\n<h2>C\u00e2\u0219tiguri mai mari oferite de loteriile din alte \u021b\u0103ri<\/h2>\n<p><img loading=\"lazy\" decoding=\"async\" class=\"alignright wp-image-17212\" src=\"https:\/\/jackpotlotteryonline.com\/wp-content\/uploads\/2022\/10\/1_buy_ticket_online.jpg\" alt=\"cump\u0103ra\u021bi loteria online\" width=\"272\" height=\"204\" \/><\/p>\n<p>Este un principiu bine cunoscut faptul c\u0103 are mai mult sens s\u0103 investe\u0219ti bani \u00eentr-un bilet de loterie atunci c\u00e2nd jackpoturile sunt foarte mari. La urma urmei, atunci c\u00e2nd v\u0103 cump\u0103ra\u021bi biletul, dori\u021bi un raport calitate-pre\u021b maxim. Asta \u00eenseamn\u0103 c\u0103, dac\u0103 pre\u021bul biletului este acela\u0219i, un premiu poten\u021bial mai mare v\u0103 ofer\u0103 o valoare mai bun\u0103 pentru bani.<\/p>\n<p>Dar chiar dac\u0103 biletul online pentru loteria la care dori\u021bi s\u0103 juca\u021bi ar fi de dou\u0103 ori mai scump dec\u00e2t un bilet pentru loteria local\u0103, de cele mai multe ori, tot ar avea sens s\u0103 cump\u0103ra\u021bi biletul online mai scump. Dac\u0103 jackpotul posibil este mai mult dec\u00e2t dublu fa\u021b\u0103 de jackpotul local, atunci \u0219ansele matematice de c\u00e2\u0219tig sunt mai mari la loteria pentru care trebuie s\u0103 cump\u0103ra\u021bi un bilet online.<\/p>\n<h2>\u00centotdeauna exist\u0103 un jackpot mare undeva \u00een lume<\/h2>\n<p>\u0218i acesta este principalul motiv pentru a cump\u0103ra bilete de loterie online. Cu at\u00e2t de multe loterii accesibile prin intermediul unui serviciu de bilete online, ve\u021bi g\u0103si \u00eentotdeauna un jackpot mare \u00een care merit\u0103 s\u0103 investi\u021bi. De fapt, o mare parte dintre clien\u021bii no\u0219tri urmeaz\u0103 o strategie simpl\u0103: Orice loterie care are \u00een prezent cel mai mare jackpot, este loteria pentru care \u00ee\u0219i cump\u0103r\u0103 biletul. Este perfect logic, nu-i a\u0219a?<\/p>\n<section class=\"layout\" style=\"border: solid 1px; width: 100%;\">\n<div class=\"img-div\" style=\"margin-top: 5px;\"><img decoding=\"async\" class=\"wp-image-17212 alignleft\" style=\"height: 45px; margin: 8px 8px 0px;\" src=\"https:\/\/jackpotlotteryonline.com\/wp-content\/uploads\/2022\/11\/read1.jpg\" alt=\"Feri\u021bi-v\u0103 de loteriile \u00een\u0219el\u0103toare\" width=\"\" height=\"\" \/><\/div>\n<div style=\"padding-left: 5px;\">\n<div style=\"font-size: 1.1em;\">\n<p><strong>Escrocherii la loterie de care ar trebui s\u0103 fi\u021bi con\u0219tien\u021bi<\/strong><\/p>\n<p style=\"font-size: 0.85em; margin-top: -1.5em;\">Nu c\u0103de\u021bi \u00een capcanele loteriei \u00a0<a href=\"https:\/\/jackpotlotteryonline.com\/ro\/feriti-va-de-escrocheriile-loteriei-online\">cite\u0219te mai mult<\/a><\/p>\n<\/div>\n<\/div>\n<\/section>\n<h2>Este legal s\u0103 cumperi un bilet online pentru una dintre aceste loterii?<\/h2>\n<p>Da, este. Imagina\u021bi-v\u0103 c\u0103 v\u0103 afla\u021bi \u00een SUA, iar loteria local\u0103 Powerball are un jackpot uria\u0219. V\u0103 duce\u021bi \u0219i cump\u0103ra\u021bi un bilet, iar acel bilet c\u00e2\u0219tig\u0103. Bine\u00een\u021beles, loteria trebuie s\u0103 v\u0103 pl\u0103teasc\u0103, chiar dac\u0103 nu mai sunte\u021bi \u00een \u021bar\u0103 <a href=\"https:\/\/jackpotlotteryonline.com\/ro\/numere-castigatoare\">la momentul extragerii<\/a>. A\u021bi cump\u0103rat un bilet \u00een mod legal. Nu conteaz\u0103 dac\u0103 locui\u021bi sau nu \u00een SUA. \u0218i func\u021bioneaz\u0103 la fel cu toate celelalte loterii din lume.<\/p>\n<p>Diferen\u021ba online a serviciului nostru online este c\u0103 noi cump\u0103r\u0103m biletul efectiv \u00een numele dumneavoastr\u0103. Tu \u00eel comanzi online, iar unul dintre agen\u021bii no\u0219tri locali cump\u0103r\u0103 un bilet fizic pentru tine. Ace\u0219tia vor scana, de asemenea, biletul, iar acesta va fi \u00eenc\u0103rcat \u00een contul dvs. de juc\u0103tor, astfel \u00eenc\u00e2t s\u0103 pute\u021bi vedea c\u0103 am cump\u0103rat un bilet real pentru dvs.<br \/>\n<img loading=\"lazy\" decoding=\"async\" class=\"alignright size-medium wp-image-25854\" src=\"https:\/\/jackpotlotteryonline.com\/wp-content\/uploads\/2022\/10\/1_results_tickets_lotto-300x212.jpg\" alt=\"bilet de loterie\" width=\"300\" height=\"212\" srcset=\"https:\/\/jackpotlotteryonline.com\/wp-content\/uploads\/2022\/10\/1_results_tickets_lotto-300x212.jpg 300w, https:\/\/jackpotlotteryonline.com\/wp-content\/uploads\/2022\/10\/1_results_tickets_lotto.jpg 320w\" sizes=\"auto, (max-width: 300px) 100vw, 300px\" \/><\/p>\n<p>Dac\u0103 c\u00e2\u0219tiga\u021bi un premiu mare, depinde de dumneavoastr\u0103 dac\u0103 dori\u021bi s\u0103 merge\u021bi \u00een \u021bara \u00een care are loc loteria. Dac\u0103 dori\u021bi, pute\u021bi s\u0103 v\u0103 ridica\u021bi biletul de la noi \u0219i s\u0103 prezenta\u021bi personal biletul c\u00e2\u0219tig\u0103tor la comisia de loterie. Cum vor \u0219ti ei cine l-a cump\u0103rat?<\/p>\n<p>Dar, de fapt, nu trebuie s\u0103 proceda\u021bi astfel. Pentru c\u0103 o parte din serviciul nostru de bilete de loterie online este c\u0103 ne putem ocupa \u0219i de plata pentru dumneavoastr\u0103. Noi v\u0103 proces\u0103m c\u00e2\u0219tigurile, iar comisia de loterie fie v\u0103 trimite un cec, fie v\u0103 transfer\u0103 c\u00e2\u0219tigurile \u00een contul dvs. bancar.<\/p>\n<p>\u0218i \u0219tia\u021bi c\u0103 toate c\u00e2\u0219tigurile mai mici (sub 2500,00 \u20ac) vor fi imediat creditate \u00een contul dvs. de juc\u0103tor de pe site-ul nostru? Nu trebuie s\u0103 face\u021bi nimic pentru a ob\u021bine aceste c\u00e2\u0219tiguri mai mici. \u0218i po\u021bi solicita oric\u00e2nd o retragere, iar noi vom \u00eencasa acele fonduri \u00een contul t\u0103u bancar, pe cardul de credit sau \u00een portofelul t\u0103u de criptomonede (dac\u0103 ai unul).<\/p>\n<h2>Alte avantaje ale cump\u0103r\u0103rii biletelor de loterie online<\/h2>\n<p>Serviciul nostru de bilete are \u0219i alte avantaje, destul de evidente, care sunt:<\/p>\n<ul>\n<li>Nu este nevoie s\u0103 ie\u0219i\u021bi din cas\u0103 pentru a v\u0103 lua biletul<\/li>\n<li>F\u0103r\u0103 cozi la agentul loteriei sau la magazin (important mai ales atunci c\u00e2nd jackpoturile sunt mari!)<\/li>\n<li>Biletul dvs. nu se poate pierde, deoarece a fost scanat \u0219i este p\u0103strat \u00een seifurile noastre securizate.<\/li>\n<\/ul>\n<p>Deci, ce mai a\u0219tepta\u021bi? Selecta\u021bi o loterie \u0219i cump\u0103ra\u021bi-v\u0103 ast\u0103zi biletele online &#8211; cu pu\u021bin noroc, a\u021bi putea fi c\u00e2\u0219tig\u0103torul jackpotului de m\u00e2ine!<\/p>\n","protected":false},"excerpt":{"rendered":"<p>Cump\u0103rarea biletelor de loterie online a devenit extrem de popular\u0103 \u00een prezent. Fanii loto din \u00eentreaga lume folosesc serviciul nostru de bilete de loterie online. \u0218i exist\u0103 o mul\u021bime de motive bune pentru asta. Pentru unii juc\u0103tori de loto, este singura modalitate de a cump\u0103ra bilete de loterie, deoarece nu exist\u0103 o loterie disponibil\u0103 \u00een [&hellip;]<\/p>\n","protected":false},"author":1,"featured_media":0,"parent":0,"menu_order":3,"comment_status":"closed","ping_status":"closed","template":"Information.php","meta":{"_et_pb_use_builder":"","_et_pb_old_content":"","_et_gb_content_width":"","exclude_from_search":false,"footnotes":""},"class_list":["post-35774","page","type-page","status-publish","hentry"],"yoast_head":"<!-- This site is optimized with the Yoast SEO plugin v23.3 - https:\/\/yoast.com\/wordpress\/plugins\/seo\/ -->\n<title>Cum s\u0103 cump\u0103ra\u021bi bilete online pentru loteriile din \u00eentreaga lume<\/title>\n<meta name=\"description\" content=\"La ce trebuie s\u0103 fi\u021bi aten\u021bi atunci c\u00e2nd cump\u0103ra\u021bi online bilete pentru loteriile interna\u021bionale. Unele servicii de bilete online sunt mai pu\u021bin recomandabile, afla\u021bi care\" \/>\n<meta name=\"robots\" content=\"index, follow, max-snippet:-1, max-image-preview:large, max-video-preview:-1\" \/>\n<link rel=\"canonical\" href=\"https:\/\/jackpotlotteryonline.com\/buy-tickets\/\" \/>\n<meta property=\"og:locale\" content=\"ro_RO\" \/>\n<meta property=\"og:type\" content=\"article\" \/>\n<meta property=\"og:title\" content=\"Cum s\u0103 cump\u0103ra\u021bi bilete online pentru loteriile din \u00eentreaga lume\" \/>\n<meta property=\"og:description\" content=\"La ce trebuie s\u0103 fi\u021bi aten\u021bi atunci c\u00e2nd cump\u0103ra\u021bi online bilete pentru loteriile interna\u021bionale. Unele servicii de bilete online sunt mai pu\u021bin recomandabile, afla\u021bi care\" \/>\n<meta property=\"og:url\" content=\"https:\/\/jackpotlotteryonline.com\/buy-tickets\/\" \/>\n<meta property=\"og:site_name\" content=\"Lotto Online - Crack The International Lottery Jackpots\" \/>\n<meta property=\"article:modified_time\" content=\"2022-12-19T11:15:59+00:00\" \/>\n<meta property=\"og:image\" content=\"https:\/\/jackpotlotteryonline.com\/wp-content\/uploads\/2022\/10\/1_buy_ticket_online.jpg\" \/>\n<meta name=\"twitter:card\" content=\"summary_large_image\" \/>\n<meta name=\"twitter:label1\" content=\"Timp estimat pentru citire\" \/>\n\t<meta name=\"twitter:data1\" content=\"4 minute\" \/>\n<!-- \/ Yoast SEO plugin. -->","yoast_head_json":{"title":"Cum s\u0103 cump\u0103ra\u021bi bilete online pentru loteriile din \u00eentreaga lume","description":"La ce trebuie s\u0103 fi\u021bi aten\u021bi atunci c\u00e2nd cump\u0103ra\u021bi online bilete pentru loteriile interna\u021bionale. Unele servicii de bilete online sunt mai pu\u021bin recomandabile, afla\u021bi care","robots":{"index":"index","follow":"follow","max-snippet":"max-snippet:-1","max-image-preview":"max-image-preview:large","max-video-preview":"max-video-preview:-1"},"canonical":"https:\/\/jackpotlotteryonline.com\/buy-tickets\/","og_locale":"ro_RO","og_type":"article","og_title":"Cum s\u0103 cump\u0103ra\u021bi bilete online pentru loteriile din \u00eentreaga lume","og_description":"La ce trebuie s\u0103 fi\u021bi aten\u021bi atunci c\u00e2nd cump\u0103ra\u021bi online bilete pentru loteriile interna\u021bionale. Unele servicii de bilete online sunt mai pu\u021bin recomandabile, afla\u021bi care","og_url":"https:\/\/jackpotlotteryonline.com\/buy-tickets\/","og_site_name":"Lotto Online - Crack The International Lottery Jackpots","article_modified_time":"2022-12-19T11:15:59+00:00","og_image":[{"url":"https:\/\/jackpotlotteryonline.com\/wp-content\/uploads\/2022\/10\/1_buy_ticket_online.jpg"}],"twitter_card":"summary_large_image","twitter_misc":{"Timp estimat pentru citire":"4 minute"},"schema":{"@context":"https:\/\/schema.org","@graph":[{"@type":"WebPage","@id":"https:\/\/jackpotlotteryonline.com\/buy-tickets\/","url":"https:\/\/jackpotlotteryonline.com\/buy-tickets\/","name":"Cum s\u0103 cump\u0103ra\u021bi bilete online pentru loteriile din \u00eentreaga lume","isPartOf":{"@id":"https:\/\/jackpotlotteryonline.com\/#website"},"primaryImageOfPage":{"@id":"https:\/\/jackpotlotteryonline.com\/buy-tickets\/#primaryimage"},"image":{"@id":"https:\/\/jackpotlotteryonline.com\/buy-tickets\/#primaryimage"},"thumbnailUrl":"https:\/\/jackpotlotteryonline.com\/wp-content\/uploads\/2022\/10\/1_buy_ticket_online.jpg","datePublished":"2022-11-01T13:28:01+00:00","dateModified":"2022-12-19T11:15:59+00:00","description":"La ce trebuie s\u0103 fi\u021bi aten\u021bi atunci c\u00e2nd cump\u0103ra\u021bi online bilete pentru loteriile interna\u021bionale. Unele servicii de bilete online sunt mai pu\u021bin recomandabile, afla\u021bi care","breadcrumb":{"@id":"https:\/\/jackpotlotteryonline.com\/buy-tickets\/#breadcrumb"},"inLanguage":"ro-RO","potentialAction":[{"@type":"ReadAction","target":["https:\/\/jackpotlotteryonline.com\/buy-tickets\/"]}]},{"@type":"ImageObject","inLanguage":"ro-RO","@id":"https:\/\/jackpotlotteryonline.com\/buy-tickets\/#primaryimage","url":"https:\/\/jackpotlotteryonline.com\/wp-content\/uploads\/2022\/10\/1_buy_ticket_online.jpg","contentUrl":"https:\/\/jackpotlotteryonline.com\/wp-content\/uploads\/2022\/10\/1_buy_ticket_online.jpg"},{"@type":"BreadcrumbList","@id":"https:\/\/jackpotlotteryonline.com\/buy-tickets\/#breadcrumb","itemListElement":[{"@type":"ListItem","position":1,"name":"Home","item":"https:\/\/jackpotlotteryonline.com\/ro\/"},{"@type":"ListItem","position":2,"name":"Cum s\u0103 cump\u0103ra\u021bi bilete de loterie online"}]},{"@type":"WebSite","@id":"https:\/\/jackpotlotteryonline.com\/#website","url":"https:\/\/jackpotlotteryonline.com\/","name":"Lotto Online - Crack The International Lottery Jackpots","description":"","potentialAction":[{"@type":"SearchAction","target":{"@type":"EntryPoint","urlTemplate":"https:\/\/jackpotlotteryonline.com\/?s={search_term_string}"},"query-input":"required name=search_term_string"}],"inLanguage":"ro-RO"}]}},"_links":{"self":[{"href":"https:\/\/jackpotlotteryonline.com\/ro\/wp-json\/wp\/v2\/pages\/35774","targetHints":{"allow":["GET"]}}],"collection":[{"href":"https:\/\/jackpotlotteryonline.com\/ro\/wp-json\/wp\/v2\/pages"}],"about":[{"href":"https:\/\/jackpotlotteryonline.com\/ro\/wp-json\/wp\/v2\/types\/page"}],"author":[{"embeddable":true,"href":"https:\/\/jackpotlotteryonline.com\/ro\/wp-json\/wp\/v2\/users\/1"}],"replies":[{"embeddable":true,"href":"https:\/\/jackpotlotteryonline.com\/ro\/wp-json\/wp\/v2\/comments?post=35774"}],"version-history":[{"count":0,"href":"https:\/\/jackpotlotteryonline.com\/ro\/wp-json\/wp\/v2\/pages\/35774\/revisions"}],"wp:attachment":[{"href":"https:\/\/jackpotlotteryonline.com\/ro\/wp-json\/wp\/v2\/media?parent=35774"}],"curies":[{"name":"wp","href":"https:\/\/api.w.org\/{rel}","templated":true}]}}