{"id":35848,"date":"2022-11-02T07:28:08","date_gmt":"2022-11-02T07:28:08","guid":{"rendered":"https:\/\/jackpotlotteryonline.com\/?page_id=35848"},"modified":"2022-12-26T08:23:07","modified_gmt":"2022-12-26T08:23:07","slug":"numere-castigatoare","status":"publish","type":"page","link":"https:\/\/jackpotlotteryonline.com\/ro\/numere-castigatoare\/","title":{"rendered":"Rezultatele loteriei"},"content":{"rendered":"<h2>Rezultatele loteriei online<\/h2>\n<p>Cu o gam\u0103 at\u00e2t de vast\u0103 de loterii disponibile pentru a juca \u0219i cu u\u0219urin\u021ba cu care avem cu to\u021bii acces la internet \u00een zilele noastre, mul\u021bi oameni prefer\u0103 s\u0103 verifice rapid rezultatele loteriei online. Dac\u0103 a\u021bi cump\u0103rat un bilet de loterie, atunci ve\u021bi fi ner\u0103bd\u0103tor s\u0103 afla\u021bi care sunt numerele c\u00e2\u0219tig\u0103toare pentru acea extragere specific\u0103. <strong>Acum pute\u021bi verifica cu u\u0219urin\u021b\u0103 rezultatele loteriei interna\u021bionale online \u00een c\u00e2teva secunde.<\/strong><\/p>\n<p>Acest serviciu este disponibil \u00een \u00eentreaga lume, prin urmare, indiferent unde v\u0103 afla\u021bi, fie c\u0103 sunte\u021bi \u00een vacan\u021b\u0103, \u00eentr-o c\u0103l\u0103torie de afaceri \u00een str\u0103in\u0103tate sau pur \u0219i simplu la serviciu sau \u00een ora\u0219 cu prietenii, nu mai trebuie s\u0103 v\u0103 agita\u021bi \u00een jurul ziarului local sau s\u0103 a\u0219tepta\u021bi c\u00e2teva zile pentru a afla dac\u0103 sunte\u021bi c\u00e2\u0219tig\u0103tor al premiului cel mare. Acum pute\u021bi pur \u0219i simplu s\u0103 vizita\u021bi site-ul nostru \u0219i s\u0103 selecta\u021bi rezultatele pentru loteria la care a\u021bi pariat \u0219i s\u0103 afla\u021bi rapid dac\u0103 a\u021bi nimerit vreun num\u0103r.<\/p>\n<section class=\"layout\" style=\"border: solid 1px; width: 100%;\">\n<div class=\"img-div\" style=\"margin-top: 5px;\"><img decoding=\"async\" class=\"wp-image-17212 alignleft\" style=\"height: 45px; margin: 8px 8px 0px;\" src=\"http:\/\/jackpotlotteryonline.com\/wp-content\/uploads\/2022\/11\/read1.jpg\" alt=\"cite\u0219te\" width=\"\" height=\"\" \/><\/div>\n<div style=\"padding-left: 5px;\">\n<div style=\"font-size: 1.1em;\">\n<p><strong>Urm\u0103ri\u021bi numerele de loterie extrase \u00een direct<\/strong><\/p>\n<p style=\"font-size: 0.85em; margin-top: -1.5em;\">Cum s\u0103 urm\u0103re\u0219ti \u00een direct extragerile loteriilor tale preferate\u00a0 <a href=\"https:\/\/jackpotlotteryonline.com\/ro\/urmariti-numerele-de-loterie-extrase-in-direct\"> cite\u0219te mai mult<\/a><\/p>\n<\/div>\n<\/div>\n<\/section>\n<h2>Numerele loto interna\u021bionale c\u00e2\u0219tig\u0103toare de jackpot<\/h2>\n<p>Verifica\u021bi numerele c\u00e2\u0219tig\u0103toare la loto din aceast\u0103 s\u0103pt\u0103m\u00e2n\u0103 pentru cele mai mari jackpoturi la loteria interna\u021bional\u0103, actualizate zilnic pe site-ul nostru. Listam cele mai bune \u0219i mai mari loto de pe planet\u0103, inclusiv El Gordo, Euromillions, Mega Millions, Powerball, SuperEnaLotto \u0219i multe altele.<br \/>\n<img loading=\"lazy\" decoding=\"async\" class=\"alignright size-medium wp-image-19277\" src=\"http:\/\/jackpotlotteryonline.com\/wp-content\/uploads\/2022\/10\/2_ticket_powerball_au2-163x300.jpg\" alt=\"scanarea biletelor de loterie\" width=\"163\" height=\"300\" srcset=\"https:\/\/jackpotlotteryonline.com\/wp-content\/uploads\/2022\/10\/2_ticket_powerball_au2-163x300.jpg 163w, https:\/\/jackpotlotteryonline.com\/wp-content\/uploads\/2022\/10\/2_ticket_powerball_au2.jpg 250w\" sizes=\"auto, (max-width: 163px) 100vw, 163px\" \/><\/p>\n<p><strong>S-ar putea s\u0103 crede\u021bi c\u0103 majoritatea acestor loterii nu sunt disponibile pentru a le juca, dar nu este adev\u0103rat!<\/strong> \u00cen zilele noastre, este u\u0219or s\u0103 <a href=\"https:\/\/jackpotlotteryonline.com\/ro\/cumpara-bilete\">cump\u0103ra\u021bi bilete online<\/a> pentru aproape orice loterie. Asta \u00eenseamn\u0103 c\u0103 nu trebuie s\u0103 locui\u021bi \u00een \u021bara \u00een care are loc loteria.<\/p>\n<p><strong>Acest lucru este posibil datorit\u0103 unui serviciu oferit de noi.<\/strong><\/p>\n<p>Trebuie doar s\u0103 face\u021bi clic pe oricare dintre <a href=\"https:\/\/jackpotlotteryonline.com\/ro\/cum-se-joaca\">butoanele &#8220;Play&#8221;<\/a> de mai sus \u0219i ve\u021bi fi direc\u021bionat c\u0103tre pagina de selectare a numerelor pentru loteria respectiv\u0103. Alege\u021bi-v\u0103 numerele, \u00eenregistra\u021bi-v\u0103 \u0219i pl\u0103ti\u021bi online &#8211; este at\u00e2t de simplu! Ve\u021bi primi o confirmare a biletului dvs. personal imediat dup\u0103 finalizarea achizi\u021biei \u0219i o scanare a biletului pu\u021bin mai t\u00e2rziu. Ne vom asigura, de asemenea, c\u0103 ve\u021bi fi pl\u0103tit ceea ce c\u00e2\u0219tiga\u021bi. Aceste jackpoturi mondiale pot fi adesea de 100 de ori mai mari dec\u00e2t loteria local\u0103, a\u0219a c\u0103 ce mai a\u0219tepta\u021bi? Alege\u021bi!<\/p>\n<h2>Vede\u021bi dac\u0103 a\u021bi c\u00e2\u0219tigat &#8211; compara\u021bi biletul dvs. cu numerele c\u00e2\u0219tig\u0103toare<\/h2>\n<p>Nu numai c\u0103 pute\u021bi verifica rezultatele loteriei online de pe laptop, desktop PC sau chiar de pe iPhone, de acas\u0103 sau de la birou, dar pute\u021bi verifica imediat \u0219i rezultatele pentru at\u00e2t de multe loterii, pe o singur\u0103 pagin\u0103.<\/p>\n<p>Odat\u0103 ce fiecare extragere loto a avut loc, rezultatele fiec\u0103reia sunt actualizate \u00een timp real. Acest lucru \u00eenseamn\u0103 c\u0103 rezultatele jackpoturilor interna\u021bionale online sunt disponibile sau le pute\u021bi accesa la c\u00e2teva momente dup\u0103 ce a avut loc extragerea.<br \/>\n<img loading=\"lazy\" decoding=\"async\" class=\"alignright wp-image-19599\" src=\"http:\/\/jackpotlotteryonline.com\/wp-content\/uploads\/2022\/10\/1_balls_draw_lotto_numbers-200x300.jpg\" alt=\"numere c\u00e2\u0219tig\u0103toare la loto\" width=\"154\" height=\"231\" srcset=\"https:\/\/jackpotlotteryonline.com\/wp-content\/uploads\/2022\/10\/1_balls_draw_lotto_numbers-200x300.jpg 200w, https:\/\/jackpotlotteryonline.com\/wp-content\/uploads\/2022\/10\/1_balls_draw_lotto_numbers.jpg 320w\" sizes=\"auto, (max-width: 154px) 100vw, 154px\" \/><\/p>\n<p>Dac\u0103 a\u021bi ales s\u0103 cump\u0103ra\u021bi un bilet de loto online, indiferent de ce tip de loto este, verificarea rezultatelor loteriei online aici, pe site-ul nostru, este \u0219i mai u\u0219oar\u0103. Aceasta deoarece, \u00een momentul \u00een care v\u0103 plasa\u021bi biletul de loto online, vi se va cere s\u0103 introduce\u021bi adresa de e-mail. Nu numai c\u0103 aceasta este necesar\u0103 pentru a v\u0103 putea deschide un cont pentru a juca, dar este necesar\u0103 \u0219i \u00een scopul de a v\u0103 anun\u021ba despre un c\u00e2\u0219tig.<\/p>\n<p>Odat\u0103 ce extragerea loto a avut loc, ve\u021bi fi notificat automat prin e-mail dac\u0103 a\u021bi nimerit vreun num\u0103r care v-ar fi putut aduce un premiu \u00een bani. Pur \u0219i simplu verifica\u021bi-v\u0103 c\u0103su\u021ba de e-mail.<\/p>\n<p>De asemenea, dac\u0103 v-a\u021bi cump\u0103rat biletul de loto online aici, v\u0103 pute\u021bi conecta la contul dumneavoastr\u0103 de client, iar rezultatele vor fi afi\u0219ate chiar l\u00e2ng\u0103 biletul dumneavoastr\u0103 pentru compara\u021bie. Acele numere de pe biletul dvs. care se potrivesc cu extragerea vor fi eviden\u021biate. Acest lucru este c\u00e2t se poate de convenabil!<\/p>\n<p>Cu at\u00e2t de multe avantaje \u0219i caracteristici utile, cum ar fi posibilitatea de a verifica rapid rezultatele loteriei online, <strong>mul\u021bi oameni aleg acum s\u0103 cumpere bilete de loto online mai degrab\u0103 dec\u00e2t \u00een magazine.<\/strong><\/p>\n","protected":false},"excerpt":{"rendered":"<p>Rezultatele loteriei online Cu o gam\u0103 at\u00e2t de vast\u0103 de loterii disponibile pentru a juca \u0219i cu u\u0219urin\u021ba cu care avem cu to\u021bii acces la internet \u00een zilele noastre, mul\u021bi oameni prefer\u0103 s\u0103 verifice rapid rezultatele loteriei online. Dac\u0103 a\u021bi cump\u0103rat un bilet de loterie, atunci ve\u021bi fi ner\u0103bd\u0103tor s\u0103 afla\u021bi care sunt numerele c\u00e2\u0219tig\u0103toare [&hellip;]<\/p>\n","protected":false},"author":1,"featured_media":0,"parent":0,"menu_order":4,"comment_status":"closed","ping_status":"closed","template":"Results.php","meta":{"_et_pb_use_builder":"","_et_pb_old_content":"","_et_gb_content_width":"","exclude_from_search":false,"footnotes":""},"class_list":["post-35848","page","type-page","status-publish","hentry"],"yoast_head":"<!-- This site is optimized with the Yoast SEO plugin v23.3 - https:\/\/yoast.com\/wordpress\/plugins\/seo\/ -->\n<title>Numere c\u00e2\u0219tig\u0103toare \u0219i rezultate pentru jackpoturile loto interna\u021bionale<\/title>\n<meta name=\"description\" content=\"Aceast\u0103 pagin\u0103 prezint\u0103 rezultatele \u0219i numerele c\u00e2\u0219tig\u0103toare ale celor mai multe loterii interna\u021bionale cu jackpot online\" \/>\n<meta name=\"robots\" content=\"index, follow, max-snippet:-1, max-image-preview:large, max-video-preview:-1\" \/>\n<link rel=\"canonical\" href=\"https:\/\/jackpotlotteryonline.com\/ro\/numere-castigatoare\/\" \/>\n<meta property=\"og:locale\" content=\"ro_RO\" \/>\n<meta property=\"og:type\" content=\"article\" \/>\n<meta property=\"og:title\" content=\"Numere c\u00e2\u0219tig\u0103toare \u0219i rezultate pentru jackpoturile loto interna\u021bionale\" \/>\n<meta property=\"og:description\" content=\"Aceast\u0103 pagin\u0103 prezint\u0103 rezultatele \u0219i numerele c\u00e2\u0219tig\u0103toare ale celor mai multe loterii interna\u021bionale cu jackpot online\" \/>\n<meta property=\"og:url\" content=\"https:\/\/jackpotlotteryonline.com\/ro\/numere-castigatoare\/\" \/>\n<meta property=\"og:site_name\" content=\"Lotto Online - Crack The International Lottery Jackpots\" \/>\n<meta property=\"article:modified_time\" content=\"2022-12-26T08:23:07+00:00\" \/>\n<meta property=\"og:image\" content=\"http:\/\/jackpotlotteryonline.com\/wp-content\/uploads\/2022\/11\/read1.jpg\" \/>\n<meta name=\"twitter:card\" content=\"summary_large_image\" \/>\n<meta name=\"twitter:label1\" content=\"Timp estimat pentru citire\" \/>\n\t<meta name=\"twitter:data1\" content=\"4 minute\" \/>\n<!-- \/ Yoast SEO plugin. -->","yoast_head_json":{"title":"Numere c\u00e2\u0219tig\u0103toare \u0219i rezultate pentru jackpoturile loto interna\u021bionale","description":"Aceast\u0103 pagin\u0103 prezint\u0103 rezultatele \u0219i numerele c\u00e2\u0219tig\u0103toare ale celor mai multe loterii interna\u021bionale cu jackpot online","robots":{"index":"index","follow":"follow","max-snippet":"max-snippet:-1","max-image-preview":"max-image-preview:large","max-video-preview":"max-video-preview:-1"},"canonical":"https:\/\/jackpotlotteryonline.com\/ro\/numere-castigatoare\/","og_locale":"ro_RO","og_type":"article","og_title":"Numere c\u00e2\u0219tig\u0103toare \u0219i rezultate pentru jackpoturile loto interna\u021bionale","og_description":"Aceast\u0103 pagin\u0103 prezint\u0103 rezultatele \u0219i numerele c\u00e2\u0219tig\u0103toare ale celor mai multe loterii interna\u021bionale cu jackpot online","og_url":"https:\/\/jackpotlotteryonline.com\/ro\/numere-castigatoare\/","og_site_name":"Lotto Online - Crack The International Lottery Jackpots","article_modified_time":"2022-12-26T08:23:07+00:00","og_image":[{"url":"http:\/\/jackpotlotteryonline.com\/wp-content\/uploads\/2022\/11\/read1.jpg"}],"twitter_card":"summary_large_image","twitter_misc":{"Timp estimat pentru citire":"4 minute"},"schema":{"@context":"https:\/\/schema.org","@graph":[{"@type":"WebPage","@id":"https:\/\/jackpotlotteryonline.com\/ro\/numere-castigatoare\/","url":"https:\/\/jackpotlotteryonline.com\/ro\/numere-castigatoare\/","name":"Numere c\u00e2\u0219tig\u0103toare \u0219i rezultate pentru jackpoturile loto interna\u021bionale","isPartOf":{"@id":"https:\/\/jackpotlotteryonline.com\/#website"},"primaryImageOfPage":{"@id":"https:\/\/jackpotlotteryonline.com\/ro\/numere-castigatoare\/#primaryimage"},"image":{"@id":"https:\/\/jackpotlotteryonline.com\/ro\/numere-castigatoare\/#primaryimage"},"thumbnailUrl":"http:\/\/jackpotlotteryonline.com\/wp-content\/uploads\/2022\/11\/read1.jpg","datePublished":"2022-11-02T07:28:08+00:00","dateModified":"2022-12-26T08:23:07+00:00","description":"Aceast\u0103 pagin\u0103 prezint\u0103 rezultatele \u0219i numerele c\u00e2\u0219tig\u0103toare ale celor mai multe loterii interna\u021bionale cu jackpot online","breadcrumb":{"@id":"https:\/\/jackpotlotteryonline.com\/ro\/numere-castigatoare\/#breadcrumb"},"inLanguage":"ro-RO","potentialAction":[{"@type":"ReadAction","target":["https:\/\/jackpotlotteryonline.com\/ro\/numere-castigatoare\/"]}]},{"@type":"ImageObject","inLanguage":"ro-RO","@id":"https:\/\/jackpotlotteryonline.com\/ro\/numere-castigatoare\/#primaryimage","url":"http:\/\/jackpotlotteryonline.com\/wp-content\/uploads\/2022\/11\/read1.jpg","contentUrl":"http:\/\/jackpotlotteryonline.com\/wp-content\/uploads\/2022\/11\/read1.jpg"},{"@type":"BreadcrumbList","@id":"https:\/\/jackpotlotteryonline.com\/ro\/numere-castigatoare\/#breadcrumb","itemListElement":[{"@type":"ListItem","position":1,"name":"Home","item":"https:\/\/jackpotlotteryonline.com\/ro\/"},{"@type":"ListItem","position":2,"name":"Rezultatele loteriei"}]},{"@type":"WebSite","@id":"https:\/\/jackpotlotteryonline.com\/#website","url":"https:\/\/jackpotlotteryonline.com\/","name":"Lotto Online - Crack The International Lottery Jackpots","description":"","potentialAction":[{"@type":"SearchAction","target":{"@type":"EntryPoint","urlTemplate":"https:\/\/jackpotlotteryonline.com\/?s={search_term_string}"},"query-input":"required name=search_term_string"}],"inLanguage":"ro-RO"}]}},"_links":{"self":[{"href":"https:\/\/jackpotlotteryonline.com\/ro\/wp-json\/wp\/v2\/pages\/35848","targetHints":{"allow":["GET"]}}],"collection":[{"href":"https:\/\/jackpotlotteryonline.com\/ro\/wp-json\/wp\/v2\/pages"}],"about":[{"href":"https:\/\/jackpotlotteryonline.com\/ro\/wp-json\/wp\/v2\/types\/page"}],"author":[{"embeddable":true,"href":"https:\/\/jackpotlotteryonline.com\/ro\/wp-json\/wp\/v2\/users\/1"}],"replies":[{"embeddable":true,"href":"https:\/\/jackpotlotteryonline.com\/ro\/wp-json\/wp\/v2\/comments?post=35848"}],"version-history":[{"count":0,"href":"https:\/\/jackpotlotteryonline.com\/ro\/wp-json\/wp\/v2\/pages\/35848\/revisions"}],"wp:attachment":[{"href":"https:\/\/jackpotlotteryonline.com\/ro\/wp-json\/wp\/v2\/media?parent=35848"}],"curies":[{"name":"wp","href":"https:\/\/api.w.org\/{rel}","templated":true}]}}