{"id":35901,"date":"2022-11-02T09:37:45","date_gmt":"2022-11-02T09:37:45","guid":{"rendered":"https:\/\/jackpotlotteryonline.com\/?page_id=35901"},"modified":"2022-12-19T09:22:58","modified_gmt":"2022-12-19T09:22:58","slug":"powerball","status":"publish","type":"page","link":"https:\/\/jackpotlotteryonline.com\/ro\/cum-se-joaca\/powerball\/","title":{"rendered":"Powerball SUA"},"content":{"rendered":"<h2>Jackpotul de la loteria Powerball online<\/h2>\n<p><img loading=\"lazy\" decoding=\"async\" class=\"alignright size-full wp-image-19358\" src=\"http:\/\/jackpotlotteryonline.com\/wp-content\/uploads\/2022\/10\/2_ticket_powerball3.jpg\" alt=\"bilet powerball\" width=\"180\" height=\"194\" \/><\/p>\n<p>Ave\u021bi \u00een fa\u021b\u0103 una dintre cele mai vechi \u0219i cele mai mari loterii din SUA. Jackpotul loteriei Powerball este oferit de o comisie multi-statal\u0103 de loterie format\u0103 din 41 de state americane. Se desf\u0103\u0219oar\u0103 \u00een toate statele (inclusiv Insulele Virgine \u0219i Districtul Columbia) din SUA, cu excep\u021bia a 8 state (Nevada, California, Utah, Mississippi, Wyoming, Alabama, Hawaii \u0219i Alaska).<\/p>\n<p>Jackpotul loteriei online Powerball a dep\u0103\u0219it \u00een mai multe r\u00e2nduri suma de 300 de milioane de dolari, iar cel mai mare jackpot a fost de 1500 de milioane de dolari. \u00cen mod normal, jackpoturile \u00eencep de la 20 de milioane de dolari \u0219i cresc cu cel pu\u021bin 5 milioane de dolari de fiecare dat\u0103 c\u00e2nd jackpotul nu a fost atins.<\/p>\n<section class=\"layout\" style=\"border: solid 1px; width: 100%;\">\n<div class=\"img-div\" style=\"margin-top: 5px;\"><img decoding=\"async\" class=\"wp-image-17212 alignleft\" style=\"height: 45px; margin: 8px 8px 0px;\" src=\"http:\/\/jackpotlotteryonline.com\/wp-content\/uploads\/2022\/11\/read1.jpg\" alt=\"cel mai mare jackpot la loto\" width=\"\" height=\"\" \/><\/div>\n<div style=\"padding-left: 5px;\">\n<div style=\"font-size: 1.1em;\">\n<p><strong>Jackpoturi istorice, recorduri la loto<\/strong><\/p>\n<p style=\"font-size: 0.85em; margin-top: -1.5em;\">Cele mai mari jackpoturi loto din istorie v\u0103 vor face s\u0103 v\u0103 da\u021bi peste cap <a href=\"https:\/\/jackpotlotteryonline.com\/ro\/cele-mai-mari-jackpoturi-loto-din-istorie\"> cite\u0219te mai mult<\/a><\/p>\n<\/div>\n<\/div>\n<\/section>\n<h2>Cum se joac\u0103 la loteria Powerball<\/h2>\n<p>V\u0103 pute\u021bi ob\u021bine cu <strong><a href=\"https:\/\/jackpotlotteryonline.com\/ro\/cumpara-bilete\/powerball\">u\u0219urin\u021b\u0103 biletul de loterie online<\/a> prin intermediul site-ului nostru. Pentru a juca \u0219i a c\u00e2\u0219tiga potul cel mare la loteria Powerball<\/strong>, nu trebuie s\u0103 fi\u021bi cet\u0103\u021bean american &#8211; pute\u021bi locui \u00een afara SUA, dar trebuie s\u0103 ave\u021bi cel pu\u021bin 18 ani. Tot ce trebuie s\u0103 face\u021bi este s\u0103 da\u021bi click pe unul dintre bannerele loteriei, s\u0103 v\u0103 \u00eenregistra\u021bi \u0219i s\u0103 v\u0103 verifica\u021bi \u0219i s\u0103 efectua\u021bi plata. De restul ne vom ocupa noi ori de c\u00e2te ori ve\u021bi plasa o comand\u0103. Achizi\u021bionarea biletelor, livrarea \u0219i ajutorul cu logistica banilor sunt domeniile \u00een care pute\u021bi primi ajutor.<br \/>\n<img loading=\"lazy\" decoding=\"async\" class=\"alignright size-full wp-image-18167\" src=\"http:\/\/jackpotlotteryonline.com\/wp-content\/uploads\/2022\/10\/powerball_globe_logo.png\" alt=\"juca\u021bi online la powerball\" width=\"200\" height=\"212\" \/><\/p>\n<p>Pentru a c\u00e2\u0219tiga Jackpotul la loteria Powerball, trebuie s\u0103 nimeri\u021bi cinci numere din 59, plus num\u0103rul Powerball \u00eentre 1 \u0219i 39. Exist\u0103 nou\u0103 moduri de a c\u00e2\u0219tiga, iar dac\u0103 nimere\u0219ti num\u0103rul Powerball ai deja un pre\u021b.<\/p>\n<p><a href=\"http:\/\/jackpotlotteryonline.com\/ro\/cumpara-bilete\/powerball\">Jackpotul la loteria Powerball online<\/a> este un joc de loterie tradi\u021bional cu dou\u0103 butoane. Un tambur vine cu 59 de bile albe al doilea tambur vine cu 39 de bile ro\u0219ii. Va trebui s\u0103 selecta\u021bi 5 bile albe \u0219i o bil\u0103 ro\u0219ie. Bilele pot fi alese la \u00eent\u00e2mplare, iar ordinea de selec\u021bie nu are nicio influen\u021b\u0103 asupra rezultatului.<\/p>\n<p>Categoric, jocul online la loteria Powerball cu jackpot are propriile avantaje \u0219i datorit\u0103 \u0219anselor sale impresionante de c\u00e2\u0219tig, exist\u0103 o cerere mare pentru aceast\u0103 loterie.<\/p>\n<h2>Este timpul s\u0103 v\u0103 \u00eencerca\u021bi norocul la Powerball<\/h2>\n<p>Dac\u0103 sunte\u021bi o persoan\u0103 c\u0103reia \u00eei place s\u0103-\u0219i \u00eencerce norocul la jocurile de noroc, loteria Powerball este cu siguran\u021b\u0103 locul de unde s\u0103 \u00eencepe\u021bi. Pe site-ul nostru sunt disponibile mult mai multe informa\u021bii care v\u0103 pot ajuta s\u0103 v\u0103 decide\u021bi asupra numerelor pe care s\u0103 le alege\u021bi \u0219i s\u0103 le juca\u021bi.<\/p>\n<p>Mul\u021bi oameni au tendin\u021ba de a crede c\u0103 loteria este un joc de noroc. Dar ei pot tinde s\u0103 g\u00e2ndeasc\u0103 pu\u021bin diferit odat\u0103 ce \u00een\u021beleg cum func\u021bioneaz\u0103 loteria Powerball. <strong>Sunt mul\u021bi care au c\u00e2\u0219tigat deja la Powerball \u0219i nu exist\u0103 niciun motiv pentru care nu pute\u021bi fi \u0219i dumneavoastr\u0103 unul dintre ei. \u00cencepe\u021bi acum&#8230;!<\/strong><\/p>\n","protected":false},"excerpt":{"rendered":"<p>Jackpotul de la loteria Powerball online Ave\u021bi \u00een fa\u021b\u0103 una dintre cele mai vechi \u0219i cele mai mari loterii din SUA. Jackpotul loteriei Powerball este oferit de o comisie multi-statal\u0103 de loterie format\u0103 din 41 de state americane. Se desf\u0103\u0219oar\u0103 \u00een toate statele (inclusiv Insulele Virgine \u0219i Districtul Columbia) din SUA, cu excep\u021bia a 8 [&hellip;]<\/p>\n","protected":false},"author":1,"featured_media":0,"parent":35714,"menu_order":1,"comment_status":"closed","ping_status":"closed","template":"powerball-usa.php","meta":{"_et_pb_use_builder":"","_et_pb_old_content":"","_et_gb_content_width":"","exclude_from_search":false,"footnotes":""},"class_list":["post-35901","page","type-page","status-publish","hentry"],"yoast_head":"<!-- This site is optimized with the Yoast SEO plugin v23.3 - https:\/\/yoast.com\/wordpress\/plugins\/seo\/ -->\n<title>Joac\u0103 la Loteria Powerball online, din afara SUA<\/title>\n<meta name=\"description\" content=\"Loteria Powerball este una dintre cele mai vechi loterii din SUA - citi\u021bi acest articol pentru a afla cum pute\u021bi juca online \u0219i dintr-o \u021bar\u0103 din afara SUA ast\u0103zi!\" \/>\n<meta name=\"robots\" content=\"index, follow, max-snippet:-1, max-image-preview:large, max-video-preview:-1\" \/>\n<link rel=\"canonical\" href=\"https:\/\/jackpotlotteryonline.com\/play-online\/powerball\/\" \/>\n<meta property=\"og:locale\" content=\"ro_RO\" \/>\n<meta property=\"og:type\" content=\"article\" \/>\n<meta property=\"og:title\" content=\"Joac\u0103 la Loteria Powerball online, din afara SUA\" \/>\n<meta property=\"og:description\" content=\"Loteria Powerball este una dintre cele mai vechi loterii din SUA - citi\u021bi acest articol pentru a afla cum pute\u021bi juca online \u0219i dintr-o \u021bar\u0103 din afara SUA ast\u0103zi!\" \/>\n<meta property=\"og:url\" content=\"https:\/\/jackpotlotteryonline.com\/play-online\/powerball\/\" \/>\n<meta property=\"og:site_name\" content=\"Lotto Online - Crack The International Lottery Jackpots\" \/>\n<meta property=\"article:modified_time\" content=\"2022-12-19T09:22:58+00:00\" \/>\n<meta property=\"og:image\" content=\"http:\/\/jackpotlotteryonline.com\/wp-content\/uploads\/2022\/10\/2_ticket_powerball3.jpg\" \/>\n<meta name=\"twitter:card\" content=\"summary_large_image\" \/>\n<meta name=\"twitter:label1\" content=\"Timp estimat pentru citire\" \/>\n\t<meta name=\"twitter:data1\" content=\"3 minute\" \/>\n<!-- \/ Yoast SEO plugin. -->","yoast_head_json":{"title":"Joac\u0103 la Loteria Powerball online, din afara SUA","description":"Loteria Powerball este una dintre cele mai vechi loterii din SUA - citi\u021bi acest articol pentru a afla cum pute\u021bi juca online \u0219i dintr-o \u021bar\u0103 din afara SUA ast\u0103zi!","robots":{"index":"index","follow":"follow","max-snippet":"max-snippet:-1","max-image-preview":"max-image-preview:large","max-video-preview":"max-video-preview:-1"},"canonical":"https:\/\/jackpotlotteryonline.com\/play-online\/powerball\/","og_locale":"ro_RO","og_type":"article","og_title":"Joac\u0103 la Loteria Powerball online, din afara SUA","og_description":"Loteria Powerball este una dintre cele mai vechi loterii din SUA - citi\u021bi acest articol pentru a afla cum pute\u021bi juca online \u0219i dintr-o \u021bar\u0103 din afara SUA ast\u0103zi!","og_url":"https:\/\/jackpotlotteryonline.com\/play-online\/powerball\/","og_site_name":"Lotto Online - Crack The International Lottery Jackpots","article_modified_time":"2022-12-19T09:22:58+00:00","og_image":[{"url":"http:\/\/jackpotlotteryonline.com\/wp-content\/uploads\/2022\/10\/2_ticket_powerball3.jpg"}],"twitter_card":"summary_large_image","twitter_misc":{"Timp estimat pentru citire":"3 minute"},"schema":{"@context":"https:\/\/schema.org","@graph":[{"@type":"WebPage","@id":"https:\/\/jackpotlotteryonline.com\/play-online\/powerball\/","url":"https:\/\/jackpotlotteryonline.com\/play-online\/powerball\/","name":"Joac\u0103 la Loteria Powerball online, din afara SUA","isPartOf":{"@id":"https:\/\/jackpotlotteryonline.com\/#website"},"primaryImageOfPage":{"@id":"https:\/\/jackpotlotteryonline.com\/play-online\/powerball\/#primaryimage"},"image":{"@id":"https:\/\/jackpotlotteryonline.com\/play-online\/powerball\/#primaryimage"},"thumbnailUrl":"http:\/\/jackpotlotteryonline.com\/wp-content\/uploads\/2022\/10\/2_ticket_powerball3.jpg","datePublished":"2022-11-02T09:37:45+00:00","dateModified":"2022-12-19T09:22:58+00:00","description":"Loteria Powerball este una dintre cele mai vechi loterii din SUA - citi\u021bi acest articol pentru a afla cum pute\u021bi juca online \u0219i dintr-o \u021bar\u0103 din afara SUA ast\u0103zi!","breadcrumb":{"@id":"https:\/\/jackpotlotteryonline.com\/play-online\/powerball\/#breadcrumb"},"inLanguage":"ro-RO","potentialAction":[{"@type":"ReadAction","target":["https:\/\/jackpotlotteryonline.com\/play-online\/powerball\/"]}]},{"@type":"ImageObject","inLanguage":"ro-RO","@id":"https:\/\/jackpotlotteryonline.com\/play-online\/powerball\/#primaryimage","url":"http:\/\/jackpotlotteryonline.com\/wp-content\/uploads\/2022\/10\/2_ticket_powerball3.jpg","contentUrl":"http:\/\/jackpotlotteryonline.com\/wp-content\/uploads\/2022\/10\/2_ticket_powerball3.jpg"},{"@type":"BreadcrumbList","@id":"https:\/\/jackpotlotteryonline.com\/play-online\/powerball\/#breadcrumb","itemListElement":[{"@type":"ListItem","position":1,"name":"Home","item":"https:\/\/jackpotlotteryonline.com\/ro\/"},{"@type":"ListItem","position":2,"name":"Cum se joac\u0103","item":"https:\/\/jackpotlotteryonline.com\/ro\/cum-se-joaca\/"},{"@type":"ListItem","position":3,"name":"Powerball SUA"}]},{"@type":"WebSite","@id":"https:\/\/jackpotlotteryonline.com\/#website","url":"https:\/\/jackpotlotteryonline.com\/","name":"Lotto Online - Crack The International Lottery Jackpots","description":"","potentialAction":[{"@type":"SearchAction","target":{"@type":"EntryPoint","urlTemplate":"https:\/\/jackpotlotteryonline.com\/?s={search_term_string}"},"query-input":"required name=search_term_string"}],"inLanguage":"ro-RO"}]}},"_links":{"self":[{"href":"https:\/\/jackpotlotteryonline.com\/ro\/wp-json\/wp\/v2\/pages\/35901","targetHints":{"allow":["GET"]}}],"collection":[{"href":"https:\/\/jackpotlotteryonline.com\/ro\/wp-json\/wp\/v2\/pages"}],"about":[{"href":"https:\/\/jackpotlotteryonline.com\/ro\/wp-json\/wp\/v2\/types\/page"}],"author":[{"embeddable":true,"href":"https:\/\/jackpotlotteryonline.com\/ro\/wp-json\/wp\/v2\/users\/1"}],"replies":[{"embeddable":true,"href":"https:\/\/jackpotlotteryonline.com\/ro\/wp-json\/wp\/v2\/comments?post=35901"}],"version-history":[{"count":0,"href":"https:\/\/jackpotlotteryonline.com\/ro\/wp-json\/wp\/v2\/pages\/35901\/revisions"}],"up":[{"embeddable":true,"href":"https:\/\/jackpotlotteryonline.com\/ro\/wp-json\/wp\/v2\/pages\/35714"}],"wp:attachment":[{"href":"https:\/\/jackpotlotteryonline.com\/ro\/wp-json\/wp\/v2\/media?parent=35901"}],"curies":[{"name":"wp","href":"https:\/\/api.w.org\/{rel}","templated":true}]}}