{"id":35966,"date":"2022-11-02T12:31:23","date_gmt":"2022-11-02T12:31:23","guid":{"rendered":"https:\/\/jackpotlotteryonline.com\/?page_id=35966"},"modified":"2022-12-30T19:27:01","modified_gmt":"2022-12-30T19:27:01","slug":"mega-millions","status":"publish","type":"page","link":"https:\/\/jackpotlotteryonline.com\/ro\/cum-se-joaca\/mega-millions\/","title":{"rendered":"Mega Millions SUA"},"content":{"rendered":"<h2>Jackpotul Loteriei online Mega Millions<\/h2>\n<p>Jackpotul Mega Millions Lotto se afl\u0103 \u00een Michigan SUA \u0219i se joac\u0103 \u00een 12 state federale din SUA. Av\u00e2nd \u00een vedere c\u0103 extragerile sunt programate \u00een fiecare mar\u021bi \u0219i vineri seara, la ora 20:00, frecven\u021ba de c\u00e2\u0219tig poate fi destul de mare pentru un juc\u0103tor norocos. Un bilet Mega Millions este relativ ieftin, iar cel mai mare jackpot pl\u0103tit vreodat\u0103 a fost de peste 1500 de milioane de dolari.<br \/>\n<img loading=\"lazy\" decoding=\"async\" class=\"alignright size-full wp-image-17546\" src=\"https:\/\/jackpotlotteryonline.com\/wp-content\/uploads\/2022\/10\/logo_Mega_Millions_233x110.png\" alt=\"juca\u021bi mega millions online\" width=\"232\" height=\"110\" \/><\/p>\n<p>Ei bine, dac\u0103 v\u0103 g\u00e2ndi\u021bi s\u0103 juca\u021bi la Mega Millions, \u0219i asta \u00een mod regulat, v\u0103 pute\u021bi imagina timpul \u0219i energia implicate de alergarea la o loterie de dou\u0103 ori pe s\u0103pt\u0103m\u00e2n\u0103. Cel mai bun mod de a elimina complica\u021biile \u0219i de a economisi timp ar fi s\u0103 juca\u021bi online. <a href=\"https:\/\/jackpotlotteryonline.com\/ro\/numere-castigatoare\/mega-millions\">Cump\u0103rarea biletului<\/a> cu numerele preferate \u0219i livrarea acestuia la u\u0219a dumneavoastr\u0103 nu a fost niciodat\u0103 at\u00e2t de u\u0219oar\u0103. Cu ajutorul nostru, Jackpotul Mega Millions Lotto poate fi c\u00e2\u0219tigat online de toat\u0103 lumea din lume!<\/p>\n<h2>Cum s\u0103 juca\u021bi online la Mega Millions<\/h2>\n<p><img loading=\"lazy\" decoding=\"async\" class=\"alignright size-full wp-image-19115\" src=\"https:\/\/jackpotlotteryonline.com\/wp-content\/uploads\/2022\/10\/2_ticket_mega_millions3.jpg\" alt=\"scanare bilet mega millions\" width=\"180\" height=\"193\" \/><\/p>\n<p>Loteria Mega Millions \u00eencepe cu suma de 20 de milioane de dolari \u0219i a intrat \u00een istorie c\u00e2nd a ajuns la 1,5 miliarde de dolari, cel mai mare jackpot la loto din istoria SUA! Juc\u0103torii pot alege cinci numere \u00eentre 1 \u0219i 56 (bila alb\u0103) plus un a\u0219a-numit num\u0103r Mega \u00eentre 1 \u0219i 46 (bila aurie).<\/p>\n<p>Pentru a sparge acest jackpot, trebuie s\u0103 nimere\u0219ti toate cele cinci numere \u0219i num\u0103rul mega corect. Dar chiar dac\u0103 nu reu\u0219i\u021bi s\u0103 sparge\u021bi jackpotul, ave\u021bi o \u0219ans\u0103 bun\u0103 de c\u00e2\u0219tig, deoarece 1 din 40 de bilete este c\u00e2\u0219tig\u0103tor. Oricine ar fi de acord c\u0103 acestea sunt \u0219anse foarte bune de a c\u00e2\u0219tiga la loto.<\/p>\n<p>Premiul cel mare va fi pl\u0103tit \u00een 26 de pl\u0103\u021bi anuale, numit\u0103 \u0219i op\u021biunea de anuitate, sau pute\u021bi opta pentru o decontare integral\u0103 \u00een numerar, unde ve\u021bi primi valoarea actual\u0103 a anuit\u0103\u021bii. <a href=\"https:\/\/jackpotlotteryonline.com\/ro\/numere-castigatoare\/mega-millions\">Extragerile<\/a> au loc, de obicei, \u00een Idaho (Georgia), dar atunci c\u00e2nd jackpotul dep\u0103\u0219e\u0219te pragul de 200 de milioane de dolari, extragerea are loc \u00een Times Square (New York).<\/p>\n<p>Trebuie s\u0103 ave\u021bi cel pu\u021bin 18 ani pentru a juca la aceast\u0103 loterie, dar nu trebuie s\u0103 fi\u021bi cet\u0103\u021bean sau rezident al SUA. Cu ajutorul nostru, pute\u021bi juca din afara SUA, de fapt de oriunde din lume. De fapt, v\u0103 vom ajuta \u0219i s\u0103 primi\u021bi premiul c\u00e2\u0219tigat \u00een siguran\u021b\u0103 \u0219i f\u0103r\u0103 probleme.<\/p>\n<h2>Extra<\/h2>\n<p>\u00cen aproape toate jurisdic\u021biile (42 din 43, cu excep\u021bia Californiei) de la Mega Millions, juc\u0103torii au op\u021biunea de a activa un extra numit Megaplier. Megaplierul dubleaz\u0103 pariul \u00een joc, iar juc\u0103torii pot multiplica premiile non-jackpot cu 2,3 sau 4. Bine\u00een\u021beles, nu este necesar s\u0103 men\u021bion\u0103m aici c\u0103 \u0219ansele scad.<\/p>\n<p>A\u0219adar, cu at\u00e2t de multe \u00een joc, este timpul s\u0103 v\u0103 g\u00e2ndi\u021bi s\u0103 juca\u021bi la Mega Millions, acesta v\u0103 poate face s\u0103 v\u0103 realiza\u021bi visele. \u00censcrie\u021bi-v\u0103 pe site-ul nostru \u0219i \u00eencerca\u021bi s\u0103 juca\u021bi la cea mai mare loterie american\u0103 din toate timpurile.<\/p>\n<section class=\"layout\" style=\"border: solid 1px; width: 100%;\">\n<div class=\"img-div\" style=\"margin-top: 5px;\"><img decoding=\"async\" class=\"wp-image-17212 alignleft\" style=\"height: 45px; margin: 8px 8px 0px;\" src=\"https:\/\/jackpotlotteryonline.com\/wp-content\/uploads\/2022\/11\/read1.jpg\" alt=\"cite\u0219te\" width=\"\" height=\"\" \/><\/div>\n<div style=\"padding-left: 5px;\">\n<div style=\"font-size: 1.1em;\">\n<p><strong>Loteria dumneavoastr\u0103 na\u021bional\u0103 \u00een compara\u021bie interna\u021bional\u0103<\/strong><\/p>\n<p style=\"font-size: 0.85em; margin-top: -1.5em;\">Loteria local\u0103 poate fi cea mai proast\u0103 op\u021biune &#8211; de ce este mai logic s\u0103 pl\u0103ti\u021bi mai mult, dar s\u0103 merge\u021bi la jackpoturi mai mari\u00a0<a href=\"https:\/\/jackpotlotteryonline.com\/ro\/loteria-ta-nationala-in-comparatie-cu-cea-internationala\"> cite\u0219te mai mult<\/a><\/p>\n<\/div>\n<\/div>\n<\/section>\n","protected":false},"excerpt":{"rendered":"<p>Jackpotul Loteriei online Mega Millions Jackpotul Mega Millions Lotto se afl\u0103 \u00een Michigan SUA \u0219i se joac\u0103 \u00een 12 state federale din SUA. Av\u00e2nd \u00een vedere c\u0103 extragerile sunt programate \u00een fiecare mar\u021bi \u0219i vineri seara, la ora 20:00, frecven\u021ba de c\u00e2\u0219tig poate fi destul de mare pentru un juc\u0103tor norocos. Un bilet Mega Millions [&hellip;]<\/p>\n","protected":false},"author":1,"featured_media":0,"parent":35714,"menu_order":2,"comment_status":"closed","ping_status":"closed","template":"megamillion.php","meta":{"_et_pb_use_builder":"","_et_pb_old_content":"","_et_gb_content_width":"","exclude_from_search":false,"footnotes":""},"class_list":["post-35966","page","type-page","status-publish","hentry"],"yoast_head":"<!-- This site is optimized with the Yoast SEO plugin v23.3 - https:\/\/yoast.com\/wordpress\/plugins\/seo\/ -->\n<title>Joac\u0103 la Mega Millions online din afara SUA<\/title>\n<meta name=\"description\" content=\"Jackpotul loto Mega Millions din SUA este mama tuturor loteriilor \u0219i pute\u021bi juca online acum, chiar dac\u0103 locui\u021bi \u00een afara SUA\" \/>\n<meta name=\"robots\" content=\"index, follow, max-snippet:-1, max-image-preview:large, max-video-preview:-1\" \/>\n<link rel=\"canonical\" href=\"https:\/\/jackpotlotteryonline.com\/play-online\/mega-millions\/\" \/>\n<meta property=\"og:locale\" content=\"ro_RO\" \/>\n<meta property=\"og:type\" content=\"article\" \/>\n<meta property=\"og:title\" content=\"Joac\u0103 la Mega Millions online din afara SUA\" \/>\n<meta property=\"og:description\" content=\"Jackpotul loto Mega Millions din SUA este mama tuturor loteriilor \u0219i pute\u021bi juca online acum, chiar dac\u0103 locui\u021bi \u00een afara SUA\" \/>\n<meta property=\"og:url\" content=\"https:\/\/jackpotlotteryonline.com\/play-online\/mega-millions\/\" \/>\n<meta property=\"og:site_name\" content=\"Lotto Online - Crack The International Lottery Jackpots\" \/>\n<meta property=\"article:modified_time\" content=\"2022-12-30T19:27:01+00:00\" \/>\n<meta property=\"og:image\" content=\"https:\/\/jackpotlotteryonline.com\/wp-content\/uploads\/2022\/10\/logo_Mega_Millions_233x110.png\" \/>\n<meta name=\"twitter:card\" content=\"summary_large_image\" \/>\n<meta name=\"twitter:label1\" content=\"Timp estimat pentru citire\" \/>\n\t<meta name=\"twitter:data1\" content=\"3 minute\" \/>\n<!-- \/ Yoast SEO plugin. -->","yoast_head_json":{"title":"Joac\u0103 la Mega Millions online din afara SUA","description":"Jackpotul loto Mega Millions din SUA este mama tuturor loteriilor \u0219i pute\u021bi juca online acum, chiar dac\u0103 locui\u021bi \u00een afara SUA","robots":{"index":"index","follow":"follow","max-snippet":"max-snippet:-1","max-image-preview":"max-image-preview:large","max-video-preview":"max-video-preview:-1"},"canonical":"https:\/\/jackpotlotteryonline.com\/play-online\/mega-millions\/","og_locale":"ro_RO","og_type":"article","og_title":"Joac\u0103 la Mega Millions online din afara SUA","og_description":"Jackpotul loto Mega Millions din SUA este mama tuturor loteriilor \u0219i pute\u021bi juca online acum, chiar dac\u0103 locui\u021bi \u00een afara SUA","og_url":"https:\/\/jackpotlotteryonline.com\/play-online\/mega-millions\/","og_site_name":"Lotto Online - Crack The International Lottery Jackpots","article_modified_time":"2022-12-30T19:27:01+00:00","og_image":[{"url":"https:\/\/jackpotlotteryonline.com\/wp-content\/uploads\/2022\/10\/logo_Mega_Millions_233x110.png"}],"twitter_card":"summary_large_image","twitter_misc":{"Timp estimat pentru citire":"3 minute"},"schema":{"@context":"https:\/\/schema.org","@graph":[{"@type":"WebPage","@id":"https:\/\/jackpotlotteryonline.com\/play-online\/mega-millions\/","url":"https:\/\/jackpotlotteryonline.com\/play-online\/mega-millions\/","name":"Joac\u0103 la Mega Millions online din afara SUA","isPartOf":{"@id":"https:\/\/jackpotlotteryonline.com\/#website"},"primaryImageOfPage":{"@id":"https:\/\/jackpotlotteryonline.com\/play-online\/mega-millions\/#primaryimage"},"image":{"@id":"https:\/\/jackpotlotteryonline.com\/play-online\/mega-millions\/#primaryimage"},"thumbnailUrl":"https:\/\/jackpotlotteryonline.com\/wp-content\/uploads\/2022\/10\/logo_Mega_Millions_233x110.png","datePublished":"2022-11-02T12:31:23+00:00","dateModified":"2022-12-30T19:27:01+00:00","description":"Jackpotul loto Mega Millions din SUA este mama tuturor loteriilor \u0219i pute\u021bi juca online acum, chiar dac\u0103 locui\u021bi \u00een afara SUA","breadcrumb":{"@id":"https:\/\/jackpotlotteryonline.com\/play-online\/mega-millions\/#breadcrumb"},"inLanguage":"ro-RO","potentialAction":[{"@type":"ReadAction","target":["https:\/\/jackpotlotteryonline.com\/play-online\/mega-millions\/"]}]},{"@type":"ImageObject","inLanguage":"ro-RO","@id":"https:\/\/jackpotlotteryonline.com\/play-online\/mega-millions\/#primaryimage","url":"https:\/\/jackpotlotteryonline.com\/wp-content\/uploads\/2022\/10\/logo_Mega_Millions_233x110.png","contentUrl":"https:\/\/jackpotlotteryonline.com\/wp-content\/uploads\/2022\/10\/logo_Mega_Millions_233x110.png"},{"@type":"BreadcrumbList","@id":"https:\/\/jackpotlotteryonline.com\/play-online\/mega-millions\/#breadcrumb","itemListElement":[{"@type":"ListItem","position":1,"name":"Home","item":"https:\/\/jackpotlotteryonline.com\/ro\/"},{"@type":"ListItem","position":2,"name":"Cum se joac\u0103","item":"https:\/\/jackpotlotteryonline.com\/ro\/cum-se-joaca\/"},{"@type":"ListItem","position":3,"name":"Mega Millions SUA"}]},{"@type":"WebSite","@id":"https:\/\/jackpotlotteryonline.com\/#website","url":"https:\/\/jackpotlotteryonline.com\/","name":"Lotto Online - Crack The International Lottery Jackpots","description":"","potentialAction":[{"@type":"SearchAction","target":{"@type":"EntryPoint","urlTemplate":"https:\/\/jackpotlotteryonline.com\/?s={search_term_string}"},"query-input":"required name=search_term_string"}],"inLanguage":"ro-RO"}]}},"_links":{"self":[{"href":"https:\/\/jackpotlotteryonline.com\/ro\/wp-json\/wp\/v2\/pages\/35966","targetHints":{"allow":["GET"]}}],"collection":[{"href":"https:\/\/jackpotlotteryonline.com\/ro\/wp-json\/wp\/v2\/pages"}],"about":[{"href":"https:\/\/jackpotlotteryonline.com\/ro\/wp-json\/wp\/v2\/types\/page"}],"author":[{"embeddable":true,"href":"https:\/\/jackpotlotteryonline.com\/ro\/wp-json\/wp\/v2\/users\/1"}],"replies":[{"embeddable":true,"href":"https:\/\/jackpotlotteryonline.com\/ro\/wp-json\/wp\/v2\/comments?post=35966"}],"version-history":[{"count":0,"href":"https:\/\/jackpotlotteryonline.com\/ro\/wp-json\/wp\/v2\/pages\/35966\/revisions"}],"up":[{"embeddable":true,"href":"https:\/\/jackpotlotteryonline.com\/ro\/wp-json\/wp\/v2\/pages\/35714"}],"wp:attachment":[{"href":"https:\/\/jackpotlotteryonline.com\/ro\/wp-json\/wp\/v2\/media?parent=35966"}],"curies":[{"name":"wp","href":"https:\/\/api.w.org\/{rel}","templated":true}]}}