{"id":36034,"date":"2022-11-03T08:29:54","date_gmt":"2022-11-03T08:29:54","guid":{"rendered":"https:\/\/jackpotlotteryonline.com\/?page_id=36034"},"modified":"2022-12-30T20:18:25","modified_gmt":"2022-12-30T20:18:25","slug":"euromillions","status":"publish","type":"page","link":"https:\/\/jackpotlotteryonline.com\/ro\/cum-se-joaca\/euromillions\/","title":{"rendered":"Joac\u0103 la Euro Millions"},"content":{"rendered":"<h2>Ob\u021bine\u021bi un bilet pentru Euromillions online<\/h2>\n<p><img loading=\"lazy\" decoding=\"async\" class=\"alignright wp-image-18926\" src=\"https:\/\/jackpotlotteryonline.com\/wp-content\/uploads\/2022\/10\/2_ticket_euromillions3-111x300.jpg\" alt=\"bilet euromillions\" width=\"83\" height=\"224\" srcset=\"https:\/\/jackpotlotteryonline.com\/wp-content\/uploads\/2022\/10\/2_ticket_euromillions3-111x300.jpg 111w, https:\/\/jackpotlotteryonline.com\/wp-content\/uploads\/2022\/10\/2_ticket_euromillions3.jpg 180w\" sizes=\"auto, (max-width: 83px) 100vw, 83px\" \/><\/p>\n<p>Euromillions este o loterie care se desf\u0103\u0219oar\u0103 \u00een mai multe \u021b\u0103ri europene precum Fran\u021ba, Marea Britanie, Spania, Irlanda, Belgia, Luxemburg \u0219i Elve\u021bia. Jackpotul loteriei Euromillions online \u00eencepe cu o sum\u0103 de 15 milioane de euro, iar jackpotul record se ridic\u0103 la 190 de milioane de euro.<\/p>\n<p>Pentru a juca la loteria Euromillions jackpot trebuie s\u0103 ave\u021bi cel pu\u021bin 18 ani, dar pute\u021bi juca din orice \u021bar\u0103 din lume, folosind serviciul pe care \u00eel oferim pe acest site. Ceea ce oferim este destul de unic \u00een sensul c\u0103 ofer\u0103 tuturor celor din \u00eentreaga lume, inclusiv \u021b\u0103rilor precum Germania, Olanda, Italia \u0219i chiar \u0219i din afara Europei, \u0219i nu numai, posibilitatea de a juca \u0219i de a c\u00e2\u0219tiga jackpotul online. Prin furnizarea unei op\u021biuni de alegere norocoas\u0103, este mai u\u0219or s\u0103 selecta\u021bi numere aleatorii \u00een loc s\u0103 pune\u021bi presiune pe propriile celule cenu\u0219ii.<\/p>\n<h2>Cum s\u0103 v\u0103 cump\u0103ra\u021bi biletul pentru jackpotul Euromillions din afara Europei<\/h2>\n<p><a href=\"https:\/\/jackpotlotteryonline.com\/ro\/cumpara-bilete\/euromillions\">Cump\u0103rarea biletelor pentru jackpotul loteriei online Euromillions<\/a> poate fi f\u0103cut\u0103 mai pu\u021bin plictisitoare prin intermediul nostru. Dup\u0103 ce v\u0103 \u00eenregistra\u021bi pe site-ul nostru \u0219i sunte\u021bi verificat, va trebui doar s\u0103 selecta\u021bi loteria \u0219i s\u0103 efectua\u021bi plata necesar\u0103. Odat\u0103 ce a\u021bi f\u0103cut acest lucru, un bilet de loterie este cump\u0103rat \u00een numele dvs. \u0219i o scanare este \u00eenc\u0103rcat\u0103 \u00een contul dvs., dup\u0103 ce a\u021bi pl\u0103tit prin intermediul mijloacelor de plat\u0103 selectate.<\/p>\n<p>\u00cen plus, dac\u0103 sunte\u021bi interesat s\u0103 continua\u021bi s\u0103 juca\u021bi la Euromillions online jackpot pentru o perioad\u0103 de timp, pute\u021bi selecta numerele sau le pute\u021bi randomiza \u0219i pute\u021bi participa la mai multe extrageri, dar va trebui s\u0103 pl\u0103ti\u021bi doar o dat\u0103 la c\u00e2teva s\u0103pt\u0103m\u00e2ni.<\/p>\n<h2>Cum func\u021bioneaz\u0103 jackpotul online al loteriei Euromillions<\/h2>\n<p><img loading=\"lazy\" decoding=\"async\" class=\"alignright wp-image-17411\" src=\"https:\/\/jackpotlotteryonline.com\/wp-content\/uploads\/2022\/10\/euromillions.png\" alt=\"uca euromillions online\" width=\"143\" height=\"152\" \/><\/p>\n<p>Trebuie s\u0103 alegi cinci numere \u00eentre 1 \u0219i 50 plus 2 numere Lucky Star suplimentare (\u00eentre 1 \u0219i 9) pentru a c\u00e2\u0219tiga jackpotul. <a href=\"https:\/\/jackpotlotteryonline.com\/ro\/numere-castigatoare\/euromillions\">Extragerea jackpotului Euromillions<\/a> are loc \u00een fiecare vineri seara \u0219i, \u00een afar\u0103 de jackpot, exist\u0103 11 niveluri de premii. \u0218ansele de a c\u00e2\u0219tiga cel pu\u021bin un premiu sunt de 1 la 24.<\/p>\n<h2>Verificarea rezultatelor<\/h2>\n<p>Pute\u021bi verifica rezultatele online \u00een orice moment dup\u0103 ce extragerea s-a \u00eencheiat. De fapt, pute\u021bi folosi iPad-ul, iPhone-ul sau orice alt dispozitiv de acest fel pentru a fi la curent cu toate acestea. Odat\u0103 ce sunte\u021bi norocos s\u0103 c\u00e2\u0219tiga\u021bi un premiu sau jackpotul online al loteriei Euromillions, v\u0103 vom ajuta, de asemenea, s\u0103 revendica\u021bi premiul \u0219i ne vom asigura c\u0103 acesta v\u0103 este livrat.<\/p>\n<section class=\"layout\" style=\"border: solid 1px; width: 100%;\">\n<div class=\"img-div\" style=\"margin-top: 5px;\"><img decoding=\"async\" class=\"wp-image-17212 alignleft\" style=\"height: 45px; margin: 8px 8px 0px;\" src=\"https:\/\/jackpotlotteryonline.com\/wp-content\/uploads\/2022\/11\/read1.jpg\" alt=\"cite\u0219te\" width=\"\" height=\"\" \/><\/div>\n<div style=\"padding-left: 5px;\">\n<div style=\"font-size: 1.1em;\">\n<p><strong>Loteriile care au cele mai mari \u0219anse ca tu s\u0103 c\u00e2\u0219tigi mult<\/strong><\/p>\n<p style=\"font-size: 0.85em; margin-top: -1.5em;\">Care loterie are cele mai bune \u0219anse de c\u00e2\u0219tig?\u00a0 <a href=\"https:\/\/jackpotlotteryonline.com\/ro\/care-loterie-are-cele-mai-bune-sanse-de-castig\"> cite\u0219te mai mult<\/a><\/p>\n<\/div>\n<\/div>\n<\/section>\n<h2>Premiul cel mare la loteria Euromillions online<\/h2>\n<p>Jackpotul Euromillions a fost lansat ini\u021bial pe 7 februarie 2004 \u0219i a avut prima extragere la Paris pe 13 februarie 2004. Cel mai notabil c\u00e2\u0219tig de jackpot a fost la una dintre extragerile recente (12 iulie 2011), iar suma de 185.000.000 \u20ac a fost \u00eencasat\u0103 de Colin \u0219i Chris Weir din Glasgow (Marea Britanie).<\/p>\n<p>Jackpotul online al Loteriei Euromillions nu a fost lipsit de scandaluri &#8211; \u00een special cel din Belgia, \u00een 2009. Totu\u0219i, acestea au fost lipsite de orice ra\u021biune de subzisten\u021b\u0103 \u0219i au fost de atunci \u00een\u0103bu\u0219ite. A\u0219adar, este timpul s\u0103 v\u0103 \u00eencerca\u021bi norocul la una dintre cele mai mari oferte monetare din toate timpurile.<\/p>\n","protected":false},"excerpt":{"rendered":"<p>Ob\u021bine\u021bi un bilet pentru Euromillions online Euromillions este o loterie care se desf\u0103\u0219oar\u0103 \u00een mai multe \u021b\u0103ri europene precum Fran\u021ba, Marea Britanie, Spania, Irlanda, Belgia, Luxemburg \u0219i Elve\u021bia. Jackpotul loteriei Euromillions online \u00eencepe cu o sum\u0103 de 15 milioane de euro, iar jackpotul record se ridic\u0103 la 190 de milioane de euro. Pentru a juca [&hellip;]<\/p>\n","protected":false},"author":1,"featured_media":0,"parent":35714,"menu_order":3,"comment_status":"closed","ping_status":"closed","template":"euromillions.php","meta":{"_et_pb_use_builder":"","_et_pb_old_content":"","_et_gb_content_width":"","exclude_from_search":false,"footnotes":""},"class_list":["post-36034","page","type-page","status-publish","hentry"],"yoast_head":"<!-- This site is optimized with the Yoast SEO plugin v23.3 - https:\/\/yoast.com\/wordpress\/plugins\/seo\/ -->\n<title>Joac\u0103 Euromillions online de oriunde, chiar \u0219i din afara Europei<\/title>\n<meta name=\"description\" content=\"Loteria Euromillions este una dintre cele mai c\u0103utate loterii. Pute\u021bi juca acum cu un bilet online, chiar dac\u0103 v\u0103 afla\u021bi \u00een afara Europei\" \/>\n<meta name=\"robots\" content=\"index, follow, max-snippet:-1, max-image-preview:large, max-video-preview:-1\" \/>\n<link rel=\"canonical\" href=\"https:\/\/jackpotlotteryonline.com\/play-online\/euromillions\/\" \/>\n<meta property=\"og:locale\" content=\"ro_RO\" \/>\n<meta property=\"og:type\" content=\"article\" \/>\n<meta property=\"og:title\" content=\"Joac\u0103 Euromillions online de oriunde, chiar \u0219i din afara Europei\" \/>\n<meta property=\"og:description\" content=\"Loteria Euromillions este una dintre cele mai c\u0103utate loterii. Pute\u021bi juca acum cu un bilet online, chiar dac\u0103 v\u0103 afla\u021bi \u00een afara Europei\" \/>\n<meta property=\"og:url\" content=\"https:\/\/jackpotlotteryonline.com\/play-online\/euromillions\/\" \/>\n<meta property=\"og:site_name\" content=\"Lotto Online - Crack The International Lottery Jackpots\" \/>\n<meta property=\"article:modified_time\" content=\"2022-12-30T20:18:25+00:00\" \/>\n<meta property=\"og:image\" content=\"https:\/\/jackpotlotteryonline.com\/wp-content\/uploads\/2022\/10\/2_ticket_euromillions3-111x300.jpg\" \/>\n<meta name=\"twitter:card\" content=\"summary_large_image\" \/>\n<meta name=\"twitter:label1\" content=\"Timp estimat pentru citire\" \/>\n\t<meta name=\"twitter:data1\" content=\"3 minute\" \/>\n<!-- \/ Yoast SEO plugin. -->","yoast_head_json":{"title":"Joac\u0103 Euromillions online de oriunde, chiar \u0219i din afara Europei","description":"Loteria Euromillions este una dintre cele mai c\u0103utate loterii. Pute\u021bi juca acum cu un bilet online, chiar dac\u0103 v\u0103 afla\u021bi \u00een afara Europei","robots":{"index":"index","follow":"follow","max-snippet":"max-snippet:-1","max-image-preview":"max-image-preview:large","max-video-preview":"max-video-preview:-1"},"canonical":"https:\/\/jackpotlotteryonline.com\/play-online\/euromillions\/","og_locale":"ro_RO","og_type":"article","og_title":"Joac\u0103 Euromillions online de oriunde, chiar \u0219i din afara Europei","og_description":"Loteria Euromillions este una dintre cele mai c\u0103utate loterii. Pute\u021bi juca acum cu un bilet online, chiar dac\u0103 v\u0103 afla\u021bi \u00een afara Europei","og_url":"https:\/\/jackpotlotteryonline.com\/play-online\/euromillions\/","og_site_name":"Lotto Online - Crack The International Lottery Jackpots","article_modified_time":"2022-12-30T20:18:25+00:00","og_image":[{"url":"https:\/\/jackpotlotteryonline.com\/wp-content\/uploads\/2022\/10\/2_ticket_euromillions3-111x300.jpg"}],"twitter_card":"summary_large_image","twitter_misc":{"Timp estimat pentru citire":"3 minute"},"schema":{"@context":"https:\/\/schema.org","@graph":[{"@type":"WebPage","@id":"https:\/\/jackpotlotteryonline.com\/play-online\/euromillions\/","url":"https:\/\/jackpotlotteryonline.com\/play-online\/euromillions\/","name":"Joac\u0103 Euromillions online de oriunde, chiar \u0219i din afara Europei","isPartOf":{"@id":"https:\/\/jackpotlotteryonline.com\/#website"},"primaryImageOfPage":{"@id":"https:\/\/jackpotlotteryonline.com\/play-online\/euromillions\/#primaryimage"},"image":{"@id":"https:\/\/jackpotlotteryonline.com\/play-online\/euromillions\/#primaryimage"},"thumbnailUrl":"https:\/\/jackpotlotteryonline.com\/wp-content\/uploads\/2022\/10\/2_ticket_euromillions3-111x300.jpg","datePublished":"2022-11-03T08:29:54+00:00","dateModified":"2022-12-30T20:18:25+00:00","description":"Loteria Euromillions este una dintre cele mai c\u0103utate loterii. Pute\u021bi juca acum cu un bilet online, chiar dac\u0103 v\u0103 afla\u021bi \u00een afara Europei","breadcrumb":{"@id":"https:\/\/jackpotlotteryonline.com\/play-online\/euromillions\/#breadcrumb"},"inLanguage":"ro-RO","potentialAction":[{"@type":"ReadAction","target":["https:\/\/jackpotlotteryonline.com\/play-online\/euromillions\/"]}]},{"@type":"ImageObject","inLanguage":"ro-RO","@id":"https:\/\/jackpotlotteryonline.com\/play-online\/euromillions\/#primaryimage","url":"https:\/\/jackpotlotteryonline.com\/wp-content\/uploads\/2022\/10\/2_ticket_euromillions3-111x300.jpg","contentUrl":"https:\/\/jackpotlotteryonline.com\/wp-content\/uploads\/2022\/10\/2_ticket_euromillions3-111x300.jpg"},{"@type":"BreadcrumbList","@id":"https:\/\/jackpotlotteryonline.com\/play-online\/euromillions\/#breadcrumb","itemListElement":[{"@type":"ListItem","position":1,"name":"Home","item":"https:\/\/jackpotlotteryonline.com\/ro\/"},{"@type":"ListItem","position":2,"name":"Cum se joac\u0103","item":"https:\/\/jackpotlotteryonline.com\/ro\/cum-se-joaca\/"},{"@type":"ListItem","position":3,"name":"Joac\u0103 la Euro Millions"}]},{"@type":"WebSite","@id":"https:\/\/jackpotlotteryonline.com\/#website","url":"https:\/\/jackpotlotteryonline.com\/","name":"Lotto Online - Crack The International Lottery Jackpots","description":"","potentialAction":[{"@type":"SearchAction","target":{"@type":"EntryPoint","urlTemplate":"https:\/\/jackpotlotteryonline.com\/?s={search_term_string}"},"query-input":"required name=search_term_string"}],"inLanguage":"ro-RO"}]}},"_links":{"self":[{"href":"https:\/\/jackpotlotteryonline.com\/ro\/wp-json\/wp\/v2\/pages\/36034","targetHints":{"allow":["GET"]}}],"collection":[{"href":"https:\/\/jackpotlotteryonline.com\/ro\/wp-json\/wp\/v2\/pages"}],"about":[{"href":"https:\/\/jackpotlotteryonline.com\/ro\/wp-json\/wp\/v2\/types\/page"}],"author":[{"embeddable":true,"href":"https:\/\/jackpotlotteryonline.com\/ro\/wp-json\/wp\/v2\/users\/1"}],"replies":[{"embeddable":true,"href":"https:\/\/jackpotlotteryonline.com\/ro\/wp-json\/wp\/v2\/comments?post=36034"}],"version-history":[{"count":0,"href":"https:\/\/jackpotlotteryonline.com\/ro\/wp-json\/wp\/v2\/pages\/36034\/revisions"}],"up":[{"embeddable":true,"href":"https:\/\/jackpotlotteryonline.com\/ro\/wp-json\/wp\/v2\/pages\/35714"}],"wp:attachment":[{"href":"https:\/\/jackpotlotteryonline.com\/ro\/wp-json\/wp\/v2\/media?parent=36034"}],"curies":[{"name":"wp","href":"https:\/\/api.w.org\/{rel}","templated":true}]}}