{"id":36087,"date":"2022-11-03T10:02:44","date_gmt":"2022-11-03T10:02:44","guid":{"rendered":"https:\/\/jackpotlotteryonline.com\/?page_id=36087"},"modified":"2022-12-30T21:05:55","modified_gmt":"2022-12-30T21:05:55","slug":"eurojackpot","status":"publish","type":"page","link":"https:\/\/jackpotlotteryonline.com\/ro\/cum-se-joaca\/eurojackpot\/","title":{"rendered":"EuroJackpot"},"content":{"rendered":"<h2>Cum s\u0103 participa\u021bi la Eurojackpot din orice \u021bar\u0103<\/h2>\n<p><strong>Eurojackpot<\/strong>, al\u0103turi de Euromillions, este una dintre cele mai mari \u0219i mai populare loterii din \u00eentreaga Europ\u0103 \u0219i este jucat\u0103 de milioane de oameni din \u00eentreaga lume \u00een fiecare s\u0103pt\u0103m\u00e2n\u0103. Eurojackpot a fost creat pentru prima dat\u0103 \u00een 1994, \u00eens\u0103, cu mai multe modific\u0103ri ale regulilor \u0219i formatului, a fost am\u00e2nat c\u00e2\u021biva ani p\u00e2n\u0103 c\u00e2nd a fost \u00een sf\u00e2r\u0219it lansat \u0219i gata de joc \u00een Europa \u00een anul 2004.<br \/>\n<img loading=\"lazy\" decoding=\"async\" class=\"alignright wp-image-18574\" src=\"https:\/\/jackpotlotteryonline.com\/wp-content\/uploads\/2022\/10\/1_online_ticket_eurojackpot2.jpg\" alt=\"juca\u021bi eurojackpot online\" width=\"260\" height=\"173\" \/><\/p>\n<p>\u00cenc\u0103 de la prima extragere din 2004, milioane de oameni au jucat la acest uimitor joc de noroc \u0219i au existat mul\u021bi c\u00e2\u0219tig\u0103tori de jackpot, unii dintre ei fiind suficient de noroco\u0219i pentru a lua premii jackpot de peste 180 de milioane de euro!<\/p>\n<p>Cu un premiu jackpot standard de 15 milioane de euro, care \u00ee\u021bi schimb\u0103 via\u021ba, nu este de mirare c\u0103 EuroJackpot este jucat online de milioane de oameni \u00een fiecare s\u0103pt\u0103m\u00e2n\u0103. Regulile sunt foarte simple &#8211; pentru a juca \u0219i a c\u00e2\u0219tiga jackpotul, trebuie s\u0103 alege\u021bi corect 5 numere, dintr-un interval cuprins \u00eentre 1 \u0219i 50, pe l\u00e2ng\u0103 potrivirea corect\u0103 a \u00eenc\u0103 2 numere numite &#8220;stelele norocoase&#8221; \u00eentre 1 \u0219i 11.<\/p>\n<p><a href=\"https:\/\/jackpotlotteryonline.com\/pt-pt\/comprar-tickets\/eurojackpot\">Ia-\u021bi acum biletul online<\/a> prin intermediul serviciului nostru &#8211; oricine poate participa \u0219i c\u00e2\u0219tiga!<\/p>\n<section class=\"layout\" style=\"border: solid 1px; width: 100%;\">\n<div class=\"img-div\" style=\"margin-top: 5px;\"><img decoding=\"async\" class=\"wp-image-17212 alignleft\" style=\"height: 45px; margin: 8px 8px 0px;\" src=\"https:\/\/jackpotlotteryonline.com\/wp-content\/uploads\/2022\/11\/read1.jpg\" alt=\"cite\u0219te\" width=\"\" height=\"\" \/><\/div>\n<div style=\"padding-left: 5px;\">\n<div style=\"font-size: 1.1em;\">\n<p><strong>Care loterie interna\u021bional\u0103 este cea mai bun\u0103?<\/strong><\/p>\n<p style=\"font-size: 0.85em; margin-top: -1.5em;\">Care dintre Loteriile Interna\u021bionale au cele mai bune \u0219anse de c\u00e2\u0219tig\u00a0 <a href=\"https:\/\/jackpotlotteryonline.com\/ro\/care-loterie-internationala-este-cel-mai-bun\">cite\u0219te mai mult<\/a><\/p>\n<\/div>\n<\/div>\n<\/section>\n<h2>Cump\u0103ra\u021bi un bilet pentru EuroJackpot online<\/h2>\n<p><strong>Ceea ce este grozav la jocul EuroJackpot online<\/strong> este faptul c\u0103 exist\u0103 multe premii de c\u00e2\u0219tigat, a\u0219a c\u0103 dac\u0103 nu sunte\u021bi c\u00e2\u0219tig\u0103torul jackpot-ului, nu v\u0103 face\u021bi griji, deoarece este foarte posibil s\u0103 ave\u021bi \u00een continuare \u0219ansa de a c\u00e2\u0219tiga premii mari \u00een bani. Pe l\u00e2ng\u0103 marele premiu jackpot pe care \u00eel pute\u021bi c\u00e2\u0219tiga atunci c\u00e2nd cump\u0103ra\u021bi un bilet la EuroJackpot online, exist\u0103 13 premii diferite pe care le pute\u021bi c\u00e2\u0219tiga.<br \/>\n<img loading=\"lazy\" decoding=\"async\" class=\"alignright size-medium wp-image-18736\" src=\"https:\/\/jackpotlotteryonline.com\/wp-content\/uploads\/2022\/10\/2_ticket_eurojackpot-141x300.jpg\" alt=\"bilet eurojackpot\" width=\"141\" height=\"300\" srcset=\"https:\/\/jackpotlotteryonline.com\/wp-content\/uploads\/2022\/10\/2_ticket_eurojackpot-141x300.jpg 141w, https:\/\/jackpotlotteryonline.com\/wp-content\/uploads\/2022\/10\/2_ticket_eurojackpot.jpg 150w\" sizes=\"auto, (max-width: 141px) 100vw, 141px\" \/><\/p>\n<p>Dac\u0103 nu exist\u0103 niciun c\u00e2\u0219tig\u0103tor al marelui premiu jackpot, Eurojackpotul se reporteaz\u0103 la o alt\u0103 s\u0103pt\u0103m\u00e2n\u0103. Acesta este motivul pentru care \u00een trecut au existat jackpoturi uria\u0219e de 100 de milioane de euro sau mai mult. Loteria este jucat\u0103 de obicei de c\u0103tre reziden\u021bii din \u021b\u0103rile europene, astfel c\u0103 \u00een fiecare s\u0103pt\u0103m\u00e2n\u0103 participan\u021bii din loca\u021bii precum Marea Britanie, Fran\u021ba, Germania \u0219i Elve\u021bia vor cump\u0103ra bilete pentru EuroJackpot online.<\/p>\n<p>Cump\u0103rarea unui bilet de loterie online devine rapid cel mai popular mod de a juca la loteria Eurojackpot. Regulile sunt acelea\u0219i, \u00eens\u0103 \u00eentregul proces de joc este mult mai rapid \u0219i mai u\u0219or \u00een ceea ce prive\u0219te cump\u0103rarea biletului. De exemplu, \u00een loc s\u0103 merge\u021bi la magazinul local pentru a cump\u0103ra un bilet fizic, pute\u021bi pur \u0219i simplu s\u0103 v\u0103 conecta\u021bi la site-ul de joc \u0219i s\u0103 v\u0103 selecta\u021bi numerele din confortul propriei case sau chiar de la birou \u00een c\u00e2teva secunde.<\/p>\n<p>Dup\u0103 ce v-a\u021bi selectat numerele norocoase, sau chiar mai multe seturi de numere, dac\u0103 dori\u021bi cu adev\u0103rat s\u0103 v\u0103 m\u0103ri\u021bi \u0219ansele de c\u00e2\u0219tig, pute\u021bi pl\u0103ti biletul online, \u00een condi\u021bii de siguran\u021b\u0103 \u0219i securitate. Dup\u0103 fiecare <a href=\"https:\/\/jackpotlotteryonline.com\/pt-pt\/numeros-vencedores\/euromillions\">extragere a loteriei Eurojackpot,<\/a> rezultatele vor fi actualizate online la un moment dup\u0103 ce ultimul num\u0103r este dezv\u0103luit \u00een fiecare s\u0103pt\u0103m\u00e2n\u0103. Acest lucru \u00eenseamn\u0103 c\u0103 pute\u021bi pur \u0219i simplu s\u0103 v\u0103 conecta\u021bi din nou la contul dvs. \u0219i s\u0103 vede\u021bi numerele c\u00e2\u0219tig\u0103toare \u00een c\u00e2teva secunde, elimin\u00e2nd necesitatea de a c\u0103uta rezultatele \u00een ziare.<\/p>\n<p>Mai mult, atunci c\u00e2nd juca\u021bi EuroJackpot online cu noi, ve\u021bi primi \u0219i un e-mail automat dac\u0103 a\u021bi nimerit vreun num\u0103r.<\/p>\n","protected":false},"excerpt":{"rendered":"<p>Cum s\u0103 participa\u021bi la Eurojackpot din orice \u021bar\u0103 Eurojackpot, al\u0103turi de Euromillions, este una dintre cele mai mari \u0219i mai populare loterii din \u00eentreaga Europ\u0103 \u0219i este jucat\u0103 de milioane de oameni din \u00eentreaga lume \u00een fiecare s\u0103pt\u0103m\u00e2n\u0103. Eurojackpot a fost creat pentru prima dat\u0103 \u00een 1994, \u00eens\u0103, cu mai multe modific\u0103ri ale regulilor \u0219i [&hellip;]<\/p>\n","protected":false},"author":1,"featured_media":0,"parent":35714,"menu_order":4,"comment_status":"closed","ping_status":"closed","template":"eurojackpot.php","meta":{"_et_pb_use_builder":"","_et_pb_old_content":"","_et_gb_content_width":"","exclude_from_search":false,"footnotes":""},"class_list":["post-36087","page","type-page","status-publish","hentry"],"yoast_head":"<!-- This site is optimized with the Yoast SEO plugin v23.3 - https:\/\/yoast.com\/wordpress\/plugins\/seo\/ -->\n<title>Joac\u0103 Eurojackpot online, chiar \u0219i din afara Europei<\/title>\n<meta name=\"description\" content=\"Juc\u00e2nd Eurojackpot Online te aduce mai aproape de a deveni milionar!\" \/>\n<meta name=\"robots\" content=\"index, follow, max-snippet:-1, max-image-preview:large, max-video-preview:-1\" \/>\n<link rel=\"canonical\" href=\"https:\/\/jackpotlotteryonline.com\/play-online\/eurojackpot\/\" \/>\n<meta property=\"og:locale\" content=\"ro_RO\" \/>\n<meta property=\"og:type\" content=\"article\" \/>\n<meta property=\"og:title\" content=\"Joac\u0103 Eurojackpot online, chiar \u0219i din afara Europei\" \/>\n<meta property=\"og:description\" content=\"Juc\u00e2nd Eurojackpot Online te aduce mai aproape de a deveni milionar!\" \/>\n<meta property=\"og:url\" content=\"https:\/\/jackpotlotteryonline.com\/play-online\/eurojackpot\/\" \/>\n<meta property=\"og:site_name\" content=\"Lotto Online - Crack The International Lottery Jackpots\" \/>\n<meta property=\"article:modified_time\" content=\"2022-12-30T21:05:55+00:00\" \/>\n<meta property=\"og:image\" content=\"https:\/\/jackpotlotteryonline.com\/wp-content\/uploads\/2022\/10\/1_online_ticket_eurojackpot2.jpg\" \/>\n<meta name=\"twitter:card\" content=\"summary_large_image\" \/>\n<meta name=\"twitter:label1\" content=\"Timp estimat pentru citire\" \/>\n\t<meta name=\"twitter:data1\" content=\"3 minute\" \/>\n<!-- \/ Yoast SEO plugin. -->","yoast_head_json":{"title":"Joac\u0103 Eurojackpot online, chiar \u0219i din afara Europei","description":"Juc\u00e2nd Eurojackpot Online te aduce mai aproape de a deveni milionar!","robots":{"index":"index","follow":"follow","max-snippet":"max-snippet:-1","max-image-preview":"max-image-preview:large","max-video-preview":"max-video-preview:-1"},"canonical":"https:\/\/jackpotlotteryonline.com\/play-online\/eurojackpot\/","og_locale":"ro_RO","og_type":"article","og_title":"Joac\u0103 Eurojackpot online, chiar \u0219i din afara Europei","og_description":"Juc\u00e2nd Eurojackpot Online te aduce mai aproape de a deveni milionar!","og_url":"https:\/\/jackpotlotteryonline.com\/play-online\/eurojackpot\/","og_site_name":"Lotto Online - Crack The International Lottery Jackpots","article_modified_time":"2022-12-30T21:05:55+00:00","og_image":[{"url":"https:\/\/jackpotlotteryonline.com\/wp-content\/uploads\/2022\/10\/1_online_ticket_eurojackpot2.jpg"}],"twitter_card":"summary_large_image","twitter_misc":{"Timp estimat pentru citire":"3 minute"},"schema":{"@context":"https:\/\/schema.org","@graph":[{"@type":"WebPage","@id":"https:\/\/jackpotlotteryonline.com\/play-online\/eurojackpot\/","url":"https:\/\/jackpotlotteryonline.com\/play-online\/eurojackpot\/","name":"Joac\u0103 Eurojackpot online, chiar \u0219i din afara Europei","isPartOf":{"@id":"https:\/\/jackpotlotteryonline.com\/#website"},"primaryImageOfPage":{"@id":"https:\/\/jackpotlotteryonline.com\/play-online\/eurojackpot\/#primaryimage"},"image":{"@id":"https:\/\/jackpotlotteryonline.com\/play-online\/eurojackpot\/#primaryimage"},"thumbnailUrl":"https:\/\/jackpotlotteryonline.com\/wp-content\/uploads\/2022\/10\/1_online_ticket_eurojackpot2.jpg","datePublished":"2022-11-03T10:02:44+00:00","dateModified":"2022-12-30T21:05:55+00:00","description":"Juc\u00e2nd Eurojackpot Online te aduce mai aproape de a deveni milionar!","breadcrumb":{"@id":"https:\/\/jackpotlotteryonline.com\/play-online\/eurojackpot\/#breadcrumb"},"inLanguage":"ro-RO","potentialAction":[{"@type":"ReadAction","target":["https:\/\/jackpotlotteryonline.com\/play-online\/eurojackpot\/"]}]},{"@type":"ImageObject","inLanguage":"ro-RO","@id":"https:\/\/jackpotlotteryonline.com\/play-online\/eurojackpot\/#primaryimage","url":"https:\/\/jackpotlotteryonline.com\/wp-content\/uploads\/2022\/10\/1_online_ticket_eurojackpot2.jpg","contentUrl":"https:\/\/jackpotlotteryonline.com\/wp-content\/uploads\/2022\/10\/1_online_ticket_eurojackpot2.jpg"},{"@type":"BreadcrumbList","@id":"https:\/\/jackpotlotteryonline.com\/play-online\/eurojackpot\/#breadcrumb","itemListElement":[{"@type":"ListItem","position":1,"name":"Home","item":"https:\/\/jackpotlotteryonline.com\/ro\/"},{"@type":"ListItem","position":2,"name":"Cum se joac\u0103","item":"https:\/\/jackpotlotteryonline.com\/ro\/cum-se-joaca\/"},{"@type":"ListItem","position":3,"name":"EuroJackpot"}]},{"@type":"WebSite","@id":"https:\/\/jackpotlotteryonline.com\/#website","url":"https:\/\/jackpotlotteryonline.com\/","name":"Lotto Online - Crack The International Lottery Jackpots","description":"","potentialAction":[{"@type":"SearchAction","target":{"@type":"EntryPoint","urlTemplate":"https:\/\/jackpotlotteryonline.com\/?s={search_term_string}"},"query-input":"required name=search_term_string"}],"inLanguage":"ro-RO"}]}},"_links":{"self":[{"href":"https:\/\/jackpotlotteryonline.com\/ro\/wp-json\/wp\/v2\/pages\/36087","targetHints":{"allow":["GET"]}}],"collection":[{"href":"https:\/\/jackpotlotteryonline.com\/ro\/wp-json\/wp\/v2\/pages"}],"about":[{"href":"https:\/\/jackpotlotteryonline.com\/ro\/wp-json\/wp\/v2\/types\/page"}],"author":[{"embeddable":true,"href":"https:\/\/jackpotlotteryonline.com\/ro\/wp-json\/wp\/v2\/users\/1"}],"replies":[{"embeddable":true,"href":"https:\/\/jackpotlotteryonline.com\/ro\/wp-json\/wp\/v2\/comments?post=36087"}],"version-history":[{"count":0,"href":"https:\/\/jackpotlotteryonline.com\/ro\/wp-json\/wp\/v2\/pages\/36087\/revisions"}],"up":[{"embeddable":true,"href":"https:\/\/jackpotlotteryonline.com\/ro\/wp-json\/wp\/v2\/pages\/35714"}],"wp:attachment":[{"href":"https:\/\/jackpotlotteryonline.com\/ro\/wp-json\/wp\/v2\/media?parent=36087"}],"curies":[{"name":"wp","href":"https:\/\/api.w.org\/{rel}","templated":true}]}}