{"id":36139,"date":"2022-11-03T13:34:38","date_gmt":"2022-11-03T13:34:38","guid":{"rendered":"https:\/\/jackpotlotteryonline.com\/?page_id=36139"},"modified":"2022-12-31T07:39:06","modified_gmt":"2022-12-31T07:39:06","slug":"superenalotto","status":"publish","type":"page","link":"https:\/\/jackpotlotteryonline.com\/ro\/cum-se-joaca\/superenalotto\/","title":{"rendered":"SuperEnaLotto Italia"},"content":{"rendered":"<h2>Superenalotto Italia<\/h2>\n<p>Aceasta este loteria italian\u0103 Jackpot care a fost extras\u0103 pentru prima dat\u0103 pe 3 decembrie 1997, iar <strong>jackpotul online Superenalotto<\/strong> atinge foarte des sume astronomice. Este extras \u00een fiecare mar\u021bi, joi \u0219i s\u00e2mb\u0103t\u0103 fix la ora 20:00. Av\u00e2nd \u00een vedere c\u0103 sunt implicate cele mai mari sume de jackpot, \u0219ansele de c\u00e2\u0219tig la aceast\u0103 loterie sunt printre cele mai mici. Se \u0219tie c\u0103 la<strong> Superenalotto Italia<\/strong> se ating sume de jackpot de peste 250 de milioane de euro.<\/p>\n<section class=\"layout\" style=\"border: solid 1px; width: 100%;\">\n<div class=\"img-div\" style=\"margin-top: 5px;\"><img decoding=\"async\" class=\"wp-image-17212 alignleft\" style=\"height: 45px; margin: 8px 8px 0px;\" src=\"http:\/\/jackpotlotteryonline.com\/wp-content\/uploads\/2022\/11\/read1.jpg\" alt=\"cite\u0219te\" width=\"\" height=\"\" \/><\/div>\n<div style=\"padding-left: 5px;\">\n<div style=\"font-size: 1.1em;\">\n<p><strong>Loteriile europene<\/strong><\/p>\n<p style=\"font-size: 0.85em; margin-top: -1.5em;\">Care sunt cele mai bune loterii europene?\u00a0 <a href=\"https:\/\/jackpotlotteryonline.com\/ro\/care-sunt-cele-mai-bune-loterii-europene\"> cite\u0219te mai mult<\/a><\/p>\n<\/div>\n<\/div>\n<\/section>\n<h2>Cum func\u021bioneaz\u0103 Superenalotto<\/h2>\n<p><img loading=\"lazy\" decoding=\"async\" class=\"alignright wp-image-17735\" src=\"http:\/\/jackpotlotteryonline.com\/wp-content\/uploads\/2022\/10\/logo_superenalotto.png\" alt=\"juca\u021bi superenalotto online\" width=\"168\" height=\"178\" \/><\/p>\n<p><strong>Superenalotto<\/strong> presupune potrivirea a 6 numere din 90. <a href=\"http:\/\/jackpotlotteryonline.com\/ro\/numere-castigatoare\/superenalotto\">Extragerea principal\u0103<\/a> include extragerea tuturor celor 6 numere care includ num\u0103rul Jolly, iar apoi are loc o a doua extragere, independent\u0103, pentru num\u0103rul Superstar. Pentru a avea \u0219anse de a c\u00e2\u0219tiga ceva<strong> la Superenalotto Italia<\/strong>, trebuie s\u0103 se potriveasc\u0103 cel pu\u021bin 3 numere, iar \u0219ansele de a reu\u0219i acest lucru sunt de 1 la 327. Pentru a c\u00e2\u0219tiga premiul cel mare, \u0219ansele sunt de 1 la 622 de milioane.<\/p>\n<p>Num\u0103rul Superstar cost\u0103 \u00een plus, dar dac\u0103 e\u0219ti destul de norocos \u0219i ai norocul s\u0103 \u00eel nimere\u0219ti, po\u021bi m\u0103ri premiul \u00een bani de 100 de ori. De fapt, dac\u0103 potrivi\u021bi num\u0103rul Superstar \u0219i nu potrivi\u021bi cele \u0219ase numere de baz\u0103, pute\u021bi, de asemenea, s\u0103 pleca\u021bi cu o sum\u0103 fix\u0103 \u00een bani.<\/p>\n<h2>Ce po\u021bi c\u00e2\u0219tiga cu Jackpotul Superenalotto?<\/h2>\n<p>\u00cen anul 2022 se \u00eenregistreaz\u0103 \u00een prezent cel mai mare jackpot realizat vreodat\u0103 <strong>de Superenalotto Italia, care este \u00een prezent de<\/strong> 295 de milioane de euro. Acesta este de departe cel mai mare jackpot c\u00e2\u0219tigat \u00een istoria loteriei italiene, iar la momentul actualiz\u0103rii acestei pagini, nu a fost g\u0103sit \u00eenc\u0103 niciun c\u00e2\u0219tig\u0103tor!<br \/>\n<img loading=\"lazy\" decoding=\"async\" class=\"alignright size-medium wp-image-19493\" src=\"http:\/\/jackpotlotteryonline.com\/wp-content\/uploads\/2022\/10\/2_ticket_superenalotto4-211x300.jpg\" alt=\"bilet superenalotto\" width=\"211\" height=\"300\" srcset=\"https:\/\/jackpotlotteryonline.com\/wp-content\/uploads\/2022\/10\/2_ticket_superenalotto4-211x300.jpg 211w, https:\/\/jackpotlotteryonline.com\/wp-content\/uploads\/2022\/10\/2_ticket_superenalotto4.jpg 300w\" sizes=\"auto, (max-width: 211px) 100vw, 211px\" \/><\/p>\n<p>Cu toate acestea, nu exist\u0103 niciun motiv s\u0103 ne descuraj\u0103m. De fapt, cu c\u00e2t \u0219ansele sunt mai mari, cu at\u00e2t mai mare este jackpotul care poate fi c\u00e2\u0219tigat \u0219i cu at\u00e2t mai bun\u0103 este adrenalina. Loteria a fost \u00eentotdeauna un joc de noroc \u0219i exist\u0103 \u0219anse ca tu s\u0103 fii urm\u0103torul norocos.<\/p>\n<p>Cel mai bun aspect al <strong>jackpotului online al loteriei Superena<\/strong> este c\u0103 oricine din orice parte a lumii poate participa, chiar \u0219i din afara Italiei, iar singura baz\u0103 de participare este c\u0103 trebuie s\u0103 ai peste 18 ani.<strong> Site-ul nostru v\u0103 ofer\u0103<\/strong> <a href=\"https:\/\/jackpotlotteryonline.com\/ro\/cumpara-bilete\/superenalotto\">cea mai bun\u0103 \u0219ans\u0103 la Superenalotto Italia<\/a> \u0219i dac\u0103 nu a\u021bi jucat \u00eenc\u0103, v\u0103 \u00eempinge\u021bi norocul \u00een locul nepotrivit.<\/p>\n<p>Odat\u0103 ce te-ai \u00eenscris pe site-ul nostru \u0219i \u021bi-ai verificat acredit\u0103rile, tot ce ar trebui s\u0103 faci este s\u0103 \u00ee\u021bi selectezi numerele \u0219i s\u0103 faci plata pentru a te asigura c\u0103 \u021bi-ai rezervat un loc \u00een autobuzul spre milioane. Reprezentantul nostru local v\u0103 va cump\u0103ra biletul local cu numerele pe care le-a\u021bi specificat \u0219i se va asigura c\u0103 ve\u021bi putea vedea o scanare a acelui bilet la scurt timp dup\u0103 aceea&#8230;<\/p>\n<p>\u00cen timp ce c\u00e2\u0219tigarea <strong>Superenalotto Italia<\/strong> este o chestiune de \u0219anse nefavorabile, pute\u021bi verifica \u0219i celelalte loterii din \u00eentreaga lume la care pute\u021bi juca online, cu ajutorul serviciului nostru.<\/p>\n<p>Selecta\u021bi jocurile de noroc preferate \u0219i cre\u0219te\u021bi-v\u0103 procentele de c\u00e2\u0219tig, al\u0103tur\u00e2ndu-v\u0103 ast\u0103zi comunit\u0103\u021bii utilizatorilor no\u0219tri. Este timpul s\u0103 v\u0103 pune\u021bi norocul la testul suprem.<\/p>\n","protected":false},"excerpt":{"rendered":"<p>Superenalotto Italia Aceasta este loteria italian\u0103 Jackpot care a fost extras\u0103 pentru prima dat\u0103 pe 3 decembrie 1997, iar jackpotul online Superenalotto atinge foarte des sume astronomice. Este extras \u00een fiecare mar\u021bi, joi \u0219i s\u00e2mb\u0103t\u0103 fix la ora 20:00. Av\u00e2nd \u00een vedere c\u0103 sunt implicate cele mai mari sume de jackpot, \u0219ansele de c\u00e2\u0219tig la [&hellip;]<\/p>\n","protected":false},"author":1,"featured_media":0,"parent":35714,"menu_order":5,"comment_status":"closed","ping_status":"closed","template":"superenalotto.php","meta":{"_et_pb_use_builder":"","_et_pb_old_content":"","_et_gb_content_width":"","exclude_from_search":false,"footnotes":""},"class_list":["post-36139","page","type-page","status-publish","hentry"],"yoast_head":"<!-- This site is optimized with the Yoast SEO plugin v23.3 - https:\/\/yoast.com\/wordpress\/plugins\/seo\/ -->\n<title>Joac\u0103 SuperEnaLotto online din afara Italiei<\/title>\n<meta name=\"description\" content=\"Superenalotto poate p\u0103rea a fi o nuc\u0103 greu de spart, dar dac\u0103 dai lovitura, c\u00e2\u0219tigi mult. Joac\u0103 la Superenalotto din afara Italiei aici!\" \/>\n<meta name=\"robots\" content=\"index, follow, max-snippet:-1, max-image-preview:large, max-video-preview:-1\" \/>\n<link rel=\"canonical\" href=\"https:\/\/jackpotlotteryonline.com\/play-online\/superenalotto\/\" \/>\n<meta property=\"og:locale\" content=\"ro_RO\" \/>\n<meta property=\"og:type\" content=\"article\" \/>\n<meta property=\"og:title\" content=\"Joac\u0103 SuperEnaLotto online din afara Italiei\" \/>\n<meta property=\"og:description\" content=\"Superenalotto poate p\u0103rea a fi o nuc\u0103 greu de spart, dar dac\u0103 dai lovitura, c\u00e2\u0219tigi mult. Joac\u0103 la Superenalotto din afara Italiei aici!\" \/>\n<meta property=\"og:url\" content=\"https:\/\/jackpotlotteryonline.com\/play-online\/superenalotto\/\" \/>\n<meta property=\"og:site_name\" content=\"Lotto Online - Crack The International Lottery Jackpots\" \/>\n<meta property=\"article:modified_time\" content=\"2022-12-31T07:39:06+00:00\" \/>\n<meta property=\"og:image\" content=\"http:\/\/jackpotlotteryonline.com\/wp-content\/uploads\/2022\/11\/read1.jpg\" \/>\n<meta name=\"twitter:card\" content=\"summary_large_image\" \/>\n<meta name=\"twitter:label1\" content=\"Timp estimat pentru citire\" \/>\n\t<meta name=\"twitter:data1\" content=\"3 minute\" \/>\n<!-- \/ Yoast SEO plugin. -->","yoast_head_json":{"title":"Joac\u0103 SuperEnaLotto online din afara Italiei","description":"Superenalotto poate p\u0103rea a fi o nuc\u0103 greu de spart, dar dac\u0103 dai lovitura, c\u00e2\u0219tigi mult. Joac\u0103 la Superenalotto din afara Italiei aici!","robots":{"index":"index","follow":"follow","max-snippet":"max-snippet:-1","max-image-preview":"max-image-preview:large","max-video-preview":"max-video-preview:-1"},"canonical":"https:\/\/jackpotlotteryonline.com\/play-online\/superenalotto\/","og_locale":"ro_RO","og_type":"article","og_title":"Joac\u0103 SuperEnaLotto online din afara Italiei","og_description":"Superenalotto poate p\u0103rea a fi o nuc\u0103 greu de spart, dar dac\u0103 dai lovitura, c\u00e2\u0219tigi mult. Joac\u0103 la Superenalotto din afara Italiei aici!","og_url":"https:\/\/jackpotlotteryonline.com\/play-online\/superenalotto\/","og_site_name":"Lotto Online - Crack The International Lottery Jackpots","article_modified_time":"2022-12-31T07:39:06+00:00","og_image":[{"url":"http:\/\/jackpotlotteryonline.com\/wp-content\/uploads\/2022\/11\/read1.jpg"}],"twitter_card":"summary_large_image","twitter_misc":{"Timp estimat pentru citire":"3 minute"},"schema":{"@context":"https:\/\/schema.org","@graph":[{"@type":"WebPage","@id":"https:\/\/jackpotlotteryonline.com\/play-online\/superenalotto\/","url":"https:\/\/jackpotlotteryonline.com\/play-online\/superenalotto\/","name":"Joac\u0103 SuperEnaLotto online din afara Italiei","isPartOf":{"@id":"https:\/\/jackpotlotteryonline.com\/#website"},"primaryImageOfPage":{"@id":"https:\/\/jackpotlotteryonline.com\/play-online\/superenalotto\/#primaryimage"},"image":{"@id":"https:\/\/jackpotlotteryonline.com\/play-online\/superenalotto\/#primaryimage"},"thumbnailUrl":"http:\/\/jackpotlotteryonline.com\/wp-content\/uploads\/2022\/11\/read1.jpg","datePublished":"2022-11-03T13:34:38+00:00","dateModified":"2022-12-31T07:39:06+00:00","description":"Superenalotto poate p\u0103rea a fi o nuc\u0103 greu de spart, dar dac\u0103 dai lovitura, c\u00e2\u0219tigi mult. Joac\u0103 la Superenalotto din afara Italiei aici!","breadcrumb":{"@id":"https:\/\/jackpotlotteryonline.com\/play-online\/superenalotto\/#breadcrumb"},"inLanguage":"ro-RO","potentialAction":[{"@type":"ReadAction","target":["https:\/\/jackpotlotteryonline.com\/play-online\/superenalotto\/"]}]},{"@type":"ImageObject","inLanguage":"ro-RO","@id":"https:\/\/jackpotlotteryonline.com\/play-online\/superenalotto\/#primaryimage","url":"http:\/\/jackpotlotteryonline.com\/wp-content\/uploads\/2022\/11\/read1.jpg","contentUrl":"http:\/\/jackpotlotteryonline.com\/wp-content\/uploads\/2022\/11\/read1.jpg"},{"@type":"BreadcrumbList","@id":"https:\/\/jackpotlotteryonline.com\/play-online\/superenalotto\/#breadcrumb","itemListElement":[{"@type":"ListItem","position":1,"name":"Home","item":"https:\/\/jackpotlotteryonline.com\/ro\/"},{"@type":"ListItem","position":2,"name":"Cum se joac\u0103","item":"https:\/\/jackpotlotteryonline.com\/ro\/cum-se-joaca\/"},{"@type":"ListItem","position":3,"name":"SuperEnaLotto Italia"}]},{"@type":"WebSite","@id":"https:\/\/jackpotlotteryonline.com\/#website","url":"https:\/\/jackpotlotteryonline.com\/","name":"Lotto Online - Crack The International Lottery Jackpots","description":"","potentialAction":[{"@type":"SearchAction","target":{"@type":"EntryPoint","urlTemplate":"https:\/\/jackpotlotteryonline.com\/?s={search_term_string}"},"query-input":"required name=search_term_string"}],"inLanguage":"ro-RO"}]}},"_links":{"self":[{"href":"https:\/\/jackpotlotteryonline.com\/ro\/wp-json\/wp\/v2\/pages\/36139","targetHints":{"allow":["GET"]}}],"collection":[{"href":"https:\/\/jackpotlotteryonline.com\/ro\/wp-json\/wp\/v2\/pages"}],"about":[{"href":"https:\/\/jackpotlotteryonline.com\/ro\/wp-json\/wp\/v2\/types\/page"}],"author":[{"embeddable":true,"href":"https:\/\/jackpotlotteryonline.com\/ro\/wp-json\/wp\/v2\/users\/1"}],"replies":[{"embeddable":true,"href":"https:\/\/jackpotlotteryonline.com\/ro\/wp-json\/wp\/v2\/comments?post=36139"}],"version-history":[{"count":0,"href":"https:\/\/jackpotlotteryonline.com\/ro\/wp-json\/wp\/v2\/pages\/36139\/revisions"}],"up":[{"embeddable":true,"href":"https:\/\/jackpotlotteryonline.com\/ro\/wp-json\/wp\/v2\/pages\/35714"}],"wp:attachment":[{"href":"https:\/\/jackpotlotteryonline.com\/ro\/wp-json\/wp\/v2\/media?parent=36139"}],"curies":[{"name":"wp","href":"https:\/\/api.w.org\/{rel}","templated":true}]}}