{"id":36199,"date":"2022-11-04T06:50:51","date_gmt":"2022-11-04T06:50:51","guid":{"rendered":"https:\/\/jackpotlotteryonline.com\/?page_id=36199"},"modified":"2023-01-03T08:31:58","modified_gmt":"2023-01-03T08:31:58","slug":"el-gordo","status":"publish","type":"page","link":"https:\/\/jackpotlotteryonline.com\/ro\/cum-se-joaca\/el-gordo\/","title":{"rendered":"Joac\u0103 la El Gordo Lotto Spania"},"content":{"rendered":"<h2>Jackpotul Loteriei online El Gordo<\/h2>\n<p><img loading=\"lazy\" decoding=\"async\" class=\"alignright wp-image-18709\" src=\"https:\/\/jackpotlotteryonline.com\/wp-content\/uploads\/2022\/10\/2_ticket_el_gordo3-218x300.jpg\" alt=\"bilet el gordo\" width=\"174\" height=\"239\" srcset=\"https:\/\/jackpotlotteryonline.com\/wp-content\/uploads\/2022\/10\/2_ticket_el_gordo3-218x300.jpg 218w, https:\/\/jackpotlotteryonline.com\/wp-content\/uploads\/2022\/10\/2_ticket_el_gordo3.jpg 570w\" sizes=\"auto, (max-width: 174px) 100vw, 174px\" \/><\/p>\n<p>Spaniolul mediu a cheltuit o sum\u0103 impresionant\u0103 de 60 de euro pe jackpotul loto El Gordo \u00een 2009. Ei bine, cifra de 60 de euro nu pare a fi mare lucru, dar dac\u0103 o \u00eenmul\u021be\u0219ti cu popula\u021bia Spaniei, po\u021bi r\u0103m\u00e2ne uimit. Cunoscut\u0103 mai ales pentru edi\u021bia spaniol\u0103 a loteriei de Cr\u0103ciun, loteria El Gordo este, de asemenea, un eveniment s\u0103pt\u0103m\u00e2nal.<\/p>\n<p>Este o loterie cu <a href=\"https:\/\/jackpotlotteryonline.com\/ro\/numere-castigatoare\/el-gordo-draw-results\">o extragere pe s\u0103pt\u0103m\u00e2n\u0103 (\u00een fiecare duminic\u0103)<\/a> \u0219i trebuie s\u0103 alege\u021bi 5 numere dintr-un interval de 54 de numere. Apropo, numele El Gordo \u00eenseamn\u0103 \u00een spaniol\u0103 &#8220;The Big One&#8221;.<\/p>\n<h2>Extragerea El Gordo de Cr\u0103ciun<\/h2>\n<p>Jucat\u0103 o dat\u0103 pe an, \u00een perioada Cr\u0103ciunului, El Gordo Navidad este foarte diferit\u0103 de celelalte loterii comparabile din lume, deoarece sunt disponibile doar 85000 de numere de loterie (de la 00000 la 84999), iar extragerea este un eveniment foarte special, care necesit\u0103 mult timp pentru a fi preg\u0103tit \u0219i executat.<\/p>\n<section class=\"layout\" style=\"border: solid 1px; width: 100%;\">\n<div class=\"img-div\" style=\"margin-top: 5px;\"><img decoding=\"async\" class=\"wp-image-17212 alignleft\" style=\"height: 45px; margin: 8px 8px 0px;\" src=\"https:\/\/jackpotlotteryonline.com\/wp-content\/uploads\/2022\/11\/read1.jpg\" alt=\"cite\u0219te\" width=\"\" height=\"\" \/><\/div>\n<div style=\"padding-left: 5px;\">\n<div style=\"font-size: 1.1em;\">\n<p><strong>Nu rata\u021bi orele de extragere a celor mai mari jackpoturi la loto din lume<\/strong><\/p>\n<p style=\"font-size: 0.85em; margin-top: -1.5em;\">O list\u0103 cu orele de extragere pentru loteriile interna\u021bionale\u00a0<a href=\"https:\/\/jackpotlotteryonline.com\/ro\/cand-sunt-orele-de-extragere-pentru-loteriile-internationale\"> cite\u0219te mai mult<\/a><\/p>\n<\/div>\n<\/div>\n<\/section>\n<h2>De ce este El Gordo de Cr\u0103ciun unic?<\/h2>\n<p><img loading=\"lazy\" decoding=\"async\" class=\"alignright size-full wp-image-17870\" src=\"https:\/\/jackpotlotteryonline.com\/wp-content\/uploads\/2022\/10\/lotto_euros.jpg\" alt=\"c\u00e2\u0219tiga Cr\u0103ciun El Gordo\" width=\"225\" height=\"134\" \/><\/p>\n<p>Extragerea \u00een sine este foarte unic\u0103 \u0219i diferit\u0103. Nu exist\u0103 aproape nicio ma\u0219in\u0103rie sau tehnologie implicat\u0103. O sfer\u0103 imens\u0103 este umplut\u0103 cu bile de lemn, pe fiecare dintre ele fiind \u00eenscris unul dintre numerele de 5 cifre. O a doua sfer\u0103 con\u021bine bilele cu premii. Tragerea la sor\u021bi este efectuat\u0103 de doi copii, care scot c\u00e2te o bil\u0103 din fiecare sfer\u0103, care define\u0219te num\u0103rul c\u00e2\u0219tig\u0103tor \u0219i premiul pe care acest num\u0103r l-a c\u00e2\u0219tigat.<\/p>\n<p>Extras \u00een \u00eentregime de m\u00e2ini omene\u0219ti, jackpotul loto online El Gordo este foarte unic \u0219i unul dintre cele mai c\u0103utate din Europa continental\u0103. Exist\u0103 trei premii maxime \u0219i peste 1000 de premii mai mici, iar numerele care se potrivesc par\u021bial cu cele trei numere cu premiul cel mare c\u00e2\u0219tig\u0103 \u0219i ele ceva. A\u0219a c\u0103 asta cre\u0219te \u0219ansele de c\u00e2\u0219tig cu destul de mult.<\/p>\n<p>El Gordo este unul dintre cele mai mari jackpoturi de loterie din lume, cu premii totale de peste 3 miliarde de euro \u00een fiecare an (p\u00e2n\u0103 \u00een prezent \u0219i \u00een continu\u0103 cre\u0219tere). Nu trebuie s\u0103 fi\u021bi cet\u0103\u021bean spaniol sau european, oricine cu v\u00e2rsta peste 18 ani poate juca la Loto El Gordo.<\/p>\n<h2>Cum \u0219i de ce ar trebui s\u0103 joci El Gordo Online?<\/h2>\n<p>\u00censcrie\u021bi-v\u0103 ast\u0103zi pe site-ul nostru pentru a v\u0103 asigura c\u0103 v\u0103 rezerva\u021bi un loc spre bog\u0103\u021bie. \u00cei vom ajuta pe juc\u0103torii din afara Spaniei s\u0103 participe la Loteria El Gordo. Tot ce trebuie s\u0103 face\u021bi este s\u0103 v\u0103 crea\u021bi un cont, s\u0103 v\u0103 alege\u021bi numerele \u0219i s\u0103 efectua\u021bi plata. Apoi, ne vom asigura c\u0103<a href=\"https:\/\/jackpotlotteryonline.com\/ro\/cumpara-bilete\/el-gordo\"> un bilet este cump\u0103rat \u00een numele dvs. pentru jackpotul loto El Gordo<\/a>. Biletul cu numerele selectate de dumneavoastr\u0103 va fi scanat pentru dumneavoastr\u0103, iar \u00een cazul \u00een care c\u00e2\u0219tiga\u021bi o avere, v\u0103 vom ajuta, de asemenea, s\u0103 ne asigur\u0103m c\u0103 banii ajung la dumneavoastr\u0103 c\u00e2t mai repede posibil. Este recomandat s\u0103 v\u0103 rezerva\u021bi ast\u0103zi biletul cu numerele preferate.<\/p>\n","protected":false},"excerpt":{"rendered":"<p>Jackpotul Loteriei online El Gordo Spaniolul mediu a cheltuit o sum\u0103 impresionant\u0103 de 60 de euro pe jackpotul loto El Gordo \u00een 2009. Ei bine, cifra de 60 de euro nu pare a fi mare lucru, dar dac\u0103 o \u00eenmul\u021be\u0219ti cu popula\u021bia Spaniei, po\u021bi r\u0103m\u00e2ne uimit. Cunoscut\u0103 mai ales pentru edi\u021bia spaniol\u0103 a loteriei de [&hellip;]<\/p>\n","protected":false},"author":1,"featured_media":0,"parent":35714,"menu_order":6,"comment_status":"closed","ping_status":"closed","template":"el-gordo.php","meta":{"_et_pb_use_builder":"","_et_pb_old_content":"","_et_gb_content_width":"","exclude_from_search":false,"footnotes":""},"class_list":["post-36199","page","type-page","status-publish","hentry"],"yoast_head":"<!-- This site is optimized with the Yoast SEO plugin v23.3 - https:\/\/yoast.com\/wordpress\/plugins\/seo\/ -->\n<title>Joac\u0103 online la Loto El Gordo din Spania - chiar \u0219i din afara Spaniei<\/title>\n<meta name=\"description\" content=\"Jackpotul Loto online El Gordo este unul dintre cele mai mari jackpoturi din lume \u0219i poate fi jucat online din \u021b\u0103ri din afara Spaniei.\" \/>\n<meta name=\"robots\" content=\"index, follow, max-snippet:-1, max-image-preview:large, max-video-preview:-1\" \/>\n<link rel=\"canonical\" href=\"https:\/\/jackpotlotteryonline.com\/play-online\/el-gordo\/\" \/>\n<meta property=\"og:locale\" content=\"ro_RO\" \/>\n<meta property=\"og:type\" content=\"article\" \/>\n<meta property=\"og:title\" content=\"Joac\u0103 online la Loto El Gordo din Spania - chiar \u0219i din afara Spaniei\" \/>\n<meta property=\"og:description\" content=\"Jackpotul Loto online El Gordo este unul dintre cele mai mari jackpoturi din lume \u0219i poate fi jucat online din \u021b\u0103ri din afara Spaniei.\" \/>\n<meta property=\"og:url\" content=\"https:\/\/jackpotlotteryonline.com\/play-online\/el-gordo\/\" \/>\n<meta property=\"og:site_name\" content=\"Lotto Online - Crack The International Lottery Jackpots\" \/>\n<meta property=\"article:modified_time\" content=\"2023-01-03T08:31:58+00:00\" \/>\n<meta property=\"og:image\" content=\"https:\/\/jackpotlotteryonline.com\/wp-content\/uploads\/2022\/10\/2_ticket_el_gordo3-218x300.jpg\" \/>\n<meta name=\"twitter:card\" content=\"summary_large_image\" \/>\n<meta name=\"twitter:label1\" content=\"Timp estimat pentru citire\" \/>\n\t<meta name=\"twitter:data1\" content=\"3 minute\" \/>\n<!-- \/ Yoast SEO plugin. -->","yoast_head_json":{"title":"Joac\u0103 online la Loto El Gordo din Spania - chiar \u0219i din afara Spaniei","description":"Jackpotul Loto online El Gordo este unul dintre cele mai mari jackpoturi din lume \u0219i poate fi jucat online din \u021b\u0103ri din afara Spaniei.","robots":{"index":"index","follow":"follow","max-snippet":"max-snippet:-1","max-image-preview":"max-image-preview:large","max-video-preview":"max-video-preview:-1"},"canonical":"https:\/\/jackpotlotteryonline.com\/play-online\/el-gordo\/","og_locale":"ro_RO","og_type":"article","og_title":"Joac\u0103 online la Loto El Gordo din Spania - chiar \u0219i din afara Spaniei","og_description":"Jackpotul Loto online El Gordo este unul dintre cele mai mari jackpoturi din lume \u0219i poate fi jucat online din \u021b\u0103ri din afara Spaniei.","og_url":"https:\/\/jackpotlotteryonline.com\/play-online\/el-gordo\/","og_site_name":"Lotto Online - Crack The International Lottery Jackpots","article_modified_time":"2023-01-03T08:31:58+00:00","og_image":[{"url":"https:\/\/jackpotlotteryonline.com\/wp-content\/uploads\/2022\/10\/2_ticket_el_gordo3-218x300.jpg"}],"twitter_card":"summary_large_image","twitter_misc":{"Timp estimat pentru citire":"3 minute"},"schema":{"@context":"https:\/\/schema.org","@graph":[{"@type":"WebPage","@id":"https:\/\/jackpotlotteryonline.com\/play-online\/el-gordo\/","url":"https:\/\/jackpotlotteryonline.com\/play-online\/el-gordo\/","name":"Joac\u0103 online la Loto El Gordo din Spania - chiar \u0219i din afara Spaniei","isPartOf":{"@id":"https:\/\/jackpotlotteryonline.com\/#website"},"primaryImageOfPage":{"@id":"https:\/\/jackpotlotteryonline.com\/play-online\/el-gordo\/#primaryimage"},"image":{"@id":"https:\/\/jackpotlotteryonline.com\/play-online\/el-gordo\/#primaryimage"},"thumbnailUrl":"https:\/\/jackpotlotteryonline.com\/wp-content\/uploads\/2022\/10\/2_ticket_el_gordo3-218x300.jpg","datePublished":"2022-11-04T06:50:51+00:00","dateModified":"2023-01-03T08:31:58+00:00","description":"Jackpotul Loto online El Gordo este unul dintre cele mai mari jackpoturi din lume \u0219i poate fi jucat online din \u021b\u0103ri din afara Spaniei.","breadcrumb":{"@id":"https:\/\/jackpotlotteryonline.com\/play-online\/el-gordo\/#breadcrumb"},"inLanguage":"ro-RO","potentialAction":[{"@type":"ReadAction","target":["https:\/\/jackpotlotteryonline.com\/play-online\/el-gordo\/"]}]},{"@type":"ImageObject","inLanguage":"ro-RO","@id":"https:\/\/jackpotlotteryonline.com\/play-online\/el-gordo\/#primaryimage","url":"https:\/\/jackpotlotteryonline.com\/wp-content\/uploads\/2022\/10\/2_ticket_el_gordo3-218x300.jpg","contentUrl":"https:\/\/jackpotlotteryonline.com\/wp-content\/uploads\/2022\/10\/2_ticket_el_gordo3-218x300.jpg"},{"@type":"BreadcrumbList","@id":"https:\/\/jackpotlotteryonline.com\/play-online\/el-gordo\/#breadcrumb","itemListElement":[{"@type":"ListItem","position":1,"name":"Home","item":"https:\/\/jackpotlotteryonline.com\/ro\/"},{"@type":"ListItem","position":2,"name":"Cum se joac\u0103","item":"https:\/\/jackpotlotteryonline.com\/ro\/cum-se-joaca\/"},{"@type":"ListItem","position":3,"name":"Joac\u0103 la El Gordo Lotto Spania"}]},{"@type":"WebSite","@id":"https:\/\/jackpotlotteryonline.com\/#website","url":"https:\/\/jackpotlotteryonline.com\/","name":"Lotto Online - Crack The International Lottery Jackpots","description":"","potentialAction":[{"@type":"SearchAction","target":{"@type":"EntryPoint","urlTemplate":"https:\/\/jackpotlotteryonline.com\/?s={search_term_string}"},"query-input":"required name=search_term_string"}],"inLanguage":"ro-RO"}]}},"_links":{"self":[{"href":"https:\/\/jackpotlotteryonline.com\/ro\/wp-json\/wp\/v2\/pages\/36199","targetHints":{"allow":["GET"]}}],"collection":[{"href":"https:\/\/jackpotlotteryonline.com\/ro\/wp-json\/wp\/v2\/pages"}],"about":[{"href":"https:\/\/jackpotlotteryonline.com\/ro\/wp-json\/wp\/v2\/types\/page"}],"author":[{"embeddable":true,"href":"https:\/\/jackpotlotteryonline.com\/ro\/wp-json\/wp\/v2\/users\/1"}],"replies":[{"embeddable":true,"href":"https:\/\/jackpotlotteryonline.com\/ro\/wp-json\/wp\/v2\/comments?post=36199"}],"version-history":[{"count":0,"href":"https:\/\/jackpotlotteryonline.com\/ro\/wp-json\/wp\/v2\/pages\/36199\/revisions"}],"up":[{"embeddable":true,"href":"https:\/\/jackpotlotteryonline.com\/ro\/wp-json\/wp\/v2\/pages\/35714"}],"wp:attachment":[{"href":"https:\/\/jackpotlotteryonline.com\/ro\/wp-json\/wp\/v2\/media?parent=36199"}],"curies":[{"name":"wp","href":"https:\/\/api.w.org\/{rel}","templated":true}]}}