{"id":36256,"date":"2022-11-04T08:26:32","date_gmt":"2022-11-04T08:26:32","guid":{"rendered":"https:\/\/jackpotlotteryonline.com\/?page_id=36256"},"modified":"2022-12-31T10:59:44","modified_gmt":"2022-12-31T10:59:44","slug":"france-lotto","status":"publish","type":"page","link":"https:\/\/jackpotlotteryonline.com\/ro\/cum-se-joaca\/france-lotto\/","title":{"rendered":"Joac\u0103 la loteria francez\u0103"},"content":{"rendered":"<h2>Fran\u021ba Loto online<\/h2>\n<p><img loading=\"lazy\" decoding=\"async\" class=\"alignright size-full wp-image-18410\" src=\"https:\/\/jackpotlotteryonline.com\/wp-content\/uploads\/2022\/10\/win_big.jpg\" alt=\"juca la France Loto online\" width=\"224\" height=\"134\" \/><\/p>\n<p>France Lotto este una dintre cele mai vechi loterii europene organizate \u0219i este organizat\u0103 \u0219i administrat\u0103 de grupul Francaise des Jeux. Este foarte popular\u0103 \u00een Fran\u021ba \u0219i \u00een alte p\u0103r\u021bi ale Europei. Av\u00e2nd \u00een vedere c\u0103 francezii sunt foarte pasiona\u021bi de jocul de noroc,<a href=\"https:\/\/jackpotlotteryonline.com\/ro\/numere-castigatoare\/france-lotto-2\"> France Lotto online este extras\u0103 de trei ori pe s\u0103pt\u0103m\u00e2n\u0103 (luni, miercuri \u0219i s\u00e2mb\u0103t\u0103)<\/a>, spre deosebire de majoritatea celorlalte loterii europene care sunt extrase doar de dou\u0103 ori pe s\u0103pt\u0103m\u00e2n\u0103. Valoarea total\u0103 a premiilor oferite de French Lotto este estimat\u0103 la peste 4,4 miliarde pe an \u0219i vine cu un jackpot mare.<\/p>\n<p>Nu trebuie s\u0103 fi\u021bi rezident al Fran\u021bei &#8211; <strong>jocul la loto francez\u0103 din afara Fran\u021bei este posibil online cu ajutorul nostru.<\/strong><\/p>\n<p>\u00cen compara\u021bie cu alte loterii europene, la Loteria Francez\u0103 online se \u00eenregistreaz\u0103 o cre\u0219tere major\u0103 a jackpoturilor pe care le ofer\u0103, deoarece jackpotul cre\u0219te cu un milion de euro. Cu trei extrageri s\u0103pt\u0103m\u00e2nale, acesta se acumuleaz\u0103 \u0219i cre\u0219te destul de repede p\u00e2n\u0103 c\u00e2nd este c\u00e2\u0219tigat. Faptul c\u0103 jackpotul nu se num\u0103r\u0103 ca fiind cel mai mare dintre loterii dovede\u0219te c\u0103 acesta este c\u00e2\u0219tigat mai mult dec\u00e2t la alte loterii.<\/p>\n<p>Se spune c\u0103 France Lotto online a creat mai mul\u021bi milionari dec\u00e2t majoritatea celorlalte loterii comparabile din Europa. Ar trebui s\u0103 v\u0103 asuma\u021bi riscul \u0219i s\u0103<a href=\"https:\/\/jackpotlotteryonline.com\/ro\/cumpara-bilete\/lotto-france\"> cump\u0103ra\u021bi un bilet online pentru France Lotto<\/a> \u0219i s\u0103 deveni\u021bi urm\u0103torul milionar.<\/p>\n<p>Suntem aici pentru a v\u0103 ajuta s\u0103 juca\u021bi la France lotto online. S\u0103 joci acest joc este la fel de simplu ca ABC \u0219i te vor ajuta pe tot parcursul jocului.<\/p>\n<section class=\"layout\" style=\"border: solid 1px; width: 100%;\">\n<div class=\"img-div\" style=\"margin-top: 5px;\"><img decoding=\"async\" class=\"wp-image-17212 alignleft\" style=\"height: 45px; margin: 8px 8px 0px;\" src=\"https:\/\/jackpotlotteryonline.com\/wp-content\/uploads\/2022\/11\/read1.jpg\" alt=\"cite\u0219te\" width=\"\" height=\"\" \/><\/div>\n<div style=\"padding-left: 5px;\">\n<div style=\"font-size: 1.1em;\">\n<p><strong>Urm\u0103ri\u021bi numerele de loterie extrase \u00een direct<\/strong><\/p>\n<p style=\"font-size: 0.85em; margin-top: -1.5em;\">Cum s\u0103 urm\u0103re\u0219ti \u00een direct extragerile loteriilor tale preferate\u00a0 <a href=\"https:\/\/jackpotlotteryonline.com\/ro\/urmariti-numerele-de-loterie-extrase-in-direct\"> cite\u0219te mai mult<\/a><\/p>\n<\/div>\n<\/div>\n<\/section>\n<h2>Cum se joac\u0103 la France Lotto online?<\/h2>\n<p><img loading=\"lazy\" decoding=\"async\" class=\"alignright wp-image-27131\" src=\"https:\/\/jackpotlotteryonline.com\/wp-content\/uploads\/2022\/11\/1_jckpot_win_online.jpg\" alt=\"Fran\u021ba loterie jackpot loterie francez\u0103\" width=\"159\" height=\"159\" srcset=\"https:\/\/jackpotlotteryonline.com\/wp-content\/uploads\/2022\/11\/1_jckpot_win_online.jpg 300w, https:\/\/jackpotlotteryonline.com\/wp-content\/uploads\/2022\/11\/1_jckpot_win_online-100x100.jpg 100w, https:\/\/jackpotlotteryonline.com\/wp-content\/uploads\/2022\/11\/1_jckpot_win_online-150x150.jpg 150w\" sizes=\"auto, (max-width: 159px) 100vw, 159px\" \/><\/p>\n<p>Ca orice alt\u0103 loterie, loto Fran\u021ba presupune alegerea a 5 numere din 49 \u0219i a unui singur num\u0103r dintr-un alt grup de 10 numere. Achizi\u021bionarea unui bilet este u\u0219oar\u0103, odat\u0103 ce a\u021bi comandat prin intermediul nostru, vom cump\u0103ra un bilet \u00een numele dvs. Imediat dup\u0103 cump\u0103rare, pute\u021bi vedea numerele pe care le-a\u021bi ales \u00een contul dvs. \u0219i, pu\u021bin mai t\u00e2rziu, o scanare a intr\u0103rii dvs. va fi vizibil\u0103 \u0219i \u00een contul dvs.<\/p>\n<p>Dac\u0103 sunte\u021bi sceptic \u00een ceea ce prive\u0219te selectarea numerelor, avem \u0219i un generator de numere de loterie, iar op\u021biunea Quick Pick din France Lotto online permite s\u0103 se joace numere aleatorii.<\/p>\n<p>Trebuie s\u0103 ave\u021bi peste 18 ani pentru a cump\u0103ra un bilet France loto online \u0219i \u00eenainte de a face acest lucru prin intermediul nostru, pute\u021bi face c\u00e2teva cercet\u0103ri despre rezultatele anterioare, pentru a v\u0103 ajuta s\u0103 v\u0103 selecta\u021bi propriile numere norocoase.<\/p>\n<h2>Colectarea premiilor de la loto Fran\u021ba online<\/h2>\n<p>\u00cen afar\u0103 de jackpot, France Lotto online ofer\u0103 \u0219i alte premii pentru numerele potrivite. Spre deosebire de loteriile americane, premiile sunt pl\u0103tite integral \u0219i \u00een numerar. Va trebui s\u0103 face\u021bi cererile de revendicare \u00een termen de 2 luni de la data extragerii, lucru la care v\u0103 vom ajuta. Sumele de bani aferente premiilor mai mici de 2500 de euro vor fi creditate \u00een contul dvs. de pe site-ul nostru. Sumele de bani ale premiilor care dep\u0103\u0219esc aceast\u0103 sum\u0103 trebuie s\u0103 fie direc\u021bionate c\u0103tre centrul de pl\u0103\u021bi Francaise des Jeux.<\/p>\n<p>Dac\u0103 juca\u021bi prin intermediul nostru, v\u0103 vom ajuta, de asemenea, s\u0103 v\u0103 ridica\u021bi premiile, revendic\u00e2ndu-le \u00een numele dvs. \u0219i asigur\u00e2ndu-ne c\u0103 premiul v\u0103 este livrat c\u00e2t mai repede posibil. Vino s\u0103 te \u00eenregistrezi ast\u0103zi gratuit \u0219i s\u0103 revendici beneficii neprev\u0103zute&#8230;!<\/p>\n<p>Toate premiile c\u00e2\u0219tigate la France Lotto sunt pl\u0103tite f\u0103r\u0103 taxe!<\/p>\n","protected":false},"excerpt":{"rendered":"<p>Fran\u021ba Loto online France Lotto este una dintre cele mai vechi loterii europene organizate \u0219i este organizat\u0103 \u0219i administrat\u0103 de grupul Francaise des Jeux. Este foarte popular\u0103 \u00een Fran\u021ba \u0219i \u00een alte p\u0103r\u021bi ale Europei. Av\u00e2nd \u00een vedere c\u0103 francezii sunt foarte pasiona\u021bi de jocul de noroc, France Lotto online este extras\u0103 de trei ori [&hellip;]<\/p>\n","protected":false},"author":1,"featured_media":0,"parent":35714,"menu_order":9,"comment_status":"closed","ping_status":"closed","template":"lotto-fr.php","meta":{"_et_pb_use_builder":"","_et_pb_old_content":"","_et_gb_content_width":"","exclude_from_search":false,"footnotes":""},"class_list":["post-36256","page","type-page","status-publish","hentry"],"yoast_head":"<!-- This site is optimized with the Yoast SEO plugin v23.3 - https:\/\/yoast.com\/wordpress\/plugins\/seo\/ -->\n<title>Participa\u021bi la France Lotto online, din afara Fran\u021bei<\/title>\n<meta name=\"description\" content=\"Cump\u0103ra\u021bi un bilet pentru France Loto la aici - le permitem fanilor loto din afara Fran\u021bei s\u0103 ob\u021bin\u0103 un bilet pentru aceast\u0103 loterie popular\u0103\" \/>\n<meta name=\"robots\" content=\"index, follow, max-snippet:-1, max-image-preview:large, max-video-preview:-1\" \/>\n<link rel=\"canonical\" href=\"https:\/\/jackpotlotteryonline.com\/play-online\/france-lotto\/\" \/>\n<meta property=\"og:locale\" content=\"ro_RO\" \/>\n<meta property=\"og:type\" content=\"article\" \/>\n<meta property=\"og:title\" content=\"Participa\u021bi la France Lotto online, din afara Fran\u021bei\" \/>\n<meta property=\"og:description\" content=\"Cump\u0103ra\u021bi un bilet pentru France Loto la aici - le permitem fanilor loto din afara Fran\u021bei s\u0103 ob\u021bin\u0103 un bilet pentru aceast\u0103 loterie popular\u0103\" \/>\n<meta property=\"og:url\" content=\"https:\/\/jackpotlotteryonline.com\/play-online\/france-lotto\/\" \/>\n<meta property=\"og:site_name\" content=\"Lotto Online - Crack The International Lottery Jackpots\" \/>\n<meta property=\"article:modified_time\" content=\"2022-12-31T10:59:44+00:00\" \/>\n<meta property=\"og:image\" content=\"https:\/\/jackpotlotteryonline.com\/wp-content\/uploads\/2022\/10\/win_big.jpg\" \/>\n<meta name=\"twitter:card\" content=\"summary_large_image\" \/>\n<meta name=\"twitter:label1\" content=\"Timp estimat pentru citire\" \/>\n\t<meta name=\"twitter:data1\" content=\"3 minute\" \/>\n<!-- \/ Yoast SEO plugin. -->","yoast_head_json":{"title":"Participa\u021bi la France Lotto online, din afara Fran\u021bei","description":"Cump\u0103ra\u021bi un bilet pentru France Loto la aici - le permitem fanilor loto din afara Fran\u021bei s\u0103 ob\u021bin\u0103 un bilet pentru aceast\u0103 loterie popular\u0103","robots":{"index":"index","follow":"follow","max-snippet":"max-snippet:-1","max-image-preview":"max-image-preview:large","max-video-preview":"max-video-preview:-1"},"canonical":"https:\/\/jackpotlotteryonline.com\/play-online\/france-lotto\/","og_locale":"ro_RO","og_type":"article","og_title":"Participa\u021bi la France Lotto online, din afara Fran\u021bei","og_description":"Cump\u0103ra\u021bi un bilet pentru France Loto la aici - le permitem fanilor loto din afara Fran\u021bei s\u0103 ob\u021bin\u0103 un bilet pentru aceast\u0103 loterie popular\u0103","og_url":"https:\/\/jackpotlotteryonline.com\/play-online\/france-lotto\/","og_site_name":"Lotto Online - Crack The International Lottery Jackpots","article_modified_time":"2022-12-31T10:59:44+00:00","og_image":[{"url":"https:\/\/jackpotlotteryonline.com\/wp-content\/uploads\/2022\/10\/win_big.jpg"}],"twitter_card":"summary_large_image","twitter_misc":{"Timp estimat pentru citire":"3 minute"},"schema":{"@context":"https:\/\/schema.org","@graph":[{"@type":"WebPage","@id":"https:\/\/jackpotlotteryonline.com\/play-online\/france-lotto\/","url":"https:\/\/jackpotlotteryonline.com\/play-online\/france-lotto\/","name":"Participa\u021bi la France Lotto online, din afara Fran\u021bei","isPartOf":{"@id":"https:\/\/jackpotlotteryonline.com\/#website"},"primaryImageOfPage":{"@id":"https:\/\/jackpotlotteryonline.com\/play-online\/france-lotto\/#primaryimage"},"image":{"@id":"https:\/\/jackpotlotteryonline.com\/play-online\/france-lotto\/#primaryimage"},"thumbnailUrl":"https:\/\/jackpotlotteryonline.com\/wp-content\/uploads\/2022\/10\/win_big.jpg","datePublished":"2022-11-04T08:26:32+00:00","dateModified":"2022-12-31T10:59:44+00:00","description":"Cump\u0103ra\u021bi un bilet pentru France Loto la aici - le permitem fanilor loto din afara Fran\u021bei s\u0103 ob\u021bin\u0103 un bilet pentru aceast\u0103 loterie popular\u0103","breadcrumb":{"@id":"https:\/\/jackpotlotteryonline.com\/play-online\/france-lotto\/#breadcrumb"},"inLanguage":"ro-RO","potentialAction":[{"@type":"ReadAction","target":["https:\/\/jackpotlotteryonline.com\/play-online\/france-lotto\/"]}]},{"@type":"ImageObject","inLanguage":"ro-RO","@id":"https:\/\/jackpotlotteryonline.com\/play-online\/france-lotto\/#primaryimage","url":"https:\/\/jackpotlotteryonline.com\/wp-content\/uploads\/2022\/10\/win_big.jpg","contentUrl":"https:\/\/jackpotlotteryonline.com\/wp-content\/uploads\/2022\/10\/win_big.jpg"},{"@type":"BreadcrumbList","@id":"https:\/\/jackpotlotteryonline.com\/play-online\/france-lotto\/#breadcrumb","itemListElement":[{"@type":"ListItem","position":1,"name":"Home","item":"https:\/\/jackpotlotteryonline.com\/ro\/"},{"@type":"ListItem","position":2,"name":"Cum se joac\u0103","item":"https:\/\/jackpotlotteryonline.com\/ro\/cum-se-joaca\/"},{"@type":"ListItem","position":3,"name":"Joac\u0103 la loteria francez\u0103"}]},{"@type":"WebSite","@id":"https:\/\/jackpotlotteryonline.com\/#website","url":"https:\/\/jackpotlotteryonline.com\/","name":"Lotto Online - Crack The International Lottery Jackpots","description":"","potentialAction":[{"@type":"SearchAction","target":{"@type":"EntryPoint","urlTemplate":"https:\/\/jackpotlotteryonline.com\/?s={search_term_string}"},"query-input":"required name=search_term_string"}],"inLanguage":"ro-RO"}]}},"_links":{"self":[{"href":"https:\/\/jackpotlotteryonline.com\/ro\/wp-json\/wp\/v2\/pages\/36256","targetHints":{"allow":["GET"]}}],"collection":[{"href":"https:\/\/jackpotlotteryonline.com\/ro\/wp-json\/wp\/v2\/pages"}],"about":[{"href":"https:\/\/jackpotlotteryonline.com\/ro\/wp-json\/wp\/v2\/types\/page"}],"author":[{"embeddable":true,"href":"https:\/\/jackpotlotteryonline.com\/ro\/wp-json\/wp\/v2\/users\/1"}],"replies":[{"embeddable":true,"href":"https:\/\/jackpotlotteryonline.com\/ro\/wp-json\/wp\/v2\/comments?post=36256"}],"version-history":[{"count":0,"href":"https:\/\/jackpotlotteryonline.com\/ro\/wp-json\/wp\/v2\/pages\/36256\/revisions"}],"up":[{"embeddable":true,"href":"https:\/\/jackpotlotteryonline.com\/ro\/wp-json\/wp\/v2\/pages\/35714"}],"wp:attachment":[{"href":"https:\/\/jackpotlotteryonline.com\/ro\/wp-json\/wp\/v2\/media?parent=36256"}],"curies":[{"name":"wp","href":"https:\/\/api.w.org\/{rel}","templated":true}]}}