{"id":36314,"date":"2022-11-04T09:59:39","date_gmt":"2022-11-04T09:59:39","guid":{"rendered":"https:\/\/jackpotlotteryonline.com\/?page_id=36314"},"modified":"2022-12-31T10:06:24","modified_gmt":"2022-12-31T10:06:24","slug":"german-lotto","status":"publish","type":"page","link":"https:\/\/jackpotlotteryonline.com\/ro\/cum-se-joaca\/german-lotto\/","title":{"rendered":"Loteria german\u0103"},"content":{"rendered":"<h2>Loteria German\u0103 este acum disponibil\u0103 online<\/h2>\n<p><img loading=\"lazy\" decoding=\"async\" class=\"alignright wp-image-18464 size-full\" src=\"https:\/\/jackpotlotteryonline.com\/wp-content\/uploads\/2022\/10\/win_lottery_online.jpg\" alt=\"juca\u021bi la loto german online\" width=\"231\" height=\"130\" \/><\/p>\n<p>Loteria din Germania are o vechime de peste 5 decenii, iar loteria german\u0103 online este organizat\u0103 \u0219i administrat\u0103 de Deutscher Lotto \u0219i Toto Block. Cu o <a href=\"https:\/\/jackpotlotteryonline.com\/ro\/numere-castigatoare\/german-lotto\">extragere de dou\u0103 ori pe s\u0103pt\u0103m\u00e2n\u0103<\/a>, miercuri \u0219i s\u00e2mb\u0103t\u0103, loto german online vine cu unul dintre cele mai mari jackpoturi europene, de cele mai multe ori. A\u0219adar, ave\u021bi toate motivele s\u0103 juca\u021bi la loto german cu un bilet online dac\u0103 locui\u021bi \u00een afara Germaniei.<\/p>\n<p>Dac\u0103 nu locui\u021bi \u00een Germania, atunci singura dvs. op\u021biune pentru a juca la loto german online este la noi. Odat\u0103 ce v\u0103 \u00eenscrie\u021bi pe site-ul nostru, pute\u021bi ob\u021bine toate informa\u021biile relevante referitoare la loteria german\u0103 online. Acestea includ rezultate vechi, un generator de numere de loterie \u0219i zona de unde pute\u021bi cump\u0103ra biletul. Ei v\u0103 vor ajuta chiar s\u0103 revendica\u021bi \u0219i s\u0103 primi\u021bi livrarea premiului.<\/p>\n<h2>Cum func\u021bioneaz\u0103 loteria german\u0103 online<\/h2>\n<p>Tot ce trebuie s\u0103 face\u021bi este s\u0103 <a href=\"https:\/\/jackpotlotteryonline.com\/ro\/cumpara-bilete\/lotto-germany\">cump\u0103ra\u021bi un bilet la loto german online<\/a> select\u00e2nd 6 numere dintr-un grup de 49. Ve\u021bi avea, de asemenea, op\u021biunea de a alege un super num\u0103r \u00eentre 1 \u0219i 10. Extragerea principal\u0103 se face pentru numerele de baz\u0103 \u0219i, ulterior, se face o extragere pentru num\u0103rul super. Atunci c\u00e2nd cele 6 numere de baz\u0103 se potrivesc, c\u00e2\u0219tiga\u021bi primul premiu de recompens\u0103. Jackpotul propriu-zis este acordat atunci c\u00e2nd cele 6 numere de baz\u0103 \u0219i super-num\u0103rul se potrivesc la extragere.<\/p>\n<p>Persoanele din afara Germaniei pot, de asemenea, s\u0103 joace online la loto german. Pe site-ul nostru, pute\u021bi profita de aceast\u0103 oportunitate pentru a v\u0103 \u00eencerca norocul \u0219i l\u0103sa\u021bi restul logisticii \u00een seama noastr\u0103. Trebuie s\u0103 ave\u021bi peste 18 ani pentru a juca la loto german cu un bilet online.<\/p>\n<section class=\"layout\" style=\"border: solid 1px; width: 100%;\">\n<div class=\"img-div\" style=\"margin-top: 5px;\"><img decoding=\"async\" class=\"wp-image-17212 alignleft\" style=\"height: 45px; margin: 8px 8px 0px;\" src=\"https:\/\/jackpotlotteryonline.com\/wp-content\/uploads\/2022\/11\/read1.jpg\" alt=\"cite\u0219te\" width=\"\" height=\"\" \/><\/div>\n<div style=\"padding-left: 5px;\">\n<div style=\"font-size: 1.1em;\">\n<p><strong>Ce ma\u0219in\u0103 v-a\u021bi cump\u0103ra dac\u0103 a\u021bi c\u00e2\u0219tiga la loto?<\/strong><\/p>\n<p style=\"font-size: 0.85em; margin-top: -1.5em;\">C\u00e2\u0219tiga\u021bi la loterie \u0219i primi\u021bi o ma\u0219in\u0103 nou\u0103\u00a0<a href=\"https:\/\/jackpotlotteryonline.com\/ro\/ce-masina-ti-ai-cumpara-daca-ai-castiga-la-loto\"> cite\u0219te mai mult<\/a><\/p>\n<\/div>\n<\/div>\n<\/section>\n<h2>C\u00e2\u0219tigarea loto german online<\/h2>\n<p><img loading=\"lazy\" decoding=\"async\" class=\"alignright size-medium wp-image-33350\" src=\"https:\/\/jackpotlotteryonline.com\/wp-content\/uploads\/2022\/11\/2_ticket_euromillions3-1-111x300.jpg\" alt=\"bilet loto german\" width=\"111\" height=\"300\" srcset=\"https:\/\/jackpotlotteryonline.com\/wp-content\/uploads\/2022\/11\/2_ticket_euromillions3-1-111x300.jpg 111w, https:\/\/jackpotlotteryonline.com\/wp-content\/uploads\/2022\/11\/2_ticket_euromillions3-1.jpg 180w\" sizes=\"auto, (max-width: 111px) 100vw, 111px\" \/><\/p>\n<p>C\u00e2\u0219tigarea loto german online este o chestiune de \u0219ans\u0103, dar la fel ca orice alt\u0103 loterie. Noi v\u0103 vom spori \u0219ansele de a c\u00e2\u0219tiga la loto german online prin utilizarea generatorului nostru de numere de loterie \u0219i oferindu-v\u0103 informa\u021bii despre rezultatele anterioare, pentru a v\u0103 ajuta s\u0103 v\u0103 alege\u021bi numerele norocoase. Toate informa\u021biile relevante privind loteria german\u0103 online sunt disponibile aici \u0219i le pute\u021bi folosi la maxim pentru a v\u0103 spori \u0219ansele.<\/p>\n<p>Loteria german\u0103 online nu este doar unul dintre cele mai mari jackpoturi din Europa, ci \u0219i cea mai bine organizat\u0103 loterie din lume \u0219i este condus\u0103 cu mult profesionalism. C\u00e2nd juca\u021bi la loto german online \u0219i dac\u0103 c\u00e2\u0219tiga\u021bi, v\u0103 vom ajuta s\u0103 v\u0103 revendica\u021bi premiul f\u0103r\u0103 nicio dificultate \u0219i ne vom asigura c\u0103 suma premiului v\u0103 este livrat\u0103 f\u0103r\u0103 niciun fel de probleme.<\/p>\n<p>De\u0219i loteria german\u0103 online este una dintre cele mai vechi loterii din Europa, nu este la fel de popular\u0103 ca celelalte. Motivul este c\u0103 nu este at\u00e2t de mult mediatizat\u0103 \u00een afara Germaniei. <strong>Oricum, acesta nu este un motiv pentru a nu juca la loto german online. \u00cencearc\u0103-\u021bi norocul la loto \u00een Germania ast\u0103zi.<\/strong><\/p>\n","protected":false},"excerpt":{"rendered":"<p>Loteria German\u0103 este acum disponibil\u0103 online Loteria din Germania are o vechime de peste 5 decenii, iar loteria german\u0103 online este organizat\u0103 \u0219i administrat\u0103 de Deutscher Lotto \u0219i Toto Block. Cu o extragere de dou\u0103 ori pe s\u0103pt\u0103m\u00e2n\u0103, miercuri \u0219i s\u00e2mb\u0103t\u0103, loto german online vine cu unul dintre cele mai mari jackpoturi europene, de cele [&hellip;]<\/p>\n","protected":false},"author":1,"featured_media":0,"parent":35714,"menu_order":8,"comment_status":"closed","ping_status":"closed","template":"lotto-german.php","meta":{"_et_pb_use_builder":"","_et_pb_old_content":"","_et_gb_content_width":"","exclude_from_search":false,"footnotes":""},"class_list":["post-36314","page","type-page","status-publish","hentry"],"yoast_head":"<!-- This site is optimized with the Yoast SEO plugin v23.3 - https:\/\/yoast.com\/wordpress\/plugins\/seo\/ -->\n<title>Joac\u0103 la Loto German din afara Germaniei, cu un bilet online<\/title>\n<meta name=\"description\" content=\"Locui\u021bi \u00een afara Germaniei? Nu este o problem\u0103 - juca\u021bi la Loto Germania cu un bilet online de la noi.\" \/>\n<meta name=\"robots\" content=\"index, follow, max-snippet:-1, max-image-preview:large, max-video-preview:-1\" \/>\n<link rel=\"canonical\" href=\"https:\/\/jackpotlotteryonline.com\/play-online\/german-lotto\/\" \/>\n<meta property=\"og:locale\" content=\"ro_RO\" \/>\n<meta property=\"og:type\" content=\"article\" \/>\n<meta property=\"og:title\" content=\"Joac\u0103 la Loto German din afara Germaniei, cu un bilet online\" \/>\n<meta property=\"og:description\" content=\"Locui\u021bi \u00een afara Germaniei? Nu este o problem\u0103 - juca\u021bi la Loto Germania cu un bilet online de la noi.\" \/>\n<meta property=\"og:url\" content=\"https:\/\/jackpotlotteryonline.com\/play-online\/german-lotto\/\" \/>\n<meta property=\"og:site_name\" content=\"Lotto Online - Crack The International Lottery Jackpots\" \/>\n<meta property=\"article:modified_time\" content=\"2022-12-31T10:06:24+00:00\" \/>\n<meta property=\"og:image\" content=\"https:\/\/jackpotlotteryonline.com\/wp-content\/uploads\/2022\/10\/win_lottery_online.jpg\" \/>\n<meta name=\"twitter:card\" content=\"summary_large_image\" \/>\n<meta name=\"twitter:label1\" content=\"Timp estimat pentru citire\" \/>\n\t<meta name=\"twitter:data1\" content=\"3 minute\" \/>\n<!-- \/ Yoast SEO plugin. -->","yoast_head_json":{"title":"Joac\u0103 la Loto German din afara Germaniei, cu un bilet online","description":"Locui\u021bi \u00een afara Germaniei? Nu este o problem\u0103 - juca\u021bi la Loto Germania cu un bilet online de la noi.","robots":{"index":"index","follow":"follow","max-snippet":"max-snippet:-1","max-image-preview":"max-image-preview:large","max-video-preview":"max-video-preview:-1"},"canonical":"https:\/\/jackpotlotteryonline.com\/play-online\/german-lotto\/","og_locale":"ro_RO","og_type":"article","og_title":"Joac\u0103 la Loto German din afara Germaniei, cu un bilet online","og_description":"Locui\u021bi \u00een afara Germaniei? Nu este o problem\u0103 - juca\u021bi la Loto Germania cu un bilet online de la noi.","og_url":"https:\/\/jackpotlotteryonline.com\/play-online\/german-lotto\/","og_site_name":"Lotto Online - Crack The International Lottery Jackpots","article_modified_time":"2022-12-31T10:06:24+00:00","og_image":[{"url":"https:\/\/jackpotlotteryonline.com\/wp-content\/uploads\/2022\/10\/win_lottery_online.jpg"}],"twitter_card":"summary_large_image","twitter_misc":{"Timp estimat pentru citire":"3 minute"},"schema":{"@context":"https:\/\/schema.org","@graph":[{"@type":"WebPage","@id":"https:\/\/jackpotlotteryonline.com\/play-online\/german-lotto\/","url":"https:\/\/jackpotlotteryonline.com\/play-online\/german-lotto\/","name":"Joac\u0103 la Loto German din afara Germaniei, cu un bilet online","isPartOf":{"@id":"https:\/\/jackpotlotteryonline.com\/#website"},"primaryImageOfPage":{"@id":"https:\/\/jackpotlotteryonline.com\/play-online\/german-lotto\/#primaryimage"},"image":{"@id":"https:\/\/jackpotlotteryonline.com\/play-online\/german-lotto\/#primaryimage"},"thumbnailUrl":"https:\/\/jackpotlotteryonline.com\/wp-content\/uploads\/2022\/10\/win_lottery_online.jpg","datePublished":"2022-11-04T09:59:39+00:00","dateModified":"2022-12-31T10:06:24+00:00","description":"Locui\u021bi \u00een afara Germaniei? Nu este o problem\u0103 - juca\u021bi la Loto Germania cu un bilet online de la noi.","breadcrumb":{"@id":"https:\/\/jackpotlotteryonline.com\/play-online\/german-lotto\/#breadcrumb"},"inLanguage":"ro-RO","potentialAction":[{"@type":"ReadAction","target":["https:\/\/jackpotlotteryonline.com\/play-online\/german-lotto\/"]}]},{"@type":"ImageObject","inLanguage":"ro-RO","@id":"https:\/\/jackpotlotteryonline.com\/play-online\/german-lotto\/#primaryimage","url":"https:\/\/jackpotlotteryonline.com\/wp-content\/uploads\/2022\/10\/win_lottery_online.jpg","contentUrl":"https:\/\/jackpotlotteryonline.com\/wp-content\/uploads\/2022\/10\/win_lottery_online.jpg"},{"@type":"BreadcrumbList","@id":"https:\/\/jackpotlotteryonline.com\/play-online\/german-lotto\/#breadcrumb","itemListElement":[{"@type":"ListItem","position":1,"name":"Home","item":"https:\/\/jackpotlotteryonline.com\/ro\/"},{"@type":"ListItem","position":2,"name":"Cum se joac\u0103","item":"https:\/\/jackpotlotteryonline.com\/ro\/cum-se-joaca\/"},{"@type":"ListItem","position":3,"name":"Loteria german\u0103"}]},{"@type":"WebSite","@id":"https:\/\/jackpotlotteryonline.com\/#website","url":"https:\/\/jackpotlotteryonline.com\/","name":"Lotto Online - Crack The International Lottery Jackpots","description":"","potentialAction":[{"@type":"SearchAction","target":{"@type":"EntryPoint","urlTemplate":"https:\/\/jackpotlotteryonline.com\/?s={search_term_string}"},"query-input":"required name=search_term_string"}],"inLanguage":"ro-RO"}]}},"_links":{"self":[{"href":"https:\/\/jackpotlotteryonline.com\/ro\/wp-json\/wp\/v2\/pages\/36314","targetHints":{"allow":["GET"]}}],"collection":[{"href":"https:\/\/jackpotlotteryonline.com\/ro\/wp-json\/wp\/v2\/pages"}],"about":[{"href":"https:\/\/jackpotlotteryonline.com\/ro\/wp-json\/wp\/v2\/types\/page"}],"author":[{"embeddable":true,"href":"https:\/\/jackpotlotteryonline.com\/ro\/wp-json\/wp\/v2\/users\/1"}],"replies":[{"embeddable":true,"href":"https:\/\/jackpotlotteryonline.com\/ro\/wp-json\/wp\/v2\/comments?post=36314"}],"version-history":[{"count":0,"href":"https:\/\/jackpotlotteryonline.com\/ro\/wp-json\/wp\/v2\/pages\/36314\/revisions"}],"up":[{"embeddable":true,"href":"https:\/\/jackpotlotteryonline.com\/ro\/wp-json\/wp\/v2\/pages\/35714"}],"wp:attachment":[{"href":"https:\/\/jackpotlotteryonline.com\/ro\/wp-json\/wp\/v2\/media?parent=36314"}],"curies":[{"name":"wp","href":"https:\/\/api.w.org\/{rel}","templated":true}]}}