{"id":36425,"date":"2022-11-07T07:25:50","date_gmt":"2022-11-07T07:25:50","guid":{"rendered":"https:\/\/jackpotlotteryonline.com\/?page_id=36425"},"modified":"2022-12-19T16:27:34","modified_gmt":"2022-12-19T16:27:34","slug":"powerball","status":"publish","type":"page","link":"https:\/\/jackpotlotteryonline.com\/ro\/cumpara-bilete\/powerball\/","title":{"rendered":"Loteria Powerball din SUA"},"content":{"rendered":"<h2>Cum s\u0103 ob\u021bine\u021bi bilete la Powerball din afara SUA<\/h2>\n<p>Exist\u0103 o loterie \u00een aproape fiecare \u021bar\u0103 de pe glob, dar nu toate loteriile sunt precum Powerball \u0219i Mega Millions, marile loterii din SUA. Premiile loto din SUA au ajuns la sume de p\u00e2n\u0103 la 1,5 miliarde de dolari (\u00een 2016). Jackpoturile loteriei din alte \u021b\u0103ri nu au atins niciodat\u0103 o astfel de sum\u0103, a\u0219a c\u0103, ori de c\u00e2te ori fanii loteriei citesc despre un alt jackpot record la loto \u00een SUA, ace\u0219tia \u00ee\u0219i pun o singur\u0103 \u00eentrebare: <strong>Pot s\u0103 <a href=\"https:\/\/jackpotlotteryonline.com\/ro\/cum-se-joaca\/powerball\">joc la Powerball din afara SUA<\/a>, poate online?<\/strong><\/p>\n<p><strong>Ei bine, r\u0103spunsul simplu este da &#8211; chiar dac\u0103 locui\u021bi \u00een afara SUA<\/strong>, pute\u021bi juca la Powerball. Noi suntem un serviciu de renume care v\u0103 permite s\u0103 cump\u0103ra\u021bi bilete pentru aceste loterii uria\u0219e sau pentru o serie de alte loterii interna\u021bionale. Este c\u00e2t se poate de simplu &#8211; v\u0103 alege\u021bi numerele online, iar noi trimitem agen\u021bii no\u0219tri din SUA s\u0103 cumpere bilete pentru dumneavoastr\u0103. Aceste bilete de loto v\u0103 apar\u021bin, astfel \u00eenc\u00e2t ave\u021bi o preten\u021bie legitim\u0103 fa\u021b\u0103 de comisia de loterie \u00eens\u0103\u0219i. Dac\u0103 c\u00e2\u0219tiga\u021bi, v\u0103 vom ajuta \u0219i noi s\u0103 v\u0103 primi\u021bi banii.<\/p>\n<p>Partea important\u0103 este faptul c\u0103 ve\u021bi primi un bilet original de loto aici, \u0219i nu ve\u021bi participa la un fel de \u00een\u0219el\u0103torie la loto!<\/p>\n<h2>Procesul de cump\u0103rare a biletului de <strong>loterie online<\/strong><\/h2>\n<p><img loading=\"lazy\" decoding=\"async\" class=\"alignright size-full wp-image-34943\" src=\"http:\/\/jackpotlotteryonline.com\/wp-content\/uploads\/2022\/11\/2_ticket_powerball3-1.jpg\" alt=\"bilet powerball\" width=\"180\" height=\"194\" \/><\/p>\n<p><strong>\u00cen primul r\u00e2nd, v\u0103 uita\u021bi \u00een partea de sus a site-ului nostru<\/strong>, unde face\u021bi clic pe unul dintre bannere \u0219i alege\u021bi loteria la care dori\u021bi s\u0103 participa\u021bi. Site-ul nostru este disponibil \u00een peste 20 de limbi diferite. Majoritatea clien\u021bilor cump\u0103r\u0103 bilete pentru loteriile americane Powerball \u0219i\/sau Mega Millions, dar foarte des \u0219i alte loterii interna\u021bionale au jackpoturi uria\u0219e. Pute\u021bi s\u0103 le sorta\u021bi \u00een func\u021bie de m\u0103rimea jackpotului \u0219i pur \u0219i simplu s\u0103 juca\u021bi la loteria care are \u00een prezent cea mai mare sum\u0103. Dac\u0103 dori\u021bi s\u0103 juca\u021bi la mai multe loterii, acest lucru este, de asemenea, u\u0219or &#8211; de exemplu, pute\u021bi cump\u0103ra un bilet pentru Powerball \u0219i un altul pentru loteria spaniol\u0103 El Gordo.<\/p>\n<p>Apoi, alege\u021bi numerele &#8211; acest lucru este u\u0219or, deoarece site-ul nostru v\u0103 va ar\u0103ta c\u00e2te numere trebuie s\u0103 alege\u021bi. Exist\u0103 o func\u021bie de alegere rapid\u0103 care genereaz\u0103 numere la \u00eent\u00e2mplare, dac\u0103 prefera\u021bi acest lucru. Dup\u0103 aceea, alege\u021bi c\u00e2te bilete dori\u021bi s\u0103 cump\u0103ra\u021bi \u0219i pentru <a href=\"https:\/\/jackpotlotteryonline.com\/ro\/numere-castigatoare\/powerball\">c\u00e2te extrageri (s\u0103pt\u0103m\u00e2ni)<\/a> dori\u021bi ca biletul dumneavoastr\u0103 s\u0103 fie valabil. \u00cen func\u021bie de c\u00e2te s\u0103pt\u0103m\u00e2ni va participa biletul dvs., ve\u021bi primi o reducere la pre\u021bul pe care \u00eel pl\u0103ti\u021bi pentru bilet.<\/p>\n<p>Dup\u0103 ce a\u021bi ales toate op\u021biunile, pute\u021bi vedea pre\u021bul total, iar urm\u0103torul pas este s\u0103 v\u0103 \u00eenregistra\u021bi un cont de client. Plata biletelor de loterie este \u0219i ea u\u0219oar\u0103 &#8211; majoritatea clien\u021bilor aleg op\u021biunea de plat\u0103 cu cardul de credit, dar exist\u0103 \u0219i alte op\u021biuni, cum ar fi (\u00een func\u021bie de \u021bara din care v\u0103 afla\u021bi) transferul bancar instantaneu, sau criptomonedele.<\/p>\n<p>Pentru pl\u0103\u021bile dvs. vor fi folosite cele mai recente \u0219i mai sigure protocoale, astfel \u00eenc\u00e2t nu trebuie s\u0103 v\u0103 teme\u021bi de nicio fraud\u0103 cu cardul de credit. Dac\u0103 dori\u021bi, pute\u021bi alege op\u021biunea de a ob\u021bine un bilet pentru mai multe extrageri, numerele dvs. vor participa la Powerball sau la orice loterie pe care o alege\u021bi, pentru 2, 4, 6 sau chiar 8 extrageri la r\u00e2nd.\u00a0 Aceasta este totu\u0219i o op\u021biune &#8211; dac\u0103 nu bifa\u021bi aceast\u0103 c\u0103su\u021b\u0103, ve\u021bi fi taxat doar pentru o singur\u0103 extragere!<\/p>\n<p>Majoritatea persoanelor din afara SUA joac\u0103 doar la loteria local\u0103, f\u0103r\u0103 a fi con\u0219tien\u021bi de aceast\u0103 op\u021biune de a juca la loto interna\u021bional online. Dar acum c\u0103 sunte\u021bi \u00een cuno\u0219tin\u021b\u0103 de cauz\u0103, ce v\u0103 \u00eempiedic\u0103 s\u0103 juca\u021bi pentru jackpoturi care de multe ori sunt de 100 de ori mai mari dec\u00e2t cele pe care le pute\u021bi c\u00e2\u0219tiga \u00een \u021bara dumneavoastr\u0103 de re\u0219edin\u021b\u0103? Poate vei fi tu urm\u0103torul c\u00e2\u0219tig\u0103tor al jackpotului Powerball!<\/p>\n<section class=\"layout\" style=\"border: solid 1px; width: 100%;\">\n<div class=\"img-div\" style=\"margin-top: 5px;\"><img decoding=\"async\" class=\"wp-image-17212 alignleft\" style=\"height: 45px; margin: 8px 8px 0px;\" src=\"http:\/\/jackpotlotteryonline.com\/wp-content\/uploads\/2022\/11\/read1.jpg\" alt=\"juca powerball din afara SUA\" width=\"\" height=\"\" \/><\/div>\n<div style=\"padding-left: 5px;\">\n<div style=\"font-size: 1.1em;\">\n<p><strong>Este legal s\u0103 joci la loterii din alte \u021b\u0103ri online?<\/strong><\/p>\n<p style=\"font-size: 0.85em; margin-top: -1.5em;\">Este legal s\u0103 cump\u0103r un bilet de loterie online \u0219i dac\u0103 voi fi pl\u0103tit? \u00a0<a href=\"https:\/\/jackpotlotteryonline.com\/ro\/este-legal-sa-joci-la-loterii-din-alte-tari-online\">cite\u0219te mai mult<\/a><\/p>\n<\/div>\n<\/div>\n<\/section>\n<h2>Prezentare general\u0103 Lotto USA Online<\/h2>\n<p>\u00cen Statele Unite ale Americii, exist\u0103 43 de state, plus Districtul Columbia, Insulele Virgine Americane \u0219i Puerto Rico care organizeaz\u0103 loterii. \u00cen fiecare dintre aceste zone exist\u0103 loterii de stat care se \u00eencadreaz\u0103 \u00een <strong>categoria Lotto USA<\/strong>. Unele dintre cele mai importante loterii Lotto USA care se desf\u0103\u0219oar\u0103 sunt Mega Millions \u0219i Powerball. Acestea sunt loterii masive care sunt disponibile pentru reziden\u021bii din toat\u0103 SUA, iar acum, juc\u0103torii din str\u0103in\u0103tate pot participa online prin intermediul acestui serviciu al nostru.<\/p>\n<h2>Powerball Loto SUA<\/h2>\n<p><img loading=\"lazy\" decoding=\"async\" class=\"alignright size-full wp-image-31721\" src=\"http:\/\/jackpotlotteryonline.com\/wp-content\/uploads\/2022\/11\/powerball_globe_logo.png\" alt=\"bcump\u0103ra\u021bi powerball online\" width=\"200\" height=\"212\" \/><\/p>\n<p>Cel mai popular joc Lotto USA este Powerball. Powerball este extras \u00een Universal Studios din Florida, SUA, dar are o cerin\u021b\u0103 de nereziden\u021b\u0103, ceea ce \u00eenseamn\u0103 c\u0103 reziden\u021bii din statele care nu au Powerball \u0219i chiar juc\u0103torii din afara SUA sunt eligibili pentru a participa la acest joc Lotto USA.<\/p>\n<p>Pentru a fi eligibili pentru a juca la Powerball, juc\u0103torii trebuie s\u0103 aib\u0103 cel pu\u021bin 18 ani \u00eemplini\u021bi. Juc\u0103torii trebuie s\u0103 selecteze \u0219ase numere &#8211; cinci numere \u00eentre 1 \u0219i 59 \u0219i un num\u0103r PowerBall \u00eentre 1 \u0219i 39. Juc\u0103torii au posibilitatea de a utiliza func\u021bia Quick Pick care va selecta aleatoriu 6 numere pentru dumneavoastr\u0103.<\/p>\n<p>Jackpoturile Powerball sunt de obicei de ordinul zecilor de milioane de dolari, de\u0219i \u00een trecut au dep\u0103\u0219it destul de des 200 de milioane de dolari.<\/p>\n<h2>Mega Millions Loto SUA<\/h2>\n<p>Mega Millions este o <strong>alt\u0103 loterie Lotto USA<\/strong> care se desf\u0103\u0219oar\u0103 \u00een SUA \u0219i este, de fapt, extras\u0103 \u00een Atlanta, Georgia. \u00cen ciuda acestui fapt, Mega Millions nu are o cerin\u021b\u0103 de reziden\u021b\u0103, ceea ce \u00eenseamn\u0103 c\u0103 reziden\u021bii din statele care nu sunt incluse \u00een Mega Million \u0219i chiar \u0219i cei care nu sunt reziden\u021bi \u00een SUA pot participa \u0219i c\u00e2\u0219tiga la Mega Millions Lotto USA.<\/p>\n<p>Pentru a putea juca la Mega Million Lotto USA, trebuie s\u0103 ave\u021bi 18 ani sau mai mult. Trebuie s\u0103 alege\u021bi 6 numere &#8211; cinci numere \u00eentre 1 \u0219i 56 \u0219i un num\u0103r Mega Ball \u00eentre 1 \u0219i 46. Ave\u021bi posibilitatea de a utiliza op\u021biunea Quick Pick, care va selecta aleatoriu numerele pentru dumneavoastr\u0103.<\/p>\n<p>Jocul Mega Million Lotto USA ofer\u0103 premii \u00een bani, precum \u0219i un premiu jackpot. Se \u0219tie c\u0103 jackpotul care schimb\u0103 vie\u021bi a ajuns la sute de milioane de dolari, ceea ce \u00eel face foarte popular.<\/p>\n<h2>NASPL &#8211; Asocia\u021bia Loto SUA<\/h2>\n<p>Asocia\u021bia nord-american\u0103 a loteriilor de stat \u0219i provinciale (NASPL) reprezint\u0103 toate loteriile de stat \u0219i provinciale din SUA \u0219i loteriile canadiene. Lotto USA este operat mai eficient prin intermediul NASPL. Aceasta ac\u021bioneaz\u0103 ca o interfa\u021b\u0103 pentru Lotto USA, furnizeaz\u0103 informa\u021bii, efectueaz\u0103 activit\u0103\u021bi de cercetare \u0219i dezvoltare, asigur\u0103 securitatea \u0219i instruie\u0219te personalul Lotto USA. Toate loteriile majore din SUA sunt membre ale NASPL.<\/p>\n","protected":false},"excerpt":{"rendered":"<p>Cum s\u0103 ob\u021bine\u021bi bilete la Powerball din afara SUA Exist\u0103 o loterie \u00een aproape fiecare \u021bar\u0103 de pe glob, dar nu toate loteriile sunt precum Powerball \u0219i Mega Millions, marile loterii din SUA. Premiile loto din SUA au ajuns la sume de p\u00e2n\u0103 la 1,5 miliarde de dolari (\u00een 2016). Jackpoturile loteriei din alte \u021b\u0103ri [&hellip;]<\/p>\n","protected":false},"author":1,"featured_media":0,"parent":35774,"menu_order":1,"comment_status":"closed","ping_status":"closed","template":"powerball-usa-info.php","meta":{"_et_pb_use_builder":"","_et_pb_old_content":"","_et_gb_content_width":"","exclude_from_search":false,"footnotes":""},"class_list":["post-36425","page","type-page","status-publish","hentry"],"yoast_head":"<!-- This site is optimized with the Yoast SEO plugin v23.3 - https:\/\/yoast.com\/wordpress\/plugins\/seo\/ -->\n<title>Cump\u0103ra\u021bi bilete Powerball online din orice alt\u0103 \u021bar\u0103 din afara SUA<\/title>\n<meta name=\"description\" content=\"Afla\u021bi cum reziden\u021bii din alte \u021b\u0103ri pot juca online pentru uria\u0219ele jackpoturi ale loteriei Powerball - pute\u021bi fi \u00een afara SUA \u0219i totu\u0219i s\u0103 juca\u021bi\" \/>\n<meta name=\"robots\" content=\"index, follow, max-snippet:-1, max-image-preview:large, max-video-preview:-1\" \/>\n<link rel=\"canonical\" href=\"https:\/\/jackpotlotteryonline.com\/ro\/cumpara-bilete\/powerball\/\" \/>\n<meta property=\"og:locale\" content=\"ro_RO\" \/>\n<meta property=\"og:type\" content=\"article\" \/>\n<meta property=\"og:title\" content=\"Cump\u0103ra\u021bi bilete Powerball online din orice alt\u0103 \u021bar\u0103 din afara SUA\" \/>\n<meta property=\"og:description\" content=\"Afla\u021bi cum reziden\u021bii din alte \u021b\u0103ri pot juca online pentru uria\u0219ele jackpoturi ale loteriei Powerball - pute\u021bi fi \u00een afara SUA \u0219i totu\u0219i s\u0103 juca\u021bi\" \/>\n<meta property=\"og:url\" content=\"https:\/\/jackpotlotteryonline.com\/ro\/cumpara-bilete\/powerball\/\" \/>\n<meta property=\"og:site_name\" content=\"Lotto Online - Crack The International Lottery Jackpots\" \/>\n<meta property=\"article:modified_time\" content=\"2022-12-19T16:27:34+00:00\" \/>\n<meta property=\"og:image\" content=\"http:\/\/jackpotlotteryonline.com\/wp-content\/uploads\/2022\/11\/2_ticket_powerball3-1.jpg\" \/>\n<meta name=\"twitter:card\" content=\"summary_large_image\" \/>\n<meta name=\"twitter:label1\" content=\"Timp estimat pentru citire\" \/>\n\t<meta name=\"twitter:data1\" content=\"6 minute\" \/>\n<!-- \/ Yoast SEO plugin. -->","yoast_head_json":{"title":"Cump\u0103ra\u021bi bilete Powerball online din orice alt\u0103 \u021bar\u0103 din afara SUA","description":"Afla\u021bi cum reziden\u021bii din alte \u021b\u0103ri pot juca online pentru uria\u0219ele jackpoturi ale loteriei Powerball - pute\u021bi fi \u00een afara SUA \u0219i totu\u0219i s\u0103 juca\u021bi","robots":{"index":"index","follow":"follow","max-snippet":"max-snippet:-1","max-image-preview":"max-image-preview:large","max-video-preview":"max-video-preview:-1"},"canonical":"https:\/\/jackpotlotteryonline.com\/ro\/cumpara-bilete\/powerball\/","og_locale":"ro_RO","og_type":"article","og_title":"Cump\u0103ra\u021bi bilete Powerball online din orice alt\u0103 \u021bar\u0103 din afara SUA","og_description":"Afla\u021bi cum reziden\u021bii din alte \u021b\u0103ri pot juca online pentru uria\u0219ele jackpoturi ale loteriei Powerball - pute\u021bi fi \u00een afara SUA \u0219i totu\u0219i s\u0103 juca\u021bi","og_url":"https:\/\/jackpotlotteryonline.com\/ro\/cumpara-bilete\/powerball\/","og_site_name":"Lotto Online - Crack The International Lottery Jackpots","article_modified_time":"2022-12-19T16:27:34+00:00","og_image":[{"url":"http:\/\/jackpotlotteryonline.com\/wp-content\/uploads\/2022\/11\/2_ticket_powerball3-1.jpg"}],"twitter_card":"summary_large_image","twitter_misc":{"Timp estimat pentru citire":"6 minute"},"schema":{"@context":"https:\/\/schema.org","@graph":[{"@type":"WebPage","@id":"https:\/\/jackpotlotteryonline.com\/ro\/cumpara-bilete\/powerball\/","url":"https:\/\/jackpotlotteryonline.com\/ro\/cumpara-bilete\/powerball\/","name":"Cump\u0103ra\u021bi bilete Powerball online din orice alt\u0103 \u021bar\u0103 din afara SUA","isPartOf":{"@id":"https:\/\/jackpotlotteryonline.com\/#website"},"primaryImageOfPage":{"@id":"https:\/\/jackpotlotteryonline.com\/ro\/cumpara-bilete\/powerball\/#primaryimage"},"image":{"@id":"https:\/\/jackpotlotteryonline.com\/ro\/cumpara-bilete\/powerball\/#primaryimage"},"thumbnailUrl":"http:\/\/jackpotlotteryonline.com\/wp-content\/uploads\/2022\/11\/2_ticket_powerball3-1.jpg","datePublished":"2022-11-07T07:25:50+00:00","dateModified":"2022-12-19T16:27:34+00:00","description":"Afla\u021bi cum reziden\u021bii din alte \u021b\u0103ri pot juca online pentru uria\u0219ele jackpoturi ale loteriei Powerball - pute\u021bi fi \u00een afara SUA \u0219i totu\u0219i s\u0103 juca\u021bi","breadcrumb":{"@id":"https:\/\/jackpotlotteryonline.com\/ro\/cumpara-bilete\/powerball\/#breadcrumb"},"inLanguage":"ro-RO","potentialAction":[{"@type":"ReadAction","target":["https:\/\/jackpotlotteryonline.com\/ro\/cumpara-bilete\/powerball\/"]}]},{"@type":"ImageObject","inLanguage":"ro-RO","@id":"https:\/\/jackpotlotteryonline.com\/ro\/cumpara-bilete\/powerball\/#primaryimage","url":"http:\/\/jackpotlotteryonline.com\/wp-content\/uploads\/2022\/11\/2_ticket_powerball3-1.jpg","contentUrl":"http:\/\/jackpotlotteryonline.com\/wp-content\/uploads\/2022\/11\/2_ticket_powerball3-1.jpg"},{"@type":"BreadcrumbList","@id":"https:\/\/jackpotlotteryonline.com\/ro\/cumpara-bilete\/powerball\/#breadcrumb","itemListElement":[{"@type":"ListItem","position":1,"name":"Home","item":"https:\/\/jackpotlotteryonline.com\/ro\/"},{"@type":"ListItem","position":2,"name":"Cum s\u0103 cump\u0103ra\u021bi bilete de loterie online","item":"https:\/\/jackpotlotteryonline.com\/buy-tickets\/"},{"@type":"ListItem","position":3,"name":"Loteria Powerball din SUA"}]},{"@type":"WebSite","@id":"https:\/\/jackpotlotteryonline.com\/#website","url":"https:\/\/jackpotlotteryonline.com\/","name":"Lotto Online - Crack The International Lottery Jackpots","description":"","potentialAction":[{"@type":"SearchAction","target":{"@type":"EntryPoint","urlTemplate":"https:\/\/jackpotlotteryonline.com\/?s={search_term_string}"},"query-input":"required name=search_term_string"}],"inLanguage":"ro-RO"}]}},"_links":{"self":[{"href":"https:\/\/jackpotlotteryonline.com\/ro\/wp-json\/wp\/v2\/pages\/36425","targetHints":{"allow":["GET"]}}],"collection":[{"href":"https:\/\/jackpotlotteryonline.com\/ro\/wp-json\/wp\/v2\/pages"}],"about":[{"href":"https:\/\/jackpotlotteryonline.com\/ro\/wp-json\/wp\/v2\/types\/page"}],"author":[{"embeddable":true,"href":"https:\/\/jackpotlotteryonline.com\/ro\/wp-json\/wp\/v2\/users\/1"}],"replies":[{"embeddable":true,"href":"https:\/\/jackpotlotteryonline.com\/ro\/wp-json\/wp\/v2\/comments?post=36425"}],"version-history":[{"count":0,"href":"https:\/\/jackpotlotteryonline.com\/ro\/wp-json\/wp\/v2\/pages\/36425\/revisions"}],"up":[{"embeddable":true,"href":"https:\/\/jackpotlotteryonline.com\/ro\/wp-json\/wp\/v2\/pages\/35774"}],"wp:attachment":[{"href":"https:\/\/jackpotlotteryonline.com\/ro\/wp-json\/wp\/v2\/media?parent=36425"}],"curies":[{"name":"wp","href":"https:\/\/api.w.org\/{rel}","templated":true}]}}