{"id":36478,"date":"2022-11-07T08:45:17","date_gmt":"2022-11-07T08:45:17","guid":{"rendered":"https:\/\/jackpotlotteryonline.com\/?page_id=36478"},"modified":"2022-12-19T19:42:59","modified_gmt":"2022-12-19T19:42:59","slug":"euromillions","status":"publish","type":"page","link":"https:\/\/jackpotlotteryonline.com\/ro\/cumpara-bilete\/euromillions\/","title":{"rendered":"Pot ob\u021bine un bilet la Euromillions din afara Europei?"},"content":{"rendered":"<h2>Cea mai mare loterie din Europa este Euromillions<\/h2>\n<p><img loading=\"lazy\" decoding=\"async\" class=\"alignright wp-image-17411 size-full\" src=\"https:\/\/jackpotlotteryonline.com\/wp-content\/uploads\/2022\/10\/euromillions.png\" alt=\"cump\u0103ra\u021bi euromillioane online\" width=\"200\" height=\"212\" \/><\/p>\n<p><a href=\"https:\/\/jackpotlotteryonline.com\/ro\/cum-se-joaca\/euromillions\">Euromillions<\/a> este o loterie oferit\u0103 \u00een diverse \u021b\u0103ri europene. A fost conceput\u0103 pentru a oferi jackpoturi substan\u021bial mai mari dec\u00e2t loteriile na\u021bionale ale acelor \u021b\u0103ri individuale. Acest lucru a fost realizat prin crearea unei structuri de loterie cu o probabilitate mai mic\u0103, ceea ce \u00eenseamn\u0103 mai multe combina\u021bii posibile de numere. Faptul c\u0103 astfel de jackpoturi dureaz\u0103 de obicei mai mult timp pentru a fi sparte, combinat cu un jackpot de pornire mai mare, de 10 milioane de euro, a dus la jackpoturi de peste 100 de milioane de euro \u00een mod regulat.<\/p>\n<h2>De ce ai nevoie de un serviciu de bilete online pentru a juca?<\/h2>\n<p>Ei bine, dac\u0103 locui\u021bi \u00eentr-una dintre \u021b\u0103rile europene participante, nu ve\u021bi avea nevoie de un serviciu ca al nostru. Dar dac\u0103 nu, sau dac\u0103 sunte\u021bi chiar \u00een afara Europei, atunci singura modalitate de a ob\u021bine un bilet pentru Euromillions este online. Tot ce trebuie s\u0103 face\u021bi este s\u0103 da\u021bi <strong>click pe bannerul Euromillions din partea de sus<\/strong> \u0219i s\u0103 v\u0103 comanda\u021bi biletele, apoi participarea dumneavoastr\u0103 este asigurat\u0103. Apropo, noi cump\u0103r\u0103m bilete reale la Euromillions prin intermediul unui v\u00e2nz\u0103tor oficial de bilete situat \u00een Europa.<\/p>\n<section class=\"layout\" style=\"border: solid 1px; width: 100%;\">\n<div class=\"img-div\" style=\"margin-top: 5px;\"><img decoding=\"async\" class=\"wp-image-17212 alignleft\" style=\"height: 45px; margin: 8px 8px 0px;\" src=\"https:\/\/jackpotlotteryonline.com\/wp-content\/uploads\/2022\/11\/read1.jpg\" alt=\"juca Euromillions\" width=\"\" height=\"\" \/><\/div>\n<div style=\"padding-left: 5px;\">\n<div style=\"font-size: 1.1em;\">\n<p><strong>Loteriile care au cele mai mari \u0219anse ca tu s\u0103 c\u00e2\u0219tigi mult<\/strong><\/p>\n<p style=\"font-size: 0.85em; margin-top: -1.5em;\">Care loterie are cele mai bune \u0219anse de c\u00e2\u0219tig? \u00a0<a href=\"https:\/\/jackpotlotteryonline.com\/ro\/care-loterie-are-cele-mai-bune-sanse-de-castig\">cite\u0219te mai mult<\/a><\/p>\n<\/div>\n<\/div>\n<\/section>\n<h2>Despre Euromillions<\/h2>\n<p><a href=\"https:\/\/jackpotlotteryonline.com\/ro\/numere-castigatoare\/euromillions\">Aceast\u0103 loterie are dou\u0103 extrageri s\u0103pt\u0103m\u00e2nale<\/a>, mar\u021bi \u0219i vineri. Este structurat\u0103 \u00een acela\u0219i mod ca \u0219i Eurojackpot, cu excep\u021bia faptului c\u0103 nu exist\u0103 un plafon pentru jackpot \u0219i trebuie s\u0103 alege\u021bi dou\u0103 numere suplimentare \u00eentre 1 \u0219i 12. De asemenea, are 13 niveluri de premii.<\/p>\n<h2>Serviciul de cump\u0103rare de bilete pentru loteriile interna\u021bionale<\/h2>\n<p><img loading=\"lazy\" decoding=\"async\" class=\"alignright size-full wp-image-33431\" src=\"https:\/\/jackpotlotteryonline.com\/wp-content\/uploads\/2022\/11\/2_ticket_euromillions-112x300-1.jpg\" alt=\"bilet euromillions\" width=\"112\" height=\"300\" \/><\/p>\n<p>\u00cen afar\u0103 de faptul c\u0103 v\u0103 oferim bilete online pentru Euromillions \u0219i Eurojackpot, avem \u00een total peste 20 de loterii din care pute\u021bi alege. \u00cen timp ce poate dori\u021bi s\u0103 o alege\u021bi \u00eentotdeauna pe cea cu cele mai mari jackpoturi, unele dintre loteriile &#8220;mai mici&#8221; merit\u0103, de asemenea, luate \u00een considerare. Acestea pot oferi \u0219anse mai avantajoase de c\u00e2\u0219tig sau pre\u021buri mai mici la bilete.<\/p>\n<p>Nu trebuie s\u0103 v\u0103 face\u021bi griji nici \u00een privin\u021ba pl\u0103\u021bii \u0219i a securit\u0103\u021bii datelor. Folosim protocoale extrem de sigure pentru procesarea pl\u0103\u021bilor. Accept\u0103m pl\u0103\u021bi prin carduri de credit, criptomonede, transfer bancar \u0219i o serie de alte op\u021biuni.<\/p>\n","protected":false},"excerpt":{"rendered":"<p>Cea mai mare loterie din Europa este Euromillions Euromillions este o loterie oferit\u0103 \u00een diverse \u021b\u0103ri europene. A fost conceput\u0103 pentru a oferi jackpoturi substan\u021bial mai mari dec\u00e2t loteriile na\u021bionale ale acelor \u021b\u0103ri individuale. Acest lucru a fost realizat prin crearea unei structuri de loterie cu o probabilitate mai mic\u0103, ceea ce \u00eenseamn\u0103 mai multe [&hellip;]<\/p>\n","protected":false},"author":1,"featured_media":0,"parent":35774,"menu_order":3,"comment_status":"closed","ping_status":"closed","template":"euromillions-info.php","meta":{"_et_pb_use_builder":"","_et_pb_old_content":"","_et_gb_content_width":"","exclude_from_search":false,"footnotes":""},"class_list":["post-36478","page","type-page","status-publish","hentry"],"yoast_head":"<!-- This site is optimized with the Yoast SEO plugin v23.3 - https:\/\/yoast.com\/wordpress\/plugins\/seo\/ -->\n<title>Ob\u021bine\u021bi un bilet pentru Euromillions din afara Europei<\/title>\n<meta name=\"description\" content=\"Cum s\u0103 participa\u021bi la Euromillions online din afara Europei - pur \u0219i simplu cump\u0103ra\u021bi biletul online de pe site-ul nostru\" \/>\n<meta name=\"robots\" content=\"index, follow, max-snippet:-1, max-image-preview:large, max-video-preview:-1\" \/>\n<link rel=\"canonical\" href=\"https:\/\/jackpotlotteryonline.com\/ro\/cumpara-bilete\/euromillions\/\" \/>\n<meta property=\"og:locale\" content=\"ro_RO\" \/>\n<meta property=\"og:type\" content=\"article\" \/>\n<meta property=\"og:title\" content=\"Ob\u021bine\u021bi un bilet pentru Euromillions din afara Europei\" \/>\n<meta property=\"og:description\" content=\"Cum s\u0103 participa\u021bi la Euromillions online din afara Europei - pur \u0219i simplu cump\u0103ra\u021bi biletul online de pe site-ul nostru\" \/>\n<meta property=\"og:url\" content=\"https:\/\/jackpotlotteryonline.com\/ro\/cumpara-bilete\/euromillions\/\" \/>\n<meta property=\"og:site_name\" content=\"Lotto Online - Crack The International Lottery Jackpots\" \/>\n<meta property=\"article:modified_time\" content=\"2022-12-19T19:42:59+00:00\" \/>\n<meta property=\"og:image\" content=\"https:\/\/jackpotlotteryonline.com\/wp-content\/uploads\/2022\/10\/euromillions.png\" \/>\n<meta name=\"twitter:card\" content=\"summary_large_image\" \/>\n<meta name=\"twitter:label1\" content=\"Timp estimat pentru citire\" \/>\n\t<meta name=\"twitter:data1\" content=\"3 minute\" \/>\n<!-- \/ Yoast SEO plugin. -->","yoast_head_json":{"title":"Ob\u021bine\u021bi un bilet pentru Euromillions din afara Europei","description":"Cum s\u0103 participa\u021bi la Euromillions online din afara Europei - pur \u0219i simplu cump\u0103ra\u021bi biletul online de pe site-ul nostru","robots":{"index":"index","follow":"follow","max-snippet":"max-snippet:-1","max-image-preview":"max-image-preview:large","max-video-preview":"max-video-preview:-1"},"canonical":"https:\/\/jackpotlotteryonline.com\/ro\/cumpara-bilete\/euromillions\/","og_locale":"ro_RO","og_type":"article","og_title":"Ob\u021bine\u021bi un bilet pentru Euromillions din afara Europei","og_description":"Cum s\u0103 participa\u021bi la Euromillions online din afara Europei - pur \u0219i simplu cump\u0103ra\u021bi biletul online de pe site-ul nostru","og_url":"https:\/\/jackpotlotteryonline.com\/ro\/cumpara-bilete\/euromillions\/","og_site_name":"Lotto Online - Crack The International Lottery Jackpots","article_modified_time":"2022-12-19T19:42:59+00:00","og_image":[{"url":"https:\/\/jackpotlotteryonline.com\/wp-content\/uploads\/2022\/10\/euromillions.png"}],"twitter_card":"summary_large_image","twitter_misc":{"Timp estimat pentru citire":"3 minute"},"schema":{"@context":"https:\/\/schema.org","@graph":[{"@type":"WebPage","@id":"https:\/\/jackpotlotteryonline.com\/ro\/cumpara-bilete\/euromillions\/","url":"https:\/\/jackpotlotteryonline.com\/ro\/cumpara-bilete\/euromillions\/","name":"Ob\u021bine\u021bi un bilet pentru Euromillions din afara Europei","isPartOf":{"@id":"https:\/\/jackpotlotteryonline.com\/#website"},"primaryImageOfPage":{"@id":"https:\/\/jackpotlotteryonline.com\/ro\/cumpara-bilete\/euromillions\/#primaryimage"},"image":{"@id":"https:\/\/jackpotlotteryonline.com\/ro\/cumpara-bilete\/euromillions\/#primaryimage"},"thumbnailUrl":"https:\/\/jackpotlotteryonline.com\/wp-content\/uploads\/2022\/10\/euromillions.png","datePublished":"2022-11-07T08:45:17+00:00","dateModified":"2022-12-19T19:42:59+00:00","description":"Cum s\u0103 participa\u021bi la Euromillions online din afara Europei - pur \u0219i simplu cump\u0103ra\u021bi biletul online de pe site-ul nostru","breadcrumb":{"@id":"https:\/\/jackpotlotteryonline.com\/ro\/cumpara-bilete\/euromillions\/#breadcrumb"},"inLanguage":"ro-RO","potentialAction":[{"@type":"ReadAction","target":["https:\/\/jackpotlotteryonline.com\/ro\/cumpara-bilete\/euromillions\/"]}]},{"@type":"ImageObject","inLanguage":"ro-RO","@id":"https:\/\/jackpotlotteryonline.com\/ro\/cumpara-bilete\/euromillions\/#primaryimage","url":"https:\/\/jackpotlotteryonline.com\/wp-content\/uploads\/2022\/10\/euromillions.png","contentUrl":"https:\/\/jackpotlotteryonline.com\/wp-content\/uploads\/2022\/10\/euromillions.png"},{"@type":"BreadcrumbList","@id":"https:\/\/jackpotlotteryonline.com\/ro\/cumpara-bilete\/euromillions\/#breadcrumb","itemListElement":[{"@type":"ListItem","position":1,"name":"Home","item":"https:\/\/jackpotlotteryonline.com\/ro\/"},{"@type":"ListItem","position":2,"name":"Cum s\u0103 cump\u0103ra\u021bi bilete de loterie online","item":"https:\/\/jackpotlotteryonline.com\/buy-tickets\/"},{"@type":"ListItem","position":3,"name":"Pot ob\u021bine un bilet la Euromillions din afara Europei?"}]},{"@type":"WebSite","@id":"https:\/\/jackpotlotteryonline.com\/#website","url":"https:\/\/jackpotlotteryonline.com\/","name":"Lotto Online - Crack The International Lottery Jackpots","description":"","potentialAction":[{"@type":"SearchAction","target":{"@type":"EntryPoint","urlTemplate":"https:\/\/jackpotlotteryonline.com\/?s={search_term_string}"},"query-input":"required name=search_term_string"}],"inLanguage":"ro-RO"}]}},"_links":{"self":[{"href":"https:\/\/jackpotlotteryonline.com\/ro\/wp-json\/wp\/v2\/pages\/36478","targetHints":{"allow":["GET"]}}],"collection":[{"href":"https:\/\/jackpotlotteryonline.com\/ro\/wp-json\/wp\/v2\/pages"}],"about":[{"href":"https:\/\/jackpotlotteryonline.com\/ro\/wp-json\/wp\/v2\/types\/page"}],"author":[{"embeddable":true,"href":"https:\/\/jackpotlotteryonline.com\/ro\/wp-json\/wp\/v2\/users\/1"}],"replies":[{"embeddable":true,"href":"https:\/\/jackpotlotteryonline.com\/ro\/wp-json\/wp\/v2\/comments?post=36478"}],"version-history":[{"count":0,"href":"https:\/\/jackpotlotteryonline.com\/ro\/wp-json\/wp\/v2\/pages\/36478\/revisions"}],"up":[{"embeddable":true,"href":"https:\/\/jackpotlotteryonline.com\/ro\/wp-json\/wp\/v2\/pages\/35774"}],"wp:attachment":[{"href":"https:\/\/jackpotlotteryonline.com\/ro\/wp-json\/wp\/v2\/media?parent=36478"}],"curies":[{"name":"wp","href":"https:\/\/api.w.org\/{rel}","templated":true}]}}