{"id":36533,"date":"2022-11-07T10:38:35","date_gmt":"2022-11-07T10:38:35","guid":{"rendered":"https:\/\/jackpotlotteryonline.com\/?page_id=36533"},"modified":"2023-01-03T20:12:32","modified_gmt":"2023-01-03T20:12:32","slug":"eurojackpot","status":"publish","type":"page","link":"https:\/\/jackpotlotteryonline.com\/ro\/cumpara-bilete\/eurojackpot\/","title":{"rendered":"Cump\u0103ra\u021bi bilete pentru Eurojackpot din afara \u021b\u0103rilor participante"},"content":{"rendered":"<h2>Despre EuroJackpot<\/h2>\n<p><a href=\"https:\/\/jackpotlotteryonline.com\/ro\/cum-se-joaca\/eurojackpot\">Eurojackpot<\/a> are o caracteristic\u0103 interesant\u0103 pe care trebuie s\u0103 o cunoa\u0219te\u021bi: Ori de c\u00e2te ori jackpotul ajunge la 90 de milioane, exist\u0103 o limit\u0103 a jackpotului pe care \u00eel pute\u021bi c\u00e2\u0219tiga. Asta \u00eenseamn\u0103 c\u0103 toate fondurile provenite din v\u00e2nzarea de bilete care dep\u0103\u0219esc 90 de milioane de euro vor fi ad\u0103ugate la pre\u021bul de al doilea nivel. Acest pre\u021b de rangul doi va fi atunci semnificativ mai mare. Av\u00e2nd \u00een vedere c\u0103 ave\u021bi de 10 ori mai multe \u0219anse de a c\u00e2\u0219tiga acest premiu, \u00een compara\u021bie cu jackpotul, este \u00eentotdeauna o strategie bun\u0103 s\u0103 v\u0103 concentra\u021bi asupra acestei loterii atunci c\u00e2nd aceasta a atins pragul de 90 de milioane de euro.<\/p>\n<p>Exist\u0103 o singur\u0103 <a href=\"https:\/\/jackpotlotteryonline.com\/ro\/numere-castigatoare\/eurojackpot\">zi de extragere s\u0103pt\u0103m\u00e2nal\u0103 pentru Eurojackpot<\/a>, care este vineri. Alege\u021bi 5 numere din 50, plus dou\u0103 numere suplimentare \u00eentre 1 \u0219i 10, \u0219i sunte\u021bi pe drumul cel bun pentru a c\u00e2\u0219tiga un premiu dintr-un total de 12 niveluri.<\/p>\n<h2>Cum s\u0103 cump\u0103ra\u021bi bilete Eurojackpot<\/h2>\n<p><img loading=\"lazy\" decoding=\"async\" class=\"wp-image-26077 size-medium alignright\" src=\"https:\/\/jackpotlotteryonline.com\/wp-content\/uploads\/2022\/11\/1_buy_eurojackpot_ticket-300x99.jpg\" alt=\"cump\u0103ra\u021bi bilete eurojackpot online\" width=\"300\" height=\"99\" srcset=\"https:\/\/jackpotlotteryonline.com\/wp-content\/uploads\/2022\/11\/1_buy_eurojackpot_ticket-300x99.jpg 300w, https:\/\/jackpotlotteryonline.com\/wp-content\/uploads\/2022\/11\/1_buy_eurojackpot_ticket.jpg 350w\" sizes=\"auto, (max-width: 300px) 100vw, 300px\" \/><\/p>\n<p>Eurojackpot este o loterie european\u0103, iar intr\u0103rile sunt v\u00e2ndute mai ales \u00een \u021b\u0103rile Eurojackpot. Exist\u0103 18 \u021b\u0103ri care particip\u0103 la loteria Eurojackpot \u0219i oricine care locuie\u0219te \u00een aceste \u021b\u0103ri poate participa la loterie. \u021a\u0103rile Eurojackpot sunt: Croa\u021bia, Danemarca, Estonia, Finlanda, Germania, Islanda, Italia, Letonia, Lituania, Olanda, Norvegia, Slovenia, Spania, Suedia \u0219i Suedia.<\/p>\n<p>De\u0219i Eurojackpot are 18 \u021b\u0103ri membre, biletele loteriei sunt v\u00e2ndute \u00een unele \u021b\u0103ri neparticipante de pe continent. Juc\u0103torii din oricare dintre aceste \u021b\u0103ri pot intra la orice v\u00e2nz\u0103tor de loto \u0219i pot cump\u0103ra buletine de loterie. Acest lucru nu este valabil pentru acei juc\u0103tori din afara Europei care doresc s\u0103 participe la Eurojackpot.<\/p>\n<h2>Ce trebuie s\u0103 face\u021bi dac\u0103 locui\u021bi \u00een afara Europei<\/h2>\n<p>Dac\u0103 locui\u021bi \u00een afara continentului \u0219i dori\u021bi s\u0103 participa\u021bi la Eurojackpot, cea mai bun\u0103 op\u021biune este s\u0103 v\u0103 adresa\u021bi online. Po\u021bi face acest lucru fie prin intermediul internetului, fie de pe un dispozitiv mobil. Ceea ce trebuie s\u0103 face\u021bi este s\u0103 g\u0103si\u021bi un site de loterie, s\u0103 v\u0103 cump\u0103ra\u021bi biletul \u0219i s\u0103 participa\u021bi la extragere. Apoi a\u0219tepta\u021bi s\u0103 vede\u021bi dac\u0103 a\u021bi c\u00e2\u0219tigat. Este un proces simplu, dar exist\u0103 c\u00e2teva lucruri la care trebuie s\u0103 fi\u021bi aten\u021bi.<\/p>\n<p>\u00censcrierile la Eurojackpot sunt v\u00e2ndute pe mai multe site-uri de pe internet, dar este important s\u0103 c\u0103uta\u021bi un v\u00e2nz\u0103tor online legitim. Internetul v\u0103 ofer\u0103 acces la loterii interna\u021bionale uimitoare, nu doar la Eurojackpot. Cu toate acestea, trebuie s\u0103 fi\u021bi sigur c\u0103 a\u021bi intrat la Eurojackpot, spre deosebire de a paria \u00eempotriva rezultatului loteriei. Da, exist\u0103 o diferen\u021b\u0103.<\/p>\n<section class=\"layout\" style=\"border: solid 1px; width: 100%;\">\n<div class=\"img-div\" style=\"margin-top: 5px;\"><img decoding=\"async\" class=\"wp-image-17212 alignleft\" style=\"height: 45px; margin: 8px 8px 0px;\" src=\"https:\/\/jackpotlotteryonline.com\/wp-content\/uploads\/2022\/11\/read1.jpg\" alt=\"Cite\u0219te\" width=\"\" height=\"\" \/><\/div>\n<div style=\"padding-left: 5px;\">\n<div style=\"font-size: 1.1em;\">\n<p><strong>Care loterie interna\u021bional\u0103 este cea mai bun\u0103?<\/strong><\/p>\n<p style=\"font-size: 0.85em; margin-top: -1.5em;\">Care dintre Loteriile Interna\u021bionale au cele mai bune \u0219anse de c\u00e2\u0219tig <a href=\"https:\/\/jackpotlotteryonline.com\/ro\/care-loterie-internationala-este-cel-mai-bun\">cite\u0219te mai mult<\/a><\/p>\n<\/div>\n<\/div>\n<\/section>\n<h2>De unde pute\u021bi ob\u021bine bilete la Eurojackpot<\/h2>\n<p>Atunci c\u00e2nd merge\u021bi online pentru a c\u0103uta un v\u00e2nz\u0103tor de Eurojackpot, nu v\u0103 gr\u0103bi\u021bi s\u0103 cump\u0103ra\u021bi o intrare la Eurojackpot dec\u00e2t dac\u0103 \u0219ti\u021bi c\u0103 este un site de concierge. Astfel de site-uri ofer\u0103 juc\u0103torilor acces la loterii interna\u021bionale de top, cum ar fi Eurojackpot, prin furnizarea de bilete de loterie.<\/p>\n<p>Este posibil s\u0103 achizi\u021biona\u021bi un talon Eurojackpot pe internet \u0219i totu\u0219i s\u0103 nu fi\u021bi \u00eenscris la loterie. Acest lucru se datoreaz\u0103 faptului c\u0103 aceste site-uri permit juc\u0103torilor s\u0103 parieze doar pe rezultatul loteriei. La jackpotlotteryonline.com, ne asigur\u0103m c\u0103 intra\u021bi la loteria Eurojackpot de oriunde v-a\u021bi afla.<\/p>\n<p>Atunci c\u00e2nd achizi\u021biona\u021bi o intrare de la noi, agen\u021bii no\u0219tri de pe con\u021binut vor merge \u0219i vor cump\u0103ra un bilet fizic Eurojackpot cu numerele corespunz\u0103toare. \u00cen acest fel, chiar dac\u0103 nu sunte\u021bi prezent fizic \u00een \u021bar\u0103, sunte\u021bi totu\u0219i \u00eenscris la Eurojackpot. Dac\u0103 talonul dvs. corespunde numerelor extrase, ve\u021bi c\u00e2\u0219tiga premiul. De asemenea, nu trebuie s\u0103 v\u0103 face\u021bi griji cu privire la revendicarea premiului Eurojackpot, deoarece noi ne ocup\u0103m de acest lucru pentru dumneavoastr\u0103. Tot ce trebuie s\u0103 face\u021bi este s\u0103 v\u0103 retrage\u021bi premiul de pe platforma noastr\u0103 \u00een contul dvs. online.<\/p>\n<h2>Beneficiile \u00eenregistr\u0103rii la jackpotlotteryonline.com<\/h2>\n<p><img loading=\"lazy\" decoding=\"async\" class=\"alignright size-medium wp-image-28886\" src=\"https:\/\/jackpotlotteryonline.com\/wp-content\/uploads\/2022\/11\/1_pick_for_eurojackpot-300x100.jpg\" alt=\"bilet eurojackpot\" width=\"300\" height=\"100\" srcset=\"https:\/\/jackpotlotteryonline.com\/wp-content\/uploads\/2022\/11\/1_pick_for_eurojackpot-300x100.jpg 300w, https:\/\/jackpotlotteryonline.com\/wp-content\/uploads\/2022\/11\/1_pick_for_eurojackpot-600x200.jpg 600w, https:\/\/jackpotlotteryonline.com\/wp-content\/uploads\/2022\/11\/1_pick_for_eurojackpot.jpg 734w\" sizes=\"auto, (max-width: 300px) 100vw, 300px\" \/><\/p>\n<p>Jackpotlotteryonline.com este un site de concierge, prin urmare, facem posibil\u0103 \u00eenscrierea clien\u021bilor no\u0219tri la loterii din \u00eentreaga lume. Credem c\u0103 Eurojackpot ar trebui s\u0103 fie disponibil tuturor celor care au v\u00e2rsta \u0219i capacitatea legal\u0103, iar noi am adus aceast\u0103 pasiune \u00een furnizarea serviciilor noastre. Atunci c\u00e2nd v\u0103 \u00eenregistra\u021bi la noi, iat\u0103 ce primi\u021bi:<\/p>\n<ul>\n<li>Acces la peste dou\u0103 duzini de loterii interna\u021bionale, inclusiv Eurojackpot<\/li>\n<li>Un mod transparent de a juca la loto<\/li>\n<li>Pute\u021bi juca la mai multe loterii \u0219i pute\u021bi participa la mai multe extrageri, toate \u00eentr-un singur loc<\/li>\n<li>Nu trebuie s\u0103 \u021bine\u021bi eviden\u021ba tuturor biletelor de loterie Eurojackpot, noi facem asta pentru dvs.<\/li>\n<li>De asemenea, \u021binem eviden\u021ba c\u00e2\u0219tigurilor dvs. \u0219i v\u0103 avertiz\u0103m, astfel \u00eenc\u00e2t s\u0103 nu rata\u021bi revendicarea premiului dvs.<\/li>\n<li>\u00cencaseaz\u0103-\u021bi cu u\u0219urin\u021b\u0103 premiile de pe platforma noastr\u0103 \u00een contul t\u0103u online<\/li>\n<\/ul>\n<p>Ne concentr\u0103m s\u0103 ne asigur\u0103m c\u0103 ave\u021bi o experien\u021b\u0103 pl\u0103cut\u0103 atunci c\u00e2nd juca\u021bi la loto. Ne-am ajustat serviciile \u0219i continu\u0103m s\u0103 perfec\u021bion\u0103m procesul astfel \u00eenc\u00e2t s\u0103 fie mai intuitiv pentru juc\u0103torii no\u0219tri.<\/p>\n<h2>Urma\u021bi ace\u0219ti pa\u0219i pentru a intra \u00een Eurojackpot<\/h2>\n<p><strong>Pasul 1:<\/strong> vizita\u021bi jackpotlotteryonline.com \u0219i merge\u021bi la loteria la care dori\u021bi s\u0103 intra\u021bi, \u00een acest caz, Eurojackpot. Face\u021bi clic pe ea.<\/p>\n<p><strong>Pasul 2:<\/strong> Alege\u021bi 5 numere principale \u0219i 2 numere suplimentare. Po\u021bi alege mai multe linii de intrare pentru a-\u021bi cre\u0219te \u0219ansele de a c\u00e2\u0219tiga la Eurojackpot. Dac\u0103 nu ai un anumit num\u0103r, folose\u0219te &#8220;Quick Pick All&#8221; pentru a face procesul de selec\u021bie mai rapid.<\/p>\n<p><strong>Pasul 3:<\/strong> Selecta\u021bi tipul de bilet pe care dori\u021bi s\u0103 \u00eel achizi\u021biona\u021bi. Pute\u021bi ob\u021bine un singur bilet sau pute\u021bi achizi\u021biona bilete multiple, care v\u0103 vor permite s\u0103 participa\u021bi la mai multe extrageri. Din nou, participarea la mai multe extrageri v\u0103 ofer\u0103 o \u0219ans\u0103 mai mare de a c\u00e2\u0219tiga Eurojackpotul.<\/p>\n<p><strong>Pasul 4:<\/strong> Merge\u021bi la pagina de plat\u0103. Pe pagina de plat\u0103, vi se va cere s\u0103 v\u0103 \u00eenscrie\u021bi sau s\u0103 v\u0103 \u00eenregistra\u021bi. Motivul pentru acest lucru este triplu:<\/p>\n<ol>\n<li>Pentru a v\u0103 asigura c\u0103 ave\u021bi \u00eentotdeauna acces la talonul Eurojackpot, deoarece acesta este singurul mod \u00een care pute\u021bi revendica un premiu.<\/li>\n<li>Pentru a v\u0103 putea anun\u021ba dac\u0103 c\u00e2\u0219tiga\u021bi Eurojackpotul sau oricare dintre premiile din celelalte niveluri. Vom face acest lucru prin intermediul platformei \u0219i, de asemenea, prin intermediul e-mail-ului dvs.<\/li>\n<li>Pentru a v\u0103 facilita revendicarea \u0219i retragerea premiului dvs.<\/li>\n<\/ol>\n<p>Asta e tot. S\u0103 participi la Eurojackpot de oriunde te-ai afla este la fel de simplu ca \u0219i cum ai urma ace\u0219ti trei pa\u0219i. Acum, v\u0103 pute\u021bi bucura de pariuri sigure \u0219i f\u0103r\u0103 probleme din confortul computerului sau al dispozitivului mobil.<\/p>\n<p>De ce s\u0103 nu v\u0103 \u00eenregistra\u021bi la noi ast\u0103zi pentru a cump\u0103ra bilete Eurojackpot din afara Europei? S\u0103 joci la loterie este palpitant \u0219i nu \u0219tii niciodat\u0103 c\u00e2nd vei fi norocos. Dac\u0103 dori\u021bi s\u0103 ave\u021bi \u0219ansa de a deveni milionar, intra\u021bi online \u0219i intra\u021bi ast\u0103zi \u00een Eurojackpot.<\/p>\n","protected":false},"excerpt":{"rendered":"<p>Despre EuroJackpot Eurojackpot are o caracteristic\u0103 interesant\u0103 pe care trebuie s\u0103 o cunoa\u0219te\u021bi: Ori de c\u00e2te ori jackpotul ajunge la 90 de milioane, exist\u0103 o limit\u0103 a jackpotului pe care \u00eel pute\u021bi c\u00e2\u0219tiga. Asta \u00eenseamn\u0103 c\u0103 toate fondurile provenite din v\u00e2nzarea de bilete care dep\u0103\u0219esc 90 de milioane de euro vor fi ad\u0103ugate la pre\u021bul [&hellip;]<\/p>\n","protected":false},"author":1,"featured_media":0,"parent":35774,"menu_order":4,"comment_status":"closed","ping_status":"closed","template":"eurojackpot-info.php","meta":{"_et_pb_use_builder":"","_et_pb_old_content":"","_et_gb_content_width":"","exclude_from_search":false,"footnotes":""},"class_list":["post-36533","page","type-page","status-publish","hentry"],"yoast_head":"<!-- This site is optimized with the Yoast SEO plugin v23.3 - https:\/\/yoast.com\/wordpress\/plugins\/seo\/ -->\n<title>Cump\u0103ra\u021bi bilete la Eurojackpot din afara Europei | Cump\u0103ra\u021bi bilete online<\/title>\n<meta name=\"description\" content=\"\u00cen unele \u021b\u0103ri europene, pute\u021bi cump\u0103ra bilete Eurojackpot de la magazin. Dar aici pute\u021bi ob\u021bine bilete chiar \u0219i din afara Europei\" \/>\n<meta name=\"robots\" content=\"index, follow, max-snippet:-1, max-image-preview:large, max-video-preview:-1\" \/>\n<link rel=\"canonical\" href=\"https:\/\/jackpotlotteryonline.com\/buy-tickets\/eurojackpot\/\" \/>\n<meta property=\"og:locale\" content=\"ro_RO\" \/>\n<meta property=\"og:type\" content=\"article\" \/>\n<meta property=\"og:title\" content=\"Cump\u0103ra\u021bi bilete la Eurojackpot din afara Europei | Cump\u0103ra\u021bi bilete online\" \/>\n<meta property=\"og:description\" content=\"\u00cen unele \u021b\u0103ri europene, pute\u021bi cump\u0103ra bilete Eurojackpot de la magazin. Dar aici pute\u021bi ob\u021bine bilete chiar \u0219i din afara Europei\" \/>\n<meta property=\"og:url\" content=\"https:\/\/jackpotlotteryonline.com\/buy-tickets\/eurojackpot\/\" \/>\n<meta property=\"og:site_name\" content=\"Lotto Online - Crack The International Lottery Jackpots\" \/>\n<meta property=\"article:modified_time\" content=\"2023-01-03T20:12:32+00:00\" \/>\n<meta property=\"og:image\" content=\"https:\/\/jackpotlotteryonline.com\/wp-content\/uploads\/2022\/11\/1_buy_eurojackpot_ticket-300x99.jpg\" \/>\n<meta name=\"twitter:card\" content=\"summary_large_image\" \/>\n<meta name=\"twitter:label1\" content=\"Timp estimat pentru citire\" \/>\n\t<meta name=\"twitter:data1\" content=\"6 minute\" \/>\n<!-- \/ Yoast SEO plugin. -->","yoast_head_json":{"title":"Cump\u0103ra\u021bi bilete la Eurojackpot din afara Europei | Cump\u0103ra\u021bi bilete online","description":"\u00cen unele \u021b\u0103ri europene, pute\u021bi cump\u0103ra bilete Eurojackpot de la magazin. Dar aici pute\u021bi ob\u021bine bilete chiar \u0219i din afara Europei","robots":{"index":"index","follow":"follow","max-snippet":"max-snippet:-1","max-image-preview":"max-image-preview:large","max-video-preview":"max-video-preview:-1"},"canonical":"https:\/\/jackpotlotteryonline.com\/buy-tickets\/eurojackpot\/","og_locale":"ro_RO","og_type":"article","og_title":"Cump\u0103ra\u021bi bilete la Eurojackpot din afara Europei | Cump\u0103ra\u021bi bilete online","og_description":"\u00cen unele \u021b\u0103ri europene, pute\u021bi cump\u0103ra bilete Eurojackpot de la magazin. Dar aici pute\u021bi ob\u021bine bilete chiar \u0219i din afara Europei","og_url":"https:\/\/jackpotlotteryonline.com\/buy-tickets\/eurojackpot\/","og_site_name":"Lotto Online - Crack The International Lottery Jackpots","article_modified_time":"2023-01-03T20:12:32+00:00","og_image":[{"url":"https:\/\/jackpotlotteryonline.com\/wp-content\/uploads\/2022\/11\/1_buy_eurojackpot_ticket-300x99.jpg"}],"twitter_card":"summary_large_image","twitter_misc":{"Timp estimat pentru citire":"6 minute"},"schema":{"@context":"https:\/\/schema.org","@graph":[{"@type":"WebPage","@id":"https:\/\/jackpotlotteryonline.com\/buy-tickets\/eurojackpot\/","url":"https:\/\/jackpotlotteryonline.com\/buy-tickets\/eurojackpot\/","name":"Cump\u0103ra\u021bi bilete la Eurojackpot din afara Europei | Cump\u0103ra\u021bi bilete online","isPartOf":{"@id":"https:\/\/jackpotlotteryonline.com\/#website"},"primaryImageOfPage":{"@id":"https:\/\/jackpotlotteryonline.com\/buy-tickets\/eurojackpot\/#primaryimage"},"image":{"@id":"https:\/\/jackpotlotteryonline.com\/buy-tickets\/eurojackpot\/#primaryimage"},"thumbnailUrl":"https:\/\/jackpotlotteryonline.com\/wp-content\/uploads\/2022\/11\/1_buy_eurojackpot_ticket-300x99.jpg","datePublished":"2022-11-07T10:38:35+00:00","dateModified":"2023-01-03T20:12:32+00:00","description":"\u00cen unele \u021b\u0103ri europene, pute\u021bi cump\u0103ra bilete Eurojackpot de la magazin. Dar aici pute\u021bi ob\u021bine bilete chiar \u0219i din afara Europei","breadcrumb":{"@id":"https:\/\/jackpotlotteryonline.com\/buy-tickets\/eurojackpot\/#breadcrumb"},"inLanguage":"ro-RO","potentialAction":[{"@type":"ReadAction","target":["https:\/\/jackpotlotteryonline.com\/buy-tickets\/eurojackpot\/"]}]},{"@type":"ImageObject","inLanguage":"ro-RO","@id":"https:\/\/jackpotlotteryonline.com\/buy-tickets\/eurojackpot\/#primaryimage","url":"https:\/\/jackpotlotteryonline.com\/wp-content\/uploads\/2022\/11\/1_buy_eurojackpot_ticket-300x99.jpg","contentUrl":"https:\/\/jackpotlotteryonline.com\/wp-content\/uploads\/2022\/11\/1_buy_eurojackpot_ticket-300x99.jpg"},{"@type":"BreadcrumbList","@id":"https:\/\/jackpotlotteryonline.com\/buy-tickets\/eurojackpot\/#breadcrumb","itemListElement":[{"@type":"ListItem","position":1,"name":"Home","item":"https:\/\/jackpotlotteryonline.com\/ro\/"},{"@type":"ListItem","position":2,"name":"Cum s\u0103 cump\u0103ra\u021bi bilete de loterie online","item":"https:\/\/jackpotlotteryonline.com\/buy-tickets\/"},{"@type":"ListItem","position":3,"name":"Cump\u0103ra\u021bi bilete pentru Eurojackpot din afara \u021b\u0103rilor participante"}]},{"@type":"WebSite","@id":"https:\/\/jackpotlotteryonline.com\/#website","url":"https:\/\/jackpotlotteryonline.com\/","name":"Lotto Online - Crack The International Lottery Jackpots","description":"","potentialAction":[{"@type":"SearchAction","target":{"@type":"EntryPoint","urlTemplate":"https:\/\/jackpotlotteryonline.com\/?s={search_term_string}"},"query-input":"required name=search_term_string"}],"inLanguage":"ro-RO"}]}},"_links":{"self":[{"href":"https:\/\/jackpotlotteryonline.com\/ro\/wp-json\/wp\/v2\/pages\/36533","targetHints":{"allow":["GET"]}}],"collection":[{"href":"https:\/\/jackpotlotteryonline.com\/ro\/wp-json\/wp\/v2\/pages"}],"about":[{"href":"https:\/\/jackpotlotteryonline.com\/ro\/wp-json\/wp\/v2\/types\/page"}],"author":[{"embeddable":true,"href":"https:\/\/jackpotlotteryonline.com\/ro\/wp-json\/wp\/v2\/users\/1"}],"replies":[{"embeddable":true,"href":"https:\/\/jackpotlotteryonline.com\/ro\/wp-json\/wp\/v2\/comments?post=36533"}],"version-history":[{"count":0,"href":"https:\/\/jackpotlotteryonline.com\/ro\/wp-json\/wp\/v2\/pages\/36533\/revisions"}],"up":[{"embeddable":true,"href":"https:\/\/jackpotlotteryonline.com\/ro\/wp-json\/wp\/v2\/pages\/35774"}],"wp:attachment":[{"href":"https:\/\/jackpotlotteryonline.com\/ro\/wp-json\/wp\/v2\/media?parent=36533"}],"curies":[{"name":"wp","href":"https:\/\/api.w.org\/{rel}","templated":true}]}}