{"id":36587,"date":"2022-11-08T06:37:59","date_gmt":"2022-11-08T06:37:59","guid":{"rendered":"https:\/\/jackpotlotteryonline.com\/?page_id=36587"},"modified":"2023-01-03T20:30:19","modified_gmt":"2023-01-03T20:30:19","slug":"superenalotto","status":"publish","type":"page","link":"https:\/\/jackpotlotteryonline.com\/ro\/cumpara-bilete\/superenalotto\/","title":{"rendered":"Cumpara bilete Superenalotto"},"content":{"rendered":"<h2>De ce Superenalotto?<\/h2>\n<p>V-a\u021bi \u00eentrebat cum pute\u021bi cump\u0103ra bilete Superenalotto din afara Italiei? Superenalotto este una dintre cele mai populare loterii de pe continentul european. Nu este surprinz\u0103tor faptul c\u0103 juc\u0103torii din \u00eentreaga lume pariaz\u0103 \u00een mod regulat pe aceast\u0103 loterie.<\/p>\n<p>La jackpotlotteryonline.com le oferim juc\u0103torilor acces la loterii interna\u021bionale de top, cum ar fi Superenalotto. Facem posibil\u0103 cump\u0103rarea de bilete, verificarea rezultatelor extragerilor \u0219i accesul la c\u00e2\u0219tigurile tale.<\/p>\n<p>Cu proliferarea loteriilor globale, de ce ar alege un juc\u0103tor s\u0103 parieze pe Superenalotto? Vom aborda c\u00e2teva dintre motivele pentru care Superenalotto devine rapid loteria preferat\u0103 de pariori. Dac\u0103 v\u0103 gr\u0103bi\u021bi s\u0103 v\u0103 plasa\u021bi pariul, ne pute\u021bi vizita acum pentru a avea \u0219ansa de a c\u00e2\u0219tiga mult la Superenalotto.<\/p>\n<h2>Superenalotto are jackpoturi uimitoare<\/h2>\n<p>Motivul num\u0103rul unu pentru care juc\u0103torii iubesc Superenalotto din Italia este, probabil, datorit\u0103 premiului jackpot uimitor. Interesant este c\u0103 jackpotul \u00eencepe de la o sum\u0103 minim\u0103 de 2 milioane de euro. Aceasta nu pare o cifr\u0103 impresionant\u0103 dac\u0103 ne g\u00e2ndim c\u0103 o mul\u021bime de loterii ofer\u0103 aceast\u0103 sum\u0103.<\/p>\n<p>Punctul de v\u00e2nzare este \u00eens\u0103 faptul c\u0103 nu exist\u0103 un plafon pentru jackpotul Superenalotto. Dac\u0103 nu exist\u0103 niciun c\u00e2\u0219tig\u0103tor dup\u0103 o extragere, acesta se rostogole\u0219te \u0219i continu\u0103 s\u0103 se rostogoleasc\u0103 dup\u0103 fiecare extragere, p\u00e2n\u0103 c\u00e2nd apare un c\u00e2\u0219tig\u0103tor. Pentru ca acest lucru s\u0103 fie mai clar, loteria Superenalotto are <a href=\"https:\/\/jackpotlotteryonline.com\/ro\/numere-castigatoare\/superenalotto\">trei extrageri pe s\u0103pt\u0103m\u00e2n\u0103<\/a>. Aproape c\u0103 nu exist\u0103 nicio limit\u0103 la num\u0103rul de rostogoliri ale jackpotului.<\/p>\n<p>De fapt, jackpotul s-a rostogolit de at\u00e2t de multe ori \u00een urm\u0103 cu c\u00e2\u021biva ani, \u00eenc\u00e2t jackpotul record a fost de 209,1 milioane de euro \u00een 2019.<\/p>\n<h2>Am men\u021bionat trei extrageri pe s\u0103pt\u0103m\u00e2n\u0103?<\/h2>\n<p>C\u00e2nd joci Superenalotto, ai trei \u0219anse de a c\u00e2\u0219tiga mult \u00een fiecare s\u0103pt\u0103m\u00e2n\u0103. Acest lucru se datoreaz\u0103 faptului c\u0103 loteria Superenalotto \u00ee\u0219i organizeaz\u0103 extragerile de trei ori pe s\u0103pt\u0103m\u00e2n\u0103, mar\u021bea, joia \u0219i s\u00e2mb\u0103ta.<\/p>\n<p>Asta \u00eenseamn\u0103 c\u0103, dac\u0103 nu exist\u0103 niciun c\u00e2\u0219tig\u0103tor, suma jackpotului cre\u0219te mai repede. Jackpotul Superenalotto ar fi putut s\u0103 se tripleze \u00een doar o s\u0103pt\u0103m\u00e2n\u0103 scurt\u0103. Acest lucru este suficient pentru ca pariorii s\u0103 se gr\u0103beasc\u0103 s\u0103 \u00ee\u0219i plaseze pariurile.<\/p>\n<p>Nu vre\u021bi s\u0103 pierde\u021bi la urm\u0103toarea extragere? De ce s\u0103 nu merge\u021bi la jackpotlotteryonline.com \u0219i s\u0103 paria\u021bi acum pe Superenalotto? Nu se \u0219tie niciodat\u0103 c\u00e2nd doamna noroc v\u0103 va favoriza.<\/p>\n<h2>Top 5 c\u00e2\u0219tig\u0103tori Superenalotto<\/h2>\n<p><img loading=\"lazy\" decoding=\"async\" class=\"alignright size-full wp-image-31316\" src=\"https:\/\/jackpotlotteryonline.com\/wp-content\/uploads\/2022\/11\/logo_superenalotto.png\" alt=\"Bila de loterie Superenalotto\" width=\"200\" height=\"212\" \/><\/p>\n<p>\u00cenc\u0103 nu sunte\u021bi sigur dac\u0103 dori\u021bi s\u0103 plasa\u021bi un pariu la loteria Superenalotto? Nicio problem\u0103. Ve\u021bi fi stimulat odat\u0103 ce ve\u021bi citi despre sumele apetisante pe care c\u00e2\u0219tig\u0103torii anteriori le-au luat acas\u0103.<\/p>\n<p>Cel mai mare jackpot a fost c\u00e2\u0219tigat \u00een 2019 de un sindicat de loterie, iar suma a fost de 209,1 milioane de euro. Am men\u021bionat deja acest lucru pe scurt, dar mai este ceva ce nu am men\u021bionat. Acel jackpot a fost c\u00e2\u0219tigat de un singur posesor de bilet. V\u0103 pute\u021bi imagina s\u0103 pleca\u021bi acas\u0103 cu peste dou\u0103 sute de milioane de euro?<\/p>\n<p>Al doilea cel mai mare jackpot a fost c\u00e2\u0219tigat de un sindicat al loteriei \u00een 2010, iar suma a fost de 177,7 milioane de euro. Acesta este urmat de un jackpot de 163,5 milioane de euro care a fost c\u00e2\u0219tigat de un singur bilet \u00een 2016. Urm\u0103torul cel mai mare jackpot a fost c\u00e2\u0219tigat de un alt de\u021bin\u0103tor de bilet unic \u00een 2009, iar suma a fost de 147,8 milioane de euro. \u00cen cele din urm\u0103, doi bilete au \u00eemp\u0103r\u021bit premiul jackpot de 139 de milioane de euro \u00een 2010.<\/p>\n<h2>Cum se joac\u0103 la Superenalotto<\/h2>\n<p><a href=\"https:\/\/jackpotlotteryonline.com\/ro\/cum-se-joaca\/superenalotto\">Pentru a juca Superenalotto<\/a>, alege\u021bi \u0219ase numere principale \u00eentre 1 \u0219i 90. Pute\u021bi alege mai multe linii de numere pentru a v\u0103 cre\u0219te \u0219ansele de a c\u00e2\u0219tiga la loterie. Apoi, alege\u021bi num\u0103rul de extrageri la care dori\u021bi s\u0103 participa\u021bi. Pute\u021bi decide s\u0103 participa\u021bi la fiecare extragere \u00een fiecare s\u0103pt\u0103m\u00e2n\u0103 pentru urm\u0103toarele 5 s\u0103pt\u0103m\u00e2ni, dac\u0103 dori\u021bi. Cu c\u00e2t participa\u021bi la mai multe extrageri, cu at\u00e2t mai mari sunt \u0219ansele dvs. de a c\u00e2\u0219tiga un premiu.<\/p>\n<p>De asemenea, exist\u0103 ceea ce se nume\u0219te SuperStar, care este o op\u021biune care ajut\u0103 la cre\u0219terea \u0219anselor de c\u00e2\u0219tig. De asemenea, pute\u021bi cump\u0103ra &#8220;Num\u0103rul Jolly&#8221;, care este ales de la 1 la 90. Num\u0103rul Jolly nu influen\u021beaz\u0103 jackpotul, dar este folosit pentru a decide c\u00e2\u0219tig\u0103torul categoriei a doua de premii.<\/p>\n<p>Dup\u0103 ce v-a\u021bi ales numerele, pl\u0103ti\u021bi biletul \u0219i a\u0219tepta\u021bi extragerile. Atunci c\u00e2nd v\u0103 \u00eenregistra\u021bi la noi, automatiz\u0103m procesul pentru o experien\u021b\u0103 mai u\u0219oar\u0103. Elimin\u0103m stresul din opera\u021biune, astfel \u00eenc\u00e2t s\u0103 v\u0103 pute\u021bi bucura de distrac\u021bie f\u0103r\u0103 probleme.<\/p>\n<section class=\"layout\" style=\"border: solid 1px; width: 100%;\">\n<div class=\"img-div\" style=\"margin-top: 5px;\"><img decoding=\"async\" class=\"wp-image-17212 alignleft\" style=\"height: 45px; margin: 8px 8px 0px;\" src=\"https:\/\/jackpotlotteryonline.com\/wp-content\/uploads\/2022\/11\/read1.jpg\" alt=\"cite\u0219te\" width=\"\" height=\"\" \/><\/div>\n<div style=\"padding-left: 5px;\">\n<div style=\"font-size: 1.1em;\">\n<p><strong>Alege\u021bi numerele c\u00e2\u0219tig\u0103toare la loto manual sau folosind un RNG<\/strong><\/p>\n<p style=\"font-size: 0.85em; margin-top: -1.5em;\">Cum s\u0103 generezi numere c\u00e2\u0219tig\u0103toare la loto?\u00a0\u00a0<a href=\"https:\/\/jackpotlotteryonline.com\/ro\/cum-sa-generezi-numere-castigatoare-la-loto\"> cite\u0219te mai mult<\/a><\/p>\n<\/div>\n<\/div>\n<\/section>\n<h2>Care sunt \u0219ansele de a c\u00e2\u0219tiga la Superenalotto?<\/h2>\n<p>\u00cen general, loteria nu este cunoscut\u0103 ca av\u00e2nd \u0219anse mari pentru juc\u0103tori. Adev\u0103rul este c\u0103 \u0219ansele de c\u00e2\u0219tig nu sunt foarte mari. \u00cen mod interesant, acest lucru face ca jocul la loterie s\u0103 fie mult mai interesant. Pentru c\u0103 a c\u00e2\u0219tiga atunci c\u00e2nd se pare c\u0103 \u0219ansele nu sunt \u00een favoarea ta le d\u0103 juc\u0103torilor o stare de \u00een\u0103l\u021bime. Este, de asemenea, un mod minunat de a \u0219ti c\u0103 ai norocul de partea ta.<\/p>\n<p>\u0218ansele de a c\u00e2\u0219tiga jackpotul Superenalotto sunt de 1 la 622.614.630. Dar, exist\u0103 6 categorii de premii \u0219i o categorie de c\u00e2\u0219tig instantaneu de 25 \u20ac. C\u00e2nd le iei \u00een considerare, atunci \u0219ansele de a c\u00e2\u0219tiga orice premiu sunt de 1 la 16.<\/p>\n<p>Orice parior ar fi de acord c\u0103 acestea sunt \u0219anse incredibile care favorizeaz\u0103 juc\u0103torul.<\/p>\n<h2>Categoriile de premii Superenalotto<\/h2>\n<p><img loading=\"lazy\" decoding=\"async\" class=\"size-medium wp-image-35376 alignright\" src=\"https:\/\/jackpotlotteryonline.com\/wp-content\/uploads\/2022\/11\/2_ticket_superenalotto4-1-211x300.jpg\" alt=\"Bilet de premiu Superenalotto\" width=\"211\" height=\"300\" srcset=\"https:\/\/jackpotlotteryonline.com\/wp-content\/uploads\/2022\/11\/2_ticket_superenalotto4-1-211x300.jpg 211w, https:\/\/jackpotlotteryonline.com\/wp-content\/uploads\/2022\/11\/2_ticket_superenalotto4-1.jpg 300w\" sizes=\"auto, (max-width: 211px) 100vw, 211px\" \/><\/p>\n<p>\u00cen timpul extragerilor, \u0219ase numere sunt alese la \u00eent\u00e2mplare dintr-un tambur care are bile cu numerele de la 1 la 90. Orice bilet care se potrive\u0219te cu numerele extrase c\u00e2\u0219tig\u0103 premiul cel mare.<\/p>\n<p>Premiul jackpot Superenalotto \u00eencepe la 2 milioane de euro, dar de obicei ajunge mult mai sus, deoarece se rostogole\u0219te. Celelalte categorii de premii sunt stabilite \u00een func\u021bie de procentul de fonduri disponibile. A\u0219adar, nu este posibil s\u0103 se \u0219tie c\u00e2t de mult va fi distribuit la fiecare extragere.<\/p>\n<p>6 numere &#8211; jackpot (17,4% din fondurile totale)<br \/>\n5 + num\u0103rul Jolly &#8211; 13%.<br \/>\n5 numere &#8211; 4,2%.<br \/>\n4 numere &#8211; 4,2%.<br \/>\n3 numere &#8211; 12,8%.<br \/>\n2 numere &#8211; 40%.<\/p>\n<p><strong>Pentru a avea o perspectiv\u0103 mai bun\u0103, iat\u0103 care este suma medie pe extragere.<\/strong><\/p>\n<p>6 numere &#8211; 92.056.091,66 \u20ac.<br \/>\n5 + num\u0103r Jolly &#8211; 594.951,95 \u20ac.<br \/>\n5 numere &#8211; 49.736,38 \u20ac.<br \/>\n4 numere &#8211; 354,83 \u20ac.<br \/>\n3 numere &#8211; 27,15 \u20ac.<br \/>\n2 numere &#8211; 5,48 euro<\/p>\n<h2>Joac\u0103 Superenalotto pe internet<\/h2>\n<p>Superenalotto este o loterie italian\u0103, iar intr\u0103rile sunt v\u00e2ndute numai \u00een Italia. Astfel, dac\u0103 locui\u021bi \u00een afara Italiei, singura modalitate de a avea acces la Superenalotto este s\u0103 cump\u0103ra\u021bi un bilet online. Pute\u021bi face acest lucru de la un v\u00e2nz\u0103tor de loterii pe internet, cum ar fi jackpotlotteryonline.com<\/p>\n<h2>Avantajele cump\u0103r\u0103rii de intr\u0103ri Superenalotto online<\/h2>\n<ul>\n<li>Ob\u021bine\u021bi acces rapid \u0219i imediat la loterie<\/li>\n<li>Este super convenabil, deoarece nu trebuie s\u0103 p\u0103r\u0103se\u0219ti confortul casei tale<\/li>\n<li>Este, de asemenea, mai sigur, deoarece biletul dvs. este stocat digital. Acest lucru este important deoarece este singura modalitate de a v\u0103 revendica c\u00e2\u0219tigul.<\/li>\n<li>Nu este nevoie s\u0103 pierde\u021bi c\u00e2\u0219tigul dumneavoastr\u0103, deoarece v\u0103 vom alerta imediat dac\u0103 c\u00e2\u0219tiga\u021bi vreun premiu<\/li>\n<li>Pute\u021bi retrage cu u\u0219urin\u021b\u0103 orice c\u00e2\u0219tig online, f\u0103r\u0103 s\u0103 v\u0103 deplasa\u021bi nic\u0103ieri<\/li>\n<\/ul>\n<h2>\u00censcrie\u021bi-v\u0103 cu noi pentru a juca Superenalotto<\/h2>\n<p>Dac\u0103 locui\u021bi \u00een afara Italiei \u0219i dori\u021bi s\u0103 cump\u0103ra\u021bi acces la loteria Superenalotto, pute\u021bi face acest lucru \u00eenregistr\u00e2ndu-v\u0103 cu noi. Oferim un serviciu de concierge care v\u0103 ofer\u0103 acces imediat la loteriile interna\u021bionale de top, inclusiv la Superenalotto.<\/p>\n<p>Scopul nostru este de a face din experien\u021ba loteriei o experien\u021b\u0103 pl\u0103cut\u0103 pentru clien\u021bii no\u0219tri. Noi elimin\u0103m stresul din lucrurile simple, l\u0103s\u00e2ndu-v\u0103 s\u0103 v\u0103 bucura\u021bi de plasarea pariurilor. Cump\u0103ra\u021bi-v\u0103 biletele de loterie cu noi acum pentru o \u0219ans\u0103 de a c\u00e2\u0219tiga mult la Superenalotto.<\/p>\n","protected":false},"excerpt":{"rendered":"<p>De ce Superenalotto? V-a\u021bi \u00eentrebat cum pute\u021bi cump\u0103ra bilete Superenalotto din afara Italiei? Superenalotto este una dintre cele mai populare loterii de pe continentul european. Nu este surprinz\u0103tor faptul c\u0103 juc\u0103torii din \u00eentreaga lume pariaz\u0103 \u00een mod regulat pe aceast\u0103 loterie. La jackpotlotteryonline.com le oferim juc\u0103torilor acces la loterii interna\u021bionale de top, cum ar fi [&hellip;]<\/p>\n","protected":false},"author":1,"featured_media":0,"parent":35774,"menu_order":5,"comment_status":"closed","ping_status":"closed","template":"superenalotto.php","meta":{"_et_pb_use_builder":"","_et_pb_old_content":"","_et_gb_content_width":"","exclude_from_search":false,"footnotes":""},"class_list":["post-36587","page","type-page","status-publish","hentry"],"yoast_head":"<!-- This site is optimized with the Yoast SEO plugin v23.3 - https:\/\/yoast.com\/wordpress\/plugins\/seo\/ -->\n<title>Cump\u0103ra\u021bi bilete la Superenalotto din afara Italiei | Cump\u0103ra\u021bi bilete online<\/title>\n<meta name=\"description\" content=\"Nu locui\u021bi \u00een Italia, dar dori\u021bi s\u0103 participa\u021bi la Superenalotto? Ob\u021bine\u021bi biletul online pentru Superenalotto prin intermediul nostru\" \/>\n<meta name=\"robots\" content=\"index, follow, max-snippet:-1, max-image-preview:large, max-video-preview:-1\" \/>\n<link rel=\"canonical\" href=\"https:\/\/jackpotlotteryonline.com\/buy-tickets\/superenalotto\/\" \/>\n<meta property=\"og:locale\" content=\"ro_RO\" \/>\n<meta property=\"og:type\" content=\"article\" \/>\n<meta property=\"og:title\" content=\"Cump\u0103ra\u021bi bilete la Superenalotto din afara Italiei | Cump\u0103ra\u021bi bilete online\" \/>\n<meta property=\"og:description\" content=\"Nu locui\u021bi \u00een Italia, dar dori\u021bi s\u0103 participa\u021bi la Superenalotto? Ob\u021bine\u021bi biletul online pentru Superenalotto prin intermediul nostru\" \/>\n<meta property=\"og:url\" content=\"https:\/\/jackpotlotteryonline.com\/buy-tickets\/superenalotto\/\" \/>\n<meta property=\"og:site_name\" content=\"Lotto Online - Crack The International Lottery Jackpots\" \/>\n<meta property=\"article:modified_time\" content=\"2023-01-03T20:30:19+00:00\" \/>\n<meta property=\"og:image\" content=\"https:\/\/jackpotlotteryonline.com\/wp-content\/uploads\/2022\/11\/logo_superenalotto.png\" \/>\n<meta name=\"twitter:card\" content=\"summary_large_image\" \/>\n<meta name=\"twitter:label1\" content=\"Timp estimat pentru citire\" \/>\n\t<meta name=\"twitter:data1\" content=\"7 minute\" \/>\n<!-- \/ Yoast SEO plugin. -->","yoast_head_json":{"title":"Cump\u0103ra\u021bi bilete la Superenalotto din afara Italiei | Cump\u0103ra\u021bi bilete online","description":"Nu locui\u021bi \u00een Italia, dar dori\u021bi s\u0103 participa\u021bi la Superenalotto? Ob\u021bine\u021bi biletul online pentru Superenalotto prin intermediul nostru","robots":{"index":"index","follow":"follow","max-snippet":"max-snippet:-1","max-image-preview":"max-image-preview:large","max-video-preview":"max-video-preview:-1"},"canonical":"https:\/\/jackpotlotteryonline.com\/buy-tickets\/superenalotto\/","og_locale":"ro_RO","og_type":"article","og_title":"Cump\u0103ra\u021bi bilete la Superenalotto din afara Italiei | Cump\u0103ra\u021bi bilete online","og_description":"Nu locui\u021bi \u00een Italia, dar dori\u021bi s\u0103 participa\u021bi la Superenalotto? Ob\u021bine\u021bi biletul online pentru Superenalotto prin intermediul nostru","og_url":"https:\/\/jackpotlotteryonline.com\/buy-tickets\/superenalotto\/","og_site_name":"Lotto Online - Crack The International Lottery Jackpots","article_modified_time":"2023-01-03T20:30:19+00:00","og_image":[{"url":"https:\/\/jackpotlotteryonline.com\/wp-content\/uploads\/2022\/11\/logo_superenalotto.png"}],"twitter_card":"summary_large_image","twitter_misc":{"Timp estimat pentru citire":"7 minute"},"schema":{"@context":"https:\/\/schema.org","@graph":[{"@type":"WebPage","@id":"https:\/\/jackpotlotteryonline.com\/buy-tickets\/superenalotto\/","url":"https:\/\/jackpotlotteryonline.com\/buy-tickets\/superenalotto\/","name":"Cump\u0103ra\u021bi bilete la Superenalotto din afara Italiei | Cump\u0103ra\u021bi bilete online","isPartOf":{"@id":"https:\/\/jackpotlotteryonline.com\/#website"},"primaryImageOfPage":{"@id":"https:\/\/jackpotlotteryonline.com\/buy-tickets\/superenalotto\/#primaryimage"},"image":{"@id":"https:\/\/jackpotlotteryonline.com\/buy-tickets\/superenalotto\/#primaryimage"},"thumbnailUrl":"https:\/\/jackpotlotteryonline.com\/wp-content\/uploads\/2022\/11\/logo_superenalotto.png","datePublished":"2022-11-08T06:37:59+00:00","dateModified":"2023-01-03T20:30:19+00:00","description":"Nu locui\u021bi \u00een Italia, dar dori\u021bi s\u0103 participa\u021bi la Superenalotto? Ob\u021bine\u021bi biletul online pentru Superenalotto prin intermediul nostru","breadcrumb":{"@id":"https:\/\/jackpotlotteryonline.com\/buy-tickets\/superenalotto\/#breadcrumb"},"inLanguage":"ro-RO","potentialAction":[{"@type":"ReadAction","target":["https:\/\/jackpotlotteryonline.com\/buy-tickets\/superenalotto\/"]}]},{"@type":"ImageObject","inLanguage":"ro-RO","@id":"https:\/\/jackpotlotteryonline.com\/buy-tickets\/superenalotto\/#primaryimage","url":"https:\/\/jackpotlotteryonline.com\/wp-content\/uploads\/2022\/11\/logo_superenalotto.png","contentUrl":"https:\/\/jackpotlotteryonline.com\/wp-content\/uploads\/2022\/11\/logo_superenalotto.png"},{"@type":"BreadcrumbList","@id":"https:\/\/jackpotlotteryonline.com\/buy-tickets\/superenalotto\/#breadcrumb","itemListElement":[{"@type":"ListItem","position":1,"name":"Home","item":"https:\/\/jackpotlotteryonline.com\/ro\/"},{"@type":"ListItem","position":2,"name":"Cum s\u0103 cump\u0103ra\u021bi bilete de loterie online","item":"https:\/\/jackpotlotteryonline.com\/buy-tickets\/"},{"@type":"ListItem","position":3,"name":"Cumpara bilete Superenalotto"}]},{"@type":"WebSite","@id":"https:\/\/jackpotlotteryonline.com\/#website","url":"https:\/\/jackpotlotteryonline.com\/","name":"Lotto Online - Crack The International Lottery Jackpots","description":"","potentialAction":[{"@type":"SearchAction","target":{"@type":"EntryPoint","urlTemplate":"https:\/\/jackpotlotteryonline.com\/?s={search_term_string}"},"query-input":"required name=search_term_string"}],"inLanguage":"ro-RO"}]}},"_links":{"self":[{"href":"https:\/\/jackpotlotteryonline.com\/ro\/wp-json\/wp\/v2\/pages\/36587","targetHints":{"allow":["GET"]}}],"collection":[{"href":"https:\/\/jackpotlotteryonline.com\/ro\/wp-json\/wp\/v2\/pages"}],"about":[{"href":"https:\/\/jackpotlotteryonline.com\/ro\/wp-json\/wp\/v2\/types\/page"}],"author":[{"embeddable":true,"href":"https:\/\/jackpotlotteryonline.com\/ro\/wp-json\/wp\/v2\/users\/1"}],"replies":[{"embeddable":true,"href":"https:\/\/jackpotlotteryonline.com\/ro\/wp-json\/wp\/v2\/comments?post=36587"}],"version-history":[{"count":0,"href":"https:\/\/jackpotlotteryonline.com\/ro\/wp-json\/wp\/v2\/pages\/36587\/revisions"}],"up":[{"embeddable":true,"href":"https:\/\/jackpotlotteryonline.com\/ro\/wp-json\/wp\/v2\/pages\/35774"}],"wp:attachment":[{"href":"https:\/\/jackpotlotteryonline.com\/ro\/wp-json\/wp\/v2\/media?parent=36587"}],"curies":[{"name":"wp","href":"https:\/\/api.w.org\/{rel}","templated":true}]}}